{"id":6641,"date":"2025-03-12T10:59:43","date_gmt":"2025-03-12T10:59:43","guid":{"rendered":"https:\/\/topmedicus.eu\/?page_id=6641"},"modified":"2025-03-12T11:02:04","modified_gmt":"2025-03-12T11:02:04","slug":"korisni-sadrzaj","status":"publish","type":"page","link":"https:\/\/topmedicus.eu\/hr\/korisni-sadrzaj\/","title":{"rendered":"Korisni sadr\u017eaj"},"content":{"rendered":"\t\t<div data-elementor-type=\"wp-page\" data-elementor-id=\"6641\" class=\"elementor elementor-6641 elementor-105\" data-elementor-post-type=\"page\">\n\t\t\t\t<div class=\"elementor-element elementor-element-ab00bab e-flex e-con-boxed e-con e-parent\" data-id=\"ab00bab\" data-element_type=\"container\" data-e-type=\"container\">\n\t\t\t\t\t<div class=\"e-con-inner\">\n\t\t\t\t<div class=\"elementor-element elementor-element-2ba587f elementor-widget elementor-widget-heading\" data-id=\"2ba587f\" data-element_type=\"widget\" data-e-type=\"widget\" data-widget_type=\"heading.default\">\n\t\t\t\t<div class=\"elementor-widget-container\">\n\t\t\t\t\t<h1 class=\"elementor-heading-title elementor-size-default\">Korisni sadr\u017eaj<\/h1>\t\t\t\t<\/div>\n\t\t\t\t<\/div>\n\t\t\t\t\t<\/div>\n\t\t\t\t<\/div>\n\t\t<div class=\"elementor-element elementor-element-200345a elementor-hidden-desktop elementor-hidden-tablet elementor-hidden-mobile e-flex e-con-boxed e-con e-parent\" data-id=\"200345a\" data-element_type=\"container\" data-e-type=\"container\">\n\t\t\t\t\t<div class=\"e-con-inner\">\n\t\t<div class=\"elementor-element elementor-element-d20d3ce e-con-full e-flex e-con e-child\" data-id=\"d20d3ce\" data-element_type=\"container\" data-e-type=\"container\">\n\t\t\t\t<\/div>\n\t\t<div class=\"elementor-element elementor-element-8dace4f e-con-full e-flex e-con e-child\" data-id=\"8dace4f\" data-element_type=\"container\" data-e-type=\"container\">\n\t\t\t\t<div class=\"elementor-element elementor-element-0fab697 elementor-align-center elementor-widget elementor-widget-button\" data-id=\"0fab697\" data-element_type=\"widget\" data-e-type=\"widget\" data-widget_type=\"button.default\">\n\t\t\t\t<div class=\"elementor-widget-container\">\n\t\t\t\t\t\t\t\t\t<div class=\"elementor-button-wrapper\">\n\t\t\t\t\t<a class=\"elementor-button elementor-button-link elementor-size-sm elementor-animation-grow\" href=\"\/navodila-za-uporabo\">\n\t\t\t\t\t\t<span class=\"elementor-button-content-wrapper\">\n\t\t\t\t\t\t\t\t\t<span class=\"elementor-button-text\">Navodila za uporabo<\/span>\n\t\t\t\t\t<\/span>\n\t\t\t\t\t<\/a>\n\t\t\t\t<\/div>\n\t\t\t\t\t\t\t\t<\/div>\n\t\t\t\t<\/div>\n\t\t\t\t<\/div>\n\t\t\t\t\t<\/div>\n\t\t\t\t<\/div>\n\t\t<div class=\"elementor-element elementor-element-93c7f8d e-flex e-con-boxed e-con e-parent\" data-id=\"93c7f8d\" data-element_type=\"container\" data-e-type=\"container\">\n\t\t\t\t\t<div class=\"e-con-inner\">\n\t\t\t\t<div class=\"elementor-element elementor-element-f20ffc6 elementor-grid-3 elementor-grid-tablet-2 elementor-grid-mobile-1 elementor-posts--thumbnail-top elementor-posts--show-avatar elementor-card-shadow-yes elementor-posts__hover-gradient elementor-widget elementor-widget-posts\" data-id=\"f20ffc6\" data-element_type=\"widget\" data-e-type=\"widget\" data-settings=\"{&quot;cards_columns&quot;:&quot;3&quot;,&quot;cards_columns_tablet&quot;:&quot;2&quot;,&quot;cards_columns_mobile&quot;:&quot;1&quot;,&quot;cards_row_gap&quot;:{&quot;unit&quot;:&quot;px&quot;,&quot;size&quot;:35,&quot;sizes&quot;:[]},&quot;cards_row_gap_tablet&quot;:{&quot;unit&quot;:&quot;px&quot;,&quot;size&quot;:&quot;&quot;,&quot;sizes&quot;:[]},&quot;cards_row_gap_mobile&quot;:{&quot;unit&quot;:&quot;px&quot;,&quot;size&quot;:&quot;&quot;,&quot;sizes&quot;:[]}}\" data-widget_type=\"posts.cards\">\n\t\t\t\t<div class=\"elementor-widget-container\">\n\t\t\t\t\t\t\t<div class=\"elementor-posts-container elementor-posts elementor-posts--skin-cards elementor-grid\" role=\"list\">\n\t\t\t\t<article class=\"elementor-post elementor-grid-item post-12603 post type-post status-publish format-standard hentry category-uncategorized-hr\" role=\"listitem\">\n\t\t\t<div class=\"elementor-post__card\">\n\t\t\t\t<div class=\"elementor-post__text\">\n\t\t\t\t<h3 class=\"elementor-post__title\">\n\t\t\t<a href=\"https:\/\/topmedicus.eu\/hr\/sto-je-atopijski-dermatitis\/\" >\n\t\t\t\t\u0160to je atopijski dermatitis?\t\t\t<\/a>\n\t\t<\/h3>\n\t\t\t\t<div class=\"elementor-post__excerpt\">\n\t\t\t<p>Atopijski dermatitis je kroni\u010dno stanje ko\u017ee koje uzrokuje suho\u0107u, svrbe\u017e i upalu. Obi\u010dno po\u010dinje u ranom djetinjstvu, ali mo\u017ee se nastaviti i u odrasloj dobi. Osobe s atopijskim dermatitisom \u010desto imaju obiteljsku povijest atopijskih bolesti poput astme ili alergijskog rinitisa. Uzroci i \u010dimbenici rizika To\u010dan uzrok atopijskog dermatitisa nije poznat,<\/p>\n\t\t<\/div>\n\t\t\n\t\t<a class=\"elementor-post__read-more\" href=\"https:\/\/topmedicus.eu\/hr\/sto-je-atopijski-dermatitis\/\" aria-label=\"Read more about \u0160to je atopijski dermatitis?\" tabindex=\"-1\" >\n\t\t\tPreberi \u010dlanek \u00bb\t\t<\/a>\n\n\t\t\t\t<\/div>\n\t\t\t\t<div class=\"elementor-post__meta-data\">\n\t\t\t\t\t<span class=\"elementor-post-date\">\n\t\t\t26 svibnja, 2025\t\t<\/span>\n\t\t\t\t<span class=\"elementor-post-avatar\">\n\t\t\tNema komentara\t\t<\/span>\n\t\t\t\t<\/div>\n\t\t\t\t\t<\/div>\n\t\t<\/article>\n\t\t\t\t<article class=\"elementor-post elementor-grid-item post-12589 post type-post status-publish format-standard hentry category-uncategorized-hr\" role=\"listitem\">\n\t\t\t<div class=\"elementor-post__card\">\n\t\t\t\t<div class=\"elementor-post__text\">\n\t\t\t\t<h3 class=\"elementor-post__title\">\n\t\t\t<a href=\"https:\/\/topmedicus.eu\/hr\/toksini-u-masnim-stanicama-skriveni-uzrok-debljanja-i-oticanja\/\" >\n\t\t\t\tToksini u masnim stanicama \u2013 skriveni uzrok debljanja i oticanja\t\t\t<\/a>\n\t\t<\/h3>\n\t\t\t\t<div class=\"elementor-post__excerpt\">\n\t\t\t<p>U suvremenom na\u010dinu \u017eivota, svakodnevno smo izlo\u017eeni raznim \u0161tetnim tvarima \u2013 pesticidima, te\u0161kim metalima, aditivima i industrijskim kemikalijama. Iako tijelo ima sofisticirane mehanizme za njihovu eliminaciju, kada je izlo\u017eenost visoka ili kad su detox putevi preoptere\u0107eni, ovi toksini mogu ostati zarobljeni \u2013 upravo u masnim stanicama. To dovodi do pove\u0107anja<\/p>\n\t\t<\/div>\n\t\t\n\t\t<a class=\"elementor-post__read-more\" href=\"https:\/\/topmedicus.eu\/hr\/toksini-u-masnim-stanicama-skriveni-uzrok-debljanja-i-oticanja\/\" aria-label=\"Read more about Toksini u masnim stanicama \u2013 skriveni uzrok debljanja i oticanja\" tabindex=\"-1\" >\n\t\t\tPreberi \u010dlanek \u00bb\t\t<\/a>\n\n\t\t\t\t<\/div>\n\t\t\t\t<div class=\"elementor-post__meta-data\">\n\t\t\t\t\t<span class=\"elementor-post-date\">\n\t\t\t26 svibnja, 2025\t\t<\/span>\n\t\t\t\t<span class=\"elementor-post-avatar\">\n\t\t\tNema komentara\t\t<\/span>\n\t\t\t\t<\/div>\n\t\t\t\t\t<\/div>\n\t\t<\/article>\n\t\t\t\t<article class=\"elementor-post elementor-grid-item post-12575 post type-post status-publish format-standard hentry category-uncategorized-hr\" role=\"listitem\">\n\t\t\t<div class=\"elementor-post__card\">\n\t\t\t\t<div class=\"elementor-post__text\">\n\t\t\t\t<h3 class=\"elementor-post__title\">\n\t\t\t<a href=\"https:\/\/topmedicus.eu\/hr\/11-savjeta-za-usporavanje-starenja-uzrokovanog-konzumacijom-secera\/\" >\n\t\t\t\t11 savjeta za usporavanje starenja uzrokovanog konzumacijom \u0161e\u0107era\t\t\t<\/a>\n\t\t<\/h3>\n\t\t\t\t<div class=\"elementor-post__excerpt\">\n\t\t\t<p>1. Smanjite unos rafiniranog \u0161e\u0107era Izbjegavajte proizvode s dodanim \u0161e\u0107erom poput gaziranih pi\u0107a, slatki\u0161a i industrijskih pekarskih proizvoda. Umjesto toga, birajte prirodne izvore \u0161e\u0107era poput svje\u017eeg vo\u0107a. 2. Birajte slo\u017eene ugljikohidrate Namirnice poput integralnih \u017eitarica, mahunarki i povr\u0107a pru\u017eaju stabilan izvor energije i smanjuju potrebu za slatkim. 3. Pove\u0107ajte unos<\/p>\n\t\t<\/div>\n\t\t\n\t\t<a class=\"elementor-post__read-more\" href=\"https:\/\/topmedicus.eu\/hr\/11-savjeta-za-usporavanje-starenja-uzrokovanog-konzumacijom-secera\/\" aria-label=\"Read more about 11 savjeta za usporavanje starenja uzrokovanog konzumacijom \u0161e\u0107era\" tabindex=\"-1\" >\n\t\t\tPreberi \u010dlanek \u00bb\t\t<\/a>\n\n\t\t\t\t<\/div>\n\t\t\t\t<div class=\"elementor-post__meta-data\">\n\t\t\t\t\t<span class=\"elementor-post-date\">\n\t\t\t26 svibnja, 2025\t\t<\/span>\n\t\t\t\t<span class=\"elementor-post-avatar\">\n\t\t\tNema komentara\t\t<\/span>\n\t\t\t\t<\/div>\n\t\t\t\t\t<\/div>\n\t\t<\/article>\n\t\t\t\t<article class=\"elementor-post elementor-grid-item post-12565 post type-post status-publish format-standard hentry category-uncategorized-hr\" role=\"listitem\">\n\t\t\t<div class=\"elementor-post__card\">\n\t\t\t\t<div class=\"elementor-post__text\">\n\t\t\t\t<h3 class=\"elementor-post__title\">\n\t\t\t<a href=\"https:\/\/topmedicus.eu\/hr\/kako-aminokiseline-pomazu-u-sprjecavanju-gubitka-kose\/\" >\n\t\t\t\tKako aminokiseline poma\u017eu u sprje\u010davanju gubitka kose?\t\t\t<\/a>\n\t\t<\/h3>\n\t\t\t\t<div class=\"elementor-post__excerpt\">\n\t\t\t<p>Aminokiseline su gradivni blokovi proteina, uklju\u010duju\u0107i keratin, koji \u010dini strukturu kose. Nedostatak odre\u0111enih aminokiselina mo\u017ee oslabiti kosu i dovesti do njenog ispadanja. Klju\u010dne aminokiseline za zdravlje kose: Cistein: Sumporna aminokiselina koja ja\u010da kosu i \u0161titi je od o\u0161te\u0107enja. Metionin: Esencijalna aminokiselina koja poti\u010de rast kose i \u0161titi je od oksidativnog<\/p>\n\t\t<\/div>\n\t\t\n\t\t<a class=\"elementor-post__read-more\" href=\"https:\/\/topmedicus.eu\/hr\/kako-aminokiseline-pomazu-u-sprjecavanju-gubitka-kose\/\" aria-label=\"Read more about Kako aminokiseline poma\u017eu u sprje\u010davanju gubitka kose?\" tabindex=\"-1\" >\n\t\t\tPreberi \u010dlanek \u00bb\t\t<\/a>\n\n\t\t\t\t<\/div>\n\t\t\t\t<div class=\"elementor-post__meta-data\">\n\t\t\t\t\t<span class=\"elementor-post-date\">\n\t\t\t26 svibnja, 2025\t\t<\/span>\n\t\t\t\t<span class=\"elementor-post-avatar\">\n\t\t\tNema komentara\t\t<\/span>\n\t\t\t\t<\/div>\n\t\t\t\t\t<\/div>\n\t\t<\/article>\n\t\t\t\t<article class=\"elementor-post elementor-grid-item post-12555 post type-post status-publish format-standard hentry category-uncategorized-hr\" role=\"listitem\">\n\t\t\t<div class=\"elementor-post__card\">\n\t\t\t\t<div class=\"elementor-post__text\">\n\t\t\t\t<h3 class=\"elementor-post__title\">\n\t\t\t<a href=\"https:\/\/topmedicus.eu\/hr\/kako-pravilno-njegovati-kozu-nakon-depilacije-voskom\/\" >\n\t\t\t\tKako pravilno njegovati ko\u017eu nakon depilacije voskom?\t\t\t<\/a>\n\t\t<\/h3>\n\t\t\t\t<div class=\"elementor-post__excerpt\">\n\t\t\t<p>1. Umirite ko\u017eu odgovaraju\u0107im losionom Nakon depilacije, ko\u017ea mo\u017ee biti osjetljiva i crvena. Preporu\u010duje se kori\u0161tenje hidratantnog losiona koji sadr\u017ei umiruju\u0107e sastojke poput aloe vere ili kamilice. Na primjer, losion s 10% glicerina i 2% polidokanola mo\u017ee u\u010dinkovito hidratizirati i smanjiti osje\u0107aj peckanja. Va\u017eno je da proizvod ne sadr\u017ei alkohol,<\/p>\n\t\t<\/div>\n\t\t\n\t\t<a class=\"elementor-post__read-more\" href=\"https:\/\/topmedicus.eu\/hr\/kako-pravilno-njegovati-kozu-nakon-depilacije-voskom\/\" aria-label=\"Read more about Kako pravilno njegovati ko\u017eu nakon depilacije voskom?\" tabindex=\"-1\" >\n\t\t\tPreberi \u010dlanek \u00bb\t\t<\/a>\n\n\t\t\t\t<\/div>\n\t\t\t\t<div class=\"elementor-post__meta-data\">\n\t\t\t\t\t<span class=\"elementor-post-date\">\n\t\t\t26 svibnja, 2025\t\t<\/span>\n\t\t\t\t<span class=\"elementor-post-avatar\">\n\t\t\tNema komentara\t\t<\/span>\n\t\t\t\t<\/div>\n\t\t\t\t\t<\/div>\n\t\t<\/article>\n\t\t\t\t<article class=\"elementor-post elementor-grid-item post-12545 post type-post status-publish format-standard hentry category-uncategorized-hr\" role=\"listitem\">\n\t\t\t<div class=\"elementor-post__card\">\n\t\t\t\t<div class=\"elementor-post__text\">\n\t\t\t\t<h3 class=\"elementor-post__title\">\n\t\t\t<a href=\"https:\/\/topmedicus.eu\/hr\/recepti-za-ukusne-obroke-protiv-celulita\/\" >\n\t\t\t\tRecepti za ukusne obroke protiv celulita\t\t\t<\/a>\n\t\t<\/h3>\n\t\t\t\t<div class=\"elementor-post__excerpt\">\n\t\t\t<p>Borba protiv celulita ne uklju\u010duje samo vanjsku njegu ko\u017ee, ve\u0107 i pravilnu prehranu. Odabir namirnica bogatih antioksidansima, vlaknima i zdravim mastima mo\u017ee pomo\u0107i u smanjenju pojave &#8220;naran\u010dine kore&#8221;. Savr\u0161en po\u010detak dana: M\u00fcsli s naran\u010dom i grejpom Sastojci za 2 osobe: 2 naran\u010de 1 grejp 6 \u017elica \u017eitarica 3 \u017elice p\u0161eni\u010dnih<\/p>\n\t\t<\/div>\n\t\t\n\t\t<a class=\"elementor-post__read-more\" href=\"https:\/\/topmedicus.eu\/hr\/recepti-za-ukusne-obroke-protiv-celulita\/\" aria-label=\"Read more about Recepti za ukusne obroke protiv celulita\" tabindex=\"-1\" >\n\t\t\tPreberi \u010dlanek \u00bb\t\t<\/a>\n\n\t\t\t\t<\/div>\n\t\t\t\t<div class=\"elementor-post__meta-data\">\n\t\t\t\t\t<span class=\"elementor-post-date\">\n\t\t\t26 svibnja, 2025\t\t<\/span>\n\t\t\t\t<span class=\"elementor-post-avatar\">\n\t\t\tNema komentara\t\t<\/span>\n\t\t\t\t<\/div>\n\t\t\t\t\t<\/div>\n\t\t<\/article>\n\t\t\t\t<\/div>\n\t\t\n\t\t\t\t\t\t<\/div>\n\t\t\t\t<\/div>\n\t\t\t\t\t<\/div>\n\t\t\t\t<\/div>\n\t\t\t\t<\/div>\n\t\t","protected":false},"excerpt":{"rendered":"<p>Korisni sadr\u017eaj Navodila za uporabo<\/p>\n","protected":false},"author":1,"featured_media":0,"parent":0,"menu_order":0,"comment_status":"closed","ping_status":"closed","template":"","meta":{"_acf_changed":false,"footnotes":""},"class_list":["post-6641","page","type-page","status-publish","hentry"],"acf":[],"yoast_head":"<!-- This site is optimized with the Yoast SEO plugin v27.3 - https:\/\/yoast.com\/product\/yoast-seo-wordpress\/ -->\n<title>Korisni sadr\u017eaj - Topmedicus HR<\/title>\n<meta name=\"robots\" content=\"index, follow, max-snippet:-1, max-image-preview:large, max-video-preview:-1\" \/>\n<link rel=\"canonical\" href=\"https:\/\/topmedicus.eu\/hr\/korisni-sadrzaj\/\" \/>\n<meta property=\"og:locale\" content=\"hr_HR\" \/>\n<meta property=\"og:type\" content=\"article\" \/>\n<meta property=\"og:title\" content=\"Korisni sadr\u017eaj - Topmedicus HR\" \/>\n<meta property=\"og:description\" content=\"Korisni sadr\u017eaj Navodila za uporabo\" \/>\n<meta property=\"og:url\" content=\"https:\/\/topmedicus.eu\/hr\/korisni-sadrzaj\/\" \/>\n<meta property=\"og:site_name\" content=\"Topmedicus HR\" \/>\n<meta property=\"article:modified_time\" content=\"2025-03-12T11:02:04+00:00\" \/>\n<meta name=\"twitter:card\" content=\"summary_large_image\" \/>\n<meta name=\"twitter:label1\" content=\"Procijenjeno vrijeme \u010ditanja\" \/>\n\t<meta name=\"twitter:data1\" content=\"1 minuta\" \/>\n<script type=\"application\/ld+json\" class=\"yoast-schema-graph\">{\"@context\":\"https:\\\/\\\/schema.org\",\"@graph\":[{\"@type\":\"WebPage\",\"@id\":\"https:\\\/\\\/topmedicus.eu\\\/hr\\\/korisni-sadrzaj\\\/\",\"url\":\"https:\\\/\\\/topmedicus.eu\\\/hr\\\/korisni-sadrzaj\\\/\",\"name\":\"Korisni sadr\u017eaj - Topmedicus HR\",\"isPartOf\":{\"@id\":\"https:\\\/\\\/topmedicus.eu\\\/en\\\/#website\"},\"datePublished\":\"2025-03-12T10:59:43+00:00\",\"dateModified\":\"2025-03-12T11:02:04+00:00\",\"breadcrumb\":{\"@id\":\"https:\\\/\\\/topmedicus.eu\\\/hr\\\/korisni-sadrzaj\\\/#breadcrumb\"},\"inLanguage\":\"hr\",\"potentialAction\":[{\"@type\":\"ReadAction\",\"target\":[\"https:\\\/\\\/topmedicus.eu\\\/hr\\\/korisni-sadrzaj\\\/\"]}]},{\"@type\":\"BreadcrumbList\",\"@id\":\"https:\\\/\\\/topmedicus.eu\\\/hr\\\/korisni-sadrzaj\\\/#breadcrumb\",\"itemListElement\":[{\"@type\":\"ListItem\",\"position\":1,\"name\":\"Home\",\"item\":\"https:\\\/\\\/topmedicus.eu\\\/hr\\\/domaca-stranica\\\/\"},{\"@type\":\"ListItem\",\"position\":2,\"name\":\"Korisni sadr\u017eaj\"}]},{\"@type\":\"WebSite\",\"@id\":\"https:\\\/\\\/topmedicus.eu\\\/en\\\/#website\",\"url\":\"https:\\\/\\\/topmedicus.eu\\\/en\\\/\",\"name\":\"Topmedicus HR\",\"description\":\"Prehranska dopolnila in dermatolo\u0161ka kozmetika\",\"potentialAction\":[{\"@type\":\"SearchAction\",\"target\":{\"@type\":\"EntryPoint\",\"urlTemplate\":\"https:\\\/\\\/topmedicus.eu\\\/en\\\/?s={search_term_string}\"},\"query-input\":{\"@type\":\"PropertyValueSpecification\",\"valueRequired\":true,\"valueName\":\"search_term_string\"}}],\"inLanguage\":\"hr\"}]}<\/script>\n<!-- \/ Yoast SEO plugin. -->","yoast_head_json":{"title":"Korisni sadr\u017eaj - Topmedicus HR","robots":{"index":"index","follow":"follow","max-snippet":"max-snippet:-1","max-image-preview":"max-image-preview:large","max-video-preview":"max-video-preview:-1"},"canonical":"https:\/\/topmedicus.eu\/hr\/korisni-sadrzaj\/","og_locale":"hr_HR","og_type":"article","og_title":"Korisni sadr\u017eaj - Topmedicus HR","og_description":"Korisni sadr\u017eaj Navodila za uporabo","og_url":"https:\/\/topmedicus.eu\/hr\/korisni-sadrzaj\/","og_site_name":"Topmedicus HR","article_modified_time":"2025-03-12T11:02:04+00:00","twitter_card":"summary_large_image","twitter_misc":{"Procijenjeno vrijeme \u010ditanja":"1 minuta"},"schema":{"@context":"https:\/\/schema.org","@graph":[{"@type":"WebPage","@id":"https:\/\/topmedicus.eu\/hr\/korisni-sadrzaj\/","url":"https:\/\/topmedicus.eu\/hr\/korisni-sadrzaj\/","name":"Korisni sadr\u017eaj - Topmedicus HR","isPartOf":{"@id":"https:\/\/topmedicus.eu\/en\/#website"},"datePublished":"2025-03-12T10:59:43+00:00","dateModified":"2025-03-12T11:02:04+00:00","breadcrumb":{"@id":"https:\/\/topmedicus.eu\/hr\/korisni-sadrzaj\/#breadcrumb"},"inLanguage":"hr","potentialAction":[{"@type":"ReadAction","target":["https:\/\/topmedicus.eu\/hr\/korisni-sadrzaj\/"]}]},{"@type":"BreadcrumbList","@id":"https:\/\/topmedicus.eu\/hr\/korisni-sadrzaj\/#breadcrumb","itemListElement":[{"@type":"ListItem","position":1,"name":"Home","item":"https:\/\/topmedicus.eu\/hr\/domaca-stranica\/"},{"@type":"ListItem","position":2,"name":"Korisni sadr\u017eaj"}]},{"@type":"WebSite","@id":"https:\/\/topmedicus.eu\/en\/#website","url":"https:\/\/topmedicus.eu\/en\/","name":"Topmedicus HR","description":"Prehranska dopolnila in dermatolo\u0161ka kozmetika","potentialAction":[{"@type":"SearchAction","target":{"@type":"EntryPoint","urlTemplate":"https:\/\/topmedicus.eu\/en\/?s={search_term_string}"},"query-input":{"@type":"PropertyValueSpecification","valueRequired":true,"valueName":"search_term_string"}}],"inLanguage":"hr"}]}},"jetpack_sharing_enabled":true,"_links":{"self":[{"href":"https:\/\/topmedicus.eu\/hr\/wp-json\/wp\/v2\/pages\/6641","targetHints":{"allow":["GET"]}}],"collection":[{"href":"https:\/\/topmedicus.eu\/hr\/wp-json\/wp\/v2\/pages"}],"about":[{"href":"https:\/\/topmedicus.eu\/hr\/wp-json\/wp\/v2\/types\/page"}],"author":[{"embeddable":true,"href":"https:\/\/topmedicus.eu\/hr\/wp-json\/wp\/v2\/users\/1"}],"replies":[{"embeddable":true,"href":"https:\/\/topmedicus.eu\/hr\/wp-json\/wp\/v2\/comments?post=6641"}],"version-history":[{"count":4,"href":"https:\/\/topmedicus.eu\/hr\/wp-json\/wp\/v2\/pages\/6641\/revisions"}],"predecessor-version":[{"id":6646,"href":"https:\/\/topmedicus.eu\/hr\/wp-json\/wp\/v2\/pages\/6641\/revisions\/6646"}],"wp:attachment":[{"href":"https:\/\/topmedicus.eu\/hr\/wp-json\/wp\/v2\/media?parent=6641"}],"curies":[{"name":"wp","href":"https:\/\/api.w.org\/{rel}","templated":true}]}}