{"id":12709,"date":"2025-02-12T21:59:28","date_gmt":"2025-02-12T21:59:28","guid":{"rendered":"https:\/\/topmedicus.eu\/izdelek\/prirodno-samotamnjenje-bez-izlaganja-suncu-terracotta-samotamnjenje-30-kapsula-dodatak-prehrani\/"},"modified":"2025-06-20T05:52:43","modified_gmt":"2025-06-20T05:52:43","slug":"prirodno-samotamnjenje-bez-izlaganja-suncu-terracotta-samotamnjenje-30-kapsula-dodatak-prehrani","status":"publish","type":"product","link":"https:\/\/topmedicus.eu\/hr\/izdelek\/prirodno-samotamnjenje-bez-izlaganja-suncu-terracotta-samotamnjenje-30-kapsula-dodatak-prehrani\/","title":{"rendered":"Prirodno samotamnjenje bez izlaganja suncu TERRACOTTA SAMOTAMNJENJE, 30 kapsula &#8211; dodatak prehrani"},"content":{"rendered":"<p id=\"tw-target-text\" class=\"tw-data-text tw-text-large tw-ta\" dir=\"ltr\" data-placeholder=\"Prevod\" data-ved=\"2ahUKEwjy8r_qpf-NAxUy9LsIHXk2EFYQ3ewLegQICRAV\" aria-label=\"Prevedeno besedilo: Terracotta Self-tanner pru\u017ea blistav, suncem okupan ten tijekom cijele godine, bez izlaganja suncu. Ova jedinstvena formula kombinira pet prirodnih pigmenata, uklju\u010duju\u0107i anato, lutein, likopen, astaksantin i zeaksantin, za ujedna\u010den rezultat bez mrlja po cijelom tijelu. Tako\u0111er sadr\u017ei vitamin D, \u010desto nazivan &quot;vitaminom sunca&quot;, koji nadokna\u0111uje nedostatak izlaganja suncu i doprinosi blistavoj ko\u017ei. Ova sinergija prirodnih aktivnih sastojaka poma\u017ee u odr\u017eavanju preplanulog i blistavog tena, a istovremeno pru\u017ea blagodati vitamina D. Terracotta Self-tanner isti\u010de se svojom formulom bez beta-karotena, idealnom za one koji tra\u017ee prirodnu i u\u010dinkovitu alternativu za pobolj\u0161anje tena. Je li va\u0161a ko\u017ea blijeda, va\u0161em tenu nedostaje sjaja i izgleda umorno? Kada se vi\u0161e ne izla\u017eemo suncu, na\u0161a ko\u017ea po\u010dinje blijedjeti.\n\nNeto te\u017eina: 24,7 g\n\nProizvo\u0111a\u010d: Biocyte, Francuska\"><span class=\"Y2IQFc\" lang=\"hr\">Terracotta Autobronzant pru\u017ea blistav, suncem okupan ten tijekom cijele godine, bez izlaganja suncu. Ova jedinstvena formula kombinira pet prirodnih pigmenata, uklju\u010duju\u0107i anato, lutein, likopen, astaksantin i zeaksantin, za ujedna\u010den rezultat bez mrlja po cijelom tijelu. Tako\u0111er sadr\u017ei vitamin D, \u010desto nazivan &#8220;vitaminom sunca&#8221;, koji nadokna\u0111uje nedostatak izlaganja suncu i doprinosi blistavoj ko\u017ei. Ova sinergija prirodnih aktivnih sastojaka poma\u017ee u odr\u017eavanju preplanulog i blistavog tena, a istovremeno pru\u017ea blagodati vitamina D. Terracotta Self-tanner isti\u010de se svojom formulom bez beta-karotena, idealnom za one koji tra\u017ee prirodnu i u\u010dinkovitu alternativu za pobolj\u0161anje tena. <\/span><\/p>\n<p class=\"tw-data-text tw-text-large tw-ta\" dir=\"ltr\" data-placeholder=\"Prevod\" data-ved=\"2ahUKEwjy8r_qpf-NAxUy9LsIHXk2EFYQ3ewLegQICRAV\" aria-label=\"Prevedeno besedilo: Terracotta Self-tanner pru\u017ea blistav, suncem okupan ten tijekom cijele godine, bez izlaganja suncu. Ova jedinstvena formula kombinira pet prirodnih pigmenata, uklju\u010duju\u0107i anato, lutein, likopen, astaksantin i zeaksantin, za ujedna\u010den rezultat bez mrlja po cijelom tijelu. Tako\u0111er sadr\u017ei vitamin D, \u010desto nazivan &quot;vitaminom sunca&quot;, koji nadokna\u0111uje nedostatak izlaganja suncu i doprinosi blistavoj ko\u017ei. Ova sinergija prirodnih aktivnih sastojaka poma\u017ee u odr\u017eavanju preplanulog i blistavog tena, a istovremeno pru\u017ea blagodati vitamina D. Terracotta Self-tanner isti\u010de se svojom formulom bez beta-karotena, idealnom za one koji tra\u017ee prirodnu i u\u010dinkovitu alternativu za pobolj\u0161anje tena. Je li va\u0161a ko\u017ea blijeda, va\u0161em tenu nedostaje sjaja i izgleda umorno? Kada se vi\u0161e ne izla\u017eemo suncu, na\u0161a ko\u017ea po\u010dinje blijedjeti.\n\nNeto te\u017eina: 24,7 g\n\nProizvo\u0111a\u010d: Biocyte, Francuska\"><em><span class=\"Y2IQFc\" lang=\"hr\">Neto te\u017eina: 24,7 g<br \/>\n<\/span><\/em><\/p>\n<p class=\"tw-data-text tw-text-large tw-ta\" dir=\"ltr\" data-placeholder=\"Prevod\" data-ved=\"2ahUKEwjy8r_qpf-NAxUy9LsIHXk2EFYQ3ewLegQICRAV\" aria-label=\"Prevedeno besedilo: Terracotta Self-tanner pru\u017ea blistav, suncem okupan ten tijekom cijele godine, bez izlaganja suncu. Ova jedinstvena formula kombinira pet prirodnih pigmenata, uklju\u010duju\u0107i anato, lutein, likopen, astaksantin i zeaksantin, za ujedna\u010den rezultat bez mrlja po cijelom tijelu. Tako\u0111er sadr\u017ei vitamin D, \u010desto nazivan &quot;vitaminom sunca&quot;, koji nadokna\u0111uje nedostatak izlaganja suncu i doprinosi blistavoj ko\u017ei. Ova sinergija prirodnih aktivnih sastojaka poma\u017ee u odr\u017eavanju preplanulog i blistavog tena, a istovremeno pru\u017ea blagodati vitamina D. Terracotta Self-tanner isti\u010de se svojom formulom bez beta-karotena, idealnom za one koji tra\u017ee prirodnu i u\u010dinkovitu alternativu za pobolj\u0161anje tena. Je li va\u0161a ko\u017ea blijeda, va\u0161em tenu nedostaje sjaja i izgleda umorno? Kada se vi\u0161e ne izla\u017eemo suncu, na\u0161a ko\u017ea po\u010dinje blijedjeti.\n\nNeto te\u017eina: 24,7 g\n\nProizvo\u0111a\u010d: Biocyte, Francuska\"><em><span class=\"Y2IQFc\" lang=\"hr\">Proizvodi: Biocyte, Francuska<\/span><\/em><\/p>\n","protected":false},"excerpt":{"rendered":"<p id=\"tw-target-text\" class=\"tw-data-text tw-text-large tw-ta\" dir=\"ltr\" data-placeholder=\"Prevod\" data-ved=\"2ahUKEwjy8r_qpf-NAxUy9LsIHXk2EFYQ3ewLegQICRAV\" aria-label=\"Prevedeno besedilo: Pobolj\u0161ava tamnjenje ko\u017ee bez izlaganja suncu - zahvaljuju\u0107i koncentriranoj formuli prirodnih pigmenata, oboga\u0107enoj vitaminom D.\n\nPreplanula ko\u017ea bez izlaganja suncu\nUjedna\u010den ten bez mrlja po cijelom tijelu\nKoncentrirana formula s 5 prirodnih pigmenata i oboga\u0107ena vitaminom D\nFormula bez beta-karotena.\"><span class=\"Y2IQFc\" lang=\"hr\">Pobolj\u0161ava tamnjenje ko\u017ee <strong>bez izlaganja suncu<\/strong> &#8211; zahvaljuju\u0107i koncentriranoj formuli <strong>prirodnih pigmenata<\/strong>, oboga\u0107enoj <strong>vitaminom D<\/strong>.<br \/>\n<\/span><\/p>\n<ul>\n<li class=\"tw-data-text tw-text-large tw-ta\" dir=\"ltr\" data-placeholder=\"Prevod\" data-ved=\"2ahUKEwjy8r_qpf-NAxUy9LsIHXk2EFYQ3ewLegQICRAV\" aria-label=\"Prevedeno besedilo: Pobolj\u0161ava tamnjenje ko\u017ee bez izlaganja suncu - zahvaljuju\u0107i koncentriranoj formuli prirodnih pigmenata, oboga\u0107enoj vitaminom D.\n\nPreplanula ko\u017ea bez izlaganja suncu\nUjedna\u010den ten bez mrlja po cijelom tijelu\nKoncentrirana formula s 5 prirodnih pigmenata i oboga\u0107ena vitaminom D\nFormula bez beta-karotena.\"><span class=\"Y2IQFc\" lang=\"hr\"><strong>Preplanula ko\u017ea bez izlaganja suncu<\/strong><br \/>\n<\/span><\/li>\n<li class=\"tw-data-text tw-text-large tw-ta\" dir=\"ltr\" data-placeholder=\"Prevod\" data-ved=\"2ahUKEwjy8r_qpf-NAxUy9LsIHXk2EFYQ3ewLegQICRAV\" aria-label=\"Prevedeno besedilo: Pobolj\u0161ava tamnjenje ko\u017ee bez izlaganja suncu - zahvaljuju\u0107i koncentriranoj formuli prirodnih pigmenata, oboga\u0107enoj vitaminom D.\n\nPreplanula ko\u017ea bez izlaganja suncu\nUjedna\u010den ten bez mrlja po cijelom tijelu\nKoncentrirana formula s 5 prirodnih pigmenata i oboga\u0107ena vitaminom D\nFormula bez beta-karotena.\"><span class=\"Y2IQFc\" lang=\"hr\"><strong>Ujedna\u010den ten bez mrlja<\/strong> po cijelom tijelu<br \/>\n<\/span><\/li>\n<li class=\"tw-data-text tw-text-large tw-ta\" dir=\"ltr\" data-placeholder=\"Prevod\" data-ved=\"2ahUKEwjy8r_qpf-NAxUy9LsIHXk2EFYQ3ewLegQICRAV\" aria-label=\"Prevedeno besedilo: Pobolj\u0161ava tamnjenje ko\u017ee bez izlaganja suncu - zahvaljuju\u0107i koncentriranoj formuli prirodnih pigmenata, oboga\u0107enoj vitaminom D.\n\nPreplanula ko\u017ea bez izlaganja suncu\nUjedna\u010den ten bez mrlja po cijelom tijelu\nKoncentrirana formula s 5 prirodnih pigmenata i oboga\u0107ena vitaminom D\nFormula bez beta-karotena.\"><span class=\"Y2IQFc\" lang=\"hr\"><strong>Koncentrirana formula<\/strong> s 5 prirodnih pigmenata i oboga\u0107ena vitaminom D<br \/>\n<\/span><\/li>\n<li class=\"tw-data-text tw-text-large tw-ta\" dir=\"ltr\" data-placeholder=\"Prevod\" data-ved=\"2ahUKEwjy8r_qpf-NAxUy9LsIHXk2EFYQ3ewLegQICRAV\" aria-label=\"Prevedeno besedilo: Pobolj\u0161ava tamnjenje ko\u017ee bez izlaganja suncu - zahvaljuju\u0107i koncentriranoj formuli prirodnih pigmenata, oboga\u0107enoj vitaminom D.\n\nPreplanula ko\u017ea bez izlaganja suncu\nUjedna\u010den ten bez mrlja po cijelom tijelu\nKoncentrirana formula s 5 prirodnih pigmenata i oboga\u0107ena vitaminom D\nFormula bez beta-karotena.\"><strong><span class=\"Y2IQFc\" lang=\"hr\">Formula bez beta-karotena.<\/span><\/strong><\/li>\n<\/ul>\n","protected":false},"featured_media":12706,"comment_status":"closed","ping_status":"closed","template":"","meta":{"_acf_changed":false},"product_brand":[1002],"product_cat":[664],"product_tag":[],"blagovna-znamka":[],"class_list":{"0":"post-12709","1":"product","2":"type-product","3":"status-publish","4":"has-post-thumbnail","6":"product_brand-biocyte-hr","7":"product_cat-zastita-od-sunca-njega-nakon-suncanja","9":"first","10":"instock","11":"taxable","12":"shipping-taxable","13":"purchasable","14":"product-type-simple"},"acf":[],"yoast_head":"<!-- This site is optimized with the Yoast SEO plugin v27.4 - https:\/\/yoast.com\/product\/yoast-seo-wordpress\/ -->\n<title>Prirodno samotamnjenje bez izlaganja suncu TERRACOTTA SAMOTAMNJENJE, 30 kapsula - dodatak prehrani - Topmedicus HR<\/title>\n<meta name=\"description\" content=\"Ravnomjerno preplanuli ten bez izlaganja suncu i bez mrlja, po cijelom tijelu. Koncentrirana formula od 5 prirodnih pigmenata i vitamina D, bez beta karotena.\" \/>\n<meta name=\"robots\" content=\"index, follow, max-snippet:-1, max-image-preview:large, max-video-preview:-1\" \/>\n<link rel=\"canonical\" href=\"https:\/\/topmedicus.eu\/hr\/izdelek\/prirodno-samotamnjenje-bez-izlaganja-suncu-terracotta-samotamnjenje-30-kapsula-dodatak-prehrani\/\" \/>\n<meta property=\"og:locale\" content=\"hr_HR\" \/>\n<meta property=\"og:type\" content=\"article\" \/>\n<meta property=\"og:title\" content=\"Prirodno samotamnjenje bez izlaganja suncu TERRACOTTA SAMOTAMNJENJE, 30 kapsula - dodatak prehrani - Topmedicus HR\" \/>\n<meta property=\"og:description\" content=\"Ravnomjerno preplanuli ten bez izlaganja suncu i bez mrlja, po cijelom tijelu. Koncentrirana formula od 5 prirodnih pigmenata i vitamina D, bez beta karotena.\" \/>\n<meta property=\"og:url\" content=\"https:\/\/topmedicus.eu\/hr\/izdelek\/prirodno-samotamnjenje-bez-izlaganja-suncu-terracotta-samotamnjenje-30-kapsula-dodatak-prehrani\/\" \/>\n<meta property=\"og:site_name\" content=\"Topmedicus HR\" \/>\n<meta property=\"article:modified_time\" content=\"2025-06-20T05:52:43+00:00\" \/>\n<meta property=\"og:image\" content=\"https:\/\/topmedicus.eu\/wp-content\/uploads\/2025\/02\/Biocyte_Terracotta_Autobronzant_Samoporjavitev.jpg\" \/>\n\t<meta property=\"og:image:width\" content=\"594\" \/>\n\t<meta property=\"og:image:height\" content=\"595\" \/>\n\t<meta property=\"og:image:type\" content=\"image\/jpeg\" \/>\n<meta name=\"twitter:card\" content=\"summary_large_image\" \/>\n<meta name=\"twitter:label1\" content=\"Procijenjeno vrijeme \u010ditanja\" \/>\n\t<meta name=\"twitter:data1\" content=\"1 minuta\" \/>\n<script type=\"application\/ld+json\" class=\"yoast-schema-graph\">{\"@context\":\"https:\\\/\\\/schema.org\",\"@graph\":[{\"@type\":\"WebPage\",\"@id\":\"https:\\\/\\\/topmedicus.eu\\\/hr\\\/izdelek\\\/prirodno-samotamnjenje-bez-izlaganja-suncu-terracotta-samotamnjenje-30-kapsula-dodatak-prehrani\\\/\",\"url\":\"https:\\\/\\\/topmedicus.eu\\\/hr\\\/izdelek\\\/prirodno-samotamnjenje-bez-izlaganja-suncu-terracotta-samotamnjenje-30-kapsula-dodatak-prehrani\\\/\",\"name\":\"Prirodno samotamnjenje bez izlaganja suncu TERRACOTTA SAMOTAMNJENJE, 30 kapsula - dodatak prehrani - Topmedicus HR\",\"isPartOf\":{\"@id\":\"https:\\\/\\\/topmedicus.eu\\\/en\\\/#website\"},\"primaryImageOfPage\":{\"@id\":\"https:\\\/\\\/topmedicus.eu\\\/hr\\\/izdelek\\\/prirodno-samotamnjenje-bez-izlaganja-suncu-terracotta-samotamnjenje-30-kapsula-dodatak-prehrani\\\/#primaryimage\"},\"image\":{\"@id\":\"https:\\\/\\\/topmedicus.eu\\\/hr\\\/izdelek\\\/prirodno-samotamnjenje-bez-izlaganja-suncu-terracotta-samotamnjenje-30-kapsula-dodatak-prehrani\\\/#primaryimage\"},\"thumbnailUrl\":\"https:\\\/\\\/topmedicus.eu\\\/wp-content\\\/uploads\\\/2025\\\/02\\\/Biocyte_Terracotta_Autobronzant_Samoporjavitev.jpg\",\"datePublished\":\"2025-02-12T21:59:28+00:00\",\"dateModified\":\"2025-06-20T05:52:43+00:00\",\"description\":\"Ravnomjerno preplanuli ten bez izlaganja suncu i bez mrlja, po cijelom tijelu. Koncentrirana formula od 5 prirodnih pigmenata i vitamina D, bez beta karotena.\",\"breadcrumb\":{\"@id\":\"https:\\\/\\\/topmedicus.eu\\\/hr\\\/izdelek\\\/prirodno-samotamnjenje-bez-izlaganja-suncu-terracotta-samotamnjenje-30-kapsula-dodatak-prehrani\\\/#breadcrumb\"},\"inLanguage\":\"hr\",\"potentialAction\":[{\"@type\":\"ReadAction\",\"target\":[\"https:\\\/\\\/topmedicus.eu\\\/hr\\\/izdelek\\\/prirodno-samotamnjenje-bez-izlaganja-suncu-terracotta-samotamnjenje-30-kapsula-dodatak-prehrani\\\/\"]}]},{\"@type\":\"ImageObject\",\"inLanguage\":\"hr\",\"@id\":\"https:\\\/\\\/topmedicus.eu\\\/hr\\\/izdelek\\\/prirodno-samotamnjenje-bez-izlaganja-suncu-terracotta-samotamnjenje-30-kapsula-dodatak-prehrani\\\/#primaryimage\",\"url\":\"https:\\\/\\\/topmedicus.eu\\\/wp-content\\\/uploads\\\/2025\\\/02\\\/Biocyte_Terracotta_Autobronzant_Samoporjavitev.jpg\",\"contentUrl\":\"https:\\\/\\\/topmedicus.eu\\\/wp-content\\\/uploads\\\/2025\\\/02\\\/Biocyte_Terracotta_Autobronzant_Samoporjavitev.jpg\",\"width\":594,\"height\":595},{\"@type\":\"BreadcrumbList\",\"@id\":\"https:\\\/\\\/topmedicus.eu\\\/hr\\\/izdelek\\\/prirodno-samotamnjenje-bez-izlaganja-suncu-terracotta-samotamnjenje-30-kapsula-dodatak-prehrani\\\/#breadcrumb\",\"itemListElement\":[{\"@type\":\"ListItem\",\"position\":1,\"name\":\"Home\",\"item\":\"https:\\\/\\\/topmedicus.eu\\\/hr\\\/domaca-stranica\\\/\"},{\"@type\":\"ListItem\",\"position\":2,\"name\":\"Shop\",\"item\":\"https:\\\/\\\/topmedicus.eu\\\/shop\\\/\"},{\"@type\":\"ListItem\",\"position\":3,\"name\":\"Prirodno samotamnjenje bez izlaganja suncu TERRACOTTA SAMOTAMNJENJE, 30 kapsula &#8211; dodatak prehrani\"}]},{\"@type\":\"WebSite\",\"@id\":\"https:\\\/\\\/topmedicus.eu\\\/en\\\/#website\",\"url\":\"https:\\\/\\\/topmedicus.eu\\\/en\\\/\",\"name\":\"Topmedicus HR\",\"description\":\"Prehranska dopolnila in dermatolo\u0161ka kozmetika\",\"potentialAction\":[{\"@type\":\"SearchAction\",\"target\":{\"@type\":\"EntryPoint\",\"urlTemplate\":\"https:\\\/\\\/topmedicus.eu\\\/en\\\/?s={search_term_string}\"},\"query-input\":{\"@type\":\"PropertyValueSpecification\",\"valueRequired\":true,\"valueName\":\"search_term_string\"}}],\"inLanguage\":\"hr\"}]}<\/script>\n<!-- \/ Yoast SEO plugin. -->","yoast_head_json":{"title":"Prirodno samotamnjenje bez izlaganja suncu TERRACOTTA SAMOTAMNJENJE, 30 kapsula - dodatak prehrani - Topmedicus HR","description":"Ravnomjerno preplanuli ten bez izlaganja suncu i bez mrlja, po cijelom tijelu. Koncentrirana formula od 5 prirodnih pigmenata i vitamina D, bez beta karotena.","robots":{"index":"index","follow":"follow","max-snippet":"max-snippet:-1","max-image-preview":"max-image-preview:large","max-video-preview":"max-video-preview:-1"},"canonical":"https:\/\/topmedicus.eu\/hr\/izdelek\/prirodno-samotamnjenje-bez-izlaganja-suncu-terracotta-samotamnjenje-30-kapsula-dodatak-prehrani\/","og_locale":"hr_HR","og_type":"article","og_title":"Prirodno samotamnjenje bez izlaganja suncu TERRACOTTA SAMOTAMNJENJE, 30 kapsula - dodatak prehrani - Topmedicus HR","og_description":"Ravnomjerno preplanuli ten bez izlaganja suncu i bez mrlja, po cijelom tijelu. Koncentrirana formula od 5 prirodnih pigmenata i vitamina D, bez beta karotena.","og_url":"https:\/\/topmedicus.eu\/hr\/izdelek\/prirodno-samotamnjenje-bez-izlaganja-suncu-terracotta-samotamnjenje-30-kapsula-dodatak-prehrani\/","og_site_name":"Topmedicus HR","article_modified_time":"2025-06-20T05:52:43+00:00","og_image":[{"width":594,"height":595,"url":"https:\/\/topmedicus.eu\/wp-content\/uploads\/2025\/02\/Biocyte_Terracotta_Autobronzant_Samoporjavitev.jpg","type":"image\/jpeg"}],"twitter_card":"summary_large_image","twitter_misc":{"Procijenjeno vrijeme \u010ditanja":"1 minuta"},"schema":{"@context":"https:\/\/schema.org","@graph":[{"@type":"WebPage","@id":"https:\/\/topmedicus.eu\/hr\/izdelek\/prirodno-samotamnjenje-bez-izlaganja-suncu-terracotta-samotamnjenje-30-kapsula-dodatak-prehrani\/","url":"https:\/\/topmedicus.eu\/hr\/izdelek\/prirodno-samotamnjenje-bez-izlaganja-suncu-terracotta-samotamnjenje-30-kapsula-dodatak-prehrani\/","name":"Prirodno samotamnjenje bez izlaganja suncu TERRACOTTA SAMOTAMNJENJE, 30 kapsula - dodatak prehrani - Topmedicus HR","isPartOf":{"@id":"https:\/\/topmedicus.eu\/en\/#website"},"primaryImageOfPage":{"@id":"https:\/\/topmedicus.eu\/hr\/izdelek\/prirodno-samotamnjenje-bez-izlaganja-suncu-terracotta-samotamnjenje-30-kapsula-dodatak-prehrani\/#primaryimage"},"image":{"@id":"https:\/\/topmedicus.eu\/hr\/izdelek\/prirodno-samotamnjenje-bez-izlaganja-suncu-terracotta-samotamnjenje-30-kapsula-dodatak-prehrani\/#primaryimage"},"thumbnailUrl":"https:\/\/topmedicus.eu\/wp-content\/uploads\/2025\/02\/Biocyte_Terracotta_Autobronzant_Samoporjavitev.jpg","datePublished":"2025-02-12T21:59:28+00:00","dateModified":"2025-06-20T05:52:43+00:00","description":"Ravnomjerno preplanuli ten bez izlaganja suncu i bez mrlja, po cijelom tijelu. Koncentrirana formula od 5 prirodnih pigmenata i vitamina D, bez beta karotena.","breadcrumb":{"@id":"https:\/\/topmedicus.eu\/hr\/izdelek\/prirodno-samotamnjenje-bez-izlaganja-suncu-terracotta-samotamnjenje-30-kapsula-dodatak-prehrani\/#breadcrumb"},"inLanguage":"hr","potentialAction":[{"@type":"ReadAction","target":["https:\/\/topmedicus.eu\/hr\/izdelek\/prirodno-samotamnjenje-bez-izlaganja-suncu-terracotta-samotamnjenje-30-kapsula-dodatak-prehrani\/"]}]},{"@type":"ImageObject","inLanguage":"hr","@id":"https:\/\/topmedicus.eu\/hr\/izdelek\/prirodno-samotamnjenje-bez-izlaganja-suncu-terracotta-samotamnjenje-30-kapsula-dodatak-prehrani\/#primaryimage","url":"https:\/\/topmedicus.eu\/wp-content\/uploads\/2025\/02\/Biocyte_Terracotta_Autobronzant_Samoporjavitev.jpg","contentUrl":"https:\/\/topmedicus.eu\/wp-content\/uploads\/2025\/02\/Biocyte_Terracotta_Autobronzant_Samoporjavitev.jpg","width":594,"height":595},{"@type":"BreadcrumbList","@id":"https:\/\/topmedicus.eu\/hr\/izdelek\/prirodno-samotamnjenje-bez-izlaganja-suncu-terracotta-samotamnjenje-30-kapsula-dodatak-prehrani\/#breadcrumb","itemListElement":[{"@type":"ListItem","position":1,"name":"Home","item":"https:\/\/topmedicus.eu\/hr\/domaca-stranica\/"},{"@type":"ListItem","position":2,"name":"Shop","item":"https:\/\/topmedicus.eu\/shop\/"},{"@type":"ListItem","position":3,"name":"Prirodno samotamnjenje bez izlaganja suncu TERRACOTTA SAMOTAMNJENJE, 30 kapsula &#8211; dodatak prehrani"}]},{"@type":"WebSite","@id":"https:\/\/topmedicus.eu\/en\/#website","url":"https:\/\/topmedicus.eu\/en\/","name":"Topmedicus HR","description":"Prehranska dopolnila in dermatolo\u0161ka kozmetika","potentialAction":[{"@type":"SearchAction","target":{"@type":"EntryPoint","urlTemplate":"https:\/\/topmedicus.eu\/en\/?s={search_term_string}"},"query-input":{"@type":"PropertyValueSpecification","valueRequired":true,"valueName":"search_term_string"}}],"inLanguage":"hr"}]}},"jetpack_sharing_enabled":true,"_links":{"self":[{"href":"https:\/\/topmedicus.eu\/hr\/wp-json\/wp\/v2\/product\/12709","targetHints":{"allow":["GET"]}}],"collection":[{"href":"https:\/\/topmedicus.eu\/hr\/wp-json\/wp\/v2\/product"}],"about":[{"href":"https:\/\/topmedicus.eu\/hr\/wp-json\/wp\/v2\/types\/product"}],"replies":[{"embeddable":true,"href":"https:\/\/topmedicus.eu\/hr\/wp-json\/wp\/v2\/comments?post=12709"}],"wp:featuredmedia":[{"embeddable":true,"href":"https:\/\/topmedicus.eu\/hr\/wp-json\/wp\/v2\/media\/12706"}],"wp:attachment":[{"href":"https:\/\/topmedicus.eu\/hr\/wp-json\/wp\/v2\/media?parent=12709"}],"wp:term":[{"taxonomy":"product_brand","embeddable":true,"href":"https:\/\/topmedicus.eu\/hr\/wp-json\/wp\/v2\/product_brand?post=12709"},{"taxonomy":"product_cat","embeddable":true,"href":"https:\/\/topmedicus.eu\/hr\/wp-json\/wp\/v2\/product_cat?post=12709"},{"taxonomy":"product_tag","embeddable":true,"href":"https:\/\/topmedicus.eu\/hr\/wp-json\/wp\/v2\/product_tag?post=12709"},{"taxonomy":"blagovna-znamka","embeddable":true,"href":"https:\/\/topmedicus.eu\/hr\/wp-json\/wp\/v2\/blagovna-znamka?post=12709"}],"curies":[{"name":"wp","href":"https:\/\/api.w.org\/{rel}","templated":true}]}}