{"id":12729,"date":"2025-02-12T22:01:42","date_gmt":"2025-02-12T22:01:42","guid":{"rendered":"https:\/\/topmedicus.eu\/izdelek\/bomboni-za-mrsavljenje-60-bombona-dodatak-prehrani-sa-zasladivacem\/"},"modified":"2026-02-13T05:54:39","modified_gmt":"2026-02-13T05:54:39","slug":"bomboni-za-mrsavljenje-60-bombona-dodatak-prehrani-sa-zasladivacem","status":"publish","type":"product","link":"https:\/\/topmedicus.eu\/hr\/izdelek\/bomboni-za-mrsavljenje-60-bombona-dodatak-prehrani-sa-zasladivacem\/","title":{"rendered":"Metabolizam \u0161e\u0107era i masti BOMBONI ZA MR\u0160AVLJENJE, 60 bombona"},"content":{"rendered":"<p data-start=\"0\" data-end=\"246\"><strong data-start=\"0\" data-end=\"26\">BOMBONI ZA MR\u0160AVLJENJE<\/strong> brenda <strong data-start=\"34\" data-end=\"45\">Biocyte<\/strong> dodatak su prehrani osmi\u0161ljen za podr\u0161ku normalnom metabolizmu ugljikohidrata i masti. Njihova formula temelji se na sinergiji pa\u017eljivo odabranih sastojaka, me\u0111u kojima va\u017enu ulogu ima jabu\u010dni ocat.<\/p>\n<p data-start=\"250\" data-end=\"560\">Proizvod je oboga\u0107en <strong>kromom, koji doprinosi normalnom metabolizmu makronutrijenata i odr\u017eavanju normalne razine glukoze u krvi<\/strong>. Dnevna doza osigurava <strong>250 \u00b5g kroma<\/strong>. Gumeni bomboni su bez dodanog \u0161e\u0107era i imaju ugodan, blago kiselkast okus jabuke. Prikladni su za sve koji \u017eele smanjiti unos \u0161e\u0107era u prehrani.<\/p>\n<p data-start=\"564\" data-end=\"831\">Svaka dnevna doza od dva gumena bombona sadr\u017ei <strong>500 mg jabu\u010dnog octa te 50 mg soka nara u prahu<\/strong>, prirodnog izvora antioksidansa. Formula je dodatno oboga\u0107ena <strong>vitaminima B6, B9 i B12, koji doprinose normalnom energetskom metabolizmu<\/strong> i smanjenju umora i iscrpljenosti.<\/p>\n<p data-start=\"835\" data-end=\"1091\"><strong>BOMBONI ZA MR\u0160AVLJENJE<\/strong> odlikuju se prakti\u010dnim oblikom, <strong>bez glutena<\/strong> su te prikladni za <strong>vegetarijance i vegane<\/strong>. Redovita uporaba u sklopu uravnote\u017eene prehrane i zdravog na\u010dina \u017eivota mo\u017ee biti prehrambena podr\u0161ka odr\u017eavanju normalne metaboli\u010dke ravnote\u017ee.<\/p>\n<ul>\n<li data-start=\"1104\" data-end=\"1529\"><strong data-start=\"1104\" data-end=\"1112\">Krom<\/strong> doprinosi odr\u017eavanju normalne razine glukoze u krvi i normalnom metabolizmu makronutrijenata.<\/li>\n<li data-start=\"1104\" data-end=\"1529\"><strong data-start=\"1210\" data-end=\"1224\">Vitamin B6<\/strong> doprinosi normalnom metabolizmu proteina i glikogena, normalnoj funkciji imunolo\u0161kog sustava, normalnom energetskom metabolizmu te smanjenju umora i iscrpljenosti.<\/li>\n<li data-start=\"1104\" data-end=\"1529\"><strong data-start=\"1392\" data-end=\"1407\">Vitamin B12<\/strong> doprinosi normalnom energetskom metabolizmu, normalnoj funkciji imunolo\u0161kog sustava te smanjenju umora i iscrpljenosti.<\/li>\n<\/ul>\n<h4 data-start=\"1542\" data-end=\"1552\">Krom<\/h4>\n<p data-start=\"1554\" data-end=\"1972\">Krom je esencijalni element uklju\u010den u metabolizam ugljikohidrata, masti i proteina. Ima klju\u010dnu ulogu u regulaciji razine \u0161e\u0107era u krvi jer poja\u010dava djelovanje inzulina i poti\u010de ulazak glukoze u stanice. Time poma\u017ee odr\u017eati stabilnu razinu \u0161e\u0107era u krvi i sprije\u010diti velike oscilacije koje mogu dovesti do poja\u010dane \u017eelje za me\u0111uobrocima i slatki\u0161ima, osobito kod inzulinske rezistencije ili metaboli\u010dke neravnote\u017ee.<\/p>\n<p data-start=\"1976\" data-end=\"1994\"><em>Neto masa: 162 g<\/em><\/p>\n<p data-start=\"1998\" data-end=\"2028\" data-is-last-node=\"\" data-is-only-node=\"\"><em>Proizvo\u0111a\u010d: Biocyte, Francuska<\/em><\/p>\n","protected":false},"excerpt":{"rendered":"<div class=\"flex flex-col text-sm pb-25\">\n<article class=\"text-token-text-primary w-full focus:outline-none [--shadow-height:45px] has-data-writing-block:pointer-events-none has-data-writing-block:-mt-(--shadow-height) has-data-writing-block:pt-(--shadow-height) [&amp;:has([data-writing-block])&gt;*]:pointer-events-auto scroll-mt-[calc(var(--header-height)+min(200px,max(70px,20svh)))]\" dir=\"auto\" tabindex=\"-1\" data-turn-id=\"72e1a81a-b2a2-4584-bfe8-655cd9e6c726\" data-testid=\"conversation-turn-174\" data-scroll-anchor=\"true\" data-turn=\"assistant\">\n<div class=\"text-base my-auto mx-auto pb-10 [--thread-content-margin:--spacing(4)] @w-sm\/main:[--thread-content-margin:--spacing(6)] @w-lg\/main:[--thread-content-margin:--spacing(16)] px-(--thread-content-margin)\">\n<div class=\"[--thread-content-max-width:40rem] @w-lg\/main:[--thread-content-max-width:48rem] mx-auto max-w-(--thread-content-max-width) flex-1 group\/turn-messages focus-visible:outline-hidden relative flex w-full min-w-0 flex-col agent-turn\" tabindex=\"-1\">\n<div class=\"flex max-w-full flex-col grow\">\n<div class=\"min-h-8 text-message relative flex w-full flex-col items-end gap-2 text-start break-words whitespace-normal [.text-message+&amp;]:mt-1\" dir=\"auto\" data-message-author-role=\"assistant\" data-message-id=\"58022fc8-1072-4c0a-9b69-25db939fef7c\" data-message-model-slug=\"gpt-5-2\">\n<div class=\"flex w-full flex-col gap-1 empty:hidden first:pt-[1px]\">\n<div class=\"markdown prose dark:prose-invert w-full wrap-break-word light markdown-new-styling\">\n<h4 data-start=\"0\" data-end=\"28\">METABOLIZAM \u0160E\u0106ERA I MASTI<\/h4>\n<p data-start=\"32\" data-end=\"145\">BOMBONI ZA MR\u0160AVLJENJE dodatak su prehrani s jabu\u010dnim octom, vitaminima, narom i kromom. Sa zasla\u0111iva\u0107em. S okusom jabuke.<\/p>\n<p data-start=\"149\" data-end=\"260\">Doprinosi podr\u0161ci metaboli\u010dkih procesa ugljikohidrata i masti, u prakti\u010dnom i ukusnom obliku gumenih bombona.<\/p>\n<ul>\n<li data-start=\"264\" data-end=\"626\">Gumeni bomboni s jabu\u010dnim octom.<\/li>\n<li data-start=\"264\" data-end=\"626\">Formula namijenjena podr\u0161ci metabolizmu \u0161e\u0107era i masti.<\/li>\n<li data-start=\"264\" data-end=\"626\">Oboga\u0107eni vitaminima i mineralima koji doprinose normalnom energetskom metabolizmu*.<\/li>\n<li data-start=\"264\" data-end=\"626\">Prakti\u010dan oblik, jednostavan za uklju\u010divanje u svakodnevnu rutinu.<\/li>\n<li data-start=\"264\" data-end=\"626\">Bez \u0161e\u0107era i bez glutena.<\/li>\n<li data-start=\"264\" data-end=\"626\">Prikladni za vegetarijance i vegane.<\/li>\n<li data-start=\"264\" data-end=\"626\">Okus osvje\u017eavaju\u0107e, blago kisele jabuke.<\/li>\n<\/ul>\n<\/div>\n<\/div>\n<\/div>\n<\/div>\n<\/div>\n<\/div>\n<\/article>\n<\/div>\n","protected":false},"featured_media":12730,"comment_status":"closed","ping_status":"closed","template":"","meta":{"_acf_changed":false},"product_brand":[1002],"product_cat":[580,1142,550],"product_tag":[630],"blagovna-znamka":[],"class_list":{"0":"post-12729","1":"product","2":"type-product","3":"status-publish","4":"has-post-thumbnail","6":"product_brand-biocyte-hr","7":"product_cat-mrsavljenje-i-celulit","8":"product_cat-za-vegane-hr","9":"product_cat-dodaci-prehrani","10":"product_tag-novo-hr","12":"first","13":"instock","14":"taxable","15":"shipping-taxable","16":"purchasable","17":"product-type-simple"},"acf":[],"yoast_head":"<!-- This site is optimized with the Yoast SEO plugin v27.4 - https:\/\/yoast.com\/product\/yoast-seo-wordpress\/ -->\n<title>Metabolizam \u0161e\u0107era i masti BOMBONI ZA MR\u0160AVLJENJE, 60 bombona - Topmedicus HR<\/title>\n<meta name=\"robots\" content=\"index, follow, max-snippet:-1, max-image-preview:large, max-video-preview:-1\" \/>\n<link rel=\"canonical\" href=\"https:\/\/topmedicus.eu\/hr\/izdelek\/bomboni-za-mrsavljenje-60-bombona-dodatak-prehrani-sa-zasladivacem\/\" \/>\n<meta property=\"og:locale\" content=\"hr_HR\" \/>\n<meta property=\"og:type\" content=\"article\" \/>\n<meta property=\"og:title\" content=\"Metabolizam \u0161e\u0107era i masti BOMBONI ZA MR\u0160AVLJENJE, 60 bombona - Topmedicus HR\" \/>\n<meta property=\"og:description\" content=\"METABOLIZAM \u0160E\u0106ERA I MASTI BOMBONI ZA MR\u0160AVLJENJE dodatak su prehrani s jabu\u010dnim octom, vitaminima, narom i kromom. Sa zasla\u0111iva\u0107em. S okusom jabuke. Doprinosi podr\u0161ci metaboli\u010dkih procesa ugljikohidrata i masti, u prakti\u010dnom i ukusnom obliku gumenih bombona.    Gumeni bomboni s jabu\u010dnim octom.  Formula namijenjena podr\u0161ci metabolizmu \u0161e\u0107era i masti.  Oboga\u0107eni vitaminima i mineralima koji doprinose normalnom energetskom metabolizmu*.  Prakti\u010dan oblik, jednostavan za uklju\u010divanje u svakodnevnu rutinu.  Bez \u0161e\u0107era i bez glutena.  Prikladni za vegetarijance i vegane.  Okus osvje\u017eavaju\u0107e, blago kisele jabuke.\" \/>\n<meta property=\"og:url\" content=\"https:\/\/topmedicus.eu\/hr\/izdelek\/bomboni-za-mrsavljenje-60-bombona-dodatak-prehrani-sa-zasladivacem\/\" \/>\n<meta property=\"og:site_name\" content=\"Topmedicus HR\" \/>\n<meta property=\"article:modified_time\" content=\"2026-02-13T05:54:39+00:00\" \/>\n<meta property=\"og:image\" content=\"https:\/\/topmedicus.eu\/wp-content\/uploads\/2025\/02\/Biocyte-BOMBONI-VITKOST.jpg\" \/>\n\t<meta property=\"og:image:width\" content=\"602\" \/>\n\t<meta property=\"og:image:height\" content=\"600\" \/>\n\t<meta property=\"og:image:type\" content=\"image\/jpeg\" \/>\n<meta name=\"twitter:card\" content=\"summary_large_image\" \/>\n<meta name=\"twitter:label1\" content=\"Procijenjeno vrijeme \u010ditanja\" \/>\n\t<meta name=\"twitter:data1\" content=\"2 minute\" \/>\n<script type=\"application\/ld+json\" class=\"yoast-schema-graph\">{\"@context\":\"https:\\\/\\\/schema.org\",\"@graph\":[{\"@type\":\"WebPage\",\"@id\":\"https:\\\/\\\/topmedicus.eu\\\/hr\\\/izdelek\\\/bomboni-za-mrsavljenje-60-bombona-dodatak-prehrani-sa-zasladivacem\\\/\",\"url\":\"https:\\\/\\\/topmedicus.eu\\\/hr\\\/izdelek\\\/bomboni-za-mrsavljenje-60-bombona-dodatak-prehrani-sa-zasladivacem\\\/\",\"name\":\"Metabolizam \u0161e\u0107era i masti BOMBONI ZA MR\u0160AVLJENJE, 60 bombona - Topmedicus HR\",\"isPartOf\":{\"@id\":\"https:\\\/\\\/topmedicus.eu\\\/en\\\/#website\"},\"primaryImageOfPage\":{\"@id\":\"https:\\\/\\\/topmedicus.eu\\\/hr\\\/izdelek\\\/bomboni-za-mrsavljenje-60-bombona-dodatak-prehrani-sa-zasladivacem\\\/#primaryimage\"},\"image\":{\"@id\":\"https:\\\/\\\/topmedicus.eu\\\/hr\\\/izdelek\\\/bomboni-za-mrsavljenje-60-bombona-dodatak-prehrani-sa-zasladivacem\\\/#primaryimage\"},\"thumbnailUrl\":\"https:\\\/\\\/topmedicus.eu\\\/wp-content\\\/uploads\\\/2025\\\/02\\\/Biocyte-BOMBONI-VITKOST.jpg\",\"datePublished\":\"2025-02-12T22:01:42+00:00\",\"dateModified\":\"2026-02-13T05:54:39+00:00\",\"breadcrumb\":{\"@id\":\"https:\\\/\\\/topmedicus.eu\\\/hr\\\/izdelek\\\/bomboni-za-mrsavljenje-60-bombona-dodatak-prehrani-sa-zasladivacem\\\/#breadcrumb\"},\"inLanguage\":\"hr\",\"potentialAction\":[{\"@type\":\"ReadAction\",\"target\":[\"https:\\\/\\\/topmedicus.eu\\\/hr\\\/izdelek\\\/bomboni-za-mrsavljenje-60-bombona-dodatak-prehrani-sa-zasladivacem\\\/\"]}]},{\"@type\":\"ImageObject\",\"inLanguage\":\"hr\",\"@id\":\"https:\\\/\\\/topmedicus.eu\\\/hr\\\/izdelek\\\/bomboni-za-mrsavljenje-60-bombona-dodatak-prehrani-sa-zasladivacem\\\/#primaryimage\",\"url\":\"https:\\\/\\\/topmedicus.eu\\\/wp-content\\\/uploads\\\/2025\\\/02\\\/Biocyte-BOMBONI-VITKOST.jpg\",\"contentUrl\":\"https:\\\/\\\/topmedicus.eu\\\/wp-content\\\/uploads\\\/2025\\\/02\\\/Biocyte-BOMBONI-VITKOST.jpg\",\"width\":602,\"height\":600},{\"@type\":\"BreadcrumbList\",\"@id\":\"https:\\\/\\\/topmedicus.eu\\\/hr\\\/izdelek\\\/bomboni-za-mrsavljenje-60-bombona-dodatak-prehrani-sa-zasladivacem\\\/#breadcrumb\",\"itemListElement\":[{\"@type\":\"ListItem\",\"position\":1,\"name\":\"Home\",\"item\":\"https:\\\/\\\/topmedicus.eu\\\/hr\\\/domaca-stranica\\\/\"},{\"@type\":\"ListItem\",\"position\":2,\"name\":\"Shop\",\"item\":\"https:\\\/\\\/topmedicus.eu\\\/shop\\\/\"},{\"@type\":\"ListItem\",\"position\":3,\"name\":\"Metabolizam \u0161e\u0107era i masti BOMBONI ZA MR\u0160AVLJENJE, 60 bombona\"}]},{\"@type\":\"WebSite\",\"@id\":\"https:\\\/\\\/topmedicus.eu\\\/en\\\/#website\",\"url\":\"https:\\\/\\\/topmedicus.eu\\\/en\\\/\",\"name\":\"Topmedicus HR\",\"description\":\"Prehranska dopolnila in dermatolo\u0161ka kozmetika\",\"potentialAction\":[{\"@type\":\"SearchAction\",\"target\":{\"@type\":\"EntryPoint\",\"urlTemplate\":\"https:\\\/\\\/topmedicus.eu\\\/en\\\/?s={search_term_string}\"},\"query-input\":{\"@type\":\"PropertyValueSpecification\",\"valueRequired\":true,\"valueName\":\"search_term_string\"}}],\"inLanguage\":\"hr\"}]}<\/script>\n<!-- \/ Yoast SEO plugin. -->","yoast_head_json":{"title":"Metabolizam \u0161e\u0107era i masti BOMBONI ZA MR\u0160AVLJENJE, 60 bombona - Topmedicus HR","robots":{"index":"index","follow":"follow","max-snippet":"max-snippet:-1","max-image-preview":"max-image-preview:large","max-video-preview":"max-video-preview:-1"},"canonical":"https:\/\/topmedicus.eu\/hr\/izdelek\/bomboni-za-mrsavljenje-60-bombona-dodatak-prehrani-sa-zasladivacem\/","og_locale":"hr_HR","og_type":"article","og_title":"Metabolizam \u0161e\u0107era i masti BOMBONI ZA MR\u0160AVLJENJE, 60 bombona - Topmedicus HR","og_description":"METABOLIZAM \u0160E\u0106ERA I MASTI BOMBONI ZA MR\u0160AVLJENJE dodatak su prehrani s jabu\u010dnim octom, vitaminima, narom i kromom. Sa zasla\u0111iva\u0107em. S okusom jabuke. Doprinosi podr\u0161ci metaboli\u010dkih procesa ugljikohidrata i masti, u prakti\u010dnom i ukusnom obliku gumenih bombona.    Gumeni bomboni s jabu\u010dnim octom.  Formula namijenjena podr\u0161ci metabolizmu \u0161e\u0107era i masti.  Oboga\u0107eni vitaminima i mineralima koji doprinose normalnom energetskom metabolizmu*.  Prakti\u010dan oblik, jednostavan za uklju\u010divanje u svakodnevnu rutinu.  Bez \u0161e\u0107era i bez glutena.  Prikladni za vegetarijance i vegane.  Okus osvje\u017eavaju\u0107e, blago kisele jabuke.","og_url":"https:\/\/topmedicus.eu\/hr\/izdelek\/bomboni-za-mrsavljenje-60-bombona-dodatak-prehrani-sa-zasladivacem\/","og_site_name":"Topmedicus HR","article_modified_time":"2026-02-13T05:54:39+00:00","og_image":[{"width":602,"height":600,"url":"https:\/\/topmedicus.eu\/wp-content\/uploads\/2025\/02\/Biocyte-BOMBONI-VITKOST.jpg","type":"image\/jpeg"}],"twitter_card":"summary_large_image","twitter_misc":{"Procijenjeno vrijeme \u010ditanja":"2 minute"},"schema":{"@context":"https:\/\/schema.org","@graph":[{"@type":"WebPage","@id":"https:\/\/topmedicus.eu\/hr\/izdelek\/bomboni-za-mrsavljenje-60-bombona-dodatak-prehrani-sa-zasladivacem\/","url":"https:\/\/topmedicus.eu\/hr\/izdelek\/bomboni-za-mrsavljenje-60-bombona-dodatak-prehrani-sa-zasladivacem\/","name":"Metabolizam \u0161e\u0107era i masti BOMBONI ZA MR\u0160AVLJENJE, 60 bombona - Topmedicus HR","isPartOf":{"@id":"https:\/\/topmedicus.eu\/en\/#website"},"primaryImageOfPage":{"@id":"https:\/\/topmedicus.eu\/hr\/izdelek\/bomboni-za-mrsavljenje-60-bombona-dodatak-prehrani-sa-zasladivacem\/#primaryimage"},"image":{"@id":"https:\/\/topmedicus.eu\/hr\/izdelek\/bomboni-za-mrsavljenje-60-bombona-dodatak-prehrani-sa-zasladivacem\/#primaryimage"},"thumbnailUrl":"https:\/\/topmedicus.eu\/wp-content\/uploads\/2025\/02\/Biocyte-BOMBONI-VITKOST.jpg","datePublished":"2025-02-12T22:01:42+00:00","dateModified":"2026-02-13T05:54:39+00:00","breadcrumb":{"@id":"https:\/\/topmedicus.eu\/hr\/izdelek\/bomboni-za-mrsavljenje-60-bombona-dodatak-prehrani-sa-zasladivacem\/#breadcrumb"},"inLanguage":"hr","potentialAction":[{"@type":"ReadAction","target":["https:\/\/topmedicus.eu\/hr\/izdelek\/bomboni-za-mrsavljenje-60-bombona-dodatak-prehrani-sa-zasladivacem\/"]}]},{"@type":"ImageObject","inLanguage":"hr","@id":"https:\/\/topmedicus.eu\/hr\/izdelek\/bomboni-za-mrsavljenje-60-bombona-dodatak-prehrani-sa-zasladivacem\/#primaryimage","url":"https:\/\/topmedicus.eu\/wp-content\/uploads\/2025\/02\/Biocyte-BOMBONI-VITKOST.jpg","contentUrl":"https:\/\/topmedicus.eu\/wp-content\/uploads\/2025\/02\/Biocyte-BOMBONI-VITKOST.jpg","width":602,"height":600},{"@type":"BreadcrumbList","@id":"https:\/\/topmedicus.eu\/hr\/izdelek\/bomboni-za-mrsavljenje-60-bombona-dodatak-prehrani-sa-zasladivacem\/#breadcrumb","itemListElement":[{"@type":"ListItem","position":1,"name":"Home","item":"https:\/\/topmedicus.eu\/hr\/domaca-stranica\/"},{"@type":"ListItem","position":2,"name":"Shop","item":"https:\/\/topmedicus.eu\/shop\/"},{"@type":"ListItem","position":3,"name":"Metabolizam \u0161e\u0107era i masti BOMBONI ZA MR\u0160AVLJENJE, 60 bombona"}]},{"@type":"WebSite","@id":"https:\/\/topmedicus.eu\/en\/#website","url":"https:\/\/topmedicus.eu\/en\/","name":"Topmedicus HR","description":"Prehranska dopolnila in dermatolo\u0161ka kozmetika","potentialAction":[{"@type":"SearchAction","target":{"@type":"EntryPoint","urlTemplate":"https:\/\/topmedicus.eu\/en\/?s={search_term_string}"},"query-input":{"@type":"PropertyValueSpecification","valueRequired":true,"valueName":"search_term_string"}}],"inLanguage":"hr"}]}},"jetpack_sharing_enabled":true,"_links":{"self":[{"href":"https:\/\/topmedicus.eu\/hr\/wp-json\/wp\/v2\/product\/12729","targetHints":{"allow":["GET"]}}],"collection":[{"href":"https:\/\/topmedicus.eu\/hr\/wp-json\/wp\/v2\/product"}],"about":[{"href":"https:\/\/topmedicus.eu\/hr\/wp-json\/wp\/v2\/types\/product"}],"replies":[{"embeddable":true,"href":"https:\/\/topmedicus.eu\/hr\/wp-json\/wp\/v2\/comments?post=12729"}],"wp:featuredmedia":[{"embeddable":true,"href":"https:\/\/topmedicus.eu\/hr\/wp-json\/wp\/v2\/media\/12730"}],"wp:attachment":[{"href":"https:\/\/topmedicus.eu\/hr\/wp-json\/wp\/v2\/media?parent=12729"}],"wp:term":[{"taxonomy":"product_brand","embeddable":true,"href":"https:\/\/topmedicus.eu\/hr\/wp-json\/wp\/v2\/product_brand?post=12729"},{"taxonomy":"product_cat","embeddable":true,"href":"https:\/\/topmedicus.eu\/hr\/wp-json\/wp\/v2\/product_cat?post=12729"},{"taxonomy":"product_tag","embeddable":true,"href":"https:\/\/topmedicus.eu\/hr\/wp-json\/wp\/v2\/product_tag?post=12729"},{"taxonomy":"blagovna-znamka","embeddable":true,"href":"https:\/\/topmedicus.eu\/hr\/wp-json\/wp\/v2\/blagovna-znamka?post=12729"}],"curies":[{"name":"wp","href":"https:\/\/api.w.org\/{rel}","templated":true}]}}