{"id":12739,"date":"2025-02-12T22:01:40","date_gmt":"2025-02-12T22:01:40","guid":{"rendered":"https:\/\/topmedicus.eu\/izdelek\/balzam-za-stopala-forte-125-ml-kod-gljivicnih-infekcija\/"},"modified":"2025-06-26T04:14:40","modified_gmt":"2025-06-26T04:14:40","slug":"balzam-za-stopala-forte-125-ml-kod-gljivicnih-infekcija","status":"publish","type":"product","link":"https:\/\/topmedicus.eu\/hr\/izdelek\/balzam-za-stopala-forte-125-ml-kod-gljivicnih-infekcija\/","title":{"rendered":"BALZAM ZA STOPALA FORTE, 125 ml \u2013 KOD GLJIVI\u010cNIH INFEKCIJA"},"content":{"rendered":"<p data-start=\"0\" data-end=\"300\"><strong data-start=\"0\" data-end=\"47\">\u0160TO POMA\u017dE UMORNIM I OPTERE\u0106ENIM STOPALIMA?<\/strong><br data-start=\"47\" data-end=\"50\">Bez obzira na to stojite li dugo na poslu, volite \u0161etati ili tr\u010dite maratone \u2013 <strong data-start=\"129\" data-end=\"163\">Sixtus linija za njegu stopala<\/strong> s visokokoncentriranim ekstraktima alpskog bilja i \u010distim prirodnim eteri\u010dnim uljima poma\u017ee vam da va\u0161a stopala ostanu sna\u017ena i otporna.<\/p>\n<p data-start=\"302\" data-end=\"547\">Neprozra\u010dna obu\u0107a, hladno\u0107a, genetski \u010dimbeniki ili bolesti poput dijabetesa mogu dovesti do toga da ko\u017ea stopala postane vrlo suha. Ko\u017ea stopala prirodno ima mnogo znojnih \u017elijezda, ali vrlo malo lojnih, zbog \u010dega brzo postaje gruba i ispucala.<\/p>\n<p data-start=\"549\" data-end=\"1298\">Suha ko\u017ea nije neugodna samo pri planinarenju i penjanjima \u2013 neugodna je i na ravnom terenu. Jo\u0161 gore, gruba i ispucala ko\u017ea gubi svoju za\u0161titnu funkciju i lako postaje podlo\u017ena bakterijama i gljivicama. Zato je hidratacija ko\u017ee posebno va\u017ena u njezi stopala kod osoba s dijabetesom. Suha ko\u017ea tako\u0111er brzo zadebljava, \u0161to nije samo estetski problem \u2013 takva ko\u017ea mo\u017ee lako dovesti do nastanka dubokih pukotina na petama. Prikladni balzami za vrlo suhu ko\u017eu ili za zadebljalu ko\u017eu mogu pomo\u0107i u sprje\u010davanju toga.<br data-start=\"1061\" data-end=\"1064\">Specijalni proizvodi za pobolj\u0161anje elasti\u010dnosti ko\u017ee, za\u0161titu od \u017euljeva, ja\u010danje otpornosti ko\u017ee i protiv gljivi\u010dnih infekcija odr\u017eavaju va\u0161a stopala lijepima, bez boli i zdravima.<br data-start=\"1246\" data-end=\"1249\">Njegujte svoja stopala \u2013 ona vas nose kroz \u017eivot!<\/p>\n<hr data-start=\"1300\" data-end=\"1303\">\n<h3 data-start=\"1305\" data-end=\"1345\"><strong data-start=\"1309\" data-end=\"1343\">Sixtus BALZAM ZA STOPALA FORTE<\/strong><\/h3>\n<p data-start=\"1346\" data-end=\"1458\"><strong data-start=\"1346\" data-end=\"1398\">Poma\u017ee u sprje\u010davanju gljivi\u010dnih infekcija ko\u017ee.<\/strong><br data-start=\"1398\" data-end=\"1401\">S ekstraktima alpskog bilja i prirodnim eteri\u010dnim uljima.<\/p>\n<p data-start=\"1460\" data-end=\"1838\"><strong data-start=\"1460\" data-end=\"1494\">Sixtus BALZAM ZA STOPALA FORTE<\/strong> idealan je za njegu suhe, optere\u0107ene ko\u017ee stopala. Ulje no\u0107urka i suncokretovo ulje pru\u017eaju intenzivnu njegu suhe ko\u017ee. Ko\u017ea postaje vidljivo elasti\u010dnija i mek\u0161a. Balzam umiruje ko\u017eu i ubla\u017eava svrbe\u017e. Klini\u010dke studije pokazuju da <strong data-start=\"1726\" data-end=\"1760\">Sixtus BALZAM ZA STOPALA FORTE<\/strong> u\u010dinkovito sprje\u010dava gljivi\u010dne infekcije ko\u017ee \u2013 u\u010dinak je znanstveno dokazan.<\/p>\n<p data-start=\"1840\" data-end=\"2086\">Esencije iz razli\u010ditih alpskih biljaka dobivaju se posebno nje\u017enim postupkom \u2013 ekstrakcijom bez primjene topline. Time se o\u010duvaju dragocjeni, na toplinu osjetljivi aktivni sastojci, a njihova koncentrirana snaga ulazi u Sixtus proizvode za njegu.<\/p>\n<p data-start=\"2088\" data-end=\"2329\"><strong data-start=\"2088\" data-end=\"2120\">\u010cista prirodna eteri\u010dna ulja<\/strong> \u2013 Sixtus proizvodi sadr\u017ee oko 40 razli\u010ditih eteri\u010dnih ulja u visokoj koncentraciji. Ovisno o sastavu, poti\u010du regeneraciju ko\u017ee i cirkulaciju, djeluju protuupalno, dezinficijensno, umiruju\u0107e ili stimuliraju\u0107e.<\/p>\n<p data-start=\"2331\" data-end=\"2381\">30 % tube izra\u0111eno je od reciklirane plastike.<\/p>\n<p data-start=\"2383\" data-end=\"2420\" data-is-last-node=\"\" data-is-only-node=\"\"><em>Proizvodi: Sixtus GmbH, Njema\u010dka<\/em><\/p>\n","protected":false},"excerpt":{"rendered":"<ul>\n<li>Sprje\u010dava gljivi\u010dne infekcije ko\u017ee.<br data-start=\"35\" data-end=\"38\">Umiruje i ubla\u017eava svrbe\u017e.<br data-start=\"64\" data-end=\"67\">Vidljivo pobolj\u0161ava elasti\u010dnost i meko\u0107u ko\u017ee.<\/li>\n<\/ul>\n","protected":false},"featured_media":12740,"comment_status":"closed","ping_status":"closed","template":"","meta":{"_acf_changed":false},"product_brand":[633],"product_cat":[669,666,749],"product_tag":[],"blagovna-znamka":[1063],"class_list":{"0":"post-12739","1":"product","2":"type-product","3":"status-publish","4":"has-post-thumbnail","6":"product_brand-sixtus","7":"product_cat-gljivicne-infekcije-noktiju-i-koze","8":"product_cat-suha-koza-stopala","9":"product_cat-za-diabeticare","10":"blagovna-znamka-sixtus-hr","12":"first","13":"instock","14":"taxable","15":"shipping-taxable","16":"purchasable","17":"product-type-simple"},"acf":[],"yoast_head":"<!-- This site is optimized with the Yoast SEO plugin v27.3 - https:\/\/yoast.com\/product\/yoast-seo-wordpress\/ -->\n<title>BALZAM ZA STOPALA FORTE, 125 ml \u2013 KOD GLJIVI\u010cNIH INFEKCIJA - Topmedicus HR<\/title>\n<meta name=\"description\" content=\"Balzam protiv gljivi\u010dne infekcije ko\u017ee stopala. Umiruje i ubla\u017eava svrbe\u017e. S ekstraktima alpskog bilja i \u010distim prirodnim eteri\u010dnim uljima.\" \/>\n<meta name=\"robots\" content=\"index, follow, max-snippet:-1, max-image-preview:large, max-video-preview:-1\" \/>\n<link rel=\"canonical\" href=\"https:\/\/topmedicus.eu\/hr\/izdelek\/balzam-za-stopala-forte-125-ml-kod-gljivicnih-infekcija\/\" \/>\n<meta property=\"og:locale\" content=\"hr_HR\" \/>\n<meta property=\"og:type\" content=\"article\" \/>\n<meta property=\"og:title\" content=\"BALZAM ZA STOPALA FORTE, 125 ml \u2013 KOD GLJIVI\u010cNIH INFEKCIJA - Topmedicus HR\" \/>\n<meta property=\"og:description\" content=\"Balzam protiv gljivi\u010dne infekcije ko\u017ee stopala. Umiruje i ubla\u017eava svrbe\u017e. S ekstraktima alpskog bilja i \u010distim prirodnim eteri\u010dnim uljima.\" \/>\n<meta property=\"og:url\" content=\"https:\/\/topmedicus.eu\/hr\/izdelek\/balzam-za-stopala-forte-125-ml-kod-gljivicnih-infekcija\/\" \/>\n<meta property=\"og:site_name\" content=\"Topmedicus HR\" \/>\n<meta property=\"article:modified_time\" content=\"2025-06-26T04:14:40+00:00\" \/>\n<meta property=\"og:image\" content=\"https:\/\/topmedicus.eu\/wp-content\/uploads\/2025\/02\/Sixtus-BALZAM-ZA-NOGE-FORTE-proti-glivicam-125-ml.jpg\" \/>\n\t<meta property=\"og:image:width\" content=\"600\" \/>\n\t<meta property=\"og:image:height\" content=\"600\" \/>\n\t<meta property=\"og:image:type\" content=\"image\/jpeg\" \/>\n<meta name=\"twitter:card\" content=\"summary_large_image\" \/>\n<meta name=\"twitter:label1\" content=\"Procijenjeno vrijeme \u010ditanja\" \/>\n\t<meta name=\"twitter:data1\" content=\"2 minute\" \/>\n<script type=\"application\/ld+json\" class=\"yoast-schema-graph\">{\"@context\":\"https:\\\/\\\/schema.org\",\"@graph\":[{\"@type\":\"WebPage\",\"@id\":\"https:\\\/\\\/topmedicus.eu\\\/hr\\\/izdelek\\\/balzam-za-stopala-forte-125-ml-kod-gljivicnih-infekcija\\\/\",\"url\":\"https:\\\/\\\/topmedicus.eu\\\/hr\\\/izdelek\\\/balzam-za-stopala-forte-125-ml-kod-gljivicnih-infekcija\\\/\",\"name\":\"BALZAM ZA STOPALA FORTE, 125 ml \u2013 KOD GLJIVI\u010cNIH INFEKCIJA - Topmedicus HR\",\"isPartOf\":{\"@id\":\"https:\\\/\\\/topmedicus.eu\\\/en\\\/#website\"},\"primaryImageOfPage\":{\"@id\":\"https:\\\/\\\/topmedicus.eu\\\/hr\\\/izdelek\\\/balzam-za-stopala-forte-125-ml-kod-gljivicnih-infekcija\\\/#primaryimage\"},\"image\":{\"@id\":\"https:\\\/\\\/topmedicus.eu\\\/hr\\\/izdelek\\\/balzam-za-stopala-forte-125-ml-kod-gljivicnih-infekcija\\\/#primaryimage\"},\"thumbnailUrl\":\"https:\\\/\\\/topmedicus.eu\\\/wp-content\\\/uploads\\\/2025\\\/02\\\/Sixtus-BALZAM-ZA-NOGE-FORTE-proti-glivicam-125-ml.jpg\",\"datePublished\":\"2025-02-12T22:01:40+00:00\",\"dateModified\":\"2025-06-26T04:14:40+00:00\",\"description\":\"Balzam protiv gljivi\u010dne infekcije ko\u017ee stopala. Umiruje i ubla\u017eava svrbe\u017e. S ekstraktima alpskog bilja i \u010distim prirodnim eteri\u010dnim uljima.\",\"breadcrumb\":{\"@id\":\"https:\\\/\\\/topmedicus.eu\\\/hr\\\/izdelek\\\/balzam-za-stopala-forte-125-ml-kod-gljivicnih-infekcija\\\/#breadcrumb\"},\"inLanguage\":\"hr\",\"potentialAction\":[{\"@type\":\"ReadAction\",\"target\":[\"https:\\\/\\\/topmedicus.eu\\\/hr\\\/izdelek\\\/balzam-za-stopala-forte-125-ml-kod-gljivicnih-infekcija\\\/\"]}]},{\"@type\":\"ImageObject\",\"inLanguage\":\"hr\",\"@id\":\"https:\\\/\\\/topmedicus.eu\\\/hr\\\/izdelek\\\/balzam-za-stopala-forte-125-ml-kod-gljivicnih-infekcija\\\/#primaryimage\",\"url\":\"https:\\\/\\\/topmedicus.eu\\\/wp-content\\\/uploads\\\/2025\\\/02\\\/Sixtus-BALZAM-ZA-NOGE-FORTE-proti-glivicam-125-ml.jpg\",\"contentUrl\":\"https:\\\/\\\/topmedicus.eu\\\/wp-content\\\/uploads\\\/2025\\\/02\\\/Sixtus-BALZAM-ZA-NOGE-FORTE-proti-glivicam-125-ml.jpg\",\"width\":600,\"height\":600},{\"@type\":\"BreadcrumbList\",\"@id\":\"https:\\\/\\\/topmedicus.eu\\\/hr\\\/izdelek\\\/balzam-za-stopala-forte-125-ml-kod-gljivicnih-infekcija\\\/#breadcrumb\",\"itemListElement\":[{\"@type\":\"ListItem\",\"position\":1,\"name\":\"Home\",\"item\":\"https:\\\/\\\/topmedicus.eu\\\/hr\\\/domaca-stranica\\\/\"},{\"@type\":\"ListItem\",\"position\":2,\"name\":\"Shop\",\"item\":\"https:\\\/\\\/topmedicus.eu\\\/shop\\\/\"},{\"@type\":\"ListItem\",\"position\":3,\"name\":\"BALZAM ZA STOPALA FORTE, 125 ml \u2013 KOD GLJIVI\u010cNIH INFEKCIJA\"}]},{\"@type\":\"WebSite\",\"@id\":\"https:\\\/\\\/topmedicus.eu\\\/en\\\/#website\",\"url\":\"https:\\\/\\\/topmedicus.eu\\\/en\\\/\",\"name\":\"Topmedicus HR\",\"description\":\"Prehranska dopolnila in dermatolo\u0161ka kozmetika\",\"potentialAction\":[{\"@type\":\"SearchAction\",\"target\":{\"@type\":\"EntryPoint\",\"urlTemplate\":\"https:\\\/\\\/topmedicus.eu\\\/en\\\/?s={search_term_string}\"},\"query-input\":{\"@type\":\"PropertyValueSpecification\",\"valueRequired\":true,\"valueName\":\"search_term_string\"}}],\"inLanguage\":\"hr\"}]}<\/script>\n<!-- \/ Yoast SEO plugin. -->","yoast_head_json":{"title":"BALZAM ZA STOPALA FORTE, 125 ml \u2013 KOD GLJIVI\u010cNIH INFEKCIJA - Topmedicus HR","description":"Balzam protiv gljivi\u010dne infekcije ko\u017ee stopala. Umiruje i ubla\u017eava svrbe\u017e. S ekstraktima alpskog bilja i \u010distim prirodnim eteri\u010dnim uljima.","robots":{"index":"index","follow":"follow","max-snippet":"max-snippet:-1","max-image-preview":"max-image-preview:large","max-video-preview":"max-video-preview:-1"},"canonical":"https:\/\/topmedicus.eu\/hr\/izdelek\/balzam-za-stopala-forte-125-ml-kod-gljivicnih-infekcija\/","og_locale":"hr_HR","og_type":"article","og_title":"BALZAM ZA STOPALA FORTE, 125 ml \u2013 KOD GLJIVI\u010cNIH INFEKCIJA - Topmedicus HR","og_description":"Balzam protiv gljivi\u010dne infekcije ko\u017ee stopala. Umiruje i ubla\u017eava svrbe\u017e. S ekstraktima alpskog bilja i \u010distim prirodnim eteri\u010dnim uljima.","og_url":"https:\/\/topmedicus.eu\/hr\/izdelek\/balzam-za-stopala-forte-125-ml-kod-gljivicnih-infekcija\/","og_site_name":"Topmedicus HR","article_modified_time":"2025-06-26T04:14:40+00:00","og_image":[{"width":600,"height":600,"url":"https:\/\/topmedicus.eu\/wp-content\/uploads\/2025\/02\/Sixtus-BALZAM-ZA-NOGE-FORTE-proti-glivicam-125-ml.jpg","type":"image\/jpeg"}],"twitter_card":"summary_large_image","twitter_misc":{"Procijenjeno vrijeme \u010ditanja":"2 minute"},"schema":{"@context":"https:\/\/schema.org","@graph":[{"@type":"WebPage","@id":"https:\/\/topmedicus.eu\/hr\/izdelek\/balzam-za-stopala-forte-125-ml-kod-gljivicnih-infekcija\/","url":"https:\/\/topmedicus.eu\/hr\/izdelek\/balzam-za-stopala-forte-125-ml-kod-gljivicnih-infekcija\/","name":"BALZAM ZA STOPALA FORTE, 125 ml \u2013 KOD GLJIVI\u010cNIH INFEKCIJA - Topmedicus HR","isPartOf":{"@id":"https:\/\/topmedicus.eu\/en\/#website"},"primaryImageOfPage":{"@id":"https:\/\/topmedicus.eu\/hr\/izdelek\/balzam-za-stopala-forte-125-ml-kod-gljivicnih-infekcija\/#primaryimage"},"image":{"@id":"https:\/\/topmedicus.eu\/hr\/izdelek\/balzam-za-stopala-forte-125-ml-kod-gljivicnih-infekcija\/#primaryimage"},"thumbnailUrl":"https:\/\/topmedicus.eu\/wp-content\/uploads\/2025\/02\/Sixtus-BALZAM-ZA-NOGE-FORTE-proti-glivicam-125-ml.jpg","datePublished":"2025-02-12T22:01:40+00:00","dateModified":"2025-06-26T04:14:40+00:00","description":"Balzam protiv gljivi\u010dne infekcije ko\u017ee stopala. Umiruje i ubla\u017eava svrbe\u017e. S ekstraktima alpskog bilja i \u010distim prirodnim eteri\u010dnim uljima.","breadcrumb":{"@id":"https:\/\/topmedicus.eu\/hr\/izdelek\/balzam-za-stopala-forte-125-ml-kod-gljivicnih-infekcija\/#breadcrumb"},"inLanguage":"hr","potentialAction":[{"@type":"ReadAction","target":["https:\/\/topmedicus.eu\/hr\/izdelek\/balzam-za-stopala-forte-125-ml-kod-gljivicnih-infekcija\/"]}]},{"@type":"ImageObject","inLanguage":"hr","@id":"https:\/\/topmedicus.eu\/hr\/izdelek\/balzam-za-stopala-forte-125-ml-kod-gljivicnih-infekcija\/#primaryimage","url":"https:\/\/topmedicus.eu\/wp-content\/uploads\/2025\/02\/Sixtus-BALZAM-ZA-NOGE-FORTE-proti-glivicam-125-ml.jpg","contentUrl":"https:\/\/topmedicus.eu\/wp-content\/uploads\/2025\/02\/Sixtus-BALZAM-ZA-NOGE-FORTE-proti-glivicam-125-ml.jpg","width":600,"height":600},{"@type":"BreadcrumbList","@id":"https:\/\/topmedicus.eu\/hr\/izdelek\/balzam-za-stopala-forte-125-ml-kod-gljivicnih-infekcija\/#breadcrumb","itemListElement":[{"@type":"ListItem","position":1,"name":"Home","item":"https:\/\/topmedicus.eu\/hr\/domaca-stranica\/"},{"@type":"ListItem","position":2,"name":"Shop","item":"https:\/\/topmedicus.eu\/shop\/"},{"@type":"ListItem","position":3,"name":"BALZAM ZA STOPALA FORTE, 125 ml \u2013 KOD GLJIVI\u010cNIH INFEKCIJA"}]},{"@type":"WebSite","@id":"https:\/\/topmedicus.eu\/en\/#website","url":"https:\/\/topmedicus.eu\/en\/","name":"Topmedicus HR","description":"Prehranska dopolnila in dermatolo\u0161ka kozmetika","potentialAction":[{"@type":"SearchAction","target":{"@type":"EntryPoint","urlTemplate":"https:\/\/topmedicus.eu\/en\/?s={search_term_string}"},"query-input":{"@type":"PropertyValueSpecification","valueRequired":true,"valueName":"search_term_string"}}],"inLanguage":"hr"}]}},"jetpack_sharing_enabled":true,"_links":{"self":[{"href":"https:\/\/topmedicus.eu\/hr\/wp-json\/wp\/v2\/product\/12739","targetHints":{"allow":["GET"]}}],"collection":[{"href":"https:\/\/topmedicus.eu\/hr\/wp-json\/wp\/v2\/product"}],"about":[{"href":"https:\/\/topmedicus.eu\/hr\/wp-json\/wp\/v2\/types\/product"}],"replies":[{"embeddable":true,"href":"https:\/\/topmedicus.eu\/hr\/wp-json\/wp\/v2\/comments?post=12739"}],"wp:featuredmedia":[{"embeddable":true,"href":"https:\/\/topmedicus.eu\/hr\/wp-json\/wp\/v2\/media\/12740"}],"wp:attachment":[{"href":"https:\/\/topmedicus.eu\/hr\/wp-json\/wp\/v2\/media?parent=12739"}],"wp:term":[{"taxonomy":"product_brand","embeddable":true,"href":"https:\/\/topmedicus.eu\/hr\/wp-json\/wp\/v2\/product_brand?post=12739"},{"taxonomy":"product_cat","embeddable":true,"href":"https:\/\/topmedicus.eu\/hr\/wp-json\/wp\/v2\/product_cat?post=12739"},{"taxonomy":"product_tag","embeddable":true,"href":"https:\/\/topmedicus.eu\/hr\/wp-json\/wp\/v2\/product_tag?post=12739"},{"taxonomy":"blagovna-znamka","embeddable":true,"href":"https:\/\/topmedicus.eu\/hr\/wp-json\/wp\/v2\/blagovna-znamka?post=12739"}],"curies":[{"name":"wp","href":"https:\/\/api.w.org\/{rel}","templated":true}]}}