{"id":12742,"date":"2025-02-12T22:01:40","date_gmt":"2025-02-12T22:01:40","guid":{"rendered":"https:\/\/topmedicus.eu\/izdelek\/balzam-za-stopala-i-noge-125-ml-suha-koza-stopala\/"},"modified":"2025-02-12T22:01:40","modified_gmt":"2025-02-12T22:01:40","slug":"balzam-za-stopala-i-noge-125-ml-suha-koza-stopala","status":"publish","type":"product","link":"https:\/\/topmedicus.eu\/hr\/izdelek\/balzam-za-stopala-i-noge-125-ml-suha-koza-stopala\/","title":{"rendered":"BALZAM ZA STOPALA I NOGE, 125 ml &#8211; suha ko\u017ea stopala"},"content":{"rendered":"<p data-start=\"0\" data-end=\"168\"><strong data-start=\"0\" data-end=\"35\">Sixtus BALZAM ZA STOPALA I NOGE<\/strong> \u2013 njeguju\u0107i i hidratantni balzam protiv suhe ko\u017ee s ekstraktima alpskog bilja, prirodnim eteri\u010dnim uljima i hijaluronskom kiselinom.<\/p>\n<p data-start=\"170\" data-end=\"416\">Esencije iz razli\u010ditih alpskih biljaka dobivaju se posebno nje\u017enim postupkom \u2013 ekstrakcijom bez primjene topline. Time se o\u010duvaju dragocjeni, na toplinu osjetljivi aktivni sastojci, a njihova koncentrirana snaga ulazi u Sixtus proizvode za njegu.<\/p>\n<p data-start=\"418\" data-end=\"672\"><strong data-start=\"418\" data-end=\"450\">\u010cista prirodna eteri\u010dna ulja<\/strong> \u2013 Sixtus proizvodi sadr\u017ee oko 40 razli\u010ditih eteri\u010dnih ulja u visokoj koncentraciji. Ovisno o sastavu, poti\u010du regeneraciju ko\u017ee, pobolj\u0161avaju cirkulaciju te djeluju protuupalno, dezinfekcijski, umiruju\u0107e ili stimuliraju\u0107e.<\/p>\n<p data-start=\"674\" data-end=\"985\"><strong data-start=\"674\" data-end=\"699\">Hijaluronska kiselina<\/strong> prisutna je gotovo posvuda u tijelu. Rije\u010d je o prirodnom polisaharidu s izvanrednom sposobno\u0161\u0107u vezivanja vlage, koji uz intenzivnu hidrataciju tako\u0111er zagla\u0111uje ko\u017eu i pospje\u0161uje zacjeljivanje rana. U ko\u017ei hijaluronska kiselina odr\u017eava prirodnu elasti\u010dnost i \u010dvrsto\u0107u vezivnog tkiva.<\/p>\n<p data-start=\"987\" data-end=\"1040\">30 % tube izra\u0111eno je od recikliranog materijala.<\/p>\n<hr data-start=\"1042\" data-end=\"1045\" \/>\n<h3 data-start=\"1047\" data-end=\"1098\"><strong data-start=\"1051\" data-end=\"1098\">\u0160TO POMA\u017dE UMORNIM I OPTERE\u0106ENIM STOPALIMA?<\/strong><\/h3>\n<p data-start=\"1100\" data-end=\"1343\">Bez obzira stojite li cijeli dan, volite li \u0161etati ili tr\u010dite maratone \u2013 <strong data-start=\"1173\" data-end=\"1207\">Sixtus linija za njegu stopala<\/strong> s visokokoncentriranim ekstraktima alpskog bilja i \u010distim prirodnim eteri\u010dnim uljima poma\u017ee va\u0161im stopalima da ostanu sna\u017ena i otporna.<\/p>\n<p data-start=\"1345\" data-end=\"1590\">Zatvorena obu\u0107a koja ne propu\u0161ta zrak, hladno\u0107a, genetski \u010dimbenici ili bolesti poput dijabetesa mogu uzrokovati izrazito suhu ko\u017eu stopala. Ko\u017ea stopala prirodno ima puno znojnih, a malo lojnih \u017elijezda, zbog \u010dega brzo postaje gruba i ispucala.<\/p>\n<p data-start=\"1592\" data-end=\"1955\">Suha ko\u017ea nije neugodna samo pri planinarenju, ve\u0107 i u svakodnevici. Jo\u0161 gore \u2013 gruba, ispucala ko\u017ea gubi svoju za\u0161titnu funkciju i lako postaje podlo\u017ena bakterijama ili gljivicama. Zato je hidratacija klju\u010dna, osobito u njezi stopala kod dijabeti\u010dara. Suha ko\u017ea brzo postaje zadebljana, \u0161to nije samo estetski problem \u2013 mo\u017ee dovesti do bolnih pukotina na petama.<\/p>\n<p data-start=\"1957\" data-end=\"2232\">Prikladan balzam za vrlo suhu ko\u017eu ili za zadebljalu ko\u017eu mo\u017ee sprije\u010diti te tegobe.<br data-start=\"2041\" data-end=\"2044\" \/>Specijalni proizvodi za pobolj\u0161anje elasti\u010dnosti ko\u017ee, za\u0161titu od \u017euljeva i ja\u010danje otpornosti ko\u017ee, kao i protiv gljivi\u010dnih infekcija, \u010dine va\u0161a stopala zdravima, bezbolnima i lijepima.<\/p>\n<p data-start=\"2234\" data-end=\"2287\"><strong data-start=\"2234\" data-end=\"2287\">Njegujte svoja stopala \u2013 ona vas nose kroz \u017eivot!<\/strong><\/p>\n<p data-start=\"2289\" data-end=\"2326\" data-is-last-node=\"\" data-is-only-node=\"\"><em>Proizvo\u0111a\u010d: Sixtus GmbH, Njema\u010dka<\/em><\/p>\n","protected":false},"excerpt":{"rendered":"<article class=\"text-token-text-primary w-full\" dir=\"auto\" data-testid=\"conversation-turn-40\" data-scroll-anchor=\"true\">\n<div class=\"text-base my-auto mx-auto py-5 [--thread-content-margin:--spacing(4)] @[37rem]:[--thread-content-margin:--spacing(6)] @[72rem]:[--thread-content-margin:--spacing(16)] px-(--thread-content-margin)\">\n<div class=\"[--thread-content-max-width:32rem] @[34rem]:[--thread-content-max-width:40rem] @[64rem]:[--thread-content-max-width:48rem] mx-auto flex max-w-(--thread-content-max-width) flex-1 text-base gap-4 md:gap-5 lg:gap-6 group\/turn-messages focus-visible:outline-hidden\" tabindex=\"-1\">\n<div class=\"group\/conversation-turn relative flex w-full min-w-0 flex-col agent-turn\">\n<div class=\"relative flex-col gap-1 md:gap-3\">\n<div class=\"flex max-w-full flex-col grow\">\n<div class=\"min-h-8 text-message relative flex w-full flex-col items-end gap-2 text-start break-words whitespace-normal [.text-message+&amp;]:mt-5\" dir=\"auto\" data-message-author-role=\"assistant\" data-message-id=\"c11eeb74-b05c-433d-8892-25d67b2a62da\" data-message-model-slug=\"gpt-4o\">\n<div class=\"flex w-full flex-col gap-1 empty:hidden first:pt-[3px]\">\n<div class=\"markdown prose dark:prose-invert w-full break-words light\">\n<ul>\n<li data-start=\"0\" data-end=\"128\">Intenzivno njeguje suhu ko\u017eu nogu i stopala.<\/li>\n<li data-start=\"0\" data-end=\"128\">Hidratizira ko\u017eu nogu i stopala.<\/li>\n<li data-start=\"0\" data-end=\"128\">Vidljivo pobolj\u0161ava elasti\u010dnost i podatnost ko\u017ee.<\/li>\n<\/ul>\n<\/div>\n<\/div>\n<\/div>\n<\/div>\n<\/div>\n<\/div>\n<\/div>\n<\/div>\n<\/article>\n","protected":false},"featured_media":12743,"comment_status":"closed","ping_status":"closed","template":"","meta":{"_acf_changed":false},"product_brand":[633],"product_cat":[666,749],"product_tag":[],"blagovna-znamka":[1063],"class_list":{"0":"post-12742","1":"product","2":"type-product","3":"status-publish","4":"has-post-thumbnail","6":"product_brand-sixtus","7":"product_cat-suha-koza-stopala","8":"product_cat-za-diabeticare","9":"blagovna-znamka-sixtus-hr","11":"first","12":"instock","13":"taxable","14":"shipping-taxable","15":"purchasable","16":"product-type-simple"},"acf":[],"yoast_head":"<!-- This site is optimized with the Yoast SEO plugin v27.4 - https:\/\/yoast.com\/product\/yoast-seo-wordpress\/ -->\n<title>BALZAM ZA STOPALA I NOGE, 125 ml - suha ko\u017ea stopala - Topmedicus HR<\/title>\n<meta name=\"description\" content=\"Njeguju\u0107i balzam za suhu ko\u017eu stopala i nogu. S hijaluronskom kiselinom, \u010distim prirodnim eteri\u010dnim uljima i ekstraktima alpskog bilja.\" \/>\n<meta name=\"robots\" content=\"index, follow, max-snippet:-1, max-image-preview:large, max-video-preview:-1\" \/>\n<link rel=\"canonical\" href=\"https:\/\/topmedicus.eu\/hr\/izdelek\/balzam-za-stopala-i-noge-125-ml-suha-koza-stopala\/\" \/>\n<meta property=\"og:locale\" content=\"hr_HR\" \/>\n<meta property=\"og:type\" content=\"article\" \/>\n<meta property=\"og:title\" content=\"BALZAM ZA STOPALA I NOGE, 125 ml - suha ko\u017ea stopala - Topmedicus HR\" \/>\n<meta property=\"og:description\" content=\"Njeguju\u0107i balzam za suhu ko\u017eu stopala i nogu. S hijaluronskom kiselinom, \u010distim prirodnim eteri\u010dnim uljima i ekstraktima alpskog bilja.\" \/>\n<meta property=\"og:url\" content=\"https:\/\/topmedicus.eu\/hr\/izdelek\/balzam-za-stopala-i-noge-125-ml-suha-koza-stopala\/\" \/>\n<meta property=\"og:site_name\" content=\"Topmedicus HR\" \/>\n<meta property=\"og:image\" content=\"https:\/\/topmedicus.eu\/wp-content\/uploads\/2025\/02\/Sixtus-BALZAM-ZA-NOGE-suha-koza-125-ml.jpg\" \/>\n\t<meta property=\"og:image:width\" content=\"600\" \/>\n\t<meta property=\"og:image:height\" content=\"600\" \/>\n\t<meta property=\"og:image:type\" content=\"image\/jpeg\" \/>\n<meta name=\"twitter:card\" content=\"summary_large_image\" \/>\n<meta name=\"twitter:label1\" content=\"Procijenjeno vrijeme \u010ditanja\" \/>\n\t<meta name=\"twitter:data1\" content=\"2 minute\" \/>\n<script type=\"application\/ld+json\" class=\"yoast-schema-graph\">{\"@context\":\"https:\\\/\\\/schema.org\",\"@graph\":[{\"@type\":\"WebPage\",\"@id\":\"https:\\\/\\\/topmedicus.eu\\\/hr\\\/izdelek\\\/balzam-za-stopala-i-noge-125-ml-suha-koza-stopala\\\/\",\"url\":\"https:\\\/\\\/topmedicus.eu\\\/hr\\\/izdelek\\\/balzam-za-stopala-i-noge-125-ml-suha-koza-stopala\\\/\",\"name\":\"BALZAM ZA STOPALA I NOGE, 125 ml - suha ko\u017ea stopala - Topmedicus HR\",\"isPartOf\":{\"@id\":\"https:\\\/\\\/topmedicus.eu\\\/en\\\/#website\"},\"primaryImageOfPage\":{\"@id\":\"https:\\\/\\\/topmedicus.eu\\\/hr\\\/izdelek\\\/balzam-za-stopala-i-noge-125-ml-suha-koza-stopala\\\/#primaryimage\"},\"image\":{\"@id\":\"https:\\\/\\\/topmedicus.eu\\\/hr\\\/izdelek\\\/balzam-za-stopala-i-noge-125-ml-suha-koza-stopala\\\/#primaryimage\"},\"thumbnailUrl\":\"https:\\\/\\\/topmedicus.eu\\\/wp-content\\\/uploads\\\/2025\\\/02\\\/Sixtus-BALZAM-ZA-NOGE-suha-koza-125-ml.jpg\",\"datePublished\":\"2025-02-12T22:01:40+00:00\",\"description\":\"Njeguju\u0107i balzam za suhu ko\u017eu stopala i nogu. S hijaluronskom kiselinom, \u010distim prirodnim eteri\u010dnim uljima i ekstraktima alpskog bilja.\",\"breadcrumb\":{\"@id\":\"https:\\\/\\\/topmedicus.eu\\\/hr\\\/izdelek\\\/balzam-za-stopala-i-noge-125-ml-suha-koza-stopala\\\/#breadcrumb\"},\"inLanguage\":\"hr\",\"potentialAction\":[{\"@type\":\"ReadAction\",\"target\":[\"https:\\\/\\\/topmedicus.eu\\\/hr\\\/izdelek\\\/balzam-za-stopala-i-noge-125-ml-suha-koza-stopala\\\/\"]}]},{\"@type\":\"ImageObject\",\"inLanguage\":\"hr\",\"@id\":\"https:\\\/\\\/topmedicus.eu\\\/hr\\\/izdelek\\\/balzam-za-stopala-i-noge-125-ml-suha-koza-stopala\\\/#primaryimage\",\"url\":\"https:\\\/\\\/topmedicus.eu\\\/wp-content\\\/uploads\\\/2025\\\/02\\\/Sixtus-BALZAM-ZA-NOGE-suha-koza-125-ml.jpg\",\"contentUrl\":\"https:\\\/\\\/topmedicus.eu\\\/wp-content\\\/uploads\\\/2025\\\/02\\\/Sixtus-BALZAM-ZA-NOGE-suha-koza-125-ml.jpg\",\"width\":600,\"height\":600},{\"@type\":\"BreadcrumbList\",\"@id\":\"https:\\\/\\\/topmedicus.eu\\\/hr\\\/izdelek\\\/balzam-za-stopala-i-noge-125-ml-suha-koza-stopala\\\/#breadcrumb\",\"itemListElement\":[{\"@type\":\"ListItem\",\"position\":1,\"name\":\"Home\",\"item\":\"https:\\\/\\\/topmedicus.eu\\\/hr\\\/domaca-stranica\\\/\"},{\"@type\":\"ListItem\",\"position\":2,\"name\":\"Shop\",\"item\":\"https:\\\/\\\/topmedicus.eu\\\/shop\\\/\"},{\"@type\":\"ListItem\",\"position\":3,\"name\":\"BALZAM ZA STOPALA I NOGE, 125 ml &#8211; suha ko\u017ea stopala\"}]},{\"@type\":\"WebSite\",\"@id\":\"https:\\\/\\\/topmedicus.eu\\\/en\\\/#website\",\"url\":\"https:\\\/\\\/topmedicus.eu\\\/en\\\/\",\"name\":\"Topmedicus HR\",\"description\":\"Prehranska dopolnila in dermatolo\u0161ka kozmetika\",\"potentialAction\":[{\"@type\":\"SearchAction\",\"target\":{\"@type\":\"EntryPoint\",\"urlTemplate\":\"https:\\\/\\\/topmedicus.eu\\\/en\\\/?s={search_term_string}\"},\"query-input\":{\"@type\":\"PropertyValueSpecification\",\"valueRequired\":true,\"valueName\":\"search_term_string\"}}],\"inLanguage\":\"hr\"}]}<\/script>\n<!-- \/ Yoast SEO plugin. -->","yoast_head_json":{"title":"BALZAM ZA STOPALA I NOGE, 125 ml - suha ko\u017ea stopala - Topmedicus HR","description":"Njeguju\u0107i balzam za suhu ko\u017eu stopala i nogu. S hijaluronskom kiselinom, \u010distim prirodnim eteri\u010dnim uljima i ekstraktima alpskog bilja.","robots":{"index":"index","follow":"follow","max-snippet":"max-snippet:-1","max-image-preview":"max-image-preview:large","max-video-preview":"max-video-preview:-1"},"canonical":"https:\/\/topmedicus.eu\/hr\/izdelek\/balzam-za-stopala-i-noge-125-ml-suha-koza-stopala\/","og_locale":"hr_HR","og_type":"article","og_title":"BALZAM ZA STOPALA I NOGE, 125 ml - suha ko\u017ea stopala - Topmedicus HR","og_description":"Njeguju\u0107i balzam za suhu ko\u017eu stopala i nogu. S hijaluronskom kiselinom, \u010distim prirodnim eteri\u010dnim uljima i ekstraktima alpskog bilja.","og_url":"https:\/\/topmedicus.eu\/hr\/izdelek\/balzam-za-stopala-i-noge-125-ml-suha-koza-stopala\/","og_site_name":"Topmedicus HR","og_image":[{"width":600,"height":600,"url":"https:\/\/topmedicus.eu\/wp-content\/uploads\/2025\/02\/Sixtus-BALZAM-ZA-NOGE-suha-koza-125-ml.jpg","type":"image\/jpeg"}],"twitter_card":"summary_large_image","twitter_misc":{"Procijenjeno vrijeme \u010ditanja":"2 minute"},"schema":{"@context":"https:\/\/schema.org","@graph":[{"@type":"WebPage","@id":"https:\/\/topmedicus.eu\/hr\/izdelek\/balzam-za-stopala-i-noge-125-ml-suha-koza-stopala\/","url":"https:\/\/topmedicus.eu\/hr\/izdelek\/balzam-za-stopala-i-noge-125-ml-suha-koza-stopala\/","name":"BALZAM ZA STOPALA I NOGE, 125 ml - suha ko\u017ea stopala - Topmedicus HR","isPartOf":{"@id":"https:\/\/topmedicus.eu\/en\/#website"},"primaryImageOfPage":{"@id":"https:\/\/topmedicus.eu\/hr\/izdelek\/balzam-za-stopala-i-noge-125-ml-suha-koza-stopala\/#primaryimage"},"image":{"@id":"https:\/\/topmedicus.eu\/hr\/izdelek\/balzam-za-stopala-i-noge-125-ml-suha-koza-stopala\/#primaryimage"},"thumbnailUrl":"https:\/\/topmedicus.eu\/wp-content\/uploads\/2025\/02\/Sixtus-BALZAM-ZA-NOGE-suha-koza-125-ml.jpg","datePublished":"2025-02-12T22:01:40+00:00","description":"Njeguju\u0107i balzam za suhu ko\u017eu stopala i nogu. S hijaluronskom kiselinom, \u010distim prirodnim eteri\u010dnim uljima i ekstraktima alpskog bilja.","breadcrumb":{"@id":"https:\/\/topmedicus.eu\/hr\/izdelek\/balzam-za-stopala-i-noge-125-ml-suha-koza-stopala\/#breadcrumb"},"inLanguage":"hr","potentialAction":[{"@type":"ReadAction","target":["https:\/\/topmedicus.eu\/hr\/izdelek\/balzam-za-stopala-i-noge-125-ml-suha-koza-stopala\/"]}]},{"@type":"ImageObject","inLanguage":"hr","@id":"https:\/\/topmedicus.eu\/hr\/izdelek\/balzam-za-stopala-i-noge-125-ml-suha-koza-stopala\/#primaryimage","url":"https:\/\/topmedicus.eu\/wp-content\/uploads\/2025\/02\/Sixtus-BALZAM-ZA-NOGE-suha-koza-125-ml.jpg","contentUrl":"https:\/\/topmedicus.eu\/wp-content\/uploads\/2025\/02\/Sixtus-BALZAM-ZA-NOGE-suha-koza-125-ml.jpg","width":600,"height":600},{"@type":"BreadcrumbList","@id":"https:\/\/topmedicus.eu\/hr\/izdelek\/balzam-za-stopala-i-noge-125-ml-suha-koza-stopala\/#breadcrumb","itemListElement":[{"@type":"ListItem","position":1,"name":"Home","item":"https:\/\/topmedicus.eu\/hr\/domaca-stranica\/"},{"@type":"ListItem","position":2,"name":"Shop","item":"https:\/\/topmedicus.eu\/shop\/"},{"@type":"ListItem","position":3,"name":"BALZAM ZA STOPALA I NOGE, 125 ml &#8211; suha ko\u017ea stopala"}]},{"@type":"WebSite","@id":"https:\/\/topmedicus.eu\/en\/#website","url":"https:\/\/topmedicus.eu\/en\/","name":"Topmedicus HR","description":"Prehranska dopolnila in dermatolo\u0161ka kozmetika","potentialAction":[{"@type":"SearchAction","target":{"@type":"EntryPoint","urlTemplate":"https:\/\/topmedicus.eu\/en\/?s={search_term_string}"},"query-input":{"@type":"PropertyValueSpecification","valueRequired":true,"valueName":"search_term_string"}}],"inLanguage":"hr"}]}},"jetpack_sharing_enabled":true,"_links":{"self":[{"href":"https:\/\/topmedicus.eu\/hr\/wp-json\/wp\/v2\/product\/12742","targetHints":{"allow":["GET"]}}],"collection":[{"href":"https:\/\/topmedicus.eu\/hr\/wp-json\/wp\/v2\/product"}],"about":[{"href":"https:\/\/topmedicus.eu\/hr\/wp-json\/wp\/v2\/types\/product"}],"replies":[{"embeddable":true,"href":"https:\/\/topmedicus.eu\/hr\/wp-json\/wp\/v2\/comments?post=12742"}],"wp:featuredmedia":[{"embeddable":true,"href":"https:\/\/topmedicus.eu\/hr\/wp-json\/wp\/v2\/media\/12743"}],"wp:attachment":[{"href":"https:\/\/topmedicus.eu\/hr\/wp-json\/wp\/v2\/media?parent=12742"}],"wp:term":[{"taxonomy":"product_brand","embeddable":true,"href":"https:\/\/topmedicus.eu\/hr\/wp-json\/wp\/v2\/product_brand?post=12742"},{"taxonomy":"product_cat","embeddable":true,"href":"https:\/\/topmedicus.eu\/hr\/wp-json\/wp\/v2\/product_cat?post=12742"},{"taxonomy":"product_tag","embeddable":true,"href":"https:\/\/topmedicus.eu\/hr\/wp-json\/wp\/v2\/product_tag?post=12742"},{"taxonomy":"blagovna-znamka","embeddable":true,"href":"https:\/\/topmedicus.eu\/hr\/wp-json\/wp\/v2\/blagovna-znamka?post=12742"}],"curies":[{"name":"wp","href":"https:\/\/api.w.org\/{rel}","templated":true}]}}