{"id":12745,"date":"2025-02-12T22:01:40","date_gmt":"2025-02-12T22:01:40","guid":{"rendered":"https:\/\/topmedicus.eu\/izdelek\/ulje-za-nokte-20-ml-za-suhe-nokte\/"},"modified":"2025-06-26T04:45:50","modified_gmt":"2025-06-26T04:45:50","slug":"ulje-za-nokte-20-ml-za-suhe-nokte","status":"publish","type":"product","link":"https:\/\/topmedicus.eu\/hr\/izdelek\/ulje-za-nokte-20-ml-za-suhe-nokte\/","title":{"rendered":"ULJE ZA NOKTE, 20 ml \u2013 za suhe nokte"},"content":{"rendered":"<p data-start=\"0\" data-end=\"96\"><strong data-start=\"0\" data-end=\"24\">Sixtus ULJE ZA NOKTE<\/strong> ja\u010da nokte i nokatnu plo\u010du. S uljem p\u0161eni\u010dnih klica i eteri\u010dnim uljima.<\/p>\n<p data-start=\"98\" data-end=\"476\"><strong data-start=\"98\" data-end=\"122\">Sixtus ULJE ZA NOKTE<\/strong> idealno je za vra\u0107anje elasti\u010dnosti i sjaja suhim noktima. Posebno <strong data-start=\"190\" data-end=\"207\">jojobino ulje<\/strong> njeguje nokte i ko\u017eu oko noktiju te ih intenzivno vla\u017ei, pridonose\u0107i obnovljenom, urednom izgledu va\u0161ih noktiju. Dragocjeno <strong data-start=\"332\" data-end=\"356\">ulje p\u0161eni\u010dnih klica<\/strong> umiruje nadra\u017eenu ko\u017eu oko noktiju. Zbog visokog udjela <strong data-start=\"413\" data-end=\"427\">vitamina E<\/strong>, djeluje kao u\u010dinkovit lovac slobodnih radikala.<\/p>\n<p data-start=\"478\" data-end=\"716\">Ulje p\u0161eni\u010dnih klica, dobiveno hladnim pre\u0161anjem, zadr\u017eava vrijedne sastojke poput vitamina E. Vitamin E ja\u010da ko\u017eu, kosu i nokte te mo\u017ee sprije\u010diti prerano starenje ko\u017ee. Tamno\u017euto ulje dodatno djeluje protuupalno i obnavlja masno\u0107u ko\u017ee.<\/p>\n<p data-start=\"718\" data-end=\"973\"><strong data-start=\"718\" data-end=\"750\">\u010cista prirodna eteri\u010dna ulja<\/strong> \u2013 Sixtus proizvodi sadr\u017ee oko 40 razli\u010ditih eteri\u010dnih ulja u visokoj koncentraciji. Ovisno o sastavu, poti\u010du regeneraciju ko\u017ee, pobolj\u0161avaju cirkulaciju te djeluju protuupalno, dezinficijensno, umiruju\u0107e ili stimuliraju\u0107e.<\/p>\n<hr data-start=\"975\" data-end=\"978\">\n<p data-start=\"980\" data-end=\"1068\"><em>Proizvodi: Sixtus GmbH, Njema\u010dka<\/em><\/p>\n","protected":false},"excerpt":{"rendered":"<ul>\n<li>Za suhe nokte \u2013 hidratizira nokte i ko\u017eu oko noktiju.<\/li>\n<li>Za njegovane nokte<\/li>\n<\/ul>\n","protected":false},"featured_media":12746,"comment_status":"closed","ping_status":"closed","template":"","meta":{"_acf_changed":false},"product_brand":[633],"product_cat":[662],"product_tag":[],"blagovna-znamka":[1063],"class_list":{"0":"post-12745","1":"product","2":"type-product","3":"status-publish","4":"has-post-thumbnail","6":"product_brand-sixtus","7":"product_cat-ruke-i-nokti","8":"blagovna-znamka-sixtus-hr","10":"first","11":"instock","12":"taxable","13":"shipping-taxable","14":"purchasable","15":"product-type-simple"},"acf":[],"yoast_head":"<!-- This site is optimized with the Yoast SEO plugin v27.4 - https:\/\/yoast.com\/product\/yoast-seo-wordpress\/ -->\n<title>ULJE ZA NOKTE, 20 ml \u2013 za suhe nokte - Topmedicus HR<\/title>\n<meta name=\"description\" content=\"Hidratizira nokte i ko\u017eu oko noktiju, osigurava lijep, zdrav i njegovan izgled noktiju. Ja\u010da prirodnu za\u0161titnu funkciju noktiju i smanjuje rizik od gljivi\u010dnih infekcija.\" \/>\n<meta name=\"robots\" content=\"index, follow, max-snippet:-1, max-image-preview:large, max-video-preview:-1\" \/>\n<link rel=\"canonical\" href=\"https:\/\/topmedicus.eu\/hr\/izdelek\/ulje-za-nokte-20-ml-za-suhe-nokte\/\" \/>\n<meta property=\"og:locale\" content=\"hr_HR\" \/>\n<meta property=\"og:type\" content=\"article\" \/>\n<meta property=\"og:title\" content=\"ULJE ZA NOKTE, 20 ml \u2013 za suhe nokte - Topmedicus HR\" \/>\n<meta property=\"og:description\" content=\"Hidratizira nokte i ko\u017eu oko noktiju, osigurava lijep, zdrav i njegovan izgled noktiju. Ja\u010da prirodnu za\u0161titnu funkciju noktiju i smanjuje rizik od gljivi\u010dnih infekcija.\" \/>\n<meta property=\"og:url\" content=\"https:\/\/topmedicus.eu\/hr\/izdelek\/ulje-za-nokte-20-ml-za-suhe-nokte\/\" \/>\n<meta property=\"og:site_name\" content=\"Topmedicus HR\" \/>\n<meta property=\"article:modified_time\" content=\"2025-06-26T04:45:50+00:00\" \/>\n<meta property=\"og:image\" content=\"https:\/\/topmedicus.eu\/wp-content\/uploads\/2025\/02\/Sixtus-OLJE-ZA-NOHTE-20-ml.jpg\" \/>\n\t<meta property=\"og:image:width\" content=\"600\" \/>\n\t<meta property=\"og:image:height\" content=\"619\" \/>\n\t<meta property=\"og:image:type\" content=\"image\/jpeg\" \/>\n<meta name=\"twitter:card\" content=\"summary_large_image\" \/>\n<meta name=\"twitter:label1\" content=\"Procijenjeno vrijeme \u010ditanja\" \/>\n\t<meta name=\"twitter:data1\" content=\"1 minuta\" \/>\n<script type=\"application\/ld+json\" class=\"yoast-schema-graph\">{\"@context\":\"https:\\\/\\\/schema.org\",\"@graph\":[{\"@type\":\"WebPage\",\"@id\":\"https:\\\/\\\/topmedicus.eu\\\/hr\\\/izdelek\\\/ulje-za-nokte-20-ml-za-suhe-nokte\\\/\",\"url\":\"https:\\\/\\\/topmedicus.eu\\\/hr\\\/izdelek\\\/ulje-za-nokte-20-ml-za-suhe-nokte\\\/\",\"name\":\"ULJE ZA NOKTE, 20 ml \u2013 za suhe nokte - Topmedicus HR\",\"isPartOf\":{\"@id\":\"https:\\\/\\\/topmedicus.eu\\\/en\\\/#website\"},\"primaryImageOfPage\":{\"@id\":\"https:\\\/\\\/topmedicus.eu\\\/hr\\\/izdelek\\\/ulje-za-nokte-20-ml-za-suhe-nokte\\\/#primaryimage\"},\"image\":{\"@id\":\"https:\\\/\\\/topmedicus.eu\\\/hr\\\/izdelek\\\/ulje-za-nokte-20-ml-za-suhe-nokte\\\/#primaryimage\"},\"thumbnailUrl\":\"https:\\\/\\\/topmedicus.eu\\\/wp-content\\\/uploads\\\/2025\\\/02\\\/Sixtus-OLJE-ZA-NOHTE-20-ml.jpg\",\"datePublished\":\"2025-02-12T22:01:40+00:00\",\"dateModified\":\"2025-06-26T04:45:50+00:00\",\"description\":\"Hidratizira nokte i ko\u017eu oko noktiju, osigurava lijep, zdrav i njegovan izgled noktiju. Ja\u010da prirodnu za\u0161titnu funkciju noktiju i smanjuje rizik od gljivi\u010dnih infekcija.\",\"breadcrumb\":{\"@id\":\"https:\\\/\\\/topmedicus.eu\\\/hr\\\/izdelek\\\/ulje-za-nokte-20-ml-za-suhe-nokte\\\/#breadcrumb\"},\"inLanguage\":\"hr\",\"potentialAction\":[{\"@type\":\"ReadAction\",\"target\":[\"https:\\\/\\\/topmedicus.eu\\\/hr\\\/izdelek\\\/ulje-za-nokte-20-ml-za-suhe-nokte\\\/\"]}]},{\"@type\":\"ImageObject\",\"inLanguage\":\"hr\",\"@id\":\"https:\\\/\\\/topmedicus.eu\\\/hr\\\/izdelek\\\/ulje-za-nokte-20-ml-za-suhe-nokte\\\/#primaryimage\",\"url\":\"https:\\\/\\\/topmedicus.eu\\\/wp-content\\\/uploads\\\/2025\\\/02\\\/Sixtus-OLJE-ZA-NOHTE-20-ml.jpg\",\"contentUrl\":\"https:\\\/\\\/topmedicus.eu\\\/wp-content\\\/uploads\\\/2025\\\/02\\\/Sixtus-OLJE-ZA-NOHTE-20-ml.jpg\",\"width\":600,\"height\":619},{\"@type\":\"BreadcrumbList\",\"@id\":\"https:\\\/\\\/topmedicus.eu\\\/hr\\\/izdelek\\\/ulje-za-nokte-20-ml-za-suhe-nokte\\\/#breadcrumb\",\"itemListElement\":[{\"@type\":\"ListItem\",\"position\":1,\"name\":\"Home\",\"item\":\"https:\\\/\\\/topmedicus.eu\\\/hr\\\/domaca-stranica\\\/\"},{\"@type\":\"ListItem\",\"position\":2,\"name\":\"Shop\",\"item\":\"https:\\\/\\\/topmedicus.eu\\\/shop\\\/\"},{\"@type\":\"ListItem\",\"position\":3,\"name\":\"ULJE ZA NOKTE, 20 ml \u2013 za suhe nokte\"}]},{\"@type\":\"WebSite\",\"@id\":\"https:\\\/\\\/topmedicus.eu\\\/en\\\/#website\",\"url\":\"https:\\\/\\\/topmedicus.eu\\\/en\\\/\",\"name\":\"Topmedicus HR\",\"description\":\"Prehranska dopolnila in dermatolo\u0161ka kozmetika\",\"potentialAction\":[{\"@type\":\"SearchAction\",\"target\":{\"@type\":\"EntryPoint\",\"urlTemplate\":\"https:\\\/\\\/topmedicus.eu\\\/en\\\/?s={search_term_string}\"},\"query-input\":{\"@type\":\"PropertyValueSpecification\",\"valueRequired\":true,\"valueName\":\"search_term_string\"}}],\"inLanguage\":\"hr\"}]}<\/script>\n<!-- \/ Yoast SEO plugin. -->","yoast_head_json":{"title":"ULJE ZA NOKTE, 20 ml \u2013 za suhe nokte - Topmedicus HR","description":"Hidratizira nokte i ko\u017eu oko noktiju, osigurava lijep, zdrav i njegovan izgled noktiju. Ja\u010da prirodnu za\u0161titnu funkciju noktiju i smanjuje rizik od gljivi\u010dnih infekcija.","robots":{"index":"index","follow":"follow","max-snippet":"max-snippet:-1","max-image-preview":"max-image-preview:large","max-video-preview":"max-video-preview:-1"},"canonical":"https:\/\/topmedicus.eu\/hr\/izdelek\/ulje-za-nokte-20-ml-za-suhe-nokte\/","og_locale":"hr_HR","og_type":"article","og_title":"ULJE ZA NOKTE, 20 ml \u2013 za suhe nokte - Topmedicus HR","og_description":"Hidratizira nokte i ko\u017eu oko noktiju, osigurava lijep, zdrav i njegovan izgled noktiju. Ja\u010da prirodnu za\u0161titnu funkciju noktiju i smanjuje rizik od gljivi\u010dnih infekcija.","og_url":"https:\/\/topmedicus.eu\/hr\/izdelek\/ulje-za-nokte-20-ml-za-suhe-nokte\/","og_site_name":"Topmedicus HR","article_modified_time":"2025-06-26T04:45:50+00:00","og_image":[{"width":600,"height":619,"url":"https:\/\/topmedicus.eu\/wp-content\/uploads\/2025\/02\/Sixtus-OLJE-ZA-NOHTE-20-ml.jpg","type":"image\/jpeg"}],"twitter_card":"summary_large_image","twitter_misc":{"Procijenjeno vrijeme \u010ditanja":"1 minuta"},"schema":{"@context":"https:\/\/schema.org","@graph":[{"@type":"WebPage","@id":"https:\/\/topmedicus.eu\/hr\/izdelek\/ulje-za-nokte-20-ml-za-suhe-nokte\/","url":"https:\/\/topmedicus.eu\/hr\/izdelek\/ulje-za-nokte-20-ml-za-suhe-nokte\/","name":"ULJE ZA NOKTE, 20 ml \u2013 za suhe nokte - Topmedicus HR","isPartOf":{"@id":"https:\/\/topmedicus.eu\/en\/#website"},"primaryImageOfPage":{"@id":"https:\/\/topmedicus.eu\/hr\/izdelek\/ulje-za-nokte-20-ml-za-suhe-nokte\/#primaryimage"},"image":{"@id":"https:\/\/topmedicus.eu\/hr\/izdelek\/ulje-za-nokte-20-ml-za-suhe-nokte\/#primaryimage"},"thumbnailUrl":"https:\/\/topmedicus.eu\/wp-content\/uploads\/2025\/02\/Sixtus-OLJE-ZA-NOHTE-20-ml.jpg","datePublished":"2025-02-12T22:01:40+00:00","dateModified":"2025-06-26T04:45:50+00:00","description":"Hidratizira nokte i ko\u017eu oko noktiju, osigurava lijep, zdrav i njegovan izgled noktiju. Ja\u010da prirodnu za\u0161titnu funkciju noktiju i smanjuje rizik od gljivi\u010dnih infekcija.","breadcrumb":{"@id":"https:\/\/topmedicus.eu\/hr\/izdelek\/ulje-za-nokte-20-ml-za-suhe-nokte\/#breadcrumb"},"inLanguage":"hr","potentialAction":[{"@type":"ReadAction","target":["https:\/\/topmedicus.eu\/hr\/izdelek\/ulje-za-nokte-20-ml-za-suhe-nokte\/"]}]},{"@type":"ImageObject","inLanguage":"hr","@id":"https:\/\/topmedicus.eu\/hr\/izdelek\/ulje-za-nokte-20-ml-za-suhe-nokte\/#primaryimage","url":"https:\/\/topmedicus.eu\/wp-content\/uploads\/2025\/02\/Sixtus-OLJE-ZA-NOHTE-20-ml.jpg","contentUrl":"https:\/\/topmedicus.eu\/wp-content\/uploads\/2025\/02\/Sixtus-OLJE-ZA-NOHTE-20-ml.jpg","width":600,"height":619},{"@type":"BreadcrumbList","@id":"https:\/\/topmedicus.eu\/hr\/izdelek\/ulje-za-nokte-20-ml-za-suhe-nokte\/#breadcrumb","itemListElement":[{"@type":"ListItem","position":1,"name":"Home","item":"https:\/\/topmedicus.eu\/hr\/domaca-stranica\/"},{"@type":"ListItem","position":2,"name":"Shop","item":"https:\/\/topmedicus.eu\/shop\/"},{"@type":"ListItem","position":3,"name":"ULJE ZA NOKTE, 20 ml \u2013 za suhe nokte"}]},{"@type":"WebSite","@id":"https:\/\/topmedicus.eu\/en\/#website","url":"https:\/\/topmedicus.eu\/en\/","name":"Topmedicus HR","description":"Prehranska dopolnila in dermatolo\u0161ka kozmetika","potentialAction":[{"@type":"SearchAction","target":{"@type":"EntryPoint","urlTemplate":"https:\/\/topmedicus.eu\/en\/?s={search_term_string}"},"query-input":{"@type":"PropertyValueSpecification","valueRequired":true,"valueName":"search_term_string"}}],"inLanguage":"hr"}]}},"jetpack_sharing_enabled":true,"_links":{"self":[{"href":"https:\/\/topmedicus.eu\/hr\/wp-json\/wp\/v2\/product\/12745","targetHints":{"allow":["GET"]}}],"collection":[{"href":"https:\/\/topmedicus.eu\/hr\/wp-json\/wp\/v2\/product"}],"about":[{"href":"https:\/\/topmedicus.eu\/hr\/wp-json\/wp\/v2\/types\/product"}],"replies":[{"embeddable":true,"href":"https:\/\/topmedicus.eu\/hr\/wp-json\/wp\/v2\/comments?post=12745"}],"wp:featuredmedia":[{"embeddable":true,"href":"https:\/\/topmedicus.eu\/hr\/wp-json\/wp\/v2\/media\/12746"}],"wp:attachment":[{"href":"https:\/\/topmedicus.eu\/hr\/wp-json\/wp\/v2\/media?parent=12745"}],"wp:term":[{"taxonomy":"product_brand","embeddable":true,"href":"https:\/\/topmedicus.eu\/hr\/wp-json\/wp\/v2\/product_brand?post=12745"},{"taxonomy":"product_cat","embeddable":true,"href":"https:\/\/topmedicus.eu\/hr\/wp-json\/wp\/v2\/product_cat?post=12745"},{"taxonomy":"product_tag","embeddable":true,"href":"https:\/\/topmedicus.eu\/hr\/wp-json\/wp\/v2\/product_tag?post=12745"},{"taxonomy":"blagovna-znamka","embeddable":true,"href":"https:\/\/topmedicus.eu\/hr\/wp-json\/wp\/v2\/blagovna-znamka?post=12745"}],"curies":[{"name":"wp","href":"https:\/\/api.w.org\/{rel}","templated":true}]}}