{"id":12748,"date":"2025-02-12T22:01:39","date_gmt":"2025-02-12T22:01:39","guid":{"rendered":"https:\/\/topmedicus.eu\/izdelek\/atopix-intenzivna-njega-kremna-pjena-repair-200-ml-atopijski-dermatitis\/"},"modified":"2026-02-14T05:09:38","modified_gmt":"2026-02-14T05:09:38","slug":"atopix-intenzivna-njega-kremna-pjena-repair-200-ml-atopijski-dermatitis","status":"publish","type":"product","link":"https:\/\/topmedicus.eu\/hr\/izdelek\/atopix-intenzivna-njega-kremna-pjena-repair-200-ml-atopijski-dermatitis\/","title":{"rendered":"Atopijski dermatitis ATOPIX INTENZIVNA NJEGA, kremna pjena Repair, 200 ml"},"content":{"rendered":"<h3 data-start=\"0\" data-end=\"73\">Posebna neutralna njega za ko\u017eu poput one kod atopijskog dermatitisa<\/h3>\n<p data-start=\"77\" data-end=\"419\"><strong data-start=\"77\" data-end=\"147\">Allpresan derma med ATOPIX INTENZIVNA NJEGA, kremasta pjena Repair<\/strong> namijenjena je neutralnoj terapijskoj njezi ko\u017ee kakva se javlja kod atopijskog dermatitisa. Razvijena je za osjetljivu, nadra\u017eenu, svrbe\u017enu i crvenu ko\u017eu. Zahvaljuju\u0107i laganoj pjenastoj teksturi brzo se upija i ne ostavlja mastan film. Idealna je za svakodnevnu njegu.<\/p>\n<p data-start=\"423\" data-end=\"492\">Znatno pobolj\u0161ava kvalitetu \u017eivota osoba s atopijskim dermatitisom.<\/p>\n<h3 data-start=\"505\" data-end=\"539\">\u0160to je atopijski dermatitis?<\/h3>\n<p data-start=\"541\" data-end=\"848\">Atopijski dermatitis je kroni\u010dna, nezarazna ko\u017ena bolest koju karakteriziraju suha ko\u017ea, svrbe\u017e, upale i o\u0161te\u0107ena ko\u017ena barijera. Zbog naru\u0161ene za\u0161titne funkcije ko\u017ee \u0161tetne tvari lak\u0161e prodiru u ko\u017eu i izazivaju svrbe\u017e, dok istodobno vlaga izlazi kroz o\u0161te\u0107enu barijeru, \u0161to dodatno poja\u010dava suho\u0107u ko\u017ee.<\/p>\n<p data-start=\"852\" data-end=\"971\">Bolest se javlja u fazama pogor\u0161anja (egzacerbacijama), koje mogu potaknuti stres, alergeni ili promjene temperature.<\/p>\n<p data-start=\"975\" data-end=\"1342\">Osnova lije\u010denja atopijskog dermatitisa je svakodnevna njega ko\u017ee. Tijekom akutnih faza pravilna njega va\u017ena je za pobolj\u0161anje stanja ko\u017ee i prekid za\u010daranog kruga svrbe\u017ea i \u010de\u0161anja, koji dodatno o\u0161te\u0107uju ko\u017enu barijeru. U razdobljima bez simptoma redovita njega opskrbljuje ko\u017eu vlagom i lipidima, pobolj\u0161ava elasti\u010dnost i mo\u017ee produljiti razdoblja bez pogor\u0161anja.<\/p>\n<h3 data-start=\"1355\" data-end=\"1392\">Obnova i za\u0161tita ko\u017ene barijere<\/h3>\n<p data-start=\"1394\" data-end=\"1652\">Allpresan derma med ATOPIX INTENZIVNA NJEGA, kremasta pjena Repair, sadr\u017ei biomimeti\u010dke lipide koji poma\u017eu zatvoriti praznine u o\u0161te\u0107enoj ko\u017enoj barijeri. Studije pokazuju da redovitom uporabom dolazi do obnove barijere i za\u0161tite od daljnjeg gubitka vlage.<\/p>\n<p data-start=\"1656\" data-end=\"1799\">Pjena djeluje intenzivno hidratantno i umiruju\u0107e, smanjuje suho\u0107u ko\u017ee i ubla\u017eava svrbe\u017e, \u010dime se cjelokupno stanje ko\u017ee vidljivo pobolj\u0161ava.<\/p>\n<hr data-start=\"1803\" data-end=\"1808\" \/>\n<h3 data-start=\"1812\" data-end=\"1837\">Prednosti proizvoda<\/h3>\n<ul>\n<li data-start=\"1841\" data-end=\"1893\"><strong>Brzo se upija<\/strong> \u2013 bez masnog filma na ko\u017ei i odje\u0107i.<\/li>\n<li data-start=\"1841\" data-end=\"1893\"><strong>Idealna za osjetljivu ko\u017eu<\/strong>, posebno kod atopijskog dermatitisa.<\/li>\n<li data-start=\"1841\" data-end=\"1893\"><strong>Obnavlja ko\u017enu barijeru<\/strong> \u2013 dokazano podr\u017eava regeneraciju ko\u017ee.<\/li>\n<li data-start=\"1841\" data-end=\"1893\"><strong>Umiruje svrbe\u017e<\/strong> i pobolj\u0161ava stanje ko\u017ee.<\/li>\n<li data-start=\"1841\" data-end=\"1893\"><strong>Intenzivno hidratizira<\/strong> i opskrbljuje ko\u017eu lipidima.<\/li>\n<li data-start=\"1841\" data-end=\"1893\"><strong>Prikladna za djecu i odrasle<\/strong> \u2013 nje\u017ena pjenasta tekstura za svakodnevnu njegu.<\/li>\n<li data-start=\"1841\" data-end=\"1893\"><strong>Indiferentna terapeutska njega<\/strong> \u2013 idealna dopuna lije\u010denju atopijskog dermatitisa.<\/li>\n<\/ul>\n<p data-start=\"2301\" data-end=\"2450\"><strong data-start=\"2301\" data-end=\"2328\">Va\u017eni aktivni sastojci:<\/strong> glicerin | pantenol | ekstrakt gljive bradovac | lecitin | karite maslac | alantoin | ceramidi NP | skvalan | vitamin E<\/p>\n<h4 data-start=\"2463\" data-end=\"2488\">Biomimeti\u010dki lipidi<\/h4>\n<p data-start=\"2490\" data-end=\"2684\">Ko\u017ei srodni lipidi imaju strukturu sli\u010dnu prirodnim lipidima ko\u017ee. Popunjavaju praznine u lipidnom filmu poput precizno uklopljenih dijelova slagalice i tako obnavljaju za\u0161titnu funkciju ko\u017ee.<\/p>\n<h4 data-start=\"2688\" data-end=\"2711\">Ekstrakt bradovca<\/h4>\n<p data-start=\"2713\" data-end=\"2880\">Ekstrakt ove gljive inhibira rast gram-pozitivnih bakterija, poput <em data-start=\"2780\" data-end=\"2803\">Staphylococcus aureus<\/em>, te poma\u017ee o\u010duvati prirodnu ko\u017enu floru. Tako\u0111er ima protuupalna svojstva.<\/p>\n<h4 data-start=\"2884\" data-end=\"2898\">Pantenol<\/h4>\n<p data-start=\"2900\" data-end=\"3077\">Dekspantenol (provitamin B5) djeluje umiruju\u0107e, njeguju\u0107e i hidratantno te podr\u017eava proces regeneracije ko\u017ee. \u010cesto se koristi za njegu nadra\u017eene ko\u017ee i povr\u0161inskih o\u0161te\u0107enja.<\/p>\n<p data-start=\"3081\" data-end=\"3118\" data-is-last-node=\"\" data-is-only-node=\"\"><em>Proizvo\u0111a\u010d: nsc Pharma GmbH, Njema\u010dka<\/em><\/p>\n","protected":false},"excerpt":{"rendered":"<p data-start=\"0\" data-end=\"214\"><strong data-start=\"0\" data-end=\"47\">ALLPRESAN derma med ATOPIX INTENZIVNA NJEGA<\/strong><br data-start=\"47\" data-end=\"50\" \/>Indiferentna potporna terapeutska njega kod lije\u010denja atopijskog dermatitisa.<br data-start=\"121\" data-end=\"124\" \/>Za osjetljivu, nadra\u017eenu, svrbe\u017eu i crvenilu sklonu ko\u017eu \u2013 kao kod atopijskog dermatitisa.<\/p>\n<p data-start=\"216\" data-end=\"485\" data-is-last-node=\"\" data-is-only-node=\"\">\u2705 <strong data-start=\"218\" data-end=\"291\">Vidljivo pobolj\u0161ava kvalitetu \u017eivota osoba s atopijskim dermatitisom.<\/strong><br data-start=\"291\" data-end=\"294\" data-is-only-node=\"\" \/>\u2705 <strong data-start=\"296\" data-end=\"325\">Vrlo brzo se upija u ko\u017eu<\/strong>, bez neugodnog masnog filma i tragova na odje\u0107i.<br data-start=\"374\" data-end=\"377\" \/>\u2705 <strong data-start=\"379\" data-end=\"414\">Njega u obliku pjene je zabavna<\/strong> \u2013 pove\u0107ava motivaciju za redovitu primjenu.<br data-start=\"458\" data-end=\"461\" \/>\u2705 <strong data-start=\"463\" data-end=\"485\" data-is-last-node=\"\">Veganski proizvod.<\/strong><\/p>\n","protected":false},"featured_media":12749,"comment_status":"closed","ping_status":"closed","template":"","meta":{"_acf_changed":false},"product_brand":[1005],"product_cat":[551,552],"product_tag":[],"blagovna-znamka":[1077],"class_list":{"0":"post-12748","1":"product","2":"type-product","3":"status-publish","4":"has-post-thumbnail","6":"product_brand-allpresan-hr","7":"product_cat-dermatoloska-kozmetika-hr","8":"product_cat-atopijski-dermatitis-hr","9":"blagovna-znamka-allpresan-hr","11":"first","12":"instock","13":"taxable","14":"shipping-taxable","15":"purchasable","16":"product-type-simple"},"acf":[],"yoast_head":"<!-- This site is optimized with the Yoast SEO plugin v27.4 - https:\/\/yoast.com\/product\/yoast-seo-wordpress\/ -->\n<title>Atopijski dermatitis ATOPIX INTENZIVNA NJEGA, kremna pjena Repair, 200 ml - Topmedicus HR Atopijski dermatitis ATOPIX INTENZIVNA NJEGA, kremna pjena Repair, 200 ml<\/title>\n<meta name=\"description\" content=\"Medicinska njega ko\u017ee kod atopijskog dermatitisa. Umiruje svrbe\u017e. Intenzivno hidratizira i obnavlja masni sloj ko\u017ee. Za dojen\u010dad, djecu i odrasle.\" \/>\n<meta name=\"robots\" content=\"index, follow, max-snippet:-1, max-image-preview:large, max-video-preview:-1\" \/>\n<link rel=\"canonical\" href=\"https:\/\/topmedicus.eu\/hr\/izdelek\/atopix-intenzivna-njega-kremna-pjena-repair-200-ml-atopijski-dermatitis\/\" \/>\n<meta property=\"og:locale\" content=\"hr_HR\" \/>\n<meta property=\"og:type\" content=\"article\" \/>\n<meta property=\"og:title\" content=\"Atopijski dermatitis ATOPIX INTENZIVNA NJEGA, kremna pjena Repair, 200 ml - Topmedicus HR Atopijski dermatitis ATOPIX INTENZIVNA NJEGA, kremna pjena Repair, 200 ml\" \/>\n<meta property=\"og:description\" content=\"Medicinska njega ko\u017ee kod atopijskog dermatitisa. Umiruje svrbe\u017e. Intenzivno hidratizira i obnavlja masni sloj ko\u017ee. Za dojen\u010dad, djecu i odrasle.\" \/>\n<meta property=\"og:url\" content=\"https:\/\/topmedicus.eu\/hr\/izdelek\/atopix-intenzivna-njega-kremna-pjena-repair-200-ml-atopijski-dermatitis\/\" \/>\n<meta property=\"og:site_name\" content=\"Topmedicus HR\" \/>\n<meta property=\"article:modified_time\" content=\"2026-02-14T05:09:38+00:00\" \/>\n<meta property=\"og:image\" content=\"https:\/\/topmedicus.eu\/wp-content\/uploads\/2025\/02\/ATOPIX-INTENZIVNA-NEGA-kremna-pena-Repair-200-ml.jpg\" \/>\n\t<meta property=\"og:image:width\" content=\"600\" \/>\n\t<meta property=\"og:image:height\" content=\"600\" \/>\n\t<meta property=\"og:image:type\" content=\"image\/jpeg\" \/>\n<meta name=\"twitter:card\" content=\"summary_large_image\" \/>\n<meta name=\"twitter:label1\" content=\"Procijenjeno vrijeme \u010ditanja\" \/>\n\t<meta name=\"twitter:data1\" content=\"2 minute\" \/>\n<script type=\"application\/ld+json\" class=\"yoast-schema-graph\">{\"@context\":\"https:\\\/\\\/schema.org\",\"@graph\":[{\"@type\":\"WebPage\",\"@id\":\"https:\\\/\\\/topmedicus.eu\\\/hr\\\/izdelek\\\/atopix-intenzivna-njega-kremna-pjena-repair-200-ml-atopijski-dermatitis\\\/\",\"url\":\"https:\\\/\\\/topmedicus.eu\\\/hr\\\/izdelek\\\/atopix-intenzivna-njega-kremna-pjena-repair-200-ml-atopijski-dermatitis\\\/\",\"name\":\"Atopijski dermatitis ATOPIX INTENZIVNA NJEGA, kremna pjena Repair, 200 ml - Topmedicus HR Atopijski dermatitis ATOPIX INTENZIVNA NJEGA, kremna pjena Repair, 200 ml\",\"isPartOf\":{\"@id\":\"https:\\\/\\\/topmedicus.eu\\\/en\\\/#website\"},\"primaryImageOfPage\":{\"@id\":\"https:\\\/\\\/topmedicus.eu\\\/hr\\\/izdelek\\\/atopix-intenzivna-njega-kremna-pjena-repair-200-ml-atopijski-dermatitis\\\/#primaryimage\"},\"image\":{\"@id\":\"https:\\\/\\\/topmedicus.eu\\\/hr\\\/izdelek\\\/atopix-intenzivna-njega-kremna-pjena-repair-200-ml-atopijski-dermatitis\\\/#primaryimage\"},\"thumbnailUrl\":\"https:\\\/\\\/topmedicus.eu\\\/wp-content\\\/uploads\\\/2025\\\/02\\\/ATOPIX-INTENZIVNA-NEGA-kremna-pena-Repair-200-ml.jpg\",\"datePublished\":\"2025-02-12T22:01:39+00:00\",\"dateModified\":\"2026-02-14T05:09:38+00:00\",\"description\":\"Medicinska njega ko\u017ee kod atopijskog dermatitisa. Umiruje svrbe\u017e. Intenzivno hidratizira i obnavlja masni sloj ko\u017ee. Za dojen\u010dad, djecu i odrasle.\",\"breadcrumb\":{\"@id\":\"https:\\\/\\\/topmedicus.eu\\\/hr\\\/izdelek\\\/atopix-intenzivna-njega-kremna-pjena-repair-200-ml-atopijski-dermatitis\\\/#breadcrumb\"},\"inLanguage\":\"hr\",\"potentialAction\":[{\"@type\":\"ReadAction\",\"target\":[\"https:\\\/\\\/topmedicus.eu\\\/hr\\\/izdelek\\\/atopix-intenzivna-njega-kremna-pjena-repair-200-ml-atopijski-dermatitis\\\/\"]}]},{\"@type\":\"ImageObject\",\"inLanguage\":\"hr\",\"@id\":\"https:\\\/\\\/topmedicus.eu\\\/hr\\\/izdelek\\\/atopix-intenzivna-njega-kremna-pjena-repair-200-ml-atopijski-dermatitis\\\/#primaryimage\",\"url\":\"https:\\\/\\\/topmedicus.eu\\\/wp-content\\\/uploads\\\/2025\\\/02\\\/ATOPIX-INTENZIVNA-NEGA-kremna-pena-Repair-200-ml.jpg\",\"contentUrl\":\"https:\\\/\\\/topmedicus.eu\\\/wp-content\\\/uploads\\\/2025\\\/02\\\/ATOPIX-INTENZIVNA-NEGA-kremna-pena-Repair-200-ml.jpg\",\"width\":600,\"height\":600},{\"@type\":\"BreadcrumbList\",\"@id\":\"https:\\\/\\\/topmedicus.eu\\\/hr\\\/izdelek\\\/atopix-intenzivna-njega-kremna-pjena-repair-200-ml-atopijski-dermatitis\\\/#breadcrumb\",\"itemListElement\":[{\"@type\":\"ListItem\",\"position\":1,\"name\":\"Home\",\"item\":\"https:\\\/\\\/topmedicus.eu\\\/hr\\\/domaca-stranica\\\/\"},{\"@type\":\"ListItem\",\"position\":2,\"name\":\"Shop\",\"item\":\"https:\\\/\\\/topmedicus.eu\\\/shop\\\/\"},{\"@type\":\"ListItem\",\"position\":3,\"name\":\"Atopijski dermatitis ATOPIX INTENZIVNA NJEGA, kremna pjena Repair, 200 ml\"}]},{\"@type\":\"WebSite\",\"@id\":\"https:\\\/\\\/topmedicus.eu\\\/en\\\/#website\",\"url\":\"https:\\\/\\\/topmedicus.eu\\\/en\\\/\",\"name\":\"Topmedicus HR\",\"description\":\"Prehranska dopolnila in dermatolo\u0161ka kozmetika\",\"potentialAction\":[{\"@type\":\"SearchAction\",\"target\":{\"@type\":\"EntryPoint\",\"urlTemplate\":\"https:\\\/\\\/topmedicus.eu\\\/en\\\/?s={search_term_string}\"},\"query-input\":{\"@type\":\"PropertyValueSpecification\",\"valueRequired\":true,\"valueName\":\"search_term_string\"}}],\"inLanguage\":\"hr\"}]}<\/script>\n<!-- \/ Yoast SEO plugin. -->","yoast_head_json":{"title":"Atopijski dermatitis ATOPIX INTENZIVNA NJEGA, kremna pjena Repair, 200 ml - Topmedicus HR Atopijski dermatitis ATOPIX INTENZIVNA NJEGA, kremna pjena Repair, 200 ml","description":"Medicinska njega ko\u017ee kod atopijskog dermatitisa. Umiruje svrbe\u017e. Intenzivno hidratizira i obnavlja masni sloj ko\u017ee. Za dojen\u010dad, djecu i odrasle.","robots":{"index":"index","follow":"follow","max-snippet":"max-snippet:-1","max-image-preview":"max-image-preview:large","max-video-preview":"max-video-preview:-1"},"canonical":"https:\/\/topmedicus.eu\/hr\/izdelek\/atopix-intenzivna-njega-kremna-pjena-repair-200-ml-atopijski-dermatitis\/","og_locale":"hr_HR","og_type":"article","og_title":"Atopijski dermatitis ATOPIX INTENZIVNA NJEGA, kremna pjena Repair, 200 ml - Topmedicus HR Atopijski dermatitis ATOPIX INTENZIVNA NJEGA, kremna pjena Repair, 200 ml","og_description":"Medicinska njega ko\u017ee kod atopijskog dermatitisa. Umiruje svrbe\u017e. Intenzivno hidratizira i obnavlja masni sloj ko\u017ee. Za dojen\u010dad, djecu i odrasle.","og_url":"https:\/\/topmedicus.eu\/hr\/izdelek\/atopix-intenzivna-njega-kremna-pjena-repair-200-ml-atopijski-dermatitis\/","og_site_name":"Topmedicus HR","article_modified_time":"2026-02-14T05:09:38+00:00","og_image":[{"width":600,"height":600,"url":"https:\/\/topmedicus.eu\/wp-content\/uploads\/2025\/02\/ATOPIX-INTENZIVNA-NEGA-kremna-pena-Repair-200-ml.jpg","type":"image\/jpeg"}],"twitter_card":"summary_large_image","twitter_misc":{"Procijenjeno vrijeme \u010ditanja":"2 minute"},"schema":{"@context":"https:\/\/schema.org","@graph":[{"@type":"WebPage","@id":"https:\/\/topmedicus.eu\/hr\/izdelek\/atopix-intenzivna-njega-kremna-pjena-repair-200-ml-atopijski-dermatitis\/","url":"https:\/\/topmedicus.eu\/hr\/izdelek\/atopix-intenzivna-njega-kremna-pjena-repair-200-ml-atopijski-dermatitis\/","name":"Atopijski dermatitis ATOPIX INTENZIVNA NJEGA, kremna pjena Repair, 200 ml - Topmedicus HR Atopijski dermatitis ATOPIX INTENZIVNA NJEGA, kremna pjena Repair, 200 ml","isPartOf":{"@id":"https:\/\/topmedicus.eu\/en\/#website"},"primaryImageOfPage":{"@id":"https:\/\/topmedicus.eu\/hr\/izdelek\/atopix-intenzivna-njega-kremna-pjena-repair-200-ml-atopijski-dermatitis\/#primaryimage"},"image":{"@id":"https:\/\/topmedicus.eu\/hr\/izdelek\/atopix-intenzivna-njega-kremna-pjena-repair-200-ml-atopijski-dermatitis\/#primaryimage"},"thumbnailUrl":"https:\/\/topmedicus.eu\/wp-content\/uploads\/2025\/02\/ATOPIX-INTENZIVNA-NEGA-kremna-pena-Repair-200-ml.jpg","datePublished":"2025-02-12T22:01:39+00:00","dateModified":"2026-02-14T05:09:38+00:00","description":"Medicinska njega ko\u017ee kod atopijskog dermatitisa. Umiruje svrbe\u017e. Intenzivno hidratizira i obnavlja masni sloj ko\u017ee. Za dojen\u010dad, djecu i odrasle.","breadcrumb":{"@id":"https:\/\/topmedicus.eu\/hr\/izdelek\/atopix-intenzivna-njega-kremna-pjena-repair-200-ml-atopijski-dermatitis\/#breadcrumb"},"inLanguage":"hr","potentialAction":[{"@type":"ReadAction","target":["https:\/\/topmedicus.eu\/hr\/izdelek\/atopix-intenzivna-njega-kremna-pjena-repair-200-ml-atopijski-dermatitis\/"]}]},{"@type":"ImageObject","inLanguage":"hr","@id":"https:\/\/topmedicus.eu\/hr\/izdelek\/atopix-intenzivna-njega-kremna-pjena-repair-200-ml-atopijski-dermatitis\/#primaryimage","url":"https:\/\/topmedicus.eu\/wp-content\/uploads\/2025\/02\/ATOPIX-INTENZIVNA-NEGA-kremna-pena-Repair-200-ml.jpg","contentUrl":"https:\/\/topmedicus.eu\/wp-content\/uploads\/2025\/02\/ATOPIX-INTENZIVNA-NEGA-kremna-pena-Repair-200-ml.jpg","width":600,"height":600},{"@type":"BreadcrumbList","@id":"https:\/\/topmedicus.eu\/hr\/izdelek\/atopix-intenzivna-njega-kremna-pjena-repair-200-ml-atopijski-dermatitis\/#breadcrumb","itemListElement":[{"@type":"ListItem","position":1,"name":"Home","item":"https:\/\/topmedicus.eu\/hr\/domaca-stranica\/"},{"@type":"ListItem","position":2,"name":"Shop","item":"https:\/\/topmedicus.eu\/shop\/"},{"@type":"ListItem","position":3,"name":"Atopijski dermatitis ATOPIX INTENZIVNA NJEGA, kremna pjena Repair, 200 ml"}]},{"@type":"WebSite","@id":"https:\/\/topmedicus.eu\/en\/#website","url":"https:\/\/topmedicus.eu\/en\/","name":"Topmedicus HR","description":"Prehranska dopolnila in dermatolo\u0161ka kozmetika","potentialAction":[{"@type":"SearchAction","target":{"@type":"EntryPoint","urlTemplate":"https:\/\/topmedicus.eu\/en\/?s={search_term_string}"},"query-input":{"@type":"PropertyValueSpecification","valueRequired":true,"valueName":"search_term_string"}}],"inLanguage":"hr"}]}},"jetpack_sharing_enabled":true,"_links":{"self":[{"href":"https:\/\/topmedicus.eu\/hr\/wp-json\/wp\/v2\/product\/12748","targetHints":{"allow":["GET"]}}],"collection":[{"href":"https:\/\/topmedicus.eu\/hr\/wp-json\/wp\/v2\/product"}],"about":[{"href":"https:\/\/topmedicus.eu\/hr\/wp-json\/wp\/v2\/types\/product"}],"replies":[{"embeddable":true,"href":"https:\/\/topmedicus.eu\/hr\/wp-json\/wp\/v2\/comments?post=12748"}],"wp:featuredmedia":[{"embeddable":true,"href":"https:\/\/topmedicus.eu\/hr\/wp-json\/wp\/v2\/media\/12749"}],"wp:attachment":[{"href":"https:\/\/topmedicus.eu\/hr\/wp-json\/wp\/v2\/media?parent=12748"}],"wp:term":[{"taxonomy":"product_brand","embeddable":true,"href":"https:\/\/topmedicus.eu\/hr\/wp-json\/wp\/v2\/product_brand?post=12748"},{"taxonomy":"product_cat","embeddable":true,"href":"https:\/\/topmedicus.eu\/hr\/wp-json\/wp\/v2\/product_cat?post=12748"},{"taxonomy":"product_tag","embeddable":true,"href":"https:\/\/topmedicus.eu\/hr\/wp-json\/wp\/v2\/product_tag?post=12748"},{"taxonomy":"blagovna-znamka","embeddable":true,"href":"https:\/\/topmedicus.eu\/hr\/wp-json\/wp\/v2\/blagovna-znamka?post=12748"}],"curies":[{"name":"wp","href":"https:\/\/api.w.org\/{rel}","templated":true}]}}