{"id":12751,"date":"2025-02-12T22:01:39","date_gmt":"2025-02-12T22:01:39","guid":{"rendered":"https:\/\/topmedicus.eu\/izdelek\/atopix-shower-pjena-za-tusiranje-200-ml-atopijski-dermatitis\/"},"modified":"2026-02-14T05:12:13","modified_gmt":"2026-02-14T05:12:13","slug":"atopix-shower-pjena-za-tusiranje-200-ml-atopijski-dermatitis","status":"publish","type":"product","link":"https:\/\/topmedicus.eu\/hr\/izdelek\/atopix-shower-pjena-za-tusiranje-200-ml-atopijski-dermatitis\/","title":{"rendered":"Atopijski dermatitis ATOPIX SHOWER, pjena za tu\u0161iranje, 200 ml"},"content":{"rendered":"<h4 data-start=\"0\" data-end=\"269\"><strong data-start=\"0\" data-end=\"72\">NJE\u017dNO \u010cI\u0160\u0106ENJE ZA OSJETLJIVU KO\u017dU KOD ATOPIJSKOG DERMATITISA<\/strong><br data-start=\"72\" data-end=\"75\" \/><strong data-start=\"75\" data-end=\"112\">Allpresan derma med ATOPIX SHOWER<\/strong>, pjena za tu\u0161iranje, pru\u017ea <strong data-start=\"140\" data-end=\"203\">nje\u017eno \u010di\u0161\u0107enje osjetljive, nadra\u017eene i svrbe\u017eu sklone ko\u017ee<\/strong>. Ve\u0107 tijekom pranja <strong data-start=\"224\" data-end=\"252\">obnavlja masni sloj ko\u017ee<\/strong> i ne isu\u0161uje je.<\/h4>\n<p data-start=\"271\" data-end=\"547\">Specijalno razvijena za osobe s atopijskim dermatitisom, ova pjena nje\u017eno \u010disti ko\u017eu i <strong data-start=\"358\" data-end=\"403\">podr\u017eava njenu prirodnu za\u0161titnu barijeru<\/strong>. <strong data-start=\"405\" data-end=\"442\">Biomimeti\u010dki (ko\u017ei srodni) lipidi<\/strong> zatvaraju pukotine u lipidnom filmu ko\u017ee, \u0161tite je od daljnjeg isu\u0161ivanja i poma\u017eu u umirivanju svrbe\u017ea.<\/p>\n<p data-start=\"549\" data-end=\"713\"><strong data-start=\"549\" data-end=\"561\">Glicerin<\/strong> dodatno hidratizira, dok <strong data-start=\"587\" data-end=\"611\">ulje badema i jojobe<\/strong> obnavljaju masno\u0107u ko\u017ee i djeluju umiruju\u0107e. Rezultat je nje\u017eno o\u010di\u0161\u0107ena, njegovana i elasti\u010dna ko\u017ea.<\/p>\n<hr data-start=\"715\" data-end=\"718\" \/>\n<h4 data-start=\"720\" data-end=\"752\">\u0160to je atopijski dermatitis?<\/h4>\n<p data-start=\"754\" data-end=\"1133\">Atopijski dermatitis je kroni\u010dna, nezarazna bolest ko\u017ee koju karakteriziraju jak <strong data-start=\"835\" data-end=\"845\">svrbe\u017e<\/strong>, <strong data-start=\"847\" data-end=\"857\">suho\u0107a<\/strong>, <strong data-start=\"859\" data-end=\"868\">upala<\/strong> i <strong data-start=\"871\" data-end=\"898\">o\u0161te\u0107ena ko\u017ena barijera<\/strong>. Smanjena za\u0161titna funkcija ko\u017ee omogu\u0107uje izlazak vlage i prodiranje nadra\u017euju\u0107ih tvari, \u0161to dodatno pogor\u0161ava stanje ko\u017ee.<br data-start=\"1023\" data-end=\"1026\" \/>Bolest se javlja u <strong data-start=\"1045\" data-end=\"1058\">epizodama<\/strong>, koje mogu biti izazvane stresom, alergenima ili temperaturnim promjenama.<\/p>\n<hr data-start=\"1135\" data-end=\"1138\" \/>\n<h4 data-start=\"1140\" data-end=\"1185\">Podr\u0161ka prirodnoj za\u0161titnoj funkciji ko\u017ee<\/h4>\n<p data-start=\"1187\" data-end=\"1510\">O\u0161te\u0107ena ko\u017ena barijera dovodi do poja\u010danog gubitka vlage i pove\u0107ava osjetljivost ko\u017ee na vanjske utjecaje.<br data-start=\"1294\" data-end=\"1297\" \/><strong data-start=\"1297\" data-end=\"1334\">Allpresan derma med ATOPIX SHOWER<\/strong>, zahvaljuju\u0107i nje\u017enoj pjenastoj formuli, omogu\u0107uje <strong data-start=\"1386\" data-end=\"1425\">\u010di\u0161\u0107enje bez isu\u0161ivanja i iritacije<\/strong>.<br data-start=\"1426\" data-end=\"1429\" \/>Ve\u0107 tijekom tu\u0161iranja njeguje ko\u017eu, vla\u017ei je i poma\u017ee u obnovi za\u0161titne barijere.<\/p>\n<hr data-start=\"1512\" data-end=\"1515\" \/>\n<h4 data-start=\"1517\" data-end=\"1538\">Glavne prednosti:<\/h4>\n<ul>\n<li data-start=\"1542\" data-end=\"1619\"><strong data-start=\"1542\" data-end=\"1561\">Nje\u017eno \u010di\u0161\u0107enje<\/strong>: idealno za osjetljivu, nadra\u017eenu i svrbe\u017eu sklonu ko\u017eu<\/li>\n<li data-start=\"1622\" data-end=\"1681\"><strong data-start=\"1622\" data-end=\"1640\">Bez isu\u0161ivanja<\/strong>: \u010disti bez o\u0161te\u0107enja prirodne barijere<\/li>\n<li data-start=\"1684\" data-end=\"1754\"><strong data-start=\"1684\" data-end=\"1707\">Biomimeti\u010dki lipidi<\/strong>: ja\u010daju ko\u017enu barijeru i \u0161tite od isu\u0161ivanja<\/li>\n<li data-start=\"1757\" data-end=\"1864\"><strong data-start=\"1757\" data-end=\"1780\">Hidratacija i njega<\/strong>: glicerin hidratizira, bademovo i jojobino ulje obnavljaju masno\u0107u i smiruju ko\u017eu<\/li>\n<li data-start=\"1867\" data-end=\"1957\"><strong data-start=\"1867\" data-end=\"1894\">Za svakodnevnu upotrebu<\/strong>: idealna pjena za tu\u0161iranje za sprje\u010davanje svrbe\u017ea i suho\u0107e<\/li>\n<\/ul>\n<hr data-start=\"1959\" data-end=\"1962\" \/>\n<p data-start=\"1964\" data-end=\"1991\"><strong>Va\u017eni aktivni sastojci:<\/strong> glicerin | jojobino ulje | bademovo ulje | karite maslac | lecitin | skvalan | ceramidi NP | vitamin E<\/p>\n<p data-start=\"2152\" data-end=\"2196\" data-is-last-node=\"\" data-is-only-node=\"\"><em>Proizvo\u0111a\u010d: neubourg skin care, Njema\u010dka<\/em><\/p>\n","protected":false},"excerpt":{"rendered":"<p><strong data-start=\"0\" data-end=\"37\">ALLPRESAN derma med ATOPIX SHOWER<\/strong> \u2013 nje\u017ena pjena za tu\u0161iranje koja ve\u0107 tijekom pranja <strong data-start=\"90\" data-end=\"128\" data-is-only-node=\"\">obnavlja masni sloj ko\u017ee i njeguje<\/strong>.<\/p>\n<ul>\n<li data-start=\"0\" data-end=\"225\">Za <strong data-start=\"135\" data-end=\"192\">osjetljivu, nadra\u017eenu, svrbe\u017eu i crvenilu sklonu ko\u017eu<\/strong>, kao kod atopijskog dermatitisa.<\/li>\n<li data-start=\"227\" data-end=\"315\">Bez mirisa, boja i konzervansa.<\/li>\n<li data-start=\"227\" data-end=\"315\">Za dojen\u010dad, djecu i odrasle.<\/li>\n<li data-start=\"227\" data-end=\"315\">Veganski proizvod.<\/li>\n<\/ul>\n","protected":false},"featured_media":12752,"comment_status":"closed","ping_status":"closed","template":"","meta":{"_acf_changed":false},"product_brand":[1005],"product_cat":[551,552],"product_tag":[],"blagovna-znamka":[],"class_list":{"0":"post-12751","1":"product","2":"type-product","3":"status-publish","4":"has-post-thumbnail","6":"product_brand-allpresan-hr","7":"product_cat-dermatoloska-kozmetika-hr","8":"product_cat-atopijski-dermatitis-hr","10":"first","11":"instock","12":"taxable","13":"shipping-taxable","14":"purchasable","15":"product-type-simple"},"acf":[],"yoast_head":"<!-- This site is optimized with the Yoast SEO plugin v27.4 - https:\/\/yoast.com\/product\/yoast-seo-wordpress\/ -->\n<title>Atopijski dermatitis ATOPIX SHOWER, pjena za tu\u0161iranje, 200 ml - Topmedicus HR Atopijski dermatitis ATOPIX SHOWER, pjena za tu\u0161iranje, 200 ml<\/title>\n<meta name=\"description\" content=\"Nje\u017eno tu\u0161iranje kod atopijskog dermatitisa. Ve\u0107 tijekom pranja obnavlja masni sloj ko\u017ee i njeguje nadra\u017eenu ko\u017eu. Pjenasta tekstura. Za dojen\u010dad, djecu i odrasle.\" \/>\n<meta name=\"robots\" content=\"index, follow, max-snippet:-1, max-image-preview:large, max-video-preview:-1\" \/>\n<link rel=\"canonical\" href=\"https:\/\/topmedicus.eu\/hr\/izdelek\/atopix-shower-pjena-za-tusiranje-200-ml-atopijski-dermatitis\/\" \/>\n<meta property=\"og:locale\" content=\"hr_HR\" \/>\n<meta property=\"og:type\" content=\"article\" \/>\n<meta property=\"og:title\" content=\"Atopijski dermatitis ATOPIX SHOWER, pjena za tu\u0161iranje, 200 ml - Topmedicus HR Atopijski dermatitis ATOPIX SHOWER, pjena za tu\u0161iranje, 200 ml\" \/>\n<meta property=\"og:description\" content=\"Nje\u017eno tu\u0161iranje kod atopijskog dermatitisa. Ve\u0107 tijekom pranja obnavlja masni sloj ko\u017ee i njeguje nadra\u017eenu ko\u017eu. Pjenasta tekstura. Za dojen\u010dad, djecu i odrasle.\" \/>\n<meta property=\"og:url\" content=\"https:\/\/topmedicus.eu\/hr\/izdelek\/atopix-shower-pjena-za-tusiranje-200-ml-atopijski-dermatitis\/\" \/>\n<meta property=\"og:site_name\" content=\"Topmedicus HR\" \/>\n<meta property=\"article:modified_time\" content=\"2026-02-14T05:12:13+00:00\" \/>\n<meta property=\"og:image\" content=\"https:\/\/topmedicus.eu\/wp-content\/uploads\/2025\/02\/ATOPIX-SHOWER-pena-za-prhanje-200-ml.jpg\" \/>\n\t<meta property=\"og:image:width\" content=\"600\" \/>\n\t<meta property=\"og:image:height\" content=\"600\" \/>\n\t<meta property=\"og:image:type\" content=\"image\/jpeg\" \/>\n<meta name=\"twitter:card\" content=\"summary_large_image\" \/>\n<meta name=\"twitter:label1\" content=\"Procijenjeno vrijeme \u010ditanja\" \/>\n\t<meta name=\"twitter:data1\" content=\"2 minute\" \/>\n<script type=\"application\/ld+json\" class=\"yoast-schema-graph\">{\"@context\":\"https:\\\/\\\/schema.org\",\"@graph\":[{\"@type\":\"WebPage\",\"@id\":\"https:\\\/\\\/topmedicus.eu\\\/hr\\\/izdelek\\\/atopix-shower-pjena-za-tusiranje-200-ml-atopijski-dermatitis\\\/\",\"url\":\"https:\\\/\\\/topmedicus.eu\\\/hr\\\/izdelek\\\/atopix-shower-pjena-za-tusiranje-200-ml-atopijski-dermatitis\\\/\",\"name\":\"Atopijski dermatitis ATOPIX SHOWER, pjena za tu\u0161iranje, 200 ml - Topmedicus HR Atopijski dermatitis ATOPIX SHOWER, pjena za tu\u0161iranje, 200 ml\",\"isPartOf\":{\"@id\":\"https:\\\/\\\/topmedicus.eu\\\/en\\\/#website\"},\"primaryImageOfPage\":{\"@id\":\"https:\\\/\\\/topmedicus.eu\\\/hr\\\/izdelek\\\/atopix-shower-pjena-za-tusiranje-200-ml-atopijski-dermatitis\\\/#primaryimage\"},\"image\":{\"@id\":\"https:\\\/\\\/topmedicus.eu\\\/hr\\\/izdelek\\\/atopix-shower-pjena-za-tusiranje-200-ml-atopijski-dermatitis\\\/#primaryimage\"},\"thumbnailUrl\":\"https:\\\/\\\/topmedicus.eu\\\/wp-content\\\/uploads\\\/2025\\\/02\\\/ATOPIX-SHOWER-pena-za-prhanje-200-ml.jpg\",\"datePublished\":\"2025-02-12T22:01:39+00:00\",\"dateModified\":\"2026-02-14T05:12:13+00:00\",\"description\":\"Nje\u017eno tu\u0161iranje kod atopijskog dermatitisa. Ve\u0107 tijekom pranja obnavlja masni sloj ko\u017ee i njeguje nadra\u017eenu ko\u017eu. Pjenasta tekstura. Za dojen\u010dad, djecu i odrasle.\",\"breadcrumb\":{\"@id\":\"https:\\\/\\\/topmedicus.eu\\\/hr\\\/izdelek\\\/atopix-shower-pjena-za-tusiranje-200-ml-atopijski-dermatitis\\\/#breadcrumb\"},\"inLanguage\":\"hr\",\"potentialAction\":[{\"@type\":\"ReadAction\",\"target\":[\"https:\\\/\\\/topmedicus.eu\\\/hr\\\/izdelek\\\/atopix-shower-pjena-za-tusiranje-200-ml-atopijski-dermatitis\\\/\"]}]},{\"@type\":\"ImageObject\",\"inLanguage\":\"hr\",\"@id\":\"https:\\\/\\\/topmedicus.eu\\\/hr\\\/izdelek\\\/atopix-shower-pjena-za-tusiranje-200-ml-atopijski-dermatitis\\\/#primaryimage\",\"url\":\"https:\\\/\\\/topmedicus.eu\\\/wp-content\\\/uploads\\\/2025\\\/02\\\/ATOPIX-SHOWER-pena-za-prhanje-200-ml.jpg\",\"contentUrl\":\"https:\\\/\\\/topmedicus.eu\\\/wp-content\\\/uploads\\\/2025\\\/02\\\/ATOPIX-SHOWER-pena-za-prhanje-200-ml.jpg\",\"width\":600,\"height\":600},{\"@type\":\"BreadcrumbList\",\"@id\":\"https:\\\/\\\/topmedicus.eu\\\/hr\\\/izdelek\\\/atopix-shower-pjena-za-tusiranje-200-ml-atopijski-dermatitis\\\/#breadcrumb\",\"itemListElement\":[{\"@type\":\"ListItem\",\"position\":1,\"name\":\"Home\",\"item\":\"https:\\\/\\\/topmedicus.eu\\\/hr\\\/domaca-stranica\\\/\"},{\"@type\":\"ListItem\",\"position\":2,\"name\":\"Shop\",\"item\":\"https:\\\/\\\/topmedicus.eu\\\/shop\\\/\"},{\"@type\":\"ListItem\",\"position\":3,\"name\":\"Atopijski dermatitis ATOPIX SHOWER, pjena za tu\u0161iranje, 200 ml\"}]},{\"@type\":\"WebSite\",\"@id\":\"https:\\\/\\\/topmedicus.eu\\\/en\\\/#website\",\"url\":\"https:\\\/\\\/topmedicus.eu\\\/en\\\/\",\"name\":\"Topmedicus HR\",\"description\":\"Prehranska dopolnila in dermatolo\u0161ka kozmetika\",\"potentialAction\":[{\"@type\":\"SearchAction\",\"target\":{\"@type\":\"EntryPoint\",\"urlTemplate\":\"https:\\\/\\\/topmedicus.eu\\\/en\\\/?s={search_term_string}\"},\"query-input\":{\"@type\":\"PropertyValueSpecification\",\"valueRequired\":true,\"valueName\":\"search_term_string\"}}],\"inLanguage\":\"hr\"}]}<\/script>\n<!-- \/ Yoast SEO plugin. -->","yoast_head_json":{"title":"Atopijski dermatitis ATOPIX SHOWER, pjena za tu\u0161iranje, 200 ml - Topmedicus HR Atopijski dermatitis ATOPIX SHOWER, pjena za tu\u0161iranje, 200 ml","description":"Nje\u017eno tu\u0161iranje kod atopijskog dermatitisa. Ve\u0107 tijekom pranja obnavlja masni sloj ko\u017ee i njeguje nadra\u017eenu ko\u017eu. Pjenasta tekstura. Za dojen\u010dad, djecu i odrasle.","robots":{"index":"index","follow":"follow","max-snippet":"max-snippet:-1","max-image-preview":"max-image-preview:large","max-video-preview":"max-video-preview:-1"},"canonical":"https:\/\/topmedicus.eu\/hr\/izdelek\/atopix-shower-pjena-za-tusiranje-200-ml-atopijski-dermatitis\/","og_locale":"hr_HR","og_type":"article","og_title":"Atopijski dermatitis ATOPIX SHOWER, pjena za tu\u0161iranje, 200 ml - Topmedicus HR Atopijski dermatitis ATOPIX SHOWER, pjena za tu\u0161iranje, 200 ml","og_description":"Nje\u017eno tu\u0161iranje kod atopijskog dermatitisa. Ve\u0107 tijekom pranja obnavlja masni sloj ko\u017ee i njeguje nadra\u017eenu ko\u017eu. Pjenasta tekstura. Za dojen\u010dad, djecu i odrasle.","og_url":"https:\/\/topmedicus.eu\/hr\/izdelek\/atopix-shower-pjena-za-tusiranje-200-ml-atopijski-dermatitis\/","og_site_name":"Topmedicus HR","article_modified_time":"2026-02-14T05:12:13+00:00","og_image":[{"width":600,"height":600,"url":"https:\/\/topmedicus.eu\/wp-content\/uploads\/2025\/02\/ATOPIX-SHOWER-pena-za-prhanje-200-ml.jpg","type":"image\/jpeg"}],"twitter_card":"summary_large_image","twitter_misc":{"Procijenjeno vrijeme \u010ditanja":"2 minute"},"schema":{"@context":"https:\/\/schema.org","@graph":[{"@type":"WebPage","@id":"https:\/\/topmedicus.eu\/hr\/izdelek\/atopix-shower-pjena-za-tusiranje-200-ml-atopijski-dermatitis\/","url":"https:\/\/topmedicus.eu\/hr\/izdelek\/atopix-shower-pjena-za-tusiranje-200-ml-atopijski-dermatitis\/","name":"Atopijski dermatitis ATOPIX SHOWER, pjena za tu\u0161iranje, 200 ml - Topmedicus HR Atopijski dermatitis ATOPIX SHOWER, pjena za tu\u0161iranje, 200 ml","isPartOf":{"@id":"https:\/\/topmedicus.eu\/en\/#website"},"primaryImageOfPage":{"@id":"https:\/\/topmedicus.eu\/hr\/izdelek\/atopix-shower-pjena-za-tusiranje-200-ml-atopijski-dermatitis\/#primaryimage"},"image":{"@id":"https:\/\/topmedicus.eu\/hr\/izdelek\/atopix-shower-pjena-za-tusiranje-200-ml-atopijski-dermatitis\/#primaryimage"},"thumbnailUrl":"https:\/\/topmedicus.eu\/wp-content\/uploads\/2025\/02\/ATOPIX-SHOWER-pena-za-prhanje-200-ml.jpg","datePublished":"2025-02-12T22:01:39+00:00","dateModified":"2026-02-14T05:12:13+00:00","description":"Nje\u017eno tu\u0161iranje kod atopijskog dermatitisa. Ve\u0107 tijekom pranja obnavlja masni sloj ko\u017ee i njeguje nadra\u017eenu ko\u017eu. Pjenasta tekstura. Za dojen\u010dad, djecu i odrasle.","breadcrumb":{"@id":"https:\/\/topmedicus.eu\/hr\/izdelek\/atopix-shower-pjena-za-tusiranje-200-ml-atopijski-dermatitis\/#breadcrumb"},"inLanguage":"hr","potentialAction":[{"@type":"ReadAction","target":["https:\/\/topmedicus.eu\/hr\/izdelek\/atopix-shower-pjena-za-tusiranje-200-ml-atopijski-dermatitis\/"]}]},{"@type":"ImageObject","inLanguage":"hr","@id":"https:\/\/topmedicus.eu\/hr\/izdelek\/atopix-shower-pjena-za-tusiranje-200-ml-atopijski-dermatitis\/#primaryimage","url":"https:\/\/topmedicus.eu\/wp-content\/uploads\/2025\/02\/ATOPIX-SHOWER-pena-za-prhanje-200-ml.jpg","contentUrl":"https:\/\/topmedicus.eu\/wp-content\/uploads\/2025\/02\/ATOPIX-SHOWER-pena-za-prhanje-200-ml.jpg","width":600,"height":600},{"@type":"BreadcrumbList","@id":"https:\/\/topmedicus.eu\/hr\/izdelek\/atopix-shower-pjena-za-tusiranje-200-ml-atopijski-dermatitis\/#breadcrumb","itemListElement":[{"@type":"ListItem","position":1,"name":"Home","item":"https:\/\/topmedicus.eu\/hr\/domaca-stranica\/"},{"@type":"ListItem","position":2,"name":"Shop","item":"https:\/\/topmedicus.eu\/shop\/"},{"@type":"ListItem","position":3,"name":"Atopijski dermatitis ATOPIX SHOWER, pjena za tu\u0161iranje, 200 ml"}]},{"@type":"WebSite","@id":"https:\/\/topmedicus.eu\/en\/#website","url":"https:\/\/topmedicus.eu\/en\/","name":"Topmedicus HR","description":"Prehranska dopolnila in dermatolo\u0161ka kozmetika","potentialAction":[{"@type":"SearchAction","target":{"@type":"EntryPoint","urlTemplate":"https:\/\/topmedicus.eu\/en\/?s={search_term_string}"},"query-input":{"@type":"PropertyValueSpecification","valueRequired":true,"valueName":"search_term_string"}}],"inLanguage":"hr"}]}},"jetpack_sharing_enabled":true,"_links":{"self":[{"href":"https:\/\/topmedicus.eu\/hr\/wp-json\/wp\/v2\/product\/12751","targetHints":{"allow":["GET"]}}],"collection":[{"href":"https:\/\/topmedicus.eu\/hr\/wp-json\/wp\/v2\/product"}],"about":[{"href":"https:\/\/topmedicus.eu\/hr\/wp-json\/wp\/v2\/types\/product"}],"replies":[{"embeddable":true,"href":"https:\/\/topmedicus.eu\/hr\/wp-json\/wp\/v2\/comments?post=12751"}],"wp:featuredmedia":[{"embeddable":true,"href":"https:\/\/topmedicus.eu\/hr\/wp-json\/wp\/v2\/media\/12752"}],"wp:attachment":[{"href":"https:\/\/topmedicus.eu\/hr\/wp-json\/wp\/v2\/media?parent=12751"}],"wp:term":[{"taxonomy":"product_brand","embeddable":true,"href":"https:\/\/topmedicus.eu\/hr\/wp-json\/wp\/v2\/product_brand?post=12751"},{"taxonomy":"product_cat","embeddable":true,"href":"https:\/\/topmedicus.eu\/hr\/wp-json\/wp\/v2\/product_cat?post=12751"},{"taxonomy":"product_tag","embeddable":true,"href":"https:\/\/topmedicus.eu\/hr\/wp-json\/wp\/v2\/product_tag?post=12751"},{"taxonomy":"blagovna-znamka","embeddable":true,"href":"https:\/\/topmedicus.eu\/hr\/wp-json\/wp\/v2\/blagovna-znamka?post=12751"}],"curies":[{"name":"wp","href":"https:\/\/api.w.org\/{rel}","templated":true}]}}