{"id":12754,"date":"2025-02-12T22:01:21","date_gmt":"2025-02-12T22:01:21","guid":{"rendered":"https:\/\/topmedicus.eu\/izdelek\/hand-intensive-care-kremna-pjena-repair-za-ruke-bez-mirisa-100-ml\/"},"modified":"2026-02-14T05:17:06","modified_gmt":"2026-02-14T05:17:06","slug":"hand-intensive-care-kremna-pjena-repair-za-ruke-bez-mirisa-100-ml","status":"publish","type":"product","link":"https:\/\/topmedicus.eu\/hr\/izdelek\/hand-intensive-care-kremna-pjena-repair-za-ruke-bez-mirisa-100-ml\/","title":{"rendered":"Vrlo suhe, ispucale ruke Allpresan derma med HAND INTENSIVE CARE, kremna pjena Repair za ruke, bez mirisa, 100 ml"},"content":{"rendered":"<h3 data-start=\"0\" data-end=\"40\">SPECIJALNA NJEGA ZA OPTERE\u0106ENE RUKE<\/h3>\n<p data-start=\"44\" data-end=\"380\"><strong data-start=\"44\" data-end=\"112\">Allpresan derma med HAND INTENZIVNA NJEGA, kremasta pjena Repair<\/strong> razvijena je kao u\u010dinkovito rje\u0161enje za suhe, o\u0161te\u0107ene i ispucale ruke. Njeguju\u0107a formula intenzivno hidratizira ko\u017eu, poma\u017ee obnoviti prirodnu za\u0161titnu funkciju ko\u017ee te podupire regeneraciju ko\u017ene barijere. Idealna je za njegu ispucale, suhe i nadra\u017eene ko\u017ee ruku.<\/p>\n<p data-start=\"384\" data-end=\"602\">Zahvaljuju\u0107i inovativnoj pjenastoj teksturi, proizvod se iznimno nje\u017eno i ravnomjerno nanosi, brzo se upija te ne ostavlja mastan ili ljepljiv osje\u0107aj. Ruke su odmah nakon nano\u0161enja vidljivo gla\u0111e, mek\u0161e i podatnije.<\/p>\n<h4 data-start=\"615\" data-end=\"652\">Podr\u0161ka svakodnevnoj njezi ruku<\/h4>\n<p data-start=\"654\" data-end=\"861\">Kremasta pjena prikladna je za svakodnevnu uporabu i poma\u017ee za\u0161tititi ruke od vanjskih utjecaja te daljnjeg isu\u0161ivanja. Redovita uporaba podupire prirodnu obnovu ko\u017ee i osigurava dugotrajno njegovane ruke.<\/p>\n<p data-start=\"865\" data-end=\"965\">Pantenol i glicerin intenzivno hidratiziraju ko\u017eu te pobolj\u0161avaju njezinu elasti\u010dnost i podatnost.<\/p>\n<h4 data-start=\"978\" data-end=\"1024\">Ja\u010danje ko\u017ene barijere i ve\u0107a ugoda ko\u017ee<\/h4>\n<p data-start=\"1026\" data-end=\"1242\">Redovitom uporabom ko\u017ena barijera se ja\u010da, crvenilo i iritacije se smanjuju, a ruke postaju bolje za\u0161ti\u0107ene od svakodnevnih optere\u0107enja. Ko\u017ea postaje mek\u0161a, gla\u0111a i otpornija, \u0161to zna\u010dajno pobolj\u0161ava osje\u0107aj ugode.<\/p>\n<h4 data-start=\"1255\" data-end=\"1296\">Za\u0161to nastaju suhe i ispucale ruke?<\/h4>\n<p data-start=\"1298\" data-end=\"1593\">Suhe i o\u0161te\u0107ene ruke \u010dest su problem, osobito kod osoba koje su \u010desto u kontaktu s vodom, sredstvima za \u010di\u0161\u0107enje, dezinficijensima ili dugo nose za\u0161titne rukavice. Takvi utjecaji o\u0161te\u0107uju ko\u017enu barijeru, zbog \u010dega ko\u017ea gubi vlagu, postaje hrapava, ispucala i osjetljivija na upale i infekcije.<\/p>\n<h3 data-start=\"1606\" data-end=\"1631\">Prednosti proizvoda<\/h3>\n<ul>\n<li data-start=\"1635\" data-end=\"1689\"><strong>Specijalna njega<\/strong> za suhe, optere\u0107ene i ispucale ruke<\/li>\n<li data-start=\"1635\" data-end=\"1689\"><strong>Intenzivno hidratizira<\/strong> i poma\u017ee obnoviti ko\u017enu barijeru<\/li>\n<li data-start=\"1635\" data-end=\"1689\"><strong>Brzo se upija<\/strong> bez masnog ili ljepljivog filma<\/li>\n<li data-start=\"1635\" data-end=\"1689\"><strong>\u0160titi od vanjskih utjecaja i daljnjeg isu\u0161ivanja<\/strong><\/li>\n<li data-start=\"1635\" data-end=\"1689\"><strong>Pobolj\u0161ava elasti\u010dnost i podatnost ko\u017ee<\/strong><\/li>\n<li data-start=\"1635\" data-end=\"1689\"><strong>Biomimeti\u010dki lipidi<\/strong> zatvaraju praznine u o\u0161te\u0107enoj ko\u017enoj barijeri<\/li>\n<li data-start=\"1635\" data-end=\"1689\"><strong>Vrlo izda\u0161na formula<\/strong> \u2013 mala koli\u010dina dovoljna je za veliku povr\u0161inu ko\u017ee<\/li>\n<\/ul>\n<p data-start=\"2063\" data-end=\"2091\"><strong>Va\u017eni aktivni sastojci: <\/strong>glicerin | pantenol | lecitin | ceramidi NP | karite maslac | skvalan | alantoin<\/p>\n<p data-start=\"2199\" data-end=\"2241\" data-is-last-node=\"\" data-is-only-node=\"\"><em>Proizvo\u0111a\u010d: nsc Pharma GmbH, Njema\u010dka.<\/em><\/p>\n","protected":false},"excerpt":{"rendered":"<p data-start=\"0\" data-end=\"166\"><strong data-start=\"0\" data-end=\"42\">ALLPRESAN derma med HAND INTENSIV CARE<\/strong><br data-start=\"42\" data-end=\"45\">Intenzivna njeguju\u0107a, hidratantna i regenerativna kremna pjena za <strong data-start=\"113\" data-end=\"147\">suhe, ispucale i o\u0161te\u0107ene ruke<\/strong>. <strong data-start=\"151\" data-end=\"166\">Bez mirisa.<\/strong><\/p>\n<p data-start=\"168\" data-end=\"641\" data-is-last-node=\"\" data-is-only-node=\"\">\u2705 <strong data-start=\"170\" data-end=\"192\">Vrlo brzo se upija<\/strong> \u2013 bez neugodnog masnog i\/ili ljepljivog filma<br data-start=\"238\" data-end=\"241\">\u2705 <strong data-start=\"243\" data-end=\"279\">Medicinska intenzivna njega ruku<\/strong> s <strong data-start=\"282\" data-end=\"323\">biomimeti\u010dkim (ko\u017ei srodnim) lipidima<\/strong><br data-start=\"323\" data-end=\"326\">\u2705 Sadr\u017ei <strong data-start=\"335\" data-end=\"358\">pantenol i glicerin<\/strong> \u2013 intenzivno opskrbljuje ko\u017eu vlagom i lipidima<br data-start=\"406\" data-end=\"409\">\u2705 <strong data-start=\"411\" data-end=\"447\">Dokazano obnavlja ko\u017enu barijeru<\/strong> i poti\u010de prirodnu regeneraciju ko\u017ee<br data-start=\"483\" data-end=\"486\">\u2705 Vidljivo pobolj\u0161ava <strong data-start=\"508\" data-end=\"532\">elasti\u010dnost i meko\u0107u<\/strong> ko\u017ee<br data-start=\"537\" data-end=\"540\">\u2705 <strong data-start=\"542\" data-end=\"565\">Izuzetno ekonomi\u010dna<\/strong> \u2013 mala koli\u010dina dovoljna je za ve\u0107u povr\u0161inu ko\u017ee<br data-start=\"615\" data-end=\"618\">\u2705 <strong data-start=\"620\" data-end=\"641\" data-is-last-node=\"\">Veganski proizvod<\/strong><\/p>\n","protected":false},"featured_media":12755,"comment_status":"closed","ping_status":"closed","template":"","meta":{"_acf_changed":false},"product_brand":[1005],"product_cat":[662,551],"product_tag":[],"blagovna-znamka":[1077],"class_list":{"0":"post-12754","1":"product","2":"type-product","3":"status-publish","4":"has-post-thumbnail","6":"product_brand-allpresan-hr","7":"product_cat-ruke-i-nokti","8":"product_cat-dermatoloska-kozmetika-hr","9":"blagovna-znamka-allpresan-hr","11":"first","12":"instock","13":"taxable","14":"shipping-taxable","15":"purchasable","16":"product-type-simple"},"acf":[],"yoast_head":"<!-- This site is optimized with the Yoast SEO plugin v27.4 - https:\/\/yoast.com\/product\/yoast-seo-wordpress\/ -->\n<title>Vrlo suhe, ispucale ruke Allpresan derma med HAND INTENSIVE CARE, kremna pjena Repair za ruke, bez mirisa, 100 ml - Topmedicus HR Vrlo suhe, ispucale ruke Allpresan derma med HAND INTENSIVE CARE, kremna pjena Repair za ruke, bez mirisa, 100 ml<\/title>\n<meta name=\"description\" content=\"Medicinska njega za suhe, o\u0161te\u0107ene ruke. Intenzivno njeguje i hidratizira ko\u017eu. Vrlo brzo se upija. Bez neugodnog masnog filma.\" \/>\n<meta name=\"robots\" content=\"index, follow, max-snippet:-1, max-image-preview:large, max-video-preview:-1\" \/>\n<link rel=\"canonical\" href=\"https:\/\/topmedicus.eu\/hr\/izdelek\/hand-intensive-care-kremna-pjena-repair-za-ruke-bez-mirisa-100-ml\/\" \/>\n<meta property=\"og:locale\" content=\"hr_HR\" \/>\n<meta property=\"og:type\" content=\"article\" \/>\n<meta property=\"og:title\" content=\"Vrlo suhe, ispucale ruke Allpresan derma med HAND INTENSIVE CARE, kremna pjena Repair za ruke, bez mirisa, 100 ml - Topmedicus HR Vrlo suhe, ispucale ruke Allpresan derma med HAND INTENSIVE CARE, kremna pjena Repair za ruke, bez mirisa, 100 ml\" \/>\n<meta property=\"og:description\" content=\"Medicinska njega za suhe, o\u0161te\u0107ene ruke. Intenzivno njeguje i hidratizira ko\u017eu. Vrlo brzo se upija. Bez neugodnog masnog filma.\" \/>\n<meta property=\"og:url\" content=\"https:\/\/topmedicus.eu\/hr\/izdelek\/hand-intensive-care-kremna-pjena-repair-za-ruke-bez-mirisa-100-ml\/\" \/>\n<meta property=\"og:site_name\" content=\"Topmedicus HR\" \/>\n<meta property=\"article:modified_time\" content=\"2026-02-14T05:17:06+00:00\" \/>\n<meta property=\"og:image\" content=\"https:\/\/topmedicus.eu\/wp-content\/uploads\/2025\/02\/HAND-INTENZIVNA-NEGA-kremna-pena-Repair-100-ml.jpg\" \/>\n\t<meta property=\"og:image:width\" content=\"600\" \/>\n\t<meta property=\"og:image:height\" content=\"600\" \/>\n\t<meta property=\"og:image:type\" content=\"image\/jpeg\" \/>\n<meta name=\"twitter:card\" content=\"summary_large_image\" \/>\n<meta name=\"twitter:label1\" content=\"Procijenjeno vrijeme \u010ditanja\" \/>\n\t<meta name=\"twitter:data1\" content=\"2 minute\" \/>\n<script type=\"application\/ld+json\" class=\"yoast-schema-graph\">{\"@context\":\"https:\\\/\\\/schema.org\",\"@graph\":[{\"@type\":\"WebPage\",\"@id\":\"https:\\\/\\\/topmedicus.eu\\\/hr\\\/izdelek\\\/hand-intensive-care-kremna-pjena-repair-za-ruke-bez-mirisa-100-ml\\\/\",\"url\":\"https:\\\/\\\/topmedicus.eu\\\/hr\\\/izdelek\\\/hand-intensive-care-kremna-pjena-repair-za-ruke-bez-mirisa-100-ml\\\/\",\"name\":\"Vrlo suhe, ispucale ruke Allpresan derma med HAND INTENSIVE CARE, kremna pjena Repair za ruke, bez mirisa, 100 ml - Topmedicus HR Vrlo suhe, ispucale ruke Allpresan derma med HAND INTENSIVE CARE, kremna pjena Repair za ruke, bez mirisa, 100 ml\",\"isPartOf\":{\"@id\":\"https:\\\/\\\/topmedicus.eu\\\/en\\\/#website\"},\"primaryImageOfPage\":{\"@id\":\"https:\\\/\\\/topmedicus.eu\\\/hr\\\/izdelek\\\/hand-intensive-care-kremna-pjena-repair-za-ruke-bez-mirisa-100-ml\\\/#primaryimage\"},\"image\":{\"@id\":\"https:\\\/\\\/topmedicus.eu\\\/hr\\\/izdelek\\\/hand-intensive-care-kremna-pjena-repair-za-ruke-bez-mirisa-100-ml\\\/#primaryimage\"},\"thumbnailUrl\":\"https:\\\/\\\/topmedicus.eu\\\/wp-content\\\/uploads\\\/2025\\\/02\\\/HAND-INTENZIVNA-NEGA-kremna-pena-Repair-100-ml.jpg\",\"datePublished\":\"2025-02-12T22:01:21+00:00\",\"dateModified\":\"2026-02-14T05:17:06+00:00\",\"description\":\"Medicinska njega za suhe, o\u0161te\u0107ene ruke. Intenzivno njeguje i hidratizira ko\u017eu. Vrlo brzo se upija. Bez neugodnog masnog filma.\",\"breadcrumb\":{\"@id\":\"https:\\\/\\\/topmedicus.eu\\\/hr\\\/izdelek\\\/hand-intensive-care-kremna-pjena-repair-za-ruke-bez-mirisa-100-ml\\\/#breadcrumb\"},\"inLanguage\":\"hr\",\"potentialAction\":[{\"@type\":\"ReadAction\",\"target\":[\"https:\\\/\\\/topmedicus.eu\\\/hr\\\/izdelek\\\/hand-intensive-care-kremna-pjena-repair-za-ruke-bez-mirisa-100-ml\\\/\"]}]},{\"@type\":\"ImageObject\",\"inLanguage\":\"hr\",\"@id\":\"https:\\\/\\\/topmedicus.eu\\\/hr\\\/izdelek\\\/hand-intensive-care-kremna-pjena-repair-za-ruke-bez-mirisa-100-ml\\\/#primaryimage\",\"url\":\"https:\\\/\\\/topmedicus.eu\\\/wp-content\\\/uploads\\\/2025\\\/02\\\/HAND-INTENZIVNA-NEGA-kremna-pena-Repair-100-ml.jpg\",\"contentUrl\":\"https:\\\/\\\/topmedicus.eu\\\/wp-content\\\/uploads\\\/2025\\\/02\\\/HAND-INTENZIVNA-NEGA-kremna-pena-Repair-100-ml.jpg\",\"width\":600,\"height\":600},{\"@type\":\"BreadcrumbList\",\"@id\":\"https:\\\/\\\/topmedicus.eu\\\/hr\\\/izdelek\\\/hand-intensive-care-kremna-pjena-repair-za-ruke-bez-mirisa-100-ml\\\/#breadcrumb\",\"itemListElement\":[{\"@type\":\"ListItem\",\"position\":1,\"name\":\"Home\",\"item\":\"https:\\\/\\\/topmedicus.eu\\\/hr\\\/domaca-stranica\\\/\"},{\"@type\":\"ListItem\",\"position\":2,\"name\":\"Shop\",\"item\":\"https:\\\/\\\/topmedicus.eu\\\/shop\\\/\"},{\"@type\":\"ListItem\",\"position\":3,\"name\":\"Vrlo suhe, ispucale ruke Allpresan derma med HAND INTENSIVE CARE, kremna pjena Repair za ruke, bez mirisa, 100 ml\"}]},{\"@type\":\"WebSite\",\"@id\":\"https:\\\/\\\/topmedicus.eu\\\/en\\\/#website\",\"url\":\"https:\\\/\\\/topmedicus.eu\\\/en\\\/\",\"name\":\"Topmedicus HR\",\"description\":\"Prehranska dopolnila in dermatolo\u0161ka kozmetika\",\"potentialAction\":[{\"@type\":\"SearchAction\",\"target\":{\"@type\":\"EntryPoint\",\"urlTemplate\":\"https:\\\/\\\/topmedicus.eu\\\/en\\\/?s={search_term_string}\"},\"query-input\":{\"@type\":\"PropertyValueSpecification\",\"valueRequired\":true,\"valueName\":\"search_term_string\"}}],\"inLanguage\":\"hr\"}]}<\/script>\n<!-- \/ Yoast SEO plugin. -->","yoast_head_json":{"title":"Vrlo suhe, ispucale ruke Allpresan derma med HAND INTENSIVE CARE, kremna pjena Repair za ruke, bez mirisa, 100 ml - Topmedicus HR Vrlo suhe, ispucale ruke Allpresan derma med HAND INTENSIVE CARE, kremna pjena Repair za ruke, bez mirisa, 100 ml","description":"Medicinska njega za suhe, o\u0161te\u0107ene ruke. Intenzivno njeguje i hidratizira ko\u017eu. Vrlo brzo se upija. Bez neugodnog masnog filma.","robots":{"index":"index","follow":"follow","max-snippet":"max-snippet:-1","max-image-preview":"max-image-preview:large","max-video-preview":"max-video-preview:-1"},"canonical":"https:\/\/topmedicus.eu\/hr\/izdelek\/hand-intensive-care-kremna-pjena-repair-za-ruke-bez-mirisa-100-ml\/","og_locale":"hr_HR","og_type":"article","og_title":"Vrlo suhe, ispucale ruke Allpresan derma med HAND INTENSIVE CARE, kremna pjena Repair za ruke, bez mirisa, 100 ml - Topmedicus HR Vrlo suhe, ispucale ruke Allpresan derma med HAND INTENSIVE CARE, kremna pjena Repair za ruke, bez mirisa, 100 ml","og_description":"Medicinska njega za suhe, o\u0161te\u0107ene ruke. Intenzivno njeguje i hidratizira ko\u017eu. Vrlo brzo se upija. Bez neugodnog masnog filma.","og_url":"https:\/\/topmedicus.eu\/hr\/izdelek\/hand-intensive-care-kremna-pjena-repair-za-ruke-bez-mirisa-100-ml\/","og_site_name":"Topmedicus HR","article_modified_time":"2026-02-14T05:17:06+00:00","og_image":[{"width":600,"height":600,"url":"https:\/\/topmedicus.eu\/wp-content\/uploads\/2025\/02\/HAND-INTENZIVNA-NEGA-kremna-pena-Repair-100-ml.jpg","type":"image\/jpeg"}],"twitter_card":"summary_large_image","twitter_misc":{"Procijenjeno vrijeme \u010ditanja":"2 minute"},"schema":{"@context":"https:\/\/schema.org","@graph":[{"@type":"WebPage","@id":"https:\/\/topmedicus.eu\/hr\/izdelek\/hand-intensive-care-kremna-pjena-repair-za-ruke-bez-mirisa-100-ml\/","url":"https:\/\/topmedicus.eu\/hr\/izdelek\/hand-intensive-care-kremna-pjena-repair-za-ruke-bez-mirisa-100-ml\/","name":"Vrlo suhe, ispucale ruke Allpresan derma med HAND INTENSIVE CARE, kremna pjena Repair za ruke, bez mirisa, 100 ml - Topmedicus HR Vrlo suhe, ispucale ruke Allpresan derma med HAND INTENSIVE CARE, kremna pjena Repair za ruke, bez mirisa, 100 ml","isPartOf":{"@id":"https:\/\/topmedicus.eu\/en\/#website"},"primaryImageOfPage":{"@id":"https:\/\/topmedicus.eu\/hr\/izdelek\/hand-intensive-care-kremna-pjena-repair-za-ruke-bez-mirisa-100-ml\/#primaryimage"},"image":{"@id":"https:\/\/topmedicus.eu\/hr\/izdelek\/hand-intensive-care-kremna-pjena-repair-za-ruke-bez-mirisa-100-ml\/#primaryimage"},"thumbnailUrl":"https:\/\/topmedicus.eu\/wp-content\/uploads\/2025\/02\/HAND-INTENZIVNA-NEGA-kremna-pena-Repair-100-ml.jpg","datePublished":"2025-02-12T22:01:21+00:00","dateModified":"2026-02-14T05:17:06+00:00","description":"Medicinska njega za suhe, o\u0161te\u0107ene ruke. Intenzivno njeguje i hidratizira ko\u017eu. Vrlo brzo se upija. Bez neugodnog masnog filma.","breadcrumb":{"@id":"https:\/\/topmedicus.eu\/hr\/izdelek\/hand-intensive-care-kremna-pjena-repair-za-ruke-bez-mirisa-100-ml\/#breadcrumb"},"inLanguage":"hr","potentialAction":[{"@type":"ReadAction","target":["https:\/\/topmedicus.eu\/hr\/izdelek\/hand-intensive-care-kremna-pjena-repair-za-ruke-bez-mirisa-100-ml\/"]}]},{"@type":"ImageObject","inLanguage":"hr","@id":"https:\/\/topmedicus.eu\/hr\/izdelek\/hand-intensive-care-kremna-pjena-repair-za-ruke-bez-mirisa-100-ml\/#primaryimage","url":"https:\/\/topmedicus.eu\/wp-content\/uploads\/2025\/02\/HAND-INTENZIVNA-NEGA-kremna-pena-Repair-100-ml.jpg","contentUrl":"https:\/\/topmedicus.eu\/wp-content\/uploads\/2025\/02\/HAND-INTENZIVNA-NEGA-kremna-pena-Repair-100-ml.jpg","width":600,"height":600},{"@type":"BreadcrumbList","@id":"https:\/\/topmedicus.eu\/hr\/izdelek\/hand-intensive-care-kremna-pjena-repair-za-ruke-bez-mirisa-100-ml\/#breadcrumb","itemListElement":[{"@type":"ListItem","position":1,"name":"Home","item":"https:\/\/topmedicus.eu\/hr\/domaca-stranica\/"},{"@type":"ListItem","position":2,"name":"Shop","item":"https:\/\/topmedicus.eu\/shop\/"},{"@type":"ListItem","position":3,"name":"Vrlo suhe, ispucale ruke Allpresan derma med HAND INTENSIVE CARE, kremna pjena Repair za ruke, bez mirisa, 100 ml"}]},{"@type":"WebSite","@id":"https:\/\/topmedicus.eu\/en\/#website","url":"https:\/\/topmedicus.eu\/en\/","name":"Topmedicus HR","description":"Prehranska dopolnila in dermatolo\u0161ka kozmetika","potentialAction":[{"@type":"SearchAction","target":{"@type":"EntryPoint","urlTemplate":"https:\/\/topmedicus.eu\/en\/?s={search_term_string}"},"query-input":{"@type":"PropertyValueSpecification","valueRequired":true,"valueName":"search_term_string"}}],"inLanguage":"hr"}]}},"jetpack_sharing_enabled":true,"_links":{"self":[{"href":"https:\/\/topmedicus.eu\/hr\/wp-json\/wp\/v2\/product\/12754","targetHints":{"allow":["GET"]}}],"collection":[{"href":"https:\/\/topmedicus.eu\/hr\/wp-json\/wp\/v2\/product"}],"about":[{"href":"https:\/\/topmedicus.eu\/hr\/wp-json\/wp\/v2\/types\/product"}],"replies":[{"embeddable":true,"href":"https:\/\/topmedicus.eu\/hr\/wp-json\/wp\/v2\/comments?post=12754"}],"wp:featuredmedia":[{"embeddable":true,"href":"https:\/\/topmedicus.eu\/hr\/wp-json\/wp\/v2\/media\/12755"}],"wp:attachment":[{"href":"https:\/\/topmedicus.eu\/hr\/wp-json\/wp\/v2\/media?parent=12754"}],"wp:term":[{"taxonomy":"product_brand","embeddable":true,"href":"https:\/\/topmedicus.eu\/hr\/wp-json\/wp\/v2\/product_brand?post=12754"},{"taxonomy":"product_cat","embeddable":true,"href":"https:\/\/topmedicus.eu\/hr\/wp-json\/wp\/v2\/product_cat?post=12754"},{"taxonomy":"product_tag","embeddable":true,"href":"https:\/\/topmedicus.eu\/hr\/wp-json\/wp\/v2\/product_tag?post=12754"},{"taxonomy":"blagovna-znamka","embeddable":true,"href":"https:\/\/topmedicus.eu\/hr\/wp-json\/wp\/v2\/blagovna-znamka?post=12754"}],"curies":[{"name":"wp","href":"https:\/\/api.w.org\/{rel}","templated":true}]}}