{"id":12828,"date":"2025-07-06T04:56:35","date_gmt":"2025-07-06T04:56:35","guid":{"rendered":"https:\/\/topmedicus.eu\/izdelek\/kolagen-silicij-500-ml\/"},"modified":"2026-05-04T16:29:20","modified_gmt":"2026-05-04T16:29:20","slug":"kolagen-silicij-500-ml","status":"publish","type":"product","link":"https:\/\/topmedicus.eu\/hr\/izdelek\/kolagen-silicij-500-ml\/","title":{"rendered":"BIOCYTE Napitak za zglobove KOLAGEN SILICIJ, 500 ml"},"content":{"rendered":"<p data-start=\"0\" data-end=\"62\"><strong data-start=\"0\" data-end=\"60\">Kolagen Silicij \u2013 dodatak prehrani za podr\u0161ku zglobovima<\/strong><\/p>\n<p data-start=\"66\" data-end=\"326\"><strong>Kolagen Silicij<\/strong> brenda <strong data-start=\"89\" data-end=\"100\">Biocyte<\/strong> dodatak je prehrani namijenjen podr\u0161ci normalnoj funkciji zglobova, kostiju i vezivnog tkiva. Prikladan je za sve koji \u017eele nadopuniti prehranu pa\u017eljivo odabranim nutrijentima kao dio aktivnog i uravnote\u017eenog na\u010dina \u017eivota.<\/p>\n<p data-start=\"330\" data-end=\"537\">Njegova formula kombinira <strong>hidrolizat morskog kolagena<\/strong>, koji je zbog svog oblika pogodan za dobru apsorpciju, te <strong>hijaluronsku kiselinu dviju razli\u010ditih molekularnih masa<\/strong>, prirodnu sastavnicu vezivnog tkiva.<\/p>\n<p data-start=\"541\" data-end=\"715\">Proizvod je oboga\u0107en <strong>organskim silicijem iz bambusa<\/strong> i <strong>manganom<\/strong> koji <strong>doprinose odr\u017eavanju normalnih kostiju, dok mangan tako\u0111er doprinosi normalnom stvaranju vezivnog tkiva<\/strong>.<\/p>\n<p data-start=\"719\" data-end=\"850\">Formulu nadopunjuju <strong>MSM (metilsulfonilmetan), bakar te vitamini C, D i E<\/strong>, koji imaju va\u017enu ulogu u brojnim fiziolo\u0161kim procesima:<\/p>\n<ul>\n<li data-start=\"856\" data-end=\"978\"><strong data-start=\"856\" data-end=\"869\">Vitamin C<\/strong> doprinosi normalnom stvaranju kolagena za normalnu funkciju ko\u017ee i za\u0161titi stanica od oksidativnog stresa.<\/li>\n<li data-start=\"856\" data-end=\"978\"><strong data-start=\"982\" data-end=\"995\">Vitamin D<\/strong> doprinosi normalnoj razini kalcija u krvi, normalnoj apsorpciji i iskori\u0161tenju kalcija i fosfora, odr\u017eavanju normalnih kostiju i mi\u0161i\u0107a te normalnoj funkciji imunolo\u0161kog sustava.<\/li>\n<li data-start=\"856\" data-end=\"978\"><strong data-start=\"1180\" data-end=\"1193\">Vitamin E<\/strong> doprinosi za\u0161titi stanica od oksidativnog stresa.<\/li>\n<li data-start=\"856\" data-end=\"978\"><strong data-start=\"1249\" data-end=\"1259\">Mangan<\/strong> doprinosi odr\u017eavanju normalnih kostiju, normalnom stvaranju vezivnog tkiva i za\u0161titi stanica od oksidativnog stresa.<\/li>\n<li data-start=\"856\" data-end=\"978\"><strong data-start=\"1382\" data-end=\"1391\">Bakar<\/strong> doprinosi za\u0161titi stanica od oksidativnog stresa, normalnoj funkciji imunolo\u0161kog i \u017eiv\u010danog sustava, normalnom energetskom metabolizmu, odr\u017eavanju normalnog vezivnog tkiva te normalnom prijenosu \u017eeljeza u tijelu.<\/li>\n<\/ul>\n<p data-start=\"1610\" data-end=\"1785\">Zahvaljuju\u0107i uravnote\u017eenom sastavu nutrijenata, <strong>Kolagen Silicij<\/strong> prikladan je kao dio cjelovitog pristupa o\u010duvanju pokretljivosti, vitalnosti i dobrog op\u0107eg stanja organizma.<\/p>\n<hr data-start=\"1789\" data-end=\"1794\" \/>\n<p data-start=\"1798\" data-end=\"2171\"><strong data-start=\"1798\" data-end=\"1823\">Hijaluronska kiselina<\/strong><br data-start=\"1823\" data-end=\"1827\" \/>Klju\u010dna molekula ko\u017ee i hrskavice, hijaluronska kiselina djeluje poput biolo\u0161ke spu\u017eve jer ve\u017ee vodu i do 1.000 puta svoje mase. Osigurava hidrataciju, elasti\u010dnost i otpornost tkiva. S godinama se njezina prirodna sinteza u organizmu usporava, dok se razgradnja ubrzava, \u0161to dovodi do smanjenog sadr\u017eaja vode u tkivima i gubitka gusto\u0107e ko\u017ee.<\/p>\n<p data-start=\"2175\" data-end=\"2705\"><strong data-start=\"2175\" data-end=\"2186\">Kolagen<\/strong><br data-start=\"2186\" data-end=\"2190\" \/>Kolagen je glavna strukturna bjelan\u010devina prirodno prisutna u svim vezivnim tkivima tijela. Tvori gustu i otpornu mre\u017eu koja osigurava koheziju, elasti\u010dnost i \u010dvrsto\u0107u razli\u010ditim strukturama poput ko\u017ee, tetiva, ligamenata i hrskavice. Proizvode ga specijalizirane stanice, a njegova obnova ovisi o preciznoj ravnote\u017ei izme\u0111u sinteze i razgradnje. S vremenom ili pod utjecajem odre\u0111enih okoli\u0161nih \u010dimbenika ta se ravnote\u017ea mo\u017ee naru\u0161iti, zbog \u010dega ciljano uzimanje hidroliziranog kolagena postaje sve zanimljivije.<\/p>\n<p data-start=\"2709\" data-end=\"2731\"><em>Neto volumen: 500 ml<\/em><\/p>\n<p data-start=\"2735\" data-end=\"2765\" data-is-last-node=\"\" data-is-only-node=\"\"><em>Proizvo\u0111a\u010d: Biocyte, Francuska<\/em><\/p>\n","protected":false},"excerpt":{"rendered":"<h3 data-start=\"0\" data-end=\"131\"><strong data-start=\"0\" data-end=\"15\">ZA ZGLOBOVE<\/strong><\/h3>\n<p data-start=\"0\" data-end=\"131\">Dodatak prehrani s kolagenom, hijaluronskom kiselinom, MSM-om, silicijem te vitaminima i mineralima. Sa sladilom.<\/p>\n<p data-start=\"133\" data-end=\"287\">Pobolj\u0161ava udobnost u zglobovima zahvaljuju\u0107i inovativnoj sinergiji morskog kolagena, hijaluronske kiseline i silicija \u2013 za ja\u010de i pokretljivije zglobove.<\/p>\n<ul>\n<li data-start=\"289\" data-end=\"539\">Hidrolizat morskog kolagena <strong>niske molekularne mase<\/strong> za optimalnu apsorpciju.<\/li>\n<li data-start=\"289\" data-end=\"539\">Hijaluronska kiselina <strong>s dvije molekularne mase<\/strong>.<\/li>\n<li data-start=\"289\" data-end=\"539\"><strong>Kompleks za\u0161titnih aktivnih tvari<\/strong> koji sprje\u010davaju razgradnju zglobova osiguravaju\u0107i klju\u010dne sastojke za zglobna tkiva.<\/li>\n<\/ul>\n","protected":false},"featured_media":12815,"comment_status":"closed","ping_status":"closed","template":"","meta":{"_acf_changed":false},"product_brand":[1712],"product_cat":[672,1296,550],"product_tag":[],"blagovna-znamka":[],"class_list":{"0":"post-12828","1":"product","2":"type-product","3":"status-publish","4":"has-post-thumbnail","6":"product_brand-biocyte","7":"product_cat-misici-i-zglobovi","8":"product_cat-misici-i-zglobovi-hr","9":"product_cat-dodaci-prehrani","11":"first","12":"instock","13":"taxable","14":"shipping-taxable","15":"purchasable","16":"product-type-simple"},"acf":[],"yoast_head":"<!-- This site is optimized with the Yoast SEO plugin v27.5 - https:\/\/yoast.com\/product\/yoast-seo-wordpress\/ -->\n<title>BIOCYTE Napitak za zglobove KOLAGEN SILICIJ, 500 ml - Topmedicus HR<\/title>\n<meta name=\"description\" content=\"Za pobolj\u0161anje pokretljivosti zglobova i za\u0161titu od razgradnje hrskavice. S morskim kolagenom, hijaluronskom kiselinom, MSM-om, vitaminima i mineralima\" \/>\n<meta name=\"robots\" content=\"index, follow, max-snippet:-1, max-image-preview:large, max-video-preview:-1\" \/>\n<link rel=\"canonical\" href=\"https:\/\/topmedicus.eu\/hr\/izdelek\/kolagen-silicij-500-ml\/\" \/>\n<meta property=\"og:locale\" content=\"hr_HR\" \/>\n<meta property=\"og:type\" content=\"article\" \/>\n<meta property=\"og:title\" content=\"BIOCYTE Napitak za zglobove KOLAGEN SILICIJ, 500 ml - Topmedicus HR\" \/>\n<meta property=\"og:description\" content=\"Za pobolj\u0161anje pokretljivosti zglobova i za\u0161titu od razgradnje hrskavice. S morskim kolagenom, hijaluronskom kiselinom, MSM-om, vitaminima i mineralima\" \/>\n<meta property=\"og:url\" content=\"https:\/\/topmedicus.eu\/hr\/izdelek\/kolagen-silicij-500-ml\/\" \/>\n<meta property=\"og:site_name\" content=\"Topmedicus HR\" \/>\n<meta property=\"article:modified_time\" content=\"2026-05-04T16:29:20+00:00\" \/>\n<meta property=\"og:image\" content=\"https:\/\/topmedicus.eu\/wp-content\/uploads\/2025\/07\/Biocyte-KOLAGEN-SILICIJ.jpg\" \/>\n\t<meta property=\"og:image:width\" content=\"600\" \/>\n\t<meta property=\"og:image:height\" content=\"601\" \/>\n\t<meta property=\"og:image:type\" content=\"image\/jpeg\" \/>\n<meta name=\"twitter:card\" content=\"summary_large_image\" \/>\n<meta name=\"twitter:label1\" content=\"Procijenjeno vrijeme \u010ditanja\" \/>\n\t<meta name=\"twitter:data1\" content=\"2 minute\" \/>\n<script type=\"application\/ld+json\" class=\"yoast-schema-graph\">{\"@context\":\"https:\\\/\\\/schema.org\",\"@graph\":[{\"@type\":\"WebPage\",\"@id\":\"https:\\\/\\\/topmedicus.eu\\\/hr\\\/izdelek\\\/kolagen-silicij-500-ml\\\/\",\"url\":\"https:\\\/\\\/topmedicus.eu\\\/hr\\\/izdelek\\\/kolagen-silicij-500-ml\\\/\",\"name\":\"BIOCYTE Napitak za zglobove KOLAGEN SILICIJ, 500 ml - Topmedicus HR\",\"isPartOf\":{\"@id\":\"https:\\\/\\\/topmedicus.eu\\\/en\\\/#website\"},\"primaryImageOfPage\":{\"@id\":\"https:\\\/\\\/topmedicus.eu\\\/hr\\\/izdelek\\\/kolagen-silicij-500-ml\\\/#primaryimage\"},\"image\":{\"@id\":\"https:\\\/\\\/topmedicus.eu\\\/hr\\\/izdelek\\\/kolagen-silicij-500-ml\\\/#primaryimage\"},\"thumbnailUrl\":\"https:\\\/\\\/topmedicus.eu\\\/wp-content\\\/uploads\\\/2025\\\/07\\\/Biocyte-KOLAGEN-SILICIJ.jpg\",\"datePublished\":\"2025-07-06T04:56:35+00:00\",\"dateModified\":\"2026-05-04T16:29:20+00:00\",\"description\":\"Za pobolj\u0161anje pokretljivosti zglobova i za\u0161titu od razgradnje hrskavice. S morskim kolagenom, hijaluronskom kiselinom, MSM-om, vitaminima i mineralima\",\"breadcrumb\":{\"@id\":\"https:\\\/\\\/topmedicus.eu\\\/hr\\\/izdelek\\\/kolagen-silicij-500-ml\\\/#breadcrumb\"},\"inLanguage\":\"hr\",\"potentialAction\":[{\"@type\":\"ReadAction\",\"target\":[\"https:\\\/\\\/topmedicus.eu\\\/hr\\\/izdelek\\\/kolagen-silicij-500-ml\\\/\"]}]},{\"@type\":\"ImageObject\",\"inLanguage\":\"hr\",\"@id\":\"https:\\\/\\\/topmedicus.eu\\\/hr\\\/izdelek\\\/kolagen-silicij-500-ml\\\/#primaryimage\",\"url\":\"https:\\\/\\\/topmedicus.eu\\\/wp-content\\\/uploads\\\/2025\\\/07\\\/Biocyte-KOLAGEN-SILICIJ.jpg\",\"contentUrl\":\"https:\\\/\\\/topmedicus.eu\\\/wp-content\\\/uploads\\\/2025\\\/07\\\/Biocyte-KOLAGEN-SILICIJ.jpg\",\"width\":600,\"height\":601},{\"@type\":\"BreadcrumbList\",\"@id\":\"https:\\\/\\\/topmedicus.eu\\\/hr\\\/izdelek\\\/kolagen-silicij-500-ml\\\/#breadcrumb\",\"itemListElement\":[{\"@type\":\"ListItem\",\"position\":1,\"name\":\"Home\",\"item\":\"https:\\\/\\\/topmedicus.eu\\\/hr\\\/domaca-stranica\\\/\"},{\"@type\":\"ListItem\",\"position\":2,\"name\":\"Shop\",\"item\":\"https:\\\/\\\/topmedicus.eu\\\/shop\\\/\"},{\"@type\":\"ListItem\",\"position\":3,\"name\":\"BIOCYTE Napitak za zglobove KOLAGEN SILICIJ, 500 ml\"}]},{\"@type\":\"WebSite\",\"@id\":\"https:\\\/\\\/topmedicus.eu\\\/en\\\/#website\",\"url\":\"https:\\\/\\\/topmedicus.eu\\\/en\\\/\",\"name\":\"Topmedicus HR\",\"description\":\"Prehranska dopolnila in dermatolo\u0161ka kozmetika\",\"potentialAction\":[{\"@type\":\"SearchAction\",\"target\":{\"@type\":\"EntryPoint\",\"urlTemplate\":\"https:\\\/\\\/topmedicus.eu\\\/en\\\/?s={search_term_string}\"},\"query-input\":{\"@type\":\"PropertyValueSpecification\",\"valueRequired\":true,\"valueName\":\"search_term_string\"}}],\"inLanguage\":\"hr\"}]}<\/script>\n<!-- \/ Yoast SEO plugin. -->","yoast_head_json":{"title":"BIOCYTE Napitak za zglobove KOLAGEN SILICIJ, 500 ml - Topmedicus HR","description":"Za pobolj\u0161anje pokretljivosti zglobova i za\u0161titu od razgradnje hrskavice. S morskim kolagenom, hijaluronskom kiselinom, MSM-om, vitaminima i mineralima","robots":{"index":"index","follow":"follow","max-snippet":"max-snippet:-1","max-image-preview":"max-image-preview:large","max-video-preview":"max-video-preview:-1"},"canonical":"https:\/\/topmedicus.eu\/hr\/izdelek\/kolagen-silicij-500-ml\/","og_locale":"hr_HR","og_type":"article","og_title":"BIOCYTE Napitak za zglobove KOLAGEN SILICIJ, 500 ml - Topmedicus HR","og_description":"Za pobolj\u0161anje pokretljivosti zglobova i za\u0161titu od razgradnje hrskavice. S morskim kolagenom, hijaluronskom kiselinom, MSM-om, vitaminima i mineralima","og_url":"https:\/\/topmedicus.eu\/hr\/izdelek\/kolagen-silicij-500-ml\/","og_site_name":"Topmedicus HR","article_modified_time":"2026-05-04T16:29:20+00:00","og_image":[{"width":600,"height":601,"url":"https:\/\/topmedicus.eu\/wp-content\/uploads\/2025\/07\/Biocyte-KOLAGEN-SILICIJ.jpg","type":"image\/jpeg"}],"twitter_card":"summary_large_image","twitter_misc":{"Procijenjeno vrijeme \u010ditanja":"2 minute"},"schema":{"@context":"https:\/\/schema.org","@graph":[{"@type":"WebPage","@id":"https:\/\/topmedicus.eu\/hr\/izdelek\/kolagen-silicij-500-ml\/","url":"https:\/\/topmedicus.eu\/hr\/izdelek\/kolagen-silicij-500-ml\/","name":"BIOCYTE Napitak za zglobove KOLAGEN SILICIJ, 500 ml - Topmedicus HR","isPartOf":{"@id":"https:\/\/topmedicus.eu\/en\/#website"},"primaryImageOfPage":{"@id":"https:\/\/topmedicus.eu\/hr\/izdelek\/kolagen-silicij-500-ml\/#primaryimage"},"image":{"@id":"https:\/\/topmedicus.eu\/hr\/izdelek\/kolagen-silicij-500-ml\/#primaryimage"},"thumbnailUrl":"https:\/\/topmedicus.eu\/wp-content\/uploads\/2025\/07\/Biocyte-KOLAGEN-SILICIJ.jpg","datePublished":"2025-07-06T04:56:35+00:00","dateModified":"2026-05-04T16:29:20+00:00","description":"Za pobolj\u0161anje pokretljivosti zglobova i za\u0161titu od razgradnje hrskavice. S morskim kolagenom, hijaluronskom kiselinom, MSM-om, vitaminima i mineralima","breadcrumb":{"@id":"https:\/\/topmedicus.eu\/hr\/izdelek\/kolagen-silicij-500-ml\/#breadcrumb"},"inLanguage":"hr","potentialAction":[{"@type":"ReadAction","target":["https:\/\/topmedicus.eu\/hr\/izdelek\/kolagen-silicij-500-ml\/"]}]},{"@type":"ImageObject","inLanguage":"hr","@id":"https:\/\/topmedicus.eu\/hr\/izdelek\/kolagen-silicij-500-ml\/#primaryimage","url":"https:\/\/topmedicus.eu\/wp-content\/uploads\/2025\/07\/Biocyte-KOLAGEN-SILICIJ.jpg","contentUrl":"https:\/\/topmedicus.eu\/wp-content\/uploads\/2025\/07\/Biocyte-KOLAGEN-SILICIJ.jpg","width":600,"height":601},{"@type":"BreadcrumbList","@id":"https:\/\/topmedicus.eu\/hr\/izdelek\/kolagen-silicij-500-ml\/#breadcrumb","itemListElement":[{"@type":"ListItem","position":1,"name":"Home","item":"https:\/\/topmedicus.eu\/hr\/domaca-stranica\/"},{"@type":"ListItem","position":2,"name":"Shop","item":"https:\/\/topmedicus.eu\/shop\/"},{"@type":"ListItem","position":3,"name":"BIOCYTE Napitak za zglobove KOLAGEN SILICIJ, 500 ml"}]},{"@type":"WebSite","@id":"https:\/\/topmedicus.eu\/en\/#website","url":"https:\/\/topmedicus.eu\/en\/","name":"Topmedicus HR","description":"Prehranska dopolnila in dermatolo\u0161ka kozmetika","potentialAction":[{"@type":"SearchAction","target":{"@type":"EntryPoint","urlTemplate":"https:\/\/topmedicus.eu\/en\/?s={search_term_string}"},"query-input":{"@type":"PropertyValueSpecification","valueRequired":true,"valueName":"search_term_string"}}],"inLanguage":"hr"}]}},"jetpack_sharing_enabled":true,"_links":{"self":[{"href":"https:\/\/topmedicus.eu\/hr\/wp-json\/wp\/v2\/product\/12828","targetHints":{"allow":["GET"]}}],"collection":[{"href":"https:\/\/topmedicus.eu\/hr\/wp-json\/wp\/v2\/product"}],"about":[{"href":"https:\/\/topmedicus.eu\/hr\/wp-json\/wp\/v2\/types\/product"}],"replies":[{"embeddable":true,"href":"https:\/\/topmedicus.eu\/hr\/wp-json\/wp\/v2\/comments?post=12828"}],"wp:featuredmedia":[{"embeddable":true,"href":"https:\/\/topmedicus.eu\/hr\/wp-json\/wp\/v2\/media\/12815"}],"wp:attachment":[{"href":"https:\/\/topmedicus.eu\/hr\/wp-json\/wp\/v2\/media?parent=12828"}],"wp:term":[{"taxonomy":"product_brand","embeddable":true,"href":"https:\/\/topmedicus.eu\/hr\/wp-json\/wp\/v2\/product_brand?post=12828"},{"taxonomy":"product_cat","embeddable":true,"href":"https:\/\/topmedicus.eu\/hr\/wp-json\/wp\/v2\/product_cat?post=12828"},{"taxonomy":"product_tag","embeddable":true,"href":"https:\/\/topmedicus.eu\/hr\/wp-json\/wp\/v2\/product_tag?post=12828"},{"taxonomy":"blagovna-znamka","embeddable":true,"href":"https:\/\/topmedicus.eu\/hr\/wp-json\/wp\/v2\/blagovna-znamka?post=12828"}],"curies":[{"name":"wp","href":"https:\/\/api.w.org\/{rel}","templated":true}]}}