{"id":12833,"date":"2025-07-06T09:40:46","date_gmt":"2025-07-06T09:40:46","guid":{"rendered":"https:\/\/topmedicus.eu\/izdelek\/glow-rose-60-kapsula\/"},"modified":"2026-02-13T04:06:23","modified_gmt":"2026-02-13T04:06:23","slug":"glow-rose-60-kapsula","status":"publish","type":"product","link":"https:\/\/topmedicus.eu\/hr\/izdelek\/glow-rose-60-kapsula\/","title":{"rendered":"Ujedna\u010den ten &#038; sjajna ko\u017ea GLOW ROSE, 60 kapsula"},"content":{"rendered":"<div class=\"relative basis-auto flex-col -mb-(--composer-overlap-px) [--composer-overlap-px:28px] grow flex\">\n<div class=\"flex flex-col text-sm pb-25\">\n<article class=\"text-token-text-primary w-full focus:outline-none [--shadow-height:45px] has-data-writing-block:pointer-events-none has-data-writing-block:-mt-(--shadow-height) has-data-writing-block:pt-(--shadow-height) [&amp;:has([data-writing-block])&gt;*]:pointer-events-auto scroll-mt-[calc(var(--header-height)+min(200px,max(70px,20svh)))]\" dir=\"auto\" tabindex=\"-1\" data-turn-id=\"66f07778-5e20-4fe3-ae5e-7ef56f6637e7\" data-testid=\"conversation-turn-86\" data-scroll-anchor=\"true\" data-turn=\"assistant\">\n<div class=\"text-base my-auto mx-auto pb-10 [--thread-content-margin:--spacing(4)] @w-sm\/main:[--thread-content-margin:--spacing(6)] @w-lg\/main:[--thread-content-margin:--spacing(16)] px-(--thread-content-margin)\">\n<div class=\"[--thread-content-max-width:40rem] @w-lg\/main:[--thread-content-max-width:48rem] mx-auto max-w-(--thread-content-max-width) flex-1 group\/turn-messages focus-visible:outline-hidden relative flex w-full min-w-0 flex-col agent-turn\" tabindex=\"-1\">\n<div class=\"flex max-w-full flex-col grow\">\n<div class=\"min-h-8 text-message relative flex w-full flex-col items-end gap-2 text-start break-words whitespace-normal [.text-message+&amp;]:mt-1\" dir=\"auto\" data-message-author-role=\"assistant\" data-message-id=\"bef81614-7b2c-4125-bd7f-01d7692e907e\" data-message-model-slug=\"gpt-5-2\">\n<div class=\"flex w-full flex-col gap-1 empty:hidden first:pt-[1px]\">\n<div class=\"markdown prose dark:prose-invert w-full wrap-break-word light markdown-new-styling\">\n<p data-start=\"0\" data-end=\"288\"><strong>Glowrose<\/strong> brenda <strong data-start=\"16\" data-end=\"27\">Biocyte<\/strong> dodatak je prehrani, osmi\u0161ljen kao podr\u0161ka normalnom izgledu ko\u017ee i njezinu prirodnom sjaju. Sadr\u017ei pa\u017eljivo odabranu kombinaciju biljnih ekstrakata, vitamina i minerala koji doprinose za\u0161titi stanica od oksidativnog stresa te o\u010duvanju normalnog stanja ko\u017ee.<\/p>\n<p data-start=\"292\" data-end=\"706\">Formula se temelji na <strong>D-Rose kompleksu<\/strong> koji objedinjuje ekstrakt dama\u0161\u010danske ru\u017ee, sok dinje u prahu i acerolu. Ekstrakt dama\u0161\u010danske ru\u017ee izvor je polifenola, biljnih spojeva s antioksidativnim svojstvima. Sok dinje prirodni je izvor superoksid dismutaze (SOD), dok acerola sadr\u017ei vitamin C koji doprinosi <strong>za\u0161titi stanica od oksidativnog stresa<\/strong> i ima ulogu u stvaranju kolagena, va\u017enog za normalnu funkciju ko\u017ee.<\/p>\n<p data-start=\"710\" data-end=\"789\">Formula je dodatno oboga\u0107ena <strong>niacinamidom (vitamin B3), vitaminom E i cinkom<\/strong>.<\/p>\n<ul>\n<li data-start=\"793\" data-end=\"979\">Vitamin E i cink doprinose za\u0161titi stanica od oksidativnog stresa.<\/li>\n<li data-start=\"793\" data-end=\"979\">Niacin doprinosi odr\u017eavanju normalne ko\u017ee.<\/li>\n<li data-start=\"793\" data-end=\"979\">Cink ima ulogu u diobi stanica i doprinosi odr\u017eavanju normalne ko\u017ee.<\/li>\n<\/ul>\n<p data-start=\"983\" data-end=\"1102\">Zahvaljuju\u0107i uravnote\u017eenom sastavu, <strong>Glowrose<\/strong> je prikladan kao dio cjelovitog pristupa dobrobiti i njezi ko\u017ee iznutra.<\/p>\n<p data-start=\"1106\" data-end=\"1173\"><strong data-start=\"1106\" data-end=\"1171\">Nutritivna vrijednost za preporu\u010denu dnevnu dozu (2 kapsule):<\/strong><\/p>\n<ul>\n<li data-start=\"1177\" data-end=\"1424\">Vitamin E &#8230;&#8230;&#8230;&#8230;&#8230;&#8230;&#8230;&#8230;&#8230;&#8230;&#8230;&#8230;&#8230;&#8230;. 12 mg \/ 100 % PU*<\/li>\n<li data-start=\"1177\" data-end=\"1424\">Vitamin B3 &#8230;&#8230;&#8230;&#8230;&#8230;&#8230;&#8230;&#8230;&#8230;&#8230;&#8230;&#8230;&#8230;.. 16 mg \/ 100 % PU*<\/li>\n<li data-start=\"1177\" data-end=\"1424\">Cink &#8230;&#8230;&#8230;&#8230;&#8230;&#8230;&#8230;&#8230;&#8230;&#8230;&#8230;&#8230;&#8230;&#8230;&#8230;&#8230;&#8230;. 10 mg \/ 100 % PU*<\/li>\n<li data-start=\"1177\" data-end=\"1424\"><strong data-start=\"1428\" data-end=\"1447\">D-Rose kompleks<\/strong> &#8230;&#8230;&#8230;&#8230;&#8230;&#8230;&#8230;&#8230; 300 mg<\/li>\n<li data-start=\"1177\" data-end=\"1424\">\u00a0 \u00a0od \u010dega ekstrakt ru\u017ee &#8230;&#8230;&#8230;&#8230;&#8230;&#8230; 140,1 mg<\/li>\n<li data-start=\"1177\" data-end=\"1424\">\u00a0 \u00a0 \u00a0 od \u010dega polifenoli &#8230;&#8230;&#8230;&#8230;&#8230;&#8230;&#8230;&#8230;.. 24 mg<\/li>\n<li data-start=\"1177\" data-end=\"1424\">\u00a0 \u00a0od \u010dega sok acerole u prahu &#8230;&#8230;.. 139,8 mg<\/li>\n<li data-start=\"1177\" data-end=\"1424\">\u00a0 \u00a0 \u00a0 od \u010dega vitamin C &#8230;&#8230;&#8230;&#8230;&#8230;&#8230;&#8230;&#8230;.. 20 mg \/ 25 % PU*<\/li>\n<li data-start=\"1177\" data-end=\"1424\">\u00a0 \u00a0od \u010dega ceramidi &#8230;&#8230;&#8230;&#8230;&#8230;&#8230;&#8230;&#8230;&#8230;. 10,5 mg<\/li>\n<li data-start=\"1177\" data-end=\"1424\">\u00a0 \u00a0od \u010dega sok dinje u prahu &#8230;&#8230;&#8230;&#8230;&#8230; 20,1 mg<\/li>\n<li data-start=\"1177\" data-end=\"1424\">\u00a0 \u00a0 \u00a0 od \u010dega SOD &#8230;&#8230;&#8230;&#8230;&#8230;&#8230;&#8230;&#8230;&#8230;&#8230;&#8230;. 280 IU**<\/li>\n<\/ul>\n<p data-start=\"1940\" data-end=\"1999\">*PU = preporu\u010deni unos<br data-start=\"1962\" data-end=\"1966\" \/>**IU = internacionalne jedinice<\/p>\n<p data-start=\"2003\" data-end=\"2022\"><em>Neto masa: 25,8 g<\/em><\/p>\n<p data-start=\"2026\" data-end=\"2056\" data-is-last-node=\"\" data-is-only-node=\"\"><em>Proizvo\u0111a\u010d: Biocyte, Francuska<\/em><\/p>\n<\/div>\n<\/div>\n<\/div>\n<\/div>\n<\/div>\n<\/div>\n<\/article>\n<\/div>\n<\/div>\n","protected":false},"excerpt":{"rendered":"<h4 data-start=\"0\" data-end=\"31\">UJEDNA\u010cEN TEN I BLISTAVA KO\u017dA<\/h4>\n<p data-start=\"33\" data-end=\"169\"><strong>GLOWROSE<\/strong> je dodatak prehrani s ekstraktom dama\u0161\u010danske ru\u017ee, koncentriranim sokom dinje, ekstraktom acerole te vitaminima i mineralima.<\/p>\n<p data-start=\"171\" data-end=\"349\">Posvjetljuje ten (+40 %) i ujedna\u010dava ko\u017eu (+65 %) za blistav izgled, zahvaljuju\u0107i sna\u017enom antioksidativnom <strong>D-Rose kompleksu<\/strong>, \u010diju su u\u010dinkovitost potvrdile 4 klini\u010dke studije.<\/p>\n<ul>\n<li data-start=\"351\" data-end=\"642\"><strong>Sna\u017ean antioksidativni kompleks<\/strong> za ljep\u0161i izgled ko\u017ee i vra\u0107eni sjaj.<\/li>\n<li data-start=\"351\" data-end=\"642\"><strong>Dokazana u\u010dinkovitost D-Rose kompleksa<\/strong> u 4 klini\u010dke studije na 162 \u017eene.<\/li>\n<li data-start=\"351\" data-end=\"642\"><strong>Formula je oboga\u0107ena niacinamidom, SOD-om, cinkom i vitaminom E<\/strong> koji \u0161tite stanice od oksidativnog stresa i osiguravaju optimalnu funkciju ko\u017ee.<\/li>\n<\/ul>\n","protected":false},"featured_media":12795,"comment_status":"closed","ping_status":"closed","template":"","meta":{"_acf_changed":false},"product_brand":[1002],"product_cat":[1221,1220,576],"product_tag":[630],"blagovna-znamka":[1010],"class_list":{"0":"post-12833","1":"product","2":"type-product","3":"status-publish","4":"has-post-thumbnail","6":"product_brand-biocyte-hr","7":"product_cat-hiperpigmentacije-hr","8":"product_cat-sjajna-koza","9":"product_cat-nutrikozmetika-hr","10":"product_tag-novo-hr","11":"blagovna-znamka-biocyte-hr","13":"first","14":"instock","15":"taxable","16":"shipping-taxable","17":"purchasable","18":"product-type-simple"},"acf":[],"yoast_head":"<!-- This site is optimized with the Yoast SEO plugin v27.4 - https:\/\/yoast.com\/product\/yoast-seo-wordpress\/ -->\n<title>Ujedna\u010den ten &amp; sjajna ko\u017ea GLOW ROSE, 60 kapsula - Topmedicus HR<\/title>\n<meta name=\"description\" content=\"Kapsule za ujedna\u010davanje tena i posvjetljivanje ko\u017ee. Dokazana u\u010dinkovitost: 40\u202f% svjetliji ten, 65\u202f% ujedna\u010deniji ten, 100\u202f% \u017eena primijetilo je blistaviju ko\u017eu.\" \/>\n<meta name=\"robots\" content=\"index, follow, max-snippet:-1, max-image-preview:large, max-video-preview:-1\" \/>\n<link rel=\"canonical\" href=\"https:\/\/topmedicus.eu\/hr\/izdelek\/glow-rose-60-kapsula\/\" \/>\n<meta property=\"og:locale\" content=\"hr_HR\" \/>\n<meta property=\"og:type\" content=\"article\" \/>\n<meta property=\"og:title\" content=\"Ujedna\u010den ten &amp; sjajna ko\u017ea GLOW ROSE, 60 kapsula - Topmedicus HR\" \/>\n<meta property=\"og:description\" content=\"Kapsule za ujedna\u010davanje tena i posvjetljivanje ko\u017ee. Dokazana u\u010dinkovitost: 40\u202f% svjetliji ten, 65\u202f% ujedna\u010deniji ten, 100\u202f% \u017eena primijetilo je blistaviju ko\u017eu.\" \/>\n<meta property=\"og:url\" content=\"https:\/\/topmedicus.eu\/hr\/izdelek\/glow-rose-60-kapsula\/\" \/>\n<meta property=\"og:site_name\" content=\"Topmedicus HR\" \/>\n<meta property=\"article:modified_time\" content=\"2026-02-13T04:06:23+00:00\" \/>\n<meta property=\"og:image\" content=\"https:\/\/topmedicus.eu\/wp-content\/uploads\/2025\/07\/Biocyte-GLOW-ROSE.jpg\" \/>\n\t<meta property=\"og:image:width\" content=\"601\" \/>\n\t<meta property=\"og:image:height\" content=\"601\" \/>\n\t<meta property=\"og:image:type\" content=\"image\/jpeg\" \/>\n<meta name=\"twitter:card\" content=\"summary_large_image\" \/>\n<meta name=\"twitter:label1\" content=\"Procijenjeno vrijeme \u010ditanja\" \/>\n\t<meta name=\"twitter:data1\" content=\"1 minuta\" \/>\n<script type=\"application\/ld+json\" class=\"yoast-schema-graph\">{\"@context\":\"https:\\\/\\\/schema.org\",\"@graph\":[{\"@type\":\"WebPage\",\"@id\":\"https:\\\/\\\/topmedicus.eu\\\/hr\\\/izdelek\\\/glow-rose-60-kapsula\\\/\",\"url\":\"https:\\\/\\\/topmedicus.eu\\\/hr\\\/izdelek\\\/glow-rose-60-kapsula\\\/\",\"name\":\"Ujedna\u010den ten & sjajna ko\u017ea GLOW ROSE, 60 kapsula - Topmedicus HR\",\"isPartOf\":{\"@id\":\"https:\\\/\\\/topmedicus.eu\\\/en\\\/#website\"},\"primaryImageOfPage\":{\"@id\":\"https:\\\/\\\/topmedicus.eu\\\/hr\\\/izdelek\\\/glow-rose-60-kapsula\\\/#primaryimage\"},\"image\":{\"@id\":\"https:\\\/\\\/topmedicus.eu\\\/hr\\\/izdelek\\\/glow-rose-60-kapsula\\\/#primaryimage\"},\"thumbnailUrl\":\"https:\\\/\\\/topmedicus.eu\\\/wp-content\\\/uploads\\\/2025\\\/07\\\/Biocyte-GLOW-ROSE.jpg\",\"datePublished\":\"2025-07-06T09:40:46+00:00\",\"dateModified\":\"2026-02-13T04:06:23+00:00\",\"description\":\"Kapsule za ujedna\u010davanje tena i posvjetljivanje ko\u017ee. Dokazana u\u010dinkovitost: 40\u202f% svjetliji ten, 65\u202f% ujedna\u010deniji ten, 100\u202f% \u017eena primijetilo je blistaviju ko\u017eu.\",\"breadcrumb\":{\"@id\":\"https:\\\/\\\/topmedicus.eu\\\/hr\\\/izdelek\\\/glow-rose-60-kapsula\\\/#breadcrumb\"},\"inLanguage\":\"hr\",\"potentialAction\":[{\"@type\":\"ReadAction\",\"target\":[\"https:\\\/\\\/topmedicus.eu\\\/hr\\\/izdelek\\\/glow-rose-60-kapsula\\\/\"]}]},{\"@type\":\"ImageObject\",\"inLanguage\":\"hr\",\"@id\":\"https:\\\/\\\/topmedicus.eu\\\/hr\\\/izdelek\\\/glow-rose-60-kapsula\\\/#primaryimage\",\"url\":\"https:\\\/\\\/topmedicus.eu\\\/wp-content\\\/uploads\\\/2025\\\/07\\\/Biocyte-GLOW-ROSE.jpg\",\"contentUrl\":\"https:\\\/\\\/topmedicus.eu\\\/wp-content\\\/uploads\\\/2025\\\/07\\\/Biocyte-GLOW-ROSE.jpg\",\"width\":601,\"height\":601},{\"@type\":\"BreadcrumbList\",\"@id\":\"https:\\\/\\\/topmedicus.eu\\\/hr\\\/izdelek\\\/glow-rose-60-kapsula\\\/#breadcrumb\",\"itemListElement\":[{\"@type\":\"ListItem\",\"position\":1,\"name\":\"Home\",\"item\":\"https:\\\/\\\/topmedicus.eu\\\/hr\\\/domaca-stranica\\\/\"},{\"@type\":\"ListItem\",\"position\":2,\"name\":\"Shop\",\"item\":\"https:\\\/\\\/topmedicus.eu\\\/shop\\\/\"},{\"@type\":\"ListItem\",\"position\":3,\"name\":\"Ujedna\u010den ten &#038; sjajna ko\u017ea GLOW ROSE, 60 kapsula\"}]},{\"@type\":\"WebSite\",\"@id\":\"https:\\\/\\\/topmedicus.eu\\\/en\\\/#website\",\"url\":\"https:\\\/\\\/topmedicus.eu\\\/en\\\/\",\"name\":\"Topmedicus HR\",\"description\":\"Prehranska dopolnila in dermatolo\u0161ka kozmetika\",\"potentialAction\":[{\"@type\":\"SearchAction\",\"target\":{\"@type\":\"EntryPoint\",\"urlTemplate\":\"https:\\\/\\\/topmedicus.eu\\\/en\\\/?s={search_term_string}\"},\"query-input\":{\"@type\":\"PropertyValueSpecification\",\"valueRequired\":true,\"valueName\":\"search_term_string\"}}],\"inLanguage\":\"hr\"}]}<\/script>\n<!-- \/ Yoast SEO plugin. -->","yoast_head_json":{"title":"Ujedna\u010den ten & sjajna ko\u017ea GLOW ROSE, 60 kapsula - Topmedicus HR","description":"Kapsule za ujedna\u010davanje tena i posvjetljivanje ko\u017ee. Dokazana u\u010dinkovitost: 40\u202f% svjetliji ten, 65\u202f% ujedna\u010deniji ten, 100\u202f% \u017eena primijetilo je blistaviju ko\u017eu.","robots":{"index":"index","follow":"follow","max-snippet":"max-snippet:-1","max-image-preview":"max-image-preview:large","max-video-preview":"max-video-preview:-1"},"canonical":"https:\/\/topmedicus.eu\/hr\/izdelek\/glow-rose-60-kapsula\/","og_locale":"hr_HR","og_type":"article","og_title":"Ujedna\u010den ten & sjajna ko\u017ea GLOW ROSE, 60 kapsula - Topmedicus HR","og_description":"Kapsule za ujedna\u010davanje tena i posvjetljivanje ko\u017ee. Dokazana u\u010dinkovitost: 40\u202f% svjetliji ten, 65\u202f% ujedna\u010deniji ten, 100\u202f% \u017eena primijetilo je blistaviju ko\u017eu.","og_url":"https:\/\/topmedicus.eu\/hr\/izdelek\/glow-rose-60-kapsula\/","og_site_name":"Topmedicus HR","article_modified_time":"2026-02-13T04:06:23+00:00","og_image":[{"width":601,"height":601,"url":"https:\/\/topmedicus.eu\/wp-content\/uploads\/2025\/07\/Biocyte-GLOW-ROSE.jpg","type":"image\/jpeg"}],"twitter_card":"summary_large_image","twitter_misc":{"Procijenjeno vrijeme \u010ditanja":"1 minuta"},"schema":{"@context":"https:\/\/schema.org","@graph":[{"@type":"WebPage","@id":"https:\/\/topmedicus.eu\/hr\/izdelek\/glow-rose-60-kapsula\/","url":"https:\/\/topmedicus.eu\/hr\/izdelek\/glow-rose-60-kapsula\/","name":"Ujedna\u010den ten & sjajna ko\u017ea GLOW ROSE, 60 kapsula - Topmedicus HR","isPartOf":{"@id":"https:\/\/topmedicus.eu\/en\/#website"},"primaryImageOfPage":{"@id":"https:\/\/topmedicus.eu\/hr\/izdelek\/glow-rose-60-kapsula\/#primaryimage"},"image":{"@id":"https:\/\/topmedicus.eu\/hr\/izdelek\/glow-rose-60-kapsula\/#primaryimage"},"thumbnailUrl":"https:\/\/topmedicus.eu\/wp-content\/uploads\/2025\/07\/Biocyte-GLOW-ROSE.jpg","datePublished":"2025-07-06T09:40:46+00:00","dateModified":"2026-02-13T04:06:23+00:00","description":"Kapsule za ujedna\u010davanje tena i posvjetljivanje ko\u017ee. Dokazana u\u010dinkovitost: 40\u202f% svjetliji ten, 65\u202f% ujedna\u010deniji ten, 100\u202f% \u017eena primijetilo je blistaviju ko\u017eu.","breadcrumb":{"@id":"https:\/\/topmedicus.eu\/hr\/izdelek\/glow-rose-60-kapsula\/#breadcrumb"},"inLanguage":"hr","potentialAction":[{"@type":"ReadAction","target":["https:\/\/topmedicus.eu\/hr\/izdelek\/glow-rose-60-kapsula\/"]}]},{"@type":"ImageObject","inLanguage":"hr","@id":"https:\/\/topmedicus.eu\/hr\/izdelek\/glow-rose-60-kapsula\/#primaryimage","url":"https:\/\/topmedicus.eu\/wp-content\/uploads\/2025\/07\/Biocyte-GLOW-ROSE.jpg","contentUrl":"https:\/\/topmedicus.eu\/wp-content\/uploads\/2025\/07\/Biocyte-GLOW-ROSE.jpg","width":601,"height":601},{"@type":"BreadcrumbList","@id":"https:\/\/topmedicus.eu\/hr\/izdelek\/glow-rose-60-kapsula\/#breadcrumb","itemListElement":[{"@type":"ListItem","position":1,"name":"Home","item":"https:\/\/topmedicus.eu\/hr\/domaca-stranica\/"},{"@type":"ListItem","position":2,"name":"Shop","item":"https:\/\/topmedicus.eu\/shop\/"},{"@type":"ListItem","position":3,"name":"Ujedna\u010den ten &#038; sjajna ko\u017ea GLOW ROSE, 60 kapsula"}]},{"@type":"WebSite","@id":"https:\/\/topmedicus.eu\/en\/#website","url":"https:\/\/topmedicus.eu\/en\/","name":"Topmedicus HR","description":"Prehranska dopolnila in dermatolo\u0161ka kozmetika","potentialAction":[{"@type":"SearchAction","target":{"@type":"EntryPoint","urlTemplate":"https:\/\/topmedicus.eu\/en\/?s={search_term_string}"},"query-input":{"@type":"PropertyValueSpecification","valueRequired":true,"valueName":"search_term_string"}}],"inLanguage":"hr"}]}},"jetpack_sharing_enabled":true,"_links":{"self":[{"href":"https:\/\/topmedicus.eu\/hr\/wp-json\/wp\/v2\/product\/12833","targetHints":{"allow":["GET"]}}],"collection":[{"href":"https:\/\/topmedicus.eu\/hr\/wp-json\/wp\/v2\/product"}],"about":[{"href":"https:\/\/topmedicus.eu\/hr\/wp-json\/wp\/v2\/types\/product"}],"replies":[{"embeddable":true,"href":"https:\/\/topmedicus.eu\/hr\/wp-json\/wp\/v2\/comments?post=12833"}],"wp:featuredmedia":[{"embeddable":true,"href":"https:\/\/topmedicus.eu\/hr\/wp-json\/wp\/v2\/media\/12795"}],"wp:attachment":[{"href":"https:\/\/topmedicus.eu\/hr\/wp-json\/wp\/v2\/media?parent=12833"}],"wp:term":[{"taxonomy":"product_brand","embeddable":true,"href":"https:\/\/topmedicus.eu\/hr\/wp-json\/wp\/v2\/product_brand?post=12833"},{"taxonomy":"product_cat","embeddable":true,"href":"https:\/\/topmedicus.eu\/hr\/wp-json\/wp\/v2\/product_cat?post=12833"},{"taxonomy":"product_tag","embeddable":true,"href":"https:\/\/topmedicus.eu\/hr\/wp-json\/wp\/v2\/product_tag?post=12833"},{"taxonomy":"blagovna-znamka","embeddable":true,"href":"https:\/\/topmedicus.eu\/hr\/wp-json\/wp\/v2\/blagovna-znamka?post=12833"}],"curies":[{"name":"wp","href":"https:\/\/api.w.org\/{rel}","templated":true}]}}