{"id":12847,"date":"2025-07-06T18:21:24","date_gmt":"2025-07-06T18:21:24","guid":{"rendered":"https:\/\/topmedicus.eu\/izdelek\/terracotta-samotamnjenje-30-kapsula\/"},"modified":"2026-02-13T03:58:05","modified_gmt":"2026-02-13T03:58:05","slug":"terracotta-samotamnjenje-30-kapsula","status":"publish","type":"product","link":"https:\/\/topmedicus.eu\/hr\/izdelek\/terracotta-samotamnjenje-30-kapsula\/","title":{"rendered":"Subliman ten bez sun\u010danja TERRACOTTA SAMOTAMNJENJE, 30 kapsula"},"content":{"rendered":"<p data-start=\"0\" data-end=\"322\"><strong>TERRACOTTA SAMOTAMNJENJE<\/strong> vrhunskog francuskog proizvo\u0111a\u010da <strong data-start=\"58\" data-end=\"69\">Biocyte<\/strong> osigurava blistav, preplanuli ten tijekom cijele godine \u2013 bez izlaganja suncu. Ova jedinstvena formula kombinira pet prirodnih pigmenata, uklju\u010duju\u0107i anato, lutein, likopen, astaksantin i zeaksantin, za ujedna\u010den rezultat bez mrlja na cijelom tijelu.<\/p>\n<p data-start=\"324\" data-end=\"584\">Sadr\u017ei i vitamin D, \u010desto nazivan \u201evitamin sunca\u201c, koji nadokna\u0111uje manjak izlaganja sun\u010devoj svjetlosti i doprinosi blistavom izgledu ko\u017ee. Ova sinergija prirodnih aktivnih sastojaka poma\u017ee odr\u017eati preplanuli i sjajan ten, uz istodobne prednosti vitamina D.<\/p>\n<p data-start=\"586\" data-end=\"731\">Terracotta Autobronzant isti\u010de se formulom bez beta-karotena, idealnom za one koji tra\u017ee prirodnu i u\u010dinkovitu alternativu za pobolj\u0161anje tena.<\/p>\n<p data-start=\"733\" data-end=\"800\"><strong data-start=\"733\" data-end=\"798\">Nutritivna vrijednost za preporu\u010denu dnevnu dozu (1 kapsula):<\/strong><\/p>\n<ul>\n<li data-start=\"802\" data-end=\"1191\">Ekstrakt anata &#8230;&#8230;&#8230;&#8230;&#8230;&#8230; 100 mg<\/li>\n<li data-start=\"802\" data-end=\"1191\">L-tirozin &#8230;&#8230;&#8230;&#8230;&#8230;&#8230;&#8230;&#8230;&#8230;&#8230; 50 mg<\/li>\n<li data-start=\"802\" data-end=\"1191\">Astaksantin &#8230;&#8230;&#8230;&#8230;&#8230;&#8230;&#8230;&#8230;&#8230;. 1 mg<\/li>\n<li data-start=\"802\" data-end=\"1191\">Ekstrakt tagetesa &#8230;&#8230;&#8230;&#8230;&#8230;.. 25 mg, od \u010dega lutein 5 mg<\/li>\n<li data-start=\"802\" data-end=\"1191\">Ekstrakt raj\u010dice &#8230;&#8230;&#8230;&#8230;&#8230;&#8230;.. 20 mg, od \u010dega likopen 4 mg<\/li>\n<li data-start=\"802\" data-end=\"1191\">Ekstrakt tagetesa &#8230;&#8230;&#8230;&#8230;&#8230;&#8230;.. 4 mg, od \u010dega zeaksantin 1 mg<\/li>\n<li data-start=\"802\" data-end=\"1191\">Vitamin D &#8230;&#8230;&#8230;&#8230;&#8230;&#8230;&#8230;&#8230;&#8230;. 2,5 \u00b5g \/ 50 % PU*<\/li>\n<\/ul>\n<p data-start=\"1193\" data-end=\"1217\">*PU = preporu\u010deni unos<\/p>\n<p data-start=\"1219\" data-end=\"1238\">Neto masa: 12,6 g<\/p>\n<p data-start=\"1240\" data-end=\"1270\" data-is-last-node=\"\" data-is-only-node=\"\">Proizvo\u0111a\u010d: Biocyte, Francuska<\/p>\n","protected":false},"excerpt":{"rendered":"<h4 data-start=\"0\" data-end=\"247\">PRIRODNO SAMOTAMNJENJE BEZ IZLAGANJA SUNCU<\/h4>\n<p data-start=\"0\" data-end=\"247\">Dodatak prehrani s prirodnim pigmentima, astaksantinom i vitaminom D. Pobolj\u0161ava preplanulost ko\u017ee <strong>bez izlaganja suncu<\/strong> \u2013 zahvaljuju\u0107i koncentriranoj formuli <strong>prirodnih pigmenata<\/strong> oboga\u0107enoj <strong>vitaminom D<\/strong>.<\/p>\n<ul>\n<li data-start=\"252\" data-end=\"437\"><strong>Preplanula ko\u017ea bez izlaganja suncu.<\/strong><\/li>\n<li data-start=\"252\" data-end=\"437\"><strong>Ujedna\u010den ten bez mrlja<\/strong> po cijelom tijelu.<\/li>\n<li data-start=\"252\" data-end=\"437\"><strong>Koncentrirana formula<\/strong> s 5 prirodnih pigmenata i dodatkom vitamina D.<\/li>\n<li data-start=\"252\" data-end=\"437\"><strong>Formula bez beta-karotena.<\/strong><\/li>\n<\/ul>\n","protected":false},"featured_media":12706,"comment_status":"closed","ping_status":"closed","template":"","meta":{"_acf_changed":false},"product_brand":[1002],"product_cat":[1252,576],"product_tag":[980],"blagovna-znamka":[1010],"class_list":{"0":"post-12847","1":"product","2":"type-product","3":"status-publish","4":"has-post-thumbnail","6":"product_brand-biocyte-hr","7":"product_cat-samotamnjenje","8":"product_cat-nutrikozmetika-hr","9":"product_tag-nova-formula-hr","10":"blagovna-znamka-biocyte-hr","12":"first","13":"instock","14":"taxable","15":"shipping-taxable","16":"purchasable","17":"product-type-simple"},"acf":[],"yoast_head":"<!-- This site is optimized with the Yoast SEO plugin v27.4 - https:\/\/yoast.com\/product\/yoast-seo-wordpress\/ -->\n<title>Subliman ten bez sun\u010danja TERRACOTTA SAMOTAMNJENJE, 30 kapsula - Topmedicus HR<\/title>\n<meta name=\"description\" content=\"Ujedna\u010deno preplanuli ten bez izlaganja suncu i bez mrlja, po cijelom tijelu. Koncentrirana formula s 5 prirodnih pigmenata i vitaminom D, bez beta-karotena. Vpra\u0161aj ChatGPT\" \/>\n<meta name=\"robots\" content=\"index, follow, max-snippet:-1, max-image-preview:large, max-video-preview:-1\" \/>\n<link rel=\"canonical\" href=\"https:\/\/topmedicus.eu\/hr\/izdelek\/terracotta-samotamnjenje-30-kapsula\/\" \/>\n<meta property=\"og:locale\" content=\"hr_HR\" \/>\n<meta property=\"og:type\" content=\"article\" \/>\n<meta property=\"og:title\" content=\"Subliman ten bez sun\u010danja TERRACOTTA SAMOTAMNJENJE, 30 kapsula - Topmedicus HR\" \/>\n<meta property=\"og:description\" content=\"Ujedna\u010deno preplanuli ten bez izlaganja suncu i bez mrlja, po cijelom tijelu. Koncentrirana formula s 5 prirodnih pigmenata i vitaminom D, bez beta-karotena. Vpra\u0161aj ChatGPT\" \/>\n<meta property=\"og:url\" content=\"https:\/\/topmedicus.eu\/hr\/izdelek\/terracotta-samotamnjenje-30-kapsula\/\" \/>\n<meta property=\"og:site_name\" content=\"Topmedicus HR\" \/>\n<meta property=\"article:modified_time\" content=\"2026-02-13T03:58:05+00:00\" \/>\n<meta property=\"og:image\" content=\"https:\/\/topmedicus.eu\/wp-content\/uploads\/2025\/02\/Biocyte_Terracotta_Autobronzant_Samoporjavitev.jpg\" \/>\n\t<meta property=\"og:image:width\" content=\"594\" \/>\n\t<meta property=\"og:image:height\" content=\"595\" \/>\n\t<meta property=\"og:image:type\" content=\"image\/jpeg\" \/>\n<meta name=\"twitter:card\" content=\"summary_large_image\" \/>\n<meta name=\"twitter:label1\" content=\"Procijenjeno vrijeme \u010ditanja\" \/>\n\t<meta name=\"twitter:data1\" content=\"1 minuta\" \/>\n<script type=\"application\/ld+json\" class=\"yoast-schema-graph\">{\"@context\":\"https:\\\/\\\/schema.org\",\"@graph\":[{\"@type\":\"WebPage\",\"@id\":\"https:\\\/\\\/topmedicus.eu\\\/hr\\\/izdelek\\\/terracotta-samotamnjenje-30-kapsula\\\/\",\"url\":\"https:\\\/\\\/topmedicus.eu\\\/hr\\\/izdelek\\\/terracotta-samotamnjenje-30-kapsula\\\/\",\"name\":\"Subliman ten bez sun\u010danja TERRACOTTA SAMOTAMNJENJE, 30 kapsula - Topmedicus HR\",\"isPartOf\":{\"@id\":\"https:\\\/\\\/topmedicus.eu\\\/en\\\/#website\"},\"primaryImageOfPage\":{\"@id\":\"https:\\\/\\\/topmedicus.eu\\\/hr\\\/izdelek\\\/terracotta-samotamnjenje-30-kapsula\\\/#primaryimage\"},\"image\":{\"@id\":\"https:\\\/\\\/topmedicus.eu\\\/hr\\\/izdelek\\\/terracotta-samotamnjenje-30-kapsula\\\/#primaryimage\"},\"thumbnailUrl\":\"https:\\\/\\\/topmedicus.eu\\\/wp-content\\\/uploads\\\/2025\\\/02\\\/Biocyte_Terracotta_Autobronzant_Samoporjavitev.jpg\",\"datePublished\":\"2025-07-06T18:21:24+00:00\",\"dateModified\":\"2026-02-13T03:58:05+00:00\",\"description\":\"Ujedna\u010deno preplanuli ten bez izlaganja suncu i bez mrlja, po cijelom tijelu. Koncentrirana formula s 5 prirodnih pigmenata i vitaminom D, bez beta-karotena. Vpra\u0161aj ChatGPT\",\"breadcrumb\":{\"@id\":\"https:\\\/\\\/topmedicus.eu\\\/hr\\\/izdelek\\\/terracotta-samotamnjenje-30-kapsula\\\/#breadcrumb\"},\"inLanguage\":\"hr\",\"potentialAction\":[{\"@type\":\"ReadAction\",\"target\":[\"https:\\\/\\\/topmedicus.eu\\\/hr\\\/izdelek\\\/terracotta-samotamnjenje-30-kapsula\\\/\"]}]},{\"@type\":\"ImageObject\",\"inLanguage\":\"hr\",\"@id\":\"https:\\\/\\\/topmedicus.eu\\\/hr\\\/izdelek\\\/terracotta-samotamnjenje-30-kapsula\\\/#primaryimage\",\"url\":\"https:\\\/\\\/topmedicus.eu\\\/wp-content\\\/uploads\\\/2025\\\/02\\\/Biocyte_Terracotta_Autobronzant_Samoporjavitev.jpg\",\"contentUrl\":\"https:\\\/\\\/topmedicus.eu\\\/wp-content\\\/uploads\\\/2025\\\/02\\\/Biocyte_Terracotta_Autobronzant_Samoporjavitev.jpg\",\"width\":594,\"height\":595},{\"@type\":\"BreadcrumbList\",\"@id\":\"https:\\\/\\\/topmedicus.eu\\\/hr\\\/izdelek\\\/terracotta-samotamnjenje-30-kapsula\\\/#breadcrumb\",\"itemListElement\":[{\"@type\":\"ListItem\",\"position\":1,\"name\":\"Home\",\"item\":\"https:\\\/\\\/topmedicus.eu\\\/hr\\\/domaca-stranica\\\/\"},{\"@type\":\"ListItem\",\"position\":2,\"name\":\"Shop\",\"item\":\"https:\\\/\\\/topmedicus.eu\\\/shop\\\/\"},{\"@type\":\"ListItem\",\"position\":3,\"name\":\"Subliman ten bez sun\u010danja TERRACOTTA SAMOTAMNJENJE, 30 kapsula\"}]},{\"@type\":\"WebSite\",\"@id\":\"https:\\\/\\\/topmedicus.eu\\\/en\\\/#website\",\"url\":\"https:\\\/\\\/topmedicus.eu\\\/en\\\/\",\"name\":\"Topmedicus HR\",\"description\":\"Prehranska dopolnila in dermatolo\u0161ka kozmetika\",\"potentialAction\":[{\"@type\":\"SearchAction\",\"target\":{\"@type\":\"EntryPoint\",\"urlTemplate\":\"https:\\\/\\\/topmedicus.eu\\\/en\\\/?s={search_term_string}\"},\"query-input\":{\"@type\":\"PropertyValueSpecification\",\"valueRequired\":true,\"valueName\":\"search_term_string\"}}],\"inLanguage\":\"hr\"}]}<\/script>\n<!-- \/ Yoast SEO plugin. -->","yoast_head_json":{"title":"Subliman ten bez sun\u010danja TERRACOTTA SAMOTAMNJENJE, 30 kapsula - Topmedicus HR","description":"Ujedna\u010deno preplanuli ten bez izlaganja suncu i bez mrlja, po cijelom tijelu. Koncentrirana formula s 5 prirodnih pigmenata i vitaminom D, bez beta-karotena. Vpra\u0161aj ChatGPT","robots":{"index":"index","follow":"follow","max-snippet":"max-snippet:-1","max-image-preview":"max-image-preview:large","max-video-preview":"max-video-preview:-1"},"canonical":"https:\/\/topmedicus.eu\/hr\/izdelek\/terracotta-samotamnjenje-30-kapsula\/","og_locale":"hr_HR","og_type":"article","og_title":"Subliman ten bez sun\u010danja TERRACOTTA SAMOTAMNJENJE, 30 kapsula - Topmedicus HR","og_description":"Ujedna\u010deno preplanuli ten bez izlaganja suncu i bez mrlja, po cijelom tijelu. Koncentrirana formula s 5 prirodnih pigmenata i vitaminom D, bez beta-karotena. Vpra\u0161aj ChatGPT","og_url":"https:\/\/topmedicus.eu\/hr\/izdelek\/terracotta-samotamnjenje-30-kapsula\/","og_site_name":"Topmedicus HR","article_modified_time":"2026-02-13T03:58:05+00:00","og_image":[{"width":594,"height":595,"url":"https:\/\/topmedicus.eu\/wp-content\/uploads\/2025\/02\/Biocyte_Terracotta_Autobronzant_Samoporjavitev.jpg","type":"image\/jpeg"}],"twitter_card":"summary_large_image","twitter_misc":{"Procijenjeno vrijeme \u010ditanja":"1 minuta"},"schema":{"@context":"https:\/\/schema.org","@graph":[{"@type":"WebPage","@id":"https:\/\/topmedicus.eu\/hr\/izdelek\/terracotta-samotamnjenje-30-kapsula\/","url":"https:\/\/topmedicus.eu\/hr\/izdelek\/terracotta-samotamnjenje-30-kapsula\/","name":"Subliman ten bez sun\u010danja TERRACOTTA SAMOTAMNJENJE, 30 kapsula - Topmedicus HR","isPartOf":{"@id":"https:\/\/topmedicus.eu\/en\/#website"},"primaryImageOfPage":{"@id":"https:\/\/topmedicus.eu\/hr\/izdelek\/terracotta-samotamnjenje-30-kapsula\/#primaryimage"},"image":{"@id":"https:\/\/topmedicus.eu\/hr\/izdelek\/terracotta-samotamnjenje-30-kapsula\/#primaryimage"},"thumbnailUrl":"https:\/\/topmedicus.eu\/wp-content\/uploads\/2025\/02\/Biocyte_Terracotta_Autobronzant_Samoporjavitev.jpg","datePublished":"2025-07-06T18:21:24+00:00","dateModified":"2026-02-13T03:58:05+00:00","description":"Ujedna\u010deno preplanuli ten bez izlaganja suncu i bez mrlja, po cijelom tijelu. Koncentrirana formula s 5 prirodnih pigmenata i vitaminom D, bez beta-karotena. Vpra\u0161aj ChatGPT","breadcrumb":{"@id":"https:\/\/topmedicus.eu\/hr\/izdelek\/terracotta-samotamnjenje-30-kapsula\/#breadcrumb"},"inLanguage":"hr","potentialAction":[{"@type":"ReadAction","target":["https:\/\/topmedicus.eu\/hr\/izdelek\/terracotta-samotamnjenje-30-kapsula\/"]}]},{"@type":"ImageObject","inLanguage":"hr","@id":"https:\/\/topmedicus.eu\/hr\/izdelek\/terracotta-samotamnjenje-30-kapsula\/#primaryimage","url":"https:\/\/topmedicus.eu\/wp-content\/uploads\/2025\/02\/Biocyte_Terracotta_Autobronzant_Samoporjavitev.jpg","contentUrl":"https:\/\/topmedicus.eu\/wp-content\/uploads\/2025\/02\/Biocyte_Terracotta_Autobronzant_Samoporjavitev.jpg","width":594,"height":595},{"@type":"BreadcrumbList","@id":"https:\/\/topmedicus.eu\/hr\/izdelek\/terracotta-samotamnjenje-30-kapsula\/#breadcrumb","itemListElement":[{"@type":"ListItem","position":1,"name":"Home","item":"https:\/\/topmedicus.eu\/hr\/domaca-stranica\/"},{"@type":"ListItem","position":2,"name":"Shop","item":"https:\/\/topmedicus.eu\/shop\/"},{"@type":"ListItem","position":3,"name":"Subliman ten bez sun\u010danja TERRACOTTA SAMOTAMNJENJE, 30 kapsula"}]},{"@type":"WebSite","@id":"https:\/\/topmedicus.eu\/en\/#website","url":"https:\/\/topmedicus.eu\/en\/","name":"Topmedicus HR","description":"Prehranska dopolnila in dermatolo\u0161ka kozmetika","potentialAction":[{"@type":"SearchAction","target":{"@type":"EntryPoint","urlTemplate":"https:\/\/topmedicus.eu\/en\/?s={search_term_string}"},"query-input":{"@type":"PropertyValueSpecification","valueRequired":true,"valueName":"search_term_string"}}],"inLanguage":"hr"}]}},"jetpack_sharing_enabled":true,"_links":{"self":[{"href":"https:\/\/topmedicus.eu\/hr\/wp-json\/wp\/v2\/product\/12847","targetHints":{"allow":["GET"]}}],"collection":[{"href":"https:\/\/topmedicus.eu\/hr\/wp-json\/wp\/v2\/product"}],"about":[{"href":"https:\/\/topmedicus.eu\/hr\/wp-json\/wp\/v2\/types\/product"}],"replies":[{"embeddable":true,"href":"https:\/\/topmedicus.eu\/hr\/wp-json\/wp\/v2\/comments?post=12847"}],"wp:featuredmedia":[{"embeddable":true,"href":"https:\/\/topmedicus.eu\/hr\/wp-json\/wp\/v2\/media\/12706"}],"wp:attachment":[{"href":"https:\/\/topmedicus.eu\/hr\/wp-json\/wp\/v2\/media?parent=12847"}],"wp:term":[{"taxonomy":"product_brand","embeddable":true,"href":"https:\/\/topmedicus.eu\/hr\/wp-json\/wp\/v2\/product_brand?post=12847"},{"taxonomy":"product_cat","embeddable":true,"href":"https:\/\/topmedicus.eu\/hr\/wp-json\/wp\/v2\/product_cat?post=12847"},{"taxonomy":"product_tag","embeddable":true,"href":"https:\/\/topmedicus.eu\/hr\/wp-json\/wp\/v2\/product_tag?post=12847"},{"taxonomy":"blagovna-znamka","embeddable":true,"href":"https:\/\/topmedicus.eu\/hr\/wp-json\/wp\/v2\/blagovna-znamka?post=12847"}],"curies":[{"name":"wp","href":"https:\/\/api.w.org\/{rel}","templated":true}]}}