{"id":12866,"date":"2025-02-12T22:01:18","date_gmt":"2025-02-12T22:01:18","guid":{"rendered":"https:\/\/topmedicus.eu\/izdelek\/bomboni-za-samotamnjenje-60-bombona\/"},"modified":"2026-02-14T05:57:45","modified_gmt":"2026-02-14T05:57:45","slug":"bomboni-za-samotamnjenje-60-bombona","status":"publish","type":"product","link":"https:\/\/topmedicus.eu\/hr\/izdelek\/bomboni-za-samotamnjenje-60-bombona\/","title":{"rendered":"BOMBONI za SAMOTAMNJENJE, 60 bombona"},"content":{"rendered":"<p data-start=\"30\" data-end=\"335\"><strong data-start=\"30\" data-end=\"56\">BOMBONI ZA SAMOTAMNJENJE <\/strong>s prirodnim pigmentima marke Biocyte nude inovativno rje\u0161enje za prekrasan preplanuli ten bez izlaganja suncu. Formulirani su s kompleksom od 4 prirodna pigmenta i sadr\u017ee bakar, koji doprinosi normalnoj pigmentaciji ko\u017ee, te vitamin E, koji \u0161titi stanice od oksidativnog stresa.<\/p>\n<p data-start=\"337\" data-end=\"646\">Svaki dnevni unos od dva bombona tako\u0111er sadr\u017ei vitamin D, L-tirozin, likopen, lutein, zeaksantin i astaksantin \u2013 aktivne tvari poznate po blagotvornom djelovanju na ko\u017eu. Sinergija ovih sastojaka poti\u010de prirodno i ravnomjerno tamnjenje bez izlaganja suncu, istovremeno \u0161tite\u0107i ko\u017eu od oksidativnih o\u0161te\u0107enja.<\/p>\n<p data-start=\"648\" data-end=\"884\">Bomboni za samotamnjenje s prirodnim pigmentima i ukusom borovnice jednostavan su dodatak svakodnevnoj rutini. Formula bez \u03b2-karotena idealna je za one koji tra\u017ee sigurnu i u\u010dinkovitu alternativu tradicionalnim proizvodima za samotamnjenje.<\/p>\n<ul>\n<li data-start=\"1179\" data-end=\"1424\"><strong data-start=\"1179\" data-end=\"1192\">VITAMIN D<\/strong> doprinosi normalnoj razini kalcija u krvi, normalnoj apsorpciji i iskori\u0161tavanju kalcija i fosfora, o\u010duvanju normalnih kostiju, o\u010duvanju normalne mi\u0161i\u0107ne funkcije, o\u010duvanju normalnih zubi i normalnom djelovanju imunolo\u0161kog sustava.<\/li>\n<li data-start=\"1179\" data-end=\"1424\"><strong data-start=\"1426\" data-end=\"1435\">BAKAR<\/strong> doprinosi normalnoj pigmentaciji ko\u017ee i kose te normalnom djelovanju imunolo\u0161kog sustava.<\/li>\n<li data-start=\"1179\" data-end=\"1424\"><strong data-start=\"1527\" data-end=\"1540\">VITAMIN E<\/strong> doprinosi za\u0161titi stanica od oksidativnog stresa.<\/li>\n<\/ul>\n<p data-start=\"886\" data-end=\"952\"><strong data-start=\"886\" data-end=\"952\">Nutritivna vrijednost za preporu\u010deni dnevni unos (2 bombona):<\/strong><\/p>\n<ul>\n<li data-start=\"956\" data-end=\"986\">Vitamin E &#8230;. 30 mg \/ 250 % PDV*<\/li>\n<li data-start=\"989\" data-end=\"1019\">Vitamin D &#8230; 2,5 \u03bcg \/ 50 % PDV*<\/li>\n<li data-start=\"1022\" data-end=\"1048\">Bakar &#8230;&#8230;&#8230;. 0,5 mg \/ 50 % PDV*<\/li>\n<li data-start=\"1051\" data-end=\"1069\">L-tirozin &#8230;. 100 mg<\/li>\n<li data-start=\"1072\" data-end=\"1086\">Likopen &#8230;&#8230;&#8230;. 3 mg<\/li>\n<li data-start=\"1089\" data-end=\"1102\">Lutein &#8230;&#8230;&#8230;&#8230;.. 1 mg<\/li>\n<li data-start=\"1105\" data-end=\"1122\">Zeaksantin &#8230;&#8230;. 1 mg<\/li>\n<li data-start=\"1125\" data-end=\"1145\">Astaksantin &#8230; 0,5 mg<\/li>\n<\/ul>\n<p data-start=\"1147\" data-end=\"1177\">*PU = preporu\u010deni dnevni unos<\/p>\n<p data-start=\"1649\" data-end=\"2169\"><strong data-start=\"1649\" data-end=\"1662\">Vitamin D<\/strong><br data-start=\"1662\" data-end=\"1665\" \/>Vitamin D ima posebno mjesto me\u0111u vitaminima: tijelo ga mo\u017ee sintetizirati samo pod utjecajem sun\u010deve svjetlosti, zbog \u010dega se naziva i vitaminom sunca, no ponekad ga je potrebno unijeti i prehranom. Djeluje kao pravi stani\u010dni glasnik, sposoban modulirati aktivnost brojnih gena uklju\u010denih u op\u0107u ravnote\u017eu organizma. Njegova uloga daleko nadilazi mineralni metabolizam, jer sudjeluje u regulaciji brojnih biolo\u0161kih funkcija vezanih uz ko\u0161tano i mi\u0161i\u0107no tkivo te pravilno funkcioniranje stanica op\u0107enito.<\/p>\n<p data-start=\"1649\" data-end=\"2169\"><em>Neto te\u017eina: 150 g<\/em><\/p>\n<p data-start=\"1612\" data-end=\"1642\"><em>Proizvodi: Biocyte, Francuska<\/em><\/p>\n","protected":false},"excerpt":{"rendered":"<h4 data-start=\"30\" data-end=\"188\"><strong data-start=\"30\" data-end=\"56\">PREKRASAN PREPLANULI TEN<\/strong><\/h4>\n<p data-start=\"30\" data-end=\"188\">dodatak prehrani, s \u0161e\u0107erom<\/p>\n<p data-start=\"30\" data-end=\"188\">Pobolj\u0161ava ten prirodnim samotamnjenjem, bez izlaganja suncu, zahvaljuju\u0107i formuli bogatoj vitaminima i prirodnim pigmentima.<\/p>\n<ul>\n<li data-start=\"190\" data-end=\"378\">Gumeni bomboni s <strong>4 prirodna pigmenta, vitaminima, mineralima i aminokiselinama.<\/strong><\/li>\n<li data-start=\"190\" data-end=\"378\">Poti\u010de <strong>zagorjeli ten bez izlaganja suncu.<\/strong><\/li>\n<li data-start=\"190\" data-end=\"378\">Formula <strong>bez \u03b2-karotena.<\/strong><\/li>\n<li data-start=\"190\" data-end=\"378\">Gumeni bomboni <strong>s okusom borovnice.<\/strong><\/li>\n<\/ul>\n","protected":false},"featured_media":12863,"comment_status":"closed","ping_status":"closed","template":"","meta":{"_acf_changed":false},"product_brand":[1002],"product_cat":[1252,576],"product_tag":[630],"blagovna-znamka":[1010],"class_list":{"0":"post-12866","1":"product","2":"type-product","3":"status-publish","4":"has-post-thumbnail","6":"product_brand-biocyte-hr","7":"product_cat-samotamnjenje","8":"product_cat-nutrikozmetika-hr","9":"product_tag-novo-hr","10":"blagovna-znamka-biocyte-hr","12":"first","13":"instock","14":"taxable","15":"shipping-taxable","16":"purchasable","17":"product-type-simple"},"acf":[],"yoast_head":"<!-- This site is optimized with the Yoast SEO plugin v27.4 - https:\/\/yoast.com\/product\/yoast-seo-wordpress\/ -->\n<title>BOMBONI za SAMOTAMNJENJE, 60 bombona - Topmedicus HR<\/title>\n<meta name=\"description\" content=\"Bomboni za samotamnjenje s prirodnim pigmentima za preplanuli ten tijekom cijele godine \u2013 bez izlaganja suncu. Bez beta-karotena.\" \/>\n<meta name=\"robots\" content=\"index, follow, max-snippet:-1, max-image-preview:large, max-video-preview:-1\" \/>\n<link rel=\"canonical\" href=\"https:\/\/topmedicus.eu\/hr\/izdelek\/bomboni-za-samotamnjenje-60-bombona\/\" \/>\n<meta property=\"og:locale\" content=\"hr_HR\" \/>\n<meta property=\"og:type\" content=\"article\" \/>\n<meta property=\"og:title\" content=\"BOMBONI za SAMOTAMNJENJE, 60 bombona - Topmedicus HR\" \/>\n<meta property=\"og:description\" content=\"Bomboni za samotamnjenje s prirodnim pigmentima za preplanuli ten tijekom cijele godine \u2013 bez izlaganja suncu. Bez beta-karotena.\" \/>\n<meta property=\"og:url\" content=\"https:\/\/topmedicus.eu\/hr\/izdelek\/bomboni-za-samotamnjenje-60-bombona\/\" \/>\n<meta property=\"og:site_name\" content=\"Topmedicus HR\" \/>\n<meta property=\"article:modified_time\" content=\"2026-02-14T05:57:45+00:00\" \/>\n<meta property=\"og:image\" content=\"https:\/\/topmedicus.eu\/wp-content\/uploads\/2025\/02\/Bomboni-Autobronzant.jpg\" \/>\n\t<meta property=\"og:image:width\" content=\"601\" \/>\n\t<meta property=\"og:image:height\" content=\"599\" \/>\n\t<meta property=\"og:image:type\" content=\"image\/jpeg\" \/>\n<meta name=\"twitter:card\" content=\"summary_large_image\" \/>\n<meta name=\"twitter:label1\" content=\"Procijenjeno vrijeme \u010ditanja\" \/>\n\t<meta name=\"twitter:data1\" content=\"2 minute\" \/>\n<script type=\"application\/ld+json\" class=\"yoast-schema-graph\">{\"@context\":\"https:\\\/\\\/schema.org\",\"@graph\":[{\"@type\":\"WebPage\",\"@id\":\"https:\\\/\\\/topmedicus.eu\\\/hr\\\/izdelek\\\/bomboni-za-samotamnjenje-60-bombona\\\/\",\"url\":\"https:\\\/\\\/topmedicus.eu\\\/hr\\\/izdelek\\\/bomboni-za-samotamnjenje-60-bombona\\\/\",\"name\":\"BOMBONI za SAMOTAMNJENJE, 60 bombona - Topmedicus HR\",\"isPartOf\":{\"@id\":\"https:\\\/\\\/topmedicus.eu\\\/en\\\/#website\"},\"primaryImageOfPage\":{\"@id\":\"https:\\\/\\\/topmedicus.eu\\\/hr\\\/izdelek\\\/bomboni-za-samotamnjenje-60-bombona\\\/#primaryimage\"},\"image\":{\"@id\":\"https:\\\/\\\/topmedicus.eu\\\/hr\\\/izdelek\\\/bomboni-za-samotamnjenje-60-bombona\\\/#primaryimage\"},\"thumbnailUrl\":\"https:\\\/\\\/topmedicus.eu\\\/wp-content\\\/uploads\\\/2025\\\/02\\\/Bomboni-Autobronzant.jpg\",\"datePublished\":\"2025-02-12T22:01:18+00:00\",\"dateModified\":\"2026-02-14T05:57:45+00:00\",\"description\":\"Bomboni za samotamnjenje s prirodnim pigmentima za preplanuli ten tijekom cijele godine \u2013 bez izlaganja suncu. Bez beta-karotena.\",\"breadcrumb\":{\"@id\":\"https:\\\/\\\/topmedicus.eu\\\/hr\\\/izdelek\\\/bomboni-za-samotamnjenje-60-bombona\\\/#breadcrumb\"},\"inLanguage\":\"hr\",\"potentialAction\":[{\"@type\":\"ReadAction\",\"target\":[\"https:\\\/\\\/topmedicus.eu\\\/hr\\\/izdelek\\\/bomboni-za-samotamnjenje-60-bombona\\\/\"]}]},{\"@type\":\"ImageObject\",\"inLanguage\":\"hr\",\"@id\":\"https:\\\/\\\/topmedicus.eu\\\/hr\\\/izdelek\\\/bomboni-za-samotamnjenje-60-bombona\\\/#primaryimage\",\"url\":\"https:\\\/\\\/topmedicus.eu\\\/wp-content\\\/uploads\\\/2025\\\/02\\\/Bomboni-Autobronzant.jpg\",\"contentUrl\":\"https:\\\/\\\/topmedicus.eu\\\/wp-content\\\/uploads\\\/2025\\\/02\\\/Bomboni-Autobronzant.jpg\",\"width\":601,\"height\":599,\"caption\":\"Bomboni za samotamnjenje\"},{\"@type\":\"BreadcrumbList\",\"@id\":\"https:\\\/\\\/topmedicus.eu\\\/hr\\\/izdelek\\\/bomboni-za-samotamnjenje-60-bombona\\\/#breadcrumb\",\"itemListElement\":[{\"@type\":\"ListItem\",\"position\":1,\"name\":\"Home\",\"item\":\"https:\\\/\\\/topmedicus.eu\\\/hr\\\/domaca-stranica\\\/\"},{\"@type\":\"ListItem\",\"position\":2,\"name\":\"Shop\",\"item\":\"https:\\\/\\\/topmedicus.eu\\\/shop\\\/\"},{\"@type\":\"ListItem\",\"position\":3,\"name\":\"BOMBONI za SAMOTAMNJENJE, 60 bombona\"}]},{\"@type\":\"WebSite\",\"@id\":\"https:\\\/\\\/topmedicus.eu\\\/en\\\/#website\",\"url\":\"https:\\\/\\\/topmedicus.eu\\\/en\\\/\",\"name\":\"Topmedicus HR\",\"description\":\"Prehranska dopolnila in dermatolo\u0161ka kozmetika\",\"potentialAction\":[{\"@type\":\"SearchAction\",\"target\":{\"@type\":\"EntryPoint\",\"urlTemplate\":\"https:\\\/\\\/topmedicus.eu\\\/en\\\/?s={search_term_string}\"},\"query-input\":{\"@type\":\"PropertyValueSpecification\",\"valueRequired\":true,\"valueName\":\"search_term_string\"}}],\"inLanguage\":\"hr\"}]}<\/script>\n<!-- \/ Yoast SEO plugin. -->","yoast_head_json":{"title":"BOMBONI za SAMOTAMNJENJE, 60 bombona - Topmedicus HR","description":"Bomboni za samotamnjenje s prirodnim pigmentima za preplanuli ten tijekom cijele godine \u2013 bez izlaganja suncu. Bez beta-karotena.","robots":{"index":"index","follow":"follow","max-snippet":"max-snippet:-1","max-image-preview":"max-image-preview:large","max-video-preview":"max-video-preview:-1"},"canonical":"https:\/\/topmedicus.eu\/hr\/izdelek\/bomboni-za-samotamnjenje-60-bombona\/","og_locale":"hr_HR","og_type":"article","og_title":"BOMBONI za SAMOTAMNJENJE, 60 bombona - Topmedicus HR","og_description":"Bomboni za samotamnjenje s prirodnim pigmentima za preplanuli ten tijekom cijele godine \u2013 bez izlaganja suncu. Bez beta-karotena.","og_url":"https:\/\/topmedicus.eu\/hr\/izdelek\/bomboni-za-samotamnjenje-60-bombona\/","og_site_name":"Topmedicus HR","article_modified_time":"2026-02-14T05:57:45+00:00","og_image":[{"width":601,"height":599,"url":"https:\/\/topmedicus.eu\/wp-content\/uploads\/2025\/02\/Bomboni-Autobronzant.jpg","type":"image\/jpeg"}],"twitter_card":"summary_large_image","twitter_misc":{"Procijenjeno vrijeme \u010ditanja":"2 minute"},"schema":{"@context":"https:\/\/schema.org","@graph":[{"@type":"WebPage","@id":"https:\/\/topmedicus.eu\/hr\/izdelek\/bomboni-za-samotamnjenje-60-bombona\/","url":"https:\/\/topmedicus.eu\/hr\/izdelek\/bomboni-za-samotamnjenje-60-bombona\/","name":"BOMBONI za SAMOTAMNJENJE, 60 bombona - Topmedicus HR","isPartOf":{"@id":"https:\/\/topmedicus.eu\/en\/#website"},"primaryImageOfPage":{"@id":"https:\/\/topmedicus.eu\/hr\/izdelek\/bomboni-za-samotamnjenje-60-bombona\/#primaryimage"},"image":{"@id":"https:\/\/topmedicus.eu\/hr\/izdelek\/bomboni-za-samotamnjenje-60-bombona\/#primaryimage"},"thumbnailUrl":"https:\/\/topmedicus.eu\/wp-content\/uploads\/2025\/02\/Bomboni-Autobronzant.jpg","datePublished":"2025-02-12T22:01:18+00:00","dateModified":"2026-02-14T05:57:45+00:00","description":"Bomboni za samotamnjenje s prirodnim pigmentima za preplanuli ten tijekom cijele godine \u2013 bez izlaganja suncu. Bez beta-karotena.","breadcrumb":{"@id":"https:\/\/topmedicus.eu\/hr\/izdelek\/bomboni-za-samotamnjenje-60-bombona\/#breadcrumb"},"inLanguage":"hr","potentialAction":[{"@type":"ReadAction","target":["https:\/\/topmedicus.eu\/hr\/izdelek\/bomboni-za-samotamnjenje-60-bombona\/"]}]},{"@type":"ImageObject","inLanguage":"hr","@id":"https:\/\/topmedicus.eu\/hr\/izdelek\/bomboni-za-samotamnjenje-60-bombona\/#primaryimage","url":"https:\/\/topmedicus.eu\/wp-content\/uploads\/2025\/02\/Bomboni-Autobronzant.jpg","contentUrl":"https:\/\/topmedicus.eu\/wp-content\/uploads\/2025\/02\/Bomboni-Autobronzant.jpg","width":601,"height":599,"caption":"Bomboni za samotamnjenje"},{"@type":"BreadcrumbList","@id":"https:\/\/topmedicus.eu\/hr\/izdelek\/bomboni-za-samotamnjenje-60-bombona\/#breadcrumb","itemListElement":[{"@type":"ListItem","position":1,"name":"Home","item":"https:\/\/topmedicus.eu\/hr\/domaca-stranica\/"},{"@type":"ListItem","position":2,"name":"Shop","item":"https:\/\/topmedicus.eu\/shop\/"},{"@type":"ListItem","position":3,"name":"BOMBONI za SAMOTAMNJENJE, 60 bombona"}]},{"@type":"WebSite","@id":"https:\/\/topmedicus.eu\/en\/#website","url":"https:\/\/topmedicus.eu\/en\/","name":"Topmedicus HR","description":"Prehranska dopolnila in dermatolo\u0161ka kozmetika","potentialAction":[{"@type":"SearchAction","target":{"@type":"EntryPoint","urlTemplate":"https:\/\/topmedicus.eu\/en\/?s={search_term_string}"},"query-input":{"@type":"PropertyValueSpecification","valueRequired":true,"valueName":"search_term_string"}}],"inLanguage":"hr"}]}},"jetpack_sharing_enabled":true,"_links":{"self":[{"href":"https:\/\/topmedicus.eu\/hr\/wp-json\/wp\/v2\/product\/12866","targetHints":{"allow":["GET"]}}],"collection":[{"href":"https:\/\/topmedicus.eu\/hr\/wp-json\/wp\/v2\/product"}],"about":[{"href":"https:\/\/topmedicus.eu\/hr\/wp-json\/wp\/v2\/types\/product"}],"replies":[{"embeddable":true,"href":"https:\/\/topmedicus.eu\/hr\/wp-json\/wp\/v2\/comments?post=12866"}],"wp:featuredmedia":[{"embeddable":true,"href":"https:\/\/topmedicus.eu\/hr\/wp-json\/wp\/v2\/media\/12863"}],"wp:attachment":[{"href":"https:\/\/topmedicus.eu\/hr\/wp-json\/wp\/v2\/media?parent=12866"}],"wp:term":[{"taxonomy":"product_brand","embeddable":true,"href":"https:\/\/topmedicus.eu\/hr\/wp-json\/wp\/v2\/product_brand?post=12866"},{"taxonomy":"product_cat","embeddable":true,"href":"https:\/\/topmedicus.eu\/hr\/wp-json\/wp\/v2\/product_cat?post=12866"},{"taxonomy":"product_tag","embeddable":true,"href":"https:\/\/topmedicus.eu\/hr\/wp-json\/wp\/v2\/product_tag?post=12866"},{"taxonomy":"blagovna-znamka","embeddable":true,"href":"https:\/\/topmedicus.eu\/hr\/wp-json\/wp\/v2\/blagovna-znamka?post=12866"}],"curies":[{"name":"wp","href":"https:\/\/api.w.org\/{rel}","templated":true}]}}