{"id":12936,"date":"2025-02-12T22:00:53","date_gmt":"2025-02-12T22:00:53","guid":{"rendered":"https:\/\/topmedicus.eu\/izdelek\/krema-protiv-oziljaka-30-ml\/"},"modified":"2025-02-12T22:00:53","modified_gmt":"2025-02-12T22:00:53","slug":"krema-protiv-oziljaka-30-ml","status":"publish","type":"product","link":"https:\/\/topmedicus.eu\/hr\/izdelek\/krema-protiv-oziljaka-30-ml\/","title":{"rendered":"KREMA PROTIV O\u017dILJAKA, 30 ml"},"content":{"rendered":"<h4 data-start=\"35\" data-end=\"83\"><strong data-start=\"35\" data-end=\"81\">Njeguju\u0107a krema za rane \u2013 za lice i tijelo<\/strong><\/h4>\n<p data-start=\"85\" data-end=\"584\">Ko\u017ea je na\u0161 najve\u0107i organ i svakodnevno je izlo\u017eena brojnim optere\u0107enjima i o\u0161te\u0107enjima. Ogrebotine, posjekotine, manje rane ili pukotine na ko\u017ei zahtijevaju posebnu njegu koja osigurava brzo umirenje i podr\u0161ku regeneraciji. <strong data-start=\"310\" data-end=\"354\">Njeguju\u0107a krema za rane za lice i tijelo<\/strong> osmi\u0161ljena je kao profesionalna pomo\u0107 kod razli\u010ditih o\u0161te\u0107enja ko\u017ee jer s provjerenom <strong data-start=\"441\" data-end=\"497\">trostukom kombinacijom aktivnih sastojaka iz prirode<\/strong> poti\u010de obnovu, ubla\u017eava neugodne osje\u0107aje i sprje\u010dava nastanak neestetskih o\u017eiljaka.<\/p>\n<p data-start=\"586\" data-end=\"1183\"><strong data-start=\"586\" data-end=\"600\">Djelovanje<\/strong><br data-start=\"600\" data-end=\"603\" \/>Jedinstvena formula kreme objedinjuje <strong data-start=\"641\" data-end=\"653\">pantenol<\/strong>, poznat po svom hidratantnom, umiruju\u0107em i regenerativnom u\u010dinku. Pantenol poti\u010de prirodnu obnovu ko\u017ee, vla\u017ei je i smanjuje osje\u0107aj zatezanja. <strong data-start=\"797\" data-end=\"841\">Ekstrakt ameri\u010dkog ehinaceje (Echinacea)<\/strong> djeluje antisepti\u010dno i ja\u010da prirodnu otpornost ko\u017ee, \u0161to je posebno va\u017eno kod rana i ogrebotina jer poma\u017ee u prevenciji infekcija. <strong data-start=\"973\" data-end=\"994\">Centella asiatica<\/strong> (azijska poto\u010darka, poznata i kao gotu kola) cijenjena je zbog svojih ljekovitih svojstava \u2013 poti\u010de stvaranje kolagena, pobolj\u0161ava elasti\u010dnost ko\u017ee i smanjuje rizik od nastanka o\u017eiljaka.<\/p>\n<p data-start=\"1185\" data-end=\"1378\">Zajedno ovi sastojci osiguravaju brzu i pouzdanu pomo\u0107 o\u0161te\u0107enoj ko\u017ei. Redovitom upotrebom krema ponovno normalizira grubu, ispucalu ili upaljenu ko\u017eu, vra\u0107aju\u0107i joj ravnote\u017eu i zdrav izgled.<\/p>\n<p data-start=\"1380\" data-end=\"1712\"><strong data-start=\"1380\" data-end=\"1405\">Za koga je prikladna?<\/strong><br data-start=\"1405\" data-end=\"1408\" \/>Krema je pogodna za <strong data-start=\"1428\" data-end=\"1447\">sve tipove ko\u017ee<\/strong>, uklju\u010duju\u0107i osjetljivu. Zahvaljuju\u0107i blagoj, ali u\u010dinkovitoj formuli mo\u017ee se koristiti i na licu i na tijelu. Idealna je za njegu manjih rana, ogrebotina, posjekotina, suhih i ispucalih podru\u010dja, ali i za o\u017eiljke koje \u017eelimo omek\u0161ati i pobolj\u0161ati njihov izgled.<\/p>\n<p data-start=\"1714\" data-end=\"1730\"><strong data-start=\"1714\" data-end=\"1728\">Prednosti:<\/strong><\/p>\n<ul>\n<li data-start=\"1733\" data-end=\"1786\">njeguje rane i o\u017eiljke te pobolj\u0161ava njihov izgled,<\/li>\n<li data-start=\"1789\" data-end=\"1831\">normalizira grubu, suhu i ispucalu ko\u017eu,<\/li>\n<li data-start=\"1834\" data-end=\"1879\">brzo i pouzdano djeluje kao trenutna pomo\u0107,<\/li>\n<li data-start=\"1882\" data-end=\"1924\">sprje\u010dava nastanak neestetskih o\u017eiljaka,<\/li>\n<li data-start=\"1927\" data-end=\"1954\">pogodna za lice i tijelo.<\/li>\n<\/ul>\n<p data-start=\"1956\" data-end=\"2037\"><strong data-start=\"1956\" data-end=\"1977\">Aktivni sastojci:<\/strong> pantenol, ekstrakt ameri\u010dke ehinaceje, Centella asiatica.<\/p>\n<p data-start=\"2039\" data-end=\"2173\">Ova krema nezamjenjiv je dio ku\u0107ne prve pomo\u0107i jer ko\u017ei vra\u0107a ravnote\u017eu, ugodu i zdrav izgled \u2013 uvijek kada joj je to najpotrebnije.<\/p>\n<p data-start=\"2175\" data-end=\"2219\" data-is-last-node=\"\" data-is-only-node=\"\"><em><strong data-start=\"2175\" data-end=\"2189\">Proizvodi:<\/strong> CNC cosmetic GmbH, Njema\u010dka<\/em><\/p>\n","protected":false},"excerpt":{"rendered":"<h4><strong data-start=\"35\" data-end=\"81\">Njeguju\u0107a krema za rane \u2013 za lice i tijelo<\/strong><\/h4>\n<p>u\u010dinkovita je pomo\u0107 kod ogrebotina, rana, ispucale ili upaljene ko\u017ee. S provjerenom <strong data-start=\"168\" data-end=\"281\" data-is-only-node=\"\">trostukom kombinacijom aktivnih sastojaka \u2013 pantenolom, ekstraktom ameri\u010dke ehinaceje i Centellom asiaticom \u2013<\/strong> poti\u010de regeneraciju ko\u017ee, hidratizira je te poma\u017ee u sprje\u010davanju nastanka neestetskih o\u017eiljaka. Krema djeluje umiruju\u0107e, pobolj\u0161ava elasti\u010dnost i ja\u010da prirodnu otpornost ko\u017ee. Prikladna je za sve tipove ko\u017ee i za svakodnevnu upotrebu, kako na licu tako i na tijelu. Redovitom primjenom normalizira i uravnote\u017euje ko\u017eu te joj vra\u0107a zdrav i gladak izgled. Pravi je izbor za brzu i pouzdanu pomo\u0107 o\u0161te\u0107enoj ko\u017ei.<\/p>\n","protected":false},"featured_media":12937,"comment_status":"closed","ping_status":"closed","template":"","meta":{"_acf_changed":false},"product_brand":[1711],"product_cat":[652,659,1380],"product_tag":[],"blagovna-znamka":[],"class_list":{"0":"post-12936","1":"product","2":"type-product","3":"status-publish","4":"has-post-thumbnail","6":"product_brand-cnc-cosmetic","7":"product_cat-ciscenje-lica","8":"product_cat-njega-tijela","9":"product_cat-postoperativna-nakon-estetskih-zahvata","11":"first","12":"instock","13":"taxable","14":"shipping-taxable","15":"purchasable","16":"product-type-simple"},"acf":[],"yoast_head":"<!-- This site is optimized with the Yoast SEO plugin v27.5 - https:\/\/yoast.com\/product\/yoast-seo-wordpress\/ -->\n<title>KREMA PROTIV O\u017dILJAKA, 30 ml - Topmedicus HR<\/title>\n<meta name=\"description\" content=\"Njeguju\u0107a krema za rane za lice i tijelo. S pantenolom, ameri\u010dkom ehinacejom i Centellom asiaticom poti\u010de zacjeljivanje te sprje\u010dava o\u017eiljke.\" \/>\n<meta name=\"robots\" content=\"index, follow, max-snippet:-1, max-image-preview:large, max-video-preview:-1\" \/>\n<link rel=\"canonical\" href=\"https:\/\/topmedicus.eu\/hr\/izdelek\/krema-protiv-oziljaka-30-ml\/\" \/>\n<meta property=\"og:locale\" content=\"hr_HR\" \/>\n<meta property=\"og:type\" content=\"article\" \/>\n<meta property=\"og:title\" content=\"KREMA PROTIV O\u017dILJAKA, 30 ml - Topmedicus HR\" \/>\n<meta property=\"og:description\" content=\"Njeguju\u0107a krema za rane za lice i tijelo. S pantenolom, ameri\u010dkom ehinacejom i Centellom asiaticom poti\u010de zacjeljivanje te sprje\u010dava o\u017eiljke.\" \/>\n<meta property=\"og:url\" content=\"https:\/\/topmedicus.eu\/hr\/izdelek\/krema-protiv-oziljaka-30-ml\/\" \/>\n<meta property=\"og:site_name\" content=\"Topmedicus HR\" \/>\n<meta property=\"og:image\" content=\"https:\/\/topmedicus.eu\/wp-content\/uploads\/2025\/02\/Krema-proti-brazgotinam-30-ml_304444.jpg\" \/>\n\t<meta property=\"og:image:width\" content=\"600\" \/>\n\t<meta property=\"og:image:height\" content=\"569\" \/>\n\t<meta property=\"og:image:type\" content=\"image\/jpeg\" \/>\n<meta name=\"twitter:card\" content=\"summary_large_image\" \/>\n<meta name=\"twitter:label1\" content=\"Procijenjeno vrijeme \u010ditanja\" \/>\n\t<meta name=\"twitter:data1\" content=\"2 minute\" \/>\n<script type=\"application\/ld+json\" class=\"yoast-schema-graph\">{\"@context\":\"https:\\\/\\\/schema.org\",\"@graph\":[{\"@type\":\"WebPage\",\"@id\":\"https:\\\/\\\/topmedicus.eu\\\/hr\\\/izdelek\\\/krema-protiv-oziljaka-30-ml\\\/\",\"url\":\"https:\\\/\\\/topmedicus.eu\\\/hr\\\/izdelek\\\/krema-protiv-oziljaka-30-ml\\\/\",\"name\":\"KREMA PROTIV O\u017dILJAKA, 30 ml - Topmedicus HR\",\"isPartOf\":{\"@id\":\"https:\\\/\\\/topmedicus.eu\\\/en\\\/#website\"},\"primaryImageOfPage\":{\"@id\":\"https:\\\/\\\/topmedicus.eu\\\/hr\\\/izdelek\\\/krema-protiv-oziljaka-30-ml\\\/#primaryimage\"},\"image\":{\"@id\":\"https:\\\/\\\/topmedicus.eu\\\/hr\\\/izdelek\\\/krema-protiv-oziljaka-30-ml\\\/#primaryimage\"},\"thumbnailUrl\":\"https:\\\/\\\/topmedicus.eu\\\/wp-content\\\/uploads\\\/2025\\\/02\\\/Krema-proti-brazgotinam-30-ml_304444.jpg\",\"datePublished\":\"2025-02-12T22:00:53+00:00\",\"description\":\"Njeguju\u0107a krema za rane za lice i tijelo. S pantenolom, ameri\u010dkom ehinacejom i Centellom asiaticom poti\u010de zacjeljivanje te sprje\u010dava o\u017eiljke.\",\"breadcrumb\":{\"@id\":\"https:\\\/\\\/topmedicus.eu\\\/hr\\\/izdelek\\\/krema-protiv-oziljaka-30-ml\\\/#breadcrumb\"},\"inLanguage\":\"hr\",\"potentialAction\":[{\"@type\":\"ReadAction\",\"target\":[\"https:\\\/\\\/topmedicus.eu\\\/hr\\\/izdelek\\\/krema-protiv-oziljaka-30-ml\\\/\"]}]},{\"@type\":\"ImageObject\",\"inLanguage\":\"hr\",\"@id\":\"https:\\\/\\\/topmedicus.eu\\\/hr\\\/izdelek\\\/krema-protiv-oziljaka-30-ml\\\/#primaryimage\",\"url\":\"https:\\\/\\\/topmedicus.eu\\\/wp-content\\\/uploads\\\/2025\\\/02\\\/Krema-proti-brazgotinam-30-ml_304444.jpg\",\"contentUrl\":\"https:\\\/\\\/topmedicus.eu\\\/wp-content\\\/uploads\\\/2025\\\/02\\\/Krema-proti-brazgotinam-30-ml_304444.jpg\",\"width\":600,\"height\":569},{\"@type\":\"BreadcrumbList\",\"@id\":\"https:\\\/\\\/topmedicus.eu\\\/hr\\\/izdelek\\\/krema-protiv-oziljaka-30-ml\\\/#breadcrumb\",\"itemListElement\":[{\"@type\":\"ListItem\",\"position\":1,\"name\":\"Home\",\"item\":\"https:\\\/\\\/topmedicus.eu\\\/hr\\\/domaca-stranica\\\/\"},{\"@type\":\"ListItem\",\"position\":2,\"name\":\"Shop\",\"item\":\"https:\\\/\\\/topmedicus.eu\\\/shop\\\/\"},{\"@type\":\"ListItem\",\"position\":3,\"name\":\"KREMA PROTIV O\u017dILJAKA, 30 ml\"}]},{\"@type\":\"WebSite\",\"@id\":\"https:\\\/\\\/topmedicus.eu\\\/en\\\/#website\",\"url\":\"https:\\\/\\\/topmedicus.eu\\\/en\\\/\",\"name\":\"Topmedicus HR\",\"description\":\"Prehranska dopolnila in dermatolo\u0161ka kozmetika\",\"potentialAction\":[{\"@type\":\"SearchAction\",\"target\":{\"@type\":\"EntryPoint\",\"urlTemplate\":\"https:\\\/\\\/topmedicus.eu\\\/en\\\/?s={search_term_string}\"},\"query-input\":{\"@type\":\"PropertyValueSpecification\",\"valueRequired\":true,\"valueName\":\"search_term_string\"}}],\"inLanguage\":\"hr\"}]}<\/script>\n<!-- \/ Yoast SEO plugin. -->","yoast_head_json":{"title":"KREMA PROTIV O\u017dILJAKA, 30 ml - Topmedicus HR","description":"Njeguju\u0107a krema za rane za lice i tijelo. S pantenolom, ameri\u010dkom ehinacejom i Centellom asiaticom poti\u010de zacjeljivanje te sprje\u010dava o\u017eiljke.","robots":{"index":"index","follow":"follow","max-snippet":"max-snippet:-1","max-image-preview":"max-image-preview:large","max-video-preview":"max-video-preview:-1"},"canonical":"https:\/\/topmedicus.eu\/hr\/izdelek\/krema-protiv-oziljaka-30-ml\/","og_locale":"hr_HR","og_type":"article","og_title":"KREMA PROTIV O\u017dILJAKA, 30 ml - Topmedicus HR","og_description":"Njeguju\u0107a krema za rane za lice i tijelo. S pantenolom, ameri\u010dkom ehinacejom i Centellom asiaticom poti\u010de zacjeljivanje te sprje\u010dava o\u017eiljke.","og_url":"https:\/\/topmedicus.eu\/hr\/izdelek\/krema-protiv-oziljaka-30-ml\/","og_site_name":"Topmedicus HR","og_image":[{"width":600,"height":569,"url":"https:\/\/topmedicus.eu\/wp-content\/uploads\/2025\/02\/Krema-proti-brazgotinam-30-ml_304444.jpg","type":"image\/jpeg"}],"twitter_card":"summary_large_image","twitter_misc":{"Procijenjeno vrijeme \u010ditanja":"2 minute"},"schema":{"@context":"https:\/\/schema.org","@graph":[{"@type":"WebPage","@id":"https:\/\/topmedicus.eu\/hr\/izdelek\/krema-protiv-oziljaka-30-ml\/","url":"https:\/\/topmedicus.eu\/hr\/izdelek\/krema-protiv-oziljaka-30-ml\/","name":"KREMA PROTIV O\u017dILJAKA, 30 ml - Topmedicus HR","isPartOf":{"@id":"https:\/\/topmedicus.eu\/en\/#website"},"primaryImageOfPage":{"@id":"https:\/\/topmedicus.eu\/hr\/izdelek\/krema-protiv-oziljaka-30-ml\/#primaryimage"},"image":{"@id":"https:\/\/topmedicus.eu\/hr\/izdelek\/krema-protiv-oziljaka-30-ml\/#primaryimage"},"thumbnailUrl":"https:\/\/topmedicus.eu\/wp-content\/uploads\/2025\/02\/Krema-proti-brazgotinam-30-ml_304444.jpg","datePublished":"2025-02-12T22:00:53+00:00","description":"Njeguju\u0107a krema za rane za lice i tijelo. S pantenolom, ameri\u010dkom ehinacejom i Centellom asiaticom poti\u010de zacjeljivanje te sprje\u010dava o\u017eiljke.","breadcrumb":{"@id":"https:\/\/topmedicus.eu\/hr\/izdelek\/krema-protiv-oziljaka-30-ml\/#breadcrumb"},"inLanguage":"hr","potentialAction":[{"@type":"ReadAction","target":["https:\/\/topmedicus.eu\/hr\/izdelek\/krema-protiv-oziljaka-30-ml\/"]}]},{"@type":"ImageObject","inLanguage":"hr","@id":"https:\/\/topmedicus.eu\/hr\/izdelek\/krema-protiv-oziljaka-30-ml\/#primaryimage","url":"https:\/\/topmedicus.eu\/wp-content\/uploads\/2025\/02\/Krema-proti-brazgotinam-30-ml_304444.jpg","contentUrl":"https:\/\/topmedicus.eu\/wp-content\/uploads\/2025\/02\/Krema-proti-brazgotinam-30-ml_304444.jpg","width":600,"height":569},{"@type":"BreadcrumbList","@id":"https:\/\/topmedicus.eu\/hr\/izdelek\/krema-protiv-oziljaka-30-ml\/#breadcrumb","itemListElement":[{"@type":"ListItem","position":1,"name":"Home","item":"https:\/\/topmedicus.eu\/hr\/domaca-stranica\/"},{"@type":"ListItem","position":2,"name":"Shop","item":"https:\/\/topmedicus.eu\/shop\/"},{"@type":"ListItem","position":3,"name":"KREMA PROTIV O\u017dILJAKA, 30 ml"}]},{"@type":"WebSite","@id":"https:\/\/topmedicus.eu\/en\/#website","url":"https:\/\/topmedicus.eu\/en\/","name":"Topmedicus HR","description":"Prehranska dopolnila in dermatolo\u0161ka kozmetika","potentialAction":[{"@type":"SearchAction","target":{"@type":"EntryPoint","urlTemplate":"https:\/\/topmedicus.eu\/en\/?s={search_term_string}"},"query-input":{"@type":"PropertyValueSpecification","valueRequired":true,"valueName":"search_term_string"}}],"inLanguage":"hr"}]}},"jetpack_sharing_enabled":true,"_links":{"self":[{"href":"https:\/\/topmedicus.eu\/hr\/wp-json\/wp\/v2\/product\/12936","targetHints":{"allow":["GET"]}}],"collection":[{"href":"https:\/\/topmedicus.eu\/hr\/wp-json\/wp\/v2\/product"}],"about":[{"href":"https:\/\/topmedicus.eu\/hr\/wp-json\/wp\/v2\/types\/product"}],"replies":[{"embeddable":true,"href":"https:\/\/topmedicus.eu\/hr\/wp-json\/wp\/v2\/comments?post=12936"}],"wp:featuredmedia":[{"embeddable":true,"href":"https:\/\/topmedicus.eu\/hr\/wp-json\/wp\/v2\/media\/12937"}],"wp:attachment":[{"href":"https:\/\/topmedicus.eu\/hr\/wp-json\/wp\/v2\/media?parent=12936"}],"wp:term":[{"taxonomy":"product_brand","embeddable":true,"href":"https:\/\/topmedicus.eu\/hr\/wp-json\/wp\/v2\/product_brand?post=12936"},{"taxonomy":"product_cat","embeddable":true,"href":"https:\/\/topmedicus.eu\/hr\/wp-json\/wp\/v2\/product_cat?post=12936"},{"taxonomy":"product_tag","embeddable":true,"href":"https:\/\/topmedicus.eu\/hr\/wp-json\/wp\/v2\/product_tag?post=12936"},{"taxonomy":"blagovna-znamka","embeddable":true,"href":"https:\/\/topmedicus.eu\/hr\/wp-json\/wp\/v2\/blagovna-znamka?post=12936"}],"curies":[{"name":"wp","href":"https:\/\/api.w.org\/{rel}","templated":true}]}}