{"id":13030,"date":"2025-02-12T22:00:27","date_gmt":"2025-02-12T22:00:27","guid":{"rendered":"https:\/\/topmedicus.eu\/izdelek\/dihyal-structure-cream-50-ml\/"},"modified":"2026-03-02T16:57:57","modified_gmt":"2026-03-02T16:57:57","slug":"dihyal-structure-cream-50-ml","status":"publish","type":"product","link":"https:\/\/topmedicus.eu\/hr\/izdelek\/dihyal-structure-cream-50-ml\/","title":{"rendered":"DiHyal STRUCTURE CREAM, 50 ml"},"content":{"rendered":"<h4 data-start=\"2510\" data-end=\"2547\"><strong data-start=\"2510\" data-end=\"2545\">Bogata 24-satna njeguju\u0107a krema<\/strong><\/h4>\n<p data-start=\"2549\" data-end=\"2985\">Zreloj ko\u017ei potrebna je posebna njega jer se s godinama smanjuje njezina sposobnost zadr\u017eavanja vlage, proizvodnja lipida i prirodna obnova tkiva. <strong data-start=\"2696\" data-end=\"2731\">Bogata 24-satna njeguju\u0107a krema<\/strong> razvijena je posebno za potrebe zahtjevne ko\u017ee kojoj nedostaje elasti\u010dnosti, hidratacije i za\u0161tite. Formula se temelji na naprednom <strong data-start=\"2864\" data-end=\"2891\">DiHyal anti-age sustavu<\/strong>, koji osigurava intenzivnu regeneraciju, pobolj\u0161ava vla\u017enost i ja\u010da za\u0161titnu barijeru ko\u017ee.<\/p>\n<p data-start=\"2987\" data-end=\"3032\"><strong data-start=\"2987\" data-end=\"3002\">Djelovanje:<\/strong><br data-start=\"3002\" data-end=\"3005\" \/>Krema djeluje vi\u0161eslojno:<\/p>\n<ul>\n<li data-start=\"3035\" data-end=\"3222\"><strong data-start=\"3035\" data-end=\"3060\">Hijaluronska kiselina<\/strong> u kratko- i dugolan\u010danom obliku pru\u017ea dubinsku i dugotrajnu hidrataciju. Time se smanjuju fine linije uzrokovane dehidracijom, a ten postaje gla\u0111i i odmorniji.<\/li>\n<li data-start=\"3035\" data-end=\"3222\"><strong data-start=\"3225\" data-end=\"3243\">Vitamini A i C<\/strong> poti\u010du regeneraciju, pobolj\u0161avaju strukturu ko\u017ee i posvjetljuju ten, dok <strong data-start=\"3317\" data-end=\"3330\">vitamin E<\/strong> \u0161titi od slobodnih radikala i sprje\u010dava prerano starenje.<\/li>\n<li data-start=\"3393\" data-end=\"3535\"><strong data-start=\"3393\" data-end=\"3454\">Ulje makadamije, shea maslac, skvalan i suncokretovo ulje<\/strong> bogato hrane ko\u017eu, \u0161tite je od isu\u0161ivanja te ja\u010daju njezinu prirodnu barijeru.<\/li>\n<li data-start=\"3538\" data-end=\"3666\"><strong data-start=\"3538\" data-end=\"3582\">Biotehnolo\u0161ki oligosaharidi i Pentavitin<\/strong> reguliraju prirodnu razinu vlage i pove\u0107avaju otpornost ko\u017ee na vanjske utjecaje.<\/li>\n<li data-start=\"3669\" data-end=\"3731\"><strong data-start=\"3669\" data-end=\"3681\">Alantoin<\/strong> umiruje, omek\u0161ava ko\u017eu i poti\u010de njezinu obnovu.<\/li>\n<\/ul>\n<p data-start=\"3733\" data-end=\"3749\"><strong data-start=\"3733\" data-end=\"3747\">Prednosti:<\/strong><\/p>\n<ul>\n<li data-start=\"3752\" data-end=\"3789\">zna\u010dajno pove\u0107ava hidrataciju ko\u017ee,<\/li>\n<li data-start=\"3792\" data-end=\"3829\">ja\u010da otpornost na vanjske utjecaje,<\/li>\n<li data-start=\"3832\" data-end=\"3875\">stabilizira i obnavlja za\u0161titnu barijeru,<\/li>\n<li data-start=\"3878\" data-end=\"3961\">nakon 28 dana redovite upotrebe ko\u017ea je vidljivo zategnutija, gla\u0111a i obnovljena.<\/li>\n<\/ul>\n<p data-start=\"3963\" data-end=\"4229\"><strong data-start=\"3963\" data-end=\"3975\">Za koga?<\/strong><br data-start=\"3975\" data-end=\"3978\" \/>Bogata 24-satna njeguju\u0107a krema idealna je za <strong data-start=\"4024\" data-end=\"4038\">zrelu ko\u017eu<\/strong>, koja zahtijeva intenzivnu regeneraciju i za\u0161titu od preranog starenja. Mo\u017ee se koristiti svakodnevno, ujutro i nave\u010der, za dugotrajan osje\u0107aj elasti\u010dnosti, \u010dvrsto\u0107e i mladena\u010dkog izgleda.<\/p>\n<p data-start=\"3963\" data-end=\"4229\">Proizvodi: CNC cosmetic GmbH, Njema\u010dka<\/p>\n","protected":false},"excerpt":{"rendered":"<h4>Bogata 24-satna njeguju\u0107a krema<\/h4>\n<p>s DiHyal anti-age sustavom i vitaminima A, C, E intenzivno hidratizira, regenerira i ja\u010da ko\u017enu barijeru za glatku i \u010dvrstu ko\u017eu<\/p>\n","protected":false},"featured_media":13031,"comment_status":"closed","ping_status":"closed","template":"","meta":{"_acf_changed":false},"product_brand":[1006],"product_cat":[1321,652],"product_tag":[],"blagovna-znamka":[],"class_list":{"0":"post-13030","1":"product","2":"type-product","3":"status-publish","4":"has-post-thumbnail","6":"product_brand-cnc-skincare-hr","7":"product_cat-24h-njega","8":"product_cat-ciscenje-lica","10":"first","11":"instock","12":"taxable","13":"shipping-taxable","14":"purchasable","15":"product-type-simple"},"acf":[],"yoast_head":"<!-- This site is optimized with the Yoast SEO plugin v27.4 - https:\/\/yoast.com\/product\/yoast-seo-wordpress\/ -->\n<title>DiHyal STRUCTURE CREAM, 50 ml - Topmedicus HR<\/title>\n<meta name=\"description\" content=\"Bogata 24-satna njeguju\u0107a krema s DiHyal anti-age sustavom, hijaluronskom kiselinom, vitaminima A, C i E te biljnim uljima. Hidratizira, regenerira i \u0161titi ko\u017eu od starenja.\" \/>\n<meta name=\"robots\" content=\"index, follow, max-snippet:-1, max-image-preview:large, max-video-preview:-1\" \/>\n<link rel=\"canonical\" href=\"https:\/\/topmedicus.eu\/hr\/izdelek\/dihyal-structure-cream-50-ml\/\" \/>\n<meta property=\"og:locale\" content=\"hr_HR\" \/>\n<meta property=\"og:type\" content=\"article\" \/>\n<meta property=\"og:title\" content=\"DiHyal STRUCTURE CREAM, 50 ml - Topmedicus HR\" \/>\n<meta property=\"og:description\" content=\"Bogata 24-satna njeguju\u0107a krema s DiHyal anti-age sustavom, hijaluronskom kiselinom, vitaminima A, C i E te biljnim uljima. Hidratizira, regenerira i \u0161titi ko\u017eu od starenja.\" \/>\n<meta property=\"og:url\" content=\"https:\/\/topmedicus.eu\/hr\/izdelek\/dihyal-structure-cream-50-ml\/\" \/>\n<meta property=\"og:site_name\" content=\"Topmedicus HR\" \/>\n<meta property=\"article:modified_time\" content=\"2026-03-02T16:57:57+00:00\" \/>\n<meta property=\"og:image\" content=\"https:\/\/topmedicus.eu\/wp-content\/uploads\/2025\/02\/classic-PLUS-DiHyal-strukturna-krema-50-ml_120103.jpg\" \/>\n\t<meta property=\"og:image:width\" content=\"600\" \/>\n\t<meta property=\"og:image:height\" content=\"569\" \/>\n\t<meta property=\"og:image:type\" content=\"image\/jpeg\" \/>\n<meta name=\"twitter:card\" content=\"summary_large_image\" \/>\n<meta name=\"twitter:label1\" content=\"Procijenjeno vrijeme \u010ditanja\" \/>\n\t<meta name=\"twitter:data1\" content=\"1 minuta\" \/>\n<script type=\"application\/ld+json\" class=\"yoast-schema-graph\">{\"@context\":\"https:\\\/\\\/schema.org\",\"@graph\":[{\"@type\":\"WebPage\",\"@id\":\"https:\\\/\\\/topmedicus.eu\\\/hr\\\/izdelek\\\/dihyal-structure-cream-50-ml\\\/\",\"url\":\"https:\\\/\\\/topmedicus.eu\\\/hr\\\/izdelek\\\/dihyal-structure-cream-50-ml\\\/\",\"name\":\"DiHyal STRUCTURE CREAM, 50 ml - Topmedicus HR\",\"isPartOf\":{\"@id\":\"https:\\\/\\\/topmedicus.eu\\\/en\\\/#website\"},\"primaryImageOfPage\":{\"@id\":\"https:\\\/\\\/topmedicus.eu\\\/hr\\\/izdelek\\\/dihyal-structure-cream-50-ml\\\/#primaryimage\"},\"image\":{\"@id\":\"https:\\\/\\\/topmedicus.eu\\\/hr\\\/izdelek\\\/dihyal-structure-cream-50-ml\\\/#primaryimage\"},\"thumbnailUrl\":\"https:\\\/\\\/topmedicus.eu\\\/wp-content\\\/uploads\\\/2025\\\/02\\\/classic-PLUS-DiHyal-strukturna-krema-50-ml_120103.jpg\",\"datePublished\":\"2025-02-12T22:00:27+00:00\",\"dateModified\":\"2026-03-02T16:57:57+00:00\",\"description\":\"Bogata 24-satna njeguju\u0107a krema s DiHyal anti-age sustavom, hijaluronskom kiselinom, vitaminima A, C i E te biljnim uljima. Hidratizira, regenerira i \u0161titi ko\u017eu od starenja.\",\"breadcrumb\":{\"@id\":\"https:\\\/\\\/topmedicus.eu\\\/hr\\\/izdelek\\\/dihyal-structure-cream-50-ml\\\/#breadcrumb\"},\"inLanguage\":\"hr\",\"potentialAction\":[{\"@type\":\"ReadAction\",\"target\":[\"https:\\\/\\\/topmedicus.eu\\\/hr\\\/izdelek\\\/dihyal-structure-cream-50-ml\\\/\"]}]},{\"@type\":\"ImageObject\",\"inLanguage\":\"hr\",\"@id\":\"https:\\\/\\\/topmedicus.eu\\\/hr\\\/izdelek\\\/dihyal-structure-cream-50-ml\\\/#primaryimage\",\"url\":\"https:\\\/\\\/topmedicus.eu\\\/wp-content\\\/uploads\\\/2025\\\/02\\\/classic-PLUS-DiHyal-strukturna-krema-50-ml_120103.jpg\",\"contentUrl\":\"https:\\\/\\\/topmedicus.eu\\\/wp-content\\\/uploads\\\/2025\\\/02\\\/classic-PLUS-DiHyal-strukturna-krema-50-ml_120103.jpg\",\"width\":600,\"height\":569},{\"@type\":\"BreadcrumbList\",\"@id\":\"https:\\\/\\\/topmedicus.eu\\\/hr\\\/izdelek\\\/dihyal-structure-cream-50-ml\\\/#breadcrumb\",\"itemListElement\":[{\"@type\":\"ListItem\",\"position\":1,\"name\":\"Home\",\"item\":\"https:\\\/\\\/topmedicus.eu\\\/hr\\\/domaca-stranica\\\/\"},{\"@type\":\"ListItem\",\"position\":2,\"name\":\"Shop\",\"item\":\"https:\\\/\\\/topmedicus.eu\\\/shop\\\/\"},{\"@type\":\"ListItem\",\"position\":3,\"name\":\"DiHyal STRUCTURE CREAM, 50 ml\"}]},{\"@type\":\"WebSite\",\"@id\":\"https:\\\/\\\/topmedicus.eu\\\/en\\\/#website\",\"url\":\"https:\\\/\\\/topmedicus.eu\\\/en\\\/\",\"name\":\"Topmedicus HR\",\"description\":\"Prehranska dopolnila in dermatolo\u0161ka kozmetika\",\"potentialAction\":[{\"@type\":\"SearchAction\",\"target\":{\"@type\":\"EntryPoint\",\"urlTemplate\":\"https:\\\/\\\/topmedicus.eu\\\/en\\\/?s={search_term_string}\"},\"query-input\":{\"@type\":\"PropertyValueSpecification\",\"valueRequired\":true,\"valueName\":\"search_term_string\"}}],\"inLanguage\":\"hr\"}]}<\/script>\n<!-- \/ Yoast SEO plugin. -->","yoast_head_json":{"title":"DiHyal STRUCTURE CREAM, 50 ml - Topmedicus HR","description":"Bogata 24-satna njeguju\u0107a krema s DiHyal anti-age sustavom, hijaluronskom kiselinom, vitaminima A, C i E te biljnim uljima. Hidratizira, regenerira i \u0161titi ko\u017eu od starenja.","robots":{"index":"index","follow":"follow","max-snippet":"max-snippet:-1","max-image-preview":"max-image-preview:large","max-video-preview":"max-video-preview:-1"},"canonical":"https:\/\/topmedicus.eu\/hr\/izdelek\/dihyal-structure-cream-50-ml\/","og_locale":"hr_HR","og_type":"article","og_title":"DiHyal STRUCTURE CREAM, 50 ml - Topmedicus HR","og_description":"Bogata 24-satna njeguju\u0107a krema s DiHyal anti-age sustavom, hijaluronskom kiselinom, vitaminima A, C i E te biljnim uljima. Hidratizira, regenerira i \u0161titi ko\u017eu od starenja.","og_url":"https:\/\/topmedicus.eu\/hr\/izdelek\/dihyal-structure-cream-50-ml\/","og_site_name":"Topmedicus HR","article_modified_time":"2026-03-02T16:57:57+00:00","og_image":[{"width":600,"height":569,"url":"https:\/\/topmedicus.eu\/wp-content\/uploads\/2025\/02\/classic-PLUS-DiHyal-strukturna-krema-50-ml_120103.jpg","type":"image\/jpeg"}],"twitter_card":"summary_large_image","twitter_misc":{"Procijenjeno vrijeme \u010ditanja":"1 minuta"},"schema":{"@context":"https:\/\/schema.org","@graph":[{"@type":"WebPage","@id":"https:\/\/topmedicus.eu\/hr\/izdelek\/dihyal-structure-cream-50-ml\/","url":"https:\/\/topmedicus.eu\/hr\/izdelek\/dihyal-structure-cream-50-ml\/","name":"DiHyal STRUCTURE CREAM, 50 ml - Topmedicus HR","isPartOf":{"@id":"https:\/\/topmedicus.eu\/en\/#website"},"primaryImageOfPage":{"@id":"https:\/\/topmedicus.eu\/hr\/izdelek\/dihyal-structure-cream-50-ml\/#primaryimage"},"image":{"@id":"https:\/\/topmedicus.eu\/hr\/izdelek\/dihyal-structure-cream-50-ml\/#primaryimage"},"thumbnailUrl":"https:\/\/topmedicus.eu\/wp-content\/uploads\/2025\/02\/classic-PLUS-DiHyal-strukturna-krema-50-ml_120103.jpg","datePublished":"2025-02-12T22:00:27+00:00","dateModified":"2026-03-02T16:57:57+00:00","description":"Bogata 24-satna njeguju\u0107a krema s DiHyal anti-age sustavom, hijaluronskom kiselinom, vitaminima A, C i E te biljnim uljima. Hidratizira, regenerira i \u0161titi ko\u017eu od starenja.","breadcrumb":{"@id":"https:\/\/topmedicus.eu\/hr\/izdelek\/dihyal-structure-cream-50-ml\/#breadcrumb"},"inLanguage":"hr","potentialAction":[{"@type":"ReadAction","target":["https:\/\/topmedicus.eu\/hr\/izdelek\/dihyal-structure-cream-50-ml\/"]}]},{"@type":"ImageObject","inLanguage":"hr","@id":"https:\/\/topmedicus.eu\/hr\/izdelek\/dihyal-structure-cream-50-ml\/#primaryimage","url":"https:\/\/topmedicus.eu\/wp-content\/uploads\/2025\/02\/classic-PLUS-DiHyal-strukturna-krema-50-ml_120103.jpg","contentUrl":"https:\/\/topmedicus.eu\/wp-content\/uploads\/2025\/02\/classic-PLUS-DiHyal-strukturna-krema-50-ml_120103.jpg","width":600,"height":569},{"@type":"BreadcrumbList","@id":"https:\/\/topmedicus.eu\/hr\/izdelek\/dihyal-structure-cream-50-ml\/#breadcrumb","itemListElement":[{"@type":"ListItem","position":1,"name":"Home","item":"https:\/\/topmedicus.eu\/hr\/domaca-stranica\/"},{"@type":"ListItem","position":2,"name":"Shop","item":"https:\/\/topmedicus.eu\/shop\/"},{"@type":"ListItem","position":3,"name":"DiHyal STRUCTURE CREAM, 50 ml"}]},{"@type":"WebSite","@id":"https:\/\/topmedicus.eu\/en\/#website","url":"https:\/\/topmedicus.eu\/en\/","name":"Topmedicus HR","description":"Prehranska dopolnila in dermatolo\u0161ka kozmetika","potentialAction":[{"@type":"SearchAction","target":{"@type":"EntryPoint","urlTemplate":"https:\/\/topmedicus.eu\/en\/?s={search_term_string}"},"query-input":{"@type":"PropertyValueSpecification","valueRequired":true,"valueName":"search_term_string"}}],"inLanguage":"hr"}]}},"jetpack_sharing_enabled":true,"_links":{"self":[{"href":"https:\/\/topmedicus.eu\/hr\/wp-json\/wp\/v2\/product\/13030","targetHints":{"allow":["GET"]}}],"collection":[{"href":"https:\/\/topmedicus.eu\/hr\/wp-json\/wp\/v2\/product"}],"about":[{"href":"https:\/\/topmedicus.eu\/hr\/wp-json\/wp\/v2\/types\/product"}],"replies":[{"embeddable":true,"href":"https:\/\/topmedicus.eu\/hr\/wp-json\/wp\/v2\/comments?post=13030"}],"wp:featuredmedia":[{"embeddable":true,"href":"https:\/\/topmedicus.eu\/hr\/wp-json\/wp\/v2\/media\/13031"}],"wp:attachment":[{"href":"https:\/\/topmedicus.eu\/hr\/wp-json\/wp\/v2\/media?parent=13030"}],"wp:term":[{"taxonomy":"product_brand","embeddable":true,"href":"https:\/\/topmedicus.eu\/hr\/wp-json\/wp\/v2\/product_brand?post=13030"},{"taxonomy":"product_cat","embeddable":true,"href":"https:\/\/topmedicus.eu\/hr\/wp-json\/wp\/v2\/product_cat?post=13030"},{"taxonomy":"product_tag","embeddable":true,"href":"https:\/\/topmedicus.eu\/hr\/wp-json\/wp\/v2\/product_tag?post=13030"},{"taxonomy":"blagovna-znamka","embeddable":true,"href":"https:\/\/topmedicus.eu\/hr\/wp-json\/wp\/v2\/blagovna-znamka?post=13030"}],"curies":[{"name":"wp","href":"https:\/\/api.w.org\/{rel}","templated":true}]}}