{"id":13429,"date":"2026-02-04T17:28:52","date_gmt":"2026-02-04T17:28:52","guid":{"rendered":"https:\/\/topmedicus.eu\/izdelek\/umor-i-imunost-liposomalni-vitamin-b12-500-mcg-30-kapsula\/"},"modified":"2026-02-04T17:28:52","modified_gmt":"2026-02-04T17:28:52","slug":"umor-i-imunost-liposomalni-vitamin-b12-500-mcg-30-kapsula","status":"publish","type":"product","link":"https:\/\/topmedicus.eu\/hr\/izdelek\/umor-i-imunost-liposomalni-vitamin-b12-500-mcg-30-kapsula\/","title":{"rendered":"Umor i imunost LIPOSOMALNI VITAMIN B12 500 mcg, 30 kapsula"},"content":{"rendered":"<p data-start=\"0\" data-end=\"228\"><strong>Liposomalni vitamin B12<\/strong> vrhunskog francuskog proizvo\u0111a\u010da <strong data-start=\"57\" data-end=\"68\">Biocyte<\/strong> sadr\u017ei bioaktivni oblik vitamina B12 \u2013 <strong>metilkobalamin<\/strong>. Vitamin B12 doprinosi smanjenju umora i iscrpljenosti te normalnom funkcioniranju imunolo\u0161kog sustava.<\/p>\n<p data-start=\"230\" data-end=\"470\">Svaka dnevna doza osigurava <strong>500 \u00b5g vitamina B12<\/strong>, \u0161to omogu\u0107uje pouzdanu nadopunu dnevnih potreba. Vitamin B12 tako\u0111er doprinosi normalnom energetskom metabolizmu, normalnom funkcioniranju \u017eiv\u010danog sustava i normalnoj psiholo\u0161koj funkciji.<\/p>\n<p data-start=\"472\" data-end=\"627\">Zahvaljuju\u0107i <strong>liposomalnoj tehnologiji<\/strong>, vitamin B12 je u obliku koji doprinosi njegovoj boljoj bioraspolo\u017eivosti i u\u010dinkovitoj iskoristivosti u organizmu.<\/p>\n<p data-start=\"629\" data-end=\"866\">Proizvod je posebno prikladan za <strong>vegane i vegetarijance<\/strong> jer se vitamin B12 prirodno nalazi prvenstveno u namirnicama \u017eivotinjskog podrijetla. Tako\u0111er je prikladan za sve koji \u017eele podr\u017eati razinu energije i op\u0107e dobro stanje organizma.<\/p>\n<p data-start=\"868\" data-end=\"935\"><strong data-start=\"868\" data-end=\"933\">Nutritivna vrijednost za preporu\u010denu dnevnu dozu (1 kapsula):<\/strong><\/p>\n<p data-start=\"937\" data-end=\"1001\">Vitamin B12 &#8230;&#8230;&#8230;&#8230;&#8230;&#8230;&#8230;&#8230;&#8230;. 500 \u00b5g \/ 20.000 % PU*<\/p>\n<p data-start=\"1003\" data-end=\"1027\">*PU = preporu\u010deni unos<\/p>\n<p data-start=\"1029\" data-end=\"1046\">Neto masa: 18 g<\/p>\n<p data-start=\"1048\" data-end=\"1078\" data-is-last-node=\"\" data-is-only-node=\"\"><em>Proizvo\u0111a\u010d: Biocyte, Francuska<\/em><\/p>\n","protected":false},"excerpt":{"rendered":"<h4 data-start=\"0\" data-end=\"75\">UMOR I IMUNOLO\u0160KA OBRANA<\/h4>\n<p data-start=\"0\" data-end=\"75\">Dodatak prehrani s liposomalnim vitaminom B12.<\/p>\n<p data-start=\"77\" data-end=\"187\">Smanjuje umor i podr\u017eava imunosnu obranu \u2013 zahvaljuju\u0107i visokoj bioraspolo\u017eivosti liposomalnog vitamina B12.<\/p>\n<ul>\n<li data-start=\"189\" data-end=\"512\"><strong>Visoka doza i liposomalni oblik<\/strong> vitamina B12 zaobilaze crijevne apsorpcijske barijere te tako osiguravaju odgovaraju\u0107i unos.<\/li>\n<li data-start=\"189\" data-end=\"512\"><strong>Preporu\u010duje se veganima<\/strong> jer se vitamin B12 uglavnom nalazi u namirnicama \u017eivotinjskog podrijetla.<\/li>\n<li data-start=\"189\" data-end=\"512\">Formulirano s <strong>bioaktivnim oblikom B12<\/strong> \u2013 metilkobalaminom.<\/li>\n<li data-start=\"189\" data-end=\"512\">Prikladno za vegetarijance i vegane.<\/li>\n<\/ul>\n","protected":false},"featured_media":13276,"comment_status":"closed","ping_status":"closed","template":"","meta":{"_acf_changed":false},"product_brand":[1002],"product_cat":[1143,550,578],"product_tag":[630],"blagovna-znamka":[],"class_list":{"0":"post-13429","1":"product","2":"type-product","3":"status-publish","4":"has-post-thumbnail","6":"product_brand-biocyte-hr","7":"product_cat-umor-i-iscrpljenost","8":"product_cat-dodaci-prehrani","9":"product_cat-imunoloski-sustav","10":"product_tag-novo-hr","12":"first","13":"instock","14":"taxable","15":"shipping-taxable","16":"purchasable","17":"product-type-simple"},"acf":[],"yoast_head":"<!-- This site is optimized with the Yoast SEO plugin v27.4 - https:\/\/yoast.com\/product\/yoast-seo-wordpress\/ -->\n<title>Umor i imunost LIPOSOMALNI VITAMIN B12 500 mcg, 30 kapsula - Topmedicus HR<\/title>\n<meta name=\"description\" content=\"S visokom dozom liposomalnog vitamina B12 \u2013 bioaktivni oblik metilkobalamin. Smanjuje umor i podr\u017eava imunolo\u0161ku obranu.\" \/>\n<meta name=\"robots\" content=\"index, follow, max-snippet:-1, max-image-preview:large, max-video-preview:-1\" \/>\n<link rel=\"canonical\" href=\"https:\/\/topmedicus.eu\/hr\/izdelek\/umor-i-imunost-liposomalni-vitamin-b12-500-mcg-30-kapsula\/\" \/>\n<meta property=\"og:locale\" content=\"hr_HR\" \/>\n<meta property=\"og:type\" content=\"article\" \/>\n<meta property=\"og:title\" content=\"Umor i imunost LIPOSOMALNI VITAMIN B12 500 mcg, 30 kapsula - Topmedicus HR\" \/>\n<meta property=\"og:description\" content=\"S visokom dozom liposomalnog vitamina B12 \u2013 bioaktivni oblik metilkobalamin. Smanjuje umor i podr\u017eava imunolo\u0161ku obranu.\" \/>\n<meta property=\"og:url\" content=\"https:\/\/topmedicus.eu\/hr\/izdelek\/umor-i-imunost-liposomalni-vitamin-b12-500-mcg-30-kapsula\/\" \/>\n<meta property=\"og:site_name\" content=\"Topmedicus HR\" \/>\n<meta property=\"og:image\" content=\"https:\/\/topmedicus.eu\/wp-content\/uploads\/2026\/02\/Biocyte-LIPOSOMSKI-VITAMIN-B12-30-kapsul.jpg\" \/>\n\t<meta property=\"og:image:width\" content=\"602\" \/>\n\t<meta property=\"og:image:height\" content=\"600\" \/>\n\t<meta property=\"og:image:type\" content=\"image\/jpeg\" \/>\n<meta name=\"twitter:card\" content=\"summary_large_image\" \/>\n<meta name=\"twitter:label1\" content=\"Procijenjeno vrijeme \u010ditanja\" \/>\n\t<meta name=\"twitter:data1\" content=\"1 minuta\" \/>\n<script type=\"application\/ld+json\" class=\"yoast-schema-graph\">{\"@context\":\"https:\\\/\\\/schema.org\",\"@graph\":[{\"@type\":\"WebPage\",\"@id\":\"https:\\\/\\\/topmedicus.eu\\\/hr\\\/izdelek\\\/umor-i-imunost-liposomalni-vitamin-b12-500-mcg-30-kapsula\\\/\",\"url\":\"https:\\\/\\\/topmedicus.eu\\\/hr\\\/izdelek\\\/umor-i-imunost-liposomalni-vitamin-b12-500-mcg-30-kapsula\\\/\",\"name\":\"Umor i imunost LIPOSOMALNI VITAMIN B12 500 mcg, 30 kapsula - Topmedicus HR\",\"isPartOf\":{\"@id\":\"https:\\\/\\\/topmedicus.eu\\\/en\\\/#website\"},\"primaryImageOfPage\":{\"@id\":\"https:\\\/\\\/topmedicus.eu\\\/hr\\\/izdelek\\\/umor-i-imunost-liposomalni-vitamin-b12-500-mcg-30-kapsula\\\/#primaryimage\"},\"image\":{\"@id\":\"https:\\\/\\\/topmedicus.eu\\\/hr\\\/izdelek\\\/umor-i-imunost-liposomalni-vitamin-b12-500-mcg-30-kapsula\\\/#primaryimage\"},\"thumbnailUrl\":\"https:\\\/\\\/topmedicus.eu\\\/wp-content\\\/uploads\\\/2026\\\/02\\\/Biocyte-LIPOSOMSKI-VITAMIN-B12-30-kapsul.jpg\",\"datePublished\":\"2026-02-04T17:28:52+00:00\",\"description\":\"S visokom dozom liposomalnog vitamina B12 \u2013 bioaktivni oblik metilkobalamin. Smanjuje umor i podr\u017eava imunolo\u0161ku obranu.\",\"breadcrumb\":{\"@id\":\"https:\\\/\\\/topmedicus.eu\\\/hr\\\/izdelek\\\/umor-i-imunost-liposomalni-vitamin-b12-500-mcg-30-kapsula\\\/#breadcrumb\"},\"inLanguage\":\"hr\",\"potentialAction\":[{\"@type\":\"ReadAction\",\"target\":[\"https:\\\/\\\/topmedicus.eu\\\/hr\\\/izdelek\\\/umor-i-imunost-liposomalni-vitamin-b12-500-mcg-30-kapsula\\\/\"]}]},{\"@type\":\"ImageObject\",\"inLanguage\":\"hr\",\"@id\":\"https:\\\/\\\/topmedicus.eu\\\/hr\\\/izdelek\\\/umor-i-imunost-liposomalni-vitamin-b12-500-mcg-30-kapsula\\\/#primaryimage\",\"url\":\"https:\\\/\\\/topmedicus.eu\\\/wp-content\\\/uploads\\\/2026\\\/02\\\/Biocyte-LIPOSOMSKI-VITAMIN-B12-30-kapsul.jpg\",\"contentUrl\":\"https:\\\/\\\/topmedicus.eu\\\/wp-content\\\/uploads\\\/2026\\\/02\\\/Biocyte-LIPOSOMSKI-VITAMIN-B12-30-kapsul.jpg\",\"width\":602,\"height\":600},{\"@type\":\"BreadcrumbList\",\"@id\":\"https:\\\/\\\/topmedicus.eu\\\/hr\\\/izdelek\\\/umor-i-imunost-liposomalni-vitamin-b12-500-mcg-30-kapsula\\\/#breadcrumb\",\"itemListElement\":[{\"@type\":\"ListItem\",\"position\":1,\"name\":\"Home\",\"item\":\"https:\\\/\\\/topmedicus.eu\\\/hr\\\/domaca-stranica\\\/\"},{\"@type\":\"ListItem\",\"position\":2,\"name\":\"Shop\",\"item\":\"https:\\\/\\\/topmedicus.eu\\\/shop\\\/\"},{\"@type\":\"ListItem\",\"position\":3,\"name\":\"Umor i imunost LIPOSOMALNI VITAMIN B12 500 mcg, 30 kapsula\"}]},{\"@type\":\"WebSite\",\"@id\":\"https:\\\/\\\/topmedicus.eu\\\/en\\\/#website\",\"url\":\"https:\\\/\\\/topmedicus.eu\\\/en\\\/\",\"name\":\"Topmedicus HR\",\"description\":\"Prehranska dopolnila in dermatolo\u0161ka kozmetika\",\"potentialAction\":[{\"@type\":\"SearchAction\",\"target\":{\"@type\":\"EntryPoint\",\"urlTemplate\":\"https:\\\/\\\/topmedicus.eu\\\/en\\\/?s={search_term_string}\"},\"query-input\":{\"@type\":\"PropertyValueSpecification\",\"valueRequired\":true,\"valueName\":\"search_term_string\"}}],\"inLanguage\":\"hr\"}]}<\/script>\n<!-- \/ Yoast SEO plugin. -->","yoast_head_json":{"title":"Umor i imunost LIPOSOMALNI VITAMIN B12 500 mcg, 30 kapsula - Topmedicus HR","description":"S visokom dozom liposomalnog vitamina B12 \u2013 bioaktivni oblik metilkobalamin. Smanjuje umor i podr\u017eava imunolo\u0161ku obranu.","robots":{"index":"index","follow":"follow","max-snippet":"max-snippet:-1","max-image-preview":"max-image-preview:large","max-video-preview":"max-video-preview:-1"},"canonical":"https:\/\/topmedicus.eu\/hr\/izdelek\/umor-i-imunost-liposomalni-vitamin-b12-500-mcg-30-kapsula\/","og_locale":"hr_HR","og_type":"article","og_title":"Umor i imunost LIPOSOMALNI VITAMIN B12 500 mcg, 30 kapsula - Topmedicus HR","og_description":"S visokom dozom liposomalnog vitamina B12 \u2013 bioaktivni oblik metilkobalamin. Smanjuje umor i podr\u017eava imunolo\u0161ku obranu.","og_url":"https:\/\/topmedicus.eu\/hr\/izdelek\/umor-i-imunost-liposomalni-vitamin-b12-500-mcg-30-kapsula\/","og_site_name":"Topmedicus HR","og_image":[{"width":602,"height":600,"url":"https:\/\/topmedicus.eu\/wp-content\/uploads\/2026\/02\/Biocyte-LIPOSOMSKI-VITAMIN-B12-30-kapsul.jpg","type":"image\/jpeg"}],"twitter_card":"summary_large_image","twitter_misc":{"Procijenjeno vrijeme \u010ditanja":"1 minuta"},"schema":{"@context":"https:\/\/schema.org","@graph":[{"@type":"WebPage","@id":"https:\/\/topmedicus.eu\/hr\/izdelek\/umor-i-imunost-liposomalni-vitamin-b12-500-mcg-30-kapsula\/","url":"https:\/\/topmedicus.eu\/hr\/izdelek\/umor-i-imunost-liposomalni-vitamin-b12-500-mcg-30-kapsula\/","name":"Umor i imunost LIPOSOMALNI VITAMIN B12 500 mcg, 30 kapsula - Topmedicus HR","isPartOf":{"@id":"https:\/\/topmedicus.eu\/en\/#website"},"primaryImageOfPage":{"@id":"https:\/\/topmedicus.eu\/hr\/izdelek\/umor-i-imunost-liposomalni-vitamin-b12-500-mcg-30-kapsula\/#primaryimage"},"image":{"@id":"https:\/\/topmedicus.eu\/hr\/izdelek\/umor-i-imunost-liposomalni-vitamin-b12-500-mcg-30-kapsula\/#primaryimage"},"thumbnailUrl":"https:\/\/topmedicus.eu\/wp-content\/uploads\/2026\/02\/Biocyte-LIPOSOMSKI-VITAMIN-B12-30-kapsul.jpg","datePublished":"2026-02-04T17:28:52+00:00","description":"S visokom dozom liposomalnog vitamina B12 \u2013 bioaktivni oblik metilkobalamin. Smanjuje umor i podr\u017eava imunolo\u0161ku obranu.","breadcrumb":{"@id":"https:\/\/topmedicus.eu\/hr\/izdelek\/umor-i-imunost-liposomalni-vitamin-b12-500-mcg-30-kapsula\/#breadcrumb"},"inLanguage":"hr","potentialAction":[{"@type":"ReadAction","target":["https:\/\/topmedicus.eu\/hr\/izdelek\/umor-i-imunost-liposomalni-vitamin-b12-500-mcg-30-kapsula\/"]}]},{"@type":"ImageObject","inLanguage":"hr","@id":"https:\/\/topmedicus.eu\/hr\/izdelek\/umor-i-imunost-liposomalni-vitamin-b12-500-mcg-30-kapsula\/#primaryimage","url":"https:\/\/topmedicus.eu\/wp-content\/uploads\/2026\/02\/Biocyte-LIPOSOMSKI-VITAMIN-B12-30-kapsul.jpg","contentUrl":"https:\/\/topmedicus.eu\/wp-content\/uploads\/2026\/02\/Biocyte-LIPOSOMSKI-VITAMIN-B12-30-kapsul.jpg","width":602,"height":600},{"@type":"BreadcrumbList","@id":"https:\/\/topmedicus.eu\/hr\/izdelek\/umor-i-imunost-liposomalni-vitamin-b12-500-mcg-30-kapsula\/#breadcrumb","itemListElement":[{"@type":"ListItem","position":1,"name":"Home","item":"https:\/\/topmedicus.eu\/hr\/domaca-stranica\/"},{"@type":"ListItem","position":2,"name":"Shop","item":"https:\/\/topmedicus.eu\/shop\/"},{"@type":"ListItem","position":3,"name":"Umor i imunost LIPOSOMALNI VITAMIN B12 500 mcg, 30 kapsula"}]},{"@type":"WebSite","@id":"https:\/\/topmedicus.eu\/en\/#website","url":"https:\/\/topmedicus.eu\/en\/","name":"Topmedicus HR","description":"Prehranska dopolnila in dermatolo\u0161ka kozmetika","potentialAction":[{"@type":"SearchAction","target":{"@type":"EntryPoint","urlTemplate":"https:\/\/topmedicus.eu\/en\/?s={search_term_string}"},"query-input":{"@type":"PropertyValueSpecification","valueRequired":true,"valueName":"search_term_string"}}],"inLanguage":"hr"}]}},"jetpack_sharing_enabled":true,"_links":{"self":[{"href":"https:\/\/topmedicus.eu\/hr\/wp-json\/wp\/v2\/product\/13429","targetHints":{"allow":["GET"]}}],"collection":[{"href":"https:\/\/topmedicus.eu\/hr\/wp-json\/wp\/v2\/product"}],"about":[{"href":"https:\/\/topmedicus.eu\/hr\/wp-json\/wp\/v2\/types\/product"}],"replies":[{"embeddable":true,"href":"https:\/\/topmedicus.eu\/hr\/wp-json\/wp\/v2\/comments?post=13429"}],"wp:featuredmedia":[{"embeddable":true,"href":"https:\/\/topmedicus.eu\/hr\/wp-json\/wp\/v2\/media\/13276"}],"wp:attachment":[{"href":"https:\/\/topmedicus.eu\/hr\/wp-json\/wp\/v2\/media?parent=13429"}],"wp:term":[{"taxonomy":"product_brand","embeddable":true,"href":"https:\/\/topmedicus.eu\/hr\/wp-json\/wp\/v2\/product_brand?post=13429"},{"taxonomy":"product_cat","embeddable":true,"href":"https:\/\/topmedicus.eu\/hr\/wp-json\/wp\/v2\/product_cat?post=13429"},{"taxonomy":"product_tag","embeddable":true,"href":"https:\/\/topmedicus.eu\/hr\/wp-json\/wp\/v2\/product_tag?post=13429"},{"taxonomy":"blagovna-znamka","embeddable":true,"href":"https:\/\/topmedicus.eu\/hr\/wp-json\/wp\/v2\/blagovna-znamka?post=13429"}],"curies":[{"name":"wp","href":"https:\/\/api.w.org\/{rel}","templated":true}]}}