{"id":13432,"date":"2026-01-25T15:37:29","date_gmt":"2026-01-25T15:37:29","guid":{"rendered":"https:\/\/topmedicus.eu\/izdelek\/priprema-za-sunce-hidratacija-smanjenje-bora-terracotta-solaire-intensiv-30-kapsula\/"},"modified":"2026-01-25T15:37:29","modified_gmt":"2026-01-25T15:37:29","slug":"priprema-za-sunce-hidratacija-smanjenje-bora-terracotta-solaire-intensiv-30-kapsula","status":"publish","type":"product","link":"https:\/\/topmedicus.eu\/hr\/izdelek\/priprema-za-sunce-hidratacija-smanjenje-bora-terracotta-solaire-intensiv-30-kapsula\/","title":{"rendered":"Priprema za sunce, hidratacija &#038; smanjenje bora TERRACOTTA SOLAIRE INTENSIV, 30 kapsula"},"content":{"rendered":"<p data-start=\"0\" data-end=\"170\"><strong>Terracotta Solaire Intensiv<\/strong> vrhunskog francuskog proizvo\u0111a\u010da <strong data-start=\"62\" data-end=\"73\">Biocyte<\/strong> idealno je rje\u0161enje za pripremu ko\u017ee za sun\u010danje, nagla\u0161avanje preplanulosti i smanjenje bora.<\/p>\n<p data-start=\"172\" data-end=\"511\">Kompleks <strong>M\u00e9laskin\u00ae<\/strong> kombinira melanin dobiven iz crnih maslina i crne ov\u010dje vune, \u010dime osigurava dvostruki izvor melanina za potporu prirodnim obrambenim mehanizmima ko\u017ee od UV zraka te za ujedna\u010denu preplanulost. Kompleks <strong>C\u00e9ramHydra\u00ae<\/strong>, koji sadr\u017ei ceramide i ulje bora\u017eine, osigurava intenzivnu hidrataciju ko\u017ee i poma\u017ee u smanjenju bora.<\/p>\n<p data-start=\"513\" data-end=\"860\">Proizvod je oboga\u0107en <strong>L-tirozinom<\/strong>, esencijalnom aminokiselinom za stvaranje melanina, te <strong>luteinom<\/strong>, prirodnim karotenoidom koji podr\u017eava normalnu pigmentaciju ko\u017ee. <strong>Bakar i vitamin E<\/strong> \u0161tite stanice od oksidativnog stresa uzrokovanog UV zra\u010denjem. Bakar tako\u0111er doprinosi normalnoj pigmentaciji ko\u017ee i kose te normalnoj funkciji imunolo\u0161kog sustava.<\/p>\n<p data-start=\"862\" data-end=\"1147\"><strong>Terracotta Solaire Intensiv<\/strong> odlikuje se trostrukim djelovanjem: priprema za sun\u010danje, dubinska hidratacija i smanjenje bora. Preporu\u010duje se 30-dnevna kura s 2 kapsule dnevno, koja priprema ko\u017eu prije, tijekom i nakon izlaganja suncu te istodobno odr\u017eava zdrav i blistav izgled ko\u017ee.<\/p>\n<p data-start=\"1149\" data-end=\"1226\">Ovaj proizvod ne zamjenjuje kori\u0161tenje UV za\u0161tite prilikom izlaganja suncu.<\/p>\n<p data-start=\"1228\" data-end=\"1295\"><strong data-start=\"1228\" data-end=\"1293\">Nutritivna vrijednost za preporu\u010denu dnevnu dozu (2 kapsule):<\/strong><\/p>\n<ul>\n<li>Vitamin E &#8230;&#8230;&#8230;&#8230;&#8230;&#8230;&#8230;&#8230;&#8230;&#8230;&#8230;&#8230;&#8230;.. 6 mg \/ 50 % PU*<\/li>\n<li>Bakar &#8230;&#8230;&#8230;&#8230;&#8230;&#8230;&#8230;&#8230;&#8230;&#8230;&#8230;&#8230;&#8230;&#8230;&#8230;&#8230; 2 mg \/ 200 % PU*<\/li>\n<li><strong data-start=\"1444\" data-end=\"1466\">Kompleks Melaskin:<\/strong><\/li>\n<li>Ekstrakt masline &#8230;&#8230;&#8230;&#8230;&#8230;&#8230;&#8230;&#8230;. 200 mg<\/li>\n<li>\u00a0 \u00a0od \u010dega melanin &#8230;&#8230;&#8230;&#8230;&#8230;&#8230;&#8230;&#8230;.. 10 mg<\/li>\n<li>Hidrolizat keratina &#8230;&#8230;&#8230;&#8230;&#8230;&#8230;&#8230;&#8230; 30 mg<\/li>\n<li>\u00a0 \u00a0od \u010dega melanin &#8230;&#8230;&#8230;&#8230;&#8230;&#8230;&#8230;.. 0,15 mg<\/li>\n<li>\u00a0 \u00a0od \u010dega peptidi &#8230;&#8230;&#8230;&#8230;&#8230;&#8230;&#8230;&#8230;. 16,5 mg<\/li>\n<li><strong data-start=\"1765\" data-end=\"1789\">C\u00e9ramHydra kompleks:<\/strong><\/li>\n<li>Ekstrakt ri\u017ee &#8230;&#8230;&#8230;&#8230;&#8230;&#8230;&#8230;&#8230;&#8230;&#8230;&#8230; 105 mg<\/li>\n<li>\u00a0 \u00a0od \u010dega ceramidi &#8230;&#8230;&#8230;&#8230;&#8230;&#8230;&#8230;.. 10,5 mg<\/li>\n<li>Mikroinkapsulirano ulje bora\u017eine . 20 mg<\/li>\n<li>Tirozin &#8230;&#8230;&#8230;&#8230;&#8230;&#8230;&#8230;&#8230;&#8230;&#8230;&#8230;&#8230;&#8230;&#8230;&#8230; 50 mg<\/li>\n<li>Ekstrakt tagetesa &#8230;&#8230;&#8230;&#8230;&#8230;&#8230;&#8230;&#8230;&#8230;&#8230;. 5 mg<\/li>\n<li>\u00a0 \u00a0od \u010dega lutein &#8230;&#8230;&#8230;&#8230;&#8230;&#8230;&#8230;&#8230;&#8230;&#8230;&#8230;.. 1 mg<\/li>\n<\/ul>\n<p data-start=\"2148\" data-end=\"2172\">*PU = preporu\u010deni unos<\/p>\n<p data-start=\"2174\" data-end=\"2472\"><strong data-start=\"2174\" data-end=\"2185\">Melanin<\/strong><br data-start=\"2185\" data-end=\"2188\" \/>Melanin je prirodni pigment koji ima klju\u010dnu ulogu u za\u0161titi ko\u017ee od UV zraka jer apsorbira i raspr\u0161uje \u0161tetno zra\u010denje. Tako\u0111er regulira pigmentaciju ko\u017ee, doprinosi odr\u017eavanju ujedna\u010denog tena i pove\u0107ava za\u0161titu od znakova prijevremenog starenja ko\u017ee uzrokovanog izlaganjem suncu.<\/p>\n<p data-start=\"2474\" data-end=\"2493\">Neto masa: 29,1 g<\/p>\n<p data-start=\"2495\" data-end=\"2525\" data-is-last-node=\"\" data-is-only-node=\"\"><em>Proizvo\u0111a\u010d: Biocyte, Francuska<\/em><\/p>\n","protected":false},"excerpt":{"rendered":"<h4 data-start=\"0\" data-end=\"223\">PRIPREMA KO\u017dE ZA SUN\u010cANJE, HIDRATIZIRA &amp; SMANJUJE BORE<\/h4>\n<p data-start=\"0\" data-end=\"223\">Dodatak prehrani koji hidratizira i priprema ko\u017eu za sunce zahvaljuju\u0107i visokom udjelu melanina u kombinaciji s kompleksom CeramHydra\u00ae i drugim aktivnim sastojcima.<\/p>\n<ul>\n<li data-start=\"225\" data-end=\"421\"><strong>Pripremi ko\u017eu za preplanulost<\/strong>, hidratizira i smanjuje bore.<\/li>\n<li data-start=\"225\" data-end=\"421\"><strong>Formuliran s kompleksom M\u00e9laskin\u00ae<\/strong>, bogatim melaninom.<\/li>\n<li data-start=\"225\" data-end=\"421\"><strong>Djeluje intenzivno hidratantno<\/strong> uz pomo\u0107 kompleksa CeramHydra\u00ae i ulja bora\u017eine.<\/li>\n<\/ul>\n","protected":false},"featured_media":12819,"comment_status":"closed","ping_status":"closed","template":"","meta":{"_acf_changed":false},"product_brand":[1002],"product_cat":[1252,576],"product_tag":[],"blagovna-znamka":[],"class_list":{"0":"post-13432","1":"product","2":"type-product","3":"status-publish","4":"has-post-thumbnail","6":"product_brand-biocyte-hr","7":"product_cat-samotamnjenje","8":"product_cat-nutrikozmetika-hr","10":"first","11":"instock","12":"taxable","13":"shipping-taxable","14":"purchasable","15":"product-type-simple"},"acf":[],"yoast_head":"<!-- This site is optimized with the Yoast SEO plugin v27.4 - https:\/\/yoast.com\/product\/yoast-seo-wordpress\/ -->\n<title>Priprema za sunce, hidratacija &amp; smanjenje bora TERRACOTTA SOLAIRE INTENSIV, 30 kapsula - Topmedicus HR<\/title>\n<meta name=\"description\" content=\"Hidratizira i priprema ko\u017eu za sunce zahvaljuju\u0107i visokom udjelu melanina u kombinaciji s kompleksom CeramHydra\u00ae i drugim aktivnim sastojcima. Smanjuje bore.\" \/>\n<meta name=\"robots\" content=\"index, follow, max-snippet:-1, max-image-preview:large, max-video-preview:-1\" \/>\n<link rel=\"canonical\" href=\"https:\/\/topmedicus.eu\/hr\/izdelek\/priprema-za-sunce-hidratacija-smanjenje-bora-terracotta-solaire-intensiv-30-kapsula\/\" \/>\n<meta property=\"og:locale\" content=\"hr_HR\" \/>\n<meta property=\"og:type\" content=\"article\" \/>\n<meta property=\"og:title\" content=\"Priprema za sunce, hidratacija &amp; smanjenje bora TERRACOTTA SOLAIRE INTENSIV, 30 kapsula - Topmedicus HR\" \/>\n<meta property=\"og:description\" content=\"Hidratizira i priprema ko\u017eu za sunce zahvaljuju\u0107i visokom udjelu melanina u kombinaciji s kompleksom CeramHydra\u00ae i drugim aktivnim sastojcima. Smanjuje bore.\" \/>\n<meta property=\"og:url\" content=\"https:\/\/topmedicus.eu\/hr\/izdelek\/priprema-za-sunce-hidratacija-smanjenje-bora-terracotta-solaire-intensiv-30-kapsula\/\" \/>\n<meta property=\"og:site_name\" content=\"Topmedicus HR\" \/>\n<meta property=\"og:image\" content=\"https:\/\/topmedicus.eu\/wp-content\/uploads\/2025\/07\/Biocyte-TERRACOTTA-BRONZAGE-INTENSE.jpg\" \/>\n\t<meta property=\"og:image:width\" content=\"601\" \/>\n\t<meta property=\"og:image:height\" content=\"601\" \/>\n\t<meta property=\"og:image:type\" content=\"image\/jpeg\" \/>\n<meta name=\"twitter:card\" content=\"summary_large_image\" \/>\n<meta name=\"twitter:label1\" content=\"Procijenjeno vrijeme \u010ditanja\" \/>\n\t<meta name=\"twitter:data1\" content=\"2 minute\" \/>\n<script type=\"application\/ld+json\" class=\"yoast-schema-graph\">{\"@context\":\"https:\\\/\\\/schema.org\",\"@graph\":[{\"@type\":\"WebPage\",\"@id\":\"https:\\\/\\\/topmedicus.eu\\\/hr\\\/izdelek\\\/priprema-za-sunce-hidratacija-smanjenje-bora-terracotta-solaire-intensiv-30-kapsula\\\/\",\"url\":\"https:\\\/\\\/topmedicus.eu\\\/hr\\\/izdelek\\\/priprema-za-sunce-hidratacija-smanjenje-bora-terracotta-solaire-intensiv-30-kapsula\\\/\",\"name\":\"Priprema za sunce, hidratacija & smanjenje bora TERRACOTTA SOLAIRE INTENSIV, 30 kapsula - Topmedicus HR\",\"isPartOf\":{\"@id\":\"https:\\\/\\\/topmedicus.eu\\\/en\\\/#website\"},\"primaryImageOfPage\":{\"@id\":\"https:\\\/\\\/topmedicus.eu\\\/hr\\\/izdelek\\\/priprema-za-sunce-hidratacija-smanjenje-bora-terracotta-solaire-intensiv-30-kapsula\\\/#primaryimage\"},\"image\":{\"@id\":\"https:\\\/\\\/topmedicus.eu\\\/hr\\\/izdelek\\\/priprema-za-sunce-hidratacija-smanjenje-bora-terracotta-solaire-intensiv-30-kapsula\\\/#primaryimage\"},\"thumbnailUrl\":\"https:\\\/\\\/topmedicus.eu\\\/wp-content\\\/uploads\\\/2025\\\/07\\\/Biocyte-TERRACOTTA-BRONZAGE-INTENSE.jpg\",\"datePublished\":\"2026-01-25T15:37:29+00:00\",\"description\":\"Hidratizira i priprema ko\u017eu za sunce zahvaljuju\u0107i visokom udjelu melanina u kombinaciji s kompleksom CeramHydra\u00ae i drugim aktivnim sastojcima. Smanjuje bore.\",\"breadcrumb\":{\"@id\":\"https:\\\/\\\/topmedicus.eu\\\/hr\\\/izdelek\\\/priprema-za-sunce-hidratacija-smanjenje-bora-terracotta-solaire-intensiv-30-kapsula\\\/#breadcrumb\"},\"inLanguage\":\"hr\",\"potentialAction\":[{\"@type\":\"ReadAction\",\"target\":[\"https:\\\/\\\/topmedicus.eu\\\/hr\\\/izdelek\\\/priprema-za-sunce-hidratacija-smanjenje-bora-terracotta-solaire-intensiv-30-kapsula\\\/\"]}]},{\"@type\":\"ImageObject\",\"inLanguage\":\"hr\",\"@id\":\"https:\\\/\\\/topmedicus.eu\\\/hr\\\/izdelek\\\/priprema-za-sunce-hidratacija-smanjenje-bora-terracotta-solaire-intensiv-30-kapsula\\\/#primaryimage\",\"url\":\"https:\\\/\\\/topmedicus.eu\\\/wp-content\\\/uploads\\\/2025\\\/07\\\/Biocyte-TERRACOTTA-BRONZAGE-INTENSE.jpg\",\"contentUrl\":\"https:\\\/\\\/topmedicus.eu\\\/wp-content\\\/uploads\\\/2025\\\/07\\\/Biocyte-TERRACOTTA-BRONZAGE-INTENSE.jpg\",\"width\":601,\"height\":601},{\"@type\":\"BreadcrumbList\",\"@id\":\"https:\\\/\\\/topmedicus.eu\\\/hr\\\/izdelek\\\/priprema-za-sunce-hidratacija-smanjenje-bora-terracotta-solaire-intensiv-30-kapsula\\\/#breadcrumb\",\"itemListElement\":[{\"@type\":\"ListItem\",\"position\":1,\"name\":\"Home\",\"item\":\"https:\\\/\\\/topmedicus.eu\\\/hr\\\/domaca-stranica\\\/\"},{\"@type\":\"ListItem\",\"position\":2,\"name\":\"Shop\",\"item\":\"https:\\\/\\\/topmedicus.eu\\\/shop\\\/\"},{\"@type\":\"ListItem\",\"position\":3,\"name\":\"Priprema za sunce, hidratacija &#038; smanjenje bora TERRACOTTA SOLAIRE INTENSIV, 30 kapsula\"}]},{\"@type\":\"WebSite\",\"@id\":\"https:\\\/\\\/topmedicus.eu\\\/en\\\/#website\",\"url\":\"https:\\\/\\\/topmedicus.eu\\\/en\\\/\",\"name\":\"Topmedicus HR\",\"description\":\"Prehranska dopolnila in dermatolo\u0161ka kozmetika\",\"potentialAction\":[{\"@type\":\"SearchAction\",\"target\":{\"@type\":\"EntryPoint\",\"urlTemplate\":\"https:\\\/\\\/topmedicus.eu\\\/en\\\/?s={search_term_string}\"},\"query-input\":{\"@type\":\"PropertyValueSpecification\",\"valueRequired\":true,\"valueName\":\"search_term_string\"}}],\"inLanguage\":\"hr\"}]}<\/script>\n<!-- \/ Yoast SEO plugin. -->","yoast_head_json":{"title":"Priprema za sunce, hidratacija & smanjenje bora TERRACOTTA SOLAIRE INTENSIV, 30 kapsula - Topmedicus HR","description":"Hidratizira i priprema ko\u017eu za sunce zahvaljuju\u0107i visokom udjelu melanina u kombinaciji s kompleksom CeramHydra\u00ae i drugim aktivnim sastojcima. Smanjuje bore.","robots":{"index":"index","follow":"follow","max-snippet":"max-snippet:-1","max-image-preview":"max-image-preview:large","max-video-preview":"max-video-preview:-1"},"canonical":"https:\/\/topmedicus.eu\/hr\/izdelek\/priprema-za-sunce-hidratacija-smanjenje-bora-terracotta-solaire-intensiv-30-kapsula\/","og_locale":"hr_HR","og_type":"article","og_title":"Priprema za sunce, hidratacija & smanjenje bora TERRACOTTA SOLAIRE INTENSIV, 30 kapsula - Topmedicus HR","og_description":"Hidratizira i priprema ko\u017eu za sunce zahvaljuju\u0107i visokom udjelu melanina u kombinaciji s kompleksom CeramHydra\u00ae i drugim aktivnim sastojcima. Smanjuje bore.","og_url":"https:\/\/topmedicus.eu\/hr\/izdelek\/priprema-za-sunce-hidratacija-smanjenje-bora-terracotta-solaire-intensiv-30-kapsula\/","og_site_name":"Topmedicus HR","og_image":[{"width":601,"height":601,"url":"https:\/\/topmedicus.eu\/wp-content\/uploads\/2025\/07\/Biocyte-TERRACOTTA-BRONZAGE-INTENSE.jpg","type":"image\/jpeg"}],"twitter_card":"summary_large_image","twitter_misc":{"Procijenjeno vrijeme \u010ditanja":"2 minute"},"schema":{"@context":"https:\/\/schema.org","@graph":[{"@type":"WebPage","@id":"https:\/\/topmedicus.eu\/hr\/izdelek\/priprema-za-sunce-hidratacija-smanjenje-bora-terracotta-solaire-intensiv-30-kapsula\/","url":"https:\/\/topmedicus.eu\/hr\/izdelek\/priprema-za-sunce-hidratacija-smanjenje-bora-terracotta-solaire-intensiv-30-kapsula\/","name":"Priprema za sunce, hidratacija & smanjenje bora TERRACOTTA SOLAIRE INTENSIV, 30 kapsula - Topmedicus HR","isPartOf":{"@id":"https:\/\/topmedicus.eu\/en\/#website"},"primaryImageOfPage":{"@id":"https:\/\/topmedicus.eu\/hr\/izdelek\/priprema-za-sunce-hidratacija-smanjenje-bora-terracotta-solaire-intensiv-30-kapsula\/#primaryimage"},"image":{"@id":"https:\/\/topmedicus.eu\/hr\/izdelek\/priprema-za-sunce-hidratacija-smanjenje-bora-terracotta-solaire-intensiv-30-kapsula\/#primaryimage"},"thumbnailUrl":"https:\/\/topmedicus.eu\/wp-content\/uploads\/2025\/07\/Biocyte-TERRACOTTA-BRONZAGE-INTENSE.jpg","datePublished":"2026-01-25T15:37:29+00:00","description":"Hidratizira i priprema ko\u017eu za sunce zahvaljuju\u0107i visokom udjelu melanina u kombinaciji s kompleksom CeramHydra\u00ae i drugim aktivnim sastojcima. Smanjuje bore.","breadcrumb":{"@id":"https:\/\/topmedicus.eu\/hr\/izdelek\/priprema-za-sunce-hidratacija-smanjenje-bora-terracotta-solaire-intensiv-30-kapsula\/#breadcrumb"},"inLanguage":"hr","potentialAction":[{"@type":"ReadAction","target":["https:\/\/topmedicus.eu\/hr\/izdelek\/priprema-za-sunce-hidratacija-smanjenje-bora-terracotta-solaire-intensiv-30-kapsula\/"]}]},{"@type":"ImageObject","inLanguage":"hr","@id":"https:\/\/topmedicus.eu\/hr\/izdelek\/priprema-za-sunce-hidratacija-smanjenje-bora-terracotta-solaire-intensiv-30-kapsula\/#primaryimage","url":"https:\/\/topmedicus.eu\/wp-content\/uploads\/2025\/07\/Biocyte-TERRACOTTA-BRONZAGE-INTENSE.jpg","contentUrl":"https:\/\/topmedicus.eu\/wp-content\/uploads\/2025\/07\/Biocyte-TERRACOTTA-BRONZAGE-INTENSE.jpg","width":601,"height":601},{"@type":"BreadcrumbList","@id":"https:\/\/topmedicus.eu\/hr\/izdelek\/priprema-za-sunce-hidratacija-smanjenje-bora-terracotta-solaire-intensiv-30-kapsula\/#breadcrumb","itemListElement":[{"@type":"ListItem","position":1,"name":"Home","item":"https:\/\/topmedicus.eu\/hr\/domaca-stranica\/"},{"@type":"ListItem","position":2,"name":"Shop","item":"https:\/\/topmedicus.eu\/shop\/"},{"@type":"ListItem","position":3,"name":"Priprema za sunce, hidratacija &#038; smanjenje bora TERRACOTTA SOLAIRE INTENSIV, 30 kapsula"}]},{"@type":"WebSite","@id":"https:\/\/topmedicus.eu\/en\/#website","url":"https:\/\/topmedicus.eu\/en\/","name":"Topmedicus HR","description":"Prehranska dopolnila in dermatolo\u0161ka kozmetika","potentialAction":[{"@type":"SearchAction","target":{"@type":"EntryPoint","urlTemplate":"https:\/\/topmedicus.eu\/en\/?s={search_term_string}"},"query-input":{"@type":"PropertyValueSpecification","valueRequired":true,"valueName":"search_term_string"}}],"inLanguage":"hr"}]}},"jetpack_sharing_enabled":true,"_links":{"self":[{"href":"https:\/\/topmedicus.eu\/hr\/wp-json\/wp\/v2\/product\/13432","targetHints":{"allow":["GET"]}}],"collection":[{"href":"https:\/\/topmedicus.eu\/hr\/wp-json\/wp\/v2\/product"}],"about":[{"href":"https:\/\/topmedicus.eu\/hr\/wp-json\/wp\/v2\/types\/product"}],"replies":[{"embeddable":true,"href":"https:\/\/topmedicus.eu\/hr\/wp-json\/wp\/v2\/comments?post=13432"}],"wp:featuredmedia":[{"embeddable":true,"href":"https:\/\/topmedicus.eu\/hr\/wp-json\/wp\/v2\/media\/12819"}],"wp:attachment":[{"href":"https:\/\/topmedicus.eu\/hr\/wp-json\/wp\/v2\/media?parent=13432"}],"wp:term":[{"taxonomy":"product_brand","embeddable":true,"href":"https:\/\/topmedicus.eu\/hr\/wp-json\/wp\/v2\/product_brand?post=13432"},{"taxonomy":"product_cat","embeddable":true,"href":"https:\/\/topmedicus.eu\/hr\/wp-json\/wp\/v2\/product_cat?post=13432"},{"taxonomy":"product_tag","embeddable":true,"href":"https:\/\/topmedicus.eu\/hr\/wp-json\/wp\/v2\/product_tag?post=13432"},{"taxonomy":"blagovna-znamka","embeddable":true,"href":"https:\/\/topmedicus.eu\/hr\/wp-json\/wp\/v2\/blagovna-znamka?post=13432"}],"curies":[{"name":"wp","href":"https:\/\/api.w.org\/{rel}","templated":true}]}}