{"id":13455,"date":"2025-02-12T21:59:56","date_gmt":"2025-02-12T21:59:56","guid":{"rendered":"https:\/\/topmedicus.eu\/izdelek\/clear-it-maska-50-ml\/"},"modified":"2026-02-14T16:38:51","modified_gmt":"2026-02-14T16:38:51","slug":"clear-it-maska-50-ml","status":"publish","type":"product","link":"https:\/\/topmedicus.eu\/hr\/izdelek\/clear-it-maska-50-ml\/","title":{"rendered":"#clear it MASKA, 50 ml"},"content":{"rendered":"<h3 data-start=\"3067\" data-end=\"3118\">Intenzivna hidratacija i trenutno umirenje ko\u017ee<\/h3>\n<p data-start=\"3120\" data-end=\"3380\">Umiruju\u0107a hidratantna gel maska razvijena je kao ciljna dermokozmeti\u010dka njega za ko\u017eu kojoj je potrebna brza regeneracija i obnova hidratacije. Lagana gel tekstura pru\u017ea osvje\u017eavaju\u0107i osje\u0107aj te dugotrajno hidratizira bez optere\u0107enja ko\u017ee ili za\u010depljenja pora.<\/p>\n<p data-start=\"3382\" data-end=\"3503\">Kompleks prirodnih aktivnih sastojaka \u0161titi ko\u017eu od vanjskih utjecaja i odr\u017eava optimalnu razinu vlage tijekom vi\u0161e sati.<\/p>\n<h4 data-start=\"3505\" data-end=\"3539\">Manje crvenila i osje\u0107aj ugode<\/h4>\n<p data-start=\"3541\" data-end=\"3724\">Ekstrakt Aloe vere i bisabolol u\u010dinkovito umiruju osjetljivu i nadra\u017eenu ko\u017eu, smanjuju crvenilo i uklanjaju osje\u0107aj zatezanja. Ko\u017ea postaje mek\u0161a, uravnote\u017eenija i vidljivo svje\u017eija.<\/p>\n<p data-start=\"3726\" data-end=\"3854\">Maska je posebno prikladna za ko\u017eu sklonu nepravilnostima jer poma\u017ee regulirati ravnote\u017eu ko\u017ee i smanjiti pretjerani masni sjaj.<\/p>\n<h4 data-start=\"3856\" data-end=\"3890\">Ja\u010danje za\u0161titne barijere ko\u017ee<\/h4>\n<p data-start=\"3892\" data-end=\"4053\">Napredni hidratantni sastojci i za\u0161titni faktori poma\u017eu oja\u010dati ko\u017enu barijeru te pobolj\u0161avaju sposobnost zadr\u017eavanja vlage, \u010dine\u0107i ko\u017eu otpornijom i smirenijom.<\/p>\n<hr data-start=\"4055\" data-end=\"4058\" \/>\n<h4 data-start=\"4060\" data-end=\"4076\">Prikladno za<\/h4>\n<ul>\n<li data-start=\"4079\" data-end=\"4096\">sve tipove ko\u017ee<\/li>\n<li data-start=\"4079\" data-end=\"4096\">mladu ko\u017eu<\/li>\n<li data-start=\"4079\" data-end=\"4096\">ko\u017eu sklonu nepravilnostima<\/li>\n<li data-start=\"4079\" data-end=\"4096\">osjetljivu i nadra\u017eenu ko\u017eu<\/li>\n<li data-start=\"4079\" data-end=\"4096\">dehidriranu ko\u017eu<\/li>\n<\/ul>\n<h4 data-start=\"4201\" data-end=\"4222\">Klju\u010dne prednosti<\/h4>\n<p data-start=\"4223\" data-end=\"4388\">\u2714 intenzivna i dugotrajna hidratacija<br data-start=\"4260\" data-end=\"4263\" \/>\u2714 umiruje nadra\u017eenu ko\u017eu<br data-start=\"4287\" data-end=\"4290\" \/>\u2714 smanjuje crvenilo<br data-start=\"4309\" data-end=\"4312\" \/>\u2714 vra\u0107a ravnote\u017eu ko\u017ee<br data-start=\"4334\" data-end=\"4337\" \/>\u2714 smanjuje masni sjaj<br data-start=\"4358\" data-end=\"4361\" \/>\u2714 svje\u017e i zdrav izgled ko\u017ee<\/p>\n<hr data-start=\"4390\" data-end=\"4393\" \/>\n<h4 data-start=\"4395\" data-end=\"4415\">Aktivni sastojci<\/h4>\n<p data-start=\"4417\" data-end=\"4719\"><strong data-start=\"4417\" data-end=\"4439\">Ekstrakt Aloe vere<\/strong> \u2013 umiruje i hidratizira ko\u017eu.<br data-start=\"4469\" data-end=\"4472\" \/><strong data-start=\"4472\" data-end=\"4484\">Saharidi<\/strong> \u2013 podr\u017eavaju dugotrajnu hidrataciju.<br data-start=\"4521\" data-end=\"4524\" \/><strong data-start=\"4524\" data-end=\"4534\">Ektoin<\/strong> \u2013 \u0161titi stanice ko\u017ee i ja\u010da barijeru.<br data-start=\"4572\" data-end=\"4575\" \/><strong data-start=\"4575\" data-end=\"4588\">Bisabolol<\/strong> \u2013 smanjuje upalne procese i crvenilo.<br data-start=\"4626\" data-end=\"4629\" \/><strong data-start=\"4629\" data-end=\"4641\">Alantoin<\/strong> \u2013 poti\u010de regeneraciju ko\u017ee.<br data-start=\"4669\" data-end=\"4672\" \/><strong data-start=\"4672\" data-end=\"4687\">Pentavitin\u00ae<\/strong> \u2013 dugotrajno ve\u017ee vlagu u ko\u017ei.<\/p>\n<p data-start=\"4417\" data-end=\"4719\"><em>Proizvodi: CNC cosmetic GmbH, Njema\u010dka<\/em><\/p>\n","protected":false},"excerpt":{"rendered":"<h4>Umiruju\u0107a hidratantna gel maska<\/h4>\n<ul>\n<li>Intenzivno hidratizira.<\/li>\n<li>Smanjuje crvenilo i umiruje nadra\u017eenu ko\u017eu.<\/li>\n<li>Obnavlja prirodnu ravnote\u017eu ko\u017ee.<\/li>\n<li>Vra\u0107a svje\u017e i zdrav izgled.<\/li>\n<li>Veganska.<\/li>\n<\/ul>\n","protected":false},"featured_media":13456,"comment_status":"closed","ping_status":"closed","template":"","meta":{"_acf_changed":false},"product_brand":[1006],"product_cat":[1695,1327,1694],"product_tag":[],"blagovna-znamka":[],"class_list":{"0":"post-13455","1":"product","2":"type-product","3":"status-publish","4":"has-post-thumbnail","6":"product_brand-cnc-skincare-hr","7":"product_cat-akne-hr","8":"product_cat-maske-hr","9":"product_cat-masna-koza","11":"first","12":"instock","13":"taxable","14":"shipping-taxable","15":"purchasable","16":"product-type-simple"},"acf":[],"yoast_head":"<!-- This site is optimized with the Yoast SEO plugin v27.4 - https:\/\/yoast.com\/product\/yoast-seo-wordpress\/ -->\n<title>#clear it MASKA, 50 ml - Topmedicus HR<\/title>\n<meta name=\"description\" content=\"Umiruju\u0107a hidratantna gel maska intenzivno hidratizira, smanjuje crvenilo i umiruje ko\u017eu te vra\u0107a svje\u017e i uravnote\u017een izgled.\" \/>\n<meta name=\"robots\" content=\"index, follow, max-snippet:-1, max-image-preview:large, max-video-preview:-1\" \/>\n<link rel=\"canonical\" href=\"https:\/\/topmedicus.eu\/hr\/izdelek\/clear-it-maska-50-ml\/\" \/>\n<meta property=\"og:locale\" content=\"hr_HR\" \/>\n<meta property=\"og:type\" content=\"article\" \/>\n<meta property=\"og:title\" content=\"#clear it MASKA, 50 ml - Topmedicus HR\" \/>\n<meta property=\"og:description\" content=\"Umiruju\u0107a hidratantna gel maska intenzivno hidratizira, smanjuje crvenilo i umiruje ko\u017eu te vra\u0107a svje\u017e i uravnote\u017een izgled.\" \/>\n<meta property=\"og:url\" content=\"https:\/\/topmedicus.eu\/hr\/izdelek\/clear-it-maska-50-ml\/\" \/>\n<meta property=\"og:site_name\" content=\"Topmedicus HR\" \/>\n<meta property=\"article:modified_time\" content=\"2026-02-14T16:38:51+00:00\" \/>\n<meta property=\"og:image\" content=\"https:\/\/topmedicus.eu\/wp-content\/uploads\/2025\/02\/clear-it-maska-50-ml.jpg\" \/>\n\t<meta property=\"og:image:width\" content=\"600\" \/>\n\t<meta property=\"og:image:height\" content=\"569\" \/>\n\t<meta property=\"og:image:type\" content=\"image\/jpeg\" \/>\n<meta name=\"twitter:card\" content=\"summary_large_image\" \/>\n<meta name=\"twitter:label1\" content=\"Procijenjeno vrijeme \u010ditanja\" \/>\n\t<meta name=\"twitter:data1\" content=\"1 minuta\" \/>\n<script type=\"application\/ld+json\" class=\"yoast-schema-graph\">{\"@context\":\"https:\\\/\\\/schema.org\",\"@graph\":[{\"@type\":\"WebPage\",\"@id\":\"https:\\\/\\\/topmedicus.eu\\\/hr\\\/izdelek\\\/clear-it-maska-50-ml\\\/\",\"url\":\"https:\\\/\\\/topmedicus.eu\\\/hr\\\/izdelek\\\/clear-it-maska-50-ml\\\/\",\"name\":\"#clear it MASKA, 50 ml - Topmedicus HR\",\"isPartOf\":{\"@id\":\"https:\\\/\\\/topmedicus.eu\\\/en\\\/#website\"},\"primaryImageOfPage\":{\"@id\":\"https:\\\/\\\/topmedicus.eu\\\/hr\\\/izdelek\\\/clear-it-maska-50-ml\\\/#primaryimage\"},\"image\":{\"@id\":\"https:\\\/\\\/topmedicus.eu\\\/hr\\\/izdelek\\\/clear-it-maska-50-ml\\\/#primaryimage\"},\"thumbnailUrl\":\"https:\\\/\\\/topmedicus.eu\\\/wp-content\\\/uploads\\\/2025\\\/02\\\/clear-it-maska-50-ml.jpg\",\"datePublished\":\"2025-02-12T21:59:56+00:00\",\"dateModified\":\"2026-02-14T16:38:51+00:00\",\"description\":\"Umiruju\u0107a hidratantna gel maska intenzivno hidratizira, smanjuje crvenilo i umiruje ko\u017eu te vra\u0107a svje\u017e i uravnote\u017een izgled.\",\"breadcrumb\":{\"@id\":\"https:\\\/\\\/topmedicus.eu\\\/hr\\\/izdelek\\\/clear-it-maska-50-ml\\\/#breadcrumb\"},\"inLanguage\":\"hr\",\"potentialAction\":[{\"@type\":\"ReadAction\",\"target\":[\"https:\\\/\\\/topmedicus.eu\\\/hr\\\/izdelek\\\/clear-it-maska-50-ml\\\/\"]}]},{\"@type\":\"ImageObject\",\"inLanguage\":\"hr\",\"@id\":\"https:\\\/\\\/topmedicus.eu\\\/hr\\\/izdelek\\\/clear-it-maska-50-ml\\\/#primaryimage\",\"url\":\"https:\\\/\\\/topmedicus.eu\\\/wp-content\\\/uploads\\\/2025\\\/02\\\/clear-it-maska-50-ml.jpg\",\"contentUrl\":\"https:\\\/\\\/topmedicus.eu\\\/wp-content\\\/uploads\\\/2025\\\/02\\\/clear-it-maska-50-ml.jpg\",\"width\":600,\"height\":569},{\"@type\":\"BreadcrumbList\",\"@id\":\"https:\\\/\\\/topmedicus.eu\\\/hr\\\/izdelek\\\/clear-it-maska-50-ml\\\/#breadcrumb\",\"itemListElement\":[{\"@type\":\"ListItem\",\"position\":1,\"name\":\"Home\",\"item\":\"https:\\\/\\\/topmedicus.eu\\\/hr\\\/domaca-stranica\\\/\"},{\"@type\":\"ListItem\",\"position\":2,\"name\":\"Shop\",\"item\":\"https:\\\/\\\/topmedicus.eu\\\/shop\\\/\"},{\"@type\":\"ListItem\",\"position\":3,\"name\":\"#clear it MASKA, 50 ml\"}]},{\"@type\":\"WebSite\",\"@id\":\"https:\\\/\\\/topmedicus.eu\\\/en\\\/#website\",\"url\":\"https:\\\/\\\/topmedicus.eu\\\/en\\\/\",\"name\":\"Topmedicus HR\",\"description\":\"Prehranska dopolnila in dermatolo\u0161ka kozmetika\",\"potentialAction\":[{\"@type\":\"SearchAction\",\"target\":{\"@type\":\"EntryPoint\",\"urlTemplate\":\"https:\\\/\\\/topmedicus.eu\\\/en\\\/?s={search_term_string}\"},\"query-input\":{\"@type\":\"PropertyValueSpecification\",\"valueRequired\":true,\"valueName\":\"search_term_string\"}}],\"inLanguage\":\"hr\"}]}<\/script>\n<!-- \/ Yoast SEO plugin. -->","yoast_head_json":{"title":"#clear it MASKA, 50 ml - Topmedicus HR","description":"Umiruju\u0107a hidratantna gel maska intenzivno hidratizira, smanjuje crvenilo i umiruje ko\u017eu te vra\u0107a svje\u017e i uravnote\u017een izgled.","robots":{"index":"index","follow":"follow","max-snippet":"max-snippet:-1","max-image-preview":"max-image-preview:large","max-video-preview":"max-video-preview:-1"},"canonical":"https:\/\/topmedicus.eu\/hr\/izdelek\/clear-it-maska-50-ml\/","og_locale":"hr_HR","og_type":"article","og_title":"#clear it MASKA, 50 ml - Topmedicus HR","og_description":"Umiruju\u0107a hidratantna gel maska intenzivno hidratizira, smanjuje crvenilo i umiruje ko\u017eu te vra\u0107a svje\u017e i uravnote\u017een izgled.","og_url":"https:\/\/topmedicus.eu\/hr\/izdelek\/clear-it-maska-50-ml\/","og_site_name":"Topmedicus HR","article_modified_time":"2026-02-14T16:38:51+00:00","og_image":[{"width":600,"height":569,"url":"https:\/\/topmedicus.eu\/wp-content\/uploads\/2025\/02\/clear-it-maska-50-ml.jpg","type":"image\/jpeg"}],"twitter_card":"summary_large_image","twitter_misc":{"Procijenjeno vrijeme \u010ditanja":"1 minuta"},"schema":{"@context":"https:\/\/schema.org","@graph":[{"@type":"WebPage","@id":"https:\/\/topmedicus.eu\/hr\/izdelek\/clear-it-maska-50-ml\/","url":"https:\/\/topmedicus.eu\/hr\/izdelek\/clear-it-maska-50-ml\/","name":"#clear it MASKA, 50 ml - Topmedicus HR","isPartOf":{"@id":"https:\/\/topmedicus.eu\/en\/#website"},"primaryImageOfPage":{"@id":"https:\/\/topmedicus.eu\/hr\/izdelek\/clear-it-maska-50-ml\/#primaryimage"},"image":{"@id":"https:\/\/topmedicus.eu\/hr\/izdelek\/clear-it-maska-50-ml\/#primaryimage"},"thumbnailUrl":"https:\/\/topmedicus.eu\/wp-content\/uploads\/2025\/02\/clear-it-maska-50-ml.jpg","datePublished":"2025-02-12T21:59:56+00:00","dateModified":"2026-02-14T16:38:51+00:00","description":"Umiruju\u0107a hidratantna gel maska intenzivno hidratizira, smanjuje crvenilo i umiruje ko\u017eu te vra\u0107a svje\u017e i uravnote\u017een izgled.","breadcrumb":{"@id":"https:\/\/topmedicus.eu\/hr\/izdelek\/clear-it-maska-50-ml\/#breadcrumb"},"inLanguage":"hr","potentialAction":[{"@type":"ReadAction","target":["https:\/\/topmedicus.eu\/hr\/izdelek\/clear-it-maska-50-ml\/"]}]},{"@type":"ImageObject","inLanguage":"hr","@id":"https:\/\/topmedicus.eu\/hr\/izdelek\/clear-it-maska-50-ml\/#primaryimage","url":"https:\/\/topmedicus.eu\/wp-content\/uploads\/2025\/02\/clear-it-maska-50-ml.jpg","contentUrl":"https:\/\/topmedicus.eu\/wp-content\/uploads\/2025\/02\/clear-it-maska-50-ml.jpg","width":600,"height":569},{"@type":"BreadcrumbList","@id":"https:\/\/topmedicus.eu\/hr\/izdelek\/clear-it-maska-50-ml\/#breadcrumb","itemListElement":[{"@type":"ListItem","position":1,"name":"Home","item":"https:\/\/topmedicus.eu\/hr\/domaca-stranica\/"},{"@type":"ListItem","position":2,"name":"Shop","item":"https:\/\/topmedicus.eu\/shop\/"},{"@type":"ListItem","position":3,"name":"#clear it MASKA, 50 ml"}]},{"@type":"WebSite","@id":"https:\/\/topmedicus.eu\/en\/#website","url":"https:\/\/topmedicus.eu\/en\/","name":"Topmedicus HR","description":"Prehranska dopolnila in dermatolo\u0161ka kozmetika","potentialAction":[{"@type":"SearchAction","target":{"@type":"EntryPoint","urlTemplate":"https:\/\/topmedicus.eu\/en\/?s={search_term_string}"},"query-input":{"@type":"PropertyValueSpecification","valueRequired":true,"valueName":"search_term_string"}}],"inLanguage":"hr"}]}},"jetpack_sharing_enabled":true,"_links":{"self":[{"href":"https:\/\/topmedicus.eu\/hr\/wp-json\/wp\/v2\/product\/13455","targetHints":{"allow":["GET"]}}],"collection":[{"href":"https:\/\/topmedicus.eu\/hr\/wp-json\/wp\/v2\/product"}],"about":[{"href":"https:\/\/topmedicus.eu\/hr\/wp-json\/wp\/v2\/types\/product"}],"replies":[{"embeddable":true,"href":"https:\/\/topmedicus.eu\/hr\/wp-json\/wp\/v2\/comments?post=13455"}],"wp:featuredmedia":[{"embeddable":true,"href":"https:\/\/topmedicus.eu\/hr\/wp-json\/wp\/v2\/media\/13456"}],"wp:attachment":[{"href":"https:\/\/topmedicus.eu\/hr\/wp-json\/wp\/v2\/media?parent=13455"}],"wp:term":[{"taxonomy":"product_brand","embeddable":true,"href":"https:\/\/topmedicus.eu\/hr\/wp-json\/wp\/v2\/product_brand?post=13455"},{"taxonomy":"product_cat","embeddable":true,"href":"https:\/\/topmedicus.eu\/hr\/wp-json\/wp\/v2\/product_cat?post=13455"},{"taxonomy":"product_tag","embeddable":true,"href":"https:\/\/topmedicus.eu\/hr\/wp-json\/wp\/v2\/product_tag?post=13455"},{"taxonomy":"blagovna-znamka","embeddable":true,"href":"https:\/\/topmedicus.eu\/hr\/wp-json\/wp\/v2\/blagovna-znamka?post=13455"}],"curies":[{"name":"wp","href":"https:\/\/api.w.org\/{rel}","templated":true}]}}