{"id":13461,"date":"2025-02-12T21:59:30","date_gmt":"2025-02-12T21:59:30","guid":{"rendered":"https:\/\/topmedicus.eu\/izdelek\/wellness-za-jetru-detoksikaciju-hepato-detox-60-kapsula\/"},"modified":"2026-02-14T18:28:23","modified_gmt":"2026-02-14T18:28:23","slug":"wellness-za-jetru-detoksikaciju-hepato-detox-60-kapsula","status":"publish","type":"product","link":"https:\/\/topmedicus.eu\/hr\/izdelek\/wellness-za-jetru-detoksikaciju-hepato-detox-60-kapsula\/","title":{"rendered":"Wellness za jetru &#038; detoksikaciju \u2013 HEPATO DETOX, 60 kapsula"},"content":{"rendered":"<p data-start=\"0\" data-end=\"576\"><strong data-start=\"0\" data-end=\"16\">HEPATO DETOX<\/strong> vrhunskog francuskog proizvo\u0111a\u010da <strong data-start=\"50\" data-end=\"61\">Biocyte<\/strong> rje\u0161enje je koje kombinira koncentrirane ekstrakte arti\u010doke, sikavice, masla\u010dka i komora\u010da te betain i vitamin B6 za podr\u0161ku fiziolo\u0161kim funkcijama jetre i bubrega. Arti\u010doka je poznata po svojoj sposobnosti poticanja prirodnih procesa detoksikacije te djeluje sinergijski sa sikavicom, izvorom silimarina, \u010dime poma\u017ee za\u0161titi i optimizirati funkciju jetre. Masla\u010dak i komora\u010d nadopunjuju i zaokru\u017euju ovaj u\u010dinak poticanjem bubre\u017enog i probavnog izlu\u010divanja, doprinose\u0107i cjelovitom pristupu metaboli\u010dkoj ravnote\u017ei.<\/p>\n<p data-start=\"578\" data-end=\"967\"><strong>Vitamin B6<\/strong> poti\u010de energetski metabolizam i poma\u017ee regulirati djelovanje enzima uklju\u010denih u procese detoksikacije. Betain podr\u017eava metilacijske procese koji su va\u017eni za ravnote\u017eu jetre. Formula je razvijena u skladu s visokim standardima proizvo\u0111a\u010da Biocyte te se isti\u010de botani\u010dkim biomolekularnim aktivnim sastojcima odabranima zbog svoje u\u010dinkovitosti potvr\u0111ene u znanstvenoj literaturi.<\/p>\n<p data-start=\"974\" data-end=\"1039\"><strong>Nutritivna vrijednost za preporu\u010denu dnevnu dozu (2 kapsule):<\/strong><\/p>\n<ul>\n<li data-start=\"1041\" data-end=\"1107\">Vitamin B6 &#8230;&#8230;&#8230;&#8230;&#8230;&#8230;&#8230;&#8230;&#8230;.. 0,35 mg \/ 25 % PU*<\/li>\n<li data-start=\"1041\" data-end=\"1107\">Ekstrakt arti\u010doke \u2026\u2026\u2026\u2026\u2026\u2026\u2026 500 mg<\/li>\n<li data-start=\"1041\" data-end=\"1107\">\u00a0 \u00a0od \u010dega cinarin \u2026\u2026\u2026\u2026\u2026\u2026\u2026. 12,5 mg<\/li>\n<li data-start=\"1041\" data-end=\"1107\">Ekstrakt sikavice \u2026\u2026\u2026\u2026\u2026\u2026\u2026\u2026 40 mg<\/li>\n<li data-start=\"1041\" data-end=\"1107\">\u00a0 \u00a0od \u010dega silimarin \u2026\u2026\u2026\u2026\u2026\u2026\u2026 4,4 mg<\/li>\n<li data-start=\"1041\" data-end=\"1107\">Ekstrakt masla\u010dka \u2026\u2026\u2026\u2026\u2026\u2026.. 37,5 mg<\/li>\n<li data-start=\"1041\" data-end=\"1107\">Ekstrakt komora\u010da \u2026\u2026\u2026\u2026\u2026\u2026\u2026 30 mg<\/li>\n<li data-start=\"1041\" data-end=\"1107\">Betain \u2026\u2026\u2026\u2026\u2026\u2026\u2026\u2026\u2026\u2026\u2026\u2026\u2026 22,9 mg<\/li>\n<\/ul>\n<p>*PU = preporu\u010deni dnevni unos<\/p>\n<p data-start=\"1386\" data-end=\"1407\"><em>Neto masa: 36 g<\/em><\/p>\n<p data-start=\"1409\" data-end=\"1443\" data-is-last-node=\"\" data-is-only-node=\"\"><em>Proizvo\u0111a\u010d: Biocyte, Francuska<\/em><\/p>\n","protected":false},"excerpt":{"rendered":"<h4 data-start=\"0\" data-end=\"34\"><strong data-start=\"0\" data-end=\"34\">ZDRAVLJE JETRE &amp; DETOKSIKACIJA<\/strong><\/h4>\n<p data-start=\"36\" data-end=\"133\"><strong data-start=\"36\" data-end=\"52\">HEPATO DETOX<\/strong> dodatak je prehrani s arti\u010dokom, sikavicom, masla\u010dkom, komora\u010dem i vitaminom B6.<\/p>\n<p data-start=\"135\" data-end=\"271\">Detoksicira organizam i podr\u017eava zdravlje jetre zahvaljuju\u0107i inovativnoj sinergiji arti\u010doke, sikavice, masla\u010dka, komora\u010da i vitamina B6.<\/p>\n<ul>\n<li data-start=\"273\" data-end=\"377\">Biljni kompleks za detoksikaciju.<\/li>\n<li data-start=\"273\" data-end=\"377\">Doprinosi boljoj probavi.<\/li>\n<li data-start=\"273\" data-end=\"377\">Vi\u0161estruke dobrobiti za jetru i bubrege.<\/li>\n<\/ul>\n","protected":false},"featured_media":13372,"comment_status":"closed","ping_status":"closed","template":"","meta":{"_acf_changed":false},"product_brand":[1002],"product_cat":[901,1142],"product_tag":[],"blagovna-znamka":[],"class_list":{"0":"post-13461","1":"product","2":"type-product","3":"status-publish","4":"has-post-thumbnail","6":"product_brand-biocyte-hr","7":"product_cat-probava","8":"product_cat-za-vegane-hr","10":"first","11":"instock","12":"taxable","13":"shipping-taxable","14":"purchasable","15":"product-type-simple"},"acf":[],"yoast_head":"<!-- This site is optimized with the Yoast SEO plugin v27.4 - https:\/\/yoast.com\/product\/yoast-seo-wordpress\/ -->\n<title>Wellness za jetru &amp; detoksikaciju \u2013 HEPATO DETOX, 60 kapsula - Topmedicus HR<\/title>\n<meta name=\"description\" content=\"HEPATO DETOX za detoksikaciju, zdrava jetra i bolju probavu. U\u010dinkovitost pa\u017eljivo odabranih biljnih ekstrakata predstavljena je u stru\u010dnoj literaturi.\" \/>\n<meta name=\"robots\" content=\"index, follow, max-snippet:-1, max-image-preview:large, max-video-preview:-1\" \/>\n<link rel=\"canonical\" href=\"https:\/\/topmedicus.eu\/hr\/izdelek\/wellness-za-jetru-detoksikaciju-hepato-detox-60-kapsula\/\" \/>\n<meta property=\"og:locale\" content=\"hr_HR\" \/>\n<meta property=\"og:type\" content=\"article\" \/>\n<meta property=\"og:title\" content=\"Wellness za jetru &amp; detoksikaciju \u2013 HEPATO DETOX, 60 kapsula - Topmedicus HR\" \/>\n<meta property=\"og:description\" content=\"HEPATO DETOX za detoksikaciju, zdrava jetra i bolju probavu. U\u010dinkovitost pa\u017eljivo odabranih biljnih ekstrakata predstavljena je u stru\u010dnoj literaturi.\" \/>\n<meta property=\"og:url\" content=\"https:\/\/topmedicus.eu\/hr\/izdelek\/wellness-za-jetru-detoksikaciju-hepato-detox-60-kapsula\/\" \/>\n<meta property=\"og:site_name\" content=\"Topmedicus HR\" \/>\n<meta property=\"article:modified_time\" content=\"2026-02-14T18:28:23+00:00\" \/>\n<meta property=\"og:image\" content=\"https:\/\/topmedicus.eu\/wp-content\/uploads\/2025\/02\/Biocyte-HEPATO-DETOX.jpg\" \/>\n\t<meta property=\"og:image:width\" content=\"521\" \/>\n\t<meta property=\"og:image:height\" content=\"519\" \/>\n\t<meta property=\"og:image:type\" content=\"image\/jpeg\" \/>\n<meta name=\"twitter:card\" content=\"summary_large_image\" \/>\n<meta name=\"twitter:label1\" content=\"Procijenjeno vrijeme \u010ditanja\" \/>\n\t<meta name=\"twitter:data1\" content=\"1 minuta\" \/>\n<script type=\"application\/ld+json\" class=\"yoast-schema-graph\">{\"@context\":\"https:\\\/\\\/schema.org\",\"@graph\":[{\"@type\":\"WebPage\",\"@id\":\"https:\\\/\\\/topmedicus.eu\\\/hr\\\/izdelek\\\/wellness-za-jetru-detoksikaciju-hepato-detox-60-kapsula\\\/\",\"url\":\"https:\\\/\\\/topmedicus.eu\\\/hr\\\/izdelek\\\/wellness-za-jetru-detoksikaciju-hepato-detox-60-kapsula\\\/\",\"name\":\"Wellness za jetru & detoksikaciju \u2013 HEPATO DETOX, 60 kapsula - Topmedicus HR\",\"isPartOf\":{\"@id\":\"https:\\\/\\\/topmedicus.eu\\\/en\\\/#website\"},\"primaryImageOfPage\":{\"@id\":\"https:\\\/\\\/topmedicus.eu\\\/hr\\\/izdelek\\\/wellness-za-jetru-detoksikaciju-hepato-detox-60-kapsula\\\/#primaryimage\"},\"image\":{\"@id\":\"https:\\\/\\\/topmedicus.eu\\\/hr\\\/izdelek\\\/wellness-za-jetru-detoksikaciju-hepato-detox-60-kapsula\\\/#primaryimage\"},\"thumbnailUrl\":\"https:\\\/\\\/topmedicus.eu\\\/wp-content\\\/uploads\\\/2025\\\/02\\\/Biocyte-HEPATO-DETOX.jpg\",\"datePublished\":\"2025-02-12T21:59:30+00:00\",\"dateModified\":\"2026-02-14T18:28:23+00:00\",\"description\":\"HEPATO DETOX za detoksikaciju, zdrava jetra i bolju probavu. U\u010dinkovitost pa\u017eljivo odabranih biljnih ekstrakata predstavljena je u stru\u010dnoj literaturi.\",\"breadcrumb\":{\"@id\":\"https:\\\/\\\/topmedicus.eu\\\/hr\\\/izdelek\\\/wellness-za-jetru-detoksikaciju-hepato-detox-60-kapsula\\\/#breadcrumb\"},\"inLanguage\":\"hr\",\"potentialAction\":[{\"@type\":\"ReadAction\",\"target\":[\"https:\\\/\\\/topmedicus.eu\\\/hr\\\/izdelek\\\/wellness-za-jetru-detoksikaciju-hepato-detox-60-kapsula\\\/\"]}]},{\"@type\":\"ImageObject\",\"inLanguage\":\"hr\",\"@id\":\"https:\\\/\\\/topmedicus.eu\\\/hr\\\/izdelek\\\/wellness-za-jetru-detoksikaciju-hepato-detox-60-kapsula\\\/#primaryimage\",\"url\":\"https:\\\/\\\/topmedicus.eu\\\/wp-content\\\/uploads\\\/2025\\\/02\\\/Biocyte-HEPATO-DETOX.jpg\",\"contentUrl\":\"https:\\\/\\\/topmedicus.eu\\\/wp-content\\\/uploads\\\/2025\\\/02\\\/Biocyte-HEPATO-DETOX.jpg\",\"width\":521,\"height\":519},{\"@type\":\"BreadcrumbList\",\"@id\":\"https:\\\/\\\/topmedicus.eu\\\/hr\\\/izdelek\\\/wellness-za-jetru-detoksikaciju-hepato-detox-60-kapsula\\\/#breadcrumb\",\"itemListElement\":[{\"@type\":\"ListItem\",\"position\":1,\"name\":\"Home\",\"item\":\"https:\\\/\\\/topmedicus.eu\\\/hr\\\/domaca-stranica\\\/\"},{\"@type\":\"ListItem\",\"position\":2,\"name\":\"Shop\",\"item\":\"https:\\\/\\\/topmedicus.eu\\\/shop\\\/\"},{\"@type\":\"ListItem\",\"position\":3,\"name\":\"Wellness za jetru &#038; detoksikaciju \u2013 HEPATO DETOX, 60 kapsula\"}]},{\"@type\":\"WebSite\",\"@id\":\"https:\\\/\\\/topmedicus.eu\\\/en\\\/#website\",\"url\":\"https:\\\/\\\/topmedicus.eu\\\/en\\\/\",\"name\":\"Topmedicus HR\",\"description\":\"Prehranska dopolnila in dermatolo\u0161ka kozmetika\",\"potentialAction\":[{\"@type\":\"SearchAction\",\"target\":{\"@type\":\"EntryPoint\",\"urlTemplate\":\"https:\\\/\\\/topmedicus.eu\\\/en\\\/?s={search_term_string}\"},\"query-input\":{\"@type\":\"PropertyValueSpecification\",\"valueRequired\":true,\"valueName\":\"search_term_string\"}}],\"inLanguage\":\"hr\"}]}<\/script>\n<!-- \/ Yoast SEO plugin. -->","yoast_head_json":{"title":"Wellness za jetru & detoksikaciju \u2013 HEPATO DETOX, 60 kapsula - Topmedicus HR","description":"HEPATO DETOX za detoksikaciju, zdrava jetra i bolju probavu. U\u010dinkovitost pa\u017eljivo odabranih biljnih ekstrakata predstavljena je u stru\u010dnoj literaturi.","robots":{"index":"index","follow":"follow","max-snippet":"max-snippet:-1","max-image-preview":"max-image-preview:large","max-video-preview":"max-video-preview:-1"},"canonical":"https:\/\/topmedicus.eu\/hr\/izdelek\/wellness-za-jetru-detoksikaciju-hepato-detox-60-kapsula\/","og_locale":"hr_HR","og_type":"article","og_title":"Wellness za jetru & detoksikaciju \u2013 HEPATO DETOX, 60 kapsula - Topmedicus HR","og_description":"HEPATO DETOX za detoksikaciju, zdrava jetra i bolju probavu. U\u010dinkovitost pa\u017eljivo odabranih biljnih ekstrakata predstavljena je u stru\u010dnoj literaturi.","og_url":"https:\/\/topmedicus.eu\/hr\/izdelek\/wellness-za-jetru-detoksikaciju-hepato-detox-60-kapsula\/","og_site_name":"Topmedicus HR","article_modified_time":"2026-02-14T18:28:23+00:00","og_image":[{"width":521,"height":519,"url":"https:\/\/topmedicus.eu\/wp-content\/uploads\/2025\/02\/Biocyte-HEPATO-DETOX.jpg","type":"image\/jpeg"}],"twitter_card":"summary_large_image","twitter_misc":{"Procijenjeno vrijeme \u010ditanja":"1 minuta"},"schema":{"@context":"https:\/\/schema.org","@graph":[{"@type":"WebPage","@id":"https:\/\/topmedicus.eu\/hr\/izdelek\/wellness-za-jetru-detoksikaciju-hepato-detox-60-kapsula\/","url":"https:\/\/topmedicus.eu\/hr\/izdelek\/wellness-za-jetru-detoksikaciju-hepato-detox-60-kapsula\/","name":"Wellness za jetru & detoksikaciju \u2013 HEPATO DETOX, 60 kapsula - Topmedicus HR","isPartOf":{"@id":"https:\/\/topmedicus.eu\/en\/#website"},"primaryImageOfPage":{"@id":"https:\/\/topmedicus.eu\/hr\/izdelek\/wellness-za-jetru-detoksikaciju-hepato-detox-60-kapsula\/#primaryimage"},"image":{"@id":"https:\/\/topmedicus.eu\/hr\/izdelek\/wellness-za-jetru-detoksikaciju-hepato-detox-60-kapsula\/#primaryimage"},"thumbnailUrl":"https:\/\/topmedicus.eu\/wp-content\/uploads\/2025\/02\/Biocyte-HEPATO-DETOX.jpg","datePublished":"2025-02-12T21:59:30+00:00","dateModified":"2026-02-14T18:28:23+00:00","description":"HEPATO DETOX za detoksikaciju, zdrava jetra i bolju probavu. U\u010dinkovitost pa\u017eljivo odabranih biljnih ekstrakata predstavljena je u stru\u010dnoj literaturi.","breadcrumb":{"@id":"https:\/\/topmedicus.eu\/hr\/izdelek\/wellness-za-jetru-detoksikaciju-hepato-detox-60-kapsula\/#breadcrumb"},"inLanguage":"hr","potentialAction":[{"@type":"ReadAction","target":["https:\/\/topmedicus.eu\/hr\/izdelek\/wellness-za-jetru-detoksikaciju-hepato-detox-60-kapsula\/"]}]},{"@type":"ImageObject","inLanguage":"hr","@id":"https:\/\/topmedicus.eu\/hr\/izdelek\/wellness-za-jetru-detoksikaciju-hepato-detox-60-kapsula\/#primaryimage","url":"https:\/\/topmedicus.eu\/wp-content\/uploads\/2025\/02\/Biocyte-HEPATO-DETOX.jpg","contentUrl":"https:\/\/topmedicus.eu\/wp-content\/uploads\/2025\/02\/Biocyte-HEPATO-DETOX.jpg","width":521,"height":519},{"@type":"BreadcrumbList","@id":"https:\/\/topmedicus.eu\/hr\/izdelek\/wellness-za-jetru-detoksikaciju-hepato-detox-60-kapsula\/#breadcrumb","itemListElement":[{"@type":"ListItem","position":1,"name":"Home","item":"https:\/\/topmedicus.eu\/hr\/domaca-stranica\/"},{"@type":"ListItem","position":2,"name":"Shop","item":"https:\/\/topmedicus.eu\/shop\/"},{"@type":"ListItem","position":3,"name":"Wellness za jetru &#038; detoksikaciju \u2013 HEPATO DETOX, 60 kapsula"}]},{"@type":"WebSite","@id":"https:\/\/topmedicus.eu\/en\/#website","url":"https:\/\/topmedicus.eu\/en\/","name":"Topmedicus HR","description":"Prehranska dopolnila in dermatolo\u0161ka kozmetika","potentialAction":[{"@type":"SearchAction","target":{"@type":"EntryPoint","urlTemplate":"https:\/\/topmedicus.eu\/en\/?s={search_term_string}"},"query-input":{"@type":"PropertyValueSpecification","valueRequired":true,"valueName":"search_term_string"}}],"inLanguage":"hr"}]}},"jetpack_sharing_enabled":true,"_links":{"self":[{"href":"https:\/\/topmedicus.eu\/hr\/wp-json\/wp\/v2\/product\/13461","targetHints":{"allow":["GET"]}}],"collection":[{"href":"https:\/\/topmedicus.eu\/hr\/wp-json\/wp\/v2\/product"}],"about":[{"href":"https:\/\/topmedicus.eu\/hr\/wp-json\/wp\/v2\/types\/product"}],"replies":[{"embeddable":true,"href":"https:\/\/topmedicus.eu\/hr\/wp-json\/wp\/v2\/comments?post=13461"}],"wp:featuredmedia":[{"embeddable":true,"href":"https:\/\/topmedicus.eu\/hr\/wp-json\/wp\/v2\/media\/13372"}],"wp:attachment":[{"href":"https:\/\/topmedicus.eu\/hr\/wp-json\/wp\/v2\/media?parent=13461"}],"wp:term":[{"taxonomy":"product_brand","embeddable":true,"href":"https:\/\/topmedicus.eu\/hr\/wp-json\/wp\/v2\/product_brand?post=13461"},{"taxonomy":"product_cat","embeddable":true,"href":"https:\/\/topmedicus.eu\/hr\/wp-json\/wp\/v2\/product_cat?post=13461"},{"taxonomy":"product_tag","embeddable":true,"href":"https:\/\/topmedicus.eu\/hr\/wp-json\/wp\/v2\/product_tag?post=13461"},{"taxonomy":"blagovna-znamka","embeddable":true,"href":"https:\/\/topmedicus.eu\/hr\/wp-json\/wp\/v2\/blagovna-znamka?post=13461"}],"curies":[{"name":"wp","href":"https:\/\/api.w.org\/{rel}","templated":true}]}}