{"id":13463,"date":"2025-02-12T21:59:30","date_gmt":"2025-02-12T21:59:30","guid":{"rendered":"https:\/\/topmedicus.eu\/izdelek\/energija-imunitet-liposomalno-zeljezo-fer-14-mg-30-kapsula\/"},"modified":"2025-02-12T21:59:30","modified_gmt":"2025-02-12T21:59:30","slug":"energija-imunitet-liposomalno-zeljezo-fer-14-mg-30-kapsula","status":"publish","type":"product","link":"https:\/\/topmedicus.eu\/hr\/izdelek\/energija-imunitet-liposomalno-zeljezo-fer-14-mg-30-kapsula\/","title":{"rendered":"Energija &#038; imunitet \u2013 LIPOSOMALNO \u017dELJEZO FER 14 mg, 30 kapsula"},"content":{"rendered":"<div class=\"flex flex-col text-sm pb-25\">\n<article class=\"text-token-text-primary w-full focus:outline-none [--shadow-height:45px] has-data-writing-block:pointer-events-none has-data-writing-block:-mt-(--shadow-height) has-data-writing-block:pt-(--shadow-height) [&amp;:has([data-writing-block])&gt;*]:pointer-events-auto scroll-mt-[calc(var(--header-height)+min(200px,max(70px,20svh)))]\" dir=\"auto\" tabindex=\"-1\" data-turn-id=\"request-699015d4-7100-838e-b6f9-3f257241e18c-47\" data-testid=\"conversation-turn-92\" data-scroll-anchor=\"true\" data-turn=\"assistant\">\n<div class=\"text-base my-auto mx-auto pb-10 [--thread-content-margin:--spacing(4)] @w-sm\/main:[--thread-content-margin:--spacing(6)] @w-lg\/main:[--thread-content-margin:--spacing(16)] px-(--thread-content-margin)\">\n<div class=\"[--thread-content-max-width:40rem] @w-lg\/main:[--thread-content-max-width:48rem] mx-auto max-w-(--thread-content-max-width) flex-1 group\/turn-messages focus-visible:outline-hidden relative flex w-full min-w-0 flex-col agent-turn\" tabindex=\"-1\">\n<div class=\"flex max-w-full flex-col grow\">\n<div class=\"min-h-8 text-message relative flex w-full flex-col items-end gap-2 text-start break-words whitespace-normal [.text-message+&amp;]:mt-1\" dir=\"auto\" data-message-author-role=\"assistant\" data-message-id=\"2cc12547-87a6-401d-8ce3-65e8639d37d7\" data-message-model-slug=\"gpt-5-2\">\n<div class=\"flex w-full flex-col gap-1 empty:hidden first:pt-[1px]\">\n<div class=\"markdown prose dark:prose-invert w-full wrap-break-word light markdown-new-styling\">\n<p data-start=\"0\" data-end=\"542\"><strong data-start=\"0\" data-end=\"29\">LIPOSOMALNO \u017dELJEZO 14 mg<\/strong> vrhunskog francuskog proizvo\u0111a\u010da <strong data-start=\"63\" data-end=\"74\">Biocyte<\/strong> dodatak je prehrani osmi\u0161ljen za podr\u0161ku energiji i imunolo\u0161kom sustavu. Ova jedinstvena formula kombinira mikroinkapsulirano \u017eeljezo, vitamin C i vitamin B12, \u010dime se osigurava sinergijsko djelovanje aktivnih sastojaka za optimalnu u\u010dinkovitost. \u017deljezo doprinosi normalnom stvaranju crvenih krvnih stanica i hemoglobina, koji su nu\u017eni za prijenos kisika u organizmu. Vitamin C pobolj\u0161ava apsorpciju \u017eeljeza, dok vitamin B12 podr\u017eava normalan energetski metabolizam.<\/p>\n<p data-start=\"544\" data-end=\"874\">Mikroinkapsulirano \u017eeljezo kori\u0161teno u ovom dodatku prehrani posebno je formulirano za pobolj\u0161anu bioraspolo\u017eivost. Na taj se na\u010din smanjuje probavna nelagoda koja je \u010desto povezana s unosom \u017eeljeza. Ova inovativna tehnologija omogu\u0107uje kontrolirano osloba\u0111anje aktivnih sastojaka, \u010dime se posti\u017ee njihova maksimalna u\u010dinkovitost.<\/p>\n<p data-start=\"876\" data-end=\"1100\"><strong data-start=\"876\" data-end=\"905\">LIPOSOMALNO \u017dELJEZO 14 mg<\/strong> idealno je za osobe koje \u017eele smanjiti umor i oja\u010dati imunolo\u0161ku obranu. Formula je prikladna i za vegetarijance i vegane te predstavlja cjelovito rje\u0161enje za razli\u010dite prehrambene preferencije.<\/p>\n<p data-start=\"1107\" data-end=\"1172\"><strong>Nutritivna vrijednost za preporu\u010denu dnevnu dozu (1 kapsula):<\/strong><\/p>\n<ul>\n<li data-start=\"1174\" data-end=\"1284\">\u017deljezo \u2026\u2026\u2026\u2026\u2026\u2026\u2026 14 mg \/ 100 % PU*<\/li>\n<li data-start=\"1174\" data-end=\"1284\">Vitamin C \u2026\u2026\u2026\u2026\u2026\u2026 80 mg \/ 100 % PU*<\/li>\n<li data-start=\"1174\" data-end=\"1284\">Vitamin B12 \u2026\u2026\u2026\u2026 1,25 \u00b5g \/ 50 % PU*<\/li>\n<\/ul>\n<p data-start=\"1286\" data-end=\"1316\">*PU = preporu\u010deni dnevni unos<\/p>\n<h4 data-start=\"1323\" data-end=\"1334\">\u017deljezo<\/h4>\n<p data-start=\"1336\" data-end=\"1721\">\u017deljezo je esencijalni element u tragovima koji sudjeluje u brojnim biolo\u0161kim procesima. Ima klju\u010dnu ulogu u prijenosu kisika kroz organizam i doprinosi stvaranju stani\u010dne energije. Prirodno je prisutno u hrani, a apsorbira se putem precizno reguliranih mehanizama. Odr\u017eavanje odgovaraju\u0107e razine \u017eeljeza va\u017eno je za podr\u0161ku vitalnim funkcijama, osobito u metaboli\u010dki aktivnim tkivima.<\/p>\n<h4 data-start=\"1723\" data-end=\"1736\">Vitamin C<\/h4>\n<p data-start=\"1738\" data-end=\"2180\">Vitamin C, klju\u010dan za op\u0107e zdravlje, sudjeluje u brojnim biolo\u0161kim procesima. Doprinosi za\u0161titi stanica od oksidativnog stresa, podr\u017eava sintezu va\u017enih strukturnih proteina i sudjeluje u proizvodnji energije. Budu\u0107i da je topiv u vodi, lako cirkulira organizmom, ali se ne mo\u017ee skladi\u0161titi, pa je za odr\u017eavanje njegovih funkcija potreban redovit unos. Tako\u0111er sudjeluje u regulaciji brojnih enzimskih reakcija va\u017enih za metaboli\u010dku ravnote\u017eu.<\/p>\n<p data-start=\"2182\" data-end=\"2205\"><em>Neto te\u017eina: 14,5 g<\/em><\/p>\n<p data-start=\"2207\" data-end=\"2241\" data-is-last-node=\"\" data-is-only-node=\"\"><em>Proizvo\u0111a\u010d: Biocyte, Francuska<\/em><\/p>\n<\/div>\n<\/div>\n<\/div>\n<\/div>\n<\/div>\n<\/div>\n<\/article>\n<\/div>\n","protected":false},"excerpt":{"rendered":"<h4 data-start=\"0\" data-end=\"23\"><strong data-start=\"0\" data-end=\"23\">ENERGIJA &amp; IMUNITET<\/strong><\/h4>\n<p data-start=\"25\" data-end=\"109\"><strong data-start=\"25\" data-end=\"54\">LIPOSOMALNO \u017dELJEZO 14 mg<\/strong> dodatak je prehrani sa \u017eeljezom te vitaminima C i B12.<\/p>\n<p data-start=\"111\" data-end=\"234\">Pobolj\u0161ava energiju i imunitet zahvaljuju\u0107i inovativnoj kombinaciji mikroinkapsuliranog \u017eeljeza, vitamina C i vitamina B12.<\/p>\n<ul>\n<li data-start=\"236\" data-end=\"459\"><strong>Mikroinkapsulirano \u017eeljezo<\/strong> za pobolj\u0161anu bioraspolo\u017eivost.<\/li>\n<li data-start=\"236\" data-end=\"459\">Doprinosi normalnom stvaranju <strong>crvenih krvnih stanica i hemoglobina<\/strong> te podr\u017eava normalno funkcioniranje imunolo\u0161kog sustava.<\/li>\n<li data-start=\"236\" data-end=\"459\">Prikladno za vegetarijance i vegane.<\/li>\n<\/ul>\n","protected":false},"featured_media":13464,"comment_status":"closed","ping_status":"closed","template":"","meta":{"_acf_changed":false},"product_brand":[1002],"product_cat":[670,1143],"product_tag":[],"blagovna-znamka":[],"class_list":{"0":"post-13463","1":"product","2":"type-product","3":"status-publish","4":"has-post-thumbnail","6":"product_brand-biocyte-hr","7":"product_cat-energija-i-sport","8":"product_cat-umor-i-iscrpljenost","10":"first","11":"outofstock","12":"taxable","13":"shipping-taxable","14":"purchasable","15":"product-type-simple"},"acf":[],"yoast_head":"<!-- This site is optimized with the Yoast SEO plugin v27.4 - https:\/\/yoast.com\/product\/yoast-seo-wordpress\/ -->\n<title>Energija &amp; imunitet \u2013 LIPOSOMALNO \u017dELJEZO FER 14 mg, 30 kapsula - Topmedicus HR<\/title>\n<meta name=\"description\" content=\"Odmorite se od umora i iscrpljenosti. Za vi\u0161e energije koristite dodatak prehrani Liposomalno \u017eeljezo Fer 14 mg, koji sadr\u017ei i vitamine C i B12.\" \/>\n<meta name=\"robots\" content=\"index, follow, max-snippet:-1, max-image-preview:large, max-video-preview:-1\" \/>\n<link rel=\"canonical\" href=\"https:\/\/topmedicus.eu\/hr\/izdelek\/energija-imunitet-liposomalno-zeljezo-fer-14-mg-30-kapsula\/\" \/>\n<meta property=\"og:locale\" content=\"hr_HR\" \/>\n<meta property=\"og:type\" content=\"article\" \/>\n<meta property=\"og:title\" content=\"Energija &amp; imunitet \u2013 LIPOSOMALNO \u017dELJEZO FER 14 mg, 30 kapsula - Topmedicus HR\" \/>\n<meta property=\"og:description\" content=\"Odmorite se od umora i iscrpljenosti. Za vi\u0161e energije koristite dodatak prehrani Liposomalno \u017eeljezo Fer 14 mg, koji sadr\u017ei i vitamine C i B12.\" \/>\n<meta property=\"og:url\" content=\"https:\/\/topmedicus.eu\/hr\/izdelek\/energija-imunitet-liposomalno-zeljezo-fer-14-mg-30-kapsula\/\" \/>\n<meta property=\"og:site_name\" content=\"Topmedicus HR\" \/>\n<meta property=\"og:image\" content=\"https:\/\/topmedicus.eu\/wp-content\/uploads\/2025\/02\/Liposomsko-zelezo-FER-14-mg.jpg\" \/>\n\t<meta property=\"og:image:width\" content=\"600\" \/>\n\t<meta property=\"og:image:height\" content=\"600\" \/>\n\t<meta property=\"og:image:type\" content=\"image\/jpeg\" \/>\n<meta name=\"twitter:card\" content=\"summary_large_image\" \/>\n<meta name=\"twitter:label1\" content=\"Procijenjeno vrijeme \u010ditanja\" \/>\n\t<meta name=\"twitter:data1\" content=\"2 minute\" \/>\n<script type=\"application\/ld+json\" class=\"yoast-schema-graph\">{\"@context\":\"https:\\\/\\\/schema.org\",\"@graph\":[{\"@type\":\"WebPage\",\"@id\":\"https:\\\/\\\/topmedicus.eu\\\/hr\\\/izdelek\\\/energija-imunitet-liposomalno-zeljezo-fer-14-mg-30-kapsula\\\/\",\"url\":\"https:\\\/\\\/topmedicus.eu\\\/hr\\\/izdelek\\\/energija-imunitet-liposomalno-zeljezo-fer-14-mg-30-kapsula\\\/\",\"name\":\"Energija & imunitet \u2013 LIPOSOMALNO \u017dELJEZO FER 14 mg, 30 kapsula - Topmedicus HR\",\"isPartOf\":{\"@id\":\"https:\\\/\\\/topmedicus.eu\\\/en\\\/#website\"},\"primaryImageOfPage\":{\"@id\":\"https:\\\/\\\/topmedicus.eu\\\/hr\\\/izdelek\\\/energija-imunitet-liposomalno-zeljezo-fer-14-mg-30-kapsula\\\/#primaryimage\"},\"image\":{\"@id\":\"https:\\\/\\\/topmedicus.eu\\\/hr\\\/izdelek\\\/energija-imunitet-liposomalno-zeljezo-fer-14-mg-30-kapsula\\\/#primaryimage\"},\"thumbnailUrl\":\"https:\\\/\\\/topmedicus.eu\\\/wp-content\\\/uploads\\\/2025\\\/02\\\/Liposomsko-zelezo-FER-14-mg.jpg\",\"datePublished\":\"2025-02-12T21:59:30+00:00\",\"description\":\"Odmorite se od umora i iscrpljenosti. Za vi\u0161e energije koristite dodatak prehrani Liposomalno \u017eeljezo Fer 14 mg, koji sadr\u017ei i vitamine C i B12.\",\"breadcrumb\":{\"@id\":\"https:\\\/\\\/topmedicus.eu\\\/hr\\\/izdelek\\\/energija-imunitet-liposomalno-zeljezo-fer-14-mg-30-kapsula\\\/#breadcrumb\"},\"inLanguage\":\"hr\",\"potentialAction\":[{\"@type\":\"ReadAction\",\"target\":[\"https:\\\/\\\/topmedicus.eu\\\/hr\\\/izdelek\\\/energija-imunitet-liposomalno-zeljezo-fer-14-mg-30-kapsula\\\/\"]}]},{\"@type\":\"ImageObject\",\"inLanguage\":\"hr\",\"@id\":\"https:\\\/\\\/topmedicus.eu\\\/hr\\\/izdelek\\\/energija-imunitet-liposomalno-zeljezo-fer-14-mg-30-kapsula\\\/#primaryimage\",\"url\":\"https:\\\/\\\/topmedicus.eu\\\/wp-content\\\/uploads\\\/2025\\\/02\\\/Liposomsko-zelezo-FER-14-mg.jpg\",\"contentUrl\":\"https:\\\/\\\/topmedicus.eu\\\/wp-content\\\/uploads\\\/2025\\\/02\\\/Liposomsko-zelezo-FER-14-mg.jpg\",\"width\":600,\"height\":600},{\"@type\":\"BreadcrumbList\",\"@id\":\"https:\\\/\\\/topmedicus.eu\\\/hr\\\/izdelek\\\/energija-imunitet-liposomalno-zeljezo-fer-14-mg-30-kapsula\\\/#breadcrumb\",\"itemListElement\":[{\"@type\":\"ListItem\",\"position\":1,\"name\":\"Home\",\"item\":\"https:\\\/\\\/topmedicus.eu\\\/hr\\\/domaca-stranica\\\/\"},{\"@type\":\"ListItem\",\"position\":2,\"name\":\"Shop\",\"item\":\"https:\\\/\\\/topmedicus.eu\\\/shop\\\/\"},{\"@type\":\"ListItem\",\"position\":3,\"name\":\"Energija &#038; imunitet \u2013 LIPOSOMALNO \u017dELJEZO FER 14 mg, 30 kapsula\"}]},{\"@type\":\"WebSite\",\"@id\":\"https:\\\/\\\/topmedicus.eu\\\/en\\\/#website\",\"url\":\"https:\\\/\\\/topmedicus.eu\\\/en\\\/\",\"name\":\"Topmedicus HR\",\"description\":\"Prehranska dopolnila in dermatolo\u0161ka kozmetika\",\"potentialAction\":[{\"@type\":\"SearchAction\",\"target\":{\"@type\":\"EntryPoint\",\"urlTemplate\":\"https:\\\/\\\/topmedicus.eu\\\/en\\\/?s={search_term_string}\"},\"query-input\":{\"@type\":\"PropertyValueSpecification\",\"valueRequired\":true,\"valueName\":\"search_term_string\"}}],\"inLanguage\":\"hr\"}]}<\/script>\n<!-- \/ Yoast SEO plugin. -->","yoast_head_json":{"title":"Energija & imunitet \u2013 LIPOSOMALNO \u017dELJEZO FER 14 mg, 30 kapsula - Topmedicus HR","description":"Odmorite se od umora i iscrpljenosti. Za vi\u0161e energije koristite dodatak prehrani Liposomalno \u017eeljezo Fer 14 mg, koji sadr\u017ei i vitamine C i B12.","robots":{"index":"index","follow":"follow","max-snippet":"max-snippet:-1","max-image-preview":"max-image-preview:large","max-video-preview":"max-video-preview:-1"},"canonical":"https:\/\/topmedicus.eu\/hr\/izdelek\/energija-imunitet-liposomalno-zeljezo-fer-14-mg-30-kapsula\/","og_locale":"hr_HR","og_type":"article","og_title":"Energija & imunitet \u2013 LIPOSOMALNO \u017dELJEZO FER 14 mg, 30 kapsula - Topmedicus HR","og_description":"Odmorite se od umora i iscrpljenosti. Za vi\u0161e energije koristite dodatak prehrani Liposomalno \u017eeljezo Fer 14 mg, koji sadr\u017ei i vitamine C i B12.","og_url":"https:\/\/topmedicus.eu\/hr\/izdelek\/energija-imunitet-liposomalno-zeljezo-fer-14-mg-30-kapsula\/","og_site_name":"Topmedicus HR","og_image":[{"width":600,"height":600,"url":"https:\/\/topmedicus.eu\/wp-content\/uploads\/2025\/02\/Liposomsko-zelezo-FER-14-mg.jpg","type":"image\/jpeg"}],"twitter_card":"summary_large_image","twitter_misc":{"Procijenjeno vrijeme \u010ditanja":"2 minute"},"schema":{"@context":"https:\/\/schema.org","@graph":[{"@type":"WebPage","@id":"https:\/\/topmedicus.eu\/hr\/izdelek\/energija-imunitet-liposomalno-zeljezo-fer-14-mg-30-kapsula\/","url":"https:\/\/topmedicus.eu\/hr\/izdelek\/energija-imunitet-liposomalno-zeljezo-fer-14-mg-30-kapsula\/","name":"Energija & imunitet \u2013 LIPOSOMALNO \u017dELJEZO FER 14 mg, 30 kapsula - Topmedicus HR","isPartOf":{"@id":"https:\/\/topmedicus.eu\/en\/#website"},"primaryImageOfPage":{"@id":"https:\/\/topmedicus.eu\/hr\/izdelek\/energija-imunitet-liposomalno-zeljezo-fer-14-mg-30-kapsula\/#primaryimage"},"image":{"@id":"https:\/\/topmedicus.eu\/hr\/izdelek\/energija-imunitet-liposomalno-zeljezo-fer-14-mg-30-kapsula\/#primaryimage"},"thumbnailUrl":"https:\/\/topmedicus.eu\/wp-content\/uploads\/2025\/02\/Liposomsko-zelezo-FER-14-mg.jpg","datePublished":"2025-02-12T21:59:30+00:00","description":"Odmorite se od umora i iscrpljenosti. Za vi\u0161e energije koristite dodatak prehrani Liposomalno \u017eeljezo Fer 14 mg, koji sadr\u017ei i vitamine C i B12.","breadcrumb":{"@id":"https:\/\/topmedicus.eu\/hr\/izdelek\/energija-imunitet-liposomalno-zeljezo-fer-14-mg-30-kapsula\/#breadcrumb"},"inLanguage":"hr","potentialAction":[{"@type":"ReadAction","target":["https:\/\/topmedicus.eu\/hr\/izdelek\/energija-imunitet-liposomalno-zeljezo-fer-14-mg-30-kapsula\/"]}]},{"@type":"ImageObject","inLanguage":"hr","@id":"https:\/\/topmedicus.eu\/hr\/izdelek\/energija-imunitet-liposomalno-zeljezo-fer-14-mg-30-kapsula\/#primaryimage","url":"https:\/\/topmedicus.eu\/wp-content\/uploads\/2025\/02\/Liposomsko-zelezo-FER-14-mg.jpg","contentUrl":"https:\/\/topmedicus.eu\/wp-content\/uploads\/2025\/02\/Liposomsko-zelezo-FER-14-mg.jpg","width":600,"height":600},{"@type":"BreadcrumbList","@id":"https:\/\/topmedicus.eu\/hr\/izdelek\/energija-imunitet-liposomalno-zeljezo-fer-14-mg-30-kapsula\/#breadcrumb","itemListElement":[{"@type":"ListItem","position":1,"name":"Home","item":"https:\/\/topmedicus.eu\/hr\/domaca-stranica\/"},{"@type":"ListItem","position":2,"name":"Shop","item":"https:\/\/topmedicus.eu\/shop\/"},{"@type":"ListItem","position":3,"name":"Energija &#038; imunitet \u2013 LIPOSOMALNO \u017dELJEZO FER 14 mg, 30 kapsula"}]},{"@type":"WebSite","@id":"https:\/\/topmedicus.eu\/en\/#website","url":"https:\/\/topmedicus.eu\/en\/","name":"Topmedicus HR","description":"Prehranska dopolnila in dermatolo\u0161ka kozmetika","potentialAction":[{"@type":"SearchAction","target":{"@type":"EntryPoint","urlTemplate":"https:\/\/topmedicus.eu\/en\/?s={search_term_string}"},"query-input":{"@type":"PropertyValueSpecification","valueRequired":true,"valueName":"search_term_string"}}],"inLanguage":"hr"}]}},"jetpack_sharing_enabled":true,"_links":{"self":[{"href":"https:\/\/topmedicus.eu\/hr\/wp-json\/wp\/v2\/product\/13463","targetHints":{"allow":["GET"]}}],"collection":[{"href":"https:\/\/topmedicus.eu\/hr\/wp-json\/wp\/v2\/product"}],"about":[{"href":"https:\/\/topmedicus.eu\/hr\/wp-json\/wp\/v2\/types\/product"}],"replies":[{"embeddable":true,"href":"https:\/\/topmedicus.eu\/hr\/wp-json\/wp\/v2\/comments?post=13463"}],"wp:featuredmedia":[{"embeddable":true,"href":"https:\/\/topmedicus.eu\/hr\/wp-json\/wp\/v2\/media\/13464"}],"wp:attachment":[{"href":"https:\/\/topmedicus.eu\/hr\/wp-json\/wp\/v2\/media?parent=13463"}],"wp:term":[{"taxonomy":"product_brand","embeddable":true,"href":"https:\/\/topmedicus.eu\/hr\/wp-json\/wp\/v2\/product_brand?post=13463"},{"taxonomy":"product_cat","embeddable":true,"href":"https:\/\/topmedicus.eu\/hr\/wp-json\/wp\/v2\/product_cat?post=13463"},{"taxonomy":"product_tag","embeddable":true,"href":"https:\/\/topmedicus.eu\/hr\/wp-json\/wp\/v2\/product_tag?post=13463"},{"taxonomy":"blagovna-znamka","embeddable":true,"href":"https:\/\/topmedicus.eu\/hr\/wp-json\/wp\/v2\/blagovna-znamka?post=13463"}],"curies":[{"name":"wp","href":"https:\/\/api.w.org\/{rel}","templated":true}]}}