{"id":13469,"date":"2025-02-12T21:59:29","date_gmt":"2025-02-12T21:59:29","guid":{"rendered":"https:\/\/topmedicus.eu\/izdelek\/za-zglobove-liposomalni-kurkumin-forte-30-kapsula\/"},"modified":"2026-02-14T18:28:54","modified_gmt":"2026-02-14T18:28:54","slug":"za-zglobove-liposomalni-kurkumin-forte-30-kapsula","status":"publish","type":"product","link":"https:\/\/topmedicus.eu\/hr\/izdelek\/za-zglobove-liposomalni-kurkumin-forte-30-kapsula\/","title":{"rendered":"Za zglobove LIPOSOMALNI KURKUMIN FORTE, 30 kapsula"},"content":{"rendered":"<p data-start=\"0\" data-end=\"496\"><strong data-start=\"0\" data-end=\"30\">LIPOSOMALNI KURKUMIN FORTE<\/strong> formuliran je za pravilno funkcioniranje i zdravlje zglobova. Kombinira mikroinkapsulirani ekstrakt kurkume s esencijalnim vitaminima. Kurkuma je poznata po svojim blagotvornim u\u010dincima na zglobove i imunolo\u0161ki sustav. U ovom dodatku prehrani optimizirana je tehnologijom mikroinkapsulacije, koja osigurava visoku dozu kurkuminoida. Ova inovacija omogu\u0107uje bolju apsorpciju i ve\u0107u u\u010dinkovitost u ubla\u017eavanju tegoba u zglobovima u mirovanju i ujutro nakon ustajanja.<\/p>\n<p data-start=\"498\" data-end=\"665\">Formula je oboga\u0107ena vitaminima C i E. Ovaj dodatak prehrani doprinosi za\u0161titi stanica od oksidativnog stresa te poti\u010de stvaranje kolagena, nu\u017enog za zdravu hrskavicu.<\/p>\n<p data-start=\"667\" data-end=\"794\">Sinergija ovih aktivnih sastojaka pru\u017ea holisti\u010dku podr\u0161ku zglobovima, uzimaju\u0107i u obzir prirodne fiziolo\u0161ke potrebe organizma.<\/p>\n<p data-start=\"796\" data-end=\"952\"><strong data-start=\"796\" data-end=\"826\">LIPOSOMALNI KURKUMIN FORTE<\/strong> isti\u010de se formulacijom namijenjenom odraslim osobama koje tra\u017ee prirodan i u\u010dinkovit na\u010din za pobolj\u0161anje udobnosti zglobova.<\/p>\n<p data-start=\"959\" data-end=\"1024\"><strong>Nutritivna vrijednost za preporu\u010denu dnevnu dozu (1 kapsula):<\/strong><\/p>\n<ul>\n<li data-start=\"1026\" data-end=\"1091\">Ekstrakt kurkume \u2026\u2026\u2026\u2026\u2026.. 300 mg<br data-start=\"1057\" data-end=\"1060\" \/>\u2003od \u010dega kurkumin \u2026\u2026\u2026\u2026 123 mg<\/li>\n<li data-start=\"1093\" data-end=\"1176\">Vitamin E \u2026\u2026\u2026\u2026\u2026\u2026\u2026\u2026\u2026\u2026.. 12 mg \/ 100 % PU*<\/li>\n<li data-start=\"1093\" data-end=\"1176\">Vitamin C \u2026\u2026\u2026\u2026\u2026\u2026\u2026\u2026\u2026\u2026. 40 mg \/ 50 % PU*<\/li>\n<\/ul>\n<p data-start=\"1178\" data-end=\"1208\">*PU = preporu\u010deni dnevni unos<\/p>\n<h4 data-start=\"1215\" data-end=\"1226\">Kurkuma<\/h4>\n<p data-start=\"1228\" data-end=\"1697\">Kurkuma djeluje na vi\u0161e biolo\u0161kih razina zahvaljuju\u0107i raznolikosti svojih aktivnih spojeva, posebno kurkuminoida. Poznati su po sposobnosti moduliranja stani\u010dnih signalnih puteva, osobito onih uklju\u010denih u oksidativne procese. Kurkuma poma\u017ee smanjiti utjecaj oksidativnog stresa neutralizacijom slobodnih radikala te regulira aktivnost odre\u0111enih stani\u010dnih medijatora. Zbog tih svojstava biljka je predmet brojnih istra\u017eivanja usmjerenih na o\u010duvanje tjelesne homeostaze.<\/p>\n<h4 data-start=\"1699\" data-end=\"1712\">Vitamin C<\/h4>\n<p data-start=\"1714\" data-end=\"2156\">Vitamin C, klju\u010dan za op\u0107e zdravlje, sudjeluje u brojnim biolo\u0161kim procesima. Doprinosi za\u0161titi stanica od oksidativnog stresa, podr\u017eava sintezu va\u017enih strukturnih proteina i sudjeluje u proizvodnji energije. Budu\u0107i da je topiv u vodi, lako cirkulira organizmom, ali se ne mo\u017ee skladi\u0161titi, pa je za odr\u017eavanje njegovih funkcija potreban redovit unos. Tako\u0111er sudjeluje u regulaciji brojnih enzimskih reakcija va\u017enih za metaboli\u010dku ravnote\u017eu.<\/p>\n<p data-start=\"2158\" data-end=\"2179\"><em>Neto te\u017eina: 17 g<\/em><\/p>\n<p data-start=\"2181\" data-end=\"2227\" data-is-last-node=\"\" data-is-only-node=\"\"><em>Proizvo\u0111a\u010d: Laboratoire Biocyte, Francuska<\/em><\/p>\n","protected":false},"excerpt":{"rendered":"<h4 data-start=\"0\" data-end=\"31\"><strong data-start=\"0\" data-end=\"31\">TEGOBE SA ZGLOBOVIMA, UPALA<\/strong><\/h4>\n<p data-start=\"33\" data-end=\"137\"><strong data-start=\"33\" data-end=\"63\">LIPOSOMALNI KURKUMIN FORTE<\/strong> dodatak je prehrani s mikroinkapsuliranim kurkuminom te vitaminima C i E.<\/p>\n<p data-start=\"139\" data-end=\"244\">Brine o zglobovima zahvaljuju\u0107i inovativnoj formuli s liposomalnom kurkumom, oboga\u0107enoj vitaminima C i E.<\/p>\n<ul>\n<li data-start=\"246\" data-end=\"505\"><strong>Visoka bioraspolo\u017eivost<\/strong> i optimalna apsorpcija <strong>zahvaljuju\u0107i mikroinkapsuliranom obliku.<\/strong><\/li>\n<li data-start=\"246\" data-end=\"505\"><strong>Visoka doza kurkuminoida<\/strong> \u2013 aktivne tvari korisne za zglobove.<\/li>\n<li data-start=\"246\" data-end=\"505\">Formula oboga\u0107ena vitaminima C i E \u2013 za <strong>optimalno stvaranje kolagena<\/strong> i normalno funkcioniranje <strong>hrskavice<\/strong>.<\/li>\n<\/ul>\n","protected":false},"featured_media":13380,"comment_status":"closed","ping_status":"closed","template":"","meta":{"_acf_changed":false},"product_brand":[1002],"product_cat":[1696],"product_tag":[],"blagovna-znamka":[],"class_list":{"0":"post-13469","1":"product","2":"type-product","3":"status-publish","4":"has-post-thumbnail","6":"product_brand-biocyte-hr","7":"product_cat-ostali-izdelki-hr","9":"first","10":"instock","11":"taxable","12":"shipping-taxable","13":"purchasable","14":"product-type-simple"},"acf":[],"yoast_head":"<!-- This site is optimized with the Yoast SEO plugin v27.4 - https:\/\/yoast.com\/product\/yoast-seo-wordpress\/ -->\n<title>Za zglobove LIPOSOMALNI KURKUMIN FORTE, 30 kapsula - Topmedicus HR<\/title>\n<meta name=\"description\" content=\"Kod tegoba sa zglobovima u mirovanju i ujutro nakon ustajanja mo\u017ee pomo\u0107i LIPOSOMALNI KURKUMIN FORTE. Predstavlja holisti\u010dku podr\u0161ku zglobovima koja uzima u obzir fiziolo\u0161ke potrebe organizma.\" \/>\n<meta name=\"robots\" content=\"index, follow, max-snippet:-1, max-image-preview:large, max-video-preview:-1\" \/>\n<link rel=\"canonical\" href=\"https:\/\/topmedicus.eu\/hr\/izdelek\/za-zglobove-liposomalni-kurkumin-forte-30-kapsula\/\" \/>\n<meta property=\"og:locale\" content=\"hr_HR\" \/>\n<meta property=\"og:type\" content=\"article\" \/>\n<meta property=\"og:title\" content=\"Za zglobove LIPOSOMALNI KURKUMIN FORTE, 30 kapsula - Topmedicus HR\" \/>\n<meta property=\"og:description\" content=\"Kod tegoba sa zglobovima u mirovanju i ujutro nakon ustajanja mo\u017ee pomo\u0107i LIPOSOMALNI KURKUMIN FORTE. Predstavlja holisti\u010dku podr\u0161ku zglobovima koja uzima u obzir fiziolo\u0161ke potrebe organizma.\" \/>\n<meta property=\"og:url\" content=\"https:\/\/topmedicus.eu\/hr\/izdelek\/za-zglobove-liposomalni-kurkumin-forte-30-kapsula\/\" \/>\n<meta property=\"og:site_name\" content=\"Topmedicus HR\" \/>\n<meta property=\"article:modified_time\" content=\"2026-02-14T18:28:54+00:00\" \/>\n<meta property=\"og:image\" content=\"https:\/\/topmedicus.eu\/wp-content\/uploads\/2025\/02\/Biocyte-LIPOSOMSKI-KURKUMIN-FORTE.jpg\" \/>\n\t<meta property=\"og:image:width\" content=\"600\" \/>\n\t<meta property=\"og:image:height\" content=\"600\" \/>\n\t<meta property=\"og:image:type\" content=\"image\/jpeg\" \/>\n<meta name=\"twitter:card\" content=\"summary_large_image\" \/>\n<meta name=\"twitter:label1\" content=\"Procijenjeno vrijeme \u010ditanja\" \/>\n\t<meta name=\"twitter:data1\" content=\"2 minute\" \/>\n<script type=\"application\/ld+json\" class=\"yoast-schema-graph\">{\"@context\":\"https:\\\/\\\/schema.org\",\"@graph\":[{\"@type\":\"WebPage\",\"@id\":\"https:\\\/\\\/topmedicus.eu\\\/hr\\\/izdelek\\\/za-zglobove-liposomalni-kurkumin-forte-30-kapsula\\\/\",\"url\":\"https:\\\/\\\/topmedicus.eu\\\/hr\\\/izdelek\\\/za-zglobove-liposomalni-kurkumin-forte-30-kapsula\\\/\",\"name\":\"Za zglobove LIPOSOMALNI KURKUMIN FORTE, 30 kapsula - Topmedicus HR\",\"isPartOf\":{\"@id\":\"https:\\\/\\\/topmedicus.eu\\\/en\\\/#website\"},\"primaryImageOfPage\":{\"@id\":\"https:\\\/\\\/topmedicus.eu\\\/hr\\\/izdelek\\\/za-zglobove-liposomalni-kurkumin-forte-30-kapsula\\\/#primaryimage\"},\"image\":{\"@id\":\"https:\\\/\\\/topmedicus.eu\\\/hr\\\/izdelek\\\/za-zglobove-liposomalni-kurkumin-forte-30-kapsula\\\/#primaryimage\"},\"thumbnailUrl\":\"https:\\\/\\\/topmedicus.eu\\\/wp-content\\\/uploads\\\/2025\\\/02\\\/Biocyte-LIPOSOMSKI-KURKUMIN-FORTE.jpg\",\"datePublished\":\"2025-02-12T21:59:29+00:00\",\"dateModified\":\"2026-02-14T18:28:54+00:00\",\"description\":\"Kod tegoba sa zglobovima u mirovanju i ujutro nakon ustajanja mo\u017ee pomo\u0107i LIPOSOMALNI KURKUMIN FORTE. Predstavlja holisti\u010dku podr\u0161ku zglobovima koja uzima u obzir fiziolo\u0161ke potrebe organizma.\",\"breadcrumb\":{\"@id\":\"https:\\\/\\\/topmedicus.eu\\\/hr\\\/izdelek\\\/za-zglobove-liposomalni-kurkumin-forte-30-kapsula\\\/#breadcrumb\"},\"inLanguage\":\"hr\",\"potentialAction\":[{\"@type\":\"ReadAction\",\"target\":[\"https:\\\/\\\/topmedicus.eu\\\/hr\\\/izdelek\\\/za-zglobove-liposomalni-kurkumin-forte-30-kapsula\\\/\"]}]},{\"@type\":\"ImageObject\",\"inLanguage\":\"hr\",\"@id\":\"https:\\\/\\\/topmedicus.eu\\\/hr\\\/izdelek\\\/za-zglobove-liposomalni-kurkumin-forte-30-kapsula\\\/#primaryimage\",\"url\":\"https:\\\/\\\/topmedicus.eu\\\/wp-content\\\/uploads\\\/2025\\\/02\\\/Biocyte-LIPOSOMSKI-KURKUMIN-FORTE.jpg\",\"contentUrl\":\"https:\\\/\\\/topmedicus.eu\\\/wp-content\\\/uploads\\\/2025\\\/02\\\/Biocyte-LIPOSOMSKI-KURKUMIN-FORTE.jpg\",\"width\":600,\"height\":600},{\"@type\":\"BreadcrumbList\",\"@id\":\"https:\\\/\\\/topmedicus.eu\\\/hr\\\/izdelek\\\/za-zglobove-liposomalni-kurkumin-forte-30-kapsula\\\/#breadcrumb\",\"itemListElement\":[{\"@type\":\"ListItem\",\"position\":1,\"name\":\"Home\",\"item\":\"https:\\\/\\\/topmedicus.eu\\\/hr\\\/domaca-stranica\\\/\"},{\"@type\":\"ListItem\",\"position\":2,\"name\":\"Shop\",\"item\":\"https:\\\/\\\/topmedicus.eu\\\/shop\\\/\"},{\"@type\":\"ListItem\",\"position\":3,\"name\":\"Za zglobove LIPOSOMALNI KURKUMIN FORTE, 30 kapsula\"}]},{\"@type\":\"WebSite\",\"@id\":\"https:\\\/\\\/topmedicus.eu\\\/en\\\/#website\",\"url\":\"https:\\\/\\\/topmedicus.eu\\\/en\\\/\",\"name\":\"Topmedicus HR\",\"description\":\"Prehranska dopolnila in dermatolo\u0161ka kozmetika\",\"potentialAction\":[{\"@type\":\"SearchAction\",\"target\":{\"@type\":\"EntryPoint\",\"urlTemplate\":\"https:\\\/\\\/topmedicus.eu\\\/en\\\/?s={search_term_string}\"},\"query-input\":{\"@type\":\"PropertyValueSpecification\",\"valueRequired\":true,\"valueName\":\"search_term_string\"}}],\"inLanguage\":\"hr\"}]}<\/script>\n<!-- \/ Yoast SEO plugin. -->","yoast_head_json":{"title":"Za zglobove LIPOSOMALNI KURKUMIN FORTE, 30 kapsula - Topmedicus HR","description":"Kod tegoba sa zglobovima u mirovanju i ujutro nakon ustajanja mo\u017ee pomo\u0107i LIPOSOMALNI KURKUMIN FORTE. Predstavlja holisti\u010dku podr\u0161ku zglobovima koja uzima u obzir fiziolo\u0161ke potrebe organizma.","robots":{"index":"index","follow":"follow","max-snippet":"max-snippet:-1","max-image-preview":"max-image-preview:large","max-video-preview":"max-video-preview:-1"},"canonical":"https:\/\/topmedicus.eu\/hr\/izdelek\/za-zglobove-liposomalni-kurkumin-forte-30-kapsula\/","og_locale":"hr_HR","og_type":"article","og_title":"Za zglobove LIPOSOMALNI KURKUMIN FORTE, 30 kapsula - Topmedicus HR","og_description":"Kod tegoba sa zglobovima u mirovanju i ujutro nakon ustajanja mo\u017ee pomo\u0107i LIPOSOMALNI KURKUMIN FORTE. Predstavlja holisti\u010dku podr\u0161ku zglobovima koja uzima u obzir fiziolo\u0161ke potrebe organizma.","og_url":"https:\/\/topmedicus.eu\/hr\/izdelek\/za-zglobove-liposomalni-kurkumin-forte-30-kapsula\/","og_site_name":"Topmedicus HR","article_modified_time":"2026-02-14T18:28:54+00:00","og_image":[{"width":600,"height":600,"url":"https:\/\/topmedicus.eu\/wp-content\/uploads\/2025\/02\/Biocyte-LIPOSOMSKI-KURKUMIN-FORTE.jpg","type":"image\/jpeg"}],"twitter_card":"summary_large_image","twitter_misc":{"Procijenjeno vrijeme \u010ditanja":"2 minute"},"schema":{"@context":"https:\/\/schema.org","@graph":[{"@type":"WebPage","@id":"https:\/\/topmedicus.eu\/hr\/izdelek\/za-zglobove-liposomalni-kurkumin-forte-30-kapsula\/","url":"https:\/\/topmedicus.eu\/hr\/izdelek\/za-zglobove-liposomalni-kurkumin-forte-30-kapsula\/","name":"Za zglobove LIPOSOMALNI KURKUMIN FORTE, 30 kapsula - Topmedicus HR","isPartOf":{"@id":"https:\/\/topmedicus.eu\/en\/#website"},"primaryImageOfPage":{"@id":"https:\/\/topmedicus.eu\/hr\/izdelek\/za-zglobove-liposomalni-kurkumin-forte-30-kapsula\/#primaryimage"},"image":{"@id":"https:\/\/topmedicus.eu\/hr\/izdelek\/za-zglobove-liposomalni-kurkumin-forte-30-kapsula\/#primaryimage"},"thumbnailUrl":"https:\/\/topmedicus.eu\/wp-content\/uploads\/2025\/02\/Biocyte-LIPOSOMSKI-KURKUMIN-FORTE.jpg","datePublished":"2025-02-12T21:59:29+00:00","dateModified":"2026-02-14T18:28:54+00:00","description":"Kod tegoba sa zglobovima u mirovanju i ujutro nakon ustajanja mo\u017ee pomo\u0107i LIPOSOMALNI KURKUMIN FORTE. Predstavlja holisti\u010dku podr\u0161ku zglobovima koja uzima u obzir fiziolo\u0161ke potrebe organizma.","breadcrumb":{"@id":"https:\/\/topmedicus.eu\/hr\/izdelek\/za-zglobove-liposomalni-kurkumin-forte-30-kapsula\/#breadcrumb"},"inLanguage":"hr","potentialAction":[{"@type":"ReadAction","target":["https:\/\/topmedicus.eu\/hr\/izdelek\/za-zglobove-liposomalni-kurkumin-forte-30-kapsula\/"]}]},{"@type":"ImageObject","inLanguage":"hr","@id":"https:\/\/topmedicus.eu\/hr\/izdelek\/za-zglobove-liposomalni-kurkumin-forte-30-kapsula\/#primaryimage","url":"https:\/\/topmedicus.eu\/wp-content\/uploads\/2025\/02\/Biocyte-LIPOSOMSKI-KURKUMIN-FORTE.jpg","contentUrl":"https:\/\/topmedicus.eu\/wp-content\/uploads\/2025\/02\/Biocyte-LIPOSOMSKI-KURKUMIN-FORTE.jpg","width":600,"height":600},{"@type":"BreadcrumbList","@id":"https:\/\/topmedicus.eu\/hr\/izdelek\/za-zglobove-liposomalni-kurkumin-forte-30-kapsula\/#breadcrumb","itemListElement":[{"@type":"ListItem","position":1,"name":"Home","item":"https:\/\/topmedicus.eu\/hr\/domaca-stranica\/"},{"@type":"ListItem","position":2,"name":"Shop","item":"https:\/\/topmedicus.eu\/shop\/"},{"@type":"ListItem","position":3,"name":"Za zglobove LIPOSOMALNI KURKUMIN FORTE, 30 kapsula"}]},{"@type":"WebSite","@id":"https:\/\/topmedicus.eu\/en\/#website","url":"https:\/\/topmedicus.eu\/en\/","name":"Topmedicus HR","description":"Prehranska dopolnila in dermatolo\u0161ka kozmetika","potentialAction":[{"@type":"SearchAction","target":{"@type":"EntryPoint","urlTemplate":"https:\/\/topmedicus.eu\/en\/?s={search_term_string}"},"query-input":{"@type":"PropertyValueSpecification","valueRequired":true,"valueName":"search_term_string"}}],"inLanguage":"hr"}]}},"jetpack_sharing_enabled":true,"_links":{"self":[{"href":"https:\/\/topmedicus.eu\/hr\/wp-json\/wp\/v2\/product\/13469","targetHints":{"allow":["GET"]}}],"collection":[{"href":"https:\/\/topmedicus.eu\/hr\/wp-json\/wp\/v2\/product"}],"about":[{"href":"https:\/\/topmedicus.eu\/hr\/wp-json\/wp\/v2\/types\/product"}],"replies":[{"embeddable":true,"href":"https:\/\/topmedicus.eu\/hr\/wp-json\/wp\/v2\/comments?post=13469"}],"wp:featuredmedia":[{"embeddable":true,"href":"https:\/\/topmedicus.eu\/hr\/wp-json\/wp\/v2\/media\/13380"}],"wp:attachment":[{"href":"https:\/\/topmedicus.eu\/hr\/wp-json\/wp\/v2\/media?parent=13469"}],"wp:term":[{"taxonomy":"product_brand","embeddable":true,"href":"https:\/\/topmedicus.eu\/hr\/wp-json\/wp\/v2\/product_brand?post=13469"},{"taxonomy":"product_cat","embeddable":true,"href":"https:\/\/topmedicus.eu\/hr\/wp-json\/wp\/v2\/product_cat?post=13469"},{"taxonomy":"product_tag","embeddable":true,"href":"https:\/\/topmedicus.eu\/hr\/wp-json\/wp\/v2\/product_tag?post=13469"},{"taxonomy":"blagovna-znamka","embeddable":true,"href":"https:\/\/topmedicus.eu\/hr\/wp-json\/wp\/v2\/blagovna-znamka?post=13469"}],"curies":[{"name":"wp","href":"https:\/\/api.w.org\/{rel}","templated":true}]}}