{"id":13475,"date":"2025-02-12T21:59:07","date_gmt":"2025-02-12T21:59:07","guid":{"rendered":"https:\/\/topmedicus.eu\/izdelek\/masna-koza-sklona-aknama-i-pristicima-peau-radieuse-60-kapsula\/"},"modified":"2025-02-12T21:59:07","modified_gmt":"2025-02-12T21:59:07","slug":"masna-koza-sklona-aknama-i-pristicima-peau-radieuse-60-kapsula","status":"publish","type":"product","link":"https:\/\/topmedicus.eu\/hr\/izdelek\/masna-koza-sklona-aknama-i-pristicima-peau-radieuse-60-kapsula\/","title":{"rendered":"Masna ko\u017ea sklona aknama i pri\u0161ti\u0107ima \u2013 PEAU RADIEUSE, 60 kapsula."},"content":{"rendered":"<p data-start=\"0\" data-end=\"317\"><strong data-start=\"0\" data-end=\"17\">PEAU RADIEUSE<\/strong> dodatak je prehrani vrhunskog francuskog proizvo\u0111a\u010da <strong data-start=\"71\" data-end=\"82\">Biocyte<\/strong>, posebno formuliran za pomo\u0107 u korekciji i smanjenju nepravilnosti na ko\u017ei te za odr\u017eavanje zdrave ko\u017ee. Zahvaljuju\u0107i jedinstvenoj kombinaciji aktivnih sastojaka, ovaj dodatak djeluje iznutra i doprinosi \u010di\u0161\u0107oj i uravnote\u017eenijoj ko\u017ei.<\/p>\n<p data-start=\"319\" data-end=\"604\">Kopriva, poznata po svojim pro\u010di\u0161\u0107avaju\u0107im svojstvima, doprinosi \u010distoj ko\u017ei i poma\u017ee kod ne\u010disto\u0107a. Cink doprinosi odr\u017eavanju normalne ko\u017ee. Formula je oboga\u0107ena metilsulfonilmetanom (MSM), beta-glukanima i laktoferinom \u2014 aktivnim sastojcima koji poti\u010du obnovu i regeneraciju stanica.<\/p>\n<p data-start=\"606\" data-end=\"877\"><strong data-start=\"606\" data-end=\"623\">PEAU RADIEUSE<\/strong> isti\u010de se cjelovitom i uravnote\u017eenom formulom prilago\u0111enom potrebama ko\u017ee sklone pri\u0161ti\u0107ima i aknama. Uklju\u010divanjem ovog dodatka prehrani u rutinu njege masne i problemati\u010dne ko\u017ee mogu\u0107e je podr\u017eati funkciju ko\u017ee i vidljivo pobolj\u0161ati njezinu kvalitetu.<\/p>\n<p data-start=\"884\" data-end=\"949\"><strong>Nutritivna vrijednost za preporu\u010denu dnevnu dozu (2 kapsule):<\/strong><\/p>\n<p data-start=\"951\" data-end=\"1516\">Vitamin E &#8230;&#8230;&#8230;&#8230;&#8230;&#8230;&#8230;&#8230;&#8230;&#8230;&#8230;&#8230;. 6 mg \/ 50 % PU*<br data-start=\"1014\" data-end=\"1017\" \/>Cink &#8230;&#8230;&#8230;&#8230;&#8230;&#8230;&#8230;&#8230;&#8230;&#8230;&#8230;&#8230;&#8230;&#8230;&#8230; 15 mg \/ 150 % PU*<br data-start=\"1085\" data-end=\"1088\" \/>Krom &#8230;&#8230;&#8230;&#8230;&#8230;&#8230;&#8230;&#8230;&#8230;&#8230;&#8230;&#8230;&#8230;&#8230;.. 40 \u00b5g \/ 100 % PU*<br data-start=\"1155\" data-end=\"1158\" \/>Metilsulfonilmetan (MSM) &#8230;&#8230;.. 300 mg<br data-start=\"1198\" data-end=\"1201\" \/>Ekstrakt obi\u010dnog \u010di\u010dka &#8230;&#8230;&#8230;&#8230;&#8230; 250 mg<br data-start=\"1246\" data-end=\"1249\" \/>Ekstrakt koprive &#8230;&#8230;&#8230;&#8230;&#8230;&#8230;&#8230;&#8230;.. 215 mg<br data-start=\"1299\" data-end=\"1302\" \/>Ekstrakt sikavice &#8230;&#8230;&#8230;&#8230;&#8230;&#8230;&#8230;&#8230;.. 55 mg<br data-start=\"1352\" data-end=\"1355\" \/>\u2003od \u010dega silimarin &#8230;&#8230;&#8230;&#8230;&#8230;&#8230;&#8230;. 44 mg<br data-start=\"1402\" data-end=\"1405\" \/>Beta-glukani &#8230;&#8230;&#8230;&#8230;&#8230;&#8230;&#8230;&#8230;&#8230;&#8230;&#8230; 20 mg<br data-start=\"1457\" data-end=\"1460\" \/>Laktoferin &#8230;&#8230;&#8230;&#8230;&#8230;&#8230;&#8230;&#8230;&#8230;&#8230;&#8230;&#8230;. 20 mg<\/p>\n<p data-start=\"1518\" data-end=\"1548\">*PU = preporu\u010deni dnevni unos<\/p>\n<h4 data-start=\"1555\" data-end=\"1563\">Cink<\/h4>\n<p data-start=\"1565\" data-end=\"1981\">Cink, prisutan u svakoj stanici organizma, esencijalan je element u tragovima uklju\u010den u brojne biolo\u0161ke procese. Ima klju\u010dnu ulogu u strukturi i djelovanju stotina enzima te poma\u017ee odr\u017eavati stabilnost stani\u010dnih membrana i proteina. Tako\u0111er je va\u017ean za procese obnove, regeneracije i stani\u010dne regulacije. Budu\u0107i da ga organizam ne mo\u017ee skladi\u0161titi, potreban je redovit unos kako bi se podr\u017eale ove vitalne funkcije.<\/p>\n<h4 data-start=\"1983\" data-end=\"1991\">Krom<\/h4>\n<p data-start=\"1993\" data-end=\"2411\">Krom je esencijalni element koji sudjeluje u metabolizmu ugljikohidrata, masti i proteina. Ima va\u017enu ulogu u regulaciji razine \u0161e\u0107era u krvi jer pobolj\u0161ava djelovanje inzulina i olak\u0161ava ulazak glukoze u stanice. Time doprinosi odr\u017eavanju stabilne razine \u0161e\u0107era u krvi i smanjuje nagle oscilacije koje mogu dovesti do \u017eelje za slatki\u0161ima i me\u0111uobrocima, osobito kod inzulinske rezistencije ili metaboli\u010dke neravnote\u017ee.<\/p>\n<p data-start=\"2413\" data-end=\"2434\"><em>Neto te\u017eina: 35 g<\/em><\/p>\n<p data-start=\"2436\" data-end=\"2470\" data-is-last-node=\"\" data-is-only-node=\"\"><em>Proizvo\u0111a\u010d: Biocyte, Francuska<\/em><\/p>\n","protected":false},"excerpt":{"rendered":"<h4 data-start=\"0\" data-end=\"35\"><strong data-start=\"0\" data-end=\"35\">POMA\u017dE U SMANJENJU NE\u010cISTE KO\u017dE<\/strong><\/h4>\n<p data-start=\"37\" data-end=\"131\">Dodatak prehrani s <strong>beta-glukanima, laktoferinom, biljnim ekstraktima, mineralima i vitaminima<\/strong>.<\/p>\n<p data-start=\"133\" data-end=\"252\">Smanjuje nepravilnosti i poti\u010de \u010di\u0161\u0107u ko\u017eu zahvaljuju\u0107i jedinstvenoj kombinaciji ciljano djeluju\u0107ih aktivnih sastojaka.<\/p>\n<ul>\n<li data-start=\"254\" data-end=\"521\">Trostruko djelovanje posebno namijenjeno ko\u017ei sklonoj aknama: <strong>umiruju\u0107e, antioksidativno i regulira lu\u010denje sebuma<\/strong>.<\/li>\n<li data-start=\"254\" data-end=\"521\"><strong>Poti\u010de obnovu stanica i podr\u017eava proces zacjeljivanja<\/strong>.<\/li>\n<li data-start=\"254\" data-end=\"521\"><strong>Formula je oboga\u0107ena<\/strong> kromom koji djeluje na kvalitetu ko\u017ee utje\u010du\u0107i na razinu \u0161e\u0107era u krvi.<\/li>\n<\/ul>\n","protected":false},"featured_media":13384,"comment_status":"closed","ping_status":"closed","template":"","meta":{"_acf_changed":false},"product_brand":[1002],"product_cat":[576],"product_tag":[],"blagovna-znamka":[],"class_list":{"0":"post-13475","1":"product","2":"type-product","3":"status-publish","4":"has-post-thumbnail","6":"product_brand-biocyte-hr","7":"product_cat-nutrikozmetika-hr","9":"first","10":"instock","11":"taxable","12":"shipping-taxable","13":"purchasable","14":"product-type-simple"},"acf":[],"yoast_head":"<!-- This site is optimized with the Yoast SEO plugin v27.4 - https:\/\/yoast.com\/product\/yoast-seo-wordpress\/ -->\n<title>Masna ko\u017ea sklona aknama i pri\u0161ti\u0107ima \u2013 PEAU RADIEUSE, 60 kapsula. - Topmedicus HR<\/title>\n<meta name=\"description\" content=\"Njega iznutra za masnu i ko\u017eu sklonu aknama. Umiruje, djeluje antioksidativno i doprinosi br\u017eem zacjeljivanju. Za \u010di\u0161\u0107u ko\u017eu.\" \/>\n<meta name=\"robots\" content=\"index, follow, max-snippet:-1, max-image-preview:large, max-video-preview:-1\" \/>\n<link rel=\"canonical\" href=\"https:\/\/topmedicus.eu\/hr\/izdelek\/masna-koza-sklona-aknama-i-pristicima-peau-radieuse-60-kapsula\/\" \/>\n<meta property=\"og:locale\" content=\"hr_HR\" \/>\n<meta property=\"og:type\" content=\"article\" \/>\n<meta property=\"og:title\" content=\"Masna ko\u017ea sklona aknama i pri\u0161ti\u0107ima \u2013 PEAU RADIEUSE, 60 kapsula. - Topmedicus HR\" \/>\n<meta property=\"og:description\" content=\"Njega iznutra za masnu i ko\u017eu sklonu aknama. Umiruje, djeluje antioksidativno i doprinosi br\u017eem zacjeljivanju. Za \u010di\u0161\u0107u ko\u017eu.\" \/>\n<meta property=\"og:url\" content=\"https:\/\/topmedicus.eu\/hr\/izdelek\/masna-koza-sklona-aknama-i-pristicima-peau-radieuse-60-kapsula\/\" \/>\n<meta property=\"og:site_name\" content=\"Topmedicus HR\" \/>\n<meta property=\"og:image\" content=\"https:\/\/topmedicus.eu\/wp-content\/uploads\/2025\/02\/Biocyte-PEAU-RADIEUSE.jpg\" \/>\n\t<meta property=\"og:image:width\" content=\"600\" \/>\n\t<meta property=\"og:image:height\" content=\"600\" \/>\n\t<meta property=\"og:image:type\" content=\"image\/jpeg\" \/>\n<meta name=\"twitter:card\" content=\"summary_large_image\" \/>\n<meta name=\"twitter:label1\" content=\"Procijenjeno vrijeme \u010ditanja\" \/>\n\t<meta name=\"twitter:data1\" content=\"2 minute\" \/>\n<script type=\"application\/ld+json\" class=\"yoast-schema-graph\">{\"@context\":\"https:\\\/\\\/schema.org\",\"@graph\":[{\"@type\":\"WebPage\",\"@id\":\"https:\\\/\\\/topmedicus.eu\\\/hr\\\/izdelek\\\/masna-koza-sklona-aknama-i-pristicima-peau-radieuse-60-kapsula\\\/\",\"url\":\"https:\\\/\\\/topmedicus.eu\\\/hr\\\/izdelek\\\/masna-koza-sklona-aknama-i-pristicima-peau-radieuse-60-kapsula\\\/\",\"name\":\"Masna ko\u017ea sklona aknama i pri\u0161ti\u0107ima \u2013 PEAU RADIEUSE, 60 kapsula. - Topmedicus HR\",\"isPartOf\":{\"@id\":\"https:\\\/\\\/topmedicus.eu\\\/en\\\/#website\"},\"primaryImageOfPage\":{\"@id\":\"https:\\\/\\\/topmedicus.eu\\\/hr\\\/izdelek\\\/masna-koza-sklona-aknama-i-pristicima-peau-radieuse-60-kapsula\\\/#primaryimage\"},\"image\":{\"@id\":\"https:\\\/\\\/topmedicus.eu\\\/hr\\\/izdelek\\\/masna-koza-sklona-aknama-i-pristicima-peau-radieuse-60-kapsula\\\/#primaryimage\"},\"thumbnailUrl\":\"https:\\\/\\\/topmedicus.eu\\\/wp-content\\\/uploads\\\/2025\\\/02\\\/Biocyte-PEAU-RADIEUSE.jpg\",\"datePublished\":\"2025-02-12T21:59:07+00:00\",\"description\":\"Njega iznutra za masnu i ko\u017eu sklonu aknama. Umiruje, djeluje antioksidativno i doprinosi br\u017eem zacjeljivanju. Za \u010di\u0161\u0107u ko\u017eu.\",\"breadcrumb\":{\"@id\":\"https:\\\/\\\/topmedicus.eu\\\/hr\\\/izdelek\\\/masna-koza-sklona-aknama-i-pristicima-peau-radieuse-60-kapsula\\\/#breadcrumb\"},\"inLanguage\":\"hr\",\"potentialAction\":[{\"@type\":\"ReadAction\",\"target\":[\"https:\\\/\\\/topmedicus.eu\\\/hr\\\/izdelek\\\/masna-koza-sklona-aknama-i-pristicima-peau-radieuse-60-kapsula\\\/\"]}]},{\"@type\":\"ImageObject\",\"inLanguage\":\"hr\",\"@id\":\"https:\\\/\\\/topmedicus.eu\\\/hr\\\/izdelek\\\/masna-koza-sklona-aknama-i-pristicima-peau-radieuse-60-kapsula\\\/#primaryimage\",\"url\":\"https:\\\/\\\/topmedicus.eu\\\/wp-content\\\/uploads\\\/2025\\\/02\\\/Biocyte-PEAU-RADIEUSE.jpg\",\"contentUrl\":\"https:\\\/\\\/topmedicus.eu\\\/wp-content\\\/uploads\\\/2025\\\/02\\\/Biocyte-PEAU-RADIEUSE.jpg\",\"width\":600,\"height\":600},{\"@type\":\"BreadcrumbList\",\"@id\":\"https:\\\/\\\/topmedicus.eu\\\/hr\\\/izdelek\\\/masna-koza-sklona-aknama-i-pristicima-peau-radieuse-60-kapsula\\\/#breadcrumb\",\"itemListElement\":[{\"@type\":\"ListItem\",\"position\":1,\"name\":\"Home\",\"item\":\"https:\\\/\\\/topmedicus.eu\\\/hr\\\/domaca-stranica\\\/\"},{\"@type\":\"ListItem\",\"position\":2,\"name\":\"Shop\",\"item\":\"https:\\\/\\\/topmedicus.eu\\\/shop\\\/\"},{\"@type\":\"ListItem\",\"position\":3,\"name\":\"Masna ko\u017ea sklona aknama i pri\u0161ti\u0107ima \u2013 PEAU RADIEUSE, 60 kapsula.\"}]},{\"@type\":\"WebSite\",\"@id\":\"https:\\\/\\\/topmedicus.eu\\\/en\\\/#website\",\"url\":\"https:\\\/\\\/topmedicus.eu\\\/en\\\/\",\"name\":\"Topmedicus HR\",\"description\":\"Prehranska dopolnila in dermatolo\u0161ka kozmetika\",\"potentialAction\":[{\"@type\":\"SearchAction\",\"target\":{\"@type\":\"EntryPoint\",\"urlTemplate\":\"https:\\\/\\\/topmedicus.eu\\\/en\\\/?s={search_term_string}\"},\"query-input\":{\"@type\":\"PropertyValueSpecification\",\"valueRequired\":true,\"valueName\":\"search_term_string\"}}],\"inLanguage\":\"hr\"}]}<\/script>\n<!-- \/ Yoast SEO plugin. -->","yoast_head_json":{"title":"Masna ko\u017ea sklona aknama i pri\u0161ti\u0107ima \u2013 PEAU RADIEUSE, 60 kapsula. - Topmedicus HR","description":"Njega iznutra za masnu i ko\u017eu sklonu aknama. Umiruje, djeluje antioksidativno i doprinosi br\u017eem zacjeljivanju. Za \u010di\u0161\u0107u ko\u017eu.","robots":{"index":"index","follow":"follow","max-snippet":"max-snippet:-1","max-image-preview":"max-image-preview:large","max-video-preview":"max-video-preview:-1"},"canonical":"https:\/\/topmedicus.eu\/hr\/izdelek\/masna-koza-sklona-aknama-i-pristicima-peau-radieuse-60-kapsula\/","og_locale":"hr_HR","og_type":"article","og_title":"Masna ko\u017ea sklona aknama i pri\u0161ti\u0107ima \u2013 PEAU RADIEUSE, 60 kapsula. - Topmedicus HR","og_description":"Njega iznutra za masnu i ko\u017eu sklonu aknama. Umiruje, djeluje antioksidativno i doprinosi br\u017eem zacjeljivanju. Za \u010di\u0161\u0107u ko\u017eu.","og_url":"https:\/\/topmedicus.eu\/hr\/izdelek\/masna-koza-sklona-aknama-i-pristicima-peau-radieuse-60-kapsula\/","og_site_name":"Topmedicus HR","og_image":[{"width":600,"height":600,"url":"https:\/\/topmedicus.eu\/wp-content\/uploads\/2025\/02\/Biocyte-PEAU-RADIEUSE.jpg","type":"image\/jpeg"}],"twitter_card":"summary_large_image","twitter_misc":{"Procijenjeno vrijeme \u010ditanja":"2 minute"},"schema":{"@context":"https:\/\/schema.org","@graph":[{"@type":"WebPage","@id":"https:\/\/topmedicus.eu\/hr\/izdelek\/masna-koza-sklona-aknama-i-pristicima-peau-radieuse-60-kapsula\/","url":"https:\/\/topmedicus.eu\/hr\/izdelek\/masna-koza-sklona-aknama-i-pristicima-peau-radieuse-60-kapsula\/","name":"Masna ko\u017ea sklona aknama i pri\u0161ti\u0107ima \u2013 PEAU RADIEUSE, 60 kapsula. - Topmedicus HR","isPartOf":{"@id":"https:\/\/topmedicus.eu\/en\/#website"},"primaryImageOfPage":{"@id":"https:\/\/topmedicus.eu\/hr\/izdelek\/masna-koza-sklona-aknama-i-pristicima-peau-radieuse-60-kapsula\/#primaryimage"},"image":{"@id":"https:\/\/topmedicus.eu\/hr\/izdelek\/masna-koza-sklona-aknama-i-pristicima-peau-radieuse-60-kapsula\/#primaryimage"},"thumbnailUrl":"https:\/\/topmedicus.eu\/wp-content\/uploads\/2025\/02\/Biocyte-PEAU-RADIEUSE.jpg","datePublished":"2025-02-12T21:59:07+00:00","description":"Njega iznutra za masnu i ko\u017eu sklonu aknama. Umiruje, djeluje antioksidativno i doprinosi br\u017eem zacjeljivanju. Za \u010di\u0161\u0107u ko\u017eu.","breadcrumb":{"@id":"https:\/\/topmedicus.eu\/hr\/izdelek\/masna-koza-sklona-aknama-i-pristicima-peau-radieuse-60-kapsula\/#breadcrumb"},"inLanguage":"hr","potentialAction":[{"@type":"ReadAction","target":["https:\/\/topmedicus.eu\/hr\/izdelek\/masna-koza-sklona-aknama-i-pristicima-peau-radieuse-60-kapsula\/"]}]},{"@type":"ImageObject","inLanguage":"hr","@id":"https:\/\/topmedicus.eu\/hr\/izdelek\/masna-koza-sklona-aknama-i-pristicima-peau-radieuse-60-kapsula\/#primaryimage","url":"https:\/\/topmedicus.eu\/wp-content\/uploads\/2025\/02\/Biocyte-PEAU-RADIEUSE.jpg","contentUrl":"https:\/\/topmedicus.eu\/wp-content\/uploads\/2025\/02\/Biocyte-PEAU-RADIEUSE.jpg","width":600,"height":600},{"@type":"BreadcrumbList","@id":"https:\/\/topmedicus.eu\/hr\/izdelek\/masna-koza-sklona-aknama-i-pristicima-peau-radieuse-60-kapsula\/#breadcrumb","itemListElement":[{"@type":"ListItem","position":1,"name":"Home","item":"https:\/\/topmedicus.eu\/hr\/domaca-stranica\/"},{"@type":"ListItem","position":2,"name":"Shop","item":"https:\/\/topmedicus.eu\/shop\/"},{"@type":"ListItem","position":3,"name":"Masna ko\u017ea sklona aknama i pri\u0161ti\u0107ima \u2013 PEAU RADIEUSE, 60 kapsula."}]},{"@type":"WebSite","@id":"https:\/\/topmedicus.eu\/en\/#website","url":"https:\/\/topmedicus.eu\/en\/","name":"Topmedicus HR","description":"Prehranska dopolnila in dermatolo\u0161ka kozmetika","potentialAction":[{"@type":"SearchAction","target":{"@type":"EntryPoint","urlTemplate":"https:\/\/topmedicus.eu\/en\/?s={search_term_string}"},"query-input":{"@type":"PropertyValueSpecification","valueRequired":true,"valueName":"search_term_string"}}],"inLanguage":"hr"}]}},"jetpack_sharing_enabled":true,"_links":{"self":[{"href":"https:\/\/topmedicus.eu\/hr\/wp-json\/wp\/v2\/product\/13475","targetHints":{"allow":["GET"]}}],"collection":[{"href":"https:\/\/topmedicus.eu\/hr\/wp-json\/wp\/v2\/product"}],"about":[{"href":"https:\/\/topmedicus.eu\/hr\/wp-json\/wp\/v2\/types\/product"}],"replies":[{"embeddable":true,"href":"https:\/\/topmedicus.eu\/hr\/wp-json\/wp\/v2\/comments?post=13475"}],"wp:featuredmedia":[{"embeddable":true,"href":"https:\/\/topmedicus.eu\/hr\/wp-json\/wp\/v2\/media\/13384"}],"wp:attachment":[{"href":"https:\/\/topmedicus.eu\/hr\/wp-json\/wp\/v2\/media?parent=13475"}],"wp:term":[{"taxonomy":"product_brand","embeddable":true,"href":"https:\/\/topmedicus.eu\/hr\/wp-json\/wp\/v2\/product_brand?post=13475"},{"taxonomy":"product_cat","embeddable":true,"href":"https:\/\/topmedicus.eu\/hr\/wp-json\/wp\/v2\/product_cat?post=13475"},{"taxonomy":"product_tag","embeddable":true,"href":"https:\/\/topmedicus.eu\/hr\/wp-json\/wp\/v2\/product_tag?post=13475"},{"taxonomy":"blagovna-znamka","embeddable":true,"href":"https:\/\/topmedicus.eu\/hr\/wp-json\/wp\/v2\/blagovna-znamka?post=13475"}],"curies":[{"name":"wp","href":"https:\/\/api.w.org\/{rel}","templated":true}]}}