{"id":13479,"date":"2025-02-12T21:59:06","date_gmt":"2025-02-12T21:59:06","guid":{"rendered":"https:\/\/topmedicus.eu\/izdelek\/regenerativna-i-hranjiva-maska-za-kosu-keratin-forte-maska-200-ml\/"},"modified":"2025-02-12T21:59:06","modified_gmt":"2025-02-12T21:59:06","slug":"regenerativna-i-hranjiva-maska-za-kosu-keratin-forte-maska-200-ml","status":"publish","type":"product","link":"https:\/\/topmedicus.eu\/hr\/izdelek\/regenerativna-i-hranjiva-maska-za-kosu-keratin-forte-maska-200-ml\/","title":{"rendered":"Regenerativna i hranjiva maska za kosu \u2013 KERATIN FORTE MASKA, 200 ml"},"content":{"rendered":"<p data-start=\"0\" data-end=\"387\"><strong data-start=\"0\" data-end=\"31\">KERATIN FORTE MASKA za kosu<\/strong> vrhunskog francuskog proizvo\u0111a\u010da <strong data-start=\"65\" data-end=\"76\">Biocyte<\/strong> revolucionarni je tretman za sna\u017enu i sjajnu kosu, prikladan za sve tipove kose. \u010cak 99 % sastojaka ove maske prirodnog je podrijetla. <strong data-start=\"212\" data-end=\"235\">KERATIN FORTE MASKA<\/strong> sadr\u017ei biljni keratin, hijaluronsku kiselinu, shea maslac, biljna ulja (kokosovo i avokadovo) te ceramide. Aktivni sastojci dubinski regeneriraju kosu.<\/p>\n<p data-start=\"389\" data-end=\"724\">Biljni keratin ja\u010da strukturu vlasi, dok shea maslac i kokosovo ulje intenzivno hrane kosu. Ulje avokada i ceramidi \u0161tite kosu te joj pru\u017eaju meko\u0107u, podatnost i sjaj. Ovaj tretman mo\u017ee se koristiti kao maska nakon pranja kose ili kao leave-in balzam. Kosu je lak\u0161e ra\u0161\u010de\u0161ljati, a nakon uporabe ostaje nje\u017ean miris meda i shea maslaca.<\/p>\n<p data-start=\"726\" data-end=\"928\"><strong data-start=\"726\" data-end=\"749\">KERATIN FORTE MASKU<\/strong> nanesite na opranu kosu i po\u010de\u0161ljajte. Prikladna je za sve tipove kose. Primjenjuje se jednom do dva puta tjedno. Ne sadr\u017ei alergene i prikladna je \u010dak i za vrlo osjetljivu kosu.<\/p>\n<h4 data-start=\"935\" data-end=\"946\">Keratin<\/h4>\n<p data-start=\"948\" data-end=\"1215\">Keratin je esencijalni protein za strukturu kose i noktiju. Bogat je s 18 aminokiselina koje podr\u017eavaju obnovu i ja\u010danje tih tkiva, pove\u0107avaju njihovu otpornost i sjaj. Tako\u0111er poma\u017ee sprije\u010diti lomljenje i o\u0161te\u0107enja te doprinosi sna\u017enijoj i zdravijoj kosi i noktima.<\/p>\n<p data-start=\"1217\" data-end=\"1238\"><em>Volumen: 200 ml<\/em><\/p>\n<p data-start=\"1240\" data-end=\"1274\" data-is-last-node=\"\" data-is-only-node=\"\"><em>Proizvo\u0111a\u010d: Biocyte, Francuska<\/em><\/p>\n","protected":false},"excerpt":{"rendered":"<div class=\"flex flex-col text-sm pb-25\">\n<article class=\"text-token-text-primary w-full focus:outline-none [--shadow-height:45px] has-data-writing-block:pointer-events-none has-data-writing-block:-mt-(--shadow-height) has-data-writing-block:pt-(--shadow-height) [&amp;:has([data-writing-block])&gt;*]:pointer-events-auto scroll-mt-[calc(var(--header-height)+min(200px,max(70px,20svh)))]\" dir=\"auto\" tabindex=\"-1\" data-turn-id=\"request-699015d4-7100-838e-b6f9-3f257241e18c-100\" data-testid=\"conversation-turn-198\" data-scroll-anchor=\"true\" data-turn=\"assistant\">\n<div class=\"text-base my-auto mx-auto pb-10 [--thread-content-margin:--spacing(4)] @w-sm\/main:[--thread-content-margin:--spacing(6)] @w-lg\/main:[--thread-content-margin:--spacing(16)] px-(--thread-content-margin)\">\n<div class=\"[--thread-content-max-width:40rem] @w-lg\/main:[--thread-content-max-width:48rem] mx-auto max-w-(--thread-content-max-width) flex-1 group\/turn-messages focus-visible:outline-hidden relative flex w-full min-w-0 flex-col agent-turn\" tabindex=\"-1\">\n<div class=\"flex max-w-full flex-col grow\">\n<div class=\"min-h-8 text-message relative flex w-full flex-col items-end gap-2 text-start break-words whitespace-normal [.text-message+&amp;]:mt-1\" dir=\"auto\" data-message-author-role=\"assistant\" data-message-id=\"fa572d39-4bc0-423e-9dff-3ad1699b5217\" data-message-model-slug=\"gpt-5-2\">\n<div class=\"flex w-full flex-col gap-1 empty:hidden first:pt-[1px]\">\n<div class=\"markdown prose dark:prose-invert w-full wrap-break-word light markdown-new-styling\">\n<h4 data-start=\"0\" data-end=\"16\"><strong data-start=\"0\" data-end=\"16\">REGENERACIJA<\/strong><\/h4>\n<p data-start=\"18\" data-end=\"131\">Regenerira, hrani i \u0161titi kosu zahvaljuju\u0107i formuli s biljnim keratinom, hijaluronskom kiselinom i shea maslacem.<\/p>\n<ul>\n<li data-start=\"133\" data-end=\"442\"><strong>Obnavlja<\/strong> kosu uz pomo\u0107 biljnog <strong>keratina<\/strong>.<\/li>\n<li data-start=\"133\" data-end=\"442\"><strong>\u0160titi<\/strong> uz <strong>ulje avokada i ceramide<\/strong> \u2013 za podatnu, mekanu i sjajnu kosu.<\/li>\n<li data-start=\"133\" data-end=\"442\"><strong>Hrani<\/strong> kosu <strong>karite maslacem<\/strong> i kokosovim uljem.<\/li>\n<li data-start=\"133\" data-end=\"442\">S ispiranjem ili bez \u2013 mo\u017ee se koristiti kao regenerator ili kao maska, s nje\u017enim mirisom meda i shea maslaca.<\/li>\n<li data-start=\"133\" data-end=\"442\"><strong>99 % sastojaka prirodnog podrijetla.<\/strong><\/li>\n<\/ul>\n<\/div>\n<\/div>\n<\/div>\n<\/div>\n<\/div>\n<\/div>\n<\/article>\n<\/div>\n","protected":false},"featured_media":13394,"comment_status":"closed","ping_status":"closed","template":"","meta":{"_acf_changed":false},"product_brand":[1002],"product_cat":[1697],"product_tag":[],"blagovna-znamka":[],"class_list":{"0":"post-13479","1":"product","2":"type-product","3":"status-publish","4":"has-post-thumbnail","6":"product_brand-biocyte-hr","7":"product_cat-nekategorizirano-hr","9":"first","10":"instock","11":"taxable","12":"shipping-taxable","13":"purchasable","14":"product-type-simple"},"acf":[],"yoast_head":"<!-- This site is optimized with the Yoast SEO plugin v27.3 - https:\/\/yoast.com\/product\/yoast-seo-wordpress\/ -->\n<title>Regenerativna i hranjiva maska za kosu \u2013 KERATIN FORTE MASKA, 200 ml - Topmedicus HR<\/title>\n<meta name=\"description\" content=\"KERATIN FORTE MASKA revolucionarni je tretman koji hrani, obnavlja i \u0161titi kosu. Va\u0161a kosa bit \u0107e mekana, podatna i sjajna. 99 % sastojaka prirodnog podrijetla.\" \/>\n<meta name=\"robots\" content=\"index, follow, max-snippet:-1, max-image-preview:large, max-video-preview:-1\" \/>\n<link rel=\"canonical\" href=\"https:\/\/topmedicus.eu\/hr\/izdelek\/regenerativna-i-hranjiva-maska-za-kosu-keratin-forte-maska-200-ml\/\" \/>\n<meta property=\"og:locale\" content=\"hr_HR\" \/>\n<meta property=\"og:type\" content=\"article\" \/>\n<meta property=\"og:title\" content=\"Regenerativna i hranjiva maska za kosu \u2013 KERATIN FORTE MASKA, 200 ml - Topmedicus HR\" \/>\n<meta property=\"og:description\" content=\"KERATIN FORTE MASKA revolucionarni je tretman koji hrani, obnavlja i \u0161titi kosu. Va\u0161a kosa bit \u0107e mekana, podatna i sjajna. 99 % sastojaka prirodnog podrijetla.\" \/>\n<meta property=\"og:url\" content=\"https:\/\/topmedicus.eu\/hr\/izdelek\/regenerativna-i-hranjiva-maska-za-kosu-keratin-forte-maska-200-ml\/\" \/>\n<meta property=\"og:site_name\" content=\"Topmedicus HR\" \/>\n<meta property=\"og:image\" content=\"https:\/\/topmedicus.eu\/wp-content\/uploads\/2025\/02\/KERATIN-FORTE-Maska.jpg\" \/>\n\t<meta property=\"og:image:width\" content=\"600\" \/>\n\t<meta property=\"og:image:height\" content=\"597\" \/>\n\t<meta property=\"og:image:type\" content=\"image\/jpeg\" \/>\n<meta name=\"twitter:card\" content=\"summary_large_image\" \/>\n<meta name=\"twitter:label1\" content=\"Procijenjeno vrijeme \u010ditanja\" \/>\n\t<meta name=\"twitter:data1\" content=\"1 minuta\" \/>\n<script type=\"application\/ld+json\" class=\"yoast-schema-graph\">{\"@context\":\"https:\\\/\\\/schema.org\",\"@graph\":[{\"@type\":\"WebPage\",\"@id\":\"https:\\\/\\\/topmedicus.eu\\\/hr\\\/izdelek\\\/regenerativna-i-hranjiva-maska-za-kosu-keratin-forte-maska-200-ml\\\/\",\"url\":\"https:\\\/\\\/topmedicus.eu\\\/hr\\\/izdelek\\\/regenerativna-i-hranjiva-maska-za-kosu-keratin-forte-maska-200-ml\\\/\",\"name\":\"Regenerativna i hranjiva maska za kosu \u2013 KERATIN FORTE MASKA, 200 ml - Topmedicus HR\",\"isPartOf\":{\"@id\":\"https:\\\/\\\/topmedicus.eu\\\/en\\\/#website\"},\"primaryImageOfPage\":{\"@id\":\"https:\\\/\\\/topmedicus.eu\\\/hr\\\/izdelek\\\/regenerativna-i-hranjiva-maska-za-kosu-keratin-forte-maska-200-ml\\\/#primaryimage\"},\"image\":{\"@id\":\"https:\\\/\\\/topmedicus.eu\\\/hr\\\/izdelek\\\/regenerativna-i-hranjiva-maska-za-kosu-keratin-forte-maska-200-ml\\\/#primaryimage\"},\"thumbnailUrl\":\"https:\\\/\\\/topmedicus.eu\\\/wp-content\\\/uploads\\\/2025\\\/02\\\/KERATIN-FORTE-Maska.jpg\",\"datePublished\":\"2025-02-12T21:59:06+00:00\",\"description\":\"KERATIN FORTE MASKA revolucionarni je tretman koji hrani, obnavlja i \u0161titi kosu. Va\u0161a kosa bit \u0107e mekana, podatna i sjajna. 99 % sastojaka prirodnog podrijetla.\",\"breadcrumb\":{\"@id\":\"https:\\\/\\\/topmedicus.eu\\\/hr\\\/izdelek\\\/regenerativna-i-hranjiva-maska-za-kosu-keratin-forte-maska-200-ml\\\/#breadcrumb\"},\"inLanguage\":\"hr\",\"potentialAction\":[{\"@type\":\"ReadAction\",\"target\":[\"https:\\\/\\\/topmedicus.eu\\\/hr\\\/izdelek\\\/regenerativna-i-hranjiva-maska-za-kosu-keratin-forte-maska-200-ml\\\/\"]}]},{\"@type\":\"ImageObject\",\"inLanguage\":\"hr\",\"@id\":\"https:\\\/\\\/topmedicus.eu\\\/hr\\\/izdelek\\\/regenerativna-i-hranjiva-maska-za-kosu-keratin-forte-maska-200-ml\\\/#primaryimage\",\"url\":\"https:\\\/\\\/topmedicus.eu\\\/wp-content\\\/uploads\\\/2025\\\/02\\\/KERATIN-FORTE-Maska.jpg\",\"contentUrl\":\"https:\\\/\\\/topmedicus.eu\\\/wp-content\\\/uploads\\\/2025\\\/02\\\/KERATIN-FORTE-Maska.jpg\",\"width\":600,\"height\":597},{\"@type\":\"BreadcrumbList\",\"@id\":\"https:\\\/\\\/topmedicus.eu\\\/hr\\\/izdelek\\\/regenerativna-i-hranjiva-maska-za-kosu-keratin-forte-maska-200-ml\\\/#breadcrumb\",\"itemListElement\":[{\"@type\":\"ListItem\",\"position\":1,\"name\":\"Home\",\"item\":\"https:\\\/\\\/topmedicus.eu\\\/hr\\\/domaca-stranica\\\/\"},{\"@type\":\"ListItem\",\"position\":2,\"name\":\"Shop\",\"item\":\"https:\\\/\\\/topmedicus.eu\\\/shop\\\/\"},{\"@type\":\"ListItem\",\"position\":3,\"name\":\"Regenerativna i hranjiva maska za kosu \u2013 KERATIN FORTE MASKA, 200 ml\"}]},{\"@type\":\"WebSite\",\"@id\":\"https:\\\/\\\/topmedicus.eu\\\/en\\\/#website\",\"url\":\"https:\\\/\\\/topmedicus.eu\\\/en\\\/\",\"name\":\"Topmedicus HR\",\"description\":\"Prehranska dopolnila in dermatolo\u0161ka kozmetika\",\"potentialAction\":[{\"@type\":\"SearchAction\",\"target\":{\"@type\":\"EntryPoint\",\"urlTemplate\":\"https:\\\/\\\/topmedicus.eu\\\/en\\\/?s={search_term_string}\"},\"query-input\":{\"@type\":\"PropertyValueSpecification\",\"valueRequired\":true,\"valueName\":\"search_term_string\"}}],\"inLanguage\":\"hr\"}]}<\/script>\n<!-- \/ Yoast SEO plugin. -->","yoast_head_json":{"title":"Regenerativna i hranjiva maska za kosu \u2013 KERATIN FORTE MASKA, 200 ml - Topmedicus HR","description":"KERATIN FORTE MASKA revolucionarni je tretman koji hrani, obnavlja i \u0161titi kosu. Va\u0161a kosa bit \u0107e mekana, podatna i sjajna. 99 % sastojaka prirodnog podrijetla.","robots":{"index":"index","follow":"follow","max-snippet":"max-snippet:-1","max-image-preview":"max-image-preview:large","max-video-preview":"max-video-preview:-1"},"canonical":"https:\/\/topmedicus.eu\/hr\/izdelek\/regenerativna-i-hranjiva-maska-za-kosu-keratin-forte-maska-200-ml\/","og_locale":"hr_HR","og_type":"article","og_title":"Regenerativna i hranjiva maska za kosu \u2013 KERATIN FORTE MASKA, 200 ml - Topmedicus HR","og_description":"KERATIN FORTE MASKA revolucionarni je tretman koji hrani, obnavlja i \u0161titi kosu. Va\u0161a kosa bit \u0107e mekana, podatna i sjajna. 99 % sastojaka prirodnog podrijetla.","og_url":"https:\/\/topmedicus.eu\/hr\/izdelek\/regenerativna-i-hranjiva-maska-za-kosu-keratin-forte-maska-200-ml\/","og_site_name":"Topmedicus HR","og_image":[{"width":600,"height":597,"url":"https:\/\/topmedicus.eu\/wp-content\/uploads\/2025\/02\/KERATIN-FORTE-Maska.jpg","type":"image\/jpeg"}],"twitter_card":"summary_large_image","twitter_misc":{"Procijenjeno vrijeme \u010ditanja":"1 minuta"},"schema":{"@context":"https:\/\/schema.org","@graph":[{"@type":"WebPage","@id":"https:\/\/topmedicus.eu\/hr\/izdelek\/regenerativna-i-hranjiva-maska-za-kosu-keratin-forte-maska-200-ml\/","url":"https:\/\/topmedicus.eu\/hr\/izdelek\/regenerativna-i-hranjiva-maska-za-kosu-keratin-forte-maska-200-ml\/","name":"Regenerativna i hranjiva maska za kosu \u2013 KERATIN FORTE MASKA, 200 ml - Topmedicus HR","isPartOf":{"@id":"https:\/\/topmedicus.eu\/en\/#website"},"primaryImageOfPage":{"@id":"https:\/\/topmedicus.eu\/hr\/izdelek\/regenerativna-i-hranjiva-maska-za-kosu-keratin-forte-maska-200-ml\/#primaryimage"},"image":{"@id":"https:\/\/topmedicus.eu\/hr\/izdelek\/regenerativna-i-hranjiva-maska-za-kosu-keratin-forte-maska-200-ml\/#primaryimage"},"thumbnailUrl":"https:\/\/topmedicus.eu\/wp-content\/uploads\/2025\/02\/KERATIN-FORTE-Maska.jpg","datePublished":"2025-02-12T21:59:06+00:00","description":"KERATIN FORTE MASKA revolucionarni je tretman koji hrani, obnavlja i \u0161titi kosu. Va\u0161a kosa bit \u0107e mekana, podatna i sjajna. 99 % sastojaka prirodnog podrijetla.","breadcrumb":{"@id":"https:\/\/topmedicus.eu\/hr\/izdelek\/regenerativna-i-hranjiva-maska-za-kosu-keratin-forte-maska-200-ml\/#breadcrumb"},"inLanguage":"hr","potentialAction":[{"@type":"ReadAction","target":["https:\/\/topmedicus.eu\/hr\/izdelek\/regenerativna-i-hranjiva-maska-za-kosu-keratin-forte-maska-200-ml\/"]}]},{"@type":"ImageObject","inLanguage":"hr","@id":"https:\/\/topmedicus.eu\/hr\/izdelek\/regenerativna-i-hranjiva-maska-za-kosu-keratin-forte-maska-200-ml\/#primaryimage","url":"https:\/\/topmedicus.eu\/wp-content\/uploads\/2025\/02\/KERATIN-FORTE-Maska.jpg","contentUrl":"https:\/\/topmedicus.eu\/wp-content\/uploads\/2025\/02\/KERATIN-FORTE-Maska.jpg","width":600,"height":597},{"@type":"BreadcrumbList","@id":"https:\/\/topmedicus.eu\/hr\/izdelek\/regenerativna-i-hranjiva-maska-za-kosu-keratin-forte-maska-200-ml\/#breadcrumb","itemListElement":[{"@type":"ListItem","position":1,"name":"Home","item":"https:\/\/topmedicus.eu\/hr\/domaca-stranica\/"},{"@type":"ListItem","position":2,"name":"Shop","item":"https:\/\/topmedicus.eu\/shop\/"},{"@type":"ListItem","position":3,"name":"Regenerativna i hranjiva maska za kosu \u2013 KERATIN FORTE MASKA, 200 ml"}]},{"@type":"WebSite","@id":"https:\/\/topmedicus.eu\/en\/#website","url":"https:\/\/topmedicus.eu\/en\/","name":"Topmedicus HR","description":"Prehranska dopolnila in dermatolo\u0161ka kozmetika","potentialAction":[{"@type":"SearchAction","target":{"@type":"EntryPoint","urlTemplate":"https:\/\/topmedicus.eu\/en\/?s={search_term_string}"},"query-input":{"@type":"PropertyValueSpecification","valueRequired":true,"valueName":"search_term_string"}}],"inLanguage":"hr"}]}},"jetpack_sharing_enabled":true,"_links":{"self":[{"href":"https:\/\/topmedicus.eu\/hr\/wp-json\/wp\/v2\/product\/13479","targetHints":{"allow":["GET"]}}],"collection":[{"href":"https:\/\/topmedicus.eu\/hr\/wp-json\/wp\/v2\/product"}],"about":[{"href":"https:\/\/topmedicus.eu\/hr\/wp-json\/wp\/v2\/types\/product"}],"replies":[{"embeddable":true,"href":"https:\/\/topmedicus.eu\/hr\/wp-json\/wp\/v2\/comments?post=13479"}],"wp:featuredmedia":[{"embeddable":true,"href":"https:\/\/topmedicus.eu\/hr\/wp-json\/wp\/v2\/media\/13394"}],"wp:attachment":[{"href":"https:\/\/topmedicus.eu\/hr\/wp-json\/wp\/v2\/media?parent=13479"}],"wp:term":[{"taxonomy":"product_brand","embeddable":true,"href":"https:\/\/topmedicus.eu\/hr\/wp-json\/wp\/v2\/product_brand?post=13479"},{"taxonomy":"product_cat","embeddable":true,"href":"https:\/\/topmedicus.eu\/hr\/wp-json\/wp\/v2\/product_cat?post=13479"},{"taxonomy":"product_tag","embeddable":true,"href":"https:\/\/topmedicus.eu\/hr\/wp-json\/wp\/v2\/product_tag?post=13479"},{"taxonomy":"blagovna-znamka","embeddable":true,"href":"https:\/\/topmedicus.eu\/hr\/wp-json\/wp\/v2\/blagovna-znamka?post=13479"}],"curies":[{"name":"wp","href":"https:\/\/api.w.org\/{rel}","templated":true}]}}