{"id":13485,"date":"2025-02-12T21:59:06","date_gmt":"2025-02-12T21:59:06","guid":{"rendered":"https:\/\/topmedicus.eu\/izdelek\/smanjuje-bore-za-suhu-i-osjetljivu-kozu-activ-protiv-bora-30-kapsula\/"},"modified":"2025-02-12T21:59:06","modified_gmt":"2025-02-12T21:59:06","slug":"smanjuje-bore-za-suhu-i-osjetljivu-kozu-activ-protiv-bora-30-kapsula","status":"publish","type":"product","link":"https:\/\/topmedicus.eu\/hr\/izdelek\/smanjuje-bore-za-suhu-i-osjetljivu-kozu-activ-protiv-bora-30-kapsula\/","title":{"rendered":"Smanjuje bore, za suhu i osjetljivu ko\u017eu \u2013 ACTIV\u00b4 PROTIV BORA, 30 kapsula"},"content":{"rendered":"<p data-start=\"0\" data-end=\"162\"><strong data-start=\"0\" data-end=\"21\">ACTIV PROTIV BORA<\/strong> premium je dodatak prehrani vrhunskog francuskog proizvo\u0111a\u010da <strong data-start=\"83\" data-end=\"94\">Biocyte<\/strong>, prva formula temeljena na <strong data-start=\"122\" data-end=\"141\">Glycoserumu EF\u00ae<\/strong>, vitaminu C i cinku.<\/p>\n<p data-start=\"164\" data-end=\"645\">Nakon 25. godine po\u010dinju se pojavljivati prvi znakovi starenja, koje dodatno pogor\u0161avaju hormonske promjene, one\u010di\u0161\u0107enje i drugi vanjski \u010dimbenici. Kako bi se ko\u017ea ponovno hidratizirala iznutra i djelovalo u samom sredi\u0161tu epidermisa, laboratorij Biocyte razvio je <strong data-start=\"429\" data-end=\"451\">ACTIV\u2019 PROTIV BORA<\/strong>. Ovaj dodatak prehrani kombinira patentirani aktivni sastojak <strong data-start=\"514\" data-end=\"532\">Glycoserum EF\u00ae<\/strong>, koji dokazano smanjuje bore i hidratizira ko\u017eu, s vitaminom C i cinkom koji doprinose odr\u017eavanju normalne ko\u017ee.<\/p>\n<p data-start=\"647\" data-end=\"1102\"><strong data-start=\"647\" data-end=\"665\">Glycoserum EF\u00ae<\/strong> je ekstrakt iz p\u0161eni\u010dnih klica bogat glikolipidima, fosfolipidima i ceramidima \u2014 klju\u010dnim sastojcima za obnovu ko\u017ene barijere. Mo\u017ee smanjiti dubinu bora do 22 %. Vitamin C poti\u010de normalnu sintezu kolagena, dok cink doprinosi odr\u017eavanju zdrave ko\u017ee. Zajedno pru\u017eaju dvostruko djelovanje: anti-age i hidratantno. Rezultati su potvr\u0111eni \u2014 tijekom 3 mjeseca hidratacija ko\u017ee pove\u0107ava se do 63 %, a osje\u0107aj ugode ko\u017ee zna\u010dajno se pobolj\u0161ava.<\/p>\n<p data-start=\"1104\" data-end=\"1323\"><strong data-start=\"1104\" data-end=\"1126\">ACTIV\u2019 PROTIV BORA<\/strong> odlikuje se bezglutenskom formulom prikladnom za vegetarijance i vegane te u\u010dinkovito\u0161\u0107u potvr\u0111enom klini\u010dkim studijama. Idealan je za uklju\u010divanje u holisti\u010dki nutrikozmeti\u010dki pristup njezi ko\u017ee.<\/p>\n<h4>Dvostruko djelovanje ACTIV\u2019 PROTIV BORA\u00ae<\/h4>\n<p data-start=\"1376\" data-end=\"1486\"><strong data-start=\"1376\" data-end=\"1401\">Na razini epidermisa:<\/strong><br data-start=\"1401\" data-end=\"1404\" \/>smanjuje bore\u00b9 i crvenilo\u00b2 te pobolj\u0161ava izgled ko\u017ee zahvaljuju\u0107i Glycoserumu EF\u00ae.<\/p>\n<p data-start=\"1488\" data-end=\"1657\"><strong data-start=\"1488\" data-end=\"1510\">Na razini dermisa:<\/strong><br data-start=\"1510\" data-end=\"1513\" \/>vitamin C doprinosi normalnoj sintezi kolagena za normalnu funkciju ko\u017ee, dok vitamin C i cink doprinose za\u0161titi stanica od oksidativnog stresa.<\/p>\n<p data-start=\"1664\" data-end=\"1729\"><strong>Nutritivna vrijednost za preporu\u010denu dnevnu dozu (1 kapsula):<\/strong><\/p>\n<ul>\n<li data-start=\"1731\" data-end=\"1913\">Glycoserum EF\u00ae &#8230;&#8230;&#8230;&#8230;&#8230;. 350 mg<br data-start=\"1769\" data-end=\"1772\" \/>\u2003od \u010dega glikolipidi &#8230;&#8230;&#8230;&#8230;.. 70 mg<br data-start=\"1813\" data-end=\"1816\" \/>\u2003fosfolipidi &#8230;&#8230;&#8230;&#8230;&#8230;&#8230;&#8230;&#8230;.. 24,5 mg<br data-start=\"1863\" data-end=\"1866\" \/>\u2003ceramidi &#8230;&#8230;&#8230;&#8230;&#8230;&#8230;&#8230;&#8230;&#8230;. 0,7 mg<\/li>\n<li data-start=\"1731\" data-end=\"1913\">Vitamin C &#8230;&#8230;&#8230;&#8230;&#8230;&#8230;&#8230;&#8230;&#8230;.. 30 mg \/ 37 % PU*<\/li>\n<li data-start=\"1731\" data-end=\"1913\">Cink &#8230;&#8230;&#8230;&#8230;&#8230;&#8230;&#8230;&#8230;&#8230;&#8230;&#8230;&#8230;&#8230; 10 mg \/ 100 % PU*<\/li>\n<\/ul>\n<p data-start=\"2040\" data-end=\"2070\">*PU = preporu\u010deni dnevni unos<\/p>\n<h4 data-start=\"2077\" data-end=\"2090\">Vitamin C<\/h4>\n<p data-start=\"2092\" data-end=\"2356\">Vitamin C sudjeluje u brojnim biolo\u0161kim procesima, doprinosi za\u0161titi stanica od oksidativnog stresa, podr\u017eava sintezu strukturnih proteina i sudjeluje u proizvodnji energije. Budu\u0107i da je topiv u vodi i ne mo\u017ee se skladi\u0161titi u organizmu, potreban je redovit unos.<\/p>\n<h4 data-start=\"2358\" data-end=\"2366\">Cink<\/h4>\n<p data-start=\"2368\" data-end=\"2562\">Cink je esencijalni element u tragovima uklju\u010den u brojne biolo\u0161ke procese. Ima va\u017enu ulogu u stabilnosti stani\u010dnih membrana i proteina te u procesima obnove, regeneracije i stani\u010dne regulacije.<\/p>\n<p data-start=\"2564\" data-end=\"2585\"><em>Neto te\u017eina: 21 g<\/em><\/p>\n<p data-start=\"2587\" data-end=\"2621\" data-is-last-node=\"\" data-is-only-node=\"\"><em>Proizvo\u0111a\u010d: Biocyte, Francuska<\/em><\/p>\n","protected":false},"excerpt":{"rendered":"<h4 data-start=\"0\" data-end=\"41\"><strong data-start=\"0\" data-end=\"41\">SMANJUJE BORE, SUHA I OSJETLJIVA KO\u017dA<\/strong><\/h4>\n<p data-start=\"43\" data-end=\"101\">Dodatak prehrani s <strong>Glycoserumom EF\u00ae, vitaminom C i cinkom<\/strong>.<\/p>\n<p data-start=\"103\" data-end=\"246\">Smanjuje bore (-22 %), hidratizira (+63 %) i ja\u010da ko\u017enu barijeru zahvaljuju\u0107i inovativnoj formuli koja sadr\u017ei Glycoserum EF\u00ae, vitamin C i cink.<\/p>\n<ul>\n<li data-start=\"248\" data-end=\"539\"><strong>Dvostruko anti-age i hidratantno djelovanje<\/strong> zahvaljuju\u0107i kompleksu Glycoserum EF\u00ae.<\/li>\n<li data-start=\"248\" data-end=\"539\">Obnavlja za\u0161titnu barijeru osjetljive ko\u017ee i <strong>smanjuje dubinu bora do -22 %<\/strong>.<\/li>\n<li data-start=\"248\" data-end=\"539\">Klini\u010dki dokazana formulacija u 3 mjeseca <strong>pove\u0107ava hidrataciju ko\u017ee do 63 %<\/strong>.<\/li>\n<li data-start=\"248\" data-end=\"539\">Bez glutena. Prikladno za vegetarijance i vegane.<\/li>\n<\/ul>\n","protected":false},"featured_media":13486,"comment_status":"closed","ping_status":"closed","template":"","meta":{"_acf_changed":false},"product_brand":[1002],"product_cat":[1697],"product_tag":[],"blagovna-znamka":[],"class_list":{"0":"post-13485","1":"product","2":"type-product","3":"status-publish","4":"has-post-thumbnail","6":"product_brand-biocyte-hr","7":"product_cat-nekategorizirano-hr","9":"first","10":"instock","11":"taxable","12":"shipping-taxable","13":"purchasable","14":"product-type-simple"},"acf":[],"yoast_head":"<!-- This site is optimized with the Yoast SEO plugin v27.4 - https:\/\/yoast.com\/product\/yoast-seo-wordpress\/ -->\n<title>Smanjuje bore, za suhu i osjetljivu ko\u017eu \u2013 ACTIV\u00b4 PROTIV BORA, 30 kapsula - Topmedicus HR<\/title>\n<meta name=\"description\" content=\"Premium dodatak prehrani koji dokazano smanjuje dubinu bora do 22 % i pobolj\u0161ava hidrataciju ko\u017ee do 63 %. Za suhu i osjetljivu ko\u017eu.\" \/>\n<meta name=\"robots\" content=\"index, follow, max-snippet:-1, max-image-preview:large, max-video-preview:-1\" \/>\n<link rel=\"canonical\" href=\"https:\/\/topmedicus.eu\/hr\/izdelek\/smanjuje-bore-za-suhu-i-osjetljivu-kozu-activ-protiv-bora-30-kapsula\/\" \/>\n<meta property=\"og:locale\" content=\"hr_HR\" \/>\n<meta property=\"og:type\" content=\"article\" \/>\n<meta property=\"og:title\" content=\"Smanjuje bore, za suhu i osjetljivu ko\u017eu \u2013 ACTIV\u00b4 PROTIV BORA, 30 kapsula - Topmedicus HR\" \/>\n<meta property=\"og:description\" content=\"Premium dodatak prehrani koji dokazano smanjuje dubinu bora do 22 % i pobolj\u0161ava hidrataciju ko\u017ee do 63 %. Za suhu i osjetljivu ko\u017eu.\" \/>\n<meta property=\"og:url\" content=\"https:\/\/topmedicus.eu\/hr\/izdelek\/smanjuje-bore-za-suhu-i-osjetljivu-kozu-activ-protiv-bora-30-kapsula\/\" \/>\n<meta property=\"og:site_name\" content=\"Topmedicus HR\" \/>\n<meta property=\"og:image\" content=\"https:\/\/topmedicus.eu\/wp-content\/uploads\/2025\/02\/Biocyte-ACTIV-PROTI-GUBAM.jpg\" \/>\n\t<meta property=\"og:image:width\" content=\"601\" \/>\n\t<meta property=\"og:image:height\" content=\"599\" \/>\n\t<meta property=\"og:image:type\" content=\"image\/jpeg\" \/>\n<meta name=\"twitter:card\" content=\"summary_large_image\" \/>\n<meta name=\"twitter:label1\" content=\"Procijenjeno vrijeme \u010ditanja\" \/>\n\t<meta name=\"twitter:data1\" content=\"2 minute\" \/>\n<script type=\"application\/ld+json\" class=\"yoast-schema-graph\">{\"@context\":\"https:\\\/\\\/schema.org\",\"@graph\":[{\"@type\":\"WebPage\",\"@id\":\"https:\\\/\\\/topmedicus.eu\\\/hr\\\/izdelek\\\/smanjuje-bore-za-suhu-i-osjetljivu-kozu-activ-protiv-bora-30-kapsula\\\/\",\"url\":\"https:\\\/\\\/topmedicus.eu\\\/hr\\\/izdelek\\\/smanjuje-bore-za-suhu-i-osjetljivu-kozu-activ-protiv-bora-30-kapsula\\\/\",\"name\":\"Smanjuje bore, za suhu i osjetljivu ko\u017eu \u2013 ACTIV\u00b4 PROTIV BORA, 30 kapsula - Topmedicus HR\",\"isPartOf\":{\"@id\":\"https:\\\/\\\/topmedicus.eu\\\/en\\\/#website\"},\"primaryImageOfPage\":{\"@id\":\"https:\\\/\\\/topmedicus.eu\\\/hr\\\/izdelek\\\/smanjuje-bore-za-suhu-i-osjetljivu-kozu-activ-protiv-bora-30-kapsula\\\/#primaryimage\"},\"image\":{\"@id\":\"https:\\\/\\\/topmedicus.eu\\\/hr\\\/izdelek\\\/smanjuje-bore-za-suhu-i-osjetljivu-kozu-activ-protiv-bora-30-kapsula\\\/#primaryimage\"},\"thumbnailUrl\":\"https:\\\/\\\/topmedicus.eu\\\/wp-content\\\/uploads\\\/2025\\\/02\\\/Biocyte-ACTIV-PROTI-GUBAM.jpg\",\"datePublished\":\"2025-02-12T21:59:06+00:00\",\"description\":\"Premium dodatak prehrani koji dokazano smanjuje dubinu bora do 22 % i pobolj\u0161ava hidrataciju ko\u017ee do 63 %. Za suhu i osjetljivu ko\u017eu.\",\"breadcrumb\":{\"@id\":\"https:\\\/\\\/topmedicus.eu\\\/hr\\\/izdelek\\\/smanjuje-bore-za-suhu-i-osjetljivu-kozu-activ-protiv-bora-30-kapsula\\\/#breadcrumb\"},\"inLanguage\":\"hr\",\"potentialAction\":[{\"@type\":\"ReadAction\",\"target\":[\"https:\\\/\\\/topmedicus.eu\\\/hr\\\/izdelek\\\/smanjuje-bore-za-suhu-i-osjetljivu-kozu-activ-protiv-bora-30-kapsula\\\/\"]}]},{\"@type\":\"ImageObject\",\"inLanguage\":\"hr\",\"@id\":\"https:\\\/\\\/topmedicus.eu\\\/hr\\\/izdelek\\\/smanjuje-bore-za-suhu-i-osjetljivu-kozu-activ-protiv-bora-30-kapsula\\\/#primaryimage\",\"url\":\"https:\\\/\\\/topmedicus.eu\\\/wp-content\\\/uploads\\\/2025\\\/02\\\/Biocyte-ACTIV-PROTI-GUBAM.jpg\",\"contentUrl\":\"https:\\\/\\\/topmedicus.eu\\\/wp-content\\\/uploads\\\/2025\\\/02\\\/Biocyte-ACTIV-PROTI-GUBAM.jpg\",\"width\":601,\"height\":599},{\"@type\":\"BreadcrumbList\",\"@id\":\"https:\\\/\\\/topmedicus.eu\\\/hr\\\/izdelek\\\/smanjuje-bore-za-suhu-i-osjetljivu-kozu-activ-protiv-bora-30-kapsula\\\/#breadcrumb\",\"itemListElement\":[{\"@type\":\"ListItem\",\"position\":1,\"name\":\"Home\",\"item\":\"https:\\\/\\\/topmedicus.eu\\\/hr\\\/domaca-stranica\\\/\"},{\"@type\":\"ListItem\",\"position\":2,\"name\":\"Shop\",\"item\":\"https:\\\/\\\/topmedicus.eu\\\/shop\\\/\"},{\"@type\":\"ListItem\",\"position\":3,\"name\":\"Smanjuje bore, za suhu i osjetljivu ko\u017eu \u2013 ACTIV\u00b4 PROTIV BORA, 30 kapsula\"}]},{\"@type\":\"WebSite\",\"@id\":\"https:\\\/\\\/topmedicus.eu\\\/en\\\/#website\",\"url\":\"https:\\\/\\\/topmedicus.eu\\\/en\\\/\",\"name\":\"Topmedicus HR\",\"description\":\"Prehranska dopolnila in dermatolo\u0161ka kozmetika\",\"potentialAction\":[{\"@type\":\"SearchAction\",\"target\":{\"@type\":\"EntryPoint\",\"urlTemplate\":\"https:\\\/\\\/topmedicus.eu\\\/en\\\/?s={search_term_string}\"},\"query-input\":{\"@type\":\"PropertyValueSpecification\",\"valueRequired\":true,\"valueName\":\"search_term_string\"}}],\"inLanguage\":\"hr\"}]}<\/script>\n<!-- \/ Yoast SEO plugin. -->","yoast_head_json":{"title":"Smanjuje bore, za suhu i osjetljivu ko\u017eu \u2013 ACTIV\u00b4 PROTIV BORA, 30 kapsula - Topmedicus HR","description":"Premium dodatak prehrani koji dokazano smanjuje dubinu bora do 22 % i pobolj\u0161ava hidrataciju ko\u017ee do 63 %. Za suhu i osjetljivu ko\u017eu.","robots":{"index":"index","follow":"follow","max-snippet":"max-snippet:-1","max-image-preview":"max-image-preview:large","max-video-preview":"max-video-preview:-1"},"canonical":"https:\/\/topmedicus.eu\/hr\/izdelek\/smanjuje-bore-za-suhu-i-osjetljivu-kozu-activ-protiv-bora-30-kapsula\/","og_locale":"hr_HR","og_type":"article","og_title":"Smanjuje bore, za suhu i osjetljivu ko\u017eu \u2013 ACTIV\u00b4 PROTIV BORA, 30 kapsula - Topmedicus HR","og_description":"Premium dodatak prehrani koji dokazano smanjuje dubinu bora do 22 % i pobolj\u0161ava hidrataciju ko\u017ee do 63 %. Za suhu i osjetljivu ko\u017eu.","og_url":"https:\/\/topmedicus.eu\/hr\/izdelek\/smanjuje-bore-za-suhu-i-osjetljivu-kozu-activ-protiv-bora-30-kapsula\/","og_site_name":"Topmedicus HR","og_image":[{"width":601,"height":599,"url":"https:\/\/topmedicus.eu\/wp-content\/uploads\/2025\/02\/Biocyte-ACTIV-PROTI-GUBAM.jpg","type":"image\/jpeg"}],"twitter_card":"summary_large_image","twitter_misc":{"Procijenjeno vrijeme \u010ditanja":"2 minute"},"schema":{"@context":"https:\/\/schema.org","@graph":[{"@type":"WebPage","@id":"https:\/\/topmedicus.eu\/hr\/izdelek\/smanjuje-bore-za-suhu-i-osjetljivu-kozu-activ-protiv-bora-30-kapsula\/","url":"https:\/\/topmedicus.eu\/hr\/izdelek\/smanjuje-bore-za-suhu-i-osjetljivu-kozu-activ-protiv-bora-30-kapsula\/","name":"Smanjuje bore, za suhu i osjetljivu ko\u017eu \u2013 ACTIV\u00b4 PROTIV BORA, 30 kapsula - Topmedicus HR","isPartOf":{"@id":"https:\/\/topmedicus.eu\/en\/#website"},"primaryImageOfPage":{"@id":"https:\/\/topmedicus.eu\/hr\/izdelek\/smanjuje-bore-za-suhu-i-osjetljivu-kozu-activ-protiv-bora-30-kapsula\/#primaryimage"},"image":{"@id":"https:\/\/topmedicus.eu\/hr\/izdelek\/smanjuje-bore-za-suhu-i-osjetljivu-kozu-activ-protiv-bora-30-kapsula\/#primaryimage"},"thumbnailUrl":"https:\/\/topmedicus.eu\/wp-content\/uploads\/2025\/02\/Biocyte-ACTIV-PROTI-GUBAM.jpg","datePublished":"2025-02-12T21:59:06+00:00","description":"Premium dodatak prehrani koji dokazano smanjuje dubinu bora do 22 % i pobolj\u0161ava hidrataciju ko\u017ee do 63 %. Za suhu i osjetljivu ko\u017eu.","breadcrumb":{"@id":"https:\/\/topmedicus.eu\/hr\/izdelek\/smanjuje-bore-za-suhu-i-osjetljivu-kozu-activ-protiv-bora-30-kapsula\/#breadcrumb"},"inLanguage":"hr","potentialAction":[{"@type":"ReadAction","target":["https:\/\/topmedicus.eu\/hr\/izdelek\/smanjuje-bore-za-suhu-i-osjetljivu-kozu-activ-protiv-bora-30-kapsula\/"]}]},{"@type":"ImageObject","inLanguage":"hr","@id":"https:\/\/topmedicus.eu\/hr\/izdelek\/smanjuje-bore-za-suhu-i-osjetljivu-kozu-activ-protiv-bora-30-kapsula\/#primaryimage","url":"https:\/\/topmedicus.eu\/wp-content\/uploads\/2025\/02\/Biocyte-ACTIV-PROTI-GUBAM.jpg","contentUrl":"https:\/\/topmedicus.eu\/wp-content\/uploads\/2025\/02\/Biocyte-ACTIV-PROTI-GUBAM.jpg","width":601,"height":599},{"@type":"BreadcrumbList","@id":"https:\/\/topmedicus.eu\/hr\/izdelek\/smanjuje-bore-za-suhu-i-osjetljivu-kozu-activ-protiv-bora-30-kapsula\/#breadcrumb","itemListElement":[{"@type":"ListItem","position":1,"name":"Home","item":"https:\/\/topmedicus.eu\/hr\/domaca-stranica\/"},{"@type":"ListItem","position":2,"name":"Shop","item":"https:\/\/topmedicus.eu\/shop\/"},{"@type":"ListItem","position":3,"name":"Smanjuje bore, za suhu i osjetljivu ko\u017eu \u2013 ACTIV\u00b4 PROTIV BORA, 30 kapsula"}]},{"@type":"WebSite","@id":"https:\/\/topmedicus.eu\/en\/#website","url":"https:\/\/topmedicus.eu\/en\/","name":"Topmedicus HR","description":"Prehranska dopolnila in dermatolo\u0161ka kozmetika","potentialAction":[{"@type":"SearchAction","target":{"@type":"EntryPoint","urlTemplate":"https:\/\/topmedicus.eu\/en\/?s={search_term_string}"},"query-input":{"@type":"PropertyValueSpecification","valueRequired":true,"valueName":"search_term_string"}}],"inLanguage":"hr"}]}},"jetpack_sharing_enabled":true,"_links":{"self":[{"href":"https:\/\/topmedicus.eu\/hr\/wp-json\/wp\/v2\/product\/13485","targetHints":{"allow":["GET"]}}],"collection":[{"href":"https:\/\/topmedicus.eu\/hr\/wp-json\/wp\/v2\/product"}],"about":[{"href":"https:\/\/topmedicus.eu\/hr\/wp-json\/wp\/v2\/types\/product"}],"replies":[{"embeddable":true,"href":"https:\/\/topmedicus.eu\/hr\/wp-json\/wp\/v2\/comments?post=13485"}],"wp:featuredmedia":[{"embeddable":true,"href":"https:\/\/topmedicus.eu\/hr\/wp-json\/wp\/v2\/media\/13486"}],"wp:attachment":[{"href":"https:\/\/topmedicus.eu\/hr\/wp-json\/wp\/v2\/media?parent=13485"}],"wp:term":[{"taxonomy":"product_brand","embeddable":true,"href":"https:\/\/topmedicus.eu\/hr\/wp-json\/wp\/v2\/product_brand?post=13485"},{"taxonomy":"product_cat","embeddable":true,"href":"https:\/\/topmedicus.eu\/hr\/wp-json\/wp\/v2\/product_cat?post=13485"},{"taxonomy":"product_tag","embeddable":true,"href":"https:\/\/topmedicus.eu\/hr\/wp-json\/wp\/v2\/product_tag?post=13485"},{"taxonomy":"blagovna-znamka","embeddable":true,"href":"https:\/\/topmedicus.eu\/hr\/wp-json\/wp\/v2\/blagovna-znamka?post=13485"}],"curies":[{"name":"wp","href":"https:\/\/api.w.org\/{rel}","templated":true}]}}