{"id":13493,"date":"2025-02-12T21:59:05","date_gmt":"2025-02-12T21:59:05","guid":{"rendered":"https:\/\/topmedicus.eu\/izdelek\/imunitet-liposomski-cink-15-mg-60-kapsula\/"},"modified":"2025-02-12T21:59:05","modified_gmt":"2025-02-12T21:59:05","slug":"imunitet-liposomski-cink-15-mg-60-kapsula","status":"publish","type":"product","link":"https:\/\/topmedicus.eu\/hr\/izdelek\/imunitet-liposomski-cink-15-mg-60-kapsula\/","title":{"rendered":"Imunitet \u2013 LIPOSOMSKI CINK 15 mg, 60 kapsula"},"content":{"rendered":"<p data-start=\"0\" data-end=\"484\"><strong data-start=\"0\" data-end=\"25\">LIPOSOMALNI CINK 15 mg<\/strong> vrhunskog francuskog proizvo\u0111a\u010da <strong data-start=\"59\" data-end=\"70\">Biocyte<\/strong> osigurava optimalan unos cinka zahvaljuju\u0107i tehnologiji mikroinkapsulacije koja maksimalno pove\u0107ava apsorpciju. Ovaj esencijalni element u tragovima doprinosi zdravoj ko\u017ei, \u0161titi stanice od oksidativnog stresa i podr\u017eava normalno funkcioniranje imunolo\u0161kog sustava. Svaka kapsula sadr\u017ei 15 mg cinka, \u0161to predstavlja 150 % preporu\u010denog dnevnog unosa, te osigurava optimalnu opskrbu organizma ovim va\u017enim mineralom.<\/p>\n<p data-start=\"486\" data-end=\"554\">Dodatak prehrani prikladan je za vegetarijansku i vegansku prehranu.<\/p>\n<h4 data-start=\"561\" data-end=\"580\">Cink doprinosi:<\/h4>\n<ul>\n<li data-start=\"584\" data-end=\"630\">normalnom funkcioniranju imunolo\u0161kog sustava<\/li>\n<li data-start=\"584\" data-end=\"630\">za\u0161titi stanica od oksidativnog stresa<\/li>\n<li data-start=\"584\" data-end=\"630\">odr\u017eavanju normalne ko\u017ee, kose i noktiju<\/li>\n<li data-start=\"584\" data-end=\"630\">normalnom kiselinsko-baznom metabolizmu<\/li>\n<li data-start=\"584\" data-end=\"630\">normalnom metabolizmu ugljikohidrata, makronutrijenata, masnih kiselina i vitamina A te normalnoj sintezi proteina<\/li>\n<li data-start=\"584\" data-end=\"630\">odr\u017eavanju normalnih kostiju<\/li>\n<li data-start=\"584\" data-end=\"630\">normalnoj sintezi DNK<\/li>\n<li data-start=\"584\" data-end=\"630\">normalnoj plodnosti i reprodukciji<\/li>\n<li data-start=\"584\" data-end=\"630\">odr\u017eavanju normalnog vida<\/li>\n<li data-start=\"584\" data-end=\"630\">normalnim kognitivnim funkcijama<\/li>\n<li data-start=\"584\" data-end=\"630\">odr\u017eavanju normalne razine testosterona u krvi<\/li>\n<li data-start=\"584\" data-end=\"630\">procesu diobe stanica<\/li>\n<\/ul>\n<p data-start=\"1130\" data-end=\"1195\"><strong>Nutritivna vrijednost za preporu\u010denu dnevnu dozu (1 kapsula):<\/strong><\/p>\n<p data-start=\"1197\" data-end=\"1249\">Cink &#8230;&#8230;&#8230;&#8230;&#8230;&#8230;&#8230;&#8230;&#8230; 15 mg \/ 150 % PU*<\/p>\n<p data-start=\"1251\" data-end=\"1281\">*PU = preporu\u010deni dnevni unos<\/p>\n<div class=\"flex flex-col text-sm pb-25\">\n<article class=\"text-token-text-primary w-full focus:outline-none [--shadow-height:45px] has-data-writing-block:pointer-events-none has-data-writing-block:-mt-(--shadow-height) has-data-writing-block:pt-(--shadow-height) [&amp;:has([data-writing-block])&gt;*]:pointer-events-auto scroll-mt-[calc(var(--header-height)+min(200px,max(70px,20svh)))]\" dir=\"auto\" tabindex=\"-1\" data-turn-id=\"request-699015d4-7100-838e-b6f9-3f257241e18c-8\" data-testid=\"conversation-turn-288\" data-scroll-anchor=\"true\" data-turn=\"assistant\">\n<div class=\"text-base my-auto mx-auto pb-10 [--thread-content-margin:--spacing(4)] @w-sm\/main:[--thread-content-margin:--spacing(6)] @w-lg\/main:[--thread-content-margin:--spacing(16)] px-(--thread-content-margin)\">\n<div class=\"[--thread-content-max-width:40rem] @w-lg\/main:[--thread-content-max-width:48rem] mx-auto max-w-(--thread-content-max-width) flex-1 group\/turn-messages focus-visible:outline-hidden relative flex w-full min-w-0 flex-col agent-turn\" tabindex=\"-1\">\n<div class=\"flex max-w-full flex-col grow\">\n<div class=\"min-h-8 text-message relative flex w-full flex-col items-end gap-2 text-start break-words whitespace-normal [.text-message+&amp;]:mt-1\" dir=\"auto\" data-message-author-role=\"assistant\" data-message-id=\"f7fd0366-d2c7-42e6-93d3-76bc2609677e\" data-message-model-slug=\"gpt-5-2\">\n<div class=\"flex w-full flex-col gap-1 empty:hidden first:pt-[1px]\">\n<div class=\"markdown prose dark:prose-invert w-full wrap-break-word light markdown-new-styling\">\n<h3 data-start=\"1288\" data-end=\"1296\">Cink<\/h3>\n<p data-start=\"1298\" data-end=\"1628\">Cink, prisutan u svakoj stanici organizma, esencijalni je element u tragovima uklju\u010den u brojne biolo\u0161ke procese. Ima klju\u010dnu ulogu u djelovanju mnogih enzima, stabilnosti stani\u010dnih membrana i proteina te u procesima obnove, regeneracije i stani\u010dne regulacije. Budu\u0107i da ga organizam ne mo\u017ee skladi\u0161titi, potreban je redovit unos.<\/p>\n<p data-start=\"1630\" data-end=\"1653\"><em>Neto te\u017eina: 19,2 g<\/em><\/p>\n<p data-start=\"1655\" data-end=\"1689\" data-is-last-node=\"\" data-is-only-node=\"\"><em>Proizvo\u0111a\u010d: Biocyte, Francuska<\/em><\/p>\n<\/div>\n<\/div>\n<\/div>\n<\/div>\n<\/div>\n<\/div>\n<\/article>\n<\/div>\n","protected":false},"excerpt":{"rendered":"<h4 data-start=\"0\" data-end=\"21\"><strong data-start=\"0\" data-end=\"21\">IMUNOLO\u0160KI SUSTAV<\/strong><\/h4>\n<p data-start=\"23\" data-end=\"133\">Dodatak prehrani s <strong>visoko bioraspolo\u017eivim liposomalnim cinkom<\/strong> \u2013 za normalno funkcioniranje imunolo\u0161kog sustava.<\/p>\n<p data-start=\"135\" data-end=\"221\">Ja\u010da imunolo\u0161ku obranu, \u0161titi stanice od oksidativnog stresa i doprinosi zdravoj ko\u017ei.<\/p>\n<ul>\n<li data-start=\"223\" data-end=\"398\"><strong>Visoka doza cinka<\/strong>: jedna dnevna doza odgovara 150 % preporu\u010denog dnevnog unosa.<\/li>\n<li data-start=\"223\" data-end=\"398\">Mikroinkapsulirani aktivni sastojak za <strong>bolju bioraspolo\u017eivost<\/strong>.<\/li>\n<li data-start=\"223\" data-end=\"398\">Formula prikladna za vegane.<\/li>\n<\/ul>\n","protected":false},"featured_media":13494,"comment_status":"closed","ping_status":"closed","template":"","meta":{"_acf_changed":false},"product_brand":[1002],"product_cat":[578],"product_tag":[],"blagovna-znamka":[],"class_list":{"0":"post-13493","1":"product","2":"type-product","3":"status-publish","4":"has-post-thumbnail","6":"product_brand-biocyte-hr","7":"product_cat-imunoloski-sustav","9":"first","10":"instock","11":"taxable","12":"shipping-taxable","13":"purchasable","14":"product-type-simple"},"acf":[],"yoast_head":"<!-- This site is optimized with the Yoast SEO plugin v27.4 - https:\/\/yoast.com\/product\/yoast-seo-wordpress\/ -->\n<title>Imunitet \u2013 LIPOSOMSKI CINK 15 mg, 60 kapsula - Topmedicus HR<\/title>\n<meta name=\"description\" content=\"Zahvaljuju\u0107i prirodnim svojstvima cinka doprinosi ja\u010danju imunolo\u0161kog sustava. Koristan je i za one koji \u017eele smanjiti akne i pobolj\u0161ati izgled ko\u017ee. S visokom bioraspolo\u017eivo\u0161\u0107u.\" \/>\n<meta name=\"robots\" content=\"index, follow, max-snippet:-1, max-image-preview:large, max-video-preview:-1\" \/>\n<link rel=\"canonical\" href=\"https:\/\/topmedicus.eu\/hr\/izdelek\/imunitet-liposomski-cink-15-mg-60-kapsula\/\" \/>\n<meta property=\"og:locale\" content=\"hr_HR\" \/>\n<meta property=\"og:type\" content=\"article\" \/>\n<meta property=\"og:title\" content=\"Imunitet \u2013 LIPOSOMSKI CINK 15 mg, 60 kapsula - Topmedicus HR\" \/>\n<meta property=\"og:description\" content=\"Zahvaljuju\u0107i prirodnim svojstvima cinka doprinosi ja\u010danju imunolo\u0161kog sustava. Koristan je i za one koji \u017eele smanjiti akne i pobolj\u0161ati izgled ko\u017ee. S visokom bioraspolo\u017eivo\u0161\u0107u.\" \/>\n<meta property=\"og:url\" content=\"https:\/\/topmedicus.eu\/hr\/izdelek\/imunitet-liposomski-cink-15-mg-60-kapsula\/\" \/>\n<meta property=\"og:site_name\" content=\"Topmedicus HR\" \/>\n<meta property=\"og:image\" content=\"https:\/\/topmedicus.eu\/wp-content\/uploads\/2025\/02\/Liposomski-cink-15-mg.jpg\" \/>\n\t<meta property=\"og:image:width\" content=\"600\" \/>\n\t<meta property=\"og:image:height\" content=\"600\" \/>\n\t<meta property=\"og:image:type\" content=\"image\/jpeg\" \/>\n<meta name=\"twitter:card\" content=\"summary_large_image\" \/>\n<meta name=\"twitter:label1\" content=\"Procijenjeno vrijeme \u010ditanja\" \/>\n\t<meta name=\"twitter:data1\" content=\"1 minuta\" \/>\n<script type=\"application\/ld+json\" class=\"yoast-schema-graph\">{\"@context\":\"https:\\\/\\\/schema.org\",\"@graph\":[{\"@type\":\"WebPage\",\"@id\":\"https:\\\/\\\/topmedicus.eu\\\/hr\\\/izdelek\\\/imunitet-liposomski-cink-15-mg-60-kapsula\\\/\",\"url\":\"https:\\\/\\\/topmedicus.eu\\\/hr\\\/izdelek\\\/imunitet-liposomski-cink-15-mg-60-kapsula\\\/\",\"name\":\"Imunitet \u2013 LIPOSOMSKI CINK 15 mg, 60 kapsula - Topmedicus HR\",\"isPartOf\":{\"@id\":\"https:\\\/\\\/topmedicus.eu\\\/en\\\/#website\"},\"primaryImageOfPage\":{\"@id\":\"https:\\\/\\\/topmedicus.eu\\\/hr\\\/izdelek\\\/imunitet-liposomski-cink-15-mg-60-kapsula\\\/#primaryimage\"},\"image\":{\"@id\":\"https:\\\/\\\/topmedicus.eu\\\/hr\\\/izdelek\\\/imunitet-liposomski-cink-15-mg-60-kapsula\\\/#primaryimage\"},\"thumbnailUrl\":\"https:\\\/\\\/topmedicus.eu\\\/wp-content\\\/uploads\\\/2025\\\/02\\\/Liposomski-cink-15-mg.jpg\",\"datePublished\":\"2025-02-12T21:59:05+00:00\",\"description\":\"Zahvaljuju\u0107i prirodnim svojstvima cinka doprinosi ja\u010danju imunolo\u0161kog sustava. Koristan je i za one koji \u017eele smanjiti akne i pobolj\u0161ati izgled ko\u017ee. S visokom bioraspolo\u017eivo\u0161\u0107u.\",\"breadcrumb\":{\"@id\":\"https:\\\/\\\/topmedicus.eu\\\/hr\\\/izdelek\\\/imunitet-liposomski-cink-15-mg-60-kapsula\\\/#breadcrumb\"},\"inLanguage\":\"hr\",\"potentialAction\":[{\"@type\":\"ReadAction\",\"target\":[\"https:\\\/\\\/topmedicus.eu\\\/hr\\\/izdelek\\\/imunitet-liposomski-cink-15-mg-60-kapsula\\\/\"]}]},{\"@type\":\"ImageObject\",\"inLanguage\":\"hr\",\"@id\":\"https:\\\/\\\/topmedicus.eu\\\/hr\\\/izdelek\\\/imunitet-liposomski-cink-15-mg-60-kapsula\\\/#primaryimage\",\"url\":\"https:\\\/\\\/topmedicus.eu\\\/wp-content\\\/uploads\\\/2025\\\/02\\\/Liposomski-cink-15-mg.jpg\",\"contentUrl\":\"https:\\\/\\\/topmedicus.eu\\\/wp-content\\\/uploads\\\/2025\\\/02\\\/Liposomski-cink-15-mg.jpg\",\"width\":600,\"height\":600},{\"@type\":\"BreadcrumbList\",\"@id\":\"https:\\\/\\\/topmedicus.eu\\\/hr\\\/izdelek\\\/imunitet-liposomski-cink-15-mg-60-kapsula\\\/#breadcrumb\",\"itemListElement\":[{\"@type\":\"ListItem\",\"position\":1,\"name\":\"Home\",\"item\":\"https:\\\/\\\/topmedicus.eu\\\/hr\\\/domaca-stranica\\\/\"},{\"@type\":\"ListItem\",\"position\":2,\"name\":\"Shop\",\"item\":\"https:\\\/\\\/topmedicus.eu\\\/shop\\\/\"},{\"@type\":\"ListItem\",\"position\":3,\"name\":\"Imunitet \u2013 LIPOSOMSKI CINK 15 mg, 60 kapsula\"}]},{\"@type\":\"WebSite\",\"@id\":\"https:\\\/\\\/topmedicus.eu\\\/en\\\/#website\",\"url\":\"https:\\\/\\\/topmedicus.eu\\\/en\\\/\",\"name\":\"Topmedicus HR\",\"description\":\"Prehranska dopolnila in dermatolo\u0161ka kozmetika\",\"potentialAction\":[{\"@type\":\"SearchAction\",\"target\":{\"@type\":\"EntryPoint\",\"urlTemplate\":\"https:\\\/\\\/topmedicus.eu\\\/en\\\/?s={search_term_string}\"},\"query-input\":{\"@type\":\"PropertyValueSpecification\",\"valueRequired\":true,\"valueName\":\"search_term_string\"}}],\"inLanguage\":\"hr\"}]}<\/script>\n<!-- \/ Yoast SEO plugin. -->","yoast_head_json":{"title":"Imunitet \u2013 LIPOSOMSKI CINK 15 mg, 60 kapsula - Topmedicus HR","description":"Zahvaljuju\u0107i prirodnim svojstvima cinka doprinosi ja\u010danju imunolo\u0161kog sustava. Koristan je i za one koji \u017eele smanjiti akne i pobolj\u0161ati izgled ko\u017ee. S visokom bioraspolo\u017eivo\u0161\u0107u.","robots":{"index":"index","follow":"follow","max-snippet":"max-snippet:-1","max-image-preview":"max-image-preview:large","max-video-preview":"max-video-preview:-1"},"canonical":"https:\/\/topmedicus.eu\/hr\/izdelek\/imunitet-liposomski-cink-15-mg-60-kapsula\/","og_locale":"hr_HR","og_type":"article","og_title":"Imunitet \u2013 LIPOSOMSKI CINK 15 mg, 60 kapsula - Topmedicus HR","og_description":"Zahvaljuju\u0107i prirodnim svojstvima cinka doprinosi ja\u010danju imunolo\u0161kog sustava. Koristan je i za one koji \u017eele smanjiti akne i pobolj\u0161ati izgled ko\u017ee. S visokom bioraspolo\u017eivo\u0161\u0107u.","og_url":"https:\/\/topmedicus.eu\/hr\/izdelek\/imunitet-liposomski-cink-15-mg-60-kapsula\/","og_site_name":"Topmedicus HR","og_image":[{"width":600,"height":600,"url":"https:\/\/topmedicus.eu\/wp-content\/uploads\/2025\/02\/Liposomski-cink-15-mg.jpg","type":"image\/jpeg"}],"twitter_card":"summary_large_image","twitter_misc":{"Procijenjeno vrijeme \u010ditanja":"1 minuta"},"schema":{"@context":"https:\/\/schema.org","@graph":[{"@type":"WebPage","@id":"https:\/\/topmedicus.eu\/hr\/izdelek\/imunitet-liposomski-cink-15-mg-60-kapsula\/","url":"https:\/\/topmedicus.eu\/hr\/izdelek\/imunitet-liposomski-cink-15-mg-60-kapsula\/","name":"Imunitet \u2013 LIPOSOMSKI CINK 15 mg, 60 kapsula - Topmedicus HR","isPartOf":{"@id":"https:\/\/topmedicus.eu\/en\/#website"},"primaryImageOfPage":{"@id":"https:\/\/topmedicus.eu\/hr\/izdelek\/imunitet-liposomski-cink-15-mg-60-kapsula\/#primaryimage"},"image":{"@id":"https:\/\/topmedicus.eu\/hr\/izdelek\/imunitet-liposomski-cink-15-mg-60-kapsula\/#primaryimage"},"thumbnailUrl":"https:\/\/topmedicus.eu\/wp-content\/uploads\/2025\/02\/Liposomski-cink-15-mg.jpg","datePublished":"2025-02-12T21:59:05+00:00","description":"Zahvaljuju\u0107i prirodnim svojstvima cinka doprinosi ja\u010danju imunolo\u0161kog sustava. Koristan je i za one koji \u017eele smanjiti akne i pobolj\u0161ati izgled ko\u017ee. S visokom bioraspolo\u017eivo\u0161\u0107u.","breadcrumb":{"@id":"https:\/\/topmedicus.eu\/hr\/izdelek\/imunitet-liposomski-cink-15-mg-60-kapsula\/#breadcrumb"},"inLanguage":"hr","potentialAction":[{"@type":"ReadAction","target":["https:\/\/topmedicus.eu\/hr\/izdelek\/imunitet-liposomski-cink-15-mg-60-kapsula\/"]}]},{"@type":"ImageObject","inLanguage":"hr","@id":"https:\/\/topmedicus.eu\/hr\/izdelek\/imunitet-liposomski-cink-15-mg-60-kapsula\/#primaryimage","url":"https:\/\/topmedicus.eu\/wp-content\/uploads\/2025\/02\/Liposomski-cink-15-mg.jpg","contentUrl":"https:\/\/topmedicus.eu\/wp-content\/uploads\/2025\/02\/Liposomski-cink-15-mg.jpg","width":600,"height":600},{"@type":"BreadcrumbList","@id":"https:\/\/topmedicus.eu\/hr\/izdelek\/imunitet-liposomski-cink-15-mg-60-kapsula\/#breadcrumb","itemListElement":[{"@type":"ListItem","position":1,"name":"Home","item":"https:\/\/topmedicus.eu\/hr\/domaca-stranica\/"},{"@type":"ListItem","position":2,"name":"Shop","item":"https:\/\/topmedicus.eu\/shop\/"},{"@type":"ListItem","position":3,"name":"Imunitet \u2013 LIPOSOMSKI CINK 15 mg, 60 kapsula"}]},{"@type":"WebSite","@id":"https:\/\/topmedicus.eu\/en\/#website","url":"https:\/\/topmedicus.eu\/en\/","name":"Topmedicus HR","description":"Prehranska dopolnila in dermatolo\u0161ka kozmetika","potentialAction":[{"@type":"SearchAction","target":{"@type":"EntryPoint","urlTemplate":"https:\/\/topmedicus.eu\/en\/?s={search_term_string}"},"query-input":{"@type":"PropertyValueSpecification","valueRequired":true,"valueName":"search_term_string"}}],"inLanguage":"hr"}]}},"jetpack_sharing_enabled":true,"_links":{"self":[{"href":"https:\/\/topmedicus.eu\/hr\/wp-json\/wp\/v2\/product\/13493","targetHints":{"allow":["GET"]}}],"collection":[{"href":"https:\/\/topmedicus.eu\/hr\/wp-json\/wp\/v2\/product"}],"about":[{"href":"https:\/\/topmedicus.eu\/hr\/wp-json\/wp\/v2\/types\/product"}],"replies":[{"embeddable":true,"href":"https:\/\/topmedicus.eu\/hr\/wp-json\/wp\/v2\/comments?post=13493"}],"wp:featuredmedia":[{"embeddable":true,"href":"https:\/\/topmedicus.eu\/hr\/wp-json\/wp\/v2\/media\/13494"}],"wp:attachment":[{"href":"https:\/\/topmedicus.eu\/hr\/wp-json\/wp\/v2\/media?parent=13493"}],"wp:term":[{"taxonomy":"product_brand","embeddable":true,"href":"https:\/\/topmedicus.eu\/hr\/wp-json\/wp\/v2\/product_brand?post=13493"},{"taxonomy":"product_cat","embeddable":true,"href":"https:\/\/topmedicus.eu\/hr\/wp-json\/wp\/v2\/product_cat?post=13493"},{"taxonomy":"product_tag","embeddable":true,"href":"https:\/\/topmedicus.eu\/hr\/wp-json\/wp\/v2\/product_tag?post=13493"},{"taxonomy":"blagovna-znamka","embeddable":true,"href":"https:\/\/topmedicus.eu\/hr\/wp-json\/wp\/v2\/blagovna-znamka?post=13493"}],"curies":[{"name":"wp","href":"https:\/\/api.w.org\/{rel}","templated":true}]}}