{"id":13507,"date":"2025-02-12T21:59:04","date_gmt":"2025-02-12T21:59:04","guid":{"rendered":"https:\/\/topmedicus.eu\/izdelek\/anti-age-hidratantna-maska-za-lice-1-maska\/"},"modified":"2026-02-15T11:01:43","modified_gmt":"2026-02-15T11:01:43","slug":"anti-age-hidratantna-maska-za-lice-1-maska","status":"publish","type":"product","link":"https:\/\/topmedicus.eu\/hr\/izdelek\/anti-age-hidratantna-maska-za-lice-1-maska\/","title":{"rendered":"ANTI-AGE &#038; HIDRATANTNA MASKA za lice, 1 maska"},"content":{"rendered":"<p data-start=\"0\" data-end=\"305\"><strong data-start=\"0\" data-end=\"32\">ANTI-AGE &amp; HIDRATANTNA MASKA<\/strong> vrhunskog francuskog proizvo\u0111a\u010da <strong data-start=\"66\" data-end=\"77\">Biocyte<\/strong> inovativni je kozmeti\u010dki tretman za lice koji dubinski hidratizira i regenerira ko\u017eu. Maska je izra\u0111ena od bioceluloze te ko\u017eu opskrbljuje trima esencijalnim aktivnim sastojcima: hijaluronskom kiselinom, kolagenom i ceramidima.<\/p>\n<p data-start=\"307\" data-end=\"579\">Hijaluronska kiselina poznata je po svojim hidratantnim svojstvima \u2014 poma\u017ee zadr\u017eati vlagu u ko\u017ei i sprije\u010diti dehidraciju. Kolagen poti\u010de \u010dvrsto\u0107u i elasti\u010dnost ko\u017ee te poma\u017ee smanjiti pojavu bora. Ceramidi ja\u010daju ko\u017enu barijeru i \u0161tite ko\u017eu od \u0161tetnih vanjskih utjecaja.<\/p>\n<p data-start=\"581\" data-end=\"867\">Zahvaljuju\u0107i bioceluloznom materijalu, <strong data-start=\"620\" data-end=\"652\">ANTI-AGE &amp; HIDRATANTNA MASKA<\/strong> savr\u0161eno prianja uz ko\u017eu, omogu\u0107uju\u0107i bolje prodiranje aktivnih sastojaka. Prikladna je za sve tipove ko\u017ee, uklju\u010duju\u0107i vrlo osjetljivu ko\u017eu, a nje\u017eno je parfimirana notama lista smokve za ugodno senzorno iskustvo.<\/p>\n<p data-start=\"869\" data-end=\"1107\">Za vidljivo gla\u0111u, \u010dvr\u0161\u0107u i bolje hidratiziranu ko\u017eu koristite <strong data-start=\"932\" data-end=\"964\">ANTI-AGE &amp; HIDRATANTNU MASKU<\/strong> jednom tjedno na o\u010di\u0161\u0107enoj i suhoj ko\u017ei lica. Ostavite da djeluje 15 do 20 minuta, zatim je uklonite i ostatak seruma nje\u017eno utapkajte u ko\u017eu.<\/p>\n<p data-start=\"2166\" data-end=\"2187\"><em>Neto te\u017eina: 25 g<\/em><\/p>\n<p data-start=\"2189\" data-end=\"2223\" data-is-last-node=\"\" data-is-only-node=\"\"><em>Proizvo\u0111a\u010d: Biocyte, Francuska<\/em><\/p>\n","protected":false},"excerpt":{"rendered":"<div class=\"flex flex-col text-sm pb-25\">\n<article class=\"text-token-text-primary w-full focus:outline-none [--shadow-height:45px] has-data-writing-block:pointer-events-none has-data-writing-block:-mt-(--shadow-height) has-data-writing-block:pt-(--shadow-height) [&amp;:has([data-writing-block])&gt;*]:pointer-events-auto scroll-mt-[calc(var(--header-height)+min(200px,max(70px,20svh)))]\" dir=\"auto\" tabindex=\"-1\" data-turn-id=\"request-WEB:36202e5e-ea89-45e1-879a-cfb0f886f820-52\" data-testid=\"conversation-turn-78\" data-scroll-anchor=\"true\" data-turn=\"assistant\">\n<div class=\"text-base my-auto mx-auto pb-10 [--thread-content-margin:--spacing(4)] @w-sm\/main:[--thread-content-margin:--spacing(6)] @w-lg\/main:[--thread-content-margin:--spacing(16)] px-(--thread-content-margin)\">\n<div class=\"[--thread-content-max-width:40rem] @w-lg\/main:[--thread-content-max-width:48rem] mx-auto max-w-(--thread-content-max-width) flex-1 group\/turn-messages focus-visible:outline-hidden relative flex w-full min-w-0 flex-col agent-turn\" tabindex=\"-1\">\n<div class=\"flex max-w-full flex-col grow\">\n<div class=\"min-h-8 text-message relative flex w-full flex-col items-end gap-2 text-start break-words whitespace-normal [.text-message+&amp;]:mt-1\" dir=\"auto\" data-message-author-role=\"assistant\" data-message-id=\"1b6f1a2f-8b6c-4932-84b3-719ebcb36844\" data-message-model-slug=\"gpt-5-2\">\n<div class=\"flex w-full flex-col gap-1 empty:hidden first:pt-[1px]\">\n<div class=\"markdown prose dark:prose-invert w-full wrap-break-word light markdown-new-styling\">\n<h4 data-start=\"0\" data-end=\"32\"><strong data-start=\"0\" data-end=\"32\">ANTI-AGE &amp; HIDRATANTNA MASKA<\/strong><\/h4>\n<p data-start=\"34\" data-end=\"173\">Dubinski hidratizira i regenerira ko\u017eu \u2014 zahvaljuju\u0107i bioceluloznoj maski koncentriranoj s hijaluronskom kiselinom, kolagenom i ceramidima.<\/p>\n<ul>\n<li data-start=\"177\" data-end=\"218\">Dubinski <strong>hidratizira i regenerira<\/strong> ko\u017eu.<\/li>\n<li data-start=\"177\" data-end=\"218\"><strong>Oboga\u0107ena<\/strong> hijaluronskom kiselinom.<\/li>\n<li data-start=\"177\" data-end=\"218\">Biocelulozna maska za <strong>pobolj\u0161ano prodiranje aktivnih sastojaka<\/strong>.<\/li>\n<li data-start=\"177\" data-end=\"218\">Prikladna za sve tipove ko\u017ee.Miris listova smokve.<\/li>\n<\/ul>\n<\/div>\n<\/div>\n<\/div>\n<\/div>\n<\/div>\n<\/div>\n<\/article>\n<\/div>\n","protected":false},"featured_media":13405,"comment_status":"closed","ping_status":"closed","template":"","meta":{"_acf_changed":false},"product_brand":[1002],"product_cat":[652,1327,929],"product_tag":[],"blagovna-znamka":[],"class_list":{"0":"post-13507","1":"product","2":"type-product","3":"status-publish","4":"has-post-thumbnail","6":"product_brand-biocyte-hr","7":"product_cat-ciscenje-lica","8":"product_cat-maske-hr","9":"product_cat-njega-lica-tijela-i-noga","11":"first","12":"instock","13":"taxable","14":"shipping-taxable","15":"purchasable","16":"product-type-simple"},"acf":[],"yoast_head":"<!-- This site is optimized with the Yoast SEO plugin v27.4 - https:\/\/yoast.com\/product\/yoast-seo-wordpress\/ -->\n<title>ANTI-AGE &amp; HIDRATANTNA MASKA za lice, 1 maska - Topmedicus HR<\/title>\n<meta name=\"description\" content=\"Anti-age intenzivna hidratantna maska za lice s prirodnim sastojcima \u2014 hijaluronskom kiselinom, kolagenom i elastinom. Dubinski biocelulozni tretman za zategnutu, hidratiziranu i elasti\u010dnu ko\u017eu.\" \/>\n<meta name=\"robots\" content=\"index, follow, max-snippet:-1, max-image-preview:large, max-video-preview:-1\" \/>\n<link rel=\"canonical\" href=\"https:\/\/topmedicus.eu\/hr\/izdelek\/anti-age-hidratantna-maska-za-lice-1-maska\/\" \/>\n<meta property=\"og:locale\" content=\"hr_HR\" \/>\n<meta property=\"og:type\" content=\"article\" \/>\n<meta property=\"og:title\" content=\"ANTI-AGE &amp; HIDRATANTNA MASKA za lice, 1 maska - Topmedicus HR\" \/>\n<meta property=\"og:description\" content=\"Anti-age intenzivna hidratantna maska za lice s prirodnim sastojcima \u2014 hijaluronskom kiselinom, kolagenom i elastinom. Dubinski biocelulozni tretman za zategnutu, hidratiziranu i elasti\u010dnu ko\u017eu.\" \/>\n<meta property=\"og:url\" content=\"https:\/\/topmedicus.eu\/hr\/izdelek\/anti-age-hidratantna-maska-za-lice-1-maska\/\" \/>\n<meta property=\"og:site_name\" content=\"Topmedicus HR\" \/>\n<meta property=\"article:modified_time\" content=\"2026-02-15T11:01:43+00:00\" \/>\n<meta property=\"og:image\" content=\"https:\/\/topmedicus.eu\/wp-content\/uploads\/2025\/02\/Biocyte-ANTI-AGE-MASKA.jpg\" \/>\n\t<meta property=\"og:image:width\" content=\"600\" \/>\n\t<meta property=\"og:image:height\" content=\"600\" \/>\n\t<meta property=\"og:image:type\" content=\"image\/jpeg\" \/>\n<meta name=\"twitter:card\" content=\"summary_large_image\" \/>\n<meta name=\"twitter:label1\" content=\"Procijenjeno vrijeme \u010ditanja\" \/>\n\t<meta name=\"twitter:data1\" content=\"1 minuta\" \/>\n<script type=\"application\/ld+json\" class=\"yoast-schema-graph\">{\"@context\":\"https:\\\/\\\/schema.org\",\"@graph\":[{\"@type\":\"WebPage\",\"@id\":\"https:\\\/\\\/topmedicus.eu\\\/hr\\\/izdelek\\\/anti-age-hidratantna-maska-za-lice-1-maska\\\/\",\"url\":\"https:\\\/\\\/topmedicus.eu\\\/hr\\\/izdelek\\\/anti-age-hidratantna-maska-za-lice-1-maska\\\/\",\"name\":\"ANTI-AGE & HIDRATANTNA MASKA za lice, 1 maska - Topmedicus HR\",\"isPartOf\":{\"@id\":\"https:\\\/\\\/topmedicus.eu\\\/en\\\/#website\"},\"primaryImageOfPage\":{\"@id\":\"https:\\\/\\\/topmedicus.eu\\\/hr\\\/izdelek\\\/anti-age-hidratantna-maska-za-lice-1-maska\\\/#primaryimage\"},\"image\":{\"@id\":\"https:\\\/\\\/topmedicus.eu\\\/hr\\\/izdelek\\\/anti-age-hidratantna-maska-za-lice-1-maska\\\/#primaryimage\"},\"thumbnailUrl\":\"https:\\\/\\\/topmedicus.eu\\\/wp-content\\\/uploads\\\/2025\\\/02\\\/Biocyte-ANTI-AGE-MASKA.jpg\",\"datePublished\":\"2025-02-12T21:59:04+00:00\",\"dateModified\":\"2026-02-15T11:01:43+00:00\",\"description\":\"Anti-age intenzivna hidratantna maska za lice s prirodnim sastojcima \u2014 hijaluronskom kiselinom, kolagenom i elastinom. Dubinski biocelulozni tretman za zategnutu, hidratiziranu i elasti\u010dnu ko\u017eu.\",\"breadcrumb\":{\"@id\":\"https:\\\/\\\/topmedicus.eu\\\/hr\\\/izdelek\\\/anti-age-hidratantna-maska-za-lice-1-maska\\\/#breadcrumb\"},\"inLanguage\":\"hr\",\"potentialAction\":[{\"@type\":\"ReadAction\",\"target\":[\"https:\\\/\\\/topmedicus.eu\\\/hr\\\/izdelek\\\/anti-age-hidratantna-maska-za-lice-1-maska\\\/\"]}]},{\"@type\":\"ImageObject\",\"inLanguage\":\"hr\",\"@id\":\"https:\\\/\\\/topmedicus.eu\\\/hr\\\/izdelek\\\/anti-age-hidratantna-maska-za-lice-1-maska\\\/#primaryimage\",\"url\":\"https:\\\/\\\/topmedicus.eu\\\/wp-content\\\/uploads\\\/2025\\\/02\\\/Biocyte-ANTI-AGE-MASKA.jpg\",\"contentUrl\":\"https:\\\/\\\/topmedicus.eu\\\/wp-content\\\/uploads\\\/2025\\\/02\\\/Biocyte-ANTI-AGE-MASKA.jpg\",\"width\":600,\"height\":600},{\"@type\":\"BreadcrumbList\",\"@id\":\"https:\\\/\\\/topmedicus.eu\\\/hr\\\/izdelek\\\/anti-age-hidratantna-maska-za-lice-1-maska\\\/#breadcrumb\",\"itemListElement\":[{\"@type\":\"ListItem\",\"position\":1,\"name\":\"Home\",\"item\":\"https:\\\/\\\/topmedicus.eu\\\/hr\\\/domaca-stranica\\\/\"},{\"@type\":\"ListItem\",\"position\":2,\"name\":\"Shop\",\"item\":\"https:\\\/\\\/topmedicus.eu\\\/shop\\\/\"},{\"@type\":\"ListItem\",\"position\":3,\"name\":\"ANTI-AGE &#038; HIDRATANTNA MASKA za lice, 1 maska\"}]},{\"@type\":\"WebSite\",\"@id\":\"https:\\\/\\\/topmedicus.eu\\\/en\\\/#website\",\"url\":\"https:\\\/\\\/topmedicus.eu\\\/en\\\/\",\"name\":\"Topmedicus HR\",\"description\":\"Prehranska dopolnila in dermatolo\u0161ka kozmetika\",\"potentialAction\":[{\"@type\":\"SearchAction\",\"target\":{\"@type\":\"EntryPoint\",\"urlTemplate\":\"https:\\\/\\\/topmedicus.eu\\\/en\\\/?s={search_term_string}\"},\"query-input\":{\"@type\":\"PropertyValueSpecification\",\"valueRequired\":true,\"valueName\":\"search_term_string\"}}],\"inLanguage\":\"hr\"}]}<\/script>\n<!-- \/ Yoast SEO plugin. -->","yoast_head_json":{"title":"ANTI-AGE & HIDRATANTNA MASKA za lice, 1 maska - Topmedicus HR","description":"Anti-age intenzivna hidratantna maska za lice s prirodnim sastojcima \u2014 hijaluronskom kiselinom, kolagenom i elastinom. Dubinski biocelulozni tretman za zategnutu, hidratiziranu i elasti\u010dnu ko\u017eu.","robots":{"index":"index","follow":"follow","max-snippet":"max-snippet:-1","max-image-preview":"max-image-preview:large","max-video-preview":"max-video-preview:-1"},"canonical":"https:\/\/topmedicus.eu\/hr\/izdelek\/anti-age-hidratantna-maska-za-lice-1-maska\/","og_locale":"hr_HR","og_type":"article","og_title":"ANTI-AGE & HIDRATANTNA MASKA za lice, 1 maska - Topmedicus HR","og_description":"Anti-age intenzivna hidratantna maska za lice s prirodnim sastojcima \u2014 hijaluronskom kiselinom, kolagenom i elastinom. Dubinski biocelulozni tretman za zategnutu, hidratiziranu i elasti\u010dnu ko\u017eu.","og_url":"https:\/\/topmedicus.eu\/hr\/izdelek\/anti-age-hidratantna-maska-za-lice-1-maska\/","og_site_name":"Topmedicus HR","article_modified_time":"2026-02-15T11:01:43+00:00","og_image":[{"width":600,"height":600,"url":"https:\/\/topmedicus.eu\/wp-content\/uploads\/2025\/02\/Biocyte-ANTI-AGE-MASKA.jpg","type":"image\/jpeg"}],"twitter_card":"summary_large_image","twitter_misc":{"Procijenjeno vrijeme \u010ditanja":"1 minuta"},"schema":{"@context":"https:\/\/schema.org","@graph":[{"@type":"WebPage","@id":"https:\/\/topmedicus.eu\/hr\/izdelek\/anti-age-hidratantna-maska-za-lice-1-maska\/","url":"https:\/\/topmedicus.eu\/hr\/izdelek\/anti-age-hidratantna-maska-za-lice-1-maska\/","name":"ANTI-AGE & HIDRATANTNA MASKA za lice, 1 maska - Topmedicus HR","isPartOf":{"@id":"https:\/\/topmedicus.eu\/en\/#website"},"primaryImageOfPage":{"@id":"https:\/\/topmedicus.eu\/hr\/izdelek\/anti-age-hidratantna-maska-za-lice-1-maska\/#primaryimage"},"image":{"@id":"https:\/\/topmedicus.eu\/hr\/izdelek\/anti-age-hidratantna-maska-za-lice-1-maska\/#primaryimage"},"thumbnailUrl":"https:\/\/topmedicus.eu\/wp-content\/uploads\/2025\/02\/Biocyte-ANTI-AGE-MASKA.jpg","datePublished":"2025-02-12T21:59:04+00:00","dateModified":"2026-02-15T11:01:43+00:00","description":"Anti-age intenzivna hidratantna maska za lice s prirodnim sastojcima \u2014 hijaluronskom kiselinom, kolagenom i elastinom. Dubinski biocelulozni tretman za zategnutu, hidratiziranu i elasti\u010dnu ko\u017eu.","breadcrumb":{"@id":"https:\/\/topmedicus.eu\/hr\/izdelek\/anti-age-hidratantna-maska-za-lice-1-maska\/#breadcrumb"},"inLanguage":"hr","potentialAction":[{"@type":"ReadAction","target":["https:\/\/topmedicus.eu\/hr\/izdelek\/anti-age-hidratantna-maska-za-lice-1-maska\/"]}]},{"@type":"ImageObject","inLanguage":"hr","@id":"https:\/\/topmedicus.eu\/hr\/izdelek\/anti-age-hidratantna-maska-za-lice-1-maska\/#primaryimage","url":"https:\/\/topmedicus.eu\/wp-content\/uploads\/2025\/02\/Biocyte-ANTI-AGE-MASKA.jpg","contentUrl":"https:\/\/topmedicus.eu\/wp-content\/uploads\/2025\/02\/Biocyte-ANTI-AGE-MASKA.jpg","width":600,"height":600},{"@type":"BreadcrumbList","@id":"https:\/\/topmedicus.eu\/hr\/izdelek\/anti-age-hidratantna-maska-za-lice-1-maska\/#breadcrumb","itemListElement":[{"@type":"ListItem","position":1,"name":"Home","item":"https:\/\/topmedicus.eu\/hr\/domaca-stranica\/"},{"@type":"ListItem","position":2,"name":"Shop","item":"https:\/\/topmedicus.eu\/shop\/"},{"@type":"ListItem","position":3,"name":"ANTI-AGE &#038; HIDRATANTNA MASKA za lice, 1 maska"}]},{"@type":"WebSite","@id":"https:\/\/topmedicus.eu\/en\/#website","url":"https:\/\/topmedicus.eu\/en\/","name":"Topmedicus HR","description":"Prehranska dopolnila in dermatolo\u0161ka kozmetika","potentialAction":[{"@type":"SearchAction","target":{"@type":"EntryPoint","urlTemplate":"https:\/\/topmedicus.eu\/en\/?s={search_term_string}"},"query-input":{"@type":"PropertyValueSpecification","valueRequired":true,"valueName":"search_term_string"}}],"inLanguage":"hr"}]}},"jetpack_sharing_enabled":true,"_links":{"self":[{"href":"https:\/\/topmedicus.eu\/hr\/wp-json\/wp\/v2\/product\/13507","targetHints":{"allow":["GET"]}}],"collection":[{"href":"https:\/\/topmedicus.eu\/hr\/wp-json\/wp\/v2\/product"}],"about":[{"href":"https:\/\/topmedicus.eu\/hr\/wp-json\/wp\/v2\/types\/product"}],"replies":[{"embeddable":true,"href":"https:\/\/topmedicus.eu\/hr\/wp-json\/wp\/v2\/comments?post=13507"}],"wp:featuredmedia":[{"embeddable":true,"href":"https:\/\/topmedicus.eu\/hr\/wp-json\/wp\/v2\/media\/13405"}],"wp:attachment":[{"href":"https:\/\/topmedicus.eu\/hr\/wp-json\/wp\/v2\/media?parent=13507"}],"wp:term":[{"taxonomy":"product_brand","embeddable":true,"href":"https:\/\/topmedicus.eu\/hr\/wp-json\/wp\/v2\/product_brand?post=13507"},{"taxonomy":"product_cat","embeddable":true,"href":"https:\/\/topmedicus.eu\/hr\/wp-json\/wp\/v2\/product_cat?post=13507"},{"taxonomy":"product_tag","embeddable":true,"href":"https:\/\/topmedicus.eu\/hr\/wp-json\/wp\/v2\/product_tag?post=13507"},{"taxonomy":"blagovna-znamka","embeddable":true,"href":"https:\/\/topmedicus.eu\/hr\/wp-json\/wp\/v2\/blagovna-znamka?post=13507"}],"curies":[{"name":"wp","href":"https:\/\/api.w.org\/{rel}","templated":true}]}}