{"id":13509,"date":"2025-02-12T21:59:04","date_gmt":"2025-02-12T21:59:04","guid":{"rendered":"https:\/\/topmedicus.eu\/izdelek\/posvjetljivanje-smedih-mrlja-protiv-crvenila-eclat-extreme-40-kapsula\/"},"modified":"2026-02-15T11:16:25","modified_gmt":"2026-02-15T11:16:25","slug":"posvjetljivanje-smedih-mrlja-protiv-crvenila-eclat-extreme-40-kapsula","status":"publish","type":"product","link":"https:\/\/topmedicus.eu\/hr\/izdelek\/posvjetljivanje-smedih-mrlja-protiv-crvenila-eclat-extreme-40-kapsula\/","title":{"rendered":"Posvjetljivanje sme\u0111ih mrlja &#038; protiv crvenila \u2013 ECLAT EXTREME, 40 kapsula"},"content":{"rendered":"<p data-start=\"0\" data-end=\"206\">Dodatak prehrani <strong data-start=\"17\" data-end=\"34\">ECLAT EXTREME<\/strong> smanjuje sme\u0111e mrlje i crvenilo, ujedna\u010dava ten te ko\u017ei vra\u0107a blistav izgled. Ova jedinstvena formula objedinjuje sna\u017ene i inovativne aktivne sastojke s dokazanim u\u010dinkom.<\/p>\n<p data-start=\"208\" data-end=\"334\">Patentirani kompleks <strong data-start=\"229\" data-end=\"241\">SkinAx2\u2122<\/strong> sadr\u017ei polifenole iz gro\u017e\u0111a, SOD (superoksid dismutazu dobivenu iz dinje), cink i vitamin C.<\/p>\n<p data-start=\"336\" data-end=\"493\">Ova sinergijska kombinacija djeluje dubinski: smanjuje tamne mrlje za 21 %, crvenilo za 19 % i pobolj\u0161ava sjaj ko\u017ee za 26 % ve\u0107 nakon dva mjeseca kori\u0161tenja.<\/p>\n<p data-start=\"495\" data-end=\"639\"><strong data-start=\"495\" data-end=\"512\">ECLAT EXTREME<\/strong> isti\u010de se klini\u010dki dokazanom u\u010dinkovito\u0161\u0107u. Formula je oboga\u0107ena visokokvalitetnim prirodnim i sintetskim aktivnim sastojcima.<\/p>\n<p data-start=\"646\" data-end=\"711\"><strong>Nutritivna vrijednost za preporu\u010denu dnevnu dozu (2 kapsule):<\/strong><\/p>\n<ul>\n<li data-start=\"713\" data-end=\"911\">Nikotinamid (vitamin B3) &#8230;&#8230;&#8230;&#8230;&#8230;&#8230;&#8230;&#8230;. 16 mg \/ 100 % PU*<\/li>\n<li data-start=\"713\" data-end=\"911\">Ekstrakt bijelog duda &#8230;&#8230;&#8230;&#8230;&#8230;&#8230;&#8230;&#8230;&#8230; 300 mg<\/li>\n<li data-start=\"713\" data-end=\"911\">Klorogenska kiselina &#8230;&#8230;&#8230;&#8230;&#8230;&#8230;&#8230;&#8230;&#8230;&#8230;. 45 mg<\/li>\n<li data-start=\"713\" data-end=\"911\">SkinAx2\u2122:<\/li>\n<li data-start=\"713\" data-end=\"911\">\u00a0 \u00a0Ekstrakt gro\u017e\u0111a &#8230;&#8230;&#8230;&#8230;&#8230;&#8230;&#8230;&#8230;&#8230;. 114,7 mg<\/li>\n<li data-start=\"713\" data-end=\"911\">\u00a0 \u00a0 \u00a0 od \u010dega polifenoli &#8230;&#8230;&#8230;&#8230;&#8230;&#8230;&#8230;&#8230;&#8230;. 105 mg<\/li>\n<li data-start=\"713\" data-end=\"911\">Vitamin C &#8230;&#8230;&#8230;&#8230;&#8230;&#8230;&#8230;&#8230;&#8230;&#8230;&#8230;&#8230;&#8230;&#8230;&#8230; 12 mg \/ 15 % PU*<\/li>\n<li data-start=\"713\" data-end=\"911\">Cink &#8230;&#8230;&#8230;&#8230;&#8230;&#8230;&#8230;&#8230;&#8230;&#8230;&#8230;&#8230;&#8230;&#8230;&#8230;&#8230;&#8230;.. 4 mg \/ 40 % PU*<\/li>\n<li data-start=\"713\" data-end=\"911\">Ekstrakt dinje &#8230;&#8230;&#8230;&#8230;&#8230;&#8230;&#8230;&#8230;&#8230;&#8230;&#8230;&#8230;. 2,3 mg<\/li>\n<li data-start=\"713\" data-end=\"911\">\u00a0 \u00a0od \u010dega SOD &#8230;&#8230;&#8230;&#8230;&#8230;&#8230;&#8230;&#8230;&#8230;&#8230;&#8230; 31,5 IU**<\/li>\n<\/ul>\n<p data-start=\"1367\" data-end=\"1432\">*PU = preporu\u010deni dnevni unos<br data-start=\"1397\" data-end=\"1400\" \/>**IU = internacionalne jedinice<\/p>\n<h3 data-start=\"1439\" data-end=\"1447\">Cink<\/h3>\n<p data-start=\"1448\" data-end=\"1821\">Cink, prisutan u svakoj stanici tijela, esencijalni je element u tragovima uklju\u010den u brojne biolo\u0161ke procese. Ima klju\u010dnu ulogu u djelovanju stotina enzima te poma\u017ee odr\u017eavati stabilnost stani\u010dnih membrana i proteina. Tako\u0111er je va\u017ean za procese obnove i regulacije stanica. Budu\u0107i da ga tijelo ne mo\u017ee skladi\u0161titi, potreban je redovit unos za podr\u0161ku vitalnim funkcijama.<\/p>\n<p data-start=\"1828\" data-end=\"1852\"><em>Neto te\u017eina: 15,88 g<\/em><\/p>\n<p data-start=\"1854\" data-end=\"1888\" data-is-last-node=\"\" data-is-only-node=\"\"><em>Proizvo\u0111a\u010d: Biocyte, Francuska<\/em><\/p>\n","protected":false},"excerpt":{"rendered":"<h4>SMANJENJE MRLJA I CRVENILA<\/h4>\n<p data-start=\"41\" data-end=\"203\">Dodatak prehrani s ekstraktima bijelog duda i bijele raj\u010dice, sa SkinAx (ekstrakt gro\u017e\u0111a, vitamin C, cink, ekstrakt dinje) i niacinom.<\/p>\n<p data-start=\"41\" data-end=\"203\">Smanjuje mrlje za 21 % i crvenilo za 19 % zahvaljuju\u0107i patentiranom kompleksu <strong data-start=\"119\" data-end=\"131\">SkinAx2\u2122<\/strong>, s klini\u010dki dokazanim u\u010dinkom na sjaj ko\u017ee (+26 %) i ujedna\u010denost tena.<\/p>\n<ul>\n<li data-start=\"205\" data-end=\"280\"><strong>Formula oboga\u0107ena<\/strong> klorogenskom kiselinom, sna\u017enim inhibitorom melanogeneze.<\/li>\n<li data-start=\"205\" data-end=\"280\"><strong>U\u010dinkovitost dokazana<\/strong> klini\u010dkom studijom zahvaljuju\u0107i kompleksu <strong data-start=\"346\" data-end=\"358\">SkinAx2\u2122<\/strong>.<\/li>\n<li data-start=\"205\" data-end=\"280\"><strong>Smanjuje sme\u0111e mrlje i crvenilo<\/strong> te istodobno posvjetljuje i ujedna\u010dava ten.<\/li>\n<\/ul>\n","protected":false},"featured_media":13411,"comment_status":"closed","ping_status":"closed","template":"","meta":{"_acf_changed":false},"product_brand":[1002],"product_cat":[1221,576],"product_tag":[],"blagovna-znamka":[],"class_list":{"0":"post-13509","1":"product","2":"type-product","3":"status-publish","4":"has-post-thumbnail","6":"product_brand-biocyte-hr","7":"product_cat-hiperpigmentacije-hr","8":"product_cat-nutrikozmetika-hr","10":"first","11":"instock","12":"taxable","13":"shipping-taxable","14":"purchasable","15":"product-type-simple"},"acf":[],"yoast_head":"<!-- This site is optimized with the Yoast SEO plugin v27.4 - https:\/\/yoast.com\/product\/yoast-seo-wordpress\/ -->\n<title>Posvjetljivanje sme\u0111ih mrlja &amp; protiv crvenila \u2013 ECLAT EXTREME, 40 kapsula - Topmedicus HR<\/title>\n<meta name=\"description\" content=\"U\u010dinkovito smanjuje sme\u0111e mrlje (do 21 %) i crvenilo (do 19 %) te ujedna\u010dava ten. Jedinstvena formula za blistaviju ko\u017eu.\" \/>\n<meta name=\"robots\" content=\"index, follow, max-snippet:-1, max-image-preview:large, max-video-preview:-1\" \/>\n<link rel=\"canonical\" href=\"https:\/\/topmedicus.eu\/hr\/izdelek\/posvjetljivanje-smedih-mrlja-protiv-crvenila-eclat-extreme-40-kapsula\/\" \/>\n<meta property=\"og:locale\" content=\"hr_HR\" \/>\n<meta property=\"og:type\" content=\"article\" \/>\n<meta property=\"og:title\" content=\"Posvjetljivanje sme\u0111ih mrlja &amp; protiv crvenila \u2013 ECLAT EXTREME, 40 kapsula - Topmedicus HR\" \/>\n<meta property=\"og:description\" content=\"U\u010dinkovito smanjuje sme\u0111e mrlje (do 21 %) i crvenilo (do 19 %) te ujedna\u010dava ten. Jedinstvena formula za blistaviju ko\u017eu.\" \/>\n<meta property=\"og:url\" content=\"https:\/\/topmedicus.eu\/hr\/izdelek\/posvjetljivanje-smedih-mrlja-protiv-crvenila-eclat-extreme-40-kapsula\/\" \/>\n<meta property=\"og:site_name\" content=\"Topmedicus HR\" \/>\n<meta property=\"article:modified_time\" content=\"2026-02-15T11:16:25+00:00\" \/>\n<meta property=\"og:image\" content=\"https:\/\/topmedicus.eu\/wp-content\/uploads\/2025\/02\/Biocyte-ECLAT-EXTREME.jpg\" \/>\n\t<meta property=\"og:image:width\" content=\"600\" \/>\n\t<meta property=\"og:image:height\" content=\"599\" \/>\n\t<meta property=\"og:image:type\" content=\"image\/jpeg\" \/>\n<meta name=\"twitter:card\" content=\"summary_large_image\" \/>\n<meta name=\"twitter:label1\" content=\"Procijenjeno vrijeme \u010ditanja\" \/>\n\t<meta name=\"twitter:data1\" content=\"1 minuta\" \/>\n<script type=\"application\/ld+json\" class=\"yoast-schema-graph\">{\"@context\":\"https:\\\/\\\/schema.org\",\"@graph\":[{\"@type\":\"WebPage\",\"@id\":\"https:\\\/\\\/topmedicus.eu\\\/hr\\\/izdelek\\\/posvjetljivanje-smedih-mrlja-protiv-crvenila-eclat-extreme-40-kapsula\\\/\",\"url\":\"https:\\\/\\\/topmedicus.eu\\\/hr\\\/izdelek\\\/posvjetljivanje-smedih-mrlja-protiv-crvenila-eclat-extreme-40-kapsula\\\/\",\"name\":\"Posvjetljivanje sme\u0111ih mrlja & protiv crvenila \u2013 ECLAT EXTREME, 40 kapsula - Topmedicus HR\",\"isPartOf\":{\"@id\":\"https:\\\/\\\/topmedicus.eu\\\/en\\\/#website\"},\"primaryImageOfPage\":{\"@id\":\"https:\\\/\\\/topmedicus.eu\\\/hr\\\/izdelek\\\/posvjetljivanje-smedih-mrlja-protiv-crvenila-eclat-extreme-40-kapsula\\\/#primaryimage\"},\"image\":{\"@id\":\"https:\\\/\\\/topmedicus.eu\\\/hr\\\/izdelek\\\/posvjetljivanje-smedih-mrlja-protiv-crvenila-eclat-extreme-40-kapsula\\\/#primaryimage\"},\"thumbnailUrl\":\"https:\\\/\\\/topmedicus.eu\\\/wp-content\\\/uploads\\\/2025\\\/02\\\/Biocyte-ECLAT-EXTREME.jpg\",\"datePublished\":\"2025-02-12T21:59:04+00:00\",\"dateModified\":\"2026-02-15T11:16:25+00:00\",\"description\":\"U\u010dinkovito smanjuje sme\u0111e mrlje (do 21 %) i crvenilo (do 19 %) te ujedna\u010dava ten. Jedinstvena formula za blistaviju ko\u017eu.\",\"breadcrumb\":{\"@id\":\"https:\\\/\\\/topmedicus.eu\\\/hr\\\/izdelek\\\/posvjetljivanje-smedih-mrlja-protiv-crvenila-eclat-extreme-40-kapsula\\\/#breadcrumb\"},\"inLanguage\":\"hr\",\"potentialAction\":[{\"@type\":\"ReadAction\",\"target\":[\"https:\\\/\\\/topmedicus.eu\\\/hr\\\/izdelek\\\/posvjetljivanje-smedih-mrlja-protiv-crvenila-eclat-extreme-40-kapsula\\\/\"]}]},{\"@type\":\"ImageObject\",\"inLanguage\":\"hr\",\"@id\":\"https:\\\/\\\/topmedicus.eu\\\/hr\\\/izdelek\\\/posvjetljivanje-smedih-mrlja-protiv-crvenila-eclat-extreme-40-kapsula\\\/#primaryimage\",\"url\":\"https:\\\/\\\/topmedicus.eu\\\/wp-content\\\/uploads\\\/2025\\\/02\\\/Biocyte-ECLAT-EXTREME.jpg\",\"contentUrl\":\"https:\\\/\\\/topmedicus.eu\\\/wp-content\\\/uploads\\\/2025\\\/02\\\/Biocyte-ECLAT-EXTREME.jpg\",\"width\":600,\"height\":599},{\"@type\":\"BreadcrumbList\",\"@id\":\"https:\\\/\\\/topmedicus.eu\\\/hr\\\/izdelek\\\/posvjetljivanje-smedih-mrlja-protiv-crvenila-eclat-extreme-40-kapsula\\\/#breadcrumb\",\"itemListElement\":[{\"@type\":\"ListItem\",\"position\":1,\"name\":\"Home\",\"item\":\"https:\\\/\\\/topmedicus.eu\\\/hr\\\/domaca-stranica\\\/\"},{\"@type\":\"ListItem\",\"position\":2,\"name\":\"Shop\",\"item\":\"https:\\\/\\\/topmedicus.eu\\\/shop\\\/\"},{\"@type\":\"ListItem\",\"position\":3,\"name\":\"Posvjetljivanje sme\u0111ih mrlja &#038; protiv crvenila \u2013 ECLAT EXTREME, 40 kapsula\"}]},{\"@type\":\"WebSite\",\"@id\":\"https:\\\/\\\/topmedicus.eu\\\/en\\\/#website\",\"url\":\"https:\\\/\\\/topmedicus.eu\\\/en\\\/\",\"name\":\"Topmedicus HR\",\"description\":\"Prehranska dopolnila in dermatolo\u0161ka kozmetika\",\"potentialAction\":[{\"@type\":\"SearchAction\",\"target\":{\"@type\":\"EntryPoint\",\"urlTemplate\":\"https:\\\/\\\/topmedicus.eu\\\/en\\\/?s={search_term_string}\"},\"query-input\":{\"@type\":\"PropertyValueSpecification\",\"valueRequired\":true,\"valueName\":\"search_term_string\"}}],\"inLanguage\":\"hr\"}]}<\/script>\n<!-- \/ Yoast SEO plugin. -->","yoast_head_json":{"title":"Posvjetljivanje sme\u0111ih mrlja & protiv crvenila \u2013 ECLAT EXTREME, 40 kapsula - Topmedicus HR","description":"U\u010dinkovito smanjuje sme\u0111e mrlje (do 21 %) i crvenilo (do 19 %) te ujedna\u010dava ten. Jedinstvena formula za blistaviju ko\u017eu.","robots":{"index":"index","follow":"follow","max-snippet":"max-snippet:-1","max-image-preview":"max-image-preview:large","max-video-preview":"max-video-preview:-1"},"canonical":"https:\/\/topmedicus.eu\/hr\/izdelek\/posvjetljivanje-smedih-mrlja-protiv-crvenila-eclat-extreme-40-kapsula\/","og_locale":"hr_HR","og_type":"article","og_title":"Posvjetljivanje sme\u0111ih mrlja & protiv crvenila \u2013 ECLAT EXTREME, 40 kapsula - Topmedicus HR","og_description":"U\u010dinkovito smanjuje sme\u0111e mrlje (do 21 %) i crvenilo (do 19 %) te ujedna\u010dava ten. Jedinstvena formula za blistaviju ko\u017eu.","og_url":"https:\/\/topmedicus.eu\/hr\/izdelek\/posvjetljivanje-smedih-mrlja-protiv-crvenila-eclat-extreme-40-kapsula\/","og_site_name":"Topmedicus HR","article_modified_time":"2026-02-15T11:16:25+00:00","og_image":[{"width":600,"height":599,"url":"https:\/\/topmedicus.eu\/wp-content\/uploads\/2025\/02\/Biocyte-ECLAT-EXTREME.jpg","type":"image\/jpeg"}],"twitter_card":"summary_large_image","twitter_misc":{"Procijenjeno vrijeme \u010ditanja":"1 minuta"},"schema":{"@context":"https:\/\/schema.org","@graph":[{"@type":"WebPage","@id":"https:\/\/topmedicus.eu\/hr\/izdelek\/posvjetljivanje-smedih-mrlja-protiv-crvenila-eclat-extreme-40-kapsula\/","url":"https:\/\/topmedicus.eu\/hr\/izdelek\/posvjetljivanje-smedih-mrlja-protiv-crvenila-eclat-extreme-40-kapsula\/","name":"Posvjetljivanje sme\u0111ih mrlja & protiv crvenila \u2013 ECLAT EXTREME, 40 kapsula - Topmedicus HR","isPartOf":{"@id":"https:\/\/topmedicus.eu\/en\/#website"},"primaryImageOfPage":{"@id":"https:\/\/topmedicus.eu\/hr\/izdelek\/posvjetljivanje-smedih-mrlja-protiv-crvenila-eclat-extreme-40-kapsula\/#primaryimage"},"image":{"@id":"https:\/\/topmedicus.eu\/hr\/izdelek\/posvjetljivanje-smedih-mrlja-protiv-crvenila-eclat-extreme-40-kapsula\/#primaryimage"},"thumbnailUrl":"https:\/\/topmedicus.eu\/wp-content\/uploads\/2025\/02\/Biocyte-ECLAT-EXTREME.jpg","datePublished":"2025-02-12T21:59:04+00:00","dateModified":"2026-02-15T11:16:25+00:00","description":"U\u010dinkovito smanjuje sme\u0111e mrlje (do 21 %) i crvenilo (do 19 %) te ujedna\u010dava ten. Jedinstvena formula za blistaviju ko\u017eu.","breadcrumb":{"@id":"https:\/\/topmedicus.eu\/hr\/izdelek\/posvjetljivanje-smedih-mrlja-protiv-crvenila-eclat-extreme-40-kapsula\/#breadcrumb"},"inLanguage":"hr","potentialAction":[{"@type":"ReadAction","target":["https:\/\/topmedicus.eu\/hr\/izdelek\/posvjetljivanje-smedih-mrlja-protiv-crvenila-eclat-extreme-40-kapsula\/"]}]},{"@type":"ImageObject","inLanguage":"hr","@id":"https:\/\/topmedicus.eu\/hr\/izdelek\/posvjetljivanje-smedih-mrlja-protiv-crvenila-eclat-extreme-40-kapsula\/#primaryimage","url":"https:\/\/topmedicus.eu\/wp-content\/uploads\/2025\/02\/Biocyte-ECLAT-EXTREME.jpg","contentUrl":"https:\/\/topmedicus.eu\/wp-content\/uploads\/2025\/02\/Biocyte-ECLAT-EXTREME.jpg","width":600,"height":599},{"@type":"BreadcrumbList","@id":"https:\/\/topmedicus.eu\/hr\/izdelek\/posvjetljivanje-smedih-mrlja-protiv-crvenila-eclat-extreme-40-kapsula\/#breadcrumb","itemListElement":[{"@type":"ListItem","position":1,"name":"Home","item":"https:\/\/topmedicus.eu\/hr\/domaca-stranica\/"},{"@type":"ListItem","position":2,"name":"Shop","item":"https:\/\/topmedicus.eu\/shop\/"},{"@type":"ListItem","position":3,"name":"Posvjetljivanje sme\u0111ih mrlja &#038; protiv crvenila \u2013 ECLAT EXTREME, 40 kapsula"}]},{"@type":"WebSite","@id":"https:\/\/topmedicus.eu\/en\/#website","url":"https:\/\/topmedicus.eu\/en\/","name":"Topmedicus HR","description":"Prehranska dopolnila in dermatolo\u0161ka kozmetika","potentialAction":[{"@type":"SearchAction","target":{"@type":"EntryPoint","urlTemplate":"https:\/\/topmedicus.eu\/en\/?s={search_term_string}"},"query-input":{"@type":"PropertyValueSpecification","valueRequired":true,"valueName":"search_term_string"}}],"inLanguage":"hr"}]}},"jetpack_sharing_enabled":true,"_links":{"self":[{"href":"https:\/\/topmedicus.eu\/hr\/wp-json\/wp\/v2\/product\/13509","targetHints":{"allow":["GET"]}}],"collection":[{"href":"https:\/\/topmedicus.eu\/hr\/wp-json\/wp\/v2\/product"}],"about":[{"href":"https:\/\/topmedicus.eu\/hr\/wp-json\/wp\/v2\/types\/product"}],"replies":[{"embeddable":true,"href":"https:\/\/topmedicus.eu\/hr\/wp-json\/wp\/v2\/comments?post=13509"}],"wp:featuredmedia":[{"embeddable":true,"href":"https:\/\/topmedicus.eu\/hr\/wp-json\/wp\/v2\/media\/13411"}],"wp:attachment":[{"href":"https:\/\/topmedicus.eu\/hr\/wp-json\/wp\/v2\/media?parent=13509"}],"wp:term":[{"taxonomy":"product_brand","embeddable":true,"href":"https:\/\/topmedicus.eu\/hr\/wp-json\/wp\/v2\/product_brand?post=13509"},{"taxonomy":"product_cat","embeddable":true,"href":"https:\/\/topmedicus.eu\/hr\/wp-json\/wp\/v2\/product_cat?post=13509"},{"taxonomy":"product_tag","embeddable":true,"href":"https:\/\/topmedicus.eu\/hr\/wp-json\/wp\/v2\/product_tag?post=13509"},{"taxonomy":"blagovna-znamka","embeddable":true,"href":"https:\/\/topmedicus.eu\/hr\/wp-json\/wp\/v2\/blagovna-znamka?post=13509"}],"curies":[{"name":"wp","href":"https:\/\/api.w.org\/{rel}","templated":true}]}}