{"id":13519,"date":"2025-02-12T21:59:03","date_gmt":"2025-02-12T21:59:03","guid":{"rendered":"https:\/\/topmedicus.eu\/izdelek\/njega-stopala-za-dijabeticare-allpresan-diabetic-intensiv-repair-bez-ureje-kremasta-pjena-125-ml\/"},"modified":"2026-02-15T18:01:05","modified_gmt":"2026-02-15T18:01:05","slug":"njega-stopala-za-dijabeticare-allpresan-diabetic-intensiv-repair-bez-ureje-kremasta-pjena-125-ml","status":"publish","type":"product","link":"https:\/\/topmedicus.eu\/hr\/izdelek\/njega-stopala-za-dijabeticare-allpresan-diabetic-intensiv-repair-bez-ureje-kremasta-pjena-125-ml\/","title":{"rendered":"Njega stopala za dijabeti\u010dare \u2013 ALLPRESAN diabetic INTENSIV + REPAIR bez ureje, kremasta pjena, 125 ml"},"content":{"rendered":"<h3 data-start=\"0\" data-end=\"41\"><strong data-start=\"0\" data-end=\"41\">Intenzivna njega ko\u017ee za dijabeti\u010dare<\/strong><\/h3>\n<p data-start=\"43\" data-end=\"685\"><strong data-start=\"43\" data-end=\"84\">Allpresan diabetic INTENSIVE + REPAIR<\/strong> kremasta pjena pru\u017ea intenzivnu hidrataciju ko\u017ee i obnavlja ko\u017enu barijeru ve\u0107 u \u010detiri tjedna. Posebno je razvijena za osjetljivu, vrlo suhu i ispucalu ko\u017eu osoba sa \u0161e\u0107ernom bole\u0161\u0107u te je idealna za njegu stopala i nogu. Jedinstvena formula kombinira hidratantni u\u010dinak glicerina s umiruju\u0107im pantenolom, koji smiruje nadra\u017eenu ko\u017eu i poti\u010de prirodnu regeneraciju. Zahvaljuju\u0107i patentiranoj <strong data-start=\"478\" data-end=\"493\">Skin-Repair<\/strong> tehnologiji, kremasta pjena zatvara pukotine u ko\u017enoj barijeri i \u0161titi od daljnjeg gubitka vlage. Lagana pjenasta tekstura brzo se upija bez masnog osje\u0107aja, a ko\u017ea ostaje mekana i njegovana.<\/p>\n<h4 data-start=\"692\" data-end=\"736\">Njega ko\u017ee kod osoba sa \u0161e\u0107ernom bole\u0161\u0107u<\/h4>\n<p data-start=\"737\" data-end=\"1023\">Osobe s dijabetesom \u010desto pate od suhe i svrbe\u017ene ko\u017ee. Takva osjetljiva ko\u017ea zahtijeva njegu koja smiruje, hidratizira i obnavlja ko\u017enu barijeru. Problemi s ko\u017eom \u010desto su posljedica oslabljene za\u0161titne barijere kojoj nedostaju esencijalni lipidi, \u0161to dovodi do dodatnog gubitka vlage.<\/p>\n<h4 data-start=\"1030\" data-end=\"1063\">Osnovna njega za dijabeti\u010dare<\/h4>\n<p data-start=\"1064\" data-end=\"1476\">Allpresan diabetic <strong data-start=\"1083\" data-end=\"1105\">INTENSIVE + REPAIR<\/strong> kremasta pjena bez ureje razvijena je kao idealan osnovni proizvod za njegu ko\u017ee osoba s dijabetesom. Glicerin intenzivno hidratizira osjetljivu i suhu ko\u017eu, dok pantenol smiruje nadra\u017eenu ko\u017eu stopala. Patentirana Skin-Repair tehnologija dokazano obnavlja ko\u017enu barijeru u samo 4 tjedna i poti\u010de prirodnu regeneraciju ko\u017ee te u\u010dinkovito sprje\u010dava daljnji gubitak vlage.<\/p>\n<h4 data-start=\"1483\" data-end=\"1538\">Za\u0161to je pravilna njega ko\u017ee va\u017ena za dijabeti\u010dare:<\/h4>\n<ul>\n<li data-start=\"1541\" data-end=\"1620\"><strong data-start=\"1541\" data-end=\"1568\">Intenzivna hidratacija:<\/strong> obnavlja ko\u017enu barijeru i \u0161titi od gubitka vlage.<\/li>\n<li data-start=\"1541\" data-end=\"1620\"><strong data-start=\"1623\" data-end=\"1658\">Primjena na stopalima i nogama:<\/strong> posebno za osjetljivu, vrlo suhu i ispucalu ko\u017eu; pogodna i za kori\u0161tenje ispod kompresijskih \u010darapa.<\/li>\n<li data-start=\"1541\" data-end=\"1620\"><strong data-start=\"1765\" data-end=\"1790\">Umiruju\u0107e djelovanje:<\/strong> glicerin i pantenol smiruju nadra\u017eenu ko\u017eu i poti\u010du regeneraciju.<\/li>\n<li data-start=\"1541\" data-end=\"1620\"><strong data-start=\"1861\" data-end=\"1900\">Inovativna Skin-Repair tehnologija:<\/strong> obnavlja ko\u017enu barijeru u 4 tjedna.<\/li>\n<li data-start=\"1541\" data-end=\"1620\"><strong data-start=\"1941\" data-end=\"1961\">Ugodna primjena:<\/strong> lagana pjena brzo se upija i ne ostavlja masni trag.<\/li>\n<li data-start=\"1541\" data-end=\"1620\"><strong data-start=\"2019\" data-end=\"2048\">Pobolj\u0161ano zdravlje ko\u017ee:<\/strong> redovitom uporabom ko\u017ea postaje mek\u0161a i elasti\u010dnija te se smanjuje rizik od ko\u017enih problema.<\/li>\n<li data-start=\"1541\" data-end=\"1620\">Pogodno za svakodnevnu njegu vrlo suhe i ispucale ko\u017ee kod dijabeti\u010dara.<\/li>\n<li data-start=\"1541\" data-end=\"1620\">S biomimeti\u010dkim (ko\u017ei identi\u010dnim) lipidima<\/li>\n<li data-start=\"1541\" data-end=\"1620\">Ubla\u017eava svrbe\u017e, smanjuje zadebljanja i sprje\u010dava prekomjerno oro\u017enjavanje<\/li>\n<li data-start=\"1541\" data-end=\"1620\">S \u201cmagnetom za vlagu\u201d <strong data-start=\"2367\" data-end=\"2382\">Pentavitin\u00ae<\/strong> i pantenolom za dodatnu za\u0161titu od gubitka vlage<\/li>\n<li data-start=\"1541\" data-end=\"1620\">Stvara za\u0161titnu mre\u017eu koja omogu\u0107uje ko\u017ei disanje bez naru\u0161avanja fiziolo\u0161kih funkcija<\/li>\n<li data-start=\"1541\" data-end=\"1620\">Vrlo brzo se upija \u2014 mogu\u0107e se odmah odjenuti<\/li>\n<li data-start=\"1541\" data-end=\"1620\">Prikladno i za podru\u010dje izme\u0111u prstiju<\/li>\n<li data-start=\"1541\" data-end=\"1620\">Bez mirisa, bojila i konzervansa<\/li>\n<\/ul>\n<p data-start=\"2654\" data-end=\"2780\"><strong data-start=\"2654\" data-end=\"2683\">Klju\u010dni aktivni sastojci:<\/strong> glicerin | pantenol | ceramidi NP | skvalan | Pentavitin\u00ae | karite maslac | alantoin | vitamin E<\/p>\n<h4 data-start=\"2809\" data-end=\"3005\"><strong data-start=\"2809\" data-end=\"2836\">Pantenol (dekspantenol)<\/strong><\/h4>\n<p data-start=\"2809\" data-end=\"3005\">Prekursor vitamina B5 s umiruju\u0107im, hidratantnim i regeneriraju\u0107im djelovanjem. Podr\u017eava proces zacjeljivanja ko\u017ee i \u010desto se koristi kod o\u0161te\u0107ene ili nadra\u017eene ko\u017ee.<\/p>\n<h4 data-start=\"3007\" data-end=\"3193\"><strong data-start=\"3007\" data-end=\"3045\">Saccharide Isomerate (Pentavitin\u00ae)<\/strong><\/h4>\n<p data-start=\"3007\" data-end=\"3193\">Opona\u0161a prirodne ugljikohidrate ko\u017ee i djeluje kao magnet za vlagu. Ve\u017ee vodu u ko\u017ei te osigurava trenuta\u010dnu i dugotrajnu hidrataciju do 72 sata.<\/p>\n<h4 data-start=\"3195\" data-end=\"3330\"><strong data-start=\"3195\" data-end=\"3218\">Biomimeti\u010dki lipidi<\/strong><\/h4>\n<p data-start=\"3195\" data-end=\"3330\">Lipidi sli\u010dni prirodnim lipidima ko\u017ee koji popunjavaju praznine u lipidnom sloju i obnavljaju ko\u017enu barijeru.<\/p>\n<p data-start=\"3195\" data-end=\"3330\">Proizvodi: nsc Pharma GmbH, Njema\u010dka<\/p>\n<p data-start=\"737\" data-end=\"1023\">\n","protected":false},"excerpt":{"rendered":"<h4 data-start=\"0\" data-end=\"67\">Njega vrlo suhe i ispucale ko\u017ee stopala i nogu kod \u0161e\u0107erne bolesti.<\/h4>\n<ul>\n<li data-start=\"71\" data-end=\"119\">Ko\u017eu intenzivno opskrbljuje lipidima i vlagom.<\/li>\n<li data-start=\"71\" data-end=\"119\">Obnavlja ko\u017enu barijeru u \u010detiri tjedna i sprje\u010dava isu\u0161ivanje ko\u017ee.<\/li>\n<li data-start=\"71\" data-end=\"119\">Namijenjena osjetljivoj, vrlo suhoj i ispucaloj ko\u017ei kod dijabetesa.<\/li>\n<li data-start=\"71\" data-end=\"119\">Bez ureje.<\/li>\n<li data-start=\"71\" data-end=\"119\">Bez mirisa, bojila i konzervansa.<\/li>\n<li data-start=\"71\" data-end=\"119\">Veganska.<\/li>\n<\/ul>\n","protected":false},"featured_media":13520,"comment_status":"closed","ping_status":"closed","template":"","meta":{"_acf_changed":false},"product_brand":[1005],"product_cat":[749,553],"product_tag":[],"blagovna-znamka":[],"class_list":{"0":"post-13519","1":"product","2":"type-product","3":"status-publish","4":"has-post-thumbnail","6":"product_brand-allpresan-hr","7":"product_cat-za-diabeticare","8":"product_cat-za-dijabeticare","10":"first","11":"instock","12":"taxable","13":"shipping-taxable","14":"purchasable","15":"product-type-simple"},"acf":[],"yoast_head":"<!-- This site is optimized with the Yoast SEO plugin v27.4 - https:\/\/yoast.com\/product\/yoast-seo-wordpress\/ -->\n<title>Njega stopala za dijabeti\u010dare \u2013 ALLPRESAN diabetic INTENSIV + REPAIR bez ureje, kremasta pjena, 125 ml - Topmedicus HR<\/title>\n<meta name=\"description\" content=\"Njega osjetljive i vrlo suhe ko\u017ee kod dijabetesa. Ko\u017eu intenzivno hidratizira, pobolj\u0161ava elasti\u010dnost i sprje\u010dava isu\u0161ivanje. S biomimeti\u010dkim lipidima. Bez ureje.\" \/>\n<meta name=\"robots\" content=\"index, follow, max-snippet:-1, max-image-preview:large, max-video-preview:-1\" \/>\n<link rel=\"canonical\" href=\"https:\/\/topmedicus.eu\/hr\/izdelek\/njega-stopala-za-dijabeticare-allpresan-diabetic-intensiv-repair-bez-ureje-kremasta-pjena-125-ml\/\" \/>\n<meta property=\"og:locale\" content=\"hr_HR\" \/>\n<meta property=\"og:type\" content=\"article\" \/>\n<meta property=\"og:title\" content=\"Njega stopala za dijabeti\u010dare \u2013 ALLPRESAN diabetic INTENSIV + REPAIR bez ureje, kremasta pjena, 125 ml - Topmedicus HR\" \/>\n<meta property=\"og:description\" content=\"Njega osjetljive i vrlo suhe ko\u017ee kod dijabetesa. Ko\u017eu intenzivno hidratizira, pobolj\u0161ava elasti\u010dnost i sprje\u010dava isu\u0161ivanje. S biomimeti\u010dkim lipidima. Bez ureje.\" \/>\n<meta property=\"og:url\" content=\"https:\/\/topmedicus.eu\/hr\/izdelek\/njega-stopala-za-dijabeticare-allpresan-diabetic-intensiv-repair-bez-ureje-kremasta-pjena-125-ml\/\" \/>\n<meta property=\"og:site_name\" content=\"Topmedicus HR\" \/>\n<meta property=\"article:modified_time\" content=\"2026-02-15T18:01:05+00:00\" \/>\n<meta property=\"og:image\" content=\"https:\/\/topmedicus.eu\/wp-content\/uploads\/2025\/02\/Allpresan-diabetic-intensiv-repair-brez-uree.png\" \/>\n\t<meta property=\"og:image:width\" content=\"600\" \/>\n\t<meta property=\"og:image:height\" content=\"601\" \/>\n\t<meta property=\"og:image:type\" content=\"image\/png\" \/>\n<meta name=\"twitter:card\" content=\"summary_large_image\" \/>\n<meta name=\"twitter:label1\" content=\"Procijenjeno vrijeme \u010ditanja\" \/>\n\t<meta name=\"twitter:data1\" content=\"3 minute\" \/>\n<script type=\"application\/ld+json\" class=\"yoast-schema-graph\">{\"@context\":\"https:\\\/\\\/schema.org\",\"@graph\":[{\"@type\":\"WebPage\",\"@id\":\"https:\\\/\\\/topmedicus.eu\\\/hr\\\/izdelek\\\/njega-stopala-za-dijabeticare-allpresan-diabetic-intensiv-repair-bez-ureje-kremasta-pjena-125-ml\\\/\",\"url\":\"https:\\\/\\\/topmedicus.eu\\\/hr\\\/izdelek\\\/njega-stopala-za-dijabeticare-allpresan-diabetic-intensiv-repair-bez-ureje-kremasta-pjena-125-ml\\\/\",\"name\":\"Njega stopala za dijabeti\u010dare \u2013 ALLPRESAN diabetic INTENSIV + REPAIR bez ureje, kremasta pjena, 125 ml - Topmedicus HR\",\"isPartOf\":{\"@id\":\"https:\\\/\\\/topmedicus.eu\\\/en\\\/#website\"},\"primaryImageOfPage\":{\"@id\":\"https:\\\/\\\/topmedicus.eu\\\/hr\\\/izdelek\\\/njega-stopala-za-dijabeticare-allpresan-diabetic-intensiv-repair-bez-ureje-kremasta-pjena-125-ml\\\/#primaryimage\"},\"image\":{\"@id\":\"https:\\\/\\\/topmedicus.eu\\\/hr\\\/izdelek\\\/njega-stopala-za-dijabeticare-allpresan-diabetic-intensiv-repair-bez-ureje-kremasta-pjena-125-ml\\\/#primaryimage\"},\"thumbnailUrl\":\"https:\\\/\\\/topmedicus.eu\\\/wp-content\\\/uploads\\\/2025\\\/02\\\/Allpresan-diabetic-intensiv-repair-brez-uree.png\",\"datePublished\":\"2025-02-12T21:59:03+00:00\",\"dateModified\":\"2026-02-15T18:01:05+00:00\",\"description\":\"Njega osjetljive i vrlo suhe ko\u017ee kod dijabetesa. Ko\u017eu intenzivno hidratizira, pobolj\u0161ava elasti\u010dnost i sprje\u010dava isu\u0161ivanje. S biomimeti\u010dkim lipidima. Bez ureje.\",\"breadcrumb\":{\"@id\":\"https:\\\/\\\/topmedicus.eu\\\/hr\\\/izdelek\\\/njega-stopala-za-dijabeticare-allpresan-diabetic-intensiv-repair-bez-ureje-kremasta-pjena-125-ml\\\/#breadcrumb\"},\"inLanguage\":\"hr\",\"potentialAction\":[{\"@type\":\"ReadAction\",\"target\":[\"https:\\\/\\\/topmedicus.eu\\\/hr\\\/izdelek\\\/njega-stopala-za-dijabeticare-allpresan-diabetic-intensiv-repair-bez-ureje-kremasta-pjena-125-ml\\\/\"]}]},{\"@type\":\"ImageObject\",\"inLanguage\":\"hr\",\"@id\":\"https:\\\/\\\/topmedicus.eu\\\/hr\\\/izdelek\\\/njega-stopala-za-dijabeticare-allpresan-diabetic-intensiv-repair-bez-ureje-kremasta-pjena-125-ml\\\/#primaryimage\",\"url\":\"https:\\\/\\\/topmedicus.eu\\\/wp-content\\\/uploads\\\/2025\\\/02\\\/Allpresan-diabetic-intensiv-repair-brez-uree.png\",\"contentUrl\":\"https:\\\/\\\/topmedicus.eu\\\/wp-content\\\/uploads\\\/2025\\\/02\\\/Allpresan-diabetic-intensiv-repair-brez-uree.png\",\"width\":600,\"height\":601},{\"@type\":\"BreadcrumbList\",\"@id\":\"https:\\\/\\\/topmedicus.eu\\\/hr\\\/izdelek\\\/njega-stopala-za-dijabeticare-allpresan-diabetic-intensiv-repair-bez-ureje-kremasta-pjena-125-ml\\\/#breadcrumb\",\"itemListElement\":[{\"@type\":\"ListItem\",\"position\":1,\"name\":\"Home\",\"item\":\"https:\\\/\\\/topmedicus.eu\\\/hr\\\/domaca-stranica\\\/\"},{\"@type\":\"ListItem\",\"position\":2,\"name\":\"Shop\",\"item\":\"https:\\\/\\\/topmedicus.eu\\\/shop\\\/\"},{\"@type\":\"ListItem\",\"position\":3,\"name\":\"Njega stopala za dijabeti\u010dare \u2013 ALLPRESAN diabetic INTENSIV + REPAIR bez ureje, kremasta pjena, 125 ml\"}]},{\"@type\":\"WebSite\",\"@id\":\"https:\\\/\\\/topmedicus.eu\\\/en\\\/#website\",\"url\":\"https:\\\/\\\/topmedicus.eu\\\/en\\\/\",\"name\":\"Topmedicus HR\",\"description\":\"Prehranska dopolnila in dermatolo\u0161ka kozmetika\",\"potentialAction\":[{\"@type\":\"SearchAction\",\"target\":{\"@type\":\"EntryPoint\",\"urlTemplate\":\"https:\\\/\\\/topmedicus.eu\\\/en\\\/?s={search_term_string}\"},\"query-input\":{\"@type\":\"PropertyValueSpecification\",\"valueRequired\":true,\"valueName\":\"search_term_string\"}}],\"inLanguage\":\"hr\"}]}<\/script>\n<!-- \/ Yoast SEO plugin. -->","yoast_head_json":{"title":"Njega stopala za dijabeti\u010dare \u2013 ALLPRESAN diabetic INTENSIV + REPAIR bez ureje, kremasta pjena, 125 ml - Topmedicus HR","description":"Njega osjetljive i vrlo suhe ko\u017ee kod dijabetesa. Ko\u017eu intenzivno hidratizira, pobolj\u0161ava elasti\u010dnost i sprje\u010dava isu\u0161ivanje. S biomimeti\u010dkim lipidima. Bez ureje.","robots":{"index":"index","follow":"follow","max-snippet":"max-snippet:-1","max-image-preview":"max-image-preview:large","max-video-preview":"max-video-preview:-1"},"canonical":"https:\/\/topmedicus.eu\/hr\/izdelek\/njega-stopala-za-dijabeticare-allpresan-diabetic-intensiv-repair-bez-ureje-kremasta-pjena-125-ml\/","og_locale":"hr_HR","og_type":"article","og_title":"Njega stopala za dijabeti\u010dare \u2013 ALLPRESAN diabetic INTENSIV + REPAIR bez ureje, kremasta pjena, 125 ml - Topmedicus HR","og_description":"Njega osjetljive i vrlo suhe ko\u017ee kod dijabetesa. Ko\u017eu intenzivno hidratizira, pobolj\u0161ava elasti\u010dnost i sprje\u010dava isu\u0161ivanje. S biomimeti\u010dkim lipidima. Bez ureje.","og_url":"https:\/\/topmedicus.eu\/hr\/izdelek\/njega-stopala-za-dijabeticare-allpresan-diabetic-intensiv-repair-bez-ureje-kremasta-pjena-125-ml\/","og_site_name":"Topmedicus HR","article_modified_time":"2026-02-15T18:01:05+00:00","og_image":[{"width":600,"height":601,"url":"https:\/\/topmedicus.eu\/wp-content\/uploads\/2025\/02\/Allpresan-diabetic-intensiv-repair-brez-uree.png","type":"image\/png"}],"twitter_card":"summary_large_image","twitter_misc":{"Procijenjeno vrijeme \u010ditanja":"3 minute"},"schema":{"@context":"https:\/\/schema.org","@graph":[{"@type":"WebPage","@id":"https:\/\/topmedicus.eu\/hr\/izdelek\/njega-stopala-za-dijabeticare-allpresan-diabetic-intensiv-repair-bez-ureje-kremasta-pjena-125-ml\/","url":"https:\/\/topmedicus.eu\/hr\/izdelek\/njega-stopala-za-dijabeticare-allpresan-diabetic-intensiv-repair-bez-ureje-kremasta-pjena-125-ml\/","name":"Njega stopala za dijabeti\u010dare \u2013 ALLPRESAN diabetic INTENSIV + REPAIR bez ureje, kremasta pjena, 125 ml - Topmedicus HR","isPartOf":{"@id":"https:\/\/topmedicus.eu\/en\/#website"},"primaryImageOfPage":{"@id":"https:\/\/topmedicus.eu\/hr\/izdelek\/njega-stopala-za-dijabeticare-allpresan-diabetic-intensiv-repair-bez-ureje-kremasta-pjena-125-ml\/#primaryimage"},"image":{"@id":"https:\/\/topmedicus.eu\/hr\/izdelek\/njega-stopala-za-dijabeticare-allpresan-diabetic-intensiv-repair-bez-ureje-kremasta-pjena-125-ml\/#primaryimage"},"thumbnailUrl":"https:\/\/topmedicus.eu\/wp-content\/uploads\/2025\/02\/Allpresan-diabetic-intensiv-repair-brez-uree.png","datePublished":"2025-02-12T21:59:03+00:00","dateModified":"2026-02-15T18:01:05+00:00","description":"Njega osjetljive i vrlo suhe ko\u017ee kod dijabetesa. Ko\u017eu intenzivno hidratizira, pobolj\u0161ava elasti\u010dnost i sprje\u010dava isu\u0161ivanje. S biomimeti\u010dkim lipidima. Bez ureje.","breadcrumb":{"@id":"https:\/\/topmedicus.eu\/hr\/izdelek\/njega-stopala-za-dijabeticare-allpresan-diabetic-intensiv-repair-bez-ureje-kremasta-pjena-125-ml\/#breadcrumb"},"inLanguage":"hr","potentialAction":[{"@type":"ReadAction","target":["https:\/\/topmedicus.eu\/hr\/izdelek\/njega-stopala-za-dijabeticare-allpresan-diabetic-intensiv-repair-bez-ureje-kremasta-pjena-125-ml\/"]}]},{"@type":"ImageObject","inLanguage":"hr","@id":"https:\/\/topmedicus.eu\/hr\/izdelek\/njega-stopala-za-dijabeticare-allpresan-diabetic-intensiv-repair-bez-ureje-kremasta-pjena-125-ml\/#primaryimage","url":"https:\/\/topmedicus.eu\/wp-content\/uploads\/2025\/02\/Allpresan-diabetic-intensiv-repair-brez-uree.png","contentUrl":"https:\/\/topmedicus.eu\/wp-content\/uploads\/2025\/02\/Allpresan-diabetic-intensiv-repair-brez-uree.png","width":600,"height":601},{"@type":"BreadcrumbList","@id":"https:\/\/topmedicus.eu\/hr\/izdelek\/njega-stopala-za-dijabeticare-allpresan-diabetic-intensiv-repair-bez-ureje-kremasta-pjena-125-ml\/#breadcrumb","itemListElement":[{"@type":"ListItem","position":1,"name":"Home","item":"https:\/\/topmedicus.eu\/hr\/domaca-stranica\/"},{"@type":"ListItem","position":2,"name":"Shop","item":"https:\/\/topmedicus.eu\/shop\/"},{"@type":"ListItem","position":3,"name":"Njega stopala za dijabeti\u010dare \u2013 ALLPRESAN diabetic INTENSIV + REPAIR bez ureje, kremasta pjena, 125 ml"}]},{"@type":"WebSite","@id":"https:\/\/topmedicus.eu\/en\/#website","url":"https:\/\/topmedicus.eu\/en\/","name":"Topmedicus HR","description":"Prehranska dopolnila in dermatolo\u0161ka kozmetika","potentialAction":[{"@type":"SearchAction","target":{"@type":"EntryPoint","urlTemplate":"https:\/\/topmedicus.eu\/en\/?s={search_term_string}"},"query-input":{"@type":"PropertyValueSpecification","valueRequired":true,"valueName":"search_term_string"}}],"inLanguage":"hr"}]}},"jetpack_sharing_enabled":true,"_links":{"self":[{"href":"https:\/\/topmedicus.eu\/hr\/wp-json\/wp\/v2\/product\/13519","targetHints":{"allow":["GET"]}}],"collection":[{"href":"https:\/\/topmedicus.eu\/hr\/wp-json\/wp\/v2\/product"}],"about":[{"href":"https:\/\/topmedicus.eu\/hr\/wp-json\/wp\/v2\/types\/product"}],"replies":[{"embeddable":true,"href":"https:\/\/topmedicus.eu\/hr\/wp-json\/wp\/v2\/comments?post=13519"}],"wp:featuredmedia":[{"embeddable":true,"href":"https:\/\/topmedicus.eu\/hr\/wp-json\/wp\/v2\/media\/13520"}],"wp:attachment":[{"href":"https:\/\/topmedicus.eu\/hr\/wp-json\/wp\/v2\/media?parent=13519"}],"wp:term":[{"taxonomy":"product_brand","embeddable":true,"href":"https:\/\/topmedicus.eu\/hr\/wp-json\/wp\/v2\/product_brand?post=13519"},{"taxonomy":"product_cat","embeddable":true,"href":"https:\/\/topmedicus.eu\/hr\/wp-json\/wp\/v2\/product_cat?post=13519"},{"taxonomy":"product_tag","embeddable":true,"href":"https:\/\/topmedicus.eu\/hr\/wp-json\/wp\/v2\/product_tag?post=13519"},{"taxonomy":"blagovna-znamka","embeddable":true,"href":"https:\/\/topmedicus.eu\/hr\/wp-json\/wp\/v2\/blagovna-znamka?post=13519"}],"curies":[{"name":"wp","href":"https:\/\/api.w.org\/{rel}","templated":true}]}}