{"id":13521,"date":"2025-02-12T21:59:03","date_gmt":"2025-02-12T21:59:03","guid":{"rendered":"https:\/\/topmedicus.eu\/izdelek\/njega-stopala-za-dijabeticare-allpresan-diabetic-intensiv-repair-kremasta-pjena-125-ml\/"},"modified":"2025-02-12T21:59:03","modified_gmt":"2025-02-12T21:59:03","slug":"njega-stopala-za-dijabeticare-allpresan-diabetic-intensiv-repair-kremasta-pjena-125-ml","status":"publish","type":"product","link":"https:\/\/topmedicus.eu\/hr\/izdelek\/njega-stopala-za-dijabeticare-allpresan-diabetic-intensiv-repair-kremasta-pjena-125-ml\/","title":{"rendered":"Njega stopala za dijabeti\u010dare \u2013 ALLPRESAN diabetic INTENSIV + REPAIR, kremasta pjena, 125 ml"},"content":{"rendered":"<h3 data-start=\"0\" data-end=\"85\"><strong data-start=\"0\" data-end=\"85\">Za osobe sa \u0161e\u0107ernom bole\u0161\u0107u: Suha ko\u017ea dijabeti\u010dara zahtijeva odgovaraju\u0107u njegu<\/strong><\/h3>\n<p data-start=\"87\" data-end=\"668\"><strong data-start=\"87\" data-end=\"128\">Allpresan diabetic INTENSIVE + REPAIR<\/strong> kremasta pjena s 8 % ureje posebno je razvijena za njegu vrlo suhe i ispucale ko\u017ee kod osoba sa \u0161e\u0107ernom bole\u0161\u0107u. Pru\u017ea intenzivnu hidrataciju i podr\u017eava obnovu ko\u017ene barijere ve\u0107 u \u010detiri tjedna. Jedinstvena formula kombinira sna\u017eno hidratantno djelovanje s obnovitvenim u\u010dinkom biomimeti\u010dkih lipida. Zahvaljuju\u0107i laganoj pjenastoj teksturi brzo se upija i ostavlja ugodan, nemastan osje\u0107aj na ko\u017ei. Idealna je za primjenu na stopalima i nogama te poma\u017ee obnoviti prirodnu za\u0161titnu funkciju ko\u017ee i potaknuti njezinu vlastitu regeneraciju.<\/p>\n<h4 data-start=\"675\" data-end=\"748\">Stopala i ko\u017ea stopala: posebna njega va\u017ena je za osobe s dijabetesom<\/h4>\n<p data-start=\"749\" data-end=\"1050\">Ko\u017ea stopala kod osoba s dijabetesom \u010desto je izrazito suha zbog razli\u010ditih \u010dimbenika povezanih s bole\u0161\u0107u. Ko\u017enoj barijeri nedostaju esencijalni lipidi koji sprje\u010davaju gubitak vlage, \u0161to mo\u017ee dovesti do pucanja i iritacije ko\u017ee te pove\u0107ati rizik od infekcija i negativno utjecati na kvalitetu \u017eivota.<\/p>\n<p data-start=\"1052\" data-end=\"1571\">Allpresan diabetic <strong data-start=\"1071\" data-end=\"1093\">INTENSIVE + REPAIR<\/strong> kremasta pjena s urejom objedinjuje intenzivno hidratantno djelovanje linije Allpresan diabetic INTENSIVE s obnovitvenim u\u010dinkom biomimeti\u010dkih lipida. O\u0161te\u0107ena ko\u017ena barijera dokazano se obnavlja u samo 4 tjedna, \u010dime se ponovno uspostavlja prirodna za\u0161titna funkcija ko\u017ee. Istodobno se poti\u010de prirodna regeneracija ko\u017ee, \u0161to dugoro\u010dno pobolj\u0161ava njezino stanje. Redovitom uporabom ko\u017ea postaje mek\u0161a i podatnija, a smanjuje se rizik od ko\u017enih problema povezanih s dijabetesom.<\/p>\n<div class=\"flex flex-col text-sm pb-25\">\n<article class=\"text-token-text-primary w-full focus:outline-none [--shadow-height:45px] has-data-writing-block:pointer-events-none has-data-writing-block:-mt-(--shadow-height) has-data-writing-block:pt-(--shadow-height) [&amp;:has([data-writing-block])&gt;*]:pointer-events-auto scroll-mt-[calc(var(--header-height)+min(200px,max(70px,20svh)))]\" dir=\"auto\" tabindex=\"-1\" data-turn-id=\"request-699172a5-2250-8394-a18d-29d90ec60109-35\" data-testid=\"conversation-turn-170\" data-scroll-anchor=\"true\" data-turn=\"assistant\">\n<div class=\"text-base my-auto mx-auto pb-10 [--thread-content-margin:--spacing(4)] @w-sm\/main:[--thread-content-margin:--spacing(6)] @w-lg\/main:[--thread-content-margin:--spacing(16)] px-(--thread-content-margin)\">\n<div class=\"[--thread-content-max-width:40rem] @w-lg\/main:[--thread-content-max-width:48rem] mx-auto max-w-(--thread-content-max-width) flex-1 group\/turn-messages focus-visible:outline-hidden relative flex w-full min-w-0 flex-col agent-turn\" tabindex=\"-1\">\n<div class=\"flex max-w-full flex-col grow\">\n<div class=\"min-h-8 text-message relative flex w-full flex-col items-end gap-2 text-start break-words whitespace-normal [.text-message+&amp;]:mt-1\" dir=\"auto\" data-message-author-role=\"assistant\" data-message-id=\"0c39f4c1-4033-4550-9828-bad66410e322\" data-message-model-slug=\"gpt-5-2\">\n<div class=\"flex w-full flex-col gap-1 empty:hidden first:pt-[1px]\">\n<div class=\"markdown prose dark:prose-invert w-full wrap-break-word light markdown-new-styling\">\n<h4 data-start=\"1578\" data-end=\"1642\">Redovita njega stopala preporu\u010duje se osobama s dijabetesom:<\/h4>\n<ul>\n<li data-start=\"1645\" data-end=\"1721\"><strong data-start=\"1645\" data-end=\"1679\">Posebna njega za dijabeti\u010dare:<\/strong> razvijena za vrlo suhu i ispucalu ko\u017eu.<\/li>\n<li data-start=\"1645\" data-end=\"1721\"><strong data-start=\"1724\" data-end=\"1751\">Intenzivna hidratacija:<\/strong> osigurava dubinsko vla\u017eenje ko\u017ee.<\/li>\n<li data-start=\"1645\" data-end=\"1721\"><strong data-start=\"1790\" data-end=\"1813\">Obnovitveni u\u010dinak:<\/strong> biomimeti\u010dki lipidi obnavljaju ko\u017enu barijeru u 4 tjedna.<\/li>\n<li data-start=\"1645\" data-end=\"1721\"><strong data-start=\"1876\" data-end=\"1913\">Prikladno za svakodnevnu uporabu:<\/strong> lagana pjenasta tekstura brzo se upija i ne masti ko\u017eu.<\/li>\n<li data-start=\"1645\" data-end=\"1721\"><strong data-start=\"1974\" data-end=\"2003\">Pobolj\u0161ana funkcija ko\u017ee:<\/strong> obnavlja prirodnu za\u0161titnu funkciju i poti\u010de regeneraciju.<\/li>\n<li data-start=\"1645\" data-end=\"1721\"><strong data-start=\"2067\" data-end=\"2091\">Za redovitu uporabu:<\/strong> ko\u017ea postaje mek\u0161a i elasti\u010dnija, smanjuje se rizik od ko\u017enih problema i pobolj\u0161ava kvaliteta \u017eivota.<\/li>\n<\/ul>\n<h4 data-start=\"2195\" data-end=\"2213\">Dodatne prednosti:<\/h4>\n<ul>\n<li data-start=\"2216\" data-end=\"2257\">s ko\u017ei srodnim (biomimeti\u010dkim) lipidima<\/li>\n<li data-start=\"2216\" data-end=\"2257\">stvara za\u0161titnu mre\u017eu koja omogu\u0107uje ko\u017ei disanje i o\u010duvanje prirodnih funkcija<\/li>\n<li data-start=\"2216\" data-end=\"2257\">vrlo brzo se upija \u2014 mogu\u0107e se odmah odjenuti (npr. kompresijske \u010darape)<\/li>\n<li data-start=\"2216\" data-end=\"2257\">prikladno i za podru\u010dje izme\u0111u prstiju te ispod kompresijskih \u010darapa<\/li>\n<li data-start=\"2216\" data-end=\"2257\">bez mirisa, bojila i konzervansa<\/li>\n<\/ul>\n<p data-start=\"2528\" data-end=\"2650\"><strong data-start=\"2528\" data-end=\"2555\">Va\u017eni aktivni sastojci:<\/strong> urea 10 % | glicerin | pantenol | ceramidi NP | skvalan | karite maslac | alantoin | vitamin E<\/p>\n<h4 data-start=\"2679\" data-end=\"2862\"><strong data-start=\"2679\" data-end=\"2706\">Pantenol (dekspantenol)<\/strong><\/h4>\n<p data-start=\"2679\" data-end=\"2862\">Provitamin B5 s umiruju\u0107im, njeguju\u0107im i hidratantnim djelovanjem. Podr\u017eava proces zacjeljivanja ko\u017ee i \u010desto se koristi kod nadra\u017eene ili o\u0161te\u0107ene ko\u017ee.<\/p>\n<h4 data-start=\"2864\" data-end=\"3050\"><strong data-start=\"2864\" data-end=\"2902\">Saccharide Isomerate (Pentavitin\u00ae)<\/strong><\/h4>\n<p data-start=\"2864\" data-end=\"3050\">Opona\u0161a prirodne ugljikohidrate ko\u017ee i djeluje kao magnet za vlagu. Ve\u017ee vodu u ko\u017ei te osigurava trenuta\u010dnu i dugotrajnu hidrataciju do 72 sata.<\/p>\n<h4 data-start=\"3052\" data-end=\"3192\"><strong data-start=\"3052\" data-end=\"3064\">Urea 8 %<\/strong><\/h4>\n<p data-start=\"3052\" data-end=\"3192\">Osigurava intenzivnu hidrataciju i idealna je za svakodnevnu njegu optere\u0107enih podru\u010dja ko\u017ee poput ruku, stopala ili laktova.<\/p>\n<h4 data-start=\"3194\" data-end=\"3324\"><strong data-start=\"3194\" data-end=\"3217\">Biomimeti\u010dki lipidi<\/strong><\/h4>\n<p data-start=\"3194\" data-end=\"3324\">Lipidi sli\u010dni prirodnim lipidima ko\u017ee popunjavaju praznine u lipidnom sloju i obnavljaju ko\u017enu barijeru.<\/p>\n<p data-start=\"3331\" data-end=\"3372\" data-is-last-node=\"\" data-is-only-node=\"\"><em>Proizvo\u0111a\u010d: nsc Pharma GmbH, Njema\u010dka<\/em><\/p>\n<\/div>\n<\/div>\n<\/div>\n<\/div>\n<\/div>\n<\/div>\n<\/article>\n<\/div>\n","protected":false},"excerpt":{"rendered":"<div class=\"flex flex-col text-sm pb-25\">\n<article class=\"text-token-text-primary w-full focus:outline-none [--shadow-height:45px] has-data-writing-block:pointer-events-none has-data-writing-block:-mt-(--shadow-height) has-data-writing-block:pt-(--shadow-height) [&amp;:has([data-writing-block])&gt;*]:pointer-events-auto scroll-mt-[calc(var(--header-height)+min(200px,max(70px,20svh)))]\" dir=\"auto\" tabindex=\"-1\" data-turn-id=\"request-699172a5-2250-8394-a18d-29d90ec60109-36\" data-testid=\"conversation-turn-172\" data-scroll-anchor=\"true\" data-turn=\"assistant\">\n<div class=\"text-base my-auto mx-auto pb-10 [--thread-content-margin:--spacing(4)] @w-sm\/main:[--thread-content-margin:--spacing(6)] @w-lg\/main:[--thread-content-margin:--spacing(16)] px-(--thread-content-margin)\">\n<div class=\"[--thread-content-max-width:40rem] @w-lg\/main:[--thread-content-max-width:48rem] mx-auto max-w-(--thread-content-max-width) flex-1 group\/turn-messages focus-visible:outline-hidden relative flex w-full min-w-0 flex-col agent-turn\" tabindex=\"-1\">\n<div class=\"flex max-w-full flex-col grow\">\n<div class=\"min-h-8 text-message relative flex w-full flex-col items-end gap-2 text-start break-words whitespace-normal [.text-message+&amp;]:mt-1\" dir=\"auto\" data-message-author-role=\"assistant\" data-message-id=\"116fcc2a-1e34-4512-a300-f9dd79bf60b5\" data-message-model-slug=\"gpt-5-2\">\n<div class=\"flex w-full flex-col gap-1 empty:hidden first:pt-[1px]\">\n<div class=\"markdown prose dark:prose-invert w-full wrap-break-word light markdown-new-styling\">\n<h4 data-start=\"0\" data-end=\"79\">Kremasta pjena za vrlo suhu i ispucalu ko\u017eu nogu kod osoba sa \u0161e\u0107ernom bole\u0161\u0107u.<\/h4>\n<ul>\n<li data-start=\"83\" data-end=\"144\">Hidratizira ko\u017eu i obnavlja ko\u017enu barijeru u \u010detiri tjedna.<\/li>\n<li data-start=\"83\" data-end=\"144\">Namijenjena vrlo suhoj i ispucaloj ko\u017ei dijabeti\u010dara.<\/li>\n<li data-start=\"83\" data-end=\"144\">Izuzetno izda\u0161na \u2014 mala koli\u010dina dovoljna je za veliku povr\u0161inu ko\u017ee.<\/li>\n<li data-start=\"83\" data-end=\"144\">Preporu\u010duju dijabetolozi i dermatolozi.<\/li>\n<li data-start=\"83\" data-end=\"144\">Bez mirisa.<\/li>\n<li data-start=\"83\" data-end=\"144\">Veganska.<\/li>\n<\/ul>\n<\/div>\n<\/div>\n<\/div>\n<\/div>\n<\/div>\n<\/div>\n<\/article>\n<\/div>\n","protected":false},"featured_media":13522,"comment_status":"closed","ping_status":"closed","template":"","meta":{"_acf_changed":false},"product_brand":[1005],"product_cat":[749,553],"product_tag":[],"blagovna-znamka":[],"class_list":{"0":"post-13521","1":"product","2":"type-product","3":"status-publish","4":"has-post-thumbnail","6":"product_brand-allpresan-hr","7":"product_cat-za-diabeticare","8":"product_cat-za-dijabeticare","10":"first","11":"instock","12":"taxable","13":"shipping-taxable","14":"purchasable","15":"product-type-simple"},"acf":[],"yoast_head":"<!-- This site is optimized with the Yoast SEO plugin v27.4 - https:\/\/yoast.com\/product\/yoast-seo-wordpress\/ -->\n<title>Njega stopala za dijabeti\u010dare \u2013 ALLPRESAN diabetic INTENSIV + REPAIR, kremasta pjena, 125 ml - Topmedicus HR<\/title>\n<meta name=\"description\" content=\"Intenzivna hidratantna njega u pjeni za noge dijabeti\u010dara. Za meku, podatnu, njegovanu i za\u0161ti\u0107enu ko\u017eu nogu. Preporu\u010duju dijabetolozi.\" \/>\n<meta name=\"robots\" content=\"index, follow, max-snippet:-1, max-image-preview:large, max-video-preview:-1\" \/>\n<link rel=\"canonical\" href=\"https:\/\/topmedicus.eu\/hr\/izdelek\/njega-stopala-za-dijabeticare-allpresan-diabetic-intensiv-repair-kremasta-pjena-125-ml\/\" \/>\n<meta property=\"og:locale\" content=\"hr_HR\" \/>\n<meta property=\"og:type\" content=\"article\" \/>\n<meta property=\"og:title\" content=\"Njega stopala za dijabeti\u010dare \u2013 ALLPRESAN diabetic INTENSIV + REPAIR, kremasta pjena, 125 ml - Topmedicus HR\" \/>\n<meta property=\"og:description\" content=\"Intenzivna hidratantna njega u pjeni za noge dijabeti\u010dara. Za meku, podatnu, njegovanu i za\u0161ti\u0107enu ko\u017eu nogu. Preporu\u010duju dijabetolozi.\" \/>\n<meta property=\"og:url\" content=\"https:\/\/topmedicus.eu\/hr\/izdelek\/njega-stopala-za-dijabeticare-allpresan-diabetic-intensiv-repair-kremasta-pjena-125-ml\/\" \/>\n<meta property=\"og:site_name\" content=\"Topmedicus HR\" \/>\n<meta property=\"og:image\" content=\"https:\/\/topmedicus.eu\/wp-content\/uploads\/2025\/02\/Alllpresa-diabetic-intensiv-repair-z-ureo-125-ml.jpg\" \/>\n\t<meta property=\"og:image:width\" content=\"574\" \/>\n\t<meta property=\"og:image:height\" content=\"565\" \/>\n\t<meta property=\"og:image:type\" content=\"image\/jpeg\" \/>\n<meta name=\"twitter:card\" content=\"summary_large_image\" \/>\n<meta name=\"twitter:label1\" content=\"Procijenjeno vrijeme \u010ditanja\" \/>\n\t<meta name=\"twitter:data1\" content=\"3 minute\" \/>\n<script type=\"application\/ld+json\" class=\"yoast-schema-graph\">{\"@context\":\"https:\\\/\\\/schema.org\",\"@graph\":[{\"@type\":\"WebPage\",\"@id\":\"https:\\\/\\\/topmedicus.eu\\\/hr\\\/izdelek\\\/njega-stopala-za-dijabeticare-allpresan-diabetic-intensiv-repair-kremasta-pjena-125-ml\\\/\",\"url\":\"https:\\\/\\\/topmedicus.eu\\\/hr\\\/izdelek\\\/njega-stopala-za-dijabeticare-allpresan-diabetic-intensiv-repair-kremasta-pjena-125-ml\\\/\",\"name\":\"Njega stopala za dijabeti\u010dare \u2013 ALLPRESAN diabetic INTENSIV + REPAIR, kremasta pjena, 125 ml - Topmedicus HR\",\"isPartOf\":{\"@id\":\"https:\\\/\\\/topmedicus.eu\\\/en\\\/#website\"},\"primaryImageOfPage\":{\"@id\":\"https:\\\/\\\/topmedicus.eu\\\/hr\\\/izdelek\\\/njega-stopala-za-dijabeticare-allpresan-diabetic-intensiv-repair-kremasta-pjena-125-ml\\\/#primaryimage\"},\"image\":{\"@id\":\"https:\\\/\\\/topmedicus.eu\\\/hr\\\/izdelek\\\/njega-stopala-za-dijabeticare-allpresan-diabetic-intensiv-repair-kremasta-pjena-125-ml\\\/#primaryimage\"},\"thumbnailUrl\":\"https:\\\/\\\/topmedicus.eu\\\/wp-content\\\/uploads\\\/2025\\\/02\\\/Alllpresa-diabetic-intensiv-repair-z-ureo-125-ml.jpg\",\"datePublished\":\"2025-02-12T21:59:03+00:00\",\"description\":\"Intenzivna hidratantna njega u pjeni za noge dijabeti\u010dara. Za meku, podatnu, njegovanu i za\u0161ti\u0107enu ko\u017eu nogu. Preporu\u010duju dijabetolozi.\",\"breadcrumb\":{\"@id\":\"https:\\\/\\\/topmedicus.eu\\\/hr\\\/izdelek\\\/njega-stopala-za-dijabeticare-allpresan-diabetic-intensiv-repair-kremasta-pjena-125-ml\\\/#breadcrumb\"},\"inLanguage\":\"hr\",\"potentialAction\":[{\"@type\":\"ReadAction\",\"target\":[\"https:\\\/\\\/topmedicus.eu\\\/hr\\\/izdelek\\\/njega-stopala-za-dijabeticare-allpresan-diabetic-intensiv-repair-kremasta-pjena-125-ml\\\/\"]}]},{\"@type\":\"ImageObject\",\"inLanguage\":\"hr\",\"@id\":\"https:\\\/\\\/topmedicus.eu\\\/hr\\\/izdelek\\\/njega-stopala-za-dijabeticare-allpresan-diabetic-intensiv-repair-kremasta-pjena-125-ml\\\/#primaryimage\",\"url\":\"https:\\\/\\\/topmedicus.eu\\\/wp-content\\\/uploads\\\/2025\\\/02\\\/Alllpresa-diabetic-intensiv-repair-z-ureo-125-ml.jpg\",\"contentUrl\":\"https:\\\/\\\/topmedicus.eu\\\/wp-content\\\/uploads\\\/2025\\\/02\\\/Alllpresa-diabetic-intensiv-repair-z-ureo-125-ml.jpg\",\"width\":574,\"height\":565},{\"@type\":\"BreadcrumbList\",\"@id\":\"https:\\\/\\\/topmedicus.eu\\\/hr\\\/izdelek\\\/njega-stopala-za-dijabeticare-allpresan-diabetic-intensiv-repair-kremasta-pjena-125-ml\\\/#breadcrumb\",\"itemListElement\":[{\"@type\":\"ListItem\",\"position\":1,\"name\":\"Home\",\"item\":\"https:\\\/\\\/topmedicus.eu\\\/hr\\\/domaca-stranica\\\/\"},{\"@type\":\"ListItem\",\"position\":2,\"name\":\"Shop\",\"item\":\"https:\\\/\\\/topmedicus.eu\\\/shop\\\/\"},{\"@type\":\"ListItem\",\"position\":3,\"name\":\"Njega stopala za dijabeti\u010dare \u2013 ALLPRESAN diabetic INTENSIV + REPAIR, kremasta pjena, 125 ml\"}]},{\"@type\":\"WebSite\",\"@id\":\"https:\\\/\\\/topmedicus.eu\\\/en\\\/#website\",\"url\":\"https:\\\/\\\/topmedicus.eu\\\/en\\\/\",\"name\":\"Topmedicus HR\",\"description\":\"Prehranska dopolnila in dermatolo\u0161ka kozmetika\",\"potentialAction\":[{\"@type\":\"SearchAction\",\"target\":{\"@type\":\"EntryPoint\",\"urlTemplate\":\"https:\\\/\\\/topmedicus.eu\\\/en\\\/?s={search_term_string}\"},\"query-input\":{\"@type\":\"PropertyValueSpecification\",\"valueRequired\":true,\"valueName\":\"search_term_string\"}}],\"inLanguage\":\"hr\"}]}<\/script>\n<!-- \/ Yoast SEO plugin. -->","yoast_head_json":{"title":"Njega stopala za dijabeti\u010dare \u2013 ALLPRESAN diabetic INTENSIV + REPAIR, kremasta pjena, 125 ml - Topmedicus HR","description":"Intenzivna hidratantna njega u pjeni za noge dijabeti\u010dara. Za meku, podatnu, njegovanu i za\u0161ti\u0107enu ko\u017eu nogu. Preporu\u010duju dijabetolozi.","robots":{"index":"index","follow":"follow","max-snippet":"max-snippet:-1","max-image-preview":"max-image-preview:large","max-video-preview":"max-video-preview:-1"},"canonical":"https:\/\/topmedicus.eu\/hr\/izdelek\/njega-stopala-za-dijabeticare-allpresan-diabetic-intensiv-repair-kremasta-pjena-125-ml\/","og_locale":"hr_HR","og_type":"article","og_title":"Njega stopala za dijabeti\u010dare \u2013 ALLPRESAN diabetic INTENSIV + REPAIR, kremasta pjena, 125 ml - Topmedicus HR","og_description":"Intenzivna hidratantna njega u pjeni za noge dijabeti\u010dara. Za meku, podatnu, njegovanu i za\u0161ti\u0107enu ko\u017eu nogu. Preporu\u010duju dijabetolozi.","og_url":"https:\/\/topmedicus.eu\/hr\/izdelek\/njega-stopala-za-dijabeticare-allpresan-diabetic-intensiv-repair-kremasta-pjena-125-ml\/","og_site_name":"Topmedicus HR","og_image":[{"width":574,"height":565,"url":"https:\/\/topmedicus.eu\/wp-content\/uploads\/2025\/02\/Alllpresa-diabetic-intensiv-repair-z-ureo-125-ml.jpg","type":"image\/jpeg"}],"twitter_card":"summary_large_image","twitter_misc":{"Procijenjeno vrijeme \u010ditanja":"3 minute"},"schema":{"@context":"https:\/\/schema.org","@graph":[{"@type":"WebPage","@id":"https:\/\/topmedicus.eu\/hr\/izdelek\/njega-stopala-za-dijabeticare-allpresan-diabetic-intensiv-repair-kremasta-pjena-125-ml\/","url":"https:\/\/topmedicus.eu\/hr\/izdelek\/njega-stopala-za-dijabeticare-allpresan-diabetic-intensiv-repair-kremasta-pjena-125-ml\/","name":"Njega stopala za dijabeti\u010dare \u2013 ALLPRESAN diabetic INTENSIV + REPAIR, kremasta pjena, 125 ml - Topmedicus HR","isPartOf":{"@id":"https:\/\/topmedicus.eu\/en\/#website"},"primaryImageOfPage":{"@id":"https:\/\/topmedicus.eu\/hr\/izdelek\/njega-stopala-za-dijabeticare-allpresan-diabetic-intensiv-repair-kremasta-pjena-125-ml\/#primaryimage"},"image":{"@id":"https:\/\/topmedicus.eu\/hr\/izdelek\/njega-stopala-za-dijabeticare-allpresan-diabetic-intensiv-repair-kremasta-pjena-125-ml\/#primaryimage"},"thumbnailUrl":"https:\/\/topmedicus.eu\/wp-content\/uploads\/2025\/02\/Alllpresa-diabetic-intensiv-repair-z-ureo-125-ml.jpg","datePublished":"2025-02-12T21:59:03+00:00","description":"Intenzivna hidratantna njega u pjeni za noge dijabeti\u010dara. Za meku, podatnu, njegovanu i za\u0161ti\u0107enu ko\u017eu nogu. Preporu\u010duju dijabetolozi.","breadcrumb":{"@id":"https:\/\/topmedicus.eu\/hr\/izdelek\/njega-stopala-za-dijabeticare-allpresan-diabetic-intensiv-repair-kremasta-pjena-125-ml\/#breadcrumb"},"inLanguage":"hr","potentialAction":[{"@type":"ReadAction","target":["https:\/\/topmedicus.eu\/hr\/izdelek\/njega-stopala-za-dijabeticare-allpresan-diabetic-intensiv-repair-kremasta-pjena-125-ml\/"]}]},{"@type":"ImageObject","inLanguage":"hr","@id":"https:\/\/topmedicus.eu\/hr\/izdelek\/njega-stopala-za-dijabeticare-allpresan-diabetic-intensiv-repair-kremasta-pjena-125-ml\/#primaryimage","url":"https:\/\/topmedicus.eu\/wp-content\/uploads\/2025\/02\/Alllpresa-diabetic-intensiv-repair-z-ureo-125-ml.jpg","contentUrl":"https:\/\/topmedicus.eu\/wp-content\/uploads\/2025\/02\/Alllpresa-diabetic-intensiv-repair-z-ureo-125-ml.jpg","width":574,"height":565},{"@type":"BreadcrumbList","@id":"https:\/\/topmedicus.eu\/hr\/izdelek\/njega-stopala-za-dijabeticare-allpresan-diabetic-intensiv-repair-kremasta-pjena-125-ml\/#breadcrumb","itemListElement":[{"@type":"ListItem","position":1,"name":"Home","item":"https:\/\/topmedicus.eu\/hr\/domaca-stranica\/"},{"@type":"ListItem","position":2,"name":"Shop","item":"https:\/\/topmedicus.eu\/shop\/"},{"@type":"ListItem","position":3,"name":"Njega stopala za dijabeti\u010dare \u2013 ALLPRESAN diabetic INTENSIV + REPAIR, kremasta pjena, 125 ml"}]},{"@type":"WebSite","@id":"https:\/\/topmedicus.eu\/en\/#website","url":"https:\/\/topmedicus.eu\/en\/","name":"Topmedicus HR","description":"Prehranska dopolnila in dermatolo\u0161ka kozmetika","potentialAction":[{"@type":"SearchAction","target":{"@type":"EntryPoint","urlTemplate":"https:\/\/topmedicus.eu\/en\/?s={search_term_string}"},"query-input":{"@type":"PropertyValueSpecification","valueRequired":true,"valueName":"search_term_string"}}],"inLanguage":"hr"}]}},"jetpack_sharing_enabled":true,"_links":{"self":[{"href":"https:\/\/topmedicus.eu\/hr\/wp-json\/wp\/v2\/product\/13521","targetHints":{"allow":["GET"]}}],"collection":[{"href":"https:\/\/topmedicus.eu\/hr\/wp-json\/wp\/v2\/product"}],"about":[{"href":"https:\/\/topmedicus.eu\/hr\/wp-json\/wp\/v2\/types\/product"}],"replies":[{"embeddable":true,"href":"https:\/\/topmedicus.eu\/hr\/wp-json\/wp\/v2\/comments?post=13521"}],"wp:featuredmedia":[{"embeddable":true,"href":"https:\/\/topmedicus.eu\/hr\/wp-json\/wp\/v2\/media\/13522"}],"wp:attachment":[{"href":"https:\/\/topmedicus.eu\/hr\/wp-json\/wp\/v2\/media?parent=13521"}],"wp:term":[{"taxonomy":"product_brand","embeddable":true,"href":"https:\/\/topmedicus.eu\/hr\/wp-json\/wp\/v2\/product_brand?post=13521"},{"taxonomy":"product_cat","embeddable":true,"href":"https:\/\/topmedicus.eu\/hr\/wp-json\/wp\/v2\/product_cat?post=13521"},{"taxonomy":"product_tag","embeddable":true,"href":"https:\/\/topmedicus.eu\/hr\/wp-json\/wp\/v2\/product_tag?post=13521"},{"taxonomy":"blagovna-znamka","embeddable":true,"href":"https:\/\/topmedicus.eu\/hr\/wp-json\/wp\/v2\/blagovna-znamka?post=13521"}],"curies":[{"name":"wp","href":"https:\/\/api.w.org\/{rel}","templated":true}]}}