{"id":13533,"date":"2025-02-12T21:58:40","date_gmt":"2025-02-12T21:58:40","guid":{"rendered":"https:\/\/topmedicus.eu\/izdelek\/vrlo-suha-koza-stopala-allpresan-pedicare-3-kremasta-pjena-miris-manga-125-ml\/"},"modified":"2026-02-15T18:59:02","modified_gmt":"2026-02-15T18:59:02","slug":"vrlo-suha-koza-stopala-allpresan-pedicare-3-kremasta-pjena-miris-manga-125-ml","status":"publish","type":"product","link":"https:\/\/topmedicus.eu\/hr\/izdelek\/vrlo-suha-koza-stopala-allpresan-pedicare-3-kremasta-pjena-miris-manga-125-ml\/","title":{"rendered":"Vrlo suha ko\u017ea stopala \u2013 Allpresan pedicare 3, kremasta pjena, miris manga, 125 ml"},"content":{"rendered":"<h3 data-start=\"0\" data-end=\"322\"><strong data-start=\"0\" data-end=\"32\">Intenzivna hidratantna njega<\/strong><\/h3>\n<p data-start=\"0\" data-end=\"322\">Allpresan pedicare 3 kremasta pjena pru\u017ea intenzivnu i dugotrajnu hidrataciju vrlo suhe ko\u017ee stopala. S 10 % uree u\u010dinkovito poma\u017ee smanjiti hrapavost, pukotine i \u017euljeve, dok ko\u017ea postaje mekana i elasti\u010dna. Ova kremasta pjena razvijena je posebno za svakodnevne potrebe vrlo suhe ko\u017ee.<\/p>\n<h4 data-start=\"324\" data-end=\"807\"><strong data-start=\"324\" data-end=\"365\">Pobolj\u0161ana formula za optimalnu njegu<\/strong><\/h4>\n<p data-start=\"324\" data-end=\"807\">Nova formula sadr\u017ei biomimeti\u010dke (ko\u017ei srodne) lipide koji ja\u010daju ko\u017enu barijeru i podr\u017eavaju regeneraciju ko\u017ee. Ovi sastojci klju\u010dni su za obnovu prirodne za\u0161titne funkcije ko\u017ee i smanjenje rizika od upala i infekcija koje mogu nastati zbog ispucale i hrapave ko\u017ee. Osim toga, lagana pjenasta tekstura brzo se upija, bez masnog i\/ili ljepljivog osje\u0107aja. Nano\u0161enje je zato posebno ugodno, a ko\u017ea je odmah intenzivno njegovana i za\u0161ti\u0107ena.<\/p>\n<h4 data-start=\"809\" data-end=\"1083\"><strong data-start=\"809\" data-end=\"853\">Redovita uporaba za dugotrajne rezultate<\/strong><\/h4>\n<p data-start=\"809\" data-end=\"1083\">Redovita uporaba kremaste pjene Allpresan pedicare 3 osigurava intenzivnu hidrataciju ko\u017ee. Krema u pjeni poma\u017ee da ko\u017ea postane gla\u0111a, mek\u0161a i otpornija na vanjske utjecaje, \u010dime se dodatno smanjuje rizik od mogu\u0107ih infekcija.<\/p>\n<ul>\n<li data-start=\"1087\" data-end=\"1160\"><strong data-start=\"1087\" data-end=\"1114\">Intenzivna hidratacija:<\/strong> 10 % uree osigurava dugotrajnu hidrataciju.<\/li>\n<li data-start=\"1087\" data-end=\"1160\"><strong data-start=\"1163\" data-end=\"1184\">Smanjuje \u017euljeve:<\/strong> Poma\u017ee kod hrapave, ispucale ko\u017ee i \u017euljeva.<\/li>\n<li data-start=\"1087\" data-end=\"1160\"><strong data-start=\"1234\" data-end=\"1258\">Ja\u010da ko\u017enu barijeru:<\/strong> Biomimeti\u010dki lipidi podr\u017eavaju regeneraciju ko\u017ee.<\/li>\n<li data-start=\"1087\" data-end=\"1160\"><strong data-start=\"1313\" data-end=\"1331\">Brzo se upija:<\/strong> Lagana tekstura pjene ne ostavlja masni i\/ili ljepljivi osje\u0107aj.<\/li>\n<li data-start=\"1087\" data-end=\"1160\">Odmah nakon njege mo\u017eete se obuti.<\/li>\n<li data-start=\"1087\" data-end=\"1160\"><strong data-start=\"1436\" data-end=\"1461\">Za\u0161tita od infekcija:<\/strong> Obnavlja prirodnu za\u0161titnu barijeru ko\u017ee.<\/li>\n<li data-start=\"1087\" data-end=\"1160\"><strong data-start=\"1508\" data-end=\"1529\">Redovita uporaba:<\/strong> Trajno pobolj\u0161ava teksturu i elasti\u010dnost ko\u017ee.<\/li>\n<li data-start=\"1087\" data-end=\"1160\"><strong data-start=\"1581\" data-end=\"1602\">Izuzetno izda\u0161na:<\/strong> Pove\u0107ava volumen do deset puta \u2013 ve\u0107 mala koli\u010dina pjene dovoljna je za veliku povr\u0161inu ko\u017ee.<\/li>\n<\/ul>\n<p data-start=\"1700\" data-end=\"1826\"><strong data-start=\"1700\" data-end=\"1727\">Va\u017eni aktivni sastojci:<\/strong> Urea 10 % | glicerin | maslinovo ulje | shea maslac | alantoin | ceramidi NP | skvalan | vitamin E<\/p>\n<h4 data-start=\"1833\" data-end=\"1858\">Biomimeti\u010dki lipidi<\/h4>\n<p data-start=\"1859\" data-end=\"2164\">Ko\u017ei srodni lipidi koji imaju sli\u010dna strukturna svojstva kao lipidi u ko\u017ei. Poput lipida prirodne barijere, raspore\u0111eni su u karakteristi\u010dne, vrlo kompaktne lipidne dvoslojeve. Time popunjavaju praznine u lipidnom filmu suhe ko\u017ee poput savr\u0161eno uklopljenih dijelova slagalice te obnavljaju ko\u017enu barijeru.<\/p>\n<h4 data-start=\"2166\" data-end=\"2180\">Glicerin<\/h4>\n<p data-start=\"2181\" data-end=\"2398\">Glicerin je prirodni sastojak prirodnih hidratantnih faktora ko\u017ee (NMF). Kao prirodni hidratantni faktor ko\u017ea ga posebno dobro podnosi. Ve\u017ee vlagu, pobolj\u0161ava elasti\u010dnost ko\u017ee i stabilizira njezinu barijernu funkciju.<\/p>\n<h4 data-start=\"2400\" data-end=\"2415\">Urea 10 %<\/h4>\n<p data-start=\"2416\" data-end=\"2700\">Urea, poznata i kao karbamid, prirodni je sastojak ko\u017ee i pripada takozvanim NMF-ovima (prirodnim hidratantnim faktorima). Ve\u017ee vlagu i odr\u017eava ko\u017eu elasti\u010dnom. Osim svojstva vezanja vlage, u koncentraciji od 10 % ima keratoplasti\u010dni u\u010dinak te je idealna za vrlo suhu i perutavu ko\u017eu.<\/p>\n<p data-start=\"2416\" data-end=\"2700\"><em>Proizvodi: nsc Pharma GmbH, Njema\u010dka<\/em><\/p>\n","protected":false},"excerpt":{"rendered":"<div class=\"flex flex-col text-sm pb-25\">\n<article class=\"text-token-text-primary w-full focus:outline-none [--shadow-height:45px] has-data-writing-block:pointer-events-none has-data-writing-block:-mt-(--shadow-height) has-data-writing-block:pt-(--shadow-height) [&amp;:has([data-writing-block])&gt;*]:pointer-events-auto scroll-mt-[calc(var(--header-height)+min(200px,max(70px,20svh)))]\" dir=\"auto\" tabindex=\"-1\" data-turn-id=\"request-WEB:83dbc3fb-1422-4d3a-b4ab-ebb201dee956-29\" data-testid=\"conversation-turn-4\" data-scroll-anchor=\"true\" data-turn=\"assistant\">\n<div class=\"text-base my-auto mx-auto pb-10 [--thread-content-margin:--spacing(4)] @w-sm\/main:[--thread-content-margin:--spacing(6)] @w-lg\/main:[--thread-content-margin:--spacing(16)] px-(--thread-content-margin)\">\n<div class=\"[--thread-content-max-width:40rem] @w-lg\/main:[--thread-content-max-width:48rem] mx-auto max-w-(--thread-content-max-width) flex-1 group\/turn-messages focus-visible:outline-hidden relative flex w-full min-w-0 flex-col agent-turn\" tabindex=\"-1\">\n<div class=\"flex max-w-full flex-col grow\">\n<div class=\"min-h-8 text-message relative flex w-full flex-col items-end gap-2 text-start break-words whitespace-normal [.text-message+&amp;]:mt-1\" dir=\"auto\" data-message-author-role=\"assistant\" data-message-id=\"ae4f21cf-9b46-49e4-a13a-56aef7999dca\" data-message-model-slug=\"gpt-5-2\">\n<div class=\"flex w-full flex-col gap-1 empty:hidden first:pt-[1px]\">\n<div class=\"markdown prose dark:prose-invert w-full wrap-break-word light markdown-new-styling\">\n<h4 data-start=\"0\" data-end=\"279\"><strong data-start=\"0\" data-end=\"24\" data-is-only-node=\"\">Za vrlo suha stopala<\/strong><\/h4>\n<p>Na\u0161a pjenasta krema Allpresan hidratizira ko\u017eu va\u0161ih stopala te ih ostavlja mekanima i elasti\u010dnima.<\/p>\n<ul>\n<li>Smanjuje hrapavost, pukotine i \u017euljeve.<\/li>\n<li>S vo\u0107nim mirisom manga.<\/li>\n<li>Prva medicinska njega stopala s biomimeti\u010dkim (ko\u017ei srodnim) lipidima.<\/li>\n<li>Veganska.<\/li>\n<\/ul>\n<\/div>\n<\/div>\n<\/div>\n<\/div>\n<\/div>\n<\/div>\n<\/article>\n<\/div>\n","protected":false},"featured_media":13534,"comment_status":"closed","ping_status":"closed","template":"","meta":{"_acf_changed":false},"product_brand":[1005],"product_cat":[666,749],"product_tag":[],"blagovna-znamka":[],"class_list":{"0":"post-13533","1":"product","2":"type-product","3":"status-publish","4":"has-post-thumbnail","6":"product_brand-allpresan-hr","7":"product_cat-suha-koza-stopala","8":"product_cat-za-diabeticare","10":"first","11":"instock","12":"taxable","13":"shipping-taxable","14":"purchasable","15":"product-type-simple"},"acf":[],"yoast_head":"<!-- This site is optimized with the Yoast SEO plugin v27.4 - https:\/\/yoast.com\/product\/yoast-seo-wordpress\/ -->\n<title>Vrlo suha ko\u017ea stopala \u2013 Allpresan pedicare 3, kremasta pjena, miris manga, 125 ml - Topmedicus HR<\/title>\n<meta name=\"description\" content=\"Prva medicinska njega za vrlo suhu ko\u017eu stopala s ko\u017ei srodnim lipidima. Intenzivno hidratizira ko\u017eu i sprje\u010dava stvaranje zadebljale ko\u017ee. S egzoti\u010dnim mirisom manga.\" \/>\n<meta name=\"robots\" content=\"index, follow, max-snippet:-1, max-image-preview:large, max-video-preview:-1\" \/>\n<link rel=\"canonical\" href=\"https:\/\/topmedicus.eu\/hr\/izdelek\/vrlo-suha-koza-stopala-allpresan-pedicare-3-kremasta-pjena-miris-manga-125-ml\/\" \/>\n<meta property=\"og:locale\" content=\"hr_HR\" \/>\n<meta property=\"og:type\" content=\"article\" \/>\n<meta property=\"og:title\" content=\"Vrlo suha ko\u017ea stopala \u2013 Allpresan pedicare 3, kremasta pjena, miris manga, 125 ml - Topmedicus HR\" \/>\n<meta property=\"og:description\" content=\"Prva medicinska njega za vrlo suhu ko\u017eu stopala s ko\u017ei srodnim lipidima. Intenzivno hidratizira ko\u017eu i sprje\u010dava stvaranje zadebljale ko\u017ee. S egzoti\u010dnim mirisom manga.\" \/>\n<meta property=\"og:url\" content=\"https:\/\/topmedicus.eu\/hr\/izdelek\/vrlo-suha-koza-stopala-allpresan-pedicare-3-kremasta-pjena-miris-manga-125-ml\/\" \/>\n<meta property=\"og:site_name\" content=\"Topmedicus HR\" \/>\n<meta property=\"article:modified_time\" content=\"2026-02-15T18:59:02+00:00\" \/>\n<meta property=\"og:image\" content=\"https:\/\/topmedicus.eu\/wp-content\/uploads\/2025\/02\/Allpresan-pedicare-3-mango.png\" \/>\n\t<meta property=\"og:image:width\" content=\"600\" \/>\n\t<meta property=\"og:image:height\" content=\"600\" \/>\n\t<meta property=\"og:image:type\" content=\"image\/png\" \/>\n<meta name=\"twitter:card\" content=\"summary_large_image\" \/>\n<meta name=\"twitter:label1\" content=\"Procijenjeno vrijeme \u010ditanja\" \/>\n\t<meta name=\"twitter:data1\" content=\"2 minute\" \/>\n<script type=\"application\/ld+json\" class=\"yoast-schema-graph\">{\"@context\":\"https:\\\/\\\/schema.org\",\"@graph\":[{\"@type\":\"WebPage\",\"@id\":\"https:\\\/\\\/topmedicus.eu\\\/hr\\\/izdelek\\\/vrlo-suha-koza-stopala-allpresan-pedicare-3-kremasta-pjena-miris-manga-125-ml\\\/\",\"url\":\"https:\\\/\\\/topmedicus.eu\\\/hr\\\/izdelek\\\/vrlo-suha-koza-stopala-allpresan-pedicare-3-kremasta-pjena-miris-manga-125-ml\\\/\",\"name\":\"Vrlo suha ko\u017ea stopala \u2013 Allpresan pedicare 3, kremasta pjena, miris manga, 125 ml - Topmedicus HR\",\"isPartOf\":{\"@id\":\"https:\\\/\\\/topmedicus.eu\\\/en\\\/#website\"},\"primaryImageOfPage\":{\"@id\":\"https:\\\/\\\/topmedicus.eu\\\/hr\\\/izdelek\\\/vrlo-suha-koza-stopala-allpresan-pedicare-3-kremasta-pjena-miris-manga-125-ml\\\/#primaryimage\"},\"image\":{\"@id\":\"https:\\\/\\\/topmedicus.eu\\\/hr\\\/izdelek\\\/vrlo-suha-koza-stopala-allpresan-pedicare-3-kremasta-pjena-miris-manga-125-ml\\\/#primaryimage\"},\"thumbnailUrl\":\"https:\\\/\\\/topmedicus.eu\\\/wp-content\\\/uploads\\\/2025\\\/02\\\/Allpresan-pedicare-3-mango.png\",\"datePublished\":\"2025-02-12T21:58:40+00:00\",\"dateModified\":\"2026-02-15T18:59:02+00:00\",\"description\":\"Prva medicinska njega za vrlo suhu ko\u017eu stopala s ko\u017ei srodnim lipidima. Intenzivno hidratizira ko\u017eu i sprje\u010dava stvaranje zadebljale ko\u017ee. S egzoti\u010dnim mirisom manga.\",\"breadcrumb\":{\"@id\":\"https:\\\/\\\/topmedicus.eu\\\/hr\\\/izdelek\\\/vrlo-suha-koza-stopala-allpresan-pedicare-3-kremasta-pjena-miris-manga-125-ml\\\/#breadcrumb\"},\"inLanguage\":\"hr\",\"potentialAction\":[{\"@type\":\"ReadAction\",\"target\":[\"https:\\\/\\\/topmedicus.eu\\\/hr\\\/izdelek\\\/vrlo-suha-koza-stopala-allpresan-pedicare-3-kremasta-pjena-miris-manga-125-ml\\\/\"]}]},{\"@type\":\"ImageObject\",\"inLanguage\":\"hr\",\"@id\":\"https:\\\/\\\/topmedicus.eu\\\/hr\\\/izdelek\\\/vrlo-suha-koza-stopala-allpresan-pedicare-3-kremasta-pjena-miris-manga-125-ml\\\/#primaryimage\",\"url\":\"https:\\\/\\\/topmedicus.eu\\\/wp-content\\\/uploads\\\/2025\\\/02\\\/Allpresan-pedicare-3-mango.png\",\"contentUrl\":\"https:\\\/\\\/topmedicus.eu\\\/wp-content\\\/uploads\\\/2025\\\/02\\\/Allpresan-pedicare-3-mango.png\",\"width\":600,\"height\":600},{\"@type\":\"BreadcrumbList\",\"@id\":\"https:\\\/\\\/topmedicus.eu\\\/hr\\\/izdelek\\\/vrlo-suha-koza-stopala-allpresan-pedicare-3-kremasta-pjena-miris-manga-125-ml\\\/#breadcrumb\",\"itemListElement\":[{\"@type\":\"ListItem\",\"position\":1,\"name\":\"Home\",\"item\":\"https:\\\/\\\/topmedicus.eu\\\/hr\\\/domaca-stranica\\\/\"},{\"@type\":\"ListItem\",\"position\":2,\"name\":\"Shop\",\"item\":\"https:\\\/\\\/topmedicus.eu\\\/shop\\\/\"},{\"@type\":\"ListItem\",\"position\":3,\"name\":\"Vrlo suha ko\u017ea stopala \u2013 Allpresan pedicare 3, kremasta pjena, miris manga, 125 ml\"}]},{\"@type\":\"WebSite\",\"@id\":\"https:\\\/\\\/topmedicus.eu\\\/en\\\/#website\",\"url\":\"https:\\\/\\\/topmedicus.eu\\\/en\\\/\",\"name\":\"Topmedicus HR\",\"description\":\"Prehranska dopolnila in dermatolo\u0161ka kozmetika\",\"potentialAction\":[{\"@type\":\"SearchAction\",\"target\":{\"@type\":\"EntryPoint\",\"urlTemplate\":\"https:\\\/\\\/topmedicus.eu\\\/en\\\/?s={search_term_string}\"},\"query-input\":{\"@type\":\"PropertyValueSpecification\",\"valueRequired\":true,\"valueName\":\"search_term_string\"}}],\"inLanguage\":\"hr\"}]}<\/script>\n<!-- \/ Yoast SEO plugin. -->","yoast_head_json":{"title":"Vrlo suha ko\u017ea stopala \u2013 Allpresan pedicare 3, kremasta pjena, miris manga, 125 ml - Topmedicus HR","description":"Prva medicinska njega za vrlo suhu ko\u017eu stopala s ko\u017ei srodnim lipidima. Intenzivno hidratizira ko\u017eu i sprje\u010dava stvaranje zadebljale ko\u017ee. S egzoti\u010dnim mirisom manga.","robots":{"index":"index","follow":"follow","max-snippet":"max-snippet:-1","max-image-preview":"max-image-preview:large","max-video-preview":"max-video-preview:-1"},"canonical":"https:\/\/topmedicus.eu\/hr\/izdelek\/vrlo-suha-koza-stopala-allpresan-pedicare-3-kremasta-pjena-miris-manga-125-ml\/","og_locale":"hr_HR","og_type":"article","og_title":"Vrlo suha ko\u017ea stopala \u2013 Allpresan pedicare 3, kremasta pjena, miris manga, 125 ml - Topmedicus HR","og_description":"Prva medicinska njega za vrlo suhu ko\u017eu stopala s ko\u017ei srodnim lipidima. Intenzivno hidratizira ko\u017eu i sprje\u010dava stvaranje zadebljale ko\u017ee. S egzoti\u010dnim mirisom manga.","og_url":"https:\/\/topmedicus.eu\/hr\/izdelek\/vrlo-suha-koza-stopala-allpresan-pedicare-3-kremasta-pjena-miris-manga-125-ml\/","og_site_name":"Topmedicus HR","article_modified_time":"2026-02-15T18:59:02+00:00","og_image":[{"width":600,"height":600,"url":"https:\/\/topmedicus.eu\/wp-content\/uploads\/2025\/02\/Allpresan-pedicare-3-mango.png","type":"image\/png"}],"twitter_card":"summary_large_image","twitter_misc":{"Procijenjeno vrijeme \u010ditanja":"2 minute"},"schema":{"@context":"https:\/\/schema.org","@graph":[{"@type":"WebPage","@id":"https:\/\/topmedicus.eu\/hr\/izdelek\/vrlo-suha-koza-stopala-allpresan-pedicare-3-kremasta-pjena-miris-manga-125-ml\/","url":"https:\/\/topmedicus.eu\/hr\/izdelek\/vrlo-suha-koza-stopala-allpresan-pedicare-3-kremasta-pjena-miris-manga-125-ml\/","name":"Vrlo suha ko\u017ea stopala \u2013 Allpresan pedicare 3, kremasta pjena, miris manga, 125 ml - Topmedicus HR","isPartOf":{"@id":"https:\/\/topmedicus.eu\/en\/#website"},"primaryImageOfPage":{"@id":"https:\/\/topmedicus.eu\/hr\/izdelek\/vrlo-suha-koza-stopala-allpresan-pedicare-3-kremasta-pjena-miris-manga-125-ml\/#primaryimage"},"image":{"@id":"https:\/\/topmedicus.eu\/hr\/izdelek\/vrlo-suha-koza-stopala-allpresan-pedicare-3-kremasta-pjena-miris-manga-125-ml\/#primaryimage"},"thumbnailUrl":"https:\/\/topmedicus.eu\/wp-content\/uploads\/2025\/02\/Allpresan-pedicare-3-mango.png","datePublished":"2025-02-12T21:58:40+00:00","dateModified":"2026-02-15T18:59:02+00:00","description":"Prva medicinska njega za vrlo suhu ko\u017eu stopala s ko\u017ei srodnim lipidima. Intenzivno hidratizira ko\u017eu i sprje\u010dava stvaranje zadebljale ko\u017ee. S egzoti\u010dnim mirisom manga.","breadcrumb":{"@id":"https:\/\/topmedicus.eu\/hr\/izdelek\/vrlo-suha-koza-stopala-allpresan-pedicare-3-kremasta-pjena-miris-manga-125-ml\/#breadcrumb"},"inLanguage":"hr","potentialAction":[{"@type":"ReadAction","target":["https:\/\/topmedicus.eu\/hr\/izdelek\/vrlo-suha-koza-stopala-allpresan-pedicare-3-kremasta-pjena-miris-manga-125-ml\/"]}]},{"@type":"ImageObject","inLanguage":"hr","@id":"https:\/\/topmedicus.eu\/hr\/izdelek\/vrlo-suha-koza-stopala-allpresan-pedicare-3-kremasta-pjena-miris-manga-125-ml\/#primaryimage","url":"https:\/\/topmedicus.eu\/wp-content\/uploads\/2025\/02\/Allpresan-pedicare-3-mango.png","contentUrl":"https:\/\/topmedicus.eu\/wp-content\/uploads\/2025\/02\/Allpresan-pedicare-3-mango.png","width":600,"height":600},{"@type":"BreadcrumbList","@id":"https:\/\/topmedicus.eu\/hr\/izdelek\/vrlo-suha-koza-stopala-allpresan-pedicare-3-kremasta-pjena-miris-manga-125-ml\/#breadcrumb","itemListElement":[{"@type":"ListItem","position":1,"name":"Home","item":"https:\/\/topmedicus.eu\/hr\/domaca-stranica\/"},{"@type":"ListItem","position":2,"name":"Shop","item":"https:\/\/topmedicus.eu\/shop\/"},{"@type":"ListItem","position":3,"name":"Vrlo suha ko\u017ea stopala \u2013 Allpresan pedicare 3, kremasta pjena, miris manga, 125 ml"}]},{"@type":"WebSite","@id":"https:\/\/topmedicus.eu\/en\/#website","url":"https:\/\/topmedicus.eu\/en\/","name":"Topmedicus HR","description":"Prehranska dopolnila in dermatolo\u0161ka kozmetika","potentialAction":[{"@type":"SearchAction","target":{"@type":"EntryPoint","urlTemplate":"https:\/\/topmedicus.eu\/en\/?s={search_term_string}"},"query-input":{"@type":"PropertyValueSpecification","valueRequired":true,"valueName":"search_term_string"}}],"inLanguage":"hr"}]}},"jetpack_sharing_enabled":true,"_links":{"self":[{"href":"https:\/\/topmedicus.eu\/hr\/wp-json\/wp\/v2\/product\/13533","targetHints":{"allow":["GET"]}}],"collection":[{"href":"https:\/\/topmedicus.eu\/hr\/wp-json\/wp\/v2\/product"}],"about":[{"href":"https:\/\/topmedicus.eu\/hr\/wp-json\/wp\/v2\/types\/product"}],"replies":[{"embeddable":true,"href":"https:\/\/topmedicus.eu\/hr\/wp-json\/wp\/v2\/comments?post=13533"}],"wp:featuredmedia":[{"embeddable":true,"href":"https:\/\/topmedicus.eu\/hr\/wp-json\/wp\/v2\/media\/13534"}],"wp:attachment":[{"href":"https:\/\/topmedicus.eu\/hr\/wp-json\/wp\/v2\/media?parent=13533"}],"wp:term":[{"taxonomy":"product_brand","embeddable":true,"href":"https:\/\/topmedicus.eu\/hr\/wp-json\/wp\/v2\/product_brand?post=13533"},{"taxonomy":"product_cat","embeddable":true,"href":"https:\/\/topmedicus.eu\/hr\/wp-json\/wp\/v2\/product_cat?post=13533"},{"taxonomy":"product_tag","embeddable":true,"href":"https:\/\/topmedicus.eu\/hr\/wp-json\/wp\/v2\/product_tag?post=13533"},{"taxonomy":"blagovna-znamka","embeddable":true,"href":"https:\/\/topmedicus.eu\/hr\/wp-json\/wp\/v2\/blagovna-znamka?post=13533"}],"curies":[{"name":"wp","href":"https:\/\/api.w.org\/{rel}","templated":true}]}}