{"id":13541,"date":"2025-02-12T21:58:40","date_gmt":"2025-02-12T21:58:40","guid":{"rendered":"https:\/\/topmedicus.eu\/izdelek\/vrlo-suha-koza-stopala-allpresan-pedicare-3-kremasta-pjena-bez-mirisa-125-ml\/"},"modified":"2026-02-16T05:05:22","modified_gmt":"2026-02-16T05:05:22","slug":"vrlo-suha-koza-stopala-allpresan-pedicare-3-kremasta-pjena-bez-mirisa-125-ml","status":"publish","type":"product","link":"https:\/\/topmedicus.eu\/hr\/izdelek\/vrlo-suha-koza-stopala-allpresan-pedicare-3-kremasta-pjena-bez-mirisa-125-ml\/","title":{"rendered":"Vrlo suha ko\u017ea stopala ALLPRESAN pedicare 3, kremasta pjena, bez mirisa, 125 ml"},"content":{"rendered":"<h3 data-start=\"0\" data-end=\"319\"><strong data-start=\"0\" data-end=\"32\">Intenzivna hidratantna njega<\/strong><\/h3>\n<p data-start=\"0\" data-end=\"319\">Allpresan pedicare 3 kremasta pjena pru\u017ea intenzivnu i dugotrajnu hidrataciju vrlo suhe ko\u017ee stopala. S 10 % uree u\u010dinkovito poma\u017ee smanjiti hrapavost, pukotine i \u017euljeve, a ko\u017ea ostaje mekana i elasti\u010dna. Ova kremasta pjena posebno je razvijena za svakodnevne potrebe vrlo suhe ko\u017ee.<\/p>\n<h4 data-start=\"321\" data-end=\"799\"><strong data-start=\"321\" data-end=\"362\">Pobolj\u0161ana formula za optimalnu njegu<\/strong><\/h4>\n<p data-start=\"321\" data-end=\"799\">Nova formula sadr\u017ei biomimeti\u010dke (ko\u017ei srodne) lipide koji ja\u010daju ko\u017enu barijeru i podr\u017eavaju regeneraciju ko\u017ee. Ovi sastojci klju\u010dni su za obnovu prirodne za\u0161titne funkcije ko\u017ee i smanjenje rizika od upala i infekcija koje mogu nastati zbog pukotina i hrapave ko\u017ee. Lagana pjenasta tekstura brzo se upija bez ostavljanja masnog i\/ili ljepljivog osje\u0107aja. Nano\u0161enje je posebno ugodno, a ko\u017ea je odmah intenzivno njegovana i za\u0161ti\u0107ena.<\/p>\n<h4 data-start=\"806\" data-end=\"852\">Redovita uporaba za dugotrajne rezultate<\/h4>\n<p data-start=\"853\" data-end=\"1073\">Redovita uporaba kremaste pjene Allpresan pedicare 3 osigurava intenzivnu hidrataciju ko\u017ee. Pjena doprinosi gla\u0111oj i mek\u0161oj ko\u017ei koja je otpornija na vanjske utjecaje, \u010dime se dodatno smanjuje rizik od mogu\u0107ih infekcija.<\/p>\n<ul>\n<li data-start=\"1077\" data-end=\"1147\"><strong data-start=\"1077\" data-end=\"1104\">Intenzivna hidratacija:<\/strong> 10 % uree osigurava dugotrajno vla\u017eenje.<\/li>\n<li data-start=\"1077\" data-end=\"1147\"><strong data-start=\"1150\" data-end=\"1171\">Smanjuje \u017euljeve:<\/strong> poma\u017ee kod hrapave, ispucale ko\u017ee i \u017euljeva.<\/li>\n<li data-start=\"1077\" data-end=\"1147\"><strong data-start=\"1221\" data-end=\"1245\">Ja\u010da ko\u017enu barijeru:<\/strong> biomimeti\u010dki lipidi podr\u017eavaju regeneraciju ko\u017ee.<\/li>\n<li data-start=\"1077\" data-end=\"1147\"><strong data-start=\"1300\" data-end=\"1318\">Brzo se upija:<\/strong> lagana tekstura pjene ne ostavlja masne tragove.<\/li>\n<li data-start=\"1077\" data-end=\"1147\"><strong data-start=\"1372\" data-end=\"1397\">Za\u0161tita od infekcija:<\/strong> obnavlja prirodnu za\u0161titnu barijeru ko\u017ee.<\/li>\n<li data-start=\"1077\" data-end=\"1147\"><strong data-start=\"1444\" data-end=\"1465\">Redovita uporaba:<\/strong> trajno pobolj\u0161ava teksturu i elasti\u010dnost ko\u017ee.<\/li>\n<li data-start=\"1077\" data-end=\"1147\"><strong data-start=\"1517\" data-end=\"1538\">Izuzetno izda\u0161na:<\/strong> pove\u0107ava volumen do deset puta \u2014 ve\u0107 mala koli\u010dina dovoljna je za veliku povr\u0161inu ko\u017ee.<\/li>\n<\/ul>\n<h4 data-start=\"1633\" data-end=\"1658\">Biomimeti\u010dki lipidi<\/h4>\n<p data-start=\"1659\" data-end=\"1960\">Ko\u017ei srodni lipidi koji imaju sli\u010dna strukturna svojstva kao lipidi u ko\u017ei. Poput lipida prirodne barijere raspore\u0111eni su u karakteristi\u010dne, vrlo kompaktne lipidne dvoslojeve. Time zatvaraju praznine u lipidnom filmu suhe ko\u017ee poput savr\u0161eno uklopljenih dijelova slagalice i obnavljaju ko\u017enu barijeru.<\/p>\n<h4 data-start=\"1962\" data-end=\"1976\">Glicerin<\/h4>\n<p data-start=\"1977\" data-end=\"2194\">Glicerin je prirodni sastojak prirodnih hidratantnih faktora ko\u017ee (NMF). Kao prirodni hidratantni faktor ko\u017ea ga posebno dobro podnosi. Ve\u017ee vlagu, pobolj\u0161ava elasti\u010dnost ko\u017ee i stabilizira njezinu barijernu funkciju.<\/p>\n<h4 data-start=\"2196\" data-end=\"2211\">10 % uree<\/h4>\n<p data-start=\"2212\" data-end=\"2469\">Urea, poznata i kao karbamid, prirodni je sastojak ko\u017ee i pripada takozvanim NMF-ovima (prirodnim hidratantnim faktorima). Ve\u017ee vlagu i odr\u017eava ko\u017eu elasti\u010dnom. U koncentraciji od 10 % ima i keratoplasti\u010dni u\u010dinak te je idealna za vrlo suhu i perutavu ko\u017eu.<\/p>\n<p data-start=\"3466\" data-end=\"3508\" data-is-last-node=\"\" data-is-only-node=\"\"><em>Proizvo\u0111a\u010d: nsc pharma GmbH, Njema\u010dka.<\/em><\/p>\n","protected":false},"excerpt":{"rendered":"<h4 data-start=\"0\" data-end=\"34\">Vrlo suha do perutava ko\u017ea stopala<\/h4>\n<ul>\n<li data-start=\"36\" data-end=\"309\">Medicinska njega stopala s biomimeti\u010dkim (ko\u017ei srodnim) lipidima.<\/li>\n<li data-start=\"36\" data-end=\"309\">Sadr\u017ei glicerin, 10 % uree i biomimeti\u010dke lipide.<\/li>\n<li data-start=\"36\" data-end=\"309\">Za intenzivnu i dugotrajnu hidrataciju.<\/li>\n<li data-start=\"36\" data-end=\"309\">U\u010dinkovito smanjuje hrapavu i ispucalu ko\u017eu te zadebljanja.<\/li>\n<li data-start=\"36\" data-end=\"309\">Sprje\u010dava nastanak novih zadebljanja.<\/li>\n<li data-start=\"36\" data-end=\"309\">Vegansko.<\/li>\n<\/ul>\n","protected":false},"featured_media":13542,"comment_status":"closed","ping_status":"closed","template":"","meta":{"_acf_changed":false},"product_brand":[1005],"product_cat":[666,749,551],"product_tag":[],"blagovna-znamka":[],"class_list":{"0":"post-13541","1":"product","2":"type-product","3":"status-publish","4":"has-post-thumbnail","6":"product_brand-allpresan-hr","7":"product_cat-suha-koza-stopala","8":"product_cat-za-diabeticare","9":"product_cat-dermatoloska-kozmetika-hr","11":"first","12":"instock","13":"taxable","14":"shipping-taxable","15":"purchasable","16":"product-type-simple"},"acf":[],"yoast_head":"<!-- This site is optimized with the Yoast SEO plugin v27.4 - https:\/\/yoast.com\/product\/yoast-seo-wordpress\/ -->\n<title>Vrlo suha ko\u017ea stopala ALLPRESAN pedicare 3, kremasta pjena, bez mirisa, 125 ml - Topmedicus HR<\/title>\n<meta name=\"description\" content=\"Prva medicinska njega stopala s ko\u017ei srodnim lipidima. Intenzivna hidratantna njega za vrlo suhu ko\u017eu nogu i stopala. Sprje\u010dava nastanak \u017euljeva i otisca..\" \/>\n<meta name=\"robots\" content=\"index, follow, max-snippet:-1, max-image-preview:large, max-video-preview:-1\" \/>\n<link rel=\"canonical\" href=\"https:\/\/topmedicus.eu\/hr\/izdelek\/vrlo-suha-koza-stopala-allpresan-pedicare-3-kremasta-pjena-bez-mirisa-125-ml\/\" \/>\n<meta property=\"og:locale\" content=\"hr_HR\" \/>\n<meta property=\"og:type\" content=\"article\" \/>\n<meta property=\"og:title\" content=\"Vrlo suha ko\u017ea stopala ALLPRESAN pedicare 3, kremasta pjena, bez mirisa, 125 ml - Topmedicus HR\" \/>\n<meta property=\"og:description\" content=\"Prva medicinska njega stopala s ko\u017ei srodnim lipidima. Intenzivna hidratantna njega za vrlo suhu ko\u017eu nogu i stopala. Sprje\u010dava nastanak \u017euljeva i otisca..\" \/>\n<meta property=\"og:url\" content=\"https:\/\/topmedicus.eu\/hr\/izdelek\/vrlo-suha-koza-stopala-allpresan-pedicare-3-kremasta-pjena-bez-mirisa-125-ml\/\" \/>\n<meta property=\"og:site_name\" content=\"Topmedicus HR\" \/>\n<meta property=\"article:modified_time\" content=\"2026-02-16T05:05:22+00:00\" \/>\n<meta property=\"og:image\" content=\"https:\/\/topmedicus.eu\/wp-content\/uploads\/2025\/02\/Allpresan-pedicare-3-kremna-pena.png\" \/>\n\t<meta property=\"og:image:width\" content=\"601\" \/>\n\t<meta property=\"og:image:height\" content=\"600\" \/>\n\t<meta property=\"og:image:type\" content=\"image\/png\" \/>\n<meta name=\"twitter:card\" content=\"summary_large_image\" \/>\n<meta name=\"twitter:label1\" content=\"Procijenjeno vrijeme \u010ditanja\" \/>\n\t<meta name=\"twitter:data1\" content=\"2 minute\" \/>\n<script type=\"application\/ld+json\" class=\"yoast-schema-graph\">{\"@context\":\"https:\\\/\\\/schema.org\",\"@graph\":[{\"@type\":\"WebPage\",\"@id\":\"https:\\\/\\\/topmedicus.eu\\\/hr\\\/izdelek\\\/vrlo-suha-koza-stopala-allpresan-pedicare-3-kremasta-pjena-bez-mirisa-125-ml\\\/\",\"url\":\"https:\\\/\\\/topmedicus.eu\\\/hr\\\/izdelek\\\/vrlo-suha-koza-stopala-allpresan-pedicare-3-kremasta-pjena-bez-mirisa-125-ml\\\/\",\"name\":\"Vrlo suha ko\u017ea stopala ALLPRESAN pedicare 3, kremasta pjena, bez mirisa, 125 ml - Topmedicus HR\",\"isPartOf\":{\"@id\":\"https:\\\/\\\/topmedicus.eu\\\/en\\\/#website\"},\"primaryImageOfPage\":{\"@id\":\"https:\\\/\\\/topmedicus.eu\\\/hr\\\/izdelek\\\/vrlo-suha-koza-stopala-allpresan-pedicare-3-kremasta-pjena-bez-mirisa-125-ml\\\/#primaryimage\"},\"image\":{\"@id\":\"https:\\\/\\\/topmedicus.eu\\\/hr\\\/izdelek\\\/vrlo-suha-koza-stopala-allpresan-pedicare-3-kremasta-pjena-bez-mirisa-125-ml\\\/#primaryimage\"},\"thumbnailUrl\":\"https:\\\/\\\/topmedicus.eu\\\/wp-content\\\/uploads\\\/2025\\\/02\\\/Allpresan-pedicare-3-kremna-pena.png\",\"datePublished\":\"2025-02-12T21:58:40+00:00\",\"dateModified\":\"2026-02-16T05:05:22+00:00\",\"description\":\"Prva medicinska njega stopala s ko\u017ei srodnim lipidima. Intenzivna hidratantna njega za vrlo suhu ko\u017eu nogu i stopala. Sprje\u010dava nastanak \u017euljeva i otisca..\",\"breadcrumb\":{\"@id\":\"https:\\\/\\\/topmedicus.eu\\\/hr\\\/izdelek\\\/vrlo-suha-koza-stopala-allpresan-pedicare-3-kremasta-pjena-bez-mirisa-125-ml\\\/#breadcrumb\"},\"inLanguage\":\"hr\",\"potentialAction\":[{\"@type\":\"ReadAction\",\"target\":[\"https:\\\/\\\/topmedicus.eu\\\/hr\\\/izdelek\\\/vrlo-suha-koza-stopala-allpresan-pedicare-3-kremasta-pjena-bez-mirisa-125-ml\\\/\"]}]},{\"@type\":\"ImageObject\",\"inLanguage\":\"hr\",\"@id\":\"https:\\\/\\\/topmedicus.eu\\\/hr\\\/izdelek\\\/vrlo-suha-koza-stopala-allpresan-pedicare-3-kremasta-pjena-bez-mirisa-125-ml\\\/#primaryimage\",\"url\":\"https:\\\/\\\/topmedicus.eu\\\/wp-content\\\/uploads\\\/2025\\\/02\\\/Allpresan-pedicare-3-kremna-pena.png\",\"contentUrl\":\"https:\\\/\\\/topmedicus.eu\\\/wp-content\\\/uploads\\\/2025\\\/02\\\/Allpresan-pedicare-3-kremna-pena.png\",\"width\":601,\"height\":600},{\"@type\":\"BreadcrumbList\",\"@id\":\"https:\\\/\\\/topmedicus.eu\\\/hr\\\/izdelek\\\/vrlo-suha-koza-stopala-allpresan-pedicare-3-kremasta-pjena-bez-mirisa-125-ml\\\/#breadcrumb\",\"itemListElement\":[{\"@type\":\"ListItem\",\"position\":1,\"name\":\"Home\",\"item\":\"https:\\\/\\\/topmedicus.eu\\\/hr\\\/domaca-stranica\\\/\"},{\"@type\":\"ListItem\",\"position\":2,\"name\":\"Shop\",\"item\":\"https:\\\/\\\/topmedicus.eu\\\/shop\\\/\"},{\"@type\":\"ListItem\",\"position\":3,\"name\":\"Vrlo suha ko\u017ea stopala ALLPRESAN pedicare 3, kremasta pjena, bez mirisa, 125 ml\"}]},{\"@type\":\"WebSite\",\"@id\":\"https:\\\/\\\/topmedicus.eu\\\/en\\\/#website\",\"url\":\"https:\\\/\\\/topmedicus.eu\\\/en\\\/\",\"name\":\"Topmedicus HR\",\"description\":\"Prehranska dopolnila in dermatolo\u0161ka kozmetika\",\"potentialAction\":[{\"@type\":\"SearchAction\",\"target\":{\"@type\":\"EntryPoint\",\"urlTemplate\":\"https:\\\/\\\/topmedicus.eu\\\/en\\\/?s={search_term_string}\"},\"query-input\":{\"@type\":\"PropertyValueSpecification\",\"valueRequired\":true,\"valueName\":\"search_term_string\"}}],\"inLanguage\":\"hr\"}]}<\/script>\n<!-- \/ Yoast SEO plugin. -->","yoast_head_json":{"title":"Vrlo suha ko\u017ea stopala ALLPRESAN pedicare 3, kremasta pjena, bez mirisa, 125 ml - Topmedicus HR","description":"Prva medicinska njega stopala s ko\u017ei srodnim lipidima. Intenzivna hidratantna njega za vrlo suhu ko\u017eu nogu i stopala. Sprje\u010dava nastanak \u017euljeva i otisca..","robots":{"index":"index","follow":"follow","max-snippet":"max-snippet:-1","max-image-preview":"max-image-preview:large","max-video-preview":"max-video-preview:-1"},"canonical":"https:\/\/topmedicus.eu\/hr\/izdelek\/vrlo-suha-koza-stopala-allpresan-pedicare-3-kremasta-pjena-bez-mirisa-125-ml\/","og_locale":"hr_HR","og_type":"article","og_title":"Vrlo suha ko\u017ea stopala ALLPRESAN pedicare 3, kremasta pjena, bez mirisa, 125 ml - Topmedicus HR","og_description":"Prva medicinska njega stopala s ko\u017ei srodnim lipidima. Intenzivna hidratantna njega za vrlo suhu ko\u017eu nogu i stopala. Sprje\u010dava nastanak \u017euljeva i otisca..","og_url":"https:\/\/topmedicus.eu\/hr\/izdelek\/vrlo-suha-koza-stopala-allpresan-pedicare-3-kremasta-pjena-bez-mirisa-125-ml\/","og_site_name":"Topmedicus HR","article_modified_time":"2026-02-16T05:05:22+00:00","og_image":[{"width":601,"height":600,"url":"https:\/\/topmedicus.eu\/wp-content\/uploads\/2025\/02\/Allpresan-pedicare-3-kremna-pena.png","type":"image\/png"}],"twitter_card":"summary_large_image","twitter_misc":{"Procijenjeno vrijeme \u010ditanja":"2 minute"},"schema":{"@context":"https:\/\/schema.org","@graph":[{"@type":"WebPage","@id":"https:\/\/topmedicus.eu\/hr\/izdelek\/vrlo-suha-koza-stopala-allpresan-pedicare-3-kremasta-pjena-bez-mirisa-125-ml\/","url":"https:\/\/topmedicus.eu\/hr\/izdelek\/vrlo-suha-koza-stopala-allpresan-pedicare-3-kremasta-pjena-bez-mirisa-125-ml\/","name":"Vrlo suha ko\u017ea stopala ALLPRESAN pedicare 3, kremasta pjena, bez mirisa, 125 ml - Topmedicus HR","isPartOf":{"@id":"https:\/\/topmedicus.eu\/en\/#website"},"primaryImageOfPage":{"@id":"https:\/\/topmedicus.eu\/hr\/izdelek\/vrlo-suha-koza-stopala-allpresan-pedicare-3-kremasta-pjena-bez-mirisa-125-ml\/#primaryimage"},"image":{"@id":"https:\/\/topmedicus.eu\/hr\/izdelek\/vrlo-suha-koza-stopala-allpresan-pedicare-3-kremasta-pjena-bez-mirisa-125-ml\/#primaryimage"},"thumbnailUrl":"https:\/\/topmedicus.eu\/wp-content\/uploads\/2025\/02\/Allpresan-pedicare-3-kremna-pena.png","datePublished":"2025-02-12T21:58:40+00:00","dateModified":"2026-02-16T05:05:22+00:00","description":"Prva medicinska njega stopala s ko\u017ei srodnim lipidima. Intenzivna hidratantna njega za vrlo suhu ko\u017eu nogu i stopala. Sprje\u010dava nastanak \u017euljeva i otisca..","breadcrumb":{"@id":"https:\/\/topmedicus.eu\/hr\/izdelek\/vrlo-suha-koza-stopala-allpresan-pedicare-3-kremasta-pjena-bez-mirisa-125-ml\/#breadcrumb"},"inLanguage":"hr","potentialAction":[{"@type":"ReadAction","target":["https:\/\/topmedicus.eu\/hr\/izdelek\/vrlo-suha-koza-stopala-allpresan-pedicare-3-kremasta-pjena-bez-mirisa-125-ml\/"]}]},{"@type":"ImageObject","inLanguage":"hr","@id":"https:\/\/topmedicus.eu\/hr\/izdelek\/vrlo-suha-koza-stopala-allpresan-pedicare-3-kremasta-pjena-bez-mirisa-125-ml\/#primaryimage","url":"https:\/\/topmedicus.eu\/wp-content\/uploads\/2025\/02\/Allpresan-pedicare-3-kremna-pena.png","contentUrl":"https:\/\/topmedicus.eu\/wp-content\/uploads\/2025\/02\/Allpresan-pedicare-3-kremna-pena.png","width":601,"height":600},{"@type":"BreadcrumbList","@id":"https:\/\/topmedicus.eu\/hr\/izdelek\/vrlo-suha-koza-stopala-allpresan-pedicare-3-kremasta-pjena-bez-mirisa-125-ml\/#breadcrumb","itemListElement":[{"@type":"ListItem","position":1,"name":"Home","item":"https:\/\/topmedicus.eu\/hr\/domaca-stranica\/"},{"@type":"ListItem","position":2,"name":"Shop","item":"https:\/\/topmedicus.eu\/shop\/"},{"@type":"ListItem","position":3,"name":"Vrlo suha ko\u017ea stopala ALLPRESAN pedicare 3, kremasta pjena, bez mirisa, 125 ml"}]},{"@type":"WebSite","@id":"https:\/\/topmedicus.eu\/en\/#website","url":"https:\/\/topmedicus.eu\/en\/","name":"Topmedicus HR","description":"Prehranska dopolnila in dermatolo\u0161ka kozmetika","potentialAction":[{"@type":"SearchAction","target":{"@type":"EntryPoint","urlTemplate":"https:\/\/topmedicus.eu\/en\/?s={search_term_string}"},"query-input":{"@type":"PropertyValueSpecification","valueRequired":true,"valueName":"search_term_string"}}],"inLanguage":"hr"}]}},"jetpack_sharing_enabled":true,"_links":{"self":[{"href":"https:\/\/topmedicus.eu\/hr\/wp-json\/wp\/v2\/product\/13541","targetHints":{"allow":["GET"]}}],"collection":[{"href":"https:\/\/topmedicus.eu\/hr\/wp-json\/wp\/v2\/product"}],"about":[{"href":"https:\/\/topmedicus.eu\/hr\/wp-json\/wp\/v2\/types\/product"}],"replies":[{"embeddable":true,"href":"https:\/\/topmedicus.eu\/hr\/wp-json\/wp\/v2\/comments?post=13541"}],"wp:featuredmedia":[{"embeddable":true,"href":"https:\/\/topmedicus.eu\/hr\/wp-json\/wp\/v2\/media\/13542"}],"wp:attachment":[{"href":"https:\/\/topmedicus.eu\/hr\/wp-json\/wp\/v2\/media?parent=13541"}],"wp:term":[{"taxonomy":"product_brand","embeddable":true,"href":"https:\/\/topmedicus.eu\/hr\/wp-json\/wp\/v2\/product_brand?post=13541"},{"taxonomy":"product_cat","embeddable":true,"href":"https:\/\/topmedicus.eu\/hr\/wp-json\/wp\/v2\/product_cat?post=13541"},{"taxonomy":"product_tag","embeddable":true,"href":"https:\/\/topmedicus.eu\/hr\/wp-json\/wp\/v2\/product_tag?post=13541"},{"taxonomy":"blagovna-znamka","embeddable":true,"href":"https:\/\/topmedicus.eu\/hr\/wp-json\/wp\/v2\/blagovna-znamka?post=13541"}],"curies":[{"name":"wp","href":"https:\/\/api.w.org\/{rel}","templated":true}]}}