{"id":13561,"date":"2025-02-12T21:58:38","date_gmt":"2025-02-12T21:58:38","guid":{"rendered":"https:\/\/topmedicus.eu\/izdelek\/ekcem-na-rukama-suha-i-ispucala-koza-ruku-allergika-krema-za-ruke-50-ml\/"},"modified":"2026-02-16T09:52:22","modified_gmt":"2026-02-16T09:52:22","slug":"ekcem-na-rukama-suha-i-ispucala-koza-ruku-allergika-krema-za-ruke-50-ml","status":"publish","type":"product","link":"https:\/\/topmedicus.eu\/hr\/izdelek\/ekcem-na-rukama-suha-i-ispucala-koza-ruku-allergika-krema-za-ruke-50-ml\/","title":{"rendered":"Ekcem na rukama, suha i ispucala ko\u017ea ruku \u2013 ALLERGIKA krema za ruke, 50 ml"},"content":{"rendered":"<p data-start=\"0\" data-end=\"300\">ALLERGIKA\u00ae krema za ruke Soft izvrstan je proizvod za za\u0161titu i njegu va\u0161ih ruku. Posebno je prikladna za osobe koje pate od ekcema na rukama ili psorijaze, jer se mo\u017ee koristiti kao dodatna indiferentna njega. Krema na ko\u017ei stvara za\u0161titni film koji u\u010dinkovito sprje\u010dava iritacije i isu\u0161ivanje ruku.<\/p>\n<p data-start=\"302\" data-end=\"491\">S 5 % glicerina ALLERGIKA\u00ae krema za ruke Soft intenzivno hidratizira i \u0161titi ko\u017eu te je dokazano njeguje. Prikladna je za uporabu kod ku\u0107e i na poslu. Dostupna je u bezra\u010dnoj tubi od 50 ml.<\/p>\n<p data-start=\"493\" data-end=\"833\">ALLERGIKA\u00ae krema za ruke Soft brzo se upija i vrlo je izda\u0161na. Sadr\u017ei samo 7 sastojaka te je bez mirisa, bojila, konzervansa, parabena, prirodnih alergena i 328 naj\u010de\u0161\u0107ih tvari koje uzrokuju alergije. Podno\u0161ljivost na ko\u017ei dermatolo\u0161ki je i alergolo\u0161ki testirana na vrlo osjetljivoj i alergijama sklonoj ko\u017ei te ocijenjena kao \u201evrlo dobra\u201d.<\/p>\n<p data-start=\"835\" data-end=\"862\">Preporu\u010duju je dermatolozi.<\/p>\n<p data-start=\"864\" data-end=\"1034\">ALLERGIKA\u00ae krema za ruke Soft idealno je rje\u0161enje za svakodnevnu njegu i za\u0161titu ruku. Nanesite kremu na ruke i u\u017eivajte u umiruju\u0107em osje\u0107aju intenzivne njege i za\u0161tite.<\/p>\n<ul>\n<li data-start=\"1038\" data-end=\"1185\"><strong data-start=\"1038\" data-end=\"1070\">Za\u0161titni film i hidratacija:<\/strong> stvara za\u0161titni sloj koji sprje\u010dava iritacije i isu\u0161ivanje ko\u017ee; sadr\u017ei 5 % glicerina za intenzivnu hidrataciju.<\/li>\n<li data-start=\"1038\" data-end=\"1185\"><strong data-start=\"1188\" data-end=\"1208\">\u0160iroka primjena:<\/strong> prikladna za njegu kod ku\u0107e i na poslu, kod ekcema na rukama ili psorijaze.<\/li>\n<li data-start=\"1038\" data-end=\"1185\"><strong data-start=\"1289\" data-end=\"1319\">Brzo upijanje i izda\u0161nost:<\/strong> brzo se upija i vrlo je ekonomi\u010dna za kori\u0161tenje.<\/li>\n<li data-start=\"1038\" data-end=\"1185\"><strong data-start=\"1374\" data-end=\"1397\">Podno\u0161ljivost ko\u017ee:<\/strong> dermatolo\u0161ki i alergolo\u0161ki testirana na vrlo osjetljivoj, alergijama sklonoj ko\u017ei \u2014 potvr\u0111ena \u201evrlo dobra\u201d podno\u0161ljivost.<\/li>\n<li data-start=\"1038\" data-end=\"1185\"><strong data-start=\"1524\" data-end=\"1551\">Bez iritiraju\u0107ih tvari:<\/strong> ne sadr\u017ei mirise, bojila, konzervanse, prirodne alergene ni 328 naj\u010de\u0161\u0107ih alergena.<\/li>\n<\/ul>\n<p data-start=\"1637\" data-end=\"1685\" data-is-last-node=\"\" data-is-only-node=\"\"><em>Proizvo\u0111a\u010d: ALLERGIKA Pharma GmbH, Njema\u010dka.<\/em><\/p>\n","protected":false},"excerpt":{"rendered":"<h4 data-start=\"0\" data-end=\"49\">Za\u0161tita i njega vrlo suhe i optere\u0107ene ko\u017ee ruku.<\/h4>\n<p data-start=\"51\" data-end=\"75\">Preporu\u010duju dermatolozi.<\/p>\n<p data-start=\"77\" data-end=\"140\" data-is-last-node=\"\" data-is-only-node=\"\">0 % mirisa, bojila, konzervansa, parabena i prirodnih alergena.<\/p>\n","protected":false},"featured_media":13562,"comment_status":"closed","ping_status":"closed","template":"","meta":{"_acf_changed":false},"product_brand":[1004],"product_cat":[662,552,575],"product_tag":[],"blagovna-znamka":[],"class_list":{"0":"post-13561","1":"product","2":"type-product","3":"status-publish","4":"has-post-thumbnail","6":"product_brand-allergika-hr","7":"product_cat-ruke-i-nokti","8":"product_cat-atopijski-dermatitis-hr","9":"product_cat-luskavica-hr","11":"first","12":"instock","13":"taxable","14":"shipping-taxable","15":"purchasable","16":"product-type-simple"},"acf":[],"yoast_head":"<!-- This site is optimized with the Yoast SEO plugin v27.4 - https:\/\/yoast.com\/product\/yoast-seo-wordpress\/ -->\n<title>Ekcem na rukama, suha i ispucala ko\u017ea ruku \u2013 ALLERGIKA krema za ruke, 50 ml - Topmedicus HR<\/title>\n<meta name=\"description\" content=\"Krema za ekcem na rukama; Otkrijte ALLERGIKA kremu za ekcem na rukama koja \u0107e za\u0161tititi i njegovati va\u0161e ruke. Krema za ekcem na rukama namijenjena je svima koji pate od suhih ruku.\" \/>\n<meta name=\"robots\" content=\"index, follow, max-snippet:-1, max-image-preview:large, max-video-preview:-1\" \/>\n<link rel=\"canonical\" href=\"https:\/\/topmedicus.eu\/hr\/izdelek\/ekcem-na-rukama-suha-i-ispucala-koza-ruku-allergika-krema-za-ruke-50-ml\/\" \/>\n<meta property=\"og:locale\" content=\"hr_HR\" \/>\n<meta property=\"og:type\" content=\"article\" \/>\n<meta property=\"og:title\" content=\"Ekcem na rukama, suha i ispucala ko\u017ea ruku \u2013 ALLERGIKA krema za ruke, 50 ml - Topmedicus HR\" \/>\n<meta property=\"og:description\" content=\"Krema za ekcem na rukama; Otkrijte ALLERGIKA kremu za ekcem na rukama koja \u0107e za\u0161tititi i njegovati va\u0161e ruke. Krema za ekcem na rukama namijenjena je svima koji pate od suhih ruku.\" \/>\n<meta property=\"og:url\" content=\"https:\/\/topmedicus.eu\/hr\/izdelek\/ekcem-na-rukama-suha-i-ispucala-koza-ruku-allergika-krema-za-ruke-50-ml\/\" \/>\n<meta property=\"og:site_name\" content=\"Topmedicus HR\" \/>\n<meta property=\"article:modified_time\" content=\"2026-02-16T09:52:22+00:00\" \/>\n<meta property=\"og:image\" content=\"https:\/\/topmedicus.eu\/wp-content\/uploads\/2025\/02\/allergika-krema-za-roke.jpg\" \/>\n\t<meta property=\"og:image:width\" content=\"800\" \/>\n\t<meta property=\"og:image:height\" content=\"800\" \/>\n\t<meta property=\"og:image:type\" content=\"image\/jpeg\" \/>\n<meta name=\"twitter:card\" content=\"summary_large_image\" \/>\n<meta name=\"twitter:label1\" content=\"Procijenjeno vrijeme \u010ditanja\" \/>\n\t<meta name=\"twitter:data1\" content=\"1 minuta\" \/>\n<script type=\"application\/ld+json\" class=\"yoast-schema-graph\">{\"@context\":\"https:\\\/\\\/schema.org\",\"@graph\":[{\"@type\":\"WebPage\",\"@id\":\"https:\\\/\\\/topmedicus.eu\\\/hr\\\/izdelek\\\/ekcem-na-rukama-suha-i-ispucala-koza-ruku-allergika-krema-za-ruke-50-ml\\\/\",\"url\":\"https:\\\/\\\/topmedicus.eu\\\/hr\\\/izdelek\\\/ekcem-na-rukama-suha-i-ispucala-koza-ruku-allergika-krema-za-ruke-50-ml\\\/\",\"name\":\"Ekcem na rukama, suha i ispucala ko\u017ea ruku \u2013 ALLERGIKA krema za ruke, 50 ml - Topmedicus HR\",\"isPartOf\":{\"@id\":\"https:\\\/\\\/topmedicus.eu\\\/en\\\/#website\"},\"primaryImageOfPage\":{\"@id\":\"https:\\\/\\\/topmedicus.eu\\\/hr\\\/izdelek\\\/ekcem-na-rukama-suha-i-ispucala-koza-ruku-allergika-krema-za-ruke-50-ml\\\/#primaryimage\"},\"image\":{\"@id\":\"https:\\\/\\\/topmedicus.eu\\\/hr\\\/izdelek\\\/ekcem-na-rukama-suha-i-ispucala-koza-ruku-allergika-krema-za-ruke-50-ml\\\/#primaryimage\"},\"thumbnailUrl\":\"https:\\\/\\\/topmedicus.eu\\\/wp-content\\\/uploads\\\/2025\\\/02\\\/allergika-krema-za-roke.jpg\",\"datePublished\":\"2025-02-12T21:58:38+00:00\",\"dateModified\":\"2026-02-16T09:52:22+00:00\",\"description\":\"Krema za ekcem na rukama; Otkrijte ALLERGIKA kremu za ekcem na rukama koja \u0107e za\u0161tititi i njegovati va\u0161e ruke. Krema za ekcem na rukama namijenjena je svima koji pate od suhih ruku.\",\"breadcrumb\":{\"@id\":\"https:\\\/\\\/topmedicus.eu\\\/hr\\\/izdelek\\\/ekcem-na-rukama-suha-i-ispucala-koza-ruku-allergika-krema-za-ruke-50-ml\\\/#breadcrumb\"},\"inLanguage\":\"hr\",\"potentialAction\":[{\"@type\":\"ReadAction\",\"target\":[\"https:\\\/\\\/topmedicus.eu\\\/hr\\\/izdelek\\\/ekcem-na-rukama-suha-i-ispucala-koza-ruku-allergika-krema-za-ruke-50-ml\\\/\"]}]},{\"@type\":\"ImageObject\",\"inLanguage\":\"hr\",\"@id\":\"https:\\\/\\\/topmedicus.eu\\\/hr\\\/izdelek\\\/ekcem-na-rukama-suha-i-ispucala-koza-ruku-allergika-krema-za-ruke-50-ml\\\/#primaryimage\",\"url\":\"https:\\\/\\\/topmedicus.eu\\\/wp-content\\\/uploads\\\/2025\\\/02\\\/allergika-krema-za-roke.jpg\",\"contentUrl\":\"https:\\\/\\\/topmedicus.eu\\\/wp-content\\\/uploads\\\/2025\\\/02\\\/allergika-krema-za-roke.jpg\",\"width\":800,\"height\":800},{\"@type\":\"BreadcrumbList\",\"@id\":\"https:\\\/\\\/topmedicus.eu\\\/hr\\\/izdelek\\\/ekcem-na-rukama-suha-i-ispucala-koza-ruku-allergika-krema-za-ruke-50-ml\\\/#breadcrumb\",\"itemListElement\":[{\"@type\":\"ListItem\",\"position\":1,\"name\":\"Home\",\"item\":\"https:\\\/\\\/topmedicus.eu\\\/hr\\\/domaca-stranica\\\/\"},{\"@type\":\"ListItem\",\"position\":2,\"name\":\"Shop\",\"item\":\"https:\\\/\\\/topmedicus.eu\\\/shop\\\/\"},{\"@type\":\"ListItem\",\"position\":3,\"name\":\"Ekcem na rukama, suha i ispucala ko\u017ea ruku \u2013 ALLERGIKA krema za ruke, 50 ml\"}]},{\"@type\":\"WebSite\",\"@id\":\"https:\\\/\\\/topmedicus.eu\\\/en\\\/#website\",\"url\":\"https:\\\/\\\/topmedicus.eu\\\/en\\\/\",\"name\":\"Topmedicus HR\",\"description\":\"Prehranska dopolnila in dermatolo\u0161ka kozmetika\",\"potentialAction\":[{\"@type\":\"SearchAction\",\"target\":{\"@type\":\"EntryPoint\",\"urlTemplate\":\"https:\\\/\\\/topmedicus.eu\\\/en\\\/?s={search_term_string}\"},\"query-input\":{\"@type\":\"PropertyValueSpecification\",\"valueRequired\":true,\"valueName\":\"search_term_string\"}}],\"inLanguage\":\"hr\"}]}<\/script>\n<!-- \/ Yoast SEO plugin. -->","yoast_head_json":{"title":"Ekcem na rukama, suha i ispucala ko\u017ea ruku \u2013 ALLERGIKA krema za ruke, 50 ml - Topmedicus HR","description":"Krema za ekcem na rukama; Otkrijte ALLERGIKA kremu za ekcem na rukama koja \u0107e za\u0161tititi i njegovati va\u0161e ruke. Krema za ekcem na rukama namijenjena je svima koji pate od suhih ruku.","robots":{"index":"index","follow":"follow","max-snippet":"max-snippet:-1","max-image-preview":"max-image-preview:large","max-video-preview":"max-video-preview:-1"},"canonical":"https:\/\/topmedicus.eu\/hr\/izdelek\/ekcem-na-rukama-suha-i-ispucala-koza-ruku-allergika-krema-za-ruke-50-ml\/","og_locale":"hr_HR","og_type":"article","og_title":"Ekcem na rukama, suha i ispucala ko\u017ea ruku \u2013 ALLERGIKA krema za ruke, 50 ml - Topmedicus HR","og_description":"Krema za ekcem na rukama; Otkrijte ALLERGIKA kremu za ekcem na rukama koja \u0107e za\u0161tititi i njegovati va\u0161e ruke. Krema za ekcem na rukama namijenjena je svima koji pate od suhih ruku.","og_url":"https:\/\/topmedicus.eu\/hr\/izdelek\/ekcem-na-rukama-suha-i-ispucala-koza-ruku-allergika-krema-za-ruke-50-ml\/","og_site_name":"Topmedicus HR","article_modified_time":"2026-02-16T09:52:22+00:00","og_image":[{"width":800,"height":800,"url":"https:\/\/topmedicus.eu\/wp-content\/uploads\/2025\/02\/allergika-krema-za-roke.jpg","type":"image\/jpeg"}],"twitter_card":"summary_large_image","twitter_misc":{"Procijenjeno vrijeme \u010ditanja":"1 minuta"},"schema":{"@context":"https:\/\/schema.org","@graph":[{"@type":"WebPage","@id":"https:\/\/topmedicus.eu\/hr\/izdelek\/ekcem-na-rukama-suha-i-ispucala-koza-ruku-allergika-krema-za-ruke-50-ml\/","url":"https:\/\/topmedicus.eu\/hr\/izdelek\/ekcem-na-rukama-suha-i-ispucala-koza-ruku-allergika-krema-za-ruke-50-ml\/","name":"Ekcem na rukama, suha i ispucala ko\u017ea ruku \u2013 ALLERGIKA krema za ruke, 50 ml - Topmedicus HR","isPartOf":{"@id":"https:\/\/topmedicus.eu\/en\/#website"},"primaryImageOfPage":{"@id":"https:\/\/topmedicus.eu\/hr\/izdelek\/ekcem-na-rukama-suha-i-ispucala-koza-ruku-allergika-krema-za-ruke-50-ml\/#primaryimage"},"image":{"@id":"https:\/\/topmedicus.eu\/hr\/izdelek\/ekcem-na-rukama-suha-i-ispucala-koza-ruku-allergika-krema-za-ruke-50-ml\/#primaryimage"},"thumbnailUrl":"https:\/\/topmedicus.eu\/wp-content\/uploads\/2025\/02\/allergika-krema-za-roke.jpg","datePublished":"2025-02-12T21:58:38+00:00","dateModified":"2026-02-16T09:52:22+00:00","description":"Krema za ekcem na rukama; Otkrijte ALLERGIKA kremu za ekcem na rukama koja \u0107e za\u0161tititi i njegovati va\u0161e ruke. Krema za ekcem na rukama namijenjena je svima koji pate od suhih ruku.","breadcrumb":{"@id":"https:\/\/topmedicus.eu\/hr\/izdelek\/ekcem-na-rukama-suha-i-ispucala-koza-ruku-allergika-krema-za-ruke-50-ml\/#breadcrumb"},"inLanguage":"hr","potentialAction":[{"@type":"ReadAction","target":["https:\/\/topmedicus.eu\/hr\/izdelek\/ekcem-na-rukama-suha-i-ispucala-koza-ruku-allergika-krema-za-ruke-50-ml\/"]}]},{"@type":"ImageObject","inLanguage":"hr","@id":"https:\/\/topmedicus.eu\/hr\/izdelek\/ekcem-na-rukama-suha-i-ispucala-koza-ruku-allergika-krema-za-ruke-50-ml\/#primaryimage","url":"https:\/\/topmedicus.eu\/wp-content\/uploads\/2025\/02\/allergika-krema-za-roke.jpg","contentUrl":"https:\/\/topmedicus.eu\/wp-content\/uploads\/2025\/02\/allergika-krema-za-roke.jpg","width":800,"height":800},{"@type":"BreadcrumbList","@id":"https:\/\/topmedicus.eu\/hr\/izdelek\/ekcem-na-rukama-suha-i-ispucala-koza-ruku-allergika-krema-za-ruke-50-ml\/#breadcrumb","itemListElement":[{"@type":"ListItem","position":1,"name":"Home","item":"https:\/\/topmedicus.eu\/hr\/domaca-stranica\/"},{"@type":"ListItem","position":2,"name":"Shop","item":"https:\/\/topmedicus.eu\/shop\/"},{"@type":"ListItem","position":3,"name":"Ekcem na rukama, suha i ispucala ko\u017ea ruku \u2013 ALLERGIKA krema za ruke, 50 ml"}]},{"@type":"WebSite","@id":"https:\/\/topmedicus.eu\/en\/#website","url":"https:\/\/topmedicus.eu\/en\/","name":"Topmedicus HR","description":"Prehranska dopolnila in dermatolo\u0161ka kozmetika","potentialAction":[{"@type":"SearchAction","target":{"@type":"EntryPoint","urlTemplate":"https:\/\/topmedicus.eu\/en\/?s={search_term_string}"},"query-input":{"@type":"PropertyValueSpecification","valueRequired":true,"valueName":"search_term_string"}}],"inLanguage":"hr"}]}},"jetpack_sharing_enabled":true,"_links":{"self":[{"href":"https:\/\/topmedicus.eu\/hr\/wp-json\/wp\/v2\/product\/13561","targetHints":{"allow":["GET"]}}],"collection":[{"href":"https:\/\/topmedicus.eu\/hr\/wp-json\/wp\/v2\/product"}],"about":[{"href":"https:\/\/topmedicus.eu\/hr\/wp-json\/wp\/v2\/types\/product"}],"replies":[{"embeddable":true,"href":"https:\/\/topmedicus.eu\/hr\/wp-json\/wp\/v2\/comments?post=13561"}],"wp:featuredmedia":[{"embeddable":true,"href":"https:\/\/topmedicus.eu\/hr\/wp-json\/wp\/v2\/media\/13562"}],"wp:attachment":[{"href":"https:\/\/topmedicus.eu\/hr\/wp-json\/wp\/v2\/media?parent=13561"}],"wp:term":[{"taxonomy":"product_brand","embeddable":true,"href":"https:\/\/topmedicus.eu\/hr\/wp-json\/wp\/v2\/product_brand?post=13561"},{"taxonomy":"product_cat","embeddable":true,"href":"https:\/\/topmedicus.eu\/hr\/wp-json\/wp\/v2\/product_cat?post=13561"},{"taxonomy":"product_tag","embeddable":true,"href":"https:\/\/topmedicus.eu\/hr\/wp-json\/wp\/v2\/product_tag?post=13561"},{"taxonomy":"blagovna-znamka","embeddable":true,"href":"https:\/\/topmedicus.eu\/hr\/wp-json\/wp\/v2\/blagovna-znamka?post=13561"}],"curies":[{"name":"wp","href":"https:\/\/api.w.org\/{rel}","templated":true}]}}