{"id":13563,"date":"2025-02-12T21:58:38","date_gmt":"2025-02-12T21:58:38","guid":{"rendered":"https:\/\/topmedicus.eu\/izdelek\/suha-i-osjetljiva-koza-allergika-lipolotio-sensitive-repair-losjon-za-telo-200-ml\/"},"modified":"2026-02-16T10:15:09","modified_gmt":"2026-02-16T10:15:09","slug":"suha-i-osjetljiva-koza-allergika-lipolotio-sensitive-repair-losjon-za-telo-200-ml","status":"publish","type":"product","link":"https:\/\/topmedicus.eu\/hr\/izdelek\/suha-i-osjetljiva-koza-allergika-lipolotio-sensitive-repair-losjon-za-telo-200-ml\/","title":{"rendered":"Suha i osjetljiva ko\u017ea &#8211; ALLERGIKA Lipolotio Sensitive REPAIR, losjon za telo, 200 ml"},"content":{"rendered":"<p data-start=\"0\" data-end=\"370\"><strong>ALLERGIKA\u00ae Lipolotio Sensitive REPAIR<\/strong> je losion za tijelo namijenjen indiferentnoj njezi suhe ko\u017ee, kakva se javlja kod atopijskog dermatitisa. Obnavlja i ja\u010da ko\u017enu barijeru. Posebno je razvijen za dugotrajnu njegu suhe, nadra\u017eene i svrbe\u017eu sklone ko\u017ee, primjerice kod atopijskog dermatitisa ili urtikarije. Losion obnavlja ko\u017enu barijeru i u\u010dinkovito sprje\u010dava svrbe\u017e.<\/p>\n<p data-start=\"372\" data-end=\"696\">Sadr\u017ei 10 % glicerina koji intenzivno hidratizira, \u0161titi od iritacija i time sprje\u010dava preosjetljivost ko\u017ee. Sadr\u017eani bisabolol umiruje ko\u017eu. Posebna voda-u-ulju (W\/O) emulzija s udjelom lipida od 26 % ja\u010da ko\u017enu barijeru i \u0161titi od gubitka vlage. Vitamin E dodatno \u0161titi od slobodnih radikala i pobolj\u0161ava hidrataciju ko\u017ee.<\/p>\n<p data-start=\"698\" data-end=\"953\">Izvrsna podno\u0161ljivost losiona dermatolo\u0161ki je i alergolo\u0161ki testirana te potvr\u0111ena na vrlo osjetljivoj ko\u017ei osoba s atopijskim dermatitisom. Ne sadr\u017ei mirise, bojila, konzervanse, parabene, prirodne alergene ni 328 naj\u010de\u0161\u0107ih tvari koje izazivaju alergije.<\/p>\n<p data-start=\"955\" data-end=\"1122\">Preporu\u010duju ga dermatolozi. Prikladan je za primjenu na velikim povr\u0161inama ko\u017ee, za cijelo tijelo, osobito kod ko\u017ee sklone atopiji, atopijskog dermatitisa i suhe ko\u017ee.<\/p>\n<ul>\n<li data-start=\"1126\" data-end=\"1266\"><strong data-start=\"1126\" data-end=\"1168\">Regeneracija i ja\u010danje ko\u017ene barijere:<\/strong> losion obnavlja i ja\u010da ko\u017enu barijeru zahvaljuju\u0107i posebnoj voda-u-ulju emulziji s 26 % lipida.<\/li>\n<li data-start=\"1126\" data-end=\"1266\"><strong data-start=\"1269\" data-end=\"1308\">Hidratacija i za\u0161tita od iritacija:<\/strong> 10 % glicerina intenzivno hidratizira, \u0161titi od nadra\u017eaja i sprje\u010dava preosjetljivost ko\u017ee.<\/li>\n<li data-start=\"1126\" data-end=\"1266\"><strong data-start=\"1405\" data-end=\"1425\">Umirivanje ko\u017ee:<\/strong> bisabolol djeluje umiruju\u0107e.<\/li>\n<li data-start=\"1126\" data-end=\"1266\"><strong data-start=\"1459\" data-end=\"1485\">Izvrsna podno\u0161ljivost:<\/strong> dermatolo\u0161ki i alergolo\u0161ki testiran na vrlo osjetljivoj ko\u017ei osoba s atopijskim dermatitisom; bez mirisa, bojila, konzervansa, parabena, prirodnih alergena i 328 naj\u010de\u0161\u0107ih alergena.<\/li>\n<li data-start=\"1126\" data-end=\"1266\"><strong data-start=\"1672\" data-end=\"1718\">Prikladan kod specifi\u010dnih ko\u017enih problema:<\/strong> za suhu, nadra\u017eenu i svrbe\u017eu sklonu ko\u017eu, primjerice kod atopijskog dermatitisa i urtikarije.<\/li>\n<\/ul>\n<p data-start=\"1814\" data-end=\"1862\" data-is-last-node=\"\" data-is-only-node=\"\"><em>Proizvo\u0111a\u010d: ALLERGIKA Pharma GmbH, Njema\u010dka<\/em>.<\/p>\n","protected":false},"excerpt":{"rendered":"<h4>Za redovitu njegu suhe ko\u017ee sklone svrbe\u017eu i upalama, primjerice kod atopijskog dermatitisa, psorijaze, urtikarije i ekcema.<\/h4>\n<ul>\n<li>Obnavlja i ja\u010da ko\u017enu barijeru.<\/li>\n<li>Djeluje intenzivno hidratantno.<\/li>\n<li>Umiruje nadra\u017eenu ko\u017eu.<\/li>\n<li>Bez mirisa, bojila, konzervansa, prirodnih alergena i 328 naj\u010de\u0161\u0107ih alergena koji izazivaju alergijske reakcije.<\/li>\n<li>Preporu\u010duju dermatolozi.<\/li>\n<\/ul>\n","protected":false},"featured_media":13564,"comment_status":"closed","ping_status":"closed","template":"","meta":{"_acf_changed":false},"product_brand":[1004],"product_cat":[659,552,575],"product_tag":[],"blagovna-znamka":[],"class_list":{"0":"post-13563","1":"product","2":"type-product","3":"status-publish","4":"has-post-thumbnail","6":"product_brand-allergika-hr","7":"product_cat-njega-tijela","8":"product_cat-atopijski-dermatitis-hr","9":"product_cat-luskavica-hr","11":"first","12":"instock","13":"taxable","14":"shipping-taxable","15":"purchasable","16":"product-type-simple"},"acf":[],"yoast_head":"<!-- This site is optimized with the Yoast SEO plugin v27.4 - https:\/\/yoast.com\/product\/yoast-seo-wordpress\/ -->\n<title>Suha i osjetljiva ko\u017ea - ALLERGIKA Lipolotio Sensitive REPAIR, losjon za telo, 200 ml - Topmedicus HR<\/title>\n<meta name=\"description\" content=\"Losion za tijelo za njegu vrlo suhe, svrbe\u017ene ko\u017ee sklone atopiji. Intenzivno hidratizira i obnavlja ko\u017enu barijeru. Bez mirisa, bojila, konzervansa \u2026\" \/>\n<meta name=\"robots\" content=\"index, follow, max-snippet:-1, max-image-preview:large, max-video-preview:-1\" \/>\n<link rel=\"canonical\" href=\"https:\/\/topmedicus.eu\/hr\/izdelek\/suha-i-osjetljiva-koza-allergika-lipolotio-sensitive-repair-losjon-za-telo-200-ml\/\" \/>\n<meta property=\"og:locale\" content=\"hr_HR\" \/>\n<meta property=\"og:type\" content=\"article\" \/>\n<meta property=\"og:title\" content=\"Suha i osjetljiva ko\u017ea - ALLERGIKA Lipolotio Sensitive REPAIR, losjon za telo, 200 ml - Topmedicus HR\" \/>\n<meta property=\"og:description\" content=\"Losion za tijelo za njegu vrlo suhe, svrbe\u017ene ko\u017ee sklone atopiji. Intenzivno hidratizira i obnavlja ko\u017enu barijeru. Bez mirisa, bojila, konzervansa \u2026\" \/>\n<meta property=\"og:url\" content=\"https:\/\/topmedicus.eu\/hr\/izdelek\/suha-i-osjetljiva-koza-allergika-lipolotio-sensitive-repair-losjon-za-telo-200-ml\/\" \/>\n<meta property=\"og:site_name\" content=\"Topmedicus HR\" \/>\n<meta property=\"article:modified_time\" content=\"2026-02-16T10:15:09+00:00\" \/>\n<meta property=\"og:image\" content=\"https:\/\/topmedicus.eu\/wp-content\/uploads\/2025\/02\/ALLERGIKA-Lipolotio-Sensitive_front-267x267-1.jpg\" \/>\n\t<meta property=\"og:image:width\" content=\"267\" \/>\n\t<meta property=\"og:image:height\" content=\"267\" \/>\n\t<meta property=\"og:image:type\" content=\"image\/jpeg\" \/>\n<meta name=\"twitter:card\" content=\"summary_large_image\" \/>\n<meta name=\"twitter:label1\" content=\"Procijenjeno vrijeme \u010ditanja\" \/>\n\t<meta name=\"twitter:data1\" content=\"1 minuta\" \/>\n<script type=\"application\/ld+json\" class=\"yoast-schema-graph\">{\"@context\":\"https:\\\/\\\/schema.org\",\"@graph\":[{\"@type\":\"WebPage\",\"@id\":\"https:\\\/\\\/topmedicus.eu\\\/hr\\\/izdelek\\\/suha-i-osjetljiva-koza-allergika-lipolotio-sensitive-repair-losjon-za-telo-200-ml\\\/\",\"url\":\"https:\\\/\\\/topmedicus.eu\\\/hr\\\/izdelek\\\/suha-i-osjetljiva-koza-allergika-lipolotio-sensitive-repair-losjon-za-telo-200-ml\\\/\",\"name\":\"Suha i osjetljiva ko\u017ea - ALLERGIKA Lipolotio Sensitive REPAIR, losjon za telo, 200 ml - Topmedicus HR\",\"isPartOf\":{\"@id\":\"https:\\\/\\\/topmedicus.eu\\\/en\\\/#website\"},\"primaryImageOfPage\":{\"@id\":\"https:\\\/\\\/topmedicus.eu\\\/hr\\\/izdelek\\\/suha-i-osjetljiva-koza-allergika-lipolotio-sensitive-repair-losjon-za-telo-200-ml\\\/#primaryimage\"},\"image\":{\"@id\":\"https:\\\/\\\/topmedicus.eu\\\/hr\\\/izdelek\\\/suha-i-osjetljiva-koza-allergika-lipolotio-sensitive-repair-losjon-za-telo-200-ml\\\/#primaryimage\"},\"thumbnailUrl\":\"https:\\\/\\\/topmedicus.eu\\\/wp-content\\\/uploads\\\/2025\\\/02\\\/ALLERGIKA-Lipolotio-Sensitive_front-267x267-1.jpg\",\"datePublished\":\"2025-02-12T21:58:38+00:00\",\"dateModified\":\"2026-02-16T10:15:09+00:00\",\"description\":\"Losion za tijelo za njegu vrlo suhe, svrbe\u017ene ko\u017ee sklone atopiji. Intenzivno hidratizira i obnavlja ko\u017enu barijeru. Bez mirisa, bojila, konzervansa \u2026\",\"breadcrumb\":{\"@id\":\"https:\\\/\\\/topmedicus.eu\\\/hr\\\/izdelek\\\/suha-i-osjetljiva-koza-allergika-lipolotio-sensitive-repair-losjon-za-telo-200-ml\\\/#breadcrumb\"},\"inLanguage\":\"hr\",\"potentialAction\":[{\"@type\":\"ReadAction\",\"target\":[\"https:\\\/\\\/topmedicus.eu\\\/hr\\\/izdelek\\\/suha-i-osjetljiva-koza-allergika-lipolotio-sensitive-repair-losjon-za-telo-200-ml\\\/\"]}]},{\"@type\":\"ImageObject\",\"inLanguage\":\"hr\",\"@id\":\"https:\\\/\\\/topmedicus.eu\\\/hr\\\/izdelek\\\/suha-i-osjetljiva-koza-allergika-lipolotio-sensitive-repair-losjon-za-telo-200-ml\\\/#primaryimage\",\"url\":\"https:\\\/\\\/topmedicus.eu\\\/wp-content\\\/uploads\\\/2025\\\/02\\\/ALLERGIKA-Lipolotio-Sensitive_front-267x267-1.jpg\",\"contentUrl\":\"https:\\\/\\\/topmedicus.eu\\\/wp-content\\\/uploads\\\/2025\\\/02\\\/ALLERGIKA-Lipolotio-Sensitive_front-267x267-1.jpg\",\"width\":267,\"height\":267},{\"@type\":\"BreadcrumbList\",\"@id\":\"https:\\\/\\\/topmedicus.eu\\\/hr\\\/izdelek\\\/suha-i-osjetljiva-koza-allergika-lipolotio-sensitive-repair-losjon-za-telo-200-ml\\\/#breadcrumb\",\"itemListElement\":[{\"@type\":\"ListItem\",\"position\":1,\"name\":\"Home\",\"item\":\"https:\\\/\\\/topmedicus.eu\\\/hr\\\/domaca-stranica\\\/\"},{\"@type\":\"ListItem\",\"position\":2,\"name\":\"Shop\",\"item\":\"https:\\\/\\\/topmedicus.eu\\\/shop\\\/\"},{\"@type\":\"ListItem\",\"position\":3,\"name\":\"Suha i osjetljiva ko\u017ea &#8211; ALLERGIKA Lipolotio Sensitive REPAIR, losjon za telo, 200 ml\"}]},{\"@type\":\"WebSite\",\"@id\":\"https:\\\/\\\/topmedicus.eu\\\/en\\\/#website\",\"url\":\"https:\\\/\\\/topmedicus.eu\\\/en\\\/\",\"name\":\"Topmedicus HR\",\"description\":\"Prehranska dopolnila in dermatolo\u0161ka kozmetika\",\"potentialAction\":[{\"@type\":\"SearchAction\",\"target\":{\"@type\":\"EntryPoint\",\"urlTemplate\":\"https:\\\/\\\/topmedicus.eu\\\/en\\\/?s={search_term_string}\"},\"query-input\":{\"@type\":\"PropertyValueSpecification\",\"valueRequired\":true,\"valueName\":\"search_term_string\"}}],\"inLanguage\":\"hr\"}]}<\/script>\n<!-- \/ Yoast SEO plugin. -->","yoast_head_json":{"title":"Suha i osjetljiva ko\u017ea - ALLERGIKA Lipolotio Sensitive REPAIR, losjon za telo, 200 ml - Topmedicus HR","description":"Losion za tijelo za njegu vrlo suhe, svrbe\u017ene ko\u017ee sklone atopiji. Intenzivno hidratizira i obnavlja ko\u017enu barijeru. Bez mirisa, bojila, konzervansa \u2026","robots":{"index":"index","follow":"follow","max-snippet":"max-snippet:-1","max-image-preview":"max-image-preview:large","max-video-preview":"max-video-preview:-1"},"canonical":"https:\/\/topmedicus.eu\/hr\/izdelek\/suha-i-osjetljiva-koza-allergika-lipolotio-sensitive-repair-losjon-za-telo-200-ml\/","og_locale":"hr_HR","og_type":"article","og_title":"Suha i osjetljiva ko\u017ea - ALLERGIKA Lipolotio Sensitive REPAIR, losjon za telo, 200 ml - Topmedicus HR","og_description":"Losion za tijelo za njegu vrlo suhe, svrbe\u017ene ko\u017ee sklone atopiji. Intenzivno hidratizira i obnavlja ko\u017enu barijeru. Bez mirisa, bojila, konzervansa \u2026","og_url":"https:\/\/topmedicus.eu\/hr\/izdelek\/suha-i-osjetljiva-koza-allergika-lipolotio-sensitive-repair-losjon-za-telo-200-ml\/","og_site_name":"Topmedicus HR","article_modified_time":"2026-02-16T10:15:09+00:00","og_image":[{"width":267,"height":267,"url":"https:\/\/topmedicus.eu\/wp-content\/uploads\/2025\/02\/ALLERGIKA-Lipolotio-Sensitive_front-267x267-1.jpg","type":"image\/jpeg"}],"twitter_card":"summary_large_image","twitter_misc":{"Procijenjeno vrijeme \u010ditanja":"1 minuta"},"schema":{"@context":"https:\/\/schema.org","@graph":[{"@type":"WebPage","@id":"https:\/\/topmedicus.eu\/hr\/izdelek\/suha-i-osjetljiva-koza-allergika-lipolotio-sensitive-repair-losjon-za-telo-200-ml\/","url":"https:\/\/topmedicus.eu\/hr\/izdelek\/suha-i-osjetljiva-koza-allergika-lipolotio-sensitive-repair-losjon-za-telo-200-ml\/","name":"Suha i osjetljiva ko\u017ea - ALLERGIKA Lipolotio Sensitive REPAIR, losjon za telo, 200 ml - Topmedicus HR","isPartOf":{"@id":"https:\/\/topmedicus.eu\/en\/#website"},"primaryImageOfPage":{"@id":"https:\/\/topmedicus.eu\/hr\/izdelek\/suha-i-osjetljiva-koza-allergika-lipolotio-sensitive-repair-losjon-za-telo-200-ml\/#primaryimage"},"image":{"@id":"https:\/\/topmedicus.eu\/hr\/izdelek\/suha-i-osjetljiva-koza-allergika-lipolotio-sensitive-repair-losjon-za-telo-200-ml\/#primaryimage"},"thumbnailUrl":"https:\/\/topmedicus.eu\/wp-content\/uploads\/2025\/02\/ALLERGIKA-Lipolotio-Sensitive_front-267x267-1.jpg","datePublished":"2025-02-12T21:58:38+00:00","dateModified":"2026-02-16T10:15:09+00:00","description":"Losion za tijelo za njegu vrlo suhe, svrbe\u017ene ko\u017ee sklone atopiji. Intenzivno hidratizira i obnavlja ko\u017enu barijeru. Bez mirisa, bojila, konzervansa \u2026","breadcrumb":{"@id":"https:\/\/topmedicus.eu\/hr\/izdelek\/suha-i-osjetljiva-koza-allergika-lipolotio-sensitive-repair-losjon-za-telo-200-ml\/#breadcrumb"},"inLanguage":"hr","potentialAction":[{"@type":"ReadAction","target":["https:\/\/topmedicus.eu\/hr\/izdelek\/suha-i-osjetljiva-koza-allergika-lipolotio-sensitive-repair-losjon-za-telo-200-ml\/"]}]},{"@type":"ImageObject","inLanguage":"hr","@id":"https:\/\/topmedicus.eu\/hr\/izdelek\/suha-i-osjetljiva-koza-allergika-lipolotio-sensitive-repair-losjon-za-telo-200-ml\/#primaryimage","url":"https:\/\/topmedicus.eu\/wp-content\/uploads\/2025\/02\/ALLERGIKA-Lipolotio-Sensitive_front-267x267-1.jpg","contentUrl":"https:\/\/topmedicus.eu\/wp-content\/uploads\/2025\/02\/ALLERGIKA-Lipolotio-Sensitive_front-267x267-1.jpg","width":267,"height":267},{"@type":"BreadcrumbList","@id":"https:\/\/topmedicus.eu\/hr\/izdelek\/suha-i-osjetljiva-koza-allergika-lipolotio-sensitive-repair-losjon-za-telo-200-ml\/#breadcrumb","itemListElement":[{"@type":"ListItem","position":1,"name":"Home","item":"https:\/\/topmedicus.eu\/hr\/domaca-stranica\/"},{"@type":"ListItem","position":2,"name":"Shop","item":"https:\/\/topmedicus.eu\/shop\/"},{"@type":"ListItem","position":3,"name":"Suha i osjetljiva ko\u017ea &#8211; ALLERGIKA Lipolotio Sensitive REPAIR, losjon za telo, 200 ml"}]},{"@type":"WebSite","@id":"https:\/\/topmedicus.eu\/en\/#website","url":"https:\/\/topmedicus.eu\/en\/","name":"Topmedicus HR","description":"Prehranska dopolnila in dermatolo\u0161ka kozmetika","potentialAction":[{"@type":"SearchAction","target":{"@type":"EntryPoint","urlTemplate":"https:\/\/topmedicus.eu\/en\/?s={search_term_string}"},"query-input":{"@type":"PropertyValueSpecification","valueRequired":true,"valueName":"search_term_string"}}],"inLanguage":"hr"}]}},"jetpack_sharing_enabled":true,"_links":{"self":[{"href":"https:\/\/topmedicus.eu\/hr\/wp-json\/wp\/v2\/product\/13563","targetHints":{"allow":["GET"]}}],"collection":[{"href":"https:\/\/topmedicus.eu\/hr\/wp-json\/wp\/v2\/product"}],"about":[{"href":"https:\/\/topmedicus.eu\/hr\/wp-json\/wp\/v2\/types\/product"}],"replies":[{"embeddable":true,"href":"https:\/\/topmedicus.eu\/hr\/wp-json\/wp\/v2\/comments?post=13563"}],"wp:featuredmedia":[{"embeddable":true,"href":"https:\/\/topmedicus.eu\/hr\/wp-json\/wp\/v2\/media\/13564"}],"wp:attachment":[{"href":"https:\/\/topmedicus.eu\/hr\/wp-json\/wp\/v2\/media?parent=13563"}],"wp:term":[{"taxonomy":"product_brand","embeddable":true,"href":"https:\/\/topmedicus.eu\/hr\/wp-json\/wp\/v2\/product_brand?post=13563"},{"taxonomy":"product_cat","embeddable":true,"href":"https:\/\/topmedicus.eu\/hr\/wp-json\/wp\/v2\/product_cat?post=13563"},{"taxonomy":"product_tag","embeddable":true,"href":"https:\/\/topmedicus.eu\/hr\/wp-json\/wp\/v2\/product_tag?post=13563"},{"taxonomy":"blagovna-znamka","embeddable":true,"href":"https:\/\/topmedicus.eu\/hr\/wp-json\/wp\/v2\/blagovna-znamka?post=13563"}],"curies":[{"name":"wp","href":"https:\/\/api.w.org\/{rel}","templated":true}]}}