{"id":13570,"date":"2025-02-12T21:58:36","date_gmt":"2025-02-12T21:58:36","guid":{"rendered":"https:\/\/topmedicus.eu\/izdelek\/osjetljivo-svrbece-vlasiste-allergika-blagi-sampon-200-ml\/"},"modified":"2025-02-12T21:58:36","modified_gmt":"2025-02-12T21:58:36","slug":"osjetljivo-svrbece-vlasiste-allergika-blagi-sampon-200-ml","status":"publish","type":"product","link":"https:\/\/topmedicus.eu\/hr\/izdelek\/osjetljivo-svrbece-vlasiste-allergika-blagi-sampon-200-ml\/","title":{"rendered":"Osjetljivo, svrbe\u010de vlasi\u0161te \u2013 ALLERGIKA blagi \u0161ampon, 200 ml"},"content":{"rendered":"<div class=\"relative basis-auto flex-col -mb-(--composer-overlap-px) [--composer-overlap-px:28px] grow flex\">\n<div class=\"flex flex-col text-sm pb-25\">\n<article class=\"text-token-text-primary w-full focus:outline-none [--shadow-height:45px] has-data-writing-block:pointer-events-none has-data-writing-block:-mt-(--shadow-height) has-data-writing-block:pt-(--shadow-height) [&amp;:has([data-writing-block])&gt;*]:pointer-events-auto scroll-mt-[calc(var(--header-height)+min(200px,max(70px,20svh)))]\" dir=\"auto\" tabindex=\"-1\" data-turn-id=\"request-69921613-f6dc-838a-9b0d-a26ba335327e-68\" data-testid=\"conversation-turn-164\" data-scroll-anchor=\"true\" data-turn=\"assistant\">\n<div class=\"text-base my-auto mx-auto pb-10 [--thread-content-margin:--spacing(4)] @w-sm\/main:[--thread-content-margin:--spacing(6)] @w-lg\/main:[--thread-content-margin:--spacing(16)] px-(--thread-content-margin)\">\n<div class=\"[--thread-content-max-width:40rem] @w-lg\/main:[--thread-content-max-width:48rem] mx-auto max-w-(--thread-content-max-width) flex-1 group\/turn-messages focus-visible:outline-hidden relative flex w-full min-w-0 flex-col agent-turn\" tabindex=\"-1\">\n<div class=\"flex max-w-full flex-col grow\">\n<div class=\"min-h-8 text-message relative flex w-full flex-col items-end gap-2 text-start break-words whitespace-normal [.text-message+&amp;]:mt-1\" dir=\"auto\" data-message-author-role=\"assistant\" data-message-id=\"42af85d8-4be7-4f26-8418-9d453a7836d0\" data-message-model-slug=\"gpt-5-2\">\n<div class=\"flex w-full flex-col gap-1 empty:hidden first:pt-[1px]\">\n<div class=\"markdown prose dark:prose-invert w-full wrap-break-word light markdown-new-styling\">\n<p data-start=\"0\" data-end=\"303\"><strong>ALLERGIKA\u00ae blagi \u0161ampon<\/strong> posebno je razvijen za iznimno nje\u017eno pranje vlasi\u0161ta. Zahvaljuju\u0107i uporabi posebno blagih \u0161e\u0107ernih tenzida, vlasi\u0161te ga vrlo dobro podnosi, \u010dak i kada je nadra\u017eeno i osjetljivo. Idealan je za osobe koje pate od ekcema vlasi\u0161ta, psorijaze ili sezonski uzrokovanog suhog vlasi\u0161ta.<\/p>\n<p data-start=\"305\" data-end=\"623\">\u0160ampon ne sadr\u017ei alergene sastojke poput Cocamidopropyl betaina i proteinskih hidrolizata, koji se \u010desto nalaze u uobi\u010dajenim \u0161amponima, \u010dime je rizik od alergijskih reakcija sveden na minimum. Osim toga, lako se ispire s vlasi\u0161ta i prikladan je za svakodnevno pranje, \u0161to je posebno va\u017eno za osobe alergi\u010dne na pelud.<\/p>\n<p data-start=\"625\" data-end=\"856\">ALLERGIKA\u00ae blagi \u0161ampon dermatolo\u0161ki je i alergolo\u0161ki klini\u010dki testiran na ko\u017ei sklonoj alergijama i ne pe\u010de za o\u010di. Ne sadr\u017ei mirise, bojila, konzervanse, parabene, prirodne alergene ni 328 naj\u010de\u0161\u0107ih tvari koje izazivaju alergije.<\/p>\n<p data-start=\"858\" data-end=\"885\">Preporu\u010duju ga dermatolozi.<\/p>\n<p data-start=\"887\" data-end=\"1055\">ALLERGIKA\u00ae blagi \u0161ampon idealan je izbor za sve s osjetljivim i nadra\u017eenim vlasi\u0161tem te je posebno prikladan kao indiferentna njega kod ekcema i atopijskog dermatitisa.<\/p>\n<ul>\n<li data-start=\"1059\" data-end=\"1122\">Vrlo blagi \u0161e\u0107erni tenzidi za izvrsnu podno\u0161ljivost vlasi\u0161ta.<\/li>\n<li data-start=\"1059\" data-end=\"1122\">S biotinom koji ja\u010da kosu te joj daje sjaj i volumen.<\/li>\n<li data-start=\"1059\" data-end=\"1122\">Idealan za nadra\u017eeno i osjetljivo vlasi\u0161te, uklju\u010duju\u0107i ekceme vlasi\u0161ta, psorijazu i sezonski suho vlasi\u0161te.<\/li>\n<li data-start=\"1059\" data-end=\"1122\">Bez alergena poput Cocamidopropyl betaina i proteinskih hidrolizata prisutnih u mnogim standardnim \u0161amponima.<\/li>\n<li data-start=\"1059\" data-end=\"1122\">Bez mirisa, bojila, konzervansa, parabena, prirodnih alergena i 328 naj\u010de\u0161\u0107ih alergena.<\/li>\n<li data-start=\"1059\" data-end=\"1122\">Dermatolo\u0161ki i alergolo\u0161ki klini\u010dki testiran na ko\u017ei sklonoj alergijama.<\/li>\n<li data-start=\"1059\" data-end=\"1122\">Preporu\u010duju dermatolozi.<\/li>\n<\/ul>\n<p data-start=\"1605\" data-end=\"1691\"><strong data-start=\"1605\" data-end=\"1674\">Medicinski \u0161ampon za sprje\u010davanje nadra\u017eenog i svrbe\u017enog vlasi\u0161ta<\/strong>, primjerice kod:<\/p>\n<ul>\n<li data-start=\"1694\" data-end=\"1727\">ekcema i atopijskog dermatitisa<\/li>\n<li data-start=\"1694\" data-end=\"1727\">nadra\u017eenog i osjetljivog vlasi\u0161ta<\/li>\n<li data-start=\"1694\" data-end=\"1727\">nespecifi\u010dnih iritacija<\/li>\n<li data-start=\"1694\" data-end=\"1727\">uklanjanja topikalnih masti s vlasi\u0161ta<\/li>\n<\/ul>\n<p data-start=\"1838\" data-end=\"1886\" data-is-last-node=\"\" data-is-only-node=\"\"><em>Proizvo\u0111a\u010d: ALLERGIKA Pharma GmbH, Njema\u010dka.<\/em><\/p>\n<\/div>\n<\/div>\n<\/div>\n<\/div>\n<\/div>\n<\/div>\n<\/article>\n<\/div>\n<\/div>\n","protected":false},"excerpt":{"rendered":"<div class=\"flex flex-col text-sm pb-25\">\n<article class=\"text-token-text-primary w-full focus:outline-none [--shadow-height:45px] has-data-writing-block:pointer-events-none has-data-writing-block:-mt-(--shadow-height) has-data-writing-block:pt-(--shadow-height) [&amp;:has([data-writing-block])&gt;*]:pointer-events-auto scroll-mt-[calc(var(--header-height)+min(200px,max(70px,20svh)))]\" dir=\"auto\" tabindex=\"-1\" data-turn-id=\"request-69921613-f6dc-838a-9b0d-a26ba335327e-69\" data-testid=\"conversation-turn-166\" data-scroll-anchor=\"true\" data-turn=\"assistant\">\n<div class=\"text-base my-auto mx-auto pb-10 [--thread-content-margin:--spacing(4)] @w-sm\/main:[--thread-content-margin:--spacing(6)] @w-lg\/main:[--thread-content-margin:--spacing(16)] px-(--thread-content-margin)\">\n<div class=\"[--thread-content-max-width:40rem] @w-lg\/main:[--thread-content-max-width:48rem] mx-auto max-w-(--thread-content-max-width) flex-1 group\/turn-messages focus-visible:outline-hidden relative flex w-full min-w-0 flex-col agent-turn\" tabindex=\"-1\">\n<div class=\"flex max-w-full flex-col grow\">\n<div class=\"min-h-8 text-message relative flex w-full flex-col items-end gap-2 text-start break-words whitespace-normal [.text-message+&amp;]:mt-1\" dir=\"auto\" data-message-author-role=\"assistant\" data-message-id=\"3cdb3e64-ffd1-444d-af4d-3b5fe39b74ed\" data-message-model-slug=\"gpt-5-2\">\n<div class=\"flex w-full flex-col gap-1 empty:hidden first:pt-[1px]\">\n<div class=\"markdown prose dark:prose-invert w-full wrap-break-word light markdown-new-styling\">\n<h4 data-start=\"0\" data-end=\"379\">Blagi \u0161ampon za osjetljivo, nadra\u017eeno i svrbe\u017eno vlasi\u0161te.<\/h4>\n<ul>\n<li data-start=\"0\" data-end=\"379\">Za osjetljivo, suho, nadra\u017eeno i svrbe\u017eno vlasi\u0161te.<\/li>\n<li data-start=\"0\" data-end=\"379\">Za indiferentnu njegu kod atopijskog dermatitisa i psorijaze.<\/li>\n<li data-start=\"0\" data-end=\"379\">Za svakodnevno pranje kose \u2014 npr. kod alergije na pelud.<\/li>\n<li data-start=\"0\" data-end=\"379\">Sadr\u017ei biotin.<\/li>\n<li data-start=\"0\" data-end=\"379\">Bez mirisa, bojila, konzervansa, prirodnih alergena i 328 tvari koje naj\u010de\u0161\u0107e izazivaju alergije.<\/li>\n<li data-start=\"0\" data-end=\"379\">Preporu\u010duju dermatolozi.<\/li>\n<\/ul>\n<\/div>\n<\/div>\n<\/div>\n<\/div>\n<\/div>\n<\/div>\n<\/article>\n<\/div>\n","protected":false},"featured_media":13571,"comment_status":"closed","ping_status":"closed","template":"","meta":{"_acf_changed":false},"product_brand":[1004],"product_cat":[659,552,575],"product_tag":[],"blagovna-znamka":[],"class_list":{"0":"post-13570","1":"product","2":"type-product","3":"status-publish","4":"has-post-thumbnail","6":"product_brand-allergika-hr","7":"product_cat-njega-tijela","8":"product_cat-atopijski-dermatitis-hr","9":"product_cat-luskavica-hr","11":"first","12":"instock","13":"taxable","14":"shipping-taxable","15":"purchasable","16":"product-type-simple"},"acf":[],"yoast_head":"<!-- This site is optimized with the Yoast SEO plugin v27.4 - https:\/\/yoast.com\/product\/yoast-seo-wordpress\/ -->\n<title>Osjetljivo, svrbe\u010de vlasi\u0161te \u2013 ALLERGIKA blagi \u0161ampon, 200 ml - Topmedicus HR<\/title>\n<meta name=\"description\" content=\"Medicinski \u0161ampon s biotinom za osjetljivo, nadra\u017eeno vlasi\u0161te, kod atopijskog dermatitisa i psorijaze. Prikladan za \u010desto pranje kose. Bez alergena.\" \/>\n<meta name=\"robots\" content=\"index, follow, max-snippet:-1, max-image-preview:large, max-video-preview:-1\" \/>\n<link rel=\"canonical\" href=\"https:\/\/topmedicus.eu\/hr\/izdelek\/osjetljivo-svrbece-vlasiste-allergika-blagi-sampon-200-ml\/\" \/>\n<meta property=\"og:locale\" content=\"hr_HR\" \/>\n<meta property=\"og:type\" content=\"article\" \/>\n<meta property=\"og:title\" content=\"Osjetljivo, svrbe\u010de vlasi\u0161te \u2013 ALLERGIKA blagi \u0161ampon, 200 ml - Topmedicus HR\" \/>\n<meta property=\"og:description\" content=\"Medicinski \u0161ampon s biotinom za osjetljivo, nadra\u017eeno vlasi\u0161te, kod atopijskog dermatitisa i psorijaze. Prikladan za \u010desto pranje kose. Bez alergena.\" \/>\n<meta property=\"og:url\" content=\"https:\/\/topmedicus.eu\/hr\/izdelek\/osjetljivo-svrbece-vlasiste-allergika-blagi-sampon-200-ml\/\" \/>\n<meta property=\"og:site_name\" content=\"Topmedicus HR\" \/>\n<meta property=\"og:image\" content=\"https:\/\/topmedicus.eu\/wp-content\/uploads\/2025\/02\/Allergika-Blagi-sampon.jpg\" \/>\n\t<meta property=\"og:image:width\" content=\"267\" \/>\n\t<meta property=\"og:image:height\" content=\"267\" \/>\n\t<meta property=\"og:image:type\" content=\"image\/jpeg\" \/>\n<meta name=\"twitter:card\" content=\"summary_large_image\" \/>\n<meta name=\"twitter:label1\" content=\"Procijenjeno vrijeme \u010ditanja\" \/>\n\t<meta name=\"twitter:data1\" content=\"2 minute\" \/>\n<script type=\"application\/ld+json\" class=\"yoast-schema-graph\">{\"@context\":\"https:\\\/\\\/schema.org\",\"@graph\":[{\"@type\":\"WebPage\",\"@id\":\"https:\\\/\\\/topmedicus.eu\\\/hr\\\/izdelek\\\/osjetljivo-svrbece-vlasiste-allergika-blagi-sampon-200-ml\\\/\",\"url\":\"https:\\\/\\\/topmedicus.eu\\\/hr\\\/izdelek\\\/osjetljivo-svrbece-vlasiste-allergika-blagi-sampon-200-ml\\\/\",\"name\":\"Osjetljivo, svrbe\u010de vlasi\u0161te \u2013 ALLERGIKA blagi \u0161ampon, 200 ml - Topmedicus HR\",\"isPartOf\":{\"@id\":\"https:\\\/\\\/topmedicus.eu\\\/en\\\/#website\"},\"primaryImageOfPage\":{\"@id\":\"https:\\\/\\\/topmedicus.eu\\\/hr\\\/izdelek\\\/osjetljivo-svrbece-vlasiste-allergika-blagi-sampon-200-ml\\\/#primaryimage\"},\"image\":{\"@id\":\"https:\\\/\\\/topmedicus.eu\\\/hr\\\/izdelek\\\/osjetljivo-svrbece-vlasiste-allergika-blagi-sampon-200-ml\\\/#primaryimage\"},\"thumbnailUrl\":\"https:\\\/\\\/topmedicus.eu\\\/wp-content\\\/uploads\\\/2025\\\/02\\\/Allergika-Blagi-sampon.jpg\",\"datePublished\":\"2025-02-12T21:58:36+00:00\",\"description\":\"Medicinski \u0161ampon s biotinom za osjetljivo, nadra\u017eeno vlasi\u0161te, kod atopijskog dermatitisa i psorijaze. Prikladan za \u010desto pranje kose. Bez alergena.\",\"breadcrumb\":{\"@id\":\"https:\\\/\\\/topmedicus.eu\\\/hr\\\/izdelek\\\/osjetljivo-svrbece-vlasiste-allergika-blagi-sampon-200-ml\\\/#breadcrumb\"},\"inLanguage\":\"hr\",\"potentialAction\":[{\"@type\":\"ReadAction\",\"target\":[\"https:\\\/\\\/topmedicus.eu\\\/hr\\\/izdelek\\\/osjetljivo-svrbece-vlasiste-allergika-blagi-sampon-200-ml\\\/\"]}]},{\"@type\":\"ImageObject\",\"inLanguage\":\"hr\",\"@id\":\"https:\\\/\\\/topmedicus.eu\\\/hr\\\/izdelek\\\/osjetljivo-svrbece-vlasiste-allergika-blagi-sampon-200-ml\\\/#primaryimage\",\"url\":\"https:\\\/\\\/topmedicus.eu\\\/wp-content\\\/uploads\\\/2025\\\/02\\\/Allergika-Blagi-sampon.jpg\",\"contentUrl\":\"https:\\\/\\\/topmedicus.eu\\\/wp-content\\\/uploads\\\/2025\\\/02\\\/Allergika-Blagi-sampon.jpg\",\"width\":267,\"height\":267},{\"@type\":\"BreadcrumbList\",\"@id\":\"https:\\\/\\\/topmedicus.eu\\\/hr\\\/izdelek\\\/osjetljivo-svrbece-vlasiste-allergika-blagi-sampon-200-ml\\\/#breadcrumb\",\"itemListElement\":[{\"@type\":\"ListItem\",\"position\":1,\"name\":\"Home\",\"item\":\"https:\\\/\\\/topmedicus.eu\\\/hr\\\/domaca-stranica\\\/\"},{\"@type\":\"ListItem\",\"position\":2,\"name\":\"Shop\",\"item\":\"https:\\\/\\\/topmedicus.eu\\\/shop\\\/\"},{\"@type\":\"ListItem\",\"position\":3,\"name\":\"Osjetljivo, svrbe\u010de vlasi\u0161te \u2013 ALLERGIKA blagi \u0161ampon, 200 ml\"}]},{\"@type\":\"WebSite\",\"@id\":\"https:\\\/\\\/topmedicus.eu\\\/en\\\/#website\",\"url\":\"https:\\\/\\\/topmedicus.eu\\\/en\\\/\",\"name\":\"Topmedicus HR\",\"description\":\"Prehranska dopolnila in dermatolo\u0161ka kozmetika\",\"potentialAction\":[{\"@type\":\"SearchAction\",\"target\":{\"@type\":\"EntryPoint\",\"urlTemplate\":\"https:\\\/\\\/topmedicus.eu\\\/en\\\/?s={search_term_string}\"},\"query-input\":{\"@type\":\"PropertyValueSpecification\",\"valueRequired\":true,\"valueName\":\"search_term_string\"}}],\"inLanguage\":\"hr\"}]}<\/script>\n<!-- \/ Yoast SEO plugin. -->","yoast_head_json":{"title":"Osjetljivo, svrbe\u010de vlasi\u0161te \u2013 ALLERGIKA blagi \u0161ampon, 200 ml - Topmedicus HR","description":"Medicinski \u0161ampon s biotinom za osjetljivo, nadra\u017eeno vlasi\u0161te, kod atopijskog dermatitisa i psorijaze. Prikladan za \u010desto pranje kose. Bez alergena.","robots":{"index":"index","follow":"follow","max-snippet":"max-snippet:-1","max-image-preview":"max-image-preview:large","max-video-preview":"max-video-preview:-1"},"canonical":"https:\/\/topmedicus.eu\/hr\/izdelek\/osjetljivo-svrbece-vlasiste-allergika-blagi-sampon-200-ml\/","og_locale":"hr_HR","og_type":"article","og_title":"Osjetljivo, svrbe\u010de vlasi\u0161te \u2013 ALLERGIKA blagi \u0161ampon, 200 ml - Topmedicus HR","og_description":"Medicinski \u0161ampon s biotinom za osjetljivo, nadra\u017eeno vlasi\u0161te, kod atopijskog dermatitisa i psorijaze. Prikladan za \u010desto pranje kose. Bez alergena.","og_url":"https:\/\/topmedicus.eu\/hr\/izdelek\/osjetljivo-svrbece-vlasiste-allergika-blagi-sampon-200-ml\/","og_site_name":"Topmedicus HR","og_image":[{"width":267,"height":267,"url":"https:\/\/topmedicus.eu\/wp-content\/uploads\/2025\/02\/Allergika-Blagi-sampon.jpg","type":"image\/jpeg"}],"twitter_card":"summary_large_image","twitter_misc":{"Procijenjeno vrijeme \u010ditanja":"2 minute"},"schema":{"@context":"https:\/\/schema.org","@graph":[{"@type":"WebPage","@id":"https:\/\/topmedicus.eu\/hr\/izdelek\/osjetljivo-svrbece-vlasiste-allergika-blagi-sampon-200-ml\/","url":"https:\/\/topmedicus.eu\/hr\/izdelek\/osjetljivo-svrbece-vlasiste-allergika-blagi-sampon-200-ml\/","name":"Osjetljivo, svrbe\u010de vlasi\u0161te \u2013 ALLERGIKA blagi \u0161ampon, 200 ml - Topmedicus HR","isPartOf":{"@id":"https:\/\/topmedicus.eu\/en\/#website"},"primaryImageOfPage":{"@id":"https:\/\/topmedicus.eu\/hr\/izdelek\/osjetljivo-svrbece-vlasiste-allergika-blagi-sampon-200-ml\/#primaryimage"},"image":{"@id":"https:\/\/topmedicus.eu\/hr\/izdelek\/osjetljivo-svrbece-vlasiste-allergika-blagi-sampon-200-ml\/#primaryimage"},"thumbnailUrl":"https:\/\/topmedicus.eu\/wp-content\/uploads\/2025\/02\/Allergika-Blagi-sampon.jpg","datePublished":"2025-02-12T21:58:36+00:00","description":"Medicinski \u0161ampon s biotinom za osjetljivo, nadra\u017eeno vlasi\u0161te, kod atopijskog dermatitisa i psorijaze. Prikladan za \u010desto pranje kose. Bez alergena.","breadcrumb":{"@id":"https:\/\/topmedicus.eu\/hr\/izdelek\/osjetljivo-svrbece-vlasiste-allergika-blagi-sampon-200-ml\/#breadcrumb"},"inLanguage":"hr","potentialAction":[{"@type":"ReadAction","target":["https:\/\/topmedicus.eu\/hr\/izdelek\/osjetljivo-svrbece-vlasiste-allergika-blagi-sampon-200-ml\/"]}]},{"@type":"ImageObject","inLanguage":"hr","@id":"https:\/\/topmedicus.eu\/hr\/izdelek\/osjetljivo-svrbece-vlasiste-allergika-blagi-sampon-200-ml\/#primaryimage","url":"https:\/\/topmedicus.eu\/wp-content\/uploads\/2025\/02\/Allergika-Blagi-sampon.jpg","contentUrl":"https:\/\/topmedicus.eu\/wp-content\/uploads\/2025\/02\/Allergika-Blagi-sampon.jpg","width":267,"height":267},{"@type":"BreadcrumbList","@id":"https:\/\/topmedicus.eu\/hr\/izdelek\/osjetljivo-svrbece-vlasiste-allergika-blagi-sampon-200-ml\/#breadcrumb","itemListElement":[{"@type":"ListItem","position":1,"name":"Home","item":"https:\/\/topmedicus.eu\/hr\/domaca-stranica\/"},{"@type":"ListItem","position":2,"name":"Shop","item":"https:\/\/topmedicus.eu\/shop\/"},{"@type":"ListItem","position":3,"name":"Osjetljivo, svrbe\u010de vlasi\u0161te \u2013 ALLERGIKA blagi \u0161ampon, 200 ml"}]},{"@type":"WebSite","@id":"https:\/\/topmedicus.eu\/en\/#website","url":"https:\/\/topmedicus.eu\/en\/","name":"Topmedicus HR","description":"Prehranska dopolnila in dermatolo\u0161ka kozmetika","potentialAction":[{"@type":"SearchAction","target":{"@type":"EntryPoint","urlTemplate":"https:\/\/topmedicus.eu\/en\/?s={search_term_string}"},"query-input":{"@type":"PropertyValueSpecification","valueRequired":true,"valueName":"search_term_string"}}],"inLanguage":"hr"}]}},"jetpack_sharing_enabled":true,"_links":{"self":[{"href":"https:\/\/topmedicus.eu\/hr\/wp-json\/wp\/v2\/product\/13570","targetHints":{"allow":["GET"]}}],"collection":[{"href":"https:\/\/topmedicus.eu\/hr\/wp-json\/wp\/v2\/product"}],"about":[{"href":"https:\/\/topmedicus.eu\/hr\/wp-json\/wp\/v2\/types\/product"}],"replies":[{"embeddable":true,"href":"https:\/\/topmedicus.eu\/hr\/wp-json\/wp\/v2\/comments?post=13570"}],"wp:featuredmedia":[{"embeddable":true,"href":"https:\/\/topmedicus.eu\/hr\/wp-json\/wp\/v2\/media\/13571"}],"wp:attachment":[{"href":"https:\/\/topmedicus.eu\/hr\/wp-json\/wp\/v2\/media?parent=13570"}],"wp:term":[{"taxonomy":"product_brand","embeddable":true,"href":"https:\/\/topmedicus.eu\/hr\/wp-json\/wp\/v2\/product_brand?post=13570"},{"taxonomy":"product_cat","embeddable":true,"href":"https:\/\/topmedicus.eu\/hr\/wp-json\/wp\/v2\/product_cat?post=13570"},{"taxonomy":"product_tag","embeddable":true,"href":"https:\/\/topmedicus.eu\/hr\/wp-json\/wp\/v2\/product_tag?post=13570"},{"taxonomy":"blagovna-znamka","embeddable":true,"href":"https:\/\/topmedicus.eu\/hr\/wp-json\/wp\/v2\/blagovna-znamka?post=13570"}],"curies":[{"name":"wp","href":"https:\/\/api.w.org\/{rel}","templated":true}]}}