{"id":6926,"date":"2025-02-12T22:02:02","date_gmt":"2025-04-13T17:40:07","guid":{"rendered":"https:\/\/topmedicus.eu\/?post_type=product&#038;p=6926"},"modified":"2025-06-22T16:22:31","modified_gmt":"2025-06-22T16:22:31","slug":"allergika-lipolotio-urea-10-vrlo-suha-gruba-ljusteca-koza","status":"publish","type":"product","link":"https:\/\/topmedicus.eu\/hr\/izdelek\/allergika-lipolotio-urea-10-vrlo-suha-gruba-ljusteca-koza\/","title":{"rendered":"ALLERGIKA Lipolotio Urea 10 %, 200 ml &#8211;  vrlo suha, gruba, lju\u0161te\u0107a ko\u017ea"},"content":{"rendered":"<p class=\"\" data-start=\"42\" data-end=\"543\"><strong data-start=\"42\" data-end=\"76\">ALLERGIKA\u00ae-Lipolotio Urea 10 %<\/strong> pru\u017ea intenzivnu hidrataciju vrlo suhoj, perutavoj i hrapavoj ko\u017ei. Zahvaljuju\u0107i kombinaciji 10 % uree, 5 % glicerina i mlije\u010dne kiseline, ko\u017ea se optimalno vla\u017ei i zagla\u0111uje. Urea ima keratoliti\u010dko djelovanje i u\u010dinkovito uklanja ljuskice. Zato je ovaj losion idealan za tipove ko\u017ee s psorijazom, keratosis pilaris (tzv. \u201epile\u0107a ko\u017ea\u201d) ili ihtiozom. U usporedbi s <strong data-start=\"442\" data-end=\"474\">ALLERGIKA Lipolotio Urea 5 %<\/strong>, ova 10 %-tna verzija jo\u0161 intenzivnije djeluje na uklanjanje ljuski.<\/p>\n<p class=\"\" data-start=\"545\" data-end=\"858\">Ova posebna emulzija voda-u-ulju s udjelom lipida od 41 % ja\u010da ko\u017enu barijeru i \u0161titi od gubitka vlage. Ulja koja su u skladu s prirodnom kozmetikom odli\u010dno obnavljaju masno\u0107u ko\u017ee bez za\u010depljenja pora. Losion se lako nanosi, dobro upija, a ko\u017ea nakon nano\u0161enja postaje umirena, njegovana, meka, glatka i podatna.<\/p>\n<p class=\"\" data-start=\"860\" data-end=\"1321\"><strong data-start=\"860\" data-end=\"894\">ALLERGIKA\u00ae-Lipolotio Urea 10 %<\/strong> je neutralnog mirisa i vrlo dobro se podnosi na ko\u017ei. Dermatolo\u0161ki i alergolo\u0161ki testiran na vrlo osjetljivoj i alergijskoj ko\u017ei. Ne sadr\u017ei mirise, boje, konzervanse, parabene, prirodne alergene ni 328 tvari koje naj\u010de\u0161\u0107e izazivaju alergijske reakcije (popis sastavila Njema\u010dka udruga za kontaktne alergije). Dermatolozi preporu\u010duju ovaj proizvod za primjenu na velikim povr\u0161inama ko\u017ee, osobito kod navedenih ko\u017enih bolesti.<\/p>\n<p class=\"\" data-start=\"1323\" data-end=\"1434\"><strong data-start=\"1323\" data-end=\"1434\">Vjerujte intenzivnoj njezi i za\u0161titi uz ALLERGIKA\u00ae-Lipolotio Urea 10 % za zdravu, njegovanu i podatnu ko\u017eu.<\/strong><\/p>\n<h3 class=\"\" data-start=\"1436\" data-end=\"1450\">Prednosti:<\/h3>\n<ul data-start=\"1452\" data-end=\"2294\">\n<li class=\"\" data-start=\"1452\" data-end=\"1642\">\n<p class=\"\" data-start=\"1454\" data-end=\"1642\"><strong data-start=\"1454\" data-end=\"1501\">Intenzivna hidratacija i zagla\u0111ivanje ko\u017ee:<\/strong> sadr\u017ei 10 % uree, 5 % glicerina i mlije\u010dnu kiselinu za intenzivno vla\u017eenje i zagla\u0111ivanje ko\u017ee. Idealan za vrlo suhu, perutavu i grubu ko\u017eu.<\/p>\n<\/li>\n<li class=\"\" data-start=\"1643\" data-end=\"1758\">\n<p class=\"\" data-start=\"1645\" data-end=\"1758\"><strong data-start=\"1645\" data-end=\"1683\">Posebno za odre\u0111ene ko\u017ene bolesti:<\/strong> posebno pogodan za ko\u017eu pogo\u0111enu psorijazom, keratosis pilaris i ihtiozom.<\/p>\n<\/li>\n<li class=\"\" data-start=\"1759\" data-end=\"1873\">\n<p class=\"\" data-start=\"1761\" data-end=\"1873\"><strong data-start=\"1761\" data-end=\"1786\">Emulzija voda-u-ulju:<\/strong> posebna formulacija s 41 % udjela lipida ja\u010da ko\u017enu barijeru i \u0161titi od gubitka vlage.<\/p>\n<\/li>\n<li class=\"\" data-start=\"1874\" data-end=\"2008\">\n<p class=\"\" data-start=\"1876\" data-end=\"2008\"><strong data-start=\"1876\" data-end=\"1917\">Ulja u skladu s prirodnom kozmetikom:<\/strong> izvrsno obnavljaju masno\u0107u ko\u017ee bez za\u010depljenja pora; losion se lako nanosi i dobro upija.<\/p>\n<\/li>\n<li class=\"\" data-start=\"2009\" data-end=\"2294\">\n<p class=\"\" data-start=\"2011\" data-end=\"2294\"><strong data-start=\"2011\" data-end=\"2041\">Podno\u0161ljivost i sigurnost:<\/strong> neutralnog mirisa; vrlo dobro podno\u0161ljiv na ko\u017ei; dermatolo\u0161ki i alergolo\u0161ki testiran; bez mirisa, boja, konzervansa, parabena, prirodnih alergena i 328 naj\u010de\u0161\u0107ih alergena (prema popisu Njema\u010dke udruge za kontaktne alergije). Preporu\u010duju dermatolozi.<\/p>\n<\/li>\n<\/ul>\n<h3 class=\"\" data-start=\"2296\" data-end=\"2320\">Dodatne informacije:<\/h3>\n<ul data-start=\"2322\" data-end=\"2555\">\n<li class=\"\" data-start=\"2322\" data-end=\"2372\">\n<p class=\"\" data-start=\"2324\" data-end=\"2372\"><strong data-start=\"2324\" data-end=\"2337\">Zna\u010dajke:<\/strong> bez mirisa, boja i konzervansa<\/p>\n<\/li>\n<li class=\"\" data-start=\"2373\" data-end=\"2398\">\n<p class=\"\" data-start=\"2375\" data-end=\"2398\"><strong data-start=\"2375\" data-end=\"2389\">Pakiranje:<\/strong> 200 ml<\/p>\n<\/li>\n<li class=\"\" data-start=\"2399\" data-end=\"2450\">\n<p class=\"\" data-start=\"2401\" data-end=\"2450\"><strong data-start=\"2401\" data-end=\"2414\">Tip ko\u017ee:<\/strong> svrbe\u017e, vrlo suha ko\u017ea, suha ko\u017ea<\/p>\n<\/li>\n<li class=\"\" data-start=\"2451\" data-end=\"2509\">\n<p class=\"\" data-start=\"2453\" data-end=\"2509\"><strong data-start=\"2453\" data-end=\"2469\">Stanja ko\u017ee:<\/strong> psorijaza, keratosis pilaris, ihtioza<\/p>\n<\/li>\n<li class=\"\" data-start=\"2510\" data-end=\"2555\">\n<p class=\"\" data-start=\"2512\" data-end=\"2555\"><strong data-start=\"2512\" data-end=\"2534\">Podru\u010dje primjene:<\/strong> ruke, noge, tijelo<\/p>\n<\/li>\n<\/ul>\n<p class=\"\" data-start=\"3025\" data-end=\"3072\"><em>Proizvodi: ALLERGIKA Pharma GmbH, Njema\u010dka<\/em><\/p>\n","protected":false},"excerpt":{"rendered":"<p style=\"font-weight: 400;\"><strong>Dermatolo\u0161ki losjon za vrlo suhu, grubu i lju\u0161te\u0107u, svrbe\u010du ko\u017eu tijela. S ureom.\u00a0<\/strong><\/p>\n<p style=\"font-weight: 400;\">Vrlo bogata intenzivna njega za tijelo kod vrlo suhe, vrlo grube, lju\u0161te\u0107e i svrbe\u0107e ko\u017ee, npr. kod psorijaze, ihtioze .<\/p>\n<p style=\"font-weight: 400;\">Bez mirsa, boja, konzervansa, parabena i prirodnih alergena.<\/p>\n","protected":false},"featured_media":6927,"comment_status":"closed","ping_status":"closed","template":"","meta":{"_acf_changed":false},"product_brand":[1004],"product_cat":[575],"product_tag":[],"blagovna-znamka":[],"class_list":{"0":"post-6926","1":"product","2":"type-product","3":"status-publish","4":"has-post-thumbnail","6":"product_brand-allergika-hr","7":"product_cat-luskavica-hr","9":"first","10":"instock","11":"taxable","12":"shipping-taxable","13":"purchasable","14":"product-type-simple"},"acf":[],"yoast_head":"<!-- This site is optimized with the Yoast SEO plugin v27.4 - https:\/\/yoast.com\/product\/yoast-seo-wordpress\/ -->\n<title>ALLERGIKA Lipolotio Urea 10 %, 200 ml - vrlo suha, gruba, lju\u0161te\u0107a ko\u017ea - Topmedicus HR<\/title>\n<meta name=\"description\" content=\"Vrlo bogata intenzivna dermatolo\u0161ka njega za tijelo kod vrlo suhe, vrlo grube, lju\u0161te\u0107e i svrbe\u0107e ko\u017ee, npr. kod psoriaze, pilarne keratoze i ihtioze.\" \/>\n<meta name=\"robots\" content=\"index, follow, max-snippet:-1, max-image-preview:large, max-video-preview:-1\" \/>\n<link rel=\"canonical\" href=\"https:\/\/topmedicus.eu\/hr\/izdelek\/allergika-lipolotio-urea-10-vrlo-suha-gruba-ljusteca-koza\/\" \/>\n<meta property=\"og:locale\" content=\"hr_HR\" \/>\n<meta property=\"og:type\" content=\"article\" \/>\n<meta property=\"og:title\" content=\"ALLERGIKA Lipolotio Urea 10 %, 200 ml - vrlo suha, gruba, lju\u0161te\u0107a ko\u017ea - Topmedicus HR\" \/>\n<meta property=\"og:description\" content=\"Vrlo bogata intenzivna dermatolo\u0161ka njega za tijelo kod vrlo suhe, vrlo grube, lju\u0161te\u0107e i svrbe\u0107e ko\u017ee, npr. kod psoriaze, pilarne keratoze i ihtioze.\" \/>\n<meta property=\"og:url\" content=\"https:\/\/topmedicus.eu\/hr\/izdelek\/allergika-lipolotio-urea-10-vrlo-suha-gruba-ljusteca-koza\/\" \/>\n<meta property=\"og:site_name\" content=\"Topmedicus HR\" \/>\n<meta property=\"article:modified_time\" content=\"2025-06-22T16:22:31+00:00\" \/>\n<meta property=\"og:image\" content=\"https:\/\/topmedicus.eu\/wp-content\/uploads\/2025\/02\/ALLERGIKA-Lipolotio-urea-10-600x600-1.jpg\" \/>\n\t<meta property=\"og:image:width\" content=\"600\" \/>\n\t<meta property=\"og:image:height\" content=\"600\" \/>\n\t<meta property=\"og:image:type\" content=\"image\/jpeg\" \/>\n<meta name=\"twitter:card\" content=\"summary_large_image\" \/>\n<meta name=\"twitter:label1\" content=\"Procijenjeno vrijeme \u010ditanja\" \/>\n\t<meta name=\"twitter:data1\" content=\"3 minute\" \/>\n<script type=\"application\/ld+json\" class=\"yoast-schema-graph\">{\"@context\":\"https:\\\/\\\/schema.org\",\"@graph\":[{\"@type\":\"WebPage\",\"@id\":\"https:\\\/\\\/topmedicus.eu\\\/hr\\\/izdelek\\\/allergika-lipolotio-urea-10-vrlo-suha-gruba-ljusteca-koza\\\/\",\"url\":\"https:\\\/\\\/topmedicus.eu\\\/hr\\\/izdelek\\\/allergika-lipolotio-urea-10-vrlo-suha-gruba-ljusteca-koza\\\/\",\"name\":\"ALLERGIKA Lipolotio Urea 10 %, 200 ml - vrlo suha, gruba, lju\u0161te\u0107a ko\u017ea - Topmedicus HR\",\"isPartOf\":{\"@id\":\"https:\\\/\\\/topmedicus.eu\\\/en\\\/#website\"},\"primaryImageOfPage\":{\"@id\":\"https:\\\/\\\/topmedicus.eu\\\/hr\\\/izdelek\\\/allergika-lipolotio-urea-10-vrlo-suha-gruba-ljusteca-koza\\\/#primaryimage\"},\"image\":{\"@id\":\"https:\\\/\\\/topmedicus.eu\\\/hr\\\/izdelek\\\/allergika-lipolotio-urea-10-vrlo-suha-gruba-ljusteca-koza\\\/#primaryimage\"},\"thumbnailUrl\":\"https:\\\/\\\/topmedicus.eu\\\/wp-content\\\/uploads\\\/2025\\\/02\\\/ALLERGIKA-Lipolotio-urea-10-600x600-1.jpg\",\"datePublished\":\"2025-04-13T17:40:07+00:00\",\"dateModified\":\"2025-06-22T16:22:31+00:00\",\"description\":\"Vrlo bogata intenzivna dermatolo\u0161ka njega za tijelo kod vrlo suhe, vrlo grube, lju\u0161te\u0107e i svrbe\u0107e ko\u017ee, npr. kod psoriaze, pilarne keratoze i ihtioze.\",\"breadcrumb\":{\"@id\":\"https:\\\/\\\/topmedicus.eu\\\/hr\\\/izdelek\\\/allergika-lipolotio-urea-10-vrlo-suha-gruba-ljusteca-koza\\\/#breadcrumb\"},\"inLanguage\":\"hr\",\"potentialAction\":[{\"@type\":\"ReadAction\",\"target\":[\"https:\\\/\\\/topmedicus.eu\\\/hr\\\/izdelek\\\/allergika-lipolotio-urea-10-vrlo-suha-gruba-ljusteca-koza\\\/\"]}]},{\"@type\":\"ImageObject\",\"inLanguage\":\"hr\",\"@id\":\"https:\\\/\\\/topmedicus.eu\\\/hr\\\/izdelek\\\/allergika-lipolotio-urea-10-vrlo-suha-gruba-ljusteca-koza\\\/#primaryimage\",\"url\":\"https:\\\/\\\/topmedicus.eu\\\/wp-content\\\/uploads\\\/2025\\\/02\\\/ALLERGIKA-Lipolotio-urea-10-600x600-1.jpg\",\"contentUrl\":\"https:\\\/\\\/topmedicus.eu\\\/wp-content\\\/uploads\\\/2025\\\/02\\\/ALLERGIKA-Lipolotio-urea-10-600x600-1.jpg\",\"width\":600,\"height\":600},{\"@type\":\"BreadcrumbList\",\"@id\":\"https:\\\/\\\/topmedicus.eu\\\/hr\\\/izdelek\\\/allergika-lipolotio-urea-10-vrlo-suha-gruba-ljusteca-koza\\\/#breadcrumb\",\"itemListElement\":[{\"@type\":\"ListItem\",\"position\":1,\"name\":\"Home\",\"item\":\"https:\\\/\\\/topmedicus.eu\\\/hr\\\/domaca-stranica\\\/\"},{\"@type\":\"ListItem\",\"position\":2,\"name\":\"Shop\",\"item\":\"https:\\\/\\\/topmedicus.eu\\\/shop\\\/\"},{\"@type\":\"ListItem\",\"position\":3,\"name\":\"ALLERGIKA Lipolotio Urea 10 %, 200 ml &#8211; vrlo suha, gruba, lju\u0161te\u0107a ko\u017ea\"}]},{\"@type\":\"WebSite\",\"@id\":\"https:\\\/\\\/topmedicus.eu\\\/en\\\/#website\",\"url\":\"https:\\\/\\\/topmedicus.eu\\\/en\\\/\",\"name\":\"Topmedicus HR\",\"description\":\"Prehranska dopolnila in dermatolo\u0161ka kozmetika\",\"potentialAction\":[{\"@type\":\"SearchAction\",\"target\":{\"@type\":\"EntryPoint\",\"urlTemplate\":\"https:\\\/\\\/topmedicus.eu\\\/en\\\/?s={search_term_string}\"},\"query-input\":{\"@type\":\"PropertyValueSpecification\",\"valueRequired\":true,\"valueName\":\"search_term_string\"}}],\"inLanguage\":\"hr\"}]}<\/script>\n<!-- \/ Yoast SEO plugin. -->","yoast_head_json":{"title":"ALLERGIKA Lipolotio Urea 10 %, 200 ml - vrlo suha, gruba, lju\u0161te\u0107a ko\u017ea - Topmedicus HR","description":"Vrlo bogata intenzivna dermatolo\u0161ka njega za tijelo kod vrlo suhe, vrlo grube, lju\u0161te\u0107e i svrbe\u0107e ko\u017ee, npr. kod psoriaze, pilarne keratoze i ihtioze.","robots":{"index":"index","follow":"follow","max-snippet":"max-snippet:-1","max-image-preview":"max-image-preview:large","max-video-preview":"max-video-preview:-1"},"canonical":"https:\/\/topmedicus.eu\/hr\/izdelek\/allergika-lipolotio-urea-10-vrlo-suha-gruba-ljusteca-koza\/","og_locale":"hr_HR","og_type":"article","og_title":"ALLERGIKA Lipolotio Urea 10 %, 200 ml - vrlo suha, gruba, lju\u0161te\u0107a ko\u017ea - Topmedicus HR","og_description":"Vrlo bogata intenzivna dermatolo\u0161ka njega za tijelo kod vrlo suhe, vrlo grube, lju\u0161te\u0107e i svrbe\u0107e ko\u017ee, npr. kod psoriaze, pilarne keratoze i ihtioze.","og_url":"https:\/\/topmedicus.eu\/hr\/izdelek\/allergika-lipolotio-urea-10-vrlo-suha-gruba-ljusteca-koza\/","og_site_name":"Topmedicus HR","article_modified_time":"2025-06-22T16:22:31+00:00","og_image":[{"width":600,"height":600,"url":"https:\/\/topmedicus.eu\/wp-content\/uploads\/2025\/02\/ALLERGIKA-Lipolotio-urea-10-600x600-1.jpg","type":"image\/jpeg"}],"twitter_card":"summary_large_image","twitter_misc":{"Procijenjeno vrijeme \u010ditanja":"3 minute"},"schema":{"@context":"https:\/\/schema.org","@graph":[{"@type":"WebPage","@id":"https:\/\/topmedicus.eu\/hr\/izdelek\/allergika-lipolotio-urea-10-vrlo-suha-gruba-ljusteca-koza\/","url":"https:\/\/topmedicus.eu\/hr\/izdelek\/allergika-lipolotio-urea-10-vrlo-suha-gruba-ljusteca-koza\/","name":"ALLERGIKA Lipolotio Urea 10 %, 200 ml - vrlo suha, gruba, lju\u0161te\u0107a ko\u017ea - Topmedicus HR","isPartOf":{"@id":"https:\/\/topmedicus.eu\/en\/#website"},"primaryImageOfPage":{"@id":"https:\/\/topmedicus.eu\/hr\/izdelek\/allergika-lipolotio-urea-10-vrlo-suha-gruba-ljusteca-koza\/#primaryimage"},"image":{"@id":"https:\/\/topmedicus.eu\/hr\/izdelek\/allergika-lipolotio-urea-10-vrlo-suha-gruba-ljusteca-koza\/#primaryimage"},"thumbnailUrl":"https:\/\/topmedicus.eu\/wp-content\/uploads\/2025\/02\/ALLERGIKA-Lipolotio-urea-10-600x600-1.jpg","datePublished":"2025-04-13T17:40:07+00:00","dateModified":"2025-06-22T16:22:31+00:00","description":"Vrlo bogata intenzivna dermatolo\u0161ka njega za tijelo kod vrlo suhe, vrlo grube, lju\u0161te\u0107e i svrbe\u0107e ko\u017ee, npr. kod psoriaze, pilarne keratoze i ihtioze.","breadcrumb":{"@id":"https:\/\/topmedicus.eu\/hr\/izdelek\/allergika-lipolotio-urea-10-vrlo-suha-gruba-ljusteca-koza\/#breadcrumb"},"inLanguage":"hr","potentialAction":[{"@type":"ReadAction","target":["https:\/\/topmedicus.eu\/hr\/izdelek\/allergika-lipolotio-urea-10-vrlo-suha-gruba-ljusteca-koza\/"]}]},{"@type":"ImageObject","inLanguage":"hr","@id":"https:\/\/topmedicus.eu\/hr\/izdelek\/allergika-lipolotio-urea-10-vrlo-suha-gruba-ljusteca-koza\/#primaryimage","url":"https:\/\/topmedicus.eu\/wp-content\/uploads\/2025\/02\/ALLERGIKA-Lipolotio-urea-10-600x600-1.jpg","contentUrl":"https:\/\/topmedicus.eu\/wp-content\/uploads\/2025\/02\/ALLERGIKA-Lipolotio-urea-10-600x600-1.jpg","width":600,"height":600},{"@type":"BreadcrumbList","@id":"https:\/\/topmedicus.eu\/hr\/izdelek\/allergika-lipolotio-urea-10-vrlo-suha-gruba-ljusteca-koza\/#breadcrumb","itemListElement":[{"@type":"ListItem","position":1,"name":"Home","item":"https:\/\/topmedicus.eu\/hr\/domaca-stranica\/"},{"@type":"ListItem","position":2,"name":"Shop","item":"https:\/\/topmedicus.eu\/shop\/"},{"@type":"ListItem","position":3,"name":"ALLERGIKA Lipolotio Urea 10 %, 200 ml &#8211; vrlo suha, gruba, lju\u0161te\u0107a ko\u017ea"}]},{"@type":"WebSite","@id":"https:\/\/topmedicus.eu\/en\/#website","url":"https:\/\/topmedicus.eu\/en\/","name":"Topmedicus HR","description":"Prehranska dopolnila in dermatolo\u0161ka kozmetika","potentialAction":[{"@type":"SearchAction","target":{"@type":"EntryPoint","urlTemplate":"https:\/\/topmedicus.eu\/en\/?s={search_term_string}"},"query-input":{"@type":"PropertyValueSpecification","valueRequired":true,"valueName":"search_term_string"}}],"inLanguage":"hr"}]}},"jetpack_sharing_enabled":true,"_links":{"self":[{"href":"https:\/\/topmedicus.eu\/hr\/wp-json\/wp\/v2\/product\/6926","targetHints":{"allow":["GET"]}}],"collection":[{"href":"https:\/\/topmedicus.eu\/hr\/wp-json\/wp\/v2\/product"}],"about":[{"href":"https:\/\/topmedicus.eu\/hr\/wp-json\/wp\/v2\/types\/product"}],"replies":[{"embeddable":true,"href":"https:\/\/topmedicus.eu\/hr\/wp-json\/wp\/v2\/comments?post=6926"}],"wp:featuredmedia":[{"embeddable":true,"href":"https:\/\/topmedicus.eu\/hr\/wp-json\/wp\/v2\/media\/6927"}],"wp:attachment":[{"href":"https:\/\/topmedicus.eu\/hr\/wp-json\/wp\/v2\/media?parent=6926"}],"wp:term":[{"taxonomy":"product_brand","embeddable":true,"href":"https:\/\/topmedicus.eu\/hr\/wp-json\/wp\/v2\/product_brand?post=6926"},{"taxonomy":"product_cat","embeddable":true,"href":"https:\/\/topmedicus.eu\/hr\/wp-json\/wp\/v2\/product_cat?post=6926"},{"taxonomy":"product_tag","embeddable":true,"href":"https:\/\/topmedicus.eu\/hr\/wp-json\/wp\/v2\/product_tag?post=6926"},{"taxonomy":"blagovna-znamka","embeddable":true,"href":"https:\/\/topmedicus.eu\/hr\/wp-json\/wp\/v2\/blagovna-znamka?post=6926"}],"curies":[{"name":"wp","href":"https:\/\/api.w.org\/{rel}","templated":true}]}}