{"id":6939,"date":"2025-02-12T22:02:01","date_gmt":"2025-04-14T06:13:51","guid":{"rendered":"https:\/\/topmedicus.eu\/?post_type=product&#038;p=6939"},"modified":"2025-06-22T16:30:16","modified_gmt":"2025-06-22T16:30:16","slug":"allpresan-derma-med-hydro-shower-pjena-za-tusiranje-smirujuc-miris-vrlo-suha-gruba-koza","status":"publish","type":"product","link":"https:\/\/topmedicus.eu\/hr\/izdelek\/allpresan-derma-med-hydro-shower-pjena-za-tusiranje-smirujuc-miris-vrlo-suha-gruba-koza\/","title":{"rendered":"Allpresan derma med HYDRO SHOWER, pjena za tu\u0161iranje, 200 ml, smiruju\u0107 miris &#8211; vrlo suha, gruba ko\u017ea"},"content":{"rendered":"<h3 class=\"\" data-start=\"107\" data-end=\"158\"><strong data-start=\"111\" data-end=\"158\">Hidratantno \u010di\u0161\u0107enje za suhu i hrapavu ko\u017eu<\/strong><\/h3>\n<p class=\"\" data-start=\"160\" data-end=\"539\"><strong data-start=\"160\" data-end=\"196\">Allpresan Derma med HYDRO SHOWER<\/strong> pjena za tu\u0161iranje nje\u017eno \u010disti i njeguje ko\u017eu te \u0161titi od gubitka vlage. Posebno je razvijena za suhu i hrapavu ko\u017eu jer sadr\u017ei hidratantne faktore i dragocjene lipide. Ova pjena za tu\u0161iranje osigurava nje\u017eno \u010di\u0161\u0107enje i intenzivnu njegu cijelog tijela. Umiruju\u0107i miris pretvara tu\u0161iranje u ugodno iskustvo, a ko\u017ea ostaje optimalno njegovana.<\/p>\n<p class=\"\" data-start=\"541\" data-end=\"907\">Vrlo suhoj ko\u017ei nedostaju lipidi i vlaga. Uobi\u010dajeni proizvodi za pranje ne uklanjaju samo ne\u010disto\u0107e, ve\u0107 i lipide iz ko\u017ene barijere, \u0161to dodatno pogor\u0161ava stanje ve\u0107 suhe ko\u017ee. <strong data-start=\"719\" data-end=\"755\">Allpresan Derma med HYDRO SHOWER<\/strong> pjena za tu\u0161iranje nje\u017eno \u010disti suhu ko\u017eu i sadr\u017ei biomimeti\u010dke lipide koji ja\u010daju i stabiliziraju ko\u017enu barijeru, sprje\u010davaju\u0107i daljnji gubitak vlage.<\/p>\n<p class=\"\" data-start=\"909\" data-end=\"1149\">Pjena dodatno sadr\u017ei <strong data-start=\"930\" data-end=\"942\">glicerin<\/strong> i <strong data-start=\"945\" data-end=\"953\">ureu<\/strong> koji vla\u017ee ko\u017eu, dok <strong data-start=\"975\" data-end=\"987\">pantenol<\/strong> i <strong data-start=\"990\" data-end=\"1005\">ulje jojobe<\/strong> djeluju umiruju\u0107e i osiguravaju osje\u0107aj podatne i njegovane ko\u017ee. S umiruju\u0107im mirisom pru\u017ea do\u017eivljaj njege, a ko\u017ea ostaje svje\u017ea i njegovana.<\/p>\n<h3 class=\"\" data-start=\"1156\" data-end=\"1183\"><strong data-start=\"1160\" data-end=\"1183\">Suha i hrapava ko\u017ea<\/strong><\/h3>\n<p class=\"\" data-start=\"1185\" data-end=\"1457\">Suha i hrapava ko\u017ea tijela \u010dest je problem. Karakterizira je manjak vlage i lipida, zbog \u010dega ko\u017ea gubi elasti\u010dnost, postaje hrapava, perutava i ispucana. Osim \u0161to je neugodno, takvo stanje mo\u017ee dovesti do upala i infekcija, budu\u0107i da je za\u0161titna funkcija ko\u017ee oslabljena.<\/p>\n<p class=\"\" data-start=\"1459\" data-end=\"1758\">Zdrava ko\u017ena barijera sprje\u010dava gubitak vlage i prodiranje \u0161tetnih tvari. Njeno o\u0161te\u0107enje mogu uzrokovati faktori poput hladno\u0107e, vjetra, suhog zraka, u\u010destalog pranja i agresivnih sredstava za \u010di\u0161\u0107enje. Kada je barijera naru\u0161ena, stvaraju se pukotine kroz koje vlaga izlazi \u2013 ko\u017ea postaje jo\u0161 su\u0161a.<\/p>\n<h3 class=\"\" data-start=\"1765\" data-end=\"1793\"><strong data-start=\"1769\" data-end=\"1793\">Prednosti proizvoda:<\/strong><\/h3>\n<ul data-start=\"1795\" data-end=\"2439\">\n<li class=\"\" data-start=\"1795\" data-end=\"1917\">\n<p class=\"\" data-start=\"1797\" data-end=\"1917\"><strong data-start=\"1797\" data-end=\"1817\">Vlaga i za\u0161tita:<\/strong> hidratantni faktori i biomimeti\u010dki lipidi hidratiziraju ko\u017eu i podupiru prirodnu za\u0161titnu funkciju.<\/p>\n<\/li>\n<li class=\"\" data-start=\"1918\" data-end=\"2023\">\n<p class=\"\" data-start=\"1920\" data-end=\"2023\"><strong data-start=\"1920\" data-end=\"1940\">Nje\u017eno \u010di\u0161\u0107enje:<\/strong> blago i njeguju\u0107e \u010di\u0161\u0107enje za cijelo tijelo uz umiruju\u0107i miris za ugodno iskustvo.<\/p>\n<\/li>\n<li class=\"\" data-start=\"2024\" data-end=\"2099\">\n<p class=\"\" data-start=\"2026\" data-end=\"2099\"><strong data-start=\"2026\" data-end=\"2045\">Bez isu\u0161ivanja:<\/strong> pa\u017eljivo odabrani sastojci \u010diste ko\u017eu bez isu\u0161ivanja.<\/p>\n<\/li>\n<li class=\"\" data-start=\"2100\" data-end=\"2202\">\n<p class=\"\" data-start=\"2102\" data-end=\"2202\"><strong data-start=\"2102\" data-end=\"2126\">Biomimeti\u010dki lipidi:<\/strong> ja\u010daju i stabiliziraju ko\u017enu barijeru, sprje\u010davaju\u0107i daljnji gubitak vlage.<\/p>\n<\/li>\n<li class=\"\" data-start=\"2203\" data-end=\"2319\">\n<p class=\"\" data-start=\"2205\" data-end=\"2319\"><strong data-start=\"2205\" data-end=\"2230\">Hidratantni sastojci:<\/strong> glicerin, urea, pantenol i ulje jojobe hidratiziraju i njeguju ko\u017eu, \u010dine\u0107i je podatnom.<\/p>\n<\/li>\n<li class=\"\" data-start=\"2320\" data-end=\"2439\">\n<p class=\"\" data-start=\"2322\" data-end=\"2439\"><strong data-start=\"2322\" data-end=\"2355\">Za\u0161tita od vanjskih utjecaja:<\/strong> redovita uporaba \u0161titi od \u0161tetnih okoli\u0161nih \u010dimbenika i ja\u010da prirodnu za\u0161titu ko\u017ee.<\/p>\n<\/li>\n<\/ul>\n<p class=\"\" data-start=\"3287\" data-end=\"3328\"><em>Proizvodi: nsc Pharma GmbH, Njema\u010dka<\/em><\/p>\n","protected":false},"excerpt":{"rendered":"<p><strong>Medicinska njega za suhu, hrapavu i osjetljivu ko\u017eu.<\/strong><\/p>\n<p>Intenzivno hidratizira, ispravi ko\u017enu barijeru, pobolj\u0161a elasti\u010dnost ko\u017ee i sprje\u010dava daljni gubitak vlage.<\/p>\n<p>S smiruju\u0107im mirisom za poseban do\u017eivljaj tu\u0161iranja.<\/p>\n<p>Bez boja i konzervansa.<\/p>\n<p><img decoding=\"async\" class=\"alignnone size-full wp-image-6936\" src=\"https:\/\/topmedicus.eu\/wp-content\/uploads\/2025\/02\/vegan.jpg\" alt=\"\" width=\"100\" height=\"100\" data-mce-src=\"https:\/\/topmedicus.eu\/wp-content\/uploads\/2025\/02\/vegan.jpg\"><\/p>\n","protected":false},"featured_media":6940,"comment_status":"closed","ping_status":"closed","template":"","meta":{"_acf_changed":false},"product_brand":[1005],"product_cat":[660,659,551,553],"product_tag":[630],"blagovna-znamka":[],"class_list":{"0":"post-6939","1":"product","2":"type-product","3":"status-publish","4":"has-post-thumbnail","6":"product_brand-allpresan-hr","7":"product_cat-ciscenje-tijela","8":"product_cat-njega-tijela","9":"product_cat-dermatoloska-kozmetika-hr","10":"product_cat-za-dijabeticare","11":"product_tag-novo-hr","13":"first","14":"instock","15":"featured","16":"taxable","17":"shipping-taxable","18":"purchasable","19":"product-type-simple"},"acf":[],"yoast_head":"<!-- This site is optimized with the Yoast SEO plugin v27.4 - https:\/\/yoast.com\/product\/yoast-seo-wordpress\/ -->\n<title>Allpresan derma med HYDRO SHOWER, pjena za tu\u0161iranje, 200 ml, smiruju\u0107 miris - vrlo suha, gruba ko\u017ea - Topmedicus HR<\/title>\n<meta name=\"description\" content=\"Intenzivna hidratantna njega za suhu ko\u017eu. Ispravi ko\u017enu barijeru. S biomimeti\u010dkim lipidima. Brzo se upije u ko\u017eu - bez masnog filma. Veganska.\" \/>\n<meta name=\"robots\" content=\"index, follow, max-snippet:-1, max-image-preview:large, max-video-preview:-1\" \/>\n<link rel=\"canonical\" href=\"https:\/\/topmedicus.eu\/hr\/izdelek\/allpresan-derma-med-hydro-shower-pjena-za-tusiranje-smirujuc-miris-vrlo-suha-gruba-koza\/\" \/>\n<meta property=\"og:locale\" content=\"hr_HR\" \/>\n<meta property=\"og:type\" content=\"article\" \/>\n<meta property=\"og:title\" content=\"Allpresan derma med HYDRO SHOWER, pjena za tu\u0161iranje, 200 ml, smiruju\u0107 miris - vrlo suha, gruba ko\u017ea - Topmedicus HR\" \/>\n<meta property=\"og:description\" content=\"Intenzivna hidratantna njega za suhu ko\u017eu. Ispravi ko\u017enu barijeru. S biomimeti\u010dkim lipidima. Brzo se upije u ko\u017eu - bez masnog filma. Veganska.\" \/>\n<meta property=\"og:url\" content=\"https:\/\/topmedicus.eu\/hr\/izdelek\/allpresan-derma-med-hydro-shower-pjena-za-tusiranje-smirujuc-miris-vrlo-suha-gruba-koza\/\" \/>\n<meta property=\"og:site_name\" content=\"Topmedicus HR\" \/>\n<meta property=\"article:modified_time\" content=\"2025-06-22T16:30:16+00:00\" \/>\n<meta property=\"og:image\" content=\"https:\/\/topmedicus.eu\/wp-content\/uploads\/2025\/02\/Allpresan-derma-med-HYDRO-pena-za-prhanje-pomirjujoc-vonj-200-ml.jpg\" \/>\n\t<meta property=\"og:image:width\" content=\"845\" \/>\n\t<meta property=\"og:image:height\" content=\"791\" \/>\n\t<meta property=\"og:image:type\" content=\"image\/jpeg\" \/>\n<meta name=\"twitter:card\" content=\"summary_large_image\" \/>\n<meta name=\"twitter:label1\" content=\"Procijenjeno vrijeme \u010ditanja\" \/>\n\t<meta name=\"twitter:data1\" content=\"3 minute\" \/>\n<script type=\"application\/ld+json\" class=\"yoast-schema-graph\">{\"@context\":\"https:\\\/\\\/schema.org\",\"@graph\":[{\"@type\":\"WebPage\",\"@id\":\"https:\\\/\\\/topmedicus.eu\\\/hr\\\/izdelek\\\/allpresan-derma-med-hydro-shower-pjena-za-tusiranje-smirujuc-miris-vrlo-suha-gruba-koza\\\/\",\"url\":\"https:\\\/\\\/topmedicus.eu\\\/hr\\\/izdelek\\\/allpresan-derma-med-hydro-shower-pjena-za-tusiranje-smirujuc-miris-vrlo-suha-gruba-koza\\\/\",\"name\":\"Allpresan derma med HYDRO SHOWER, pjena za tu\u0161iranje, 200 ml, smiruju\u0107 miris - vrlo suha, gruba ko\u017ea - Topmedicus HR\",\"isPartOf\":{\"@id\":\"https:\\\/\\\/topmedicus.eu\\\/en\\\/#website\"},\"primaryImageOfPage\":{\"@id\":\"https:\\\/\\\/topmedicus.eu\\\/hr\\\/izdelek\\\/allpresan-derma-med-hydro-shower-pjena-za-tusiranje-smirujuc-miris-vrlo-suha-gruba-koza\\\/#primaryimage\"},\"image\":{\"@id\":\"https:\\\/\\\/topmedicus.eu\\\/hr\\\/izdelek\\\/allpresan-derma-med-hydro-shower-pjena-za-tusiranje-smirujuc-miris-vrlo-suha-gruba-koza\\\/#primaryimage\"},\"thumbnailUrl\":\"https:\\\/\\\/topmedicus.eu\\\/wp-content\\\/uploads\\\/2025\\\/02\\\/Allpresan-derma-med-HYDRO-pena-za-prhanje-pomirjujoc-vonj-200-ml.jpg\",\"datePublished\":\"2025-04-14T06:13:51+00:00\",\"dateModified\":\"2025-06-22T16:30:16+00:00\",\"description\":\"Intenzivna hidratantna njega za suhu ko\u017eu. Ispravi ko\u017enu barijeru. S biomimeti\u010dkim lipidima. Brzo se upije u ko\u017eu - bez masnog filma. Veganska.\",\"breadcrumb\":{\"@id\":\"https:\\\/\\\/topmedicus.eu\\\/hr\\\/izdelek\\\/allpresan-derma-med-hydro-shower-pjena-za-tusiranje-smirujuc-miris-vrlo-suha-gruba-koza\\\/#breadcrumb\"},\"inLanguage\":\"hr\",\"potentialAction\":[{\"@type\":\"ReadAction\",\"target\":[\"https:\\\/\\\/topmedicus.eu\\\/hr\\\/izdelek\\\/allpresan-derma-med-hydro-shower-pjena-za-tusiranje-smirujuc-miris-vrlo-suha-gruba-koza\\\/\"]}]},{\"@type\":\"ImageObject\",\"inLanguage\":\"hr\",\"@id\":\"https:\\\/\\\/topmedicus.eu\\\/hr\\\/izdelek\\\/allpresan-derma-med-hydro-shower-pjena-za-tusiranje-smirujuc-miris-vrlo-suha-gruba-koza\\\/#primaryimage\",\"url\":\"https:\\\/\\\/topmedicus.eu\\\/wp-content\\\/uploads\\\/2025\\\/02\\\/Allpresan-derma-med-HYDRO-pena-za-prhanje-pomirjujoc-vonj-200-ml.jpg\",\"contentUrl\":\"https:\\\/\\\/topmedicus.eu\\\/wp-content\\\/uploads\\\/2025\\\/02\\\/Allpresan-derma-med-HYDRO-pena-za-prhanje-pomirjujoc-vonj-200-ml.jpg\",\"width\":845,\"height\":791},{\"@type\":\"BreadcrumbList\",\"@id\":\"https:\\\/\\\/topmedicus.eu\\\/hr\\\/izdelek\\\/allpresan-derma-med-hydro-shower-pjena-za-tusiranje-smirujuc-miris-vrlo-suha-gruba-koza\\\/#breadcrumb\",\"itemListElement\":[{\"@type\":\"ListItem\",\"position\":1,\"name\":\"Home\",\"item\":\"https:\\\/\\\/topmedicus.eu\\\/hr\\\/domaca-stranica\\\/\"},{\"@type\":\"ListItem\",\"position\":2,\"name\":\"Shop\",\"item\":\"https:\\\/\\\/topmedicus.eu\\\/shop\\\/\"},{\"@type\":\"ListItem\",\"position\":3,\"name\":\"Allpresan derma med HYDRO SHOWER, pjena za tu\u0161iranje, 200 ml, smiruju\u0107 miris &#8211; vrlo suha, gruba ko\u017ea\"}]},{\"@type\":\"WebSite\",\"@id\":\"https:\\\/\\\/topmedicus.eu\\\/en\\\/#website\",\"url\":\"https:\\\/\\\/topmedicus.eu\\\/en\\\/\",\"name\":\"Topmedicus HR\",\"description\":\"Prehranska dopolnila in dermatolo\u0161ka kozmetika\",\"potentialAction\":[{\"@type\":\"SearchAction\",\"target\":{\"@type\":\"EntryPoint\",\"urlTemplate\":\"https:\\\/\\\/topmedicus.eu\\\/en\\\/?s={search_term_string}\"},\"query-input\":{\"@type\":\"PropertyValueSpecification\",\"valueRequired\":true,\"valueName\":\"search_term_string\"}}],\"inLanguage\":\"hr\"}]}<\/script>\n<!-- \/ Yoast SEO plugin. -->","yoast_head_json":{"title":"Allpresan derma med HYDRO SHOWER, pjena za tu\u0161iranje, 200 ml, smiruju\u0107 miris - vrlo suha, gruba ko\u017ea - Topmedicus HR","description":"Intenzivna hidratantna njega za suhu ko\u017eu. Ispravi ko\u017enu barijeru. S biomimeti\u010dkim lipidima. Brzo se upije u ko\u017eu - bez masnog filma. Veganska.","robots":{"index":"index","follow":"follow","max-snippet":"max-snippet:-1","max-image-preview":"max-image-preview:large","max-video-preview":"max-video-preview:-1"},"canonical":"https:\/\/topmedicus.eu\/hr\/izdelek\/allpresan-derma-med-hydro-shower-pjena-za-tusiranje-smirujuc-miris-vrlo-suha-gruba-koza\/","og_locale":"hr_HR","og_type":"article","og_title":"Allpresan derma med HYDRO SHOWER, pjena za tu\u0161iranje, 200 ml, smiruju\u0107 miris - vrlo suha, gruba ko\u017ea - Topmedicus HR","og_description":"Intenzivna hidratantna njega za suhu ko\u017eu. Ispravi ko\u017enu barijeru. S biomimeti\u010dkim lipidima. Brzo se upije u ko\u017eu - bez masnog filma. Veganska.","og_url":"https:\/\/topmedicus.eu\/hr\/izdelek\/allpresan-derma-med-hydro-shower-pjena-za-tusiranje-smirujuc-miris-vrlo-suha-gruba-koza\/","og_site_name":"Topmedicus HR","article_modified_time":"2025-06-22T16:30:16+00:00","og_image":[{"width":845,"height":791,"url":"https:\/\/topmedicus.eu\/wp-content\/uploads\/2025\/02\/Allpresan-derma-med-HYDRO-pena-za-prhanje-pomirjujoc-vonj-200-ml.jpg","type":"image\/jpeg"}],"twitter_card":"summary_large_image","twitter_misc":{"Procijenjeno vrijeme \u010ditanja":"3 minute"},"schema":{"@context":"https:\/\/schema.org","@graph":[{"@type":"WebPage","@id":"https:\/\/topmedicus.eu\/hr\/izdelek\/allpresan-derma-med-hydro-shower-pjena-za-tusiranje-smirujuc-miris-vrlo-suha-gruba-koza\/","url":"https:\/\/topmedicus.eu\/hr\/izdelek\/allpresan-derma-med-hydro-shower-pjena-za-tusiranje-smirujuc-miris-vrlo-suha-gruba-koza\/","name":"Allpresan derma med HYDRO SHOWER, pjena za tu\u0161iranje, 200 ml, smiruju\u0107 miris - vrlo suha, gruba ko\u017ea - Topmedicus HR","isPartOf":{"@id":"https:\/\/topmedicus.eu\/en\/#website"},"primaryImageOfPage":{"@id":"https:\/\/topmedicus.eu\/hr\/izdelek\/allpresan-derma-med-hydro-shower-pjena-za-tusiranje-smirujuc-miris-vrlo-suha-gruba-koza\/#primaryimage"},"image":{"@id":"https:\/\/topmedicus.eu\/hr\/izdelek\/allpresan-derma-med-hydro-shower-pjena-za-tusiranje-smirujuc-miris-vrlo-suha-gruba-koza\/#primaryimage"},"thumbnailUrl":"https:\/\/topmedicus.eu\/wp-content\/uploads\/2025\/02\/Allpresan-derma-med-HYDRO-pena-za-prhanje-pomirjujoc-vonj-200-ml.jpg","datePublished":"2025-04-14T06:13:51+00:00","dateModified":"2025-06-22T16:30:16+00:00","description":"Intenzivna hidratantna njega za suhu ko\u017eu. Ispravi ko\u017enu barijeru. S biomimeti\u010dkim lipidima. Brzo se upije u ko\u017eu - bez masnog filma. Veganska.","breadcrumb":{"@id":"https:\/\/topmedicus.eu\/hr\/izdelek\/allpresan-derma-med-hydro-shower-pjena-za-tusiranje-smirujuc-miris-vrlo-suha-gruba-koza\/#breadcrumb"},"inLanguage":"hr","potentialAction":[{"@type":"ReadAction","target":["https:\/\/topmedicus.eu\/hr\/izdelek\/allpresan-derma-med-hydro-shower-pjena-za-tusiranje-smirujuc-miris-vrlo-suha-gruba-koza\/"]}]},{"@type":"ImageObject","inLanguage":"hr","@id":"https:\/\/topmedicus.eu\/hr\/izdelek\/allpresan-derma-med-hydro-shower-pjena-za-tusiranje-smirujuc-miris-vrlo-suha-gruba-koza\/#primaryimage","url":"https:\/\/topmedicus.eu\/wp-content\/uploads\/2025\/02\/Allpresan-derma-med-HYDRO-pena-za-prhanje-pomirjujoc-vonj-200-ml.jpg","contentUrl":"https:\/\/topmedicus.eu\/wp-content\/uploads\/2025\/02\/Allpresan-derma-med-HYDRO-pena-za-prhanje-pomirjujoc-vonj-200-ml.jpg","width":845,"height":791},{"@type":"BreadcrumbList","@id":"https:\/\/topmedicus.eu\/hr\/izdelek\/allpresan-derma-med-hydro-shower-pjena-za-tusiranje-smirujuc-miris-vrlo-suha-gruba-koza\/#breadcrumb","itemListElement":[{"@type":"ListItem","position":1,"name":"Home","item":"https:\/\/topmedicus.eu\/hr\/domaca-stranica\/"},{"@type":"ListItem","position":2,"name":"Shop","item":"https:\/\/topmedicus.eu\/shop\/"},{"@type":"ListItem","position":3,"name":"Allpresan derma med HYDRO SHOWER, pjena za tu\u0161iranje, 200 ml, smiruju\u0107 miris &#8211; vrlo suha, gruba ko\u017ea"}]},{"@type":"WebSite","@id":"https:\/\/topmedicus.eu\/en\/#website","url":"https:\/\/topmedicus.eu\/en\/","name":"Topmedicus HR","description":"Prehranska dopolnila in dermatolo\u0161ka kozmetika","potentialAction":[{"@type":"SearchAction","target":{"@type":"EntryPoint","urlTemplate":"https:\/\/topmedicus.eu\/en\/?s={search_term_string}"},"query-input":{"@type":"PropertyValueSpecification","valueRequired":true,"valueName":"search_term_string"}}],"inLanguage":"hr"}]}},"jetpack_sharing_enabled":true,"_links":{"self":[{"href":"https:\/\/topmedicus.eu\/hr\/wp-json\/wp\/v2\/product\/6939","targetHints":{"allow":["GET"]}}],"collection":[{"href":"https:\/\/topmedicus.eu\/hr\/wp-json\/wp\/v2\/product"}],"about":[{"href":"https:\/\/topmedicus.eu\/hr\/wp-json\/wp\/v2\/types\/product"}],"replies":[{"embeddable":true,"href":"https:\/\/topmedicus.eu\/hr\/wp-json\/wp\/v2\/comments?post=6939"}],"wp:featuredmedia":[{"embeddable":true,"href":"https:\/\/topmedicus.eu\/hr\/wp-json\/wp\/v2\/media\/6940"}],"wp:attachment":[{"href":"https:\/\/topmedicus.eu\/hr\/wp-json\/wp\/v2\/media?parent=6939"}],"wp:term":[{"taxonomy":"product_brand","embeddable":true,"href":"https:\/\/topmedicus.eu\/hr\/wp-json\/wp\/v2\/product_brand?post=6939"},{"taxonomy":"product_cat","embeddable":true,"href":"https:\/\/topmedicus.eu\/hr\/wp-json\/wp\/v2\/product_cat?post=6939"},{"taxonomy":"product_tag","embeddable":true,"href":"https:\/\/topmedicus.eu\/hr\/wp-json\/wp\/v2\/product_tag?post=6939"},{"taxonomy":"blagovna-znamka","embeddable":true,"href":"https:\/\/topmedicus.eu\/hr\/wp-json\/wp\/v2\/blagovna-znamka?post=6939"}],"curies":[{"name":"wp","href":"https:\/\/api.w.org\/{rel}","templated":true}]}}