{"id":6943,"date":"2025-02-12T22:02:01","date_gmt":"2025-04-14T06:44:15","guid":{"rendered":"https:\/\/topmedicus.eu\/?post_type=product&#038;p=6943"},"modified":"2026-04-25T16:26:27","modified_gmt":"2026-04-25T16:26:27","slug":"allpresan-derma-med-psoriatix-intenzivna-njega-kremna-pjena-repair-200-ml","status":"publish","type":"product","link":"https:\/\/topmedicus.eu\/hr\/izdelek\/allpresan-derma-med-psoriatix-intenzivna-njega-kremna-pjena-repair-200-ml\/","title":{"rendered":"Psorijaza Allpresan derma med PSORIATIX INTENZIVNA NJEGA, kremna pjena Repair, 200 ml"},"content":{"rendered":"<h3 data-start=\"0\" data-end=\"48\">UMIRUJU\u0106A I HIDRATANTNA NJEGA KOD PSORIJAZE<\/h3>\n<p data-start=\"52\" data-end=\"444\">Allpresan derma med <strong data-start=\"72\" data-end=\"102\">PSORIATIX INTENZIVNA NJEGA<\/strong>, kremasta pjena Repair, razvijena je posebno za nje\u017eno otapanje ljuski i plakova kod psorijaze. Ova kremasta pjena umiruje, njeguje i regenerira ko\u017eu. Idealna je za vrlo suhu, ljuskavu ko\u017eu s osje\u0107ajem zatezanja. Zahvaljuju\u0107i inovativnoj pjenastoj teksturi, iznimno je nje\u017ena za nano\u0161enje, brzo se upija i ne ostavlja neugodan mastan film.<\/p>\n<p data-start=\"448\" data-end=\"682\">Visok udio glicerina omogu\u0107uje nje\u017eno otapanje ljuski, dok niacinamid umiruje svrbe\u017e i nadra\u017eenu ko\u017eu. Pantenol djeluje hidratantno, a biomimeti\u010dki lipidi zatvaraju praznine u lipidnom filmu ko\u017ee i sprje\u010davaju daljnji gubitak vlage.<\/p>\n<h3 data-start=\"695\" data-end=\"710\">Psorijaza<\/h3>\n<p data-start=\"712\" data-end=\"1016\">Psorijaza (ljuskavica) kroni\u010dna je upalna bolest ko\u017ee koju karakteriziraju ljuskanje, izrazita suho\u0107a, upala i intenzivan svrbe\u017e. Ubrzano stvaranje ljuski posljedica je upalnog procesa zbog kojeg organizam proizvodi prekomjernu koli\u010dinu stanica ko\u017ee. Zbog toga nastaju karakteristi\u010dne ljuske i plakovi.<\/p>\n<p data-start=\"1020\" data-end=\"1439\">Allpresan derma med PSORIATIX INTENZIVNA NJEGA, kremasta pjena Repair, razvijena je kao prate\u0107a terapijska njega i podr\u0161ka regeneraciji ko\u017ee kod psorijaze. Visok udio glicerina omogu\u0107uje nje\u017eno uklanjanje ljuski bez dodatnog optere\u0107enja ve\u0107 nadra\u017eene ko\u017ee. Niacinamid umiruje svrbe\u017e i upalne procese, dok pantenol dodatno hidratizira. Biomimeti\u010dki lipidi obnavljaju ko\u017enu barijeru i sprje\u010davaju daljnji gubitak vlage.<\/p>\n<p data-start=\"1443\" data-end=\"1532\">Cilj lije\u010denja psorijaze usmjeren je na smanjenje plakova, ubla\u017eavanje upale i svrbe\u017ea.<\/p>\n<p data-start=\"1536\" data-end=\"1705\">Redovita primjena Allpresan derma med PSORIATIX INTENZIVNA NJEGA, kremaste pjene Repair, podr\u017eava te ciljeve i poma\u017ee da ko\u017ea ponovno postane mek\u0161a, gla\u0111a i otpornija.<\/p>\n<h3 data-start=\"1718\" data-end=\"1743\">Prednosti proizvoda<\/h3>\n<ul>\n<li data-start=\"1749\" data-end=\"1889\"><strong data-start=\"1749\" data-end=\"1780\">Nje\u017ena njega kod psorijaze:<\/strong> razvijena za nje\u017eno otapanje ljuski i plakova, bez dodatne iritacije. Prikladna i za primjenu na vlasi\u0161tu.<\/li>\n<li data-start=\"1749\" data-end=\"1889\"><strong data-start=\"1893\" data-end=\"1918\">Umiruje i regenerira:<\/strong> njeguje ko\u017eu, smanjuje svrbe\u017e te regenerira suhu, zategnutu i ljuskavu ko\u017eu.<\/li>\n<li data-start=\"1749\" data-end=\"1889\"><strong data-start=\"2001\" data-end=\"2025\">Inovativna tekstura:<\/strong> lako se nanosi, brzo upija, ne ostavlja mastan film ni tragove na odje\u0107i.<\/li>\n<li data-start=\"1749\" data-end=\"1889\"><strong data-start=\"2105\" data-end=\"2131\">Glicerin i niacinamid:<\/strong> glicerin nje\u017eno uklanja ljuske, niacinamid smanjuje upalne procese.<\/li>\n<li data-start=\"1749\" data-end=\"1889\"><strong data-start=\"2205\" data-end=\"2229\">Biomimeti\u010dki lipidi:<\/strong> obnavljaju ko\u017enu barijeru i sprje\u010davaju gubitak vlage.<\/li>\n<li data-start=\"1749\" data-end=\"1889\"><strong data-start=\"2290\" data-end=\"2303\">Pantenol:<\/strong> hidratizira, umiruje i pobolj\u0161ava sposobnost ko\u017ee za zadr\u017eavanje vlage.<\/li>\n<li data-start=\"1749\" data-end=\"1889\"><strong data-start=\"2381\" data-end=\"2409\">Smanjuje upalu i svrbe\u017e:<\/strong> sadr\u017ei sastojke s protuupalnim svojstvima za ko\u017eu sklonu svrbe\u017eu.<\/li>\n<li data-start=\"1749\" data-end=\"1889\"><strong data-start=\"2481\" data-end=\"2509\">Vrlo ekonomi\u010dna uporaba:<\/strong> pove\u0107ava volumen \u2013 mala koli\u010dina dovoljna je za veliku povr\u0161inu ko\u017ee.<\/li>\n<\/ul>\n<p data-start=\"2585\" data-end=\"2709\"><strong data-start=\"2585\" data-end=\"2604\">Va\u017eni sastojci:<\/strong> glicerin | pantenol | niacinamid | karite maslac | ceramidi | skvalan | lecitin | alantoin | vitamin E<\/p>\n<hr data-start=\"2713\" data-end=\"2718\" \/>\n<h4 data-start=\"2722\" data-end=\"2747\">Biomimeti\u010dki lipidi<\/h4>\n<p data-start=\"2749\" data-end=\"2958\">Ko\u017ei srodni lipidi imaju sli\u010dnu strukturu kao prirodni lipidi ko\u017ee. Popunjavaju praznine u o\u0161te\u0107enoj lipidnoj barijeri poput precizno uklopljenih dijelova slagalice te tako obnavljaju za\u0161titnu funkciju ko\u017ee.<\/p>\n<h4 data-start=\"2962\" data-end=\"2978\">Niacinamid<\/h4>\n<p data-start=\"2980\" data-end=\"3122\">Niacinamid (vitamin B3) dobro se podnosi kod osoba s psorijazom. Umiruje nadra\u017eenu ko\u017eu, ja\u010da ko\u017enu barijeru i pru\u017ea intenzivnu hidrataciju.<\/p>\n<h4 data-start=\"3126\" data-end=\"3140\">Glicerin<\/h4>\n<p data-start=\"3142\" data-end=\"3295\">Glicerin je prirodni sastojak prirodnih \u010dimbenika vla\u017eenja ko\u017ee (NMF). Ve\u017ee vlagu, pobolj\u0161ava elasti\u010dnost ko\u017ee i stabilizira njezinu za\u0161titnu funkciju.<\/p>\n<p data-start=\"3299\" data-end=\"3336\" data-is-last-node=\"\" data-is-only-node=\"\"><em>Proizvo\u0111a\u010d: nsc Pharma GmbH, Njema\u010dka<\/em><\/p>\n","protected":false},"excerpt":{"rendered":"<h4 data-start=\"0\" data-end=\"74\">Medicinska, indiferentna njega za ko\u017eu kakva je kod psorijaze (ljuskavice).<\/h4>\n<p data-start=\"78\" data-end=\"253\">Nje\u017eno otapa ljuske i plakove te umiruje ko\u017eu. Djeluje intenzivno hidratantno. S biomimeti\u010dkim lipidima koji obnavljaju ko\u017enu barijeru i sprje\u010davaju daljnje isu\u0161ivanje ko\u017ee.<\/p>\n<ul>\n<li data-start=\"257\" data-end=\"491\">Prikladna i za primjenu na vlasi\u0161tu.<\/li>\n<li data-start=\"257\" data-end=\"491\">Vrlo brzo se upija, bez masnog filma \u2013 odmah nakon nano\u0161enja mo\u017eete se odjenuti.<\/li>\n<li data-start=\"257\" data-end=\"491\">Kremasta pjena za iznimno ugodno i nje\u017eno nano\u0161enje.<\/li>\n<li data-start=\"257\" data-end=\"491\">Bez mirisa, bojila i konzervansa.<\/li>\n<li data-start=\"257\" data-end=\"491\">Veganska formula.<\/li>\n<\/ul>\n","protected":false},"featured_media":6945,"comment_status":"closed","ping_status":"closed","template":"","meta":{"_acf_changed":false},"product_brand":[1710],"product_cat":[551,575],"product_tag":[],"blagovna-znamka":[],"class_list":{"0":"post-6943","1":"product","2":"type-product","3":"status-publish","4":"has-post-thumbnail","6":"product_brand-allpresan","7":"product_cat-dermatoloska-kozmetika-hr","8":"product_cat-luskavica-hr","10":"first","11":"instock","12":"featured","13":"taxable","14":"shipping-taxable","15":"purchasable","16":"product-type-simple"},"acf":[],"yoast_head":"<!-- This site is optimized with the Yoast SEO plugin v27.5 - https:\/\/yoast.com\/product\/yoast-seo-wordpress\/ -->\n<title>Psorijaza Allpresan derma med PSORIATIX INTENZIVNA NJEGA, kremna pjena Repair, 200 ml - Topmedicus HR<\/title>\n<meta name=\"description\" content=\"Nje\u017eno otapa ljuske i plake, njeguje i regenerira ko\u017eu kod psorijaze. Odmah se upije - bez masnog filma. Veganska. Preporu\u010duju dermatolozi.\" \/>\n<meta name=\"robots\" content=\"index, follow, max-snippet:-1, max-image-preview:large, max-video-preview:-1\" \/>\n<link rel=\"canonical\" href=\"https:\/\/topmedicus.eu\/hr\/izdelek\/allpresan-derma-med-psoriatix-intenzivna-njega-kremna-pjena-repair-200-ml\/\" \/>\n<meta property=\"og:locale\" content=\"hr_HR\" \/>\n<meta property=\"og:type\" content=\"article\" \/>\n<meta property=\"og:title\" content=\"Psorijaza Allpresan derma med PSORIATIX INTENZIVNA NJEGA, kremna pjena Repair, 200 ml - Topmedicus HR\" \/>\n<meta property=\"og:description\" content=\"Nje\u017eno otapa ljuske i plake, njeguje i regenerira ko\u017eu kod psorijaze. Odmah se upije - bez masnog filma. Veganska. Preporu\u010duju dermatolozi.\" \/>\n<meta property=\"og:url\" content=\"https:\/\/topmedicus.eu\/hr\/izdelek\/allpresan-derma-med-psoriatix-intenzivna-njega-kremna-pjena-repair-200-ml\/\" \/>\n<meta property=\"og:site_name\" content=\"Topmedicus HR\" \/>\n<meta property=\"article:modified_time\" content=\"2026-04-25T16:26:27+00:00\" \/>\n<meta property=\"og:image\" content=\"https:\/\/topmedicus.eu\/wp-content\/uploads\/2025\/02\/Allpresan-derma-med-PSORIATIX-intenzivna-nega-200-ml.jpg\" \/>\n\t<meta property=\"og:image:width\" content=\"845\" \/>\n\t<meta property=\"og:image:height\" content=\"791\" \/>\n\t<meta property=\"og:image:type\" content=\"image\/jpeg\" \/>\n<meta name=\"twitter:card\" content=\"summary_large_image\" \/>\n<meta name=\"twitter:label1\" content=\"Procijenjeno vrijeme \u010ditanja\" \/>\n\t<meta name=\"twitter:data1\" content=\"3 minute\" \/>\n<script type=\"application\/ld+json\" class=\"yoast-schema-graph\">{\"@context\":\"https:\\\/\\\/schema.org\",\"@graph\":[{\"@type\":\"WebPage\",\"@id\":\"https:\\\/\\\/topmedicus.eu\\\/hr\\\/izdelek\\\/allpresan-derma-med-psoriatix-intenzivna-njega-kremna-pjena-repair-200-ml\\\/\",\"url\":\"https:\\\/\\\/topmedicus.eu\\\/hr\\\/izdelek\\\/allpresan-derma-med-psoriatix-intenzivna-njega-kremna-pjena-repair-200-ml\\\/\",\"name\":\"Psorijaza Allpresan derma med PSORIATIX INTENZIVNA NJEGA, kremna pjena Repair, 200 ml - Topmedicus HR\",\"isPartOf\":{\"@id\":\"https:\\\/\\\/topmedicus.eu\\\/en\\\/#website\"},\"primaryImageOfPage\":{\"@id\":\"https:\\\/\\\/topmedicus.eu\\\/hr\\\/izdelek\\\/allpresan-derma-med-psoriatix-intenzivna-njega-kremna-pjena-repair-200-ml\\\/#primaryimage\"},\"image\":{\"@id\":\"https:\\\/\\\/topmedicus.eu\\\/hr\\\/izdelek\\\/allpresan-derma-med-psoriatix-intenzivna-njega-kremna-pjena-repair-200-ml\\\/#primaryimage\"},\"thumbnailUrl\":\"https:\\\/\\\/topmedicus.eu\\\/wp-content\\\/uploads\\\/2025\\\/02\\\/Allpresan-derma-med-PSORIATIX-intenzivna-nega-200-ml.jpg\",\"datePublished\":\"2025-04-14T06:44:15+00:00\",\"dateModified\":\"2026-04-25T16:26:27+00:00\",\"description\":\"Nje\u017eno otapa ljuske i plake, njeguje i regenerira ko\u017eu kod psorijaze. Odmah se upije - bez masnog filma. Veganska. Preporu\u010duju dermatolozi.\",\"breadcrumb\":{\"@id\":\"https:\\\/\\\/topmedicus.eu\\\/hr\\\/izdelek\\\/allpresan-derma-med-psoriatix-intenzivna-njega-kremna-pjena-repair-200-ml\\\/#breadcrumb\"},\"inLanguage\":\"hr\",\"potentialAction\":[{\"@type\":\"ReadAction\",\"target\":[\"https:\\\/\\\/topmedicus.eu\\\/hr\\\/izdelek\\\/allpresan-derma-med-psoriatix-intenzivna-njega-kremna-pjena-repair-200-ml\\\/\"]}]},{\"@type\":\"ImageObject\",\"inLanguage\":\"hr\",\"@id\":\"https:\\\/\\\/topmedicus.eu\\\/hr\\\/izdelek\\\/allpresan-derma-med-psoriatix-intenzivna-njega-kremna-pjena-repair-200-ml\\\/#primaryimage\",\"url\":\"https:\\\/\\\/topmedicus.eu\\\/wp-content\\\/uploads\\\/2025\\\/02\\\/Allpresan-derma-med-PSORIATIX-intenzivna-nega-200-ml.jpg\",\"contentUrl\":\"https:\\\/\\\/topmedicus.eu\\\/wp-content\\\/uploads\\\/2025\\\/02\\\/Allpresan-derma-med-PSORIATIX-intenzivna-nega-200-ml.jpg\",\"width\":845,\"height\":791},{\"@type\":\"BreadcrumbList\",\"@id\":\"https:\\\/\\\/topmedicus.eu\\\/hr\\\/izdelek\\\/allpresan-derma-med-psoriatix-intenzivna-njega-kremna-pjena-repair-200-ml\\\/#breadcrumb\",\"itemListElement\":[{\"@type\":\"ListItem\",\"position\":1,\"name\":\"Home\",\"item\":\"https:\\\/\\\/topmedicus.eu\\\/hr\\\/domaca-stranica\\\/\"},{\"@type\":\"ListItem\",\"position\":2,\"name\":\"Shop\",\"item\":\"https:\\\/\\\/topmedicus.eu\\\/shop\\\/\"},{\"@type\":\"ListItem\",\"position\":3,\"name\":\"Psorijaza Allpresan derma med PSORIATIX INTENZIVNA NJEGA, kremna pjena Repair, 200 ml\"}]},{\"@type\":\"WebSite\",\"@id\":\"https:\\\/\\\/topmedicus.eu\\\/en\\\/#website\",\"url\":\"https:\\\/\\\/topmedicus.eu\\\/en\\\/\",\"name\":\"Topmedicus HR\",\"description\":\"Prehranska dopolnila in dermatolo\u0161ka kozmetika\",\"potentialAction\":[{\"@type\":\"SearchAction\",\"target\":{\"@type\":\"EntryPoint\",\"urlTemplate\":\"https:\\\/\\\/topmedicus.eu\\\/en\\\/?s={search_term_string}\"},\"query-input\":{\"@type\":\"PropertyValueSpecification\",\"valueRequired\":true,\"valueName\":\"search_term_string\"}}],\"inLanguage\":\"hr\"}]}<\/script>\n<!-- \/ Yoast SEO plugin. -->","yoast_head_json":{"title":"Psorijaza Allpresan derma med PSORIATIX INTENZIVNA NJEGA, kremna pjena Repair, 200 ml - Topmedicus HR","description":"Nje\u017eno otapa ljuske i plake, njeguje i regenerira ko\u017eu kod psorijaze. Odmah se upije - bez masnog filma. Veganska. Preporu\u010duju dermatolozi.","robots":{"index":"index","follow":"follow","max-snippet":"max-snippet:-1","max-image-preview":"max-image-preview:large","max-video-preview":"max-video-preview:-1"},"canonical":"https:\/\/topmedicus.eu\/hr\/izdelek\/allpresan-derma-med-psoriatix-intenzivna-njega-kremna-pjena-repair-200-ml\/","og_locale":"hr_HR","og_type":"article","og_title":"Psorijaza Allpresan derma med PSORIATIX INTENZIVNA NJEGA, kremna pjena Repair, 200 ml - Topmedicus HR","og_description":"Nje\u017eno otapa ljuske i plake, njeguje i regenerira ko\u017eu kod psorijaze. Odmah se upije - bez masnog filma. Veganska. Preporu\u010duju dermatolozi.","og_url":"https:\/\/topmedicus.eu\/hr\/izdelek\/allpresan-derma-med-psoriatix-intenzivna-njega-kremna-pjena-repair-200-ml\/","og_site_name":"Topmedicus HR","article_modified_time":"2026-04-25T16:26:27+00:00","og_image":[{"width":845,"height":791,"url":"https:\/\/topmedicus.eu\/wp-content\/uploads\/2025\/02\/Allpresan-derma-med-PSORIATIX-intenzivna-nega-200-ml.jpg","type":"image\/jpeg"}],"twitter_card":"summary_large_image","twitter_misc":{"Procijenjeno vrijeme \u010ditanja":"3 minute"},"schema":{"@context":"https:\/\/schema.org","@graph":[{"@type":"WebPage","@id":"https:\/\/topmedicus.eu\/hr\/izdelek\/allpresan-derma-med-psoriatix-intenzivna-njega-kremna-pjena-repair-200-ml\/","url":"https:\/\/topmedicus.eu\/hr\/izdelek\/allpresan-derma-med-psoriatix-intenzivna-njega-kremna-pjena-repair-200-ml\/","name":"Psorijaza Allpresan derma med PSORIATIX INTENZIVNA NJEGA, kremna pjena Repair, 200 ml - Topmedicus HR","isPartOf":{"@id":"https:\/\/topmedicus.eu\/en\/#website"},"primaryImageOfPage":{"@id":"https:\/\/topmedicus.eu\/hr\/izdelek\/allpresan-derma-med-psoriatix-intenzivna-njega-kremna-pjena-repair-200-ml\/#primaryimage"},"image":{"@id":"https:\/\/topmedicus.eu\/hr\/izdelek\/allpresan-derma-med-psoriatix-intenzivna-njega-kremna-pjena-repair-200-ml\/#primaryimage"},"thumbnailUrl":"https:\/\/topmedicus.eu\/wp-content\/uploads\/2025\/02\/Allpresan-derma-med-PSORIATIX-intenzivna-nega-200-ml.jpg","datePublished":"2025-04-14T06:44:15+00:00","dateModified":"2026-04-25T16:26:27+00:00","description":"Nje\u017eno otapa ljuske i plake, njeguje i regenerira ko\u017eu kod psorijaze. Odmah se upije - bez masnog filma. Veganska. Preporu\u010duju dermatolozi.","breadcrumb":{"@id":"https:\/\/topmedicus.eu\/hr\/izdelek\/allpresan-derma-med-psoriatix-intenzivna-njega-kremna-pjena-repair-200-ml\/#breadcrumb"},"inLanguage":"hr","potentialAction":[{"@type":"ReadAction","target":["https:\/\/topmedicus.eu\/hr\/izdelek\/allpresan-derma-med-psoriatix-intenzivna-njega-kremna-pjena-repair-200-ml\/"]}]},{"@type":"ImageObject","inLanguage":"hr","@id":"https:\/\/topmedicus.eu\/hr\/izdelek\/allpresan-derma-med-psoriatix-intenzivna-njega-kremna-pjena-repair-200-ml\/#primaryimage","url":"https:\/\/topmedicus.eu\/wp-content\/uploads\/2025\/02\/Allpresan-derma-med-PSORIATIX-intenzivna-nega-200-ml.jpg","contentUrl":"https:\/\/topmedicus.eu\/wp-content\/uploads\/2025\/02\/Allpresan-derma-med-PSORIATIX-intenzivna-nega-200-ml.jpg","width":845,"height":791},{"@type":"BreadcrumbList","@id":"https:\/\/topmedicus.eu\/hr\/izdelek\/allpresan-derma-med-psoriatix-intenzivna-njega-kremna-pjena-repair-200-ml\/#breadcrumb","itemListElement":[{"@type":"ListItem","position":1,"name":"Home","item":"https:\/\/topmedicus.eu\/hr\/domaca-stranica\/"},{"@type":"ListItem","position":2,"name":"Shop","item":"https:\/\/topmedicus.eu\/shop\/"},{"@type":"ListItem","position":3,"name":"Psorijaza Allpresan derma med PSORIATIX INTENZIVNA NJEGA, kremna pjena Repair, 200 ml"}]},{"@type":"WebSite","@id":"https:\/\/topmedicus.eu\/en\/#website","url":"https:\/\/topmedicus.eu\/en\/","name":"Topmedicus HR","description":"Prehranska dopolnila in dermatolo\u0161ka kozmetika","potentialAction":[{"@type":"SearchAction","target":{"@type":"EntryPoint","urlTemplate":"https:\/\/topmedicus.eu\/en\/?s={search_term_string}"},"query-input":{"@type":"PropertyValueSpecification","valueRequired":true,"valueName":"search_term_string"}}],"inLanguage":"hr"}]}},"jetpack_sharing_enabled":true,"_links":{"self":[{"href":"https:\/\/topmedicus.eu\/hr\/wp-json\/wp\/v2\/product\/6943","targetHints":{"allow":["GET"]}}],"collection":[{"href":"https:\/\/topmedicus.eu\/hr\/wp-json\/wp\/v2\/product"}],"about":[{"href":"https:\/\/topmedicus.eu\/hr\/wp-json\/wp\/v2\/types\/product"}],"replies":[{"embeddable":true,"href":"https:\/\/topmedicus.eu\/hr\/wp-json\/wp\/v2\/comments?post=6943"}],"wp:featuredmedia":[{"embeddable":true,"href":"https:\/\/topmedicus.eu\/hr\/wp-json\/wp\/v2\/media\/6945"}],"wp:attachment":[{"href":"https:\/\/topmedicus.eu\/hr\/wp-json\/wp\/v2\/media?parent=6943"}],"wp:term":[{"taxonomy":"product_brand","embeddable":true,"href":"https:\/\/topmedicus.eu\/hr\/wp-json\/wp\/v2\/product_brand?post=6943"},{"taxonomy":"product_cat","embeddable":true,"href":"https:\/\/topmedicus.eu\/hr\/wp-json\/wp\/v2\/product_cat?post=6943"},{"taxonomy":"product_tag","embeddable":true,"href":"https:\/\/topmedicus.eu\/hr\/wp-json\/wp\/v2\/product_tag?post=6943"},{"taxonomy":"blagovna-znamka","embeddable":true,"href":"https:\/\/topmedicus.eu\/hr\/wp-json\/wp\/v2\/blagovna-znamka?post=6943"}],"curies":[{"name":"wp","href":"https:\/\/api.w.org\/{rel}","templated":true}]}}