{"id":7029,"date":"2025-02-12T22:02:01","date_gmt":"2025-02-12T22:02:01","guid":{"rendered":"https:\/\/topmedicus.eu\/izdelek\/allpresan-derma-med-hydro-intenzivna-njega-kremna-pjena-repair-200-ml-smitujuc-miris-vrlo-suha-hrapava-koza\/"},"modified":"2025-06-22T16:33:07","modified_gmt":"2025-06-22T16:33:07","slug":"allpresan-derma-med-hydro-intenzivna-njega-kremna-pjena-repair-200-ml-smitujuc-miris-vrlo-suha-hrapava-koza","status":"publish","type":"product","link":"https:\/\/topmedicus.eu\/hr\/izdelek\/allpresan-derma-med-hydro-intenzivna-njega-kremna-pjena-repair-200-ml-smitujuc-miris-vrlo-suha-hrapava-koza\/","title":{"rendered":"Allpresan derma med HYDRO INTENZIVNA NJEGA, kremna pjena Repair, 200 ml &#8211; smituju\u010d miris &#8211; vrlo suha, hrapava ko\u017ea"},"content":{"rendered":"<h3 class=\"\" data-start=\"48\" data-end=\"71\">Suha i gruba ko\u017ea<\/h3>\n<p class=\"\" data-start=\"72\" data-end=\"394\">Suha i gruba ko\u017ea tijela vrlo je \u010dest problem. Karakterizira ju nedostatak vlage i lipida. Kao posljedica toga, ko\u017ea gubi elasti\u010dnost i podatnost, postaje gruba, lju\u0161te\u0107a i raspucana. Takvo stanje ko\u017ee neugodno je i mo\u017ee dovesti do dodatnih problema poput upala i infekcija jer je za\u0161titna funkcija ko\u017ene barijere oslabljena.<\/p>\n<p class=\"\" data-start=\"396\" data-end=\"796\">Zdrava ko\u017ena barijera sprje\u010dava gubitak vlage iz ko\u017ee i prodor \u0161tetnih tvari u ko\u017eu. Razli\u010diti \u010dimbenici mogu o\u0161tetiti ko\u017enu barijeru. Me\u0111u njih spadaju okoli\u0161ni utjecaji poput hladno\u0107e, vjetra i suhog zraka, ali i \u010desto pranje te kontakt s agresivnim sredstvima za \u010di\u0161\u0107enje. Kada je ko\u017ena barijera o\u0161te\u0107ena, nastaju pukotine u lipidnom sloju. Kroz te pukotine vlaga isparava i ko\u017ea postaje jo\u0161 su\u0161a.<\/p>\n<h3 class=\"\" data-start=\"798\" data-end=\"862\">Dubinski u\u010dinkovita hidratantna njega za suhu i grubu ko\u017eu<\/h3>\n<p class=\"\" data-start=\"863\" data-end=\"1154\">Allpresan Derma med HYDRO INTENZIVNA NJEGA, kremna pjena Repair, s smiruju\u0107im mirisom, intenzivno hidratizira suhu i grubu ko\u017eu, opskrbljuje je lipidima te doprinosi dugotrajnom pobolj\u0161anju stanja ko\u017ee. Dubinski hidratizira, obnavlja ko\u017enu barijeru i \u0161titi ko\u017eu od daljnjeg gubitka vlage.<\/p>\n<p class=\"\" data-start=\"1156\" data-end=\"1288\">Ova krema pjena pogodna je za njegu ko\u017ee cijelog tijela i predstavlja cjelovito rje\u0161enje za ko\u017eu koja gubi elasti\u010dnost i podatnost.<\/p>\n<p class=\"\" data-start=\"1290\" data-end=\"1436\">Sadr\u017ei biomimeti\u010dke lipide koji dokazano zatvaraju pukotine u lipidnom sloju ko\u017ee. Obnavlja ko\u017enu barijeru i tako sprje\u010dava daljnji gubitak vlage.<\/p>\n<h3 class=\"\" data-start=\"1438\" data-end=\"1460\">Klju\u010dne prednosti:<\/h3>\n<ul>\n<li data-start=\"1463\" data-end=\"1579\"><strong data-start=\"1463\" data-end=\"1487\">Dubinska hidratacija<\/strong>: intenzivno vla\u017ei ko\u017eu i \u0161titi od isu\u0161ivanja. Posebno razvijena za njegu suhe i grube ko\u017ee.<\/li>\n<li data-start=\"1582\" data-end=\"1657\"><strong data-start=\"1582\" data-end=\"1606\">Njega cijelog tijela<\/strong>: pogodna za svakodnevnu njegu ko\u017ee cijelog tijela.<\/li>\n<li data-start=\"1660\" data-end=\"1767\"><strong data-start=\"1660\" data-end=\"1684\">Prevencija suhe ko\u017ee<\/strong>: intenzivno opskrbljuje ko\u017eu vlagom i lipidima te u\u010dinkovito smanjuje suho\u0107u ko\u017ee.<\/li>\n<li data-start=\"1770\" data-end=\"1857\"><strong data-start=\"1770\" data-end=\"1793\">Biomimeti\u010dki lipidi<\/strong>: obnavljaju ko\u017enu barijeru i sprje\u010davaju daljnji gubitak vlage.<\/li>\n<li data-start=\"1860\" data-end=\"1970\"><strong data-start=\"1860\" data-end=\"1892\">Dodatni hidratantni sastojci<\/strong>: sadr\u017ei pantenol i ureu koji vidljivo pobolj\u0161avaju elasti\u010dnost i meko\u0107u ko\u017ee.<\/li>\n<li data-start=\"1973\" data-end=\"2078\"><strong data-start=\"1973\" data-end=\"2005\">Za\u0161tita od vanjskih utjecaja<\/strong>: ja\u010da ko\u017enu barijeru i \u010dini ko\u017eu otpornijom na \u0161tetne vanjske \u010dimbenike.<\/li>\n<li data-start=\"2081\" data-end=\"2184\"><strong data-start=\"2081\" data-end=\"2099\">Va\u017eni sastojci<\/strong>: urea (8 %), karite maslac, glicerin, ceramidi, skvalan, alantoin, lecitin, vitamin E.<\/li>\n<li data-start=\"2081\" data-end=\"2184\"><strong data-start=\"2187\" data-end=\"2209\">Iznimno u\u010dinkovita<\/strong>: pjena pove\u0107ava volumen do deset puta \u2013 mala koli\u010dina dovoljna je za veliku povr\u0161inu ko\u017ee.<\/li>\n<\/ul>\n<p class=\"\" data-start=\"3511\" data-end=\"3552\"><em>Proizvodi: nsc Pharma GmbH, Njema\u010dka<\/em><\/p>\n","protected":false},"excerpt":{"rendered":"<p><strong>Medicinska njega za suhu, grubu i osjetljivu ko\u017eu<\/strong><\/p>\n<p>Intenzivno hidratizira, ispavi ko\u017enu barijeru, pobolj\u0161a elasti\u010dnost ko\u017ee i \u0161titi od daljnjeg isu\u0161ivanja ko\u017ee.<\/p>\n<p>Brzo se upije, bez masnog filma; odmah nakon nanosa mo\u017eete se obu\u0107i.<\/p>\n<p>U pjeni &#8211; za iznimno ugodno i nje\u017eno nano\u0161enje.<\/p>\n<p>Bez boja i konzervansa.<\/p>\n<p><img decoding=\"async\" src=\"https:\/\/www.allpremed.com\/data\/logos\/vegan.jpg\" alt=\"100% vegan\" data-mce-src=\"https:\/\/www.allpremed.com\/data\/logos\/vegan.jpg\"><\/p>\n","protected":false},"featured_media":7030,"comment_status":"closed","ping_status":"closed","template":"","meta":{"_acf_changed":false},"product_brand":[1005],"product_cat":[659,551,553],"product_tag":[630],"blagovna-znamka":[],"class_list":{"0":"post-7029","1":"product","2":"type-product","3":"status-publish","4":"has-post-thumbnail","6":"product_brand-allpresan-hr","7":"product_cat-njega-tijela","8":"product_cat-dermatoloska-kozmetika-hr","9":"product_cat-za-dijabeticare","10":"product_tag-novo-hr","12":"first","13":"instock","14":"featured","15":"taxable","16":"shipping-taxable","17":"purchasable","18":"product-type-simple"},"acf":[],"yoast_head":"<!-- This site is optimized with the Yoast SEO plugin v27.4 - https:\/\/yoast.com\/product\/yoast-seo-wordpress\/ -->\n<title>Allpresan derma med HYDRO INTENZIVNA NJEGA, kremna pjena Repair, 200 ml - smituju\u010d miris - vrlo suha, hrapava ko\u017ea - Topmedicus HR<\/title>\n<meta name=\"description\" content=\"Intenzivno hidratizira i ispravi ko\u017enu barijeru. S biomimeti\u010dkim lipidima. Odmah se upije - bez masnog filma. Veganska. Preporu\u010duju dermatolozi.\" \/>\n<meta name=\"robots\" content=\"index, follow, max-snippet:-1, max-image-preview:large, max-video-preview:-1\" \/>\n<link rel=\"canonical\" href=\"https:\/\/topmedicus.eu\/hr\/izdelek\/allpresan-derma-med-hydro-intenzivna-njega-kremna-pjena-repair-200-ml-smitujuc-miris-vrlo-suha-hrapava-koza\/\" \/>\n<meta property=\"og:locale\" content=\"hr_HR\" \/>\n<meta property=\"og:type\" content=\"article\" \/>\n<meta property=\"og:title\" content=\"Allpresan derma med HYDRO INTENZIVNA NJEGA, kremna pjena Repair, 200 ml - smituju\u010d miris - vrlo suha, hrapava ko\u017ea - Topmedicus HR\" \/>\n<meta property=\"og:description\" content=\"Intenzivno hidratizira i ispravi ko\u017enu barijeru. S biomimeti\u010dkim lipidima. Odmah se upije - bez masnog filma. Veganska. Preporu\u010duju dermatolozi.\" \/>\n<meta property=\"og:url\" content=\"https:\/\/topmedicus.eu\/hr\/izdelek\/allpresan-derma-med-hydro-intenzivna-njega-kremna-pjena-repair-200-ml-smitujuc-miris-vrlo-suha-hrapava-koza\/\" \/>\n<meta property=\"og:site_name\" content=\"Topmedicus HR\" \/>\n<meta property=\"article:modified_time\" content=\"2025-06-22T16:33:07+00:00\" \/>\n<meta property=\"og:image\" content=\"https:\/\/topmedicus.eu\/wp-content\/uploads\/2025\/02\/Allpresan-derma-med-HYDRO-intenzivna-nega-pomirjujoc-vonj-200-ml.jpg\" \/>\n\t<meta property=\"og:image:width\" content=\"845\" \/>\n\t<meta property=\"og:image:height\" content=\"791\" \/>\n\t<meta property=\"og:image:type\" content=\"image\/jpeg\" \/>\n<meta name=\"twitter:card\" content=\"summary_large_image\" \/>\n<meta name=\"twitter:label1\" content=\"Procijenjeno vrijeme \u010ditanja\" \/>\n\t<meta name=\"twitter:data1\" content=\"2 minute\" \/>\n<script type=\"application\/ld+json\" class=\"yoast-schema-graph\">{\"@context\":\"https:\\\/\\\/schema.org\",\"@graph\":[{\"@type\":\"WebPage\",\"@id\":\"https:\\\/\\\/topmedicus.eu\\\/hr\\\/izdelek\\\/allpresan-derma-med-hydro-intenzivna-njega-kremna-pjena-repair-200-ml-smitujuc-miris-vrlo-suha-hrapava-koza\\\/\",\"url\":\"https:\\\/\\\/topmedicus.eu\\\/hr\\\/izdelek\\\/allpresan-derma-med-hydro-intenzivna-njega-kremna-pjena-repair-200-ml-smitujuc-miris-vrlo-suha-hrapava-koza\\\/\",\"name\":\"Allpresan derma med HYDRO INTENZIVNA NJEGA, kremna pjena Repair, 200 ml - smituju\u010d miris - vrlo suha, hrapava ko\u017ea - Topmedicus HR\",\"isPartOf\":{\"@id\":\"https:\\\/\\\/topmedicus.eu\\\/en\\\/#website\"},\"primaryImageOfPage\":{\"@id\":\"https:\\\/\\\/topmedicus.eu\\\/hr\\\/izdelek\\\/allpresan-derma-med-hydro-intenzivna-njega-kremna-pjena-repair-200-ml-smitujuc-miris-vrlo-suha-hrapava-koza\\\/#primaryimage\"},\"image\":{\"@id\":\"https:\\\/\\\/topmedicus.eu\\\/hr\\\/izdelek\\\/allpresan-derma-med-hydro-intenzivna-njega-kremna-pjena-repair-200-ml-smitujuc-miris-vrlo-suha-hrapava-koza\\\/#primaryimage\"},\"thumbnailUrl\":\"https:\\\/\\\/topmedicus.eu\\\/wp-content\\\/uploads\\\/2025\\\/02\\\/Allpresan-derma-med-HYDRO-intenzivna-nega-pomirjujoc-vonj-200-ml.jpg\",\"datePublished\":\"2025-02-12T22:02:01+00:00\",\"dateModified\":\"2025-06-22T16:33:07+00:00\",\"description\":\"Intenzivno hidratizira i ispravi ko\u017enu barijeru. S biomimeti\u010dkim lipidima. Odmah se upije - bez masnog filma. Veganska. Preporu\u010duju dermatolozi.\",\"breadcrumb\":{\"@id\":\"https:\\\/\\\/topmedicus.eu\\\/hr\\\/izdelek\\\/allpresan-derma-med-hydro-intenzivna-njega-kremna-pjena-repair-200-ml-smitujuc-miris-vrlo-suha-hrapava-koza\\\/#breadcrumb\"},\"inLanguage\":\"hr\",\"potentialAction\":[{\"@type\":\"ReadAction\",\"target\":[\"https:\\\/\\\/topmedicus.eu\\\/hr\\\/izdelek\\\/allpresan-derma-med-hydro-intenzivna-njega-kremna-pjena-repair-200-ml-smitujuc-miris-vrlo-suha-hrapava-koza\\\/\"]}]},{\"@type\":\"ImageObject\",\"inLanguage\":\"hr\",\"@id\":\"https:\\\/\\\/topmedicus.eu\\\/hr\\\/izdelek\\\/allpresan-derma-med-hydro-intenzivna-njega-kremna-pjena-repair-200-ml-smitujuc-miris-vrlo-suha-hrapava-koza\\\/#primaryimage\",\"url\":\"https:\\\/\\\/topmedicus.eu\\\/wp-content\\\/uploads\\\/2025\\\/02\\\/Allpresan-derma-med-HYDRO-intenzivna-nega-pomirjujoc-vonj-200-ml.jpg\",\"contentUrl\":\"https:\\\/\\\/topmedicus.eu\\\/wp-content\\\/uploads\\\/2025\\\/02\\\/Allpresan-derma-med-HYDRO-intenzivna-nega-pomirjujoc-vonj-200-ml.jpg\",\"width\":845,\"height\":791},{\"@type\":\"BreadcrumbList\",\"@id\":\"https:\\\/\\\/topmedicus.eu\\\/hr\\\/izdelek\\\/allpresan-derma-med-hydro-intenzivna-njega-kremna-pjena-repair-200-ml-smitujuc-miris-vrlo-suha-hrapava-koza\\\/#breadcrumb\",\"itemListElement\":[{\"@type\":\"ListItem\",\"position\":1,\"name\":\"Home\",\"item\":\"https:\\\/\\\/topmedicus.eu\\\/hr\\\/domaca-stranica\\\/\"},{\"@type\":\"ListItem\",\"position\":2,\"name\":\"Shop\",\"item\":\"https:\\\/\\\/topmedicus.eu\\\/shop\\\/\"},{\"@type\":\"ListItem\",\"position\":3,\"name\":\"Allpresan derma med HYDRO INTENZIVNA NJEGA, kremna pjena Repair, 200 ml &#8211; smituju\u010d miris &#8211; vrlo suha, hrapava ko\u017ea\"}]},{\"@type\":\"WebSite\",\"@id\":\"https:\\\/\\\/topmedicus.eu\\\/en\\\/#website\",\"url\":\"https:\\\/\\\/topmedicus.eu\\\/en\\\/\",\"name\":\"Topmedicus HR\",\"description\":\"Prehranska dopolnila in dermatolo\u0161ka kozmetika\",\"potentialAction\":[{\"@type\":\"SearchAction\",\"target\":{\"@type\":\"EntryPoint\",\"urlTemplate\":\"https:\\\/\\\/topmedicus.eu\\\/en\\\/?s={search_term_string}\"},\"query-input\":{\"@type\":\"PropertyValueSpecification\",\"valueRequired\":true,\"valueName\":\"search_term_string\"}}],\"inLanguage\":\"hr\"}]}<\/script>\n<!-- \/ Yoast SEO plugin. -->","yoast_head_json":{"title":"Allpresan derma med HYDRO INTENZIVNA NJEGA, kremna pjena Repair, 200 ml - smituju\u010d miris - vrlo suha, hrapava ko\u017ea - Topmedicus HR","description":"Intenzivno hidratizira i ispravi ko\u017enu barijeru. S biomimeti\u010dkim lipidima. Odmah se upije - bez masnog filma. Veganska. Preporu\u010duju dermatolozi.","robots":{"index":"index","follow":"follow","max-snippet":"max-snippet:-1","max-image-preview":"max-image-preview:large","max-video-preview":"max-video-preview:-1"},"canonical":"https:\/\/topmedicus.eu\/hr\/izdelek\/allpresan-derma-med-hydro-intenzivna-njega-kremna-pjena-repair-200-ml-smitujuc-miris-vrlo-suha-hrapava-koza\/","og_locale":"hr_HR","og_type":"article","og_title":"Allpresan derma med HYDRO INTENZIVNA NJEGA, kremna pjena Repair, 200 ml - smituju\u010d miris - vrlo suha, hrapava ko\u017ea - Topmedicus HR","og_description":"Intenzivno hidratizira i ispravi ko\u017enu barijeru. S biomimeti\u010dkim lipidima. Odmah se upije - bez masnog filma. Veganska. Preporu\u010duju dermatolozi.","og_url":"https:\/\/topmedicus.eu\/hr\/izdelek\/allpresan-derma-med-hydro-intenzivna-njega-kremna-pjena-repair-200-ml-smitujuc-miris-vrlo-suha-hrapava-koza\/","og_site_name":"Topmedicus HR","article_modified_time":"2025-06-22T16:33:07+00:00","og_image":[{"width":845,"height":791,"url":"https:\/\/topmedicus.eu\/wp-content\/uploads\/2025\/02\/Allpresan-derma-med-HYDRO-intenzivna-nega-pomirjujoc-vonj-200-ml.jpg","type":"image\/jpeg"}],"twitter_card":"summary_large_image","twitter_misc":{"Procijenjeno vrijeme \u010ditanja":"2 minute"},"schema":{"@context":"https:\/\/schema.org","@graph":[{"@type":"WebPage","@id":"https:\/\/topmedicus.eu\/hr\/izdelek\/allpresan-derma-med-hydro-intenzivna-njega-kremna-pjena-repair-200-ml-smitujuc-miris-vrlo-suha-hrapava-koza\/","url":"https:\/\/topmedicus.eu\/hr\/izdelek\/allpresan-derma-med-hydro-intenzivna-njega-kremna-pjena-repair-200-ml-smitujuc-miris-vrlo-suha-hrapava-koza\/","name":"Allpresan derma med HYDRO INTENZIVNA NJEGA, kremna pjena Repair, 200 ml - smituju\u010d miris - vrlo suha, hrapava ko\u017ea - Topmedicus HR","isPartOf":{"@id":"https:\/\/topmedicus.eu\/en\/#website"},"primaryImageOfPage":{"@id":"https:\/\/topmedicus.eu\/hr\/izdelek\/allpresan-derma-med-hydro-intenzivna-njega-kremna-pjena-repair-200-ml-smitujuc-miris-vrlo-suha-hrapava-koza\/#primaryimage"},"image":{"@id":"https:\/\/topmedicus.eu\/hr\/izdelek\/allpresan-derma-med-hydro-intenzivna-njega-kremna-pjena-repair-200-ml-smitujuc-miris-vrlo-suha-hrapava-koza\/#primaryimage"},"thumbnailUrl":"https:\/\/topmedicus.eu\/wp-content\/uploads\/2025\/02\/Allpresan-derma-med-HYDRO-intenzivna-nega-pomirjujoc-vonj-200-ml.jpg","datePublished":"2025-02-12T22:02:01+00:00","dateModified":"2025-06-22T16:33:07+00:00","description":"Intenzivno hidratizira i ispravi ko\u017enu barijeru. S biomimeti\u010dkim lipidima. Odmah se upije - bez masnog filma. Veganska. Preporu\u010duju dermatolozi.","breadcrumb":{"@id":"https:\/\/topmedicus.eu\/hr\/izdelek\/allpresan-derma-med-hydro-intenzivna-njega-kremna-pjena-repair-200-ml-smitujuc-miris-vrlo-suha-hrapava-koza\/#breadcrumb"},"inLanguage":"hr","potentialAction":[{"@type":"ReadAction","target":["https:\/\/topmedicus.eu\/hr\/izdelek\/allpresan-derma-med-hydro-intenzivna-njega-kremna-pjena-repair-200-ml-smitujuc-miris-vrlo-suha-hrapava-koza\/"]}]},{"@type":"ImageObject","inLanguage":"hr","@id":"https:\/\/topmedicus.eu\/hr\/izdelek\/allpresan-derma-med-hydro-intenzivna-njega-kremna-pjena-repair-200-ml-smitujuc-miris-vrlo-suha-hrapava-koza\/#primaryimage","url":"https:\/\/topmedicus.eu\/wp-content\/uploads\/2025\/02\/Allpresan-derma-med-HYDRO-intenzivna-nega-pomirjujoc-vonj-200-ml.jpg","contentUrl":"https:\/\/topmedicus.eu\/wp-content\/uploads\/2025\/02\/Allpresan-derma-med-HYDRO-intenzivna-nega-pomirjujoc-vonj-200-ml.jpg","width":845,"height":791},{"@type":"BreadcrumbList","@id":"https:\/\/topmedicus.eu\/hr\/izdelek\/allpresan-derma-med-hydro-intenzivna-njega-kremna-pjena-repair-200-ml-smitujuc-miris-vrlo-suha-hrapava-koza\/#breadcrumb","itemListElement":[{"@type":"ListItem","position":1,"name":"Home","item":"https:\/\/topmedicus.eu\/hr\/domaca-stranica\/"},{"@type":"ListItem","position":2,"name":"Shop","item":"https:\/\/topmedicus.eu\/shop\/"},{"@type":"ListItem","position":3,"name":"Allpresan derma med HYDRO INTENZIVNA NJEGA, kremna pjena Repair, 200 ml &#8211; smituju\u010d miris &#8211; vrlo suha, hrapava ko\u017ea"}]},{"@type":"WebSite","@id":"https:\/\/topmedicus.eu\/en\/#website","url":"https:\/\/topmedicus.eu\/en\/","name":"Topmedicus HR","description":"Prehranska dopolnila in dermatolo\u0161ka kozmetika","potentialAction":[{"@type":"SearchAction","target":{"@type":"EntryPoint","urlTemplate":"https:\/\/topmedicus.eu\/en\/?s={search_term_string}"},"query-input":{"@type":"PropertyValueSpecification","valueRequired":true,"valueName":"search_term_string"}}],"inLanguage":"hr"}]}},"jetpack_sharing_enabled":true,"_links":{"self":[{"href":"https:\/\/topmedicus.eu\/hr\/wp-json\/wp\/v2\/product\/7029","targetHints":{"allow":["GET"]}}],"collection":[{"href":"https:\/\/topmedicus.eu\/hr\/wp-json\/wp\/v2\/product"}],"about":[{"href":"https:\/\/topmedicus.eu\/hr\/wp-json\/wp\/v2\/types\/product"}],"replies":[{"embeddable":true,"href":"https:\/\/topmedicus.eu\/hr\/wp-json\/wp\/v2\/comments?post=7029"}],"wp:featuredmedia":[{"embeddable":true,"href":"https:\/\/topmedicus.eu\/hr\/wp-json\/wp\/v2\/media\/7030"}],"wp:attachment":[{"href":"https:\/\/topmedicus.eu\/hr\/wp-json\/wp\/v2\/media?parent=7029"}],"wp:term":[{"taxonomy":"product_brand","embeddable":true,"href":"https:\/\/topmedicus.eu\/hr\/wp-json\/wp\/v2\/product_brand?post=7029"},{"taxonomy":"product_cat","embeddable":true,"href":"https:\/\/topmedicus.eu\/hr\/wp-json\/wp\/v2\/product_cat?post=7029"},{"taxonomy":"product_tag","embeddable":true,"href":"https:\/\/topmedicus.eu\/hr\/wp-json\/wp\/v2\/product_tag?post=7029"},{"taxonomy":"blagovna-znamka","embeddable":true,"href":"https:\/\/topmedicus.eu\/hr\/wp-json\/wp\/v2\/blagovna-znamka?post=7029"}],"curies":[{"name":"wp","href":"https:\/\/api.w.org\/{rel}","templated":true}]}}